{"id":19605,"date":"2025-04-07T06:57:03","date_gmt":"2025-04-07T06:57:03","guid":{"rendered":"https:\/\/www.hydraulic-cylinders.net\/product\/boom-cylinder-for-volwa-small-excavator-dls815-9\/"},"modified":"2025-04-07T06:57:05","modified_gmt":"2025-04-07T06:57:05","slug":"boom-cylinder-for-volwa-small-excavator-dls815-9","status":"publish","type":"product","link":"https:\/\/www.hydraulic-cylinders.net\/pl\/produkt\/boom-cylinder-for-volwa-small-excavator-dls815-9\/","title":{"rendered":"Si\u0142ownik wysi\u0119gnika do ma\u0142ej koparki Volwa DLS815-9"},"content":{"rendered":"<h1>Si\u0142ownik wysi\u0119gnika do ma\u0142ej koparki Volwa DLS815-9<\/h1>\n<h2>Wprowadzenie do cylindr\u00f3w wysi\u0119gnika<\/h2>\n<p>Si\u0142ownik wysi\u0119gnika jest kluczowym elementem uk\u0142ad\u00f3w hydraulicznych, szczeg\u00f3lnie w ci\u0119\u017ckich maszynach, takich jak koparki, koparko-\u0142adowarki i \u0142adowarki czo\u0142owe. Ten si\u0142ownik hydrauliczny steruje ruchem ramienia wysi\u0119gnika, umo\u017cliwiaj\u0105c jego podnoszenie, opuszczanie i przechylanie, u\u0142atwiaj\u0105c tym samym r\u00f3\u017cnorodne zadania zwi\u0105zane z prze\u0142adunkiem materia\u0142\u00f3w. Si\u0142ownik \u0142y\u017cki zosta\u0142 specjalnie zaprojektowany do sterowania prac\u0105 \u0142y\u017cki zamocowanej do tych maszyn. Dzia\u0142a on wydajnie w warunkach wysokiego ci\u015bnienia i jest niezb\u0119dny do zada\u0144 takich jak kopanie, podnoszenie i przemieszczanie materia\u0142\u00f3w, takich jak gleba czy gruz.<\/p>\n<p><img decoding=\"async\" src=\"https:\/\/www.hydraulic-cylinders.net\/wp-content\/uploads\/2025\/04\/songte-company-1.webp\" alt=\"Si\u0142ownik wysi\u0119gnika\"><\/p>\n<h2>G\u0142\u00f3wne cechy cylindra wysi\u0119gnika<\/h2>\n<ul>\n<li><strong>Wysoka wytrzyma\u0142o\u015b\u0107 i trwa\u0142o\u015b\u0107:<\/strong> Wykonany z wytrzyma\u0142ej stali lub aluminium cylinder wytrzymuje du\u017ce ci\u015bnienie i du\u017ce obci\u0105\u017cenia, dzi\u0119ki czemu nadaje si\u0119 do pracy w trudnych warunkach.<\/li>\n<li><strong>Wydajna praca uk\u0142adu hydraulicznego:<\/strong> Wykorzystuje ci\u015bnienie oleju hydraulicznego, aby zapewni\u0107 p\u0142ynne wysuwanie i wsuwanie, szybko reaguje na polecenia steruj\u0105ce, jednocze\u015bnie zapewniaj\u0105c znaczn\u0105 si\u0142\u0119 pchania i ci\u0105gni\u0119cia.<\/li>\n<li><strong>R\u00f3\u017cne typy:<\/strong> Dost\u0119pne w konfiguracjach jednostronnego lub dwustronnego dzia\u0142ania, aby sprosta\u0107 r\u00f3\u017cnym potrzebom operacyjnym. Niekt\u00f3re modele s\u0105 teleskopowe, co pozwala na wi\u0119ksze wyd\u0142u\u017cenie bez zwi\u0119kszania wymiar\u00f3w zewn\u0119trznych.<\/li>\n<li><strong>Konstrukcja \u0142atwa w konserwacji:<\/strong> Zaprojektowane z my\u015bl\u0105 o \u0142atwej konserwacji, co gwarantuje trwa\u0142o\u015b\u0107 i niezawodno\u015b\u0107 dzia\u0142ania.<\/li>\n<li><strong>Odporno\u015b\u0107 na korozj\u0119:<\/strong> W celu ochrony przed rdz\u0105 i zu\u017cyciem stosuje si\u0119 specjalne pow\u0142oki, wyd\u0142u\u017caj\u0105ce \u017cywotno\u015b\u0107 cylindra hydraulicznego.<\/li>\n<\/ul>\n<p>Nasza firma specjalizuje si\u0119 w produkcji si\u0142ownik\u00f3w wysi\u0119gnika, kt\u00f3re doskonale zast\u0119puj\u0105 istniej\u0105ce si\u0142owniki hydrauliczne w r\u00f3\u017cnorodnych zastosowaniach.<\/p>\n<p><img decoding=\"async\" src=\"https:\/\/www.hydraulic-cylinders.net\/wp-content\/uploads\/2025\/04\/songte-cylinder-head-with-all-kinds-excavator-models.webp\" alt=\"Modele koparek\"><\/p>\n<h2>Zastosowania cylindr\u00f3w wysi\u0119gnika<\/h2>\n<h3>Sprz\u0119t budowlany<\/h3>\n<p>W koparkach si\u0142owniki wysi\u0119gnika s\u0105 niezb\u0119dne do kopania, za\u0142adunku i przemieszczania gleby lub gruzu. Precyzyjna kontrola, jak\u0105 zapewniaj\u0105, pozwala operatorom wykonywa\u0107 zadania z du\u017c\u0105 dok\u0142adno\u015bci\u0105, zwi\u0119kszaj\u0105c og\u00f3ln\u0105 wydajno\u015b\u0107 na placach budowy. Ponadto, w koparko-\u0142adowarkach si\u0142owniki te wspomagaj\u0105 zar\u00f3wno prace ziemne, jak i podnoszenie, co czyni je nieocenionymi w wszechstronnych zastosowaniach budowlanych.<\/p>\n<h3>Maszyny rolnicze<\/h3>\n<p>W \u0142adowarkach czo\u0142owych si\u0142owniki wysi\u0119gnika s\u0142u\u017c\u0105 do nabierania, podnoszenia i transportu gleby, siana i innych materia\u0142\u00f3w. Ich solidna konstrukcja gwarantuje, \u017ce wytrzymuj\u0105 obci\u0105\u017cenia wyst\u0119puj\u0105ce w pracach rolniczych, zapewniaj\u0105c niezawodn\u0105 prac\u0119 w zadaniach kluczowych dla dzia\u0142alno\u015bci rolniczej. Mo\u017cliwo\u015b\u0107 sprawnego zarz\u0105dzania transportem materia\u0142\u00f3w poprawia og\u00f3ln\u0105 wydajno\u015b\u0107 gospodarstwa i efektywno\u015b\u0107 operacyjn\u0105.<\/p>\n<h3>Koparki<\/h3>\n<p>W koparkach si\u0142ownik wysi\u0119gnika umo\u017cliwia zag\u0142\u0119bianie si\u0119 \u0142y\u017cki w gleb\u0119, co usprawnia kopanie. Precyzyjny uk\u0142ad hydrauliczny zapewnia kontrol\u0119 g\u0142\u0119boko\u015bci i precyzj\u0119, co jest niezb\u0119dne w projektach budowlanych i ogrodniczych, gdzie detale maj\u0105 kluczowe znaczenie. Szybko\u015b\u0107 reakcji si\u0142ownika wysi\u0119gnika zwi\u0119ksza kontrol\u0119 operatora nad maszyn\u0105, co przek\u0142ada si\u0119 na lepsze rezultaty prac ziemnych.<\/p>\n<h3>\u0141adowarki<\/h3>\n<p>W \u0142adowarkach czo\u0142owych si\u0142owniki wysi\u0119gnika wspomagaj\u0105 efektywne podnoszenie i opr\u00f3\u017cnianie \u0142adunk\u00f3w. Zapewniaj\u0105 one niezb\u0119dn\u0105 si\u0142\u0119 do podnoszenia ci\u0119\u017ckich materia\u0142\u00f3w, umo\u017cliwiaj\u0105c operatorom sprawne wykonywanie zada\u0144, takich jak za\u0142adunek ci\u0119\u017car\u00f3wek czy przemieszczanie materia\u0142\u00f3w na placu budowy. Ich trwa\u0142o\u015b\u0107 i niezawodno\u015b\u0107 sprawiaj\u0105, \u017ce s\u0105 one niezb\u0119dnym elementem w r\u00f3\u017cnych zastosowaniach zwi\u0105zanych z za\u0142adunkiem.<\/p>\n<h2>Zagadnienia projektowe i kryteria wyboru<\/h2>\n<h3>No\u015bno\u015b\u0107<\/h3>\n<p>Przy wyborze si\u0142ownika wysi\u0119gnika kluczowe znaczenie ma zrozumienie jego ud\u017awigu. Si\u0142ownik musi by\u0107 w stanie wytrzyma\u0107 maksymalne obci\u0105\u017cenie spodziewane podczas pracy, bez uszczerbku dla bezpiecze\u0144stwa. Producenci cz\u0119sto udost\u0119pniaj\u0105 szczeg\u00f3\u0142owe specyfikacje, aby pom\u00f3c u\u017cytkownikom dopasowa\u0107 si\u0142ownik do posiadanych maszyn, zapewniaj\u0105c, \u017ce spe\u0142nia on wymagania danego zadania.<\/p>\n<h3>Mechanizmy uszczelniaj\u0105ce<\/h3>\n<p>Skuteczne uszczelnienie ma kluczowe znaczenie dla trwa\u0142o\u015bci i wydajno\u015bci si\u0142ownik\u00f3w hydraulicznych. Wyb\u00f3r uszczelnie\u0144, takich jak uszczelnienia t\u0142ok\u00f3w i t\u0142oczysk, musi uwzgl\u0119dnia\u0107 warunki pracy. Uszczelnienia wykonane z trwa\u0142ych materia\u0142\u00f3w, takich jak poliuretan lub kauczuk nitrylowy, poprawiaj\u0105 wydajno\u015b\u0107 i zmniejszaj\u0105 potrzeb\u0119 konserwacji, a jednocze\u015bnie zapobiegaj\u0105 wyciekom p\u0142yn\u00f3w, kt\u00f3re mog\u0105 prowadzi\u0107 do problem\u00f3w z wydajno\u015bci\u0105.<\/p>\n<h3>Trwa\u0142o\u015b\u0107<\/h3>\n<p>Trwa\u0142o\u015b\u0107 jest kluczowym czynnikiem w projektowaniu si\u0142ownik\u00f3w wysi\u0119gnika. Musz\u0105 one wytrzyma\u0107 trudne warunki \u015brodowiskowe i zu\u017cycie zwi\u0105zane z intensywnym u\u017cytkowaniem. Producenci koncentruj\u0105 si\u0119 na tworzeniu si\u0142ownik\u00f3w o wysokiej odporno\u015bci na zu\u017cycie, pow\u0142okach antykorozyjnych i solidnej konstrukcji, aby zapewni\u0107 d\u0142ug\u0105 \u017cywotno\u015b\u0107 i minimalne przestoje podczas pracy.<\/p>\n<h3>Funkcje bezpiecze\u0144stwa<\/h3>\n<p>Bezpiecze\u0144stwo jest priorytetem w uk\u0142adach hydraulicznych. Cylindry musz\u0105 by\u0107 wyposa\u017cone w takie elementy jak zawory bezpiecze\u0144stwa, aby zapobiega\u0107 przeci\u0105\u017ceniom i potencjalnym awariom. Ponadto solidna konstrukcja i dba\u0142o\u015b\u0107 o szczeg\u00f3\u0142y projektu pomagaj\u0105 zapobiega\u0107 wypadkom i zapewniaj\u0105 niezawodn\u0105 prac\u0119, dlatego bezpiecze\u0144stwo jest kluczowym elementem w procesie doboru.<\/p>\n<h3>Utrzymywalno\u015b\u0107<\/h3>\n<p>Dobra konstrukcja uwzgl\u0119dnia \u0142atwo\u015b\u0107 konserwacji, umo\u017cliwiaj\u0105c szybkie przegl\u0105dy i naprawy. Obejmuje to funkcje u\u0142atwiaj\u0105ce wymian\u0119 uszczelnie\u0144 i innych podzespo\u0142\u00f3w bez konieczno\u015bci rozleg\u0142ego demonta\u017cu. Regularna konserwacja jest niezb\u0119dna do utrzymania efektywnej pracy si\u0142ownik\u00f3w hydraulicznych, dlatego konstrukcja, kt\u00f3ra j\u0105 wspiera, pomaga wyd\u0142u\u017cy\u0107 \u017cywotno\u015b\u0107 sprz\u0119tu.<\/p>\n<p><img decoding=\"async\" src=\"https:\/\/www.hydraulic-cylinders.net\/wp-content\/uploads\/2025\/04\/songte-oil-pipes-and-spare-parts.webp\" alt=\"Rury olejowe i cz\u0119\u015bci zamienne\"><\/p>\n<h2>Uszczelnianie i smarowanie si\u0142ownik\u00f3w wysi\u0119gnika<\/h2>\n<p>Uszczelnienie i smarowanie si\u0142ownik\u00f3w wysi\u0119gnika ma kluczowe znaczenie dla zapewnienia ich wydajnej pracy. R\u00f3\u017cne elementy uszczelniaj\u0105ce, takie jak uszczelnienia t\u0142oka i t\u0142oczyska, s\u0142u\u017c\u0105 do utrzymania ci\u015bnienia hydraulicznego i zapobiegania wyciekom p\u0142ynu. Wyb\u00f3r uszczelnie\u0144 wykonanych z trwa\u0142ych materia\u0142\u00f3w, takich jak poliuretan lub kauczuk nitrylowy, mo\u017ce znacznie wyd\u0142u\u017cy\u0107 \u017cywotno\u015b\u0107 si\u0142ownika.<\/p>\n<p>Co wi\u0119cej, korpus cylindra i gwintowane powierzchnie ko\u0144cowe s\u0105 starannie obrabiane w celu zwi\u0119kszenia odporno\u015bci na zu\u017cycie. Regularne smarowanie olejem hydraulicznym jest niezb\u0119dne do utrzymania prawid\u0142owego dzia\u0142ania uszczelnie\u0144 i zapobiegania zu\u017cyciu spowodowanemu tarciem. Wymaga to okresowych kontroli i uzupe\u0142niania oleju hydraulicznego w celu utrzymania optymalnej wydajno\u015bci.<\/p>\n<h2>\u015arodki konserwacji zapobiegawczej<\/h2>\n<ul>\n<li><strong>Regularne kontrole:<\/strong> Cz\u0119ste kontrole wizualne i funkcjonalne si\u0142ownika hydraulicznego mog\u0105 pom\u00f3c we wczesnym wykryciu potencjalnych problem\u00f3w. Nale\u017cy szuka\u0107 oznak zu\u017cycia, wyciek\u00f3w lub uszkodze\u0144.<\/li>\n<li><strong>Prawid\u0142owe smarowanie:<\/strong> Upewnij si\u0119, \u017ce olej hydrauliczny jest na zalecanym poziomie i wolny od zanieczyszcze\u0144. Prawid\u0142owe smarowanie pomaga zapobiega\u0107 przedwczesnemu zu\u017cyciu i zapewnia wydajno\u015b\u0107.<\/li>\n<li><strong>Wymiana uszczelki:<\/strong> Regularnie sprawdzaj stan uszczelek i wymieniaj je w razie potrzeby. Jest to kluczowe dla utrzymania ci\u015bnienia hydraulicznego i zapobiegania wyciekom.<\/li>\n<\/ul>\n<h2>Wytyczne dotycz\u0105ce monta\u017cu si\u0142ownik\u00f3w wysi\u0119gnika<\/h2>\n<p>Prawid\u0142owy monta\u017c si\u0142ownik\u00f3w wysi\u0119gnika jest niezb\u0119dny dla optymalnej wydajno\u015bci i bezpiecze\u0144stwa. Zacznij od upewnienia si\u0119, \u017ce si\u0142ownik jest prawid\u0142owo wyr\u00f3wnany z punktami mocowania. U\u017cyj odpowiednich wspornik\u00f3w monta\u017cowych, aby zabezpieczy\u0107 si\u0142ownik na miejscu, unikaj\u0105c w ten spos\u00f3b braku wyr\u00f3wnania, kt\u00f3ry m\u00f3g\u0142by prowadzi\u0107 do przedwczesnego zu\u017cycia lub awarii.<\/p>\n<p>Aby zapewni\u0107 bezpieczne dopasowanie, nale\u017cy bezwzgl\u0119dnie przestrzega\u0107 zalece\u0144 producenta dotycz\u0105cych momentu obrotowego i procedur monta\u017cu. Podczas monta\u017cu nale\u017cy zwr\u00f3ci\u0107 uwag\u0119 na po\u0142\u0105czenia hydrauliczne, upewniaj\u0105c si\u0119, \u017ce s\u0105 szczelne i prawid\u0142owo dokr\u0119cone. Po monta\u017cu nale\u017cy odpowietrzy\u0107 uk\u0142ad hydrauliczny, aby usun\u0105\u0107 wszelkie p\u0119cherzyki powietrza, kt\u00f3re mog\u0105 negatywnie wp\u0142yn\u0105\u0107 na wydajno\u015b\u0107.<\/p>\n<p>Na koniec nale\u017cy przeprowadzi\u0107 dok\u0142adny test dzia\u0142ania, aby upewni\u0107 si\u0119, \u017ce cylinder dzia\u0142a p\u0142ynnie i wydajnie, potwierdzaj\u0105c, \u017ce wszystkie funkcje bezpiecze\u0144stwa dzia\u0142aj\u0105 zgodnie z przeznaczeniem.<\/p>\n<h2>Typowe zadania konserwacyjne<\/h2>\n<ul>\n<li><strong>Regularne kontrole:<\/strong> Regularnie sprawdzaj si\u0142ownik wysi\u0119gnika pod k\u0105tem oznak zu\u017cycia i potencjalnych usterek. Wczesne wykrycie problem\u00f3w mo\u017ce zapobiec kosztownym naprawom i przestojom.<\/li>\n<li><strong>Prawid\u0142owe smarowanie:<\/strong> Upewnij si\u0119, \u017ce uk\u0142ad hydrauliczny jest prawid\u0142owo smarowany, sprawdzaj\u0105c poziom oleju i uzupe\u0142niaj\u0105c go w razie potrzeby. Prawid\u0142owe smarowanie zmniejsza tarcie i wyd\u0142u\u017ca \u017cywotno\u015b\u0107 cylindra.<\/li>\n<li><strong>Wymiana uszczelki:<\/strong> Monitoruj stan uszczelek i wymieniaj je w razie potrzeby. Zu\u017cyte uszczelki mog\u0105 prowadzi\u0107 do wyciek\u00f3w, kt\u00f3re negatywnie wp\u0142ywaj\u0105 na wydajno\u015b\u0107 i bezpiecze\u0144stwo uk\u0142adu hydraulicznego.<\/li>\n<\/ul>\n<p>Ka\u017cda czynno\u015b\u0107 konserwacyjna jest niezb\u0119dna dla maksymalizacji \u017cywotno\u015bci i wydajno\u015bci si\u0142ownika wysi\u0119gnika. Prawid\u0142owy monta\u017c, smarowanie i regulacja odgrywaj\u0105 kluczow\u0105 rol\u0119 w wydajno\u015bci.<\/p>\n<p><img decoding=\"async\" src=\"https:\/\/www.hydraulic-cylinders.net\/wp-content\/uploads\/2025\/04\/songte-chushion-collar.webp\" alt=\"Ko\u0142nierz poduszkowy\"><\/p>\n<h2>Zagadnienia bezpiecze\u0144stwa i czynniki \u015brodowiskowe<\/h2>\n<p>Podczas u\u017cytkowania si\u0142ownik\u00f3w wysi\u0119gnika, kluczowe znaczenie ma zapewnienie \u015brodk\u00f3w bezpiecze\u0144stwa. Operatorzy powinni zawsze nosi\u0107 odpowiedni sprz\u0119t ochrony osobistej (PPE) i upewni\u0107 si\u0119, \u017ce ca\u0142y sprz\u0119t dzia\u0142a prawid\u0142owo przed rozpocz\u0119ciem pracy. Przestrzeganie zasad bezpiecze\u0144stwa jest kluczowe, aby zapobiec wypadkom i urazom w miejscu pracy.<\/p>\n<p>Co wi\u0119cej, kluczowe jest uwzgl\u0119dnienie czynnik\u00f3w \u015brodowiskowych. Prawid\u0142owa utylizacja p\u0142yn\u00f3w hydraulicznych i zu\u017cytych podzespo\u0142\u00f3w chroni \u015brodowisko i promuje zr\u00f3wnowa\u017cony rozw\u00f3j. Wdra\u017canie skutecznych strategii gospodarowania odpadami w zak\u0142adach hydraulicznych zapewnia zgodno\u015b\u0107 z przepisami ochrony \u015brodowiska i odzwierciedla odpowiedzialno\u015b\u0107 korporacyjn\u0105.<\/p>\n<h2>Diagnostyka usterek i typowe problemy<\/h2>\n<ul>\n<li><strong>Przeciek:<\/strong> Jednym z najcz\u0119stszych problem\u00f3w z si\u0142ownikami hydraulicznymi jest wyciek. Mo\u017ce on wynika\u0107 ze zu\u017cytych uszczelek lub uszkodzonych przy\u0142\u0105czy. Regularne kontrole mog\u0105 pom\u00f3c we wczesnym wykryciu tego problemu.<\/li>\n<li><strong>Problemy z ci\u015bnieniem:<\/strong> Niedostateczne lub nadmierne ci\u015bnienie mo\u017ce prowadzi\u0107 do awarii. Monitorowanie poziom\u00f3w ci\u015bnienia i dbanie o to, by mie\u015bci\u0142y si\u0119 one w okre\u015blonych granicach, ma kluczowe znaczenie dla niezawodnego dzia\u0142ania.<\/li>\n<li><strong>Spadek wydajno\u015bci:<\/strong> Z biegiem czasu cylindry hydrauliczne mog\u0105 wykazywa\u0107 gorsz\u0105 wydajno\u015b\u0107 z powodu zu\u017cycia. Regularna konserwacja i terminowa wymiana mog\u0105 z\u0142agodzi\u0107 ten problem.<\/li>\n<\/ul>\n<p>Szybkie rozwi\u0105zywanie tych problem\u00f3w jest niezb\u0119dne dla utrzymania wydajno\u015bci i bezpiecze\u0144stwa uk\u0142ad\u00f3w hydraulicznych.<\/p>\n<h2>Wskaz\u00f3wki dotycz\u0105ce rozwi\u0105zywania problem\u00f3w i \u015brodki zapobiegawcze<\/h2>\n<p>Aby skutecznie diagnozowa\u0107 i rozwi\u0105zywa\u0107 problemy z si\u0142ownikami wysi\u0119gnika, konieczne jest regularne przeprowadzanie przegl\u0105d\u00f3w i \u015bcis\u0142e monitorowanie ich dzia\u0142ania. W przypadku wyciek\u00f3w nale\u017cy upewni\u0107 si\u0119, \u017ce wszystkie uszczelki i z\u0142\u0105czki s\u0105 w dobrym stanie i niezw\u0142ocznie wymieni\u0107 zu\u017cyte elementy.<\/p>\n<p>W przypadku problem\u00f3w z ci\u015bnieniem nale\u017cy sprawdzi\u0107 poziom p\u0142ynu hydraulicznego i stan pompy hydraulicznej. Utrzymanie prawid\u0142owego poziomu p\u0142ynu jest niezb\u0119dne dla optymalnej wydajno\u015bci. Ponadto, wdro\u017cenie regularnego harmonogramu konserwacji gwarantuje, \u017ce potencjalne problemy zostan\u0105 rozwi\u0105zane, zanim si\u0119 nasil\u0105.<\/p>\n<p>Wreszcie, zapewnienie operatorom szkole\u0144 w zakresie prawid\u0142owego u\u017cytkowania i konserwacji mo\u017ce znacz\u0105co zmniejszy\u0107 ryzyko wyst\u0105pienia problem\u00f3w, co w efekcie prze\u0142o\u017cy si\u0119 na wi\u0119ksz\u0105 wydajno\u015b\u0107 ca\u0142ej operacji.<\/p>\n<p><img decoding=\"async\" src=\"https:\/\/www.hydraulic-cylinders.net\/wp-content\/uploads\/2025\/04\/songte-bushings-with-all-kinds-of-excavator-models.webp\" alt=\"Modele koparek z tulejami\"><\/p>\n<h2>O naszej firmie<\/h2>\n<p>Jeste\u015bmy wiod\u0105cym producentem si\u0142ownik\u00f3w hydraulicznych, specjalizuj\u0105cym si\u0119 w dostarczaniu wysokiej jako\u015bci cz\u0119\u015bci zamiennych do r\u00f3\u017cnych maszyn. Nasza szeroka gama produkt\u00f3w i d\u0105\u017cenie do doskona\u0142o\u015bci zapewni\u0142y nam pozycj\u0119 czo\u0142owego producenta i hurtownika na rynku krajowym i mi\u0119dzynarodowym. Przestrzegamy surowych standard\u00f3w jako\u015bci, wykorzystujemy zaawansowane metody produkcyjne i zatrudniamy wykwalifikowan\u0105 kadr\u0119, aby zapewni\u0107, \u017ce nasze produkty spe\u0142niaj\u0105 najwy\u017csze oczekiwania bran\u017cy.<\/p>\n<p>Nasze mi\u0119dzynarodowe certyfikaty potwierdzaj\u0105 nasze zaanga\u017cowanie w jako\u015b\u0107 i bezpiecze\u0144stwo, a nasze us\u0142ugi personalizacji pozwalaj\u0105 nam sprosta\u0107 indywidualnym potrzebom klient\u00f3w. Stale inwestujemy w nowoczesny sprz\u0119t produkcyjny i systemy kontroli jako\u015bci, aby zwi\u0119ksza\u0107 nasze mo\u017cliwo\u015bci produkcyjne.<\/p>\n<p>Dzi\u0119ki doskona\u0142emu wsparciu posprzeda\u017cowemu zapewniamy naszym klientom kompleksow\u0105 pomoc i doradztwo w zakresie konserwacji, co pozwala im zmaksymalizowa\u0107 wydajno\u015b\u0107 i \u017cywotno\u015b\u0107 ich uk\u0142ad\u00f3w hydraulicznych.<\/p>\n<p><img decoding=\"async\" src=\"https:\/\/www.hydraulic-cylinders.net\/wp-content\/uploads\/2025\/04\/songte-company-4.webp\" alt=\"Przegl\u0105d firmy\"><br \/>\n<img decoding=\"async\" src=\"https:\/\/www.hydraulic-cylinders.net\/wp-content\/uploads\/2025\/04\/songte-company-3.webp\" alt=\"Zak\u0142ad produkcyjny firmy\"><\/p>\n<p>Autor: lyl<\/p>","protected":false},"excerpt":{"rendered":"<p>Boom Cylinder For Volwa Small Excavator DLS815-9 Introduction to Boom Cylinders The boom cylinder is a crucial component in hydraulic systems, particularly in heavy machinery such as excavators, backhoes, and front loaders. This hydraulic cylinder controls the movement of the boom arm, enabling it to lift, lower, and tilt, thereby facilitating various material handling tasks. [&hellip;]<\/p>","protected":false},"featured_media":17868,"comment_status":"open","ping_status":"closed","template":"","meta":{"_et_pb_use_builder":"","_et_pb_old_content":"","_et_gb_content_width":""},"product_brand":[],"product_cat":[1546],"product_tag":[1547,1496],"class_list":{"0":"post-19605","1":"product","2":"type-product","3":"status-publish","4":"has-post-thumbnail","6":"product_cat-boom-cylinders","7":"product_tag-boom-cylinders","8":"product_tag-hydraulic-cylinders","10":"first","11":"instock","12":"shipping-taxable","13":"product-type-simple"},"amp_enabled":true,"_links":{"self":[{"href":"https:\/\/www.hydraulic-cylinders.net\/pl\/wp-json\/wp\/v2\/product\/19605","targetHints":{"allow":["GET"]}}],"collection":[{"href":"https:\/\/www.hydraulic-cylinders.net\/pl\/wp-json\/wp\/v2\/product"}],"about":[{"href":"https:\/\/www.hydraulic-cylinders.net\/pl\/wp-json\/wp\/v2\/types\/product"}],"replies":[{"embeddable":true,"href":"https:\/\/www.hydraulic-cylinders.net\/pl\/wp-json\/wp\/v2\/comments?post=19605"}],"wp:featuredmedia":[{"embeddable":true,"href":"https:\/\/www.hydraulic-cylinders.net\/pl\/wp-json\/wp\/v2\/media\/17868"}],"wp:attachment":[{"href":"https:\/\/www.hydraulic-cylinders.net\/pl\/wp-json\/wp\/v2\/media?parent=19605"}],"wp:term":[{"taxonomy":"product_brand","embeddable":true,"href":"https:\/\/www.hydraulic-cylinders.net\/pl\/wp-json\/wp\/v2\/product_brand?post=19605"},{"taxonomy":"product_cat","embeddable":true,"href":"https:\/\/www.hydraulic-cylinders.net\/pl\/wp-json\/wp\/v2\/product_cat?post=19605"},{"taxonomy":"product_tag","embeddable":true,"href":"https:\/\/www.hydraulic-cylinders.net\/pl\/wp-json\/wp\/v2\/product_tag?post=19605"}],"curies":[{"name":"wp","href":"https:\/\/api.w.org\/{rel}","templated":true}]}}