{"id":19607,"date":"2025-04-07T06:57:08","date_gmt":"2025-04-07T06:57:08","guid":{"rendered":"https:\/\/www.hydraulic-cylinders.net\/product\/boom-cylinder-for-volwa-small-excavator-dls880-9b\/"},"modified":"2025-04-07T06:57:10","modified_gmt":"2025-04-07T06:57:10","slug":"boom-cylinder-for-volwa-small-excavator-dls880-9b","status":"publish","type":"product","link":"https:\/\/www.hydraulic-cylinders.net\/pl\/produkt\/boom-cylinder-for-volwa-small-excavator-dls880-9b\/","title":{"rendered":"Si\u0142ownik wysi\u0119gnika do ma\u0142ej koparki Volwa DLS880-9B"},"content":{"rendered":"<h1>Si\u0142ownik wysi\u0119gnika do ma\u0142ej koparki Volwa DLS880-9B<\/h1>\n<h2>Wprowadzenie do cylindr\u00f3w wysi\u0119gnika<\/h2>\n<p>Si\u0142ownik wysi\u0119gnika do ma\u0142ej koparki Volwa DLS880-9B to niezb\u0119dny element uk\u0142adu hydraulicznego koparek. Odgrywa kluczow\u0105 rol\u0119 w sterowaniu ruchem \u0142y\u017cki, umo\u017cliwiaj\u0105c jej efektywne podnoszenie, opuszczanie i przechylanie. Ten si\u0142ownik hydrauliczny zosta\u0142 zaprojektowany specjalnie do obs\u0142ugi du\u017cych \u0142adunk\u00f3w, zapewniaj\u0105c jednocze\u015bnie precyzj\u0119 ruchu niezb\u0119dn\u0105 do r\u00f3\u017cnorodnych zada\u0144 zwi\u0105zanych z prze\u0142adunkiem materia\u0142\u00f3w na placach budowy i w innych zastosowaniach wymagaj\u0105cych du\u017cej wytrzyma\u0142o\u015bci.<\/p>\n<p><img decoding=\"async\" src=\"https:\/\/www.hydraulic-cylinders.net\/wp-content\/uploads\/2025\/04\/songte-company-1.webp\" alt=\"Si\u0142ownik wysi\u0119gnika do koparek\"><\/p>\n<h3>Zrozumienie cylindr\u00f3w kube\u0142kowych<\/h3>\n<p>Si\u0142owniki \u0142y\u017cki to si\u0142owniki hydrauliczne, kt\u00f3re s\u0142u\u017c\u0105 g\u0142\u00f3wnie do sterowania ruchem \u0142y\u017cki w ci\u0119\u017ckich maszynach, takich jak koparki, koparko-\u0142adowarki i \u0142adowarki czo\u0142owe. Umo\u017cliwiaj\u0105 one \u0142y\u017cce wykonywanie kilku istotnych funkcji, w tym podnoszenie, opuszczanie i przechylanie, kt\u00f3re s\u0105 kluczowe dla wydajnego transportu materia\u0142\u00f3w. Dzia\u0142anie tych si\u0142ownik\u00f3w pozwala operatorom na efektywne wykonywanie zada\u0144 takich jak kopanie, \u0142adowanie i transport materia\u0142\u00f3w, przyczyniaj\u0105c si\u0119 do zwi\u0119kszenia wydajno\u015bci na placach budowy.<\/p>\n<h2>Cechy cylindra wysi\u0119gnika<\/h2>\n<ul>\n<li><strong>Wysoka wytrzyma\u0142o\u015b\u0107 i trwa\u0142o\u015b\u0107:<\/strong> Wykonany z wysokowytrzyma\u0142ej stali lub aluminium, ten cylinder wytrzymuje wysokie ci\u015bnienie i du\u017ce obci\u0105\u017cenia, dzi\u0119ki czemu nadaje si\u0119 do pracy w trudnych warunkach. Zosta\u0142 zaprojektowany tak, aby by\u0142 odporny na zu\u017cycie i korozj\u0119, co wyd\u0142u\u017ca jego \u017cywotno\u015b\u0107.<\/li>\n<li><strong>Wydajna praca uk\u0142adu hydraulicznego:<\/strong> Wykorzystuj\u0105c ci\u015bnienie oleju hydraulicznego do p\u0142ynnego wysuwania i wsuwania, si\u0142ownik szybko reaguje na polecenia operatora, generuj\u0105c du\u017c\u0105 si\u0142\u0119 pchania i ci\u0105gni\u0119cia, idealn\u0105 do obs\u0142ugi ci\u0119\u017ckich i skomplikowanych zada\u0144.<\/li>\n<li><strong>R\u00f3\u017cne opcje:<\/strong> Dost\u0119pne w konfiguracji pojedynczego dzia\u0142ania (dzia\u0142anie hydrauliczne w jednym kierunku) lub podw\u00f3jnego dzia\u0142ania (dzia\u0142anie hydrauliczne w obu kierunkach) zaspokajaj\u0105 r\u00f3\u017cne potrzeby operacyjne, a niekt\u00f3re modele maj\u0105 konstrukcj\u0119 teleskopow\u0105 umo\u017cliwiaj\u0105c\u0105 wi\u0119ksze wysuni\u0119cie bez zwi\u0119kszania wymiar\u00f3w zewn\u0119trznych.<\/li>\n<li><strong>Zgodno\u015b\u0107:<\/strong> Nasz produkt mo\u017ce bez problemu zast\u0105pi\u0107 r\u00f3\u017cnego rodzaju si\u0142owniki hydrauliczne, gwarantuj\u0105c niezawodn\u0105 prac\u0119 maszyn.<\/li>\n<\/ul>\n<p><img decoding=\"async\" src=\"https:\/\/www.hydraulic-cylinders.net\/wp-content\/uploads\/2025\/04\/songte-cylinder-head-with-all-kinds-excavator-models.webp\" alt=\"Zgodno\u015b\u0107 modeli koparek\"><\/p>\n<h2>Zastosowania cylindra wysi\u0119gnika<\/h2>\n<h3>Sprz\u0119t budowlany<\/h3>\n<p>W koparkach si\u0142owniki wysi\u0119gnika s\u0105 niezb\u0119dne do kopania, za\u0142adunku i transportu gleby lub gruzu. Umo\u017cliwiaj\u0105 one skuteczne zag\u0142\u0119bianie si\u0119 \u0142y\u017cki w grunt, co czyni je niezb\u0119dnymi podczas prac ziemnych. W koparko-\u0142adowarkach si\u0142owniki te wspomagaj\u0105 zar\u00f3wno kopanie, jak i podnoszenie, zwi\u0119kszaj\u0105c wszechstronno\u015b\u0107 maszyny.<\/p>\n<h3>Sprz\u0119t rolniczy<\/h3>\n<p>\u0141adowarki czo\u0142owe wykorzystuj\u0105 si\u0142owniki wysi\u0119gnika do nabierania, podnoszenia i transportu gleby, siana i innych materia\u0142\u00f3w. Ich zdolno\u015b\u0107 do wykonywania wielu czynno\u015bci czyni je niezast\u0105pionymi w rolnictwie, gdzie wydajno\u015b\u0107 ma kluczowe znaczenie.<\/p>\n<h3>Koparki<\/h3>\n<p>W tradycyjnych koparkach si\u0142ownik \u0142y\u017cki umo\u017cliwia kopanie, umo\u017cliwiaj\u0105c \u0142y\u017cce przebijanie si\u0119 przez gleb\u0119. Ich konstrukcja zapewnia maksymaln\u0105 wydajno\u015b\u0107 kopania, co jest kluczowe w przypadku projekt\u00f3w zwi\u0105zanych z robotami ziemnymi.<\/p>\n<h3>\u0141adowarki<\/h3>\n<p>W \u0142adowarkach czo\u0142owych cylindry te wspomagaj\u0105 efektywne podnoszenie i zrzucanie \u0142adunk\u00f3w. Ich mocne dzia\u0142anie hydrauliczne jest niezb\u0119dne do sprawnego transportu materia\u0142\u00f3w i wydajno\u015bci na placu budowy.<\/p>\n<h2>Zagadnienia projektowe i kryteria wyboru<\/h2>\n<h3>No\u015bno\u015b\u0107<\/h3>\n<p>Przy wyborze si\u0142ownika wysi\u0119gnika, ud\u017awig ma kluczowe znaczenie. Si\u0142ownik musi przenosi\u0107 du\u017ce obci\u0105\u017cenia bez naruszania integralno\u015bci konstrukcyjnej. Obliczenie przewidywanego obci\u0105\u017cenia podczas pracy gwarantuje, \u017ce wybrany si\u0142ownik sprosta wymaganiom bezawaryjnie.<\/p>\n<h3>Opiecz\u0119towanie<\/h3>\n<p>Skuteczne uszczelnienie ma kluczowe znaczenie dla zapobiegania wyciekom p\u0142ynu hydraulicznego, kt\u00f3re mog\u0105 prowadzi\u0107 do nieefektywnej pracy uk\u0142adu. Wysokiej jako\u015bci uszczelnienia zapewniaj\u0105 szczelno\u015b\u0107 uk\u0142adu, utrzymuj\u0105c optymalne ci\u015bnienie i wydajno\u015b\u0107.<\/p>\n<h3>Trwa\u0142o\u015b\u0107<\/h3>\n<p>Trwa\u0142o\u015b\u0107 jest kluczowym czynnikiem, poniewa\u017c si\u0142owniki wysi\u0119gnika cz\u0119sto pracuj\u0105 w trudnych warunkach. Wyb\u00f3r materia\u0142\u00f3w odpornych na zu\u017cycie, korozj\u0119 i uderzenia mo\u017ce znacznie wyd\u0142u\u017cy\u0107 \u017cywotno\u015b\u0107 si\u0142ownika.<\/p>\n<h3>Bezpiecze\u0144stwo<\/h3>\n<p>Bezpiecze\u0144stwo powinno by\u0107 zawsze priorytetem. Dotyczy to wbudowanych zawor\u00f3w bezpiecze\u0144stwa, kt\u00f3re zapobiegaj\u0105 nadci\u015bnieniu, mog\u0105cemu prowadzi\u0107 do katastrofalnych awarii podczas eksploatacji.<\/p>\n<h3>Utrzymywalno\u015b\u0107<\/h3>\n<p>\u0141atwo\u015b\u0107 konserwacji odgrywa kluczow\u0105 rol\u0119 przy wyborze si\u0142ownik\u00f3w wysi\u0119gnika. Komponenty umo\u017cliwiaj\u0105ce \u0142atwy dost\u0119p w celu dokonania napraw i wymiany zwi\u0119kszaj\u0105 wydajno\u015b\u0107 i skracaj\u0105 przestoje.<\/p>\n<p><img decoding=\"async\" src=\"https:\/\/www.hydraulic-cylinders.net\/wp-content\/uploads\/2025\/04\/songte-oil-pipes-and-spare-parts.webp\" alt=\"Cz\u0119\u015bci hydrauliczne i konserwacja\"><\/p>\n<h2>Uszczelnienie i smarowanie cylindra hydraulicznego<\/h2>\n<p>Prawid\u0142owe uszczelnienie i smarowanie s\u0105 niezb\u0119dne do efektywnego dzia\u0142ania si\u0142ownik\u00f3w wysi\u0119gnika. R\u00f3\u017cne elementy uszczelniaj\u0105ce, takie jak uszczelnienia t\u0142oczysk i t\u0142oczysk, zapewniaj\u0105 szczelno\u015b\u0107 uk\u0142adu hydraulicznego. Uszczelnienia te s\u0105 cz\u0119sto wykonane z materia\u0142\u00f3w odpornych na zu\u017cycie, takich jak poliuretan i kauczuk nitrylowy, co zwi\u0119ksza ich trwa\u0142o\u015b\u0107. Dodatkowo, korpusy si\u0142ownik\u00f3w i gwintowane ko\u0144c\u00f3wki poddawane s\u0105 starannej obr\u00f3bce wyko\u0144czeniowej w celu zwi\u0119kszenia odporno\u015bci na zu\u017cycie. Regularne smarowanie olejem hydraulicznym jest niezb\u0119dne do utrzymania p\u0142ynnej pracy i zapobiegania zu\u017cyciu cz\u0119\u015bci ruchomych.<\/p>\n<h2>Regularne kontrole i \u015brodki konserwacji zapobiegawczej<\/h2>\n<ul>\n<li><strong>Regularne kontrole:<\/strong> Zaplanuj regularne kontrole, aby zidentyfikowa\u0107 zu\u017cycie i potencjalne awarie, zanim si\u0119 nasil\u0105. Sprawd\u017a uszczelki, przewody i integralno\u015b\u0107 konstrukcji, aby zapewni\u0107 optymalne dzia\u0142anie.<\/li>\n<li><strong>Prawid\u0142owe smarowanie:<\/strong> Upewnij si\u0119, \u017ce poziom oleju hydraulicznego jest odpowiedni i wymieniaj go w razie potrzeby, aby zapewni\u0107 skuteczne smarowanie i dzia\u0142anie cylindra.<\/li>\n<li><strong>Wymiana uszczelki:<\/strong> Monitoruj stan uszczelek i wymieniaj je niezw\u0142ocznie. Zu\u017cyte uszczelki mog\u0105 prowadzi\u0107 do wycieku p\u0142ynu, co negatywnie wp\u0142ywa na wydajno\u015b\u0107 uk\u0142adu hydraulicznego.<\/li>\n<\/ul>\n<h2>Prawid\u0142owe wytyczne dotycz\u0105ce instalacji<\/h2>\n<p>Prawid\u0142owy monta\u017c si\u0142ownika wysi\u0119gnika ma kluczowe znaczenie dla optymalnej wydajno\u015bci i trwa\u0142o\u015bci. Na pocz\u0105tek nale\u017cy upewni\u0107 si\u0119, \u017ce wszystkie podzespo\u0142y s\u0105 czyste i wolne od zanieczyszcze\u0144. Ostro\u017cnie wyr\u00f3wnaj si\u0142ownik z punktami mocowania, u\u017cywaj\u0105c odpowiednich wspornik\u00f3w, aby go zabezpieczy\u0107. Unikaj nadmiernej si\u0142y podczas monta\u017cu, poniewa\u017c mo\u017ce to spowodowa\u0107 uszkodzenie podzespo\u0142\u00f3w. Dodatkowo, regularnie sprawdzaj wyr\u00f3wnanie i upewnij si\u0119, \u017ce po\u0142\u0105czenia hydrauliczne s\u0105 bezpieczne i szczelne. Przestrzeganie tych wskaz\u00f3wek wyd\u0142u\u017cy \u017cywotno\u015b\u0107 si\u0142ownika i jego dzia\u0142anie.<\/p>\n<h2>Typowe zadania konserwacyjne<\/h2>\n<ul>\n<li><strong>Regularne kontrole:<\/strong> Przeprowadzaj rutynowe kontrole, aby zidentyfikowa\u0107 wszelkie oznaki zu\u017cycia lub potencjalne problemy. Wczesne wykrycie mo\u017ce zapobiec powa\u017cnym awariom i wyd\u0142u\u017cy\u0107 \u017cywotno\u015b\u0107 cylindra.<\/li>\n<li><strong>W\u0142a\u015bciwe smarowanie:<\/strong> Nale\u017cy dba\u0107 o utrzymanie optymalnego poziomu oleju hydraulicznego i wymienia\u0107 go w razie konieczno\u015bci, aby zapewni\u0107 prawid\u0142owe dzia\u0142anie uk\u0142adu.<\/li>\n<li><strong>Wymiana uszczelki:<\/strong> Regularnie sprawdzaj stan uszczelek i wymieniaj je, aby zapobiec wyciekom p\u0142ynu hydraulicznego, kt\u00f3re mog\u0105 mie\u0107 negatywny wp\u0142yw na wydajno\u015b\u0107.<\/li>\n<\/ul>\n<p>Prawid\u0142owy monta\u017c, smarowanie i regulacja s\u0105 kluczowe dla utrzymania funkcjonalno\u015bci i bezpiecze\u0144stwa si\u0142ownika wysi\u0119gnika. Podczas monta\u017cu nale\u017cy prawid\u0142owo ustawi\u0107 si\u0142ownik, aby unikn\u0105\u0107 jego rozbie\u017cno\u015bci, i stosowa\u0107 wsporniki monta\u017cowe dla zapewnienia stabilno\u015bci. Regularne kontrole, naprawy i wymiany mog\u0105 zapewni\u0107 maksymaln\u0105 wydajno\u015b\u0107 i wyd\u0142u\u017cy\u0107 \u017cywotno\u015b\u0107 podzespo\u0142\u00f3w hydraulicznych.<\/p>\n<p><img decoding=\"async\" src=\"https:\/\/www.hydraulic-cylinders.net\/wp-content\/uploads\/2025\/04\/songte-chushion-collar.webp\" alt=\"Ko\u0142nierz amortyzuj\u0105cy do cylindr\u00f3w\"><\/p>\n<h2>Zagadnienia bezpiecze\u0144stwa i czynniki \u015brodowiskowe<\/h2>\n<p>Podczas korzystania z si\u0142ownik\u00f3w wysi\u0119gnika kluczowe znaczenie maj\u0105 \u015brodki bezpiecze\u0144stwa. Operatorzy powinni by\u0107 przeszkoleni w zakresie obs\u0142ugi sprz\u0119tu hydraulicznego i przestrzega\u0107 wszystkich protoko\u0142\u00f3w bezpiecze\u0144stwa, aby zapobiec wypadkom. Dodatkowo nale\u017cy wzi\u0105\u0107 pod uwag\u0119 czynniki \u015brodowiskowe, takie jak potencjalne wycieki, kt\u00f3re mog\u0105 zaszkodzi\u0107 otoczeniu. Wdro\u017cenie \u015brodk\u00f3w zapobiegaj\u0105cych wyciekom i regularna konserwacja mog\u0105 pom\u00f3c w ograniczeniu tych zagro\u017ce\u0144, zapewniaj\u0105c bezpieczn\u0105 prac\u0119.<\/p>\n<h2>Rozwi\u0105zywanie typowych problem\u00f3w<\/h2>\n<ul>\n<li><strong>Przeciek:<\/strong> Zidentyfikuj \u017ar\u00f3d\u0142o wycieku p\u0142ynu hydraulicznego. Sprawd\u017a uszczelki i po\u0142\u0105czenia oraz natychmiast wymie\u0144 uszkodzone elementy.<\/li>\n<li><strong>S\u0142aba wydajno\u015b\u0107:<\/strong> Je\u015bli cylinder nie reaguje zgodnie z oczekiwaniami, nale\u017cy sprawdzi\u0107 poziom p\u0142ynu hydraulicznego i upewni\u0107 si\u0119, \u017ce w uk\u0142adzie nie ma \u017cadnych blokad.<\/li>\n<li><strong>Nietypowe d\u017awi\u0119ki:<\/strong> Nas\u0142uchuj wszelkich nietypowych d\u017awi\u0119k\u00f3w podczas pracy, kt\u00f3re mog\u0105 wskazywa\u0107 na problemy mechaniczne. Niezw\u0142ocznie zidentyfikuj i rozwi\u0105\u017c wszelkie problemy.<\/li>\n<\/ul>\n<p>Aby skutecznie rozwi\u0105zywa\u0107 te problemy, operatorzy powinni by\u0107 zaznajomieni z systemem. Regularne szkolenia i aktualizacje dotycz\u0105ce praktyk konserwacyjnych mog\u0105 pom\u00f3c w zapobieganiu potencjalnym problemom, zapewniaj\u0105c p\u0142ynne dzia\u0142anie.<\/p>\n<p><img decoding=\"async\" src=\"https:\/\/www.hydraulic-cylinders.net\/wp-content\/uploads\/2025\/04\/songte-bushings-with-all-kinds-of-excavator-models.webp\" alt=\"Tuleje do koparek\"><\/p>\n<h2>O naszej firmie<\/h2>\n<p>Jeste\u015bmy wiod\u0105cym producentem zamiennych si\u0142ownik\u00f3w hydraulicznych, oferuj\u0105cym szerok\u0105 gam\u0119 produkt\u00f3w niezb\u0119dnych zar\u00f3wno na rynku krajowym, jak i mi\u0119dzynarodowym. Nasze zaanga\u017cowanie w jako\u015b\u0107 znajduje odzwierciedlenie w precyzyjnych procesach produkcyjnych i wykorzystaniu zaawansowanych technologii. Koncentruj\u0105c si\u0119 na zadowoleniu klienta, oferujemy rozwi\u0105zania dostosowane do jego zr\u00f3\u017cnicowanych potrzeb. Nasz najnowocze\u015bniejszy sprz\u0119t produkcyjny i rygorystyczne systemy kontroli jako\u015bci gwarantuj\u0105, \u017ce ka\u017cdy produkt spe\u0142nia standardy bran\u017cowe, zapewniaj\u0105c wysok\u0105 wydajno\u015b\u0107, dok\u0142adno\u015b\u0107 i niezawodno\u015b\u0107.<\/p>\n<p><img decoding=\"async\" src=\"https:\/\/www.hydraulic-cylinders.net\/wp-content\/uploads\/2025\/04\/songte-company-4.webp\" alt=\"Przegl\u0105d firmy\"><br \/>\n<img decoding=\"async\" src=\"https:\/\/www.hydraulic-cylinders.net\/wp-content\/uploads\/2025\/04\/songte-company-3.webp\" alt=\"Zak\u0142ad produkcyjny\"><\/p>\n<h2>Wniosek<\/h2>\n<p>Nasza firma wyr\u00f3\u017cnia si\u0119 jako zaufane \u017ar\u00f3d\u0142o wysokiej jako\u015bci i niezawodnych si\u0142ownik\u00f3w wysi\u0119gnika. Nasze do\u015bwiadczenie w rozwi\u0105zaniach hydraulicznych gwarantuje, \u017ce otrzymasz produkty, kt\u00f3re nie tylko spe\u0142ni\u0105, ale wr\u0119cz przekrocz\u0105 Twoje oczekiwania. Skontaktuj si\u0119 z nami ju\u017c dzi\u015b, aby dowiedzie\u0107 si\u0119 wi\u0119cej o naszej ofercie i o tym, jak mo\u017cemy Ci pom\u00f3c w zakresie hydrauliki.<\/p>\n<p>Autor: lyl<\/p>","protected":false},"excerpt":{"rendered":"<p>Boom Cylinder For Volwa Small Excavator DLS880-9B Introduction to Boom Cylinders The Boom Cylinder for Volwa Small Excavator DLS880-9B is an essential component in the hydraulic system of excavators. It plays a critical role in controlling the movement of the bucket, allowing it to lift, lower, and tilt effectively. This hydraulic cylinder is specifically designed [&hellip;]<\/p>","protected":false},"featured_media":17870,"comment_status":"open","ping_status":"closed","template":"","meta":{"_et_pb_use_builder":"","_et_pb_old_content":"","_et_gb_content_width":""},"product_brand":[],"product_cat":[1546],"product_tag":[1547,1496],"class_list":{"0":"post-19607","1":"product","2":"type-product","3":"status-publish","4":"has-post-thumbnail","6":"product_cat-boom-cylinders","7":"product_tag-boom-cylinders","8":"product_tag-hydraulic-cylinders","10":"first","11":"instock","12":"shipping-taxable","13":"product-type-simple"},"amp_enabled":true,"_links":{"self":[{"href":"https:\/\/www.hydraulic-cylinders.net\/pl\/wp-json\/wp\/v2\/product\/19607","targetHints":{"allow":["GET"]}}],"collection":[{"href":"https:\/\/www.hydraulic-cylinders.net\/pl\/wp-json\/wp\/v2\/product"}],"about":[{"href":"https:\/\/www.hydraulic-cylinders.net\/pl\/wp-json\/wp\/v2\/types\/product"}],"replies":[{"embeddable":true,"href":"https:\/\/www.hydraulic-cylinders.net\/pl\/wp-json\/wp\/v2\/comments?post=19607"}],"wp:featuredmedia":[{"embeddable":true,"href":"https:\/\/www.hydraulic-cylinders.net\/pl\/wp-json\/wp\/v2\/media\/17870"}],"wp:attachment":[{"href":"https:\/\/www.hydraulic-cylinders.net\/pl\/wp-json\/wp\/v2\/media?parent=19607"}],"wp:term":[{"taxonomy":"product_brand","embeddable":true,"href":"https:\/\/www.hydraulic-cylinders.net\/pl\/wp-json\/wp\/v2\/product_brand?post=19607"},{"taxonomy":"product_cat","embeddable":true,"href":"https:\/\/www.hydraulic-cylinders.net\/pl\/wp-json\/wp\/v2\/product_cat?post=19607"},{"taxonomy":"product_tag","embeddable":true,"href":"https:\/\/www.hydraulic-cylinders.net\/pl\/wp-json\/wp\/v2\/product_tag?post=19607"}],"curies":[{"name":"wp","href":"https:\/\/api.w.org\/{rel}","templated":true}]}}