{"id":19610,"date":"2025-04-07T06:57:16","date_gmt":"2025-04-07T06:57:16","guid":{"rendered":"https:\/\/www.hydraulic-cylinders.net\/product\/boom-cylinder-for-volwa-middle-excavator-dls260\/"},"modified":"2025-04-07T06:57:19","modified_gmt":"2025-04-07T06:57:19","slug":"boom-cylinder-for-volwa-middle-excavator-dls260","status":"publish","type":"product","link":"https:\/\/www.hydraulic-cylinders.net\/pl\/produkt\/boom-cylinder-for-volwa-middle-excavator-dls260\/","title":{"rendered":"Si\u0142ownik wysi\u0119gnika do koparki \u015bredniej Volwa DLS260"},"content":{"rendered":"<h1>Si\u0142ownik wysi\u0119gnika do koparki \u015bredniej Volwa DLS260<\/h1>\n<h2>Przegl\u0105d produktu<\/h2>\n<p>Si\u0142ownik wysi\u0119gnika do koparki Volwa Middle Excavator DLS260 to kluczowy element nowoczesnych uk\u0142ad\u00f3w hydraulicznych stosowanych w ci\u0119\u017ckich maszynach. Ten si\u0142ownik hydrauliczny zosta\u0142 zaprojektowany specjalnie do sterowania ruchem \u0142y\u017cki w r\u00f3\u017cnych maszynach ci\u0119\u017ckich, takich jak koparki, koparko-\u0142adowarki i \u0142adowarki czo\u0142owe. Umo\u017cliwia on podnoszenie, opuszczanie i przechylanie \u0142y\u017cki, u\u0142atwiaj\u0105c wydajne zadania zwi\u0105zane z prze\u0142adunkiem materia\u0142\u00f3w.<\/p>\n<p>Zasadniczo si\u0142ownik \u0142y\u017cki dzia\u0142a pod wp\u0142ywem ci\u015bnienia hydraulicznego, przekszta\u0142caj\u0105c energi\u0119 p\u0142ynu w si\u0142\u0119 mechaniczn\u0105. Ta funkcjonalno\u015b\u0107 jest niezb\u0119dna do wykonywania zada\u0144 takich jak kopanie, podnoszenie i transport materia\u0142\u00f3w, co czyni go niezast\u0105pionym narz\u0119dziem w budownictwie, rolnictwie i g\u00f3rnictwie.<\/p>\n<p><img decoding=\"async\" src=\"https:\/\/www.hydraulic-cylinders.net\/wp-content\/uploads\/2025\/04\/songte-company-1.webp\" alt=\"Obraz cylindra wysi\u0119gnika\" \/><\/p>\n<h2>Cechy cylindra wysi\u0119gnika<\/h2>\n<ul>\n<li><strong>Wysoka wytrzyma\u0142o\u015b\u0107 i trwa\u0142o\u015b\u0107:<\/strong> Wykonany z wysokowytrzyma\u0142ej stali lub aluminium si\u0142ownik wysi\u0119gnika zosta\u0142 zaprojektowany tak, aby wytrzymywa\u0107 wysokie ci\u015bnienia i du\u017ce obci\u0105\u017cenia, dzi\u0119ki czemu nadaje si\u0119 do pracy w trudnych warunkach. Jego konstrukcja k\u0142adzie nacisk na odporno\u015b\u0107 na zu\u017cycie i korozj\u0119, co znacznie wyd\u0142u\u017ca jego \u017cywotno\u015b\u0107.<\/li>\n<li><strong>Wydajna praca uk\u0142adu hydraulicznego:<\/strong> Si\u0142ownik wykorzystuje ci\u015bnienie oleju hydraulicznego, co pozwala na p\u0142ynne wysuwanie i wsuwanie, szybko reaguje na polecenia steruj\u0105ce i zapewnia znaczn\u0105 si\u0142\u0119 pchania i ci\u0105gni\u0119cia, idealn\u0105 do przenoszenia ci\u0119\u017ckich przedmiot\u00f3w i wykonywania skomplikowanych zada\u0144.<\/li>\n<li><strong>R\u00f3\u017cne typy:<\/strong> Dost\u0119pny w konfiguracji jednostronnego lub dwustronnego dzia\u0142ania, si\u0142ownik wysi\u0119gnika mo\u017cna dostosowa\u0107 do zr\u00f3\u017cnicowanych potrzeb operacyjnych. Niekt\u00f3re modele posiadaj\u0105 konstrukcj\u0119 teleskopow\u0105, kt\u00f3ra umo\u017cliwia wi\u0119ksze wysuni\u0119cie bez zwi\u0119kszania wymiar\u00f3w zewn\u0119trznych, co jest idealne w zastosowaniach o ograniczonej przestrzeni.<\/li>\n<li><strong>In\u017cynieria precyzyjna:<\/strong> Ka\u017cdy cylinder jest produkowany z zachowaniem \u015bcis\u0142ych tolerancji, aby zapewni\u0107 optymaln\u0105 wydajno\u015b\u0107, trwa\u0142o\u015b\u0107 i niezawodno\u015b\u0107 w wymagaj\u0105cych warunkach.<\/li>\n<li><strong>Produkcja niestandardowa:<\/strong> Specjalizujemy si\u0119 w produkcji tego produktu, dbaj\u0105c o to, aby nasze si\u0142owniki hydrauliczne doskonale zast\u0119powa\u0142y istniej\u0105ce modele, umo\u017cliwiaj\u0105c bezproblemow\u0105 integracj\u0119 z r\u00f3\u017cnymi maszynami.<\/li>\n<\/ul>\n<p><img decoding=\"async\" src=\"https:\/\/www.hydraulic-cylinders.net\/wp-content\/uploads\/2025\/04\/songte-cylinder-head-with-all-kinds-excavator-models.webp\" alt=\"Obraz g\u0142owicy cylindra\" \/><\/p>\n<h2>Zastosowania cylindra wysi\u0119gnika<\/h2>\n<h3>Sprz\u0119t budowlany<\/h3>\n<p>W koparkach si\u0142ownik wysi\u0119gnika odgrywa kluczow\u0105 rol\u0119 w kopaniu, \u0142adowaniu i przemieszczaniu ziemi lub gruzu. Umo\u017cliwia precyzyjne dzia\u0142anie \u0142y\u017cki, zapewniaj\u0105c wydajne wykopywanie i transport materia\u0142\u00f3w. W koparko-\u0142adowarkach si\u0142ownik \u0142y\u017cki wspomaga nie tylko kopanie, ale tak\u017ce podnoszenie, co czyni go wszechstronnym elementem o kluczowym znaczeniu dla prac budowlanych.<\/p>\n<h3>Maszyny rolnicze<\/h3>\n<p>W \u0142adowarkach czo\u0142owych si\u0142ownik wysi\u0119gnika ma kluczowe znaczenie dla nabierania, podnoszenia i transportu gleby, siana i innych materia\u0142\u00f3w. Jego niezawodne dzia\u0142anie zapewnia sprawne wykonywanie zada\u0144, zwi\u0119kszaj\u0105c wydajno\u015b\u0107 w rolnictwie. Bez prawid\u0142owo dzia\u0142aj\u0105cego si\u0142ownika efektywno\u015b\u0107 tych maszyn by\u0142aby znacznie ograniczona.<\/p>\n<h3>Koparki<\/h3>\n<p>Si\u0142ownik wysi\u0119gnika umo\u017cliwia skuteczn\u0105 penetracj\u0119 pod\u0142o\u017ca przez \u0142y\u017ck\u0119, u\u0142atwiaj\u0105c kopanie. Ta funkcjonalno\u015b\u0107 jest niezb\u0119dna w r\u00f3\u017cnych scenariuszach budowlanych, poniewa\u017c pozwala operatorom \u0142atwo i precyzyjnie osi\u0105gn\u0105\u0107 \u017c\u0105dan\u0105 g\u0142\u0119boko\u015b\u0107 i usun\u0105\u0107 materia\u0142.<\/p>\n<h3>\u0141adowarki<\/h3>\n<p>W \u0142adowarkach czo\u0142owych si\u0142owniki wysi\u0119gnika wspomagaj\u0105 wydajne podnoszenie i wysypywanie materia\u0142\u00f3w. Ta funkcja jest niezb\u0119dna do zada\u0144 takich jak za\u0142adunek ci\u0119\u017car\u00f3wek czy przemieszczanie materia\u0142\u00f3w sypkich na placach budowy, co podkre\u015bla znaczenie niezawodnych uk\u0142ad\u00f3w hydraulicznych w codziennej pracy.<\/p>\n<h2>Zagadnienia projektowe i standardy wyboru<\/h2>\n<h3>No\u015bno\u015b\u0107<\/h3>\n<p>No\u015bno\u015b\u0107 si\u0142ownika wysi\u0119gnika jest kluczowym czynnikiem w jego konstrukcji. Musi on by\u0107 w stanie unie\u015b\u0107 nie tylko ci\u0119\u017car materia\u0142\u00f3w, ale tak\u017ce wytrzyma\u0107 dodatkowe napr\u0119\u017cenia podczas pracy. Prawid\u0142owe obliczenia i dob\u00f3r materia\u0142\u00f3w s\u0105 niezb\u0119dne, aby zapewni\u0107, \u017ce si\u0142ownik b\u0119dzie w stanie ud\u017awign\u0105\u0107 za\u0142o\u017cone obci\u0105\u017cenia bez awarii.<\/p>\n<h3>Uszczelnienie i trwa\u0142o\u015b\u0107<\/h3>\n<p>Skuteczne uszczelnienie jest kluczowe w uk\u0142adach hydraulicznych, aby zapobiec wyciekom p\u0142ynu i zanieczyszczeniom. Konstrukcja si\u0142ownika wysi\u0119gnika wykorzystuje wysokiej jako\u015bci uszczelnienia wykonane z trwa\u0142ych materia\u0142\u00f3w, co zapewnia trwa\u0142o\u015b\u0107 i niezawodno\u015b\u0107. Regularne przegl\u0105dy i konserwacja uszczelnie\u0144 s\u0105 niezb\u0119dne do utrzymania wydajno\u015bci uk\u0142adu hydraulicznego.<\/p>\n<h3>Funkcje bezpiecze\u0144stwa<\/h3>\n<p>Bezpiecze\u0144stwo jest priorytetem w projektowaniu uk\u0142adu hydraulicznego. Si\u0142owniki wysi\u0119gnika s\u0105 wyposa\u017cone w zabezpieczenia, kt\u00f3re zapobiegaj\u0105 nadmiernemu wysuwaniu i zapewniaj\u0105 bezpieczn\u0105 prac\u0119 pod obci\u0105\u017ceniem. Uwzgl\u0119dnienie czynnik\u00f3w bezpiecze\u0144stwa w projekcie pomaga zminimalizowa\u0107 ryzyko podczas pracy, chroni\u0105c zar\u00f3wno sprz\u0119t, jak i operator\u00f3w.<\/p>\n<h3>Dost\u0119pno\u015b\u0107 konserwacyjna<\/h3>\n<p>Projektanci musz\u0105 r\u00f3wnie\u017c uwzgl\u0119dni\u0107 dost\u0119pno\u015b\u0107 dla cel\u00f3w konserwacji. Si\u0142owniki wysi\u0119gnika powinny umo\u017cliwia\u0107 \u0142atw\u0105 inspekcj\u0119 i serwisowanie, aby utrzyma\u0107 je w optymalnym stanie. Cechy konstrukcyjne u\u0142atwiaj\u0105ce szybki dost\u0119p do kluczowych cz\u0119\u015bci mog\u0105 znacznie ograniczy\u0107 przestoje i koszty konserwacji.<\/p>\n<p><img decoding=\"async\" src=\"https:\/\/www.hydraulic-cylinders.net\/wp-content\/uploads\/2025\/04\/songte-oil-pipes-and-spare-parts.webp\" alt=\"Rury olejowe i cz\u0119\u015bci zamienne\" \/><\/p>\n<h2>Uszczelnianie i smarowanie<\/h2>\n<p>System uszczelnienia si\u0142ownika wysi\u0119gnika zosta\u0142 zaprojektowany z wykorzystaniem r\u00f3\u017cnorodnych uszczelnie\u0144, takich jak uszczelnienia t\u0142oka i t\u0142oczyska, wykonanych z materia\u0142\u00f3w odpornych na zu\u017cycie, takich jak poliuretan i kauczuk nitrylowy. Uszczelnienia te odgrywaj\u0105 kluczow\u0105 rol\u0119 w utrzymaniu ci\u015bnienia i zapobieganiu wyciekom p\u0142ynu hydraulicznego.<\/p>\n<p>Lufa i gwintowane powierzchnie ko\u0144cowe s\u0105 starannie obrabiane w celu zwi\u0119kszenia odporno\u015bci na zu\u017cycie, co gwarantuje niezawodn\u0105 prac\u0119 przez ca\u0142y okres eksploatacji cylindra. Regularne smarowanie olejem hydraulicznym jest niezb\u0119dne dla zapewnienia p\u0142ynnej pracy i zapobiegania zu\u017cyciu element\u00f3w wewn\u0119trznych.<\/p>\n<h2>\u015arodki konserwacji zapobiegawczej<\/h2>\n<ul>\n<li><strong>Regularne kontrole:<\/strong> Rutynowe kontrole si\u0142ownika wysi\u0119gnika mog\u0105 pom\u00f3c zidentyfikowa\u0107 zu\u017cycie lub uszkodzenia, zanim doprowadz\u0105 do awarii. Nale\u017cy zwr\u00f3ci\u0107 uwag\u0119 na oznaki wyciek\u00f3w, korozji i nietypowych d\u017awi\u0119k\u00f3w podczas pracy.<\/li>\n<li><strong>Prawid\u0142owe smarowanie:<\/strong> Upewnij si\u0119, \u017ce poziom oleju hydraulicznego jest odpowiedni i \u017ce u\u017cywany jest w\u0142a\u015bciwy rodzaj oleju. Regularne smarowanie jest kluczowe dla utrzymania funkcjonalno\u015bci i trwa\u0142o\u015bci cylindra.<\/li>\n<li><strong>Wymiana uszczelki:<\/strong> Uszczelki nale\u017cy wymienia\u0107 zgodnie z zaleceniami producenta. Zu\u017cyte lub uszkodzone uszczelki mog\u0105 prowadzi\u0107 do wycieku p\u0142ynu hydraulicznego, co negatywnie wp\u0142ywa na wydajno\u015b\u0107.<\/li>\n<\/ul>\n<h2>Wytyczne dotycz\u0105ce instalacji<\/h2>\n<p>Prawid\u0142owy monta\u017c si\u0142ownika wysi\u0119gnika ma kluczowe znaczenie dla optymalnej wydajno\u015bci. Zacznij od upewnienia si\u0119, \u017ce posiadasz odpowiednie narz\u0119dzia i sprz\u0119t do monta\u017cu. Dok\u0142adnie wyosiuj si\u0142ownik wzgl\u0119dem wspornik\u00f3w monta\u017cowych, upewniaj\u0105c si\u0119, \u017ce jest on pewnie zamocowany. Zaleca si\u0119 u\u017cycie odpowiednich wspornik\u00f3w monta\u017cowych, aby zapewni\u0107 stabilno\u015b\u0107 i zapobiec rozbie\u017cno\u015bciom podczas pracy.<\/p>\n<p>Po ustawieniu, dok\u0142adnie dokr\u0119\u0107 wszystkie elementy mocuj\u0105ce zgodnie ze specyfikacj\u0105 producenta. Po monta\u017cu przeprowad\u017a dok\u0142adn\u0105 kontrol\u0119 i sprawd\u017a dzia\u0142anie si\u0142ownika wysi\u0119gnika bez obci\u0105\u017cenia, aby upewni\u0107 si\u0119, \u017ce wszystko dzia\u0142a prawid\u0142owo. Przed zastosowaniem obci\u0105\u017ce\u0144 roboczych dokonaj niezb\u0119dnych regulacji.<\/p>\n<h2>Typowe zadania konserwacyjne<\/h2>\n<ul>\n<li><strong>Regularne kontrole:<\/strong> Regularnie sprawdzaj si\u0142ownik wysi\u0119gnika pod k\u0105tem oznak zu\u017cycia lub wyciek\u00f3w. Proaktywna konserwacja pomaga zapobiega\u0107 nieoczekiwanym awariom.<\/li>\n<li><strong>Prawid\u0142owe smarowanie:<\/strong> Upewnij si\u0119, \u017ce uk\u0142ad hydrauliczny jest odpowiednio smarowany, aby zapewni\u0107 p\u0142ynn\u0105 prac\u0119. Obejmuje to regularne sprawdzanie poziomu i jako\u015bci oleju.<\/li>\n<li><strong>Wymiana uszczelki:<\/strong> Monitoruj stan uszczelek i wymieniaj je w razie potrzeby, aby utrzyma\u0107 ci\u015bnienie i zapobiec wyciekom. Prawid\u0142owe uszczelnienie jest niezb\u0119dne do wydajnej pracy uk\u0142adu hydraulicznego.<\/li>\n<\/ul>\n<h2>Zagadnienia bezpiecze\u0144stwa i czynniki \u015brodowiskowe<\/h2>\n<p>Podczas obs\u0142ugi uk\u0142ad\u00f3w hydraulicznych kluczowe znaczenie maj\u0105 \u015brodki bezpiecze\u0144stwa. Operatorzy powinni by\u0107 przeszkoleni w zakresie ogranicze\u0144 eksploatacyjnych si\u0142ownika wysi\u0119gnika, w tym ud\u017awigu i zasad bezpiecznego obchodzenia si\u0119 z nim. Odpowiedni sprz\u0119t bezpiecze\u0144stwa i przestrzeganie protoko\u0142\u00f3w bezpiecze\u0144stwa mog\u0105 zminimalizowa\u0107 ryzyko wypadk\u00f3w.<\/p>\n<h2>Rozwi\u0105zywanie problem\u00f3w i typowe problemy<\/h2>\n<ul>\n<li><strong>Przeciek:<\/strong> Cz\u0119stym problemem jest wyciek p\u0142ynu hydraulicznego, cz\u0119sto spowodowany zu\u017cyciem uszczelek. Aby temu zaradzi\u0107, nale\u017cy sprawdzi\u0107 uszczelki i w razie potrzeby je wymieni\u0107, upewniaj\u0105c si\u0119, \u017ce wszystkie po\u0142\u0105czenia s\u0105 szczelne.<\/li>\n<li><strong>Obni\u017cona wydajno\u015b\u0107:<\/strong> Je\u015bli si\u0142ownik wysi\u0119gnika nie reaguje zgodnie z oczekiwaniami, sprawd\u017a, czy w przewodach hydraulicznych nie ma blokad i upewnij si\u0119, \u017ce poziom i jako\u015b\u0107 p\u0142ynu hydraulicznego s\u0105 prawid\u0142owe.<\/li>\n<li><strong>Dziwne d\u017awi\u0119ki:<\/strong> Nietypowe odg\u0142osy podczas pracy mog\u0105 wskazywa\u0107 na uszkodzenie wewn\u0119trzne lub brak smarowania. Nale\u017cy natychmiast to sprawdzi\u0107 i dokona\u0107 niezb\u0119dnych napraw.<\/li>\n<\/ul>\n<h2>Diagnostyka produktu i \u015brodki zapobiegawcze<\/h2>\n<p>Aby skutecznie diagnozowa\u0107 problemy z si\u0142ownikiem wysi\u0119gnika, operatorzy powinni zachowa\u0107 czujno\u015b\u0107 i obserwowa\u0107 jego dzia\u0142anie podczas pracy. Regularnie sprawdzaj oznaki zu\u017cycia i nas\u0142uchuj nietypowych d\u017awi\u0119k\u00f3w. \u015arodki zapobiegawcze, takie jak planowe przegl\u0105dy i konserwacje, mog\u0105 znacznie zmniejszy\u0107 prawdopodobie\u0144stwo wyst\u0105pienia nieoczekiwanych awarii.<\/p>\n<p><img decoding=\"async\" src=\"https:\/\/www.hydraulic-cylinders.net\/wp-content\/uploads\/2025\/04\/songte-bushings-with-all-kinds-of-excavator-models.webp\" alt=\"Tuleje do modeli koparek\" \/><\/p>\n<h2>O naszej firmie<\/h2>\n<p>Jeste\u015bmy producentem specjalizuj\u0105cym si\u0119 w cylindrach hydraulicznych, oferuj\u0105cym szerok\u0105 gam\u0119 produkt\u00f3w, odpowiadaj\u0105c\u0105 zr\u00f3\u017cnicowanym potrzebom rynku. Jako wiod\u0105cy producent i hurtowy dystrybutor cylindr\u00f3w hydraulicznych na rynku krajowym i mi\u0119dzynarodowym, priorytetowo traktujemy doskona\u0142o\u015b\u0107 jako\u015bci.<\/p>\n<p>Nasze dzia\u0142ania opieraj\u0105 si\u0119 na dopracowanych strategiach zarz\u0105dzania produkcj\u0105, zatrudnianiu wykwalifikowanych technik\u00f3w, zaawansowanym sprz\u0119cie do produkcji cyfrowej oraz profesjonalnych systemach testowych. To zaanga\u017cowanie w ci\u0105g\u0142e doskonalenie i innowacje wzmacnia nasz\u0105 platform\u0119 produkcyjn\u0105, zapewniaj\u0105c wysok\u0105 wydajno\u015b\u0107, precyzj\u0119 i jako\u015b\u0107, aby sprosta\u0107 zr\u00f3\u017cnicowanym potrzebom naszych klient\u00f3w.<\/p>\n<p>Oferujemy r\u00f3wnie\u017c us\u0142ugi dostosowane do indywidualnych potrzeb klient\u00f3w, a nasze produkty posiadaj\u0105 mi\u0119dzynarodowe certyfikaty, co gwarantuje zgodno\u015b\u0107 z globalnymi standardami. Nasz dedykowany serwis posprzeda\u017cowy wspiera naszych klient\u00f3w w maksymalizacji \u017cywotno\u015bci i wydajno\u015bci naszych produkt\u00f3w.<\/p>\n<p><img decoding=\"async\" src=\"https:\/\/www.hydraulic-cylinders.net\/wp-content\/uploads\/2025\/04\/songte-company-4.webp\" alt=\"Przegl\u0105d firmy\" \/><br \/>\n<img decoding=\"async\" src=\"https:\/\/www.hydraulic-cylinders.net\/wp-content\/uploads\/2025\/04\/songte-company-3.webp\" alt=\"Obiekty firmy\" \/><\/p>\n<p>Autor: lyl<\/p>","protected":false},"excerpt":{"rendered":"<p>Boom Cylinder For Volwa Middle Excavator DLS260 Product Overview The Boom Cylinder for Volwa Middle Excavator DLS260 is a critical component in modern hydraulic systems used in heavy machinery. This hydraulic cylinder is specifically designed to control the movement of the bucket in various heavy-duty equipment such as excavators, backhoe loaders, and front loaders. It [&hellip;]<\/p>","protected":false},"featured_media":17873,"comment_status":"open","ping_status":"closed","template":"","meta":{"_et_pb_use_builder":"","_et_pb_old_content":"","_et_gb_content_width":""},"product_brand":[],"product_cat":[1546],"product_tag":[1547,1496],"class_list":{"0":"post-19610","1":"product","2":"type-product","3":"status-publish","4":"has-post-thumbnail","6":"product_cat-boom-cylinders","7":"product_tag-boom-cylinders","8":"product_tag-hydraulic-cylinders","10":"first","11":"instock","12":"shipping-taxable","13":"product-type-simple"},"amp_enabled":true,"_links":{"self":[{"href":"https:\/\/www.hydraulic-cylinders.net\/pl\/wp-json\/wp\/v2\/product\/19610","targetHints":{"allow":["GET"]}}],"collection":[{"href":"https:\/\/www.hydraulic-cylinders.net\/pl\/wp-json\/wp\/v2\/product"}],"about":[{"href":"https:\/\/www.hydraulic-cylinders.net\/pl\/wp-json\/wp\/v2\/types\/product"}],"replies":[{"embeddable":true,"href":"https:\/\/www.hydraulic-cylinders.net\/pl\/wp-json\/wp\/v2\/comments?post=19610"}],"wp:featuredmedia":[{"embeddable":true,"href":"https:\/\/www.hydraulic-cylinders.net\/pl\/wp-json\/wp\/v2\/media\/17873"}],"wp:attachment":[{"href":"https:\/\/www.hydraulic-cylinders.net\/pl\/wp-json\/wp\/v2\/media?parent=19610"}],"wp:term":[{"taxonomy":"product_brand","embeddable":true,"href":"https:\/\/www.hydraulic-cylinders.net\/pl\/wp-json\/wp\/v2\/product_brand?post=19610"},{"taxonomy":"product_cat","embeddable":true,"href":"https:\/\/www.hydraulic-cylinders.net\/pl\/wp-json\/wp\/v2\/product_cat?post=19610"},{"taxonomy":"product_tag","embeddable":true,"href":"https:\/\/www.hydraulic-cylinders.net\/pl\/wp-json\/wp\/v2\/product_tag?post=19610"}],"curies":[{"name":"wp","href":"https:\/\/api.w.org\/{rel}","templated":true}]}}