{"id":19615,"date":"2025-04-07T06:57:29","date_gmt":"2025-04-07T06:57:29","guid":{"rendered":"https:\/\/www.hydraulic-cylinders.net\/product\/boom-cylinder-for-volwa-large-excavator-dls360-8b\/"},"modified":"2025-04-07T06:57:32","modified_gmt":"2025-04-07T06:57:32","slug":"boom-cylinder-for-volwa-large-excavator-dls360-8b","status":"publish","type":"product","link":"https:\/\/www.hydraulic-cylinders.net\/pl\/produkt\/boom-cylinder-for-volwa-large-excavator-dls360-8b\/","title":{"rendered":"Si\u0142ownik wysi\u0119gnika do du\u017cej koparki Volwa DLS360-8B"},"content":{"rendered":"<h1>Si\u0142ownik wysi\u0119gnika do du\u017cej koparki Volwa DLS360-8B<\/h1>\n<h2>Przegl\u0105d cylindr\u00f3w wysi\u0119gnika<\/h2>\n<p>Si\u0142ownik wysi\u0119gnika do du\u017cej koparki Volwa DLS360-8B to kluczowy element hydrauliczny, kt\u00f3ry odgrywa kluczow\u0105 rol\u0119 w obs\u0142udze ci\u0119\u017ckich maszyn. Zaprojektowany specjalnie do sterowania ruchem wysi\u0119gnika koparki, ten si\u0142ownik hydrauliczny umo\u017cliwia podnoszenie, opuszczanie i przechylanie osprz\u0119tu, u\u0142atwiaj\u0105c wydajne przenoszenie materia\u0142\u00f3w. Si\u0142ownik \u0142y\u017cki to rodzaj si\u0142ownika hydraulicznego, kt\u00f3ry jest wykorzystywany w r\u00f3\u017cnego rodzaju ci\u0119\u017ckim sprz\u0119cie, takim jak koparki, koparko-\u0142adowarki i \u0142adowarki czo\u0142owe, do wykonywania szerokiego zakresu funkcji. Dzi\u0119ki mechanizmowi hydraulicznemu zapewnia on niezb\u0119dn\u0105 si\u0142\u0119 do podnoszenia i kopania, co czyni go niezast\u0105pionym w budownictwie, g\u00f3rnictwie i rolnictwie.<\/p>\n<p><img decoding=\"async\" src=\"https:\/\/www.hydraulic-cylinders.net\/wp-content\/uploads\/2025\/04\/songte-company-1.webp\" alt=\"Si\u0142ownik wysi\u0119gnika do koparek\"><\/p>\n<h2>G\u0142\u00f3wne cechy cylindra wysi\u0119gnika<\/h2>\n<ul>\n<li>\n<h3>Wysoka wytrzyma\u0142o\u015b\u0107 i trwa\u0142o\u015b\u0107<\/h3>\n<p>    Si\u0142ownik wysi\u0119gnika, zazwyczaj wykonany z wysokowytrzyma\u0142ej stali lub aluminium, wytrzymuje wysokie ci\u015bnienia i du\u017ce obci\u0105\u017cenia, dzi\u0119ki czemu nadaje si\u0119 do pracy w trudnych warunkach. Jego konstrukcja uwzgl\u0119dnia odporno\u015b\u0107 na zu\u017cycie i korozj\u0119, co wyd\u0142u\u017ca jego \u017cywotno\u015b\u0107.<\/li>\n<li>\n<h3>Wydajna praca hydrauliczna<\/h3>\n<p>    Wykorzystuj\u0105c ci\u015bnienie oleju hydraulicznego do p\u0142ynnego wysuwania i wsuwania, si\u0142ownik mo\u017ce szybko reagowa\u0107 na polecenia steruj\u0105ce, generuj\u0105c du\u017ce si\u0142y pchania i ci\u0105gni\u0119cia, odpowiednie do przenoszenia ci\u0119\u017ckich materia\u0142\u00f3w i wykonywania skomplikowanych zada\u0144.<\/li>\n<li>\n<h3>Dost\u0119pne r\u00f3\u017cne typy<\/h3>\n<p>    W zale\u017cno\u015bci od potrzeb eksploatacyjnych, mo\u017cna wybiera\u0107 mi\u0119dzy si\u0142ownikami jednostronnego dzia\u0142ania (wykorzystuj\u0105cymi ci\u015bnienie hydrauliczne w jednym kierunku) lub dwustronnego dzia\u0142ania (wykorzystuj\u0105cymi ci\u015bnienie hydrauliczne w obu kierunkach). Niekt\u00f3re modele s\u0105 wyposa\u017cone w mechanizm teleskopowy, umo\u017cliwiaj\u0105cy wi\u0119ksze wysuni\u0119cie bez zwi\u0119kszania wymiar\u00f3w zewn\u0119trznych, co jest idealne w zastosowaniach o ograniczonej przestrzeni.<\/li>\n<li>\n<h3>Mo\u017cliwo\u015b\u0107 produkcji niestandardowej<\/h3>\n<p>    Nasze mo\u017cliwo\u015bci produkcyjne pozwalaj\u0105 nam na produkcj\u0119 tego produktu w celu idealnego zast\u0105pienia cylindr\u00f3w hydraulicznych r\u00f3\u017cnych modeli, zapewniaj\u0105c jednocze\u015bnie kompatybilno\u015b\u0107 i wydajno\u015b\u0107.<\/li>\n<p>    <img decoding=\"async\" src=\"https:\/\/www.hydraulic-cylinders.net\/wp-content\/uploads\/2025\/04\/songte-cylinder-head-with-all-kinds-excavator-models.webp\" alt=\"Cz\u0119\u015bci zamienne do cylindr\u00f3w hydraulicznych\"><\/p>\n<li>\n<h3>Wszechstronno\u015b\u0107 zastosowa\u0144<\/h3>\n<p>    Nadaje si\u0119 do stosowania w r\u00f3\u017cnych maszynach ci\u0119\u017ckich, zapewniaj\u0105c operatorom niezb\u0119dn\u0105 kontrol\u0119 w celu efektywnej pracy w r\u00f3\u017cnych sektorach.<\/li>\n<\/ul>\n<h2>Zastosowania cylindra wysi\u0119gnika<\/h2>\n<ul>\n<li>\n<h3>Sprz\u0119t budowlany<\/h3>\n<p>    W koparkach si\u0142owniki wysi\u0119gnika odgrywaj\u0105 kluczow\u0105 rol\u0119 w kopaniu, za\u0142adunku i transporcie gleby lub gruzu. Si\u0142ownik umo\u017cliwia skuteczne zag\u0142\u0119bianie si\u0119 \u0142y\u017cki w grunt, co usprawnia prace wykopaliskowe. Ponadto, w koparko-\u0142adowarkach si\u0142ownik wysi\u0119gnika wspomaga zar\u00f3wno kopanie, jak i podnoszenie, zwi\u0119kszaj\u0105c wydajno\u015b\u0107 na placach budowy.<\/li>\n<li>\n<h3>Maszyny rolnicze<\/h3>\n<p>    W \u0142adowarkach czo\u0142owych si\u0142owniki wysi\u0119gnika s\u0142u\u017c\u0105 do nabierania, podnoszenia i transportu gleby, siana i innych materia\u0142\u00f3w. Si\u0142owniki te umo\u017cliwiaj\u0105 rolnikom sprawne wykonywanie r\u00f3\u017cnych zada\u0144 rolniczych, znacz\u0105co przyczyniaj\u0105c si\u0119 do wzrostu wydajno\u015bci i efektywno\u015bci operacyjnej.<\/li>\n<li>\n<h3>Operacje wykopaliskowe<\/h3>\n<p>    Si\u0142ownik wysi\u0119gnika u\u0142atwia kopanie, umo\u017cliwiaj\u0105c \u0142y\u017cce skuteczne zag\u0142\u0119bianie si\u0119 w gleb\u0119. Ta funkcja jest niezb\u0119dna w przypadku projekt\u00f3w budowlanych, gdzie g\u0142\u0119boko\u015b\u0107 i precyzja wykopu maj\u0105 kluczowe znaczenie.<\/li>\n<li>\n<h3>Aplikacje \u0142adowarki<\/h3>\n<p>    W \u0142adowarkach czo\u0142owych si\u0142owniki wysi\u0119gnika wspomagaj\u0105 wydajne podnoszenie i zrzucanie \u0142adunk\u00f3w. Funkcja ta jest niezb\u0119dna w projektach budowlanych i ogrodniczych, gdzie przenoszenie materia\u0142\u00f3w jest cz\u0119ste i zr\u00f3\u017cnicowane pod wzgl\u0119dem wagi i rozmiaru.<\/li>\n<\/ul>\n<h2>Zagadnienia projektowe i kryteria wyboru<\/h2>\n<ul>\n<li>\n<h3>No\u015bno\u015b\u0107<\/h3>\n<p>    Przy wyborze si\u0142ownika wysi\u0119gnika, ud\u017awig jest najwa\u017cniejszym czynnikiem. Si\u0142ownik musi by\u0107 w stanie ud\u017awign\u0105\u0107 maksymalne oczekiwane obci\u0105\u017cenie bez uszczerbku dla bezpiecze\u0144stwa i funkcjonalno\u015bci. Wa\u017cne jest, aby przeanalizowa\u0107 mas\u0119 przenoszonych materia\u0142\u00f3w oraz si\u0142y dzia\u0142aj\u0105ce podczas pracy. Si\u0142ownik o niewystarczaj\u0105cym ud\u017awigu mo\u017ce doprowadzi\u0107 do awarii, skutkuj\u0105cej kosztownymi przestojami i potencjalnymi zagro\u017ceniami bezpiecze\u0144stwa.<\/h3>\n<\/li>\n<li>\n<h3>Technologia uszczelniania<\/h3>\n<p>    Skuteczna technologia uszczelnie\u0144 ma kluczowe znaczenie dla utrzymania ci\u015bnienia hydraulicznego i zapobiegania wyciekom. Zastosowanie wysokiej jako\u015bci uszczelnie\u0144, takich jak uszczelki t\u0142okowe i t\u0142oczyskowe, gwarantuje trwa\u0142o\u015b\u0107 i niezawodno\u015b\u0107. Dob\u00f3r materia\u0142\u00f3w, takich jak poliuretan i kauczuk nitrylowy, zwi\u0119ksza odporno\u015b\u0107 na zu\u017cycie i czynniki \u015brodowiskowe, zapewniaj\u0105c p\u0142ynn\u0105 prac\u0119 si\u0142ownika przez d\u0142ugi czas.<\/h3>\n<\/li>\n<li>\n<h3>Trwa\u0142o\u015b\u0107<\/h3>\n<p>    Trwa\u0142o\u015b\u0107 jest kluczowym aspektem konstrukcji si\u0142ownika wysi\u0119gnika. Zapewnienie odporno\u015bci si\u0142ownika na trudne warunki pracy, w tym nara\u017cenie na brud, wilgo\u0107 i ekstremalne temperatury, jest kluczowe. Zastosowanie materia\u0142\u00f3w o wysokiej wytrzyma\u0142o\u015bci i pow\u0142ok ochronnych mo\u017ce znacznie zwi\u0119kszy\u0107 trwa\u0142o\u015b\u0107, zmniejszaj\u0105c podatno\u015b\u0107 na zu\u017cycie i awarie, a tym samym obni\u017caj\u0105c koszty konserwacji.<\/h3>\n<\/li>\n<li>\n<h3>Funkcje bezpiecze\u0144stwa<\/h3>\n<p>    Bezpiecze\u0144stwo powinno by\u0107 priorytetem podczas projektowania si\u0142ownik\u00f3w hydraulicznych. Zastosowanie zabezpiecze\u0144, takich jak zawory bezpiecze\u0144stwa, mo\u017ce zapobiec nadmiernemu wzrostowi ci\u015bnienia, co mo\u017ce prowadzi\u0107 do katastrofalnych awarii. Regularne kontrole bezpiecze\u0144stwa w po\u0142\u0105czeniu z solidn\u0105 konstrukcj\u0105 gwarantuj\u0105, \u017ce si\u0142ownik pracuje w bezpiecznych parametrach, chroni\u0105c zar\u00f3wno sprz\u0119t, jak i operator\u00f3w.<\/h3>\n<\/li>\n<li>\n<h3>Dost\u0119pno\u015b\u0107 konserwacyjna<\/h3>\n<p>    Konstrukcja si\u0142ownika wysi\u0119gnika powinna umo\u017cliwia\u0107 \u0142atw\u0105 konserwacj\u0119 i przegl\u0105dy. Funkcje takie jak zdejmowane pokrywy czy \u0142atwo dost\u0119pne punkty smarowania umo\u017cliwiaj\u0105 szybsze wykonywanie czynno\u015bci konserwacyjnych, zapewniaj\u0105c optymalny stan techniczny si\u0142ownika. Konstrukcja u\u0142atwiaj\u0105ca rutynowe kontrole mo\u017ce zapobiec nieoczekiwanym awariom i wyd\u0142u\u017cy\u0107 og\u00f3ln\u0105 \u017cywotno\u015b\u0107 podzespo\u0142u.<\/h3>\n<\/li>\n<\/ul>\n<p><img decoding=\"async\" src=\"https:\/\/www.hydraulic-cylinders.net\/wp-content\/uploads\/2025\/04\/songte-oil-pipes-and-spare-parts.webp\" alt=\"Komponenty cylindr\u00f3w hydraulicznych\"><\/p>\n<h2>Uszczelnianie i smarowanie cylindr\u00f3w hydraulicznych<\/h2>\n<p>Prawid\u0142owe uszczelnienie i smarowanie s\u0105 niezb\u0119dne do wydajnej pracy cylindr\u00f3w hydraulicznych. Aby zachowa\u0107 integralno\u015b\u0107 hydrauliczn\u0105, stosuje si\u0119 r\u00f3\u017cne elementy uszczelniaj\u0105ce, w tym uszczelnienia t\u0142ok\u00f3w i t\u0142oczysk. Wyb\u00f3r materia\u0142\u00f3w uszczelniaj\u0105cych, takich jak poliuretan i kauczuk nitrylowy, ma kluczowe znaczenie dla zapewnienia odporno\u015bci na zu\u017cycie i trwa\u0142o\u015bci.<\/p>\n<p>Korpus cylindra i gwintowane powierzchnie ko\u0144cowe poddawane s\u0105 precyzyjnej obr\u00f3bce w celu zwi\u0119kszenia odporno\u015bci na zu\u017cycie. Regularne smarowanie odpowiedni\u0105 ilo\u015bci\u0105 oleju hydraulicznego jest niezb\u0119dne do zmniejszenia tarcia i zu\u017cycia, zapewniaj\u0105c p\u0142ynn\u0105 prac\u0119 i wyd\u0142u\u017caj\u0105c \u017cywotno\u015b\u0107 cylindra. Przestrzeganie zalece\u0144 producenta dotycz\u0105cych cz\u0119stotliwo\u015bci smarowania i rodzaj\u00f3w stosowanego oleju ma kluczowe znaczenie dla utrzymania optymalnej wydajno\u015bci.<\/p>\n<h2>\u015arodki konserwacji zapobiegawczej<\/h2>\n<ul>\n<li>\n<h3>Regularne kontrole<\/h3>\n<p>    Regularne kontrole cylindr\u00f3w hydraulicznych s\u0105 niezb\u0119dne do wczesnego wykrywania oznak zu\u017cycia. Podczas rutynowych kontroli technicy powinni zwraca\u0107 uwag\u0119 na oznaki wyciek\u00f3w, nietypowe d\u017awi\u0119ki i problemy z wydajno\u015bci\u0105. Dok\u0142adne kontrole mog\u0105 pom\u00f3c zapobiec nieoczekiwanym awariom i zapewni\u0107 d\u0142ugowieczno\u015b\u0107 sprz\u0119tu.<\/h3>\n<\/li>\n<li>\n<h3>Odpowiednie smarowanie<\/h3>\n<p>    Utrzymywanie odpowiedniego harmonogramu smarowania jest kluczowe dla p\u0142ynnej pracy cylindr\u00f3w hydraulicznych. Smarowanie zmniejsza tarcie mi\u0119dzy ruchomymi cz\u0119\u015bciami, zapobiegaj\u0105c nadmiernemu zu\u017cyciu i przegrzaniu. Operatorzy powinni upewni\u0107 si\u0119, \u017ce stosuj\u0105 w\u0142a\u015bciwy rodzaj oleju hydraulicznego, zgodnie z zaleceniami producenta, i przestrzega\u0107 regularnego harmonogramu smarowania.<\/h3>\n<\/li>\n<li>\n<h3>Wymiana uszczelek i kontrola kalibracji<\/h3>\n<p>    Z biegiem czasu uszczelki ulegaj\u0105 degradacji i mog\u0105 wymaga\u0107 wymiany. Regularna kontrola stanu uszczelek i ich wymiana w razie potrzeby mo\u017ce zapobiec wyciekom hydraulicznym. Dodatkowo, okresowe kontrole kalibracji zapewniaj\u0105, \u017ce si\u0142ownik dzia\u0142a w okre\u015blonych granicach tolerancji, co zwi\u0119ksza bezpiecze\u0144stwo i wydajno\u015b\u0107.<\/h3>\n<\/li>\n<\/ul>\n<p><img decoding=\"async\" src=\"https:\/\/www.hydraulic-cylinders.net\/wp-content\/uploads\/2025\/04\/songte-chushion-collar.webp\" alt=\"Ko\u0142nierze cylindryczne z poduszk\u0105\"><\/p>\n<h2>Wytyczne dotycz\u0105ce instalacji<\/h2>\n<p>Prawid\u0142owy monta\u017c si\u0142ownik\u00f3w hydraulicznych ma kluczowe znaczenie dla ich wydajno\u015bci i trwa\u0142o\u015bci. Na pocz\u0105tek nale\u017cy upewni\u0107 si\u0119, \u017ce miejsce monta\u017cu jest czyste i wolne od zanieczyszcze\u0144. Si\u0142ownik musi by\u0107 prawid\u0142owo wyosiowany; brak wyosiowania mo\u017ce prowadzi\u0107 do przedwczesnego zu\u017cycia lub awarii. Nale\u017cy u\u017cy\u0107 odpowiednich wspornik\u00f3w monta\u017cowych, aby pewnie zamocowa\u0107 si\u0142ownik.<\/p>\n<p>Podczas monta\u017cu nale\u017cy zwr\u00f3ci\u0107 uwag\u0119 na momenty dokr\u0119cania podane przez producenta, aby zapobiec uszkodzeniu cylindra lub powi\u0105zanych element\u00f3w. Po monta\u017cu nale\u017cy przeprowadzi\u0107 pr\u00f3b\u0119 ci\u015bnieniow\u0105, aby upewni\u0107 si\u0119, \u017ce system dzia\u0142a prawid\u0142owo i bez wyciek\u00f3w. Regularnie sprawdzaj metod\u0119 monta\u017cu i dostosuj j\u0105 w razie potrzeby, aby utrzyma\u0107 optymaln\u0105 wydajno\u015b\u0107.<\/p>\n<h2>Typowe zadania konserwacyjne<\/h2>\n<ul>\n<li>\n<h3>Regularne kontrole<\/h3>\n<p>    Wa\u017cne jest, aby regularnie sprawdza\u0107 si\u0142owniki hydrauliczne pod k\u0105tem oznak zu\u017cycia, uszkodze\u0144 lub wyciek\u00f3w. Wczesne wykrycie problem\u00f3w mo\u017ce zapobiec kosztownym naprawom i przestojom. Technicy powinni oceni\u0107 wszystkie widoczne elementy i upewni\u0107 si\u0119, \u017ce si\u0142ownik dzia\u0142a p\u0142ynnie, bez nietypowych d\u017awi\u0119k\u00f3w i ruch\u00f3w.<\/h3>\n<\/li>\n<li>\n<h3>Prawid\u0142owe smarowanie<\/h3>\n<p>    Prawid\u0142owe smarowanie ma kluczowe znaczenie dla utrzymania funkcjonalno\u015bci si\u0142ownik\u00f3w hydraulicznych. Operatorzy powinni przestrzega\u0107 zalece\u0144 producenta dotycz\u0105cych rodzaju i cz\u0119stotliwo\u015bci smarowania. Prawid\u0142owe smarowanie zmniejsza zu\u017cycie i zapewnia p\u0142ynn\u0105 prac\u0119 w warunkach ekstremalnego obci\u0105\u017cenia.<\/h3>\n<\/li>\n<li>\n<h3>Wymiana i kalibracja uszczelek<\/h3>\n<p>    Regularna kontrola i wymiana uszczelek jest niezb\u0119dna, aby zapobiec wyciekom p\u0142ynu hydraulicznego. Operatorzy powinni monitorowa\u0107 stan uszczelek i planowa\u0107 ich wymian\u0119 w odst\u0119pach czasu zalecanych przez producenta. Kontrole kalibracji s\u0105 r\u00f3wnie\u017c wa\u017cne, aby zapewni\u0107, \u017ce si\u0142ownik dzia\u0142a zgodnie ze specyfikacj\u0105 producenta, zwi\u0119kszaj\u0105c bezpiecze\u0144stwo i wydajno\u015b\u0107.<\/h3>\n<\/li>\n<\/ul>\n<h2>Zagadnienia bezpiecze\u0144stwa i czynniki \u015brodowiskowe<\/h2>\n<p>Podczas obs\u0142ugi cylindr\u00f3w hydraulicznych \u015brodki bezpiecze\u0144stwa s\u0105 najwa\u017cniejsze. Operatorzy powinni by\u0107 przeszkoleni w zakresie rozpoznawania potencjalnych zagro\u017ce\u0144, w tym wyciek\u00f3w p\u0142ynu hydraulicznego i awarii sprz\u0119tu. Regularne \u0107wiczenia i szkolenia z zakresu bezpiecze\u0144stwa mog\u0105 zwi\u0119kszy\u0107 \u015bwiadomo\u015b\u0107 i gotowo\u015b\u0107 personelu.<\/p>\n<p>Ponadto, czynniki \u015brodowiskowe powinny by\u0107 uwzgl\u0119dniane przy projektowaniu i eksploatacji uk\u0142ad\u00f3w hydraulicznych. Nale\u017cy dba\u0107 o konserwacj\u0119 sprz\u0119tu, aby zminimalizowa\u0107 ryzyko wyciek\u00f3w i rozlania p\u0142yn\u00f3w hydraulicznych, kt\u00f3re mog\u0105 mie\u0107 szkodliwy wp\u0142yw na \u015brodowisko. Stosowanie przyjaznych dla \u015brodowiska p\u0142yn\u00f3w hydraulicznych mo\u017ce dodatkowo ograniczy\u0107 negatywny wp\u0142yw na \u015brodowisko.<\/p>\n<h2>Rozwi\u0105zywanie problem\u00f3w i typowe problemy<\/h2>\n<ul>\n<li>\n<h3>Problemy z wyciekami<\/h3>\n<p>    Wycieki p\u0142ynu hydraulicznego mog\u0105 wyst\u0105pi\u0107 z powodu zu\u017cytych uszczelnie\u0144 lub uszkodzonych podzespo\u0142\u00f3w. Regularne kontrole i terminowa wymiana uszczelnie\u0144 s\u0105 kluczowe, aby zapobiec powa\u017cnym wyciekom, kt\u00f3re mog\u0105 prowadzi\u0107 do przestoj\u00f3w w pracy.<\/h3>\n<\/li>\n<li>\n<h3>Niewystarczaj\u0105ca moc<\/h3>\n<p>    Je\u015bli uk\u0142ad hydrauliczny nie dostarcza odpowiedniej mocy, mo\u017ce to wskazywa\u0107 na niski poziom p\u0142ynu, zapowietrzenie uk\u0142adu lub problemy z pomp\u0105. Operatorzy powinni regularnie sprawdza\u0107 poziom p\u0142ynu i w razie potrzeby odpowietrza\u0107 uk\u0142ad, aby wyeliminowa\u0107 p\u0119cherzyki powietrza.<\/h3>\n<\/li>\n<li>\n<h3>Nietypowy ha\u0142as lub wibracje<\/h3>\n<p>    Nietypowe d\u017awi\u0119ki lub wibracje podczas pracy mog\u0105 sygnalizowa\u0107 niewsp\u00f3\u0142osiowo\u015b\u0107 lub zu\u017cycie podzespo\u0142\u00f3w. Takie problemy wymagaj\u0105 natychmiastowej kontroli, aby unikn\u0105\u0107 dalszych uszkodze\u0144 i zapewni\u0107 bezpieczn\u0105 eksploatacj\u0119.<\/h3>\n<\/li>\n<\/ul>\n<p>Aby skutecznie diagnozowa\u0107 i rozwi\u0105zywa\u0107 problemy, operatorzy powinni prowadzi\u0107 dobrze udokumentowany dziennik konserwacji i post\u0119powa\u0107 zgodnie z wytycznymi producenta. \u015arodki zapobiegawcze, takie jak rutynowe przegl\u0105dy i terminowe naprawy, mog\u0105 znacznie zmniejszy\u0107 prawdopodobie\u0144stwo wyst\u0105pienia powa\u017cnych usterek.<\/p>\n<p><img decoding=\"async\" src=\"https:\/\/www.hydraulic-cylinders.net\/wp-content\/uploads\/2025\/04\/songte-bushings-with-all-kinds-of-excavator-models.webp\" alt=\"Tuleje do modeli koparek\"><\/p>\n<h2>O naszej firmie<\/h2>\n<p>Jeste\u015bmy wiod\u0105cym producentem zamiennych si\u0142ownik\u00f3w hydraulicznych, specjalizuj\u0105cym si\u0119 w szerokiej gamie produkt\u00f3w, kt\u00f3re zaspokajaj\u0105 potrzeby zar\u00f3wno rynku krajowego, jak i mi\u0119dzynarodowego. Nasze d\u0105\u017cenie do doskona\u0142o\u015bci jest wspierane przez zaawansowan\u0105 strategi\u0119 produkcyjn\u0105, kt\u00f3ra k\u0142adzie nacisk na precyzj\u0119 i kontrol\u0119 jako\u015bci. Wykorzystuj\u0105c zaawansowany sprz\u0119t produkcyjny i wykwalifikowan\u0105 kadr\u0119, stale zwi\u0119kszamy nasze mo\u017cliwo\u015bci produkcyjne, aby sprosta\u0107 zr\u00f3\u017cnicowanym potrzebom klient\u00f3w.<\/p>\n<p>Nasza oferta obejmuje r\u00f3\u017cnorodne si\u0142owniki hydrauliczne zaprojektowane z my\u015bl\u0105 o trwa\u0142o\u015bci i niezawodno\u015bci. Przestrzegamy mi\u0119dzynarodowych norm i certyfikat\u00f3w, co gwarantuje, \u017ce nasze produkty spe\u0142niaj\u0105 najwy\u017csze standardy bran\u017cowe. Ponadto oferujemy rozwi\u0105zania dostosowane do indywidualnych potrzeb, zwi\u0119kszaj\u0105c wydajno\u015b\u0107 maszyn naszych klient\u00f3w.<\/p>\n<p>Nasz serwis posprzeda\u017cowy jest kompleksowy, zapewniaj\u0105c klientom sta\u0142e wsparcie i doradztwo. D\u0105\u017cymy do budowania d\u0142ugoterminowych relacji z naszymi klientami, oferuj\u0105c wyj\u0105tkow\u0105 obs\u0142ug\u0119 i dbaj\u0105c o jako\u015b\u0107.<\/p>\n<p><img decoding=\"async\" src=\"https:\/\/www.hydraulic-cylinders.net\/wp-content\/uploads\/2025\/04\/songte-company-4.webp\" alt=\"Przegl\u0105d firmy\"><br \/>\n<img decoding=\"async\" src=\"https:\/\/www.hydraulic-cylinders.net\/wp-content\/uploads\/2025\/04\/songte-company-3.webp\" alt=\"Obiekty produkcyjne\"><\/p>\n<p>Autor: lyl<\/p>","protected":false},"excerpt":{"rendered":"<p>Boom Cylinder For Volwa Large Excavator DLS360-8B Overview of Boom Cylinders The Boom Cylinder for the Volwa Large Excavator DLS360-8B is a crucial hydraulic component that plays a vital role in the operation of heavy machinery. Specifically designed for controlling the movement of the excavator&#8217;s boom, this hydraulic cylinder allows the attachment to elevate, lower, [&hellip;]<\/p>","protected":false},"featured_media":17878,"comment_status":"open","ping_status":"closed","template":"","meta":{"_et_pb_use_builder":"","_et_pb_old_content":"","_et_gb_content_width":""},"product_brand":[],"product_cat":[1546],"product_tag":[1547,1496],"class_list":{"0":"post-19615","1":"product","2":"type-product","3":"status-publish","4":"has-post-thumbnail","6":"product_cat-boom-cylinders","7":"product_tag-boom-cylinders","8":"product_tag-hydraulic-cylinders","10":"first","11":"instock","12":"shipping-taxable","13":"product-type-simple"},"amp_enabled":true,"_links":{"self":[{"href":"https:\/\/www.hydraulic-cylinders.net\/pl\/wp-json\/wp\/v2\/product\/19615","targetHints":{"allow":["GET"]}}],"collection":[{"href":"https:\/\/www.hydraulic-cylinders.net\/pl\/wp-json\/wp\/v2\/product"}],"about":[{"href":"https:\/\/www.hydraulic-cylinders.net\/pl\/wp-json\/wp\/v2\/types\/product"}],"replies":[{"embeddable":true,"href":"https:\/\/www.hydraulic-cylinders.net\/pl\/wp-json\/wp\/v2\/comments?post=19615"}],"wp:featuredmedia":[{"embeddable":true,"href":"https:\/\/www.hydraulic-cylinders.net\/pl\/wp-json\/wp\/v2\/media\/17878"}],"wp:attachment":[{"href":"https:\/\/www.hydraulic-cylinders.net\/pl\/wp-json\/wp\/v2\/media?parent=19615"}],"wp:term":[{"taxonomy":"product_brand","embeddable":true,"href":"https:\/\/www.hydraulic-cylinders.net\/pl\/wp-json\/wp\/v2\/product_brand?post=19615"},{"taxonomy":"product_cat","embeddable":true,"href":"https:\/\/www.hydraulic-cylinders.net\/pl\/wp-json\/wp\/v2\/product_cat?post=19615"},{"taxonomy":"product_tag","embeddable":true,"href":"https:\/\/www.hydraulic-cylinders.net\/pl\/wp-json\/wp\/v2\/product_tag?post=19615"}],"curies":[{"name":"wp","href":"https:\/\/api.w.org\/{rel}","templated":true}]}}