{"id":19617,"date":"2025-04-07T06:57:38","date_gmt":"2025-04-07T06:57:38","guid":{"rendered":"https:\/\/www.hydraulic-cylinders.net\/product\/boom-cylinder-for-volwa-wheel-excavator-dls865-9a\/"},"modified":"2025-04-07T06:57:50","modified_gmt":"2025-04-07T06:57:50","slug":"boom-cylinder-for-volwa-wheel-excavator-dls865-9a","status":"publish","type":"product","link":"https:\/\/www.hydraulic-cylinders.net\/pl\/produkt\/boom-cylinder-for-volwa-wheel-excavator-dls865-9a\/","title":{"rendered":"Si\u0142ownik wysi\u0119gnika do koparki ko\u0142owej Volwa DLS865-9A"},"content":{"rendered":"<h1>Si\u0142ownik wysi\u0119gnika do koparki ko\u0142owej Volwa DLS865-9A<\/h1>\n<h2>Zrozumienie cylindra wysi\u0119gnika<\/h2>\n<p>Si\u0142ownik wysi\u0119gnika jest kluczowym elementem ci\u0119\u017ckich maszyn, zaprojektowanym specjalnie do sterowania ruchem \u0142y\u017cki w koparkach, koparko-\u0142adowarkach i \u0142adowarkach czo\u0142owych. Jest klasyfikowany jako si\u0142ownik hydrauliczny, umo\u017cliwiaj\u0105cy podnoszenie, opuszczanie i przechylanie \u0142y\u017cki, u\u0142atwiaj\u0105c tym samym r\u00f3\u017cnorodne zadania zwi\u0105zane z prze\u0142adunkiem materia\u0142\u00f3w. Ten si\u0142ownik hydrauliczny dzia\u0142a w uk\u0142adzie hydraulicznym, kt\u00f3ry wykorzystuje spr\u0119\u017cony p\u0142yn do przenoszenia si\u0142y i zapewnia p\u0142ynny ruch. Podstawow\u0105 funkcj\u0105 si\u0142ownika wysi\u0119gnika jest zapewnienie niezb\u0119dnej mocy i kontroli do pracy \u0142y\u017cki, co czyni go niezb\u0119dnym w budownictwie, pracach ziemnych i rolnictwie.<\/p>\n<p><img decoding=\"async\" src=\"https:\/\/www.hydraulic-cylinders.net\/wp-content\/uploads\/2025\/04\/songte-company-1.webp\" alt=\"Si\u0142ownik wysi\u0119gnika\"><\/p>\n<h2>Cechy cylindra wysi\u0119gnika<\/h2>\n<ul>\n<li><strong>Wysoka wytrzyma\u0142o\u015b\u0107 i trwa\u0142o\u015b\u0107:<\/strong> Wykonany zazwyczaj z wysokowytrzyma\u0142ej stali lub aluminium, ten cylinder wytrzymuje wysokie ci\u015bnienie i du\u017ce obci\u0105\u017cenia, co czyni go idealnym do pracy w trudnych warunkach. Konstrukcja cylindra uwzgl\u0119dnia odporno\u015b\u0107 na zu\u017cycie i korozj\u0119, co znacznie wyd\u0142u\u017ca jego \u017cywotno\u015b\u0107.<\/li>\n<li><strong>Wydajna praca uk\u0142adu hydraulicznego:<\/strong> Wykorzystuj\u0105c ci\u015bnienie oleju hydraulicznego, si\u0142ownik wysi\u0119gnika zapewnia p\u0142ynne wsuwanie i wysuwanie. Szybko reaguje na polecenia steruj\u0105ce, zapewniaj\u0105c du\u017c\u0105 si\u0142\u0119 pchania i ci\u0105gni\u0119cia do przenoszenia ci\u0119\u017ckich materia\u0142\u00f3w i wykonywania skomplikowanych zada\u0144.<\/li>\n<li><strong>Dost\u0119pne r\u00f3\u017cne typy:<\/strong> Dost\u0119pne s\u0105 cylindry jednostronnego dzia\u0142ania (dzia\u0142aj\u0105ce w jednym kierunku) i dwustronnego dzia\u0142ania (dzia\u0142aj\u0105ce w obu kierunkach), kt\u00f3re spe\u0142niaj\u0105 r\u00f3\u017cne wymagania operacyjne. Niekt\u00f3re modele maj\u0105 konstrukcj\u0119 teleskopow\u0105, umo\u017cliwiaj\u0105c\u0105 wi\u0119ksze wysuni\u0119cie bez zwi\u0119kszania wymiar\u00f3w zewn\u0119trznych, co jest idealne w zastosowaniach o ograniczonej przestrzeni.<\/li>\n<li><strong>Produkcja niestandardowa:<\/strong> Nasza firma specjalizuje si\u0119 w produkcji tych cylindr\u00f3w, zapewniaj\u0105c doskona\u0142\u0105 kompatybilno\u015b\u0107 i zamiennik dla r\u00f3\u017cnych modeli cylindr\u00f3w hydraulicznych.<\/li>\n<li><strong>Zaawansowana technologia:<\/strong> Stosujemy najnowocze\u015bniejsze techniki produkcyjne i materia\u0142y, co gwarantuje, \u017ce ka\u017cdy si\u0142ownik wysi\u0119gnika spe\u0142nia rygorystyczne standardy jako\u015bci i wydajno\u015bci.<\/li>\n<\/ul>\n<p><img decoding=\"async\" src=\"https:\/\/www.hydraulic-cylinders.net\/wp-content\/uploads\/2025\/04\/songte-cylinder-head-with-all-kinds-excavator-models.webp\" alt=\"Modele koparek kompatybilne z si\u0142ownikiem wysi\u0119gnika\"><\/p>\n<h2>Zastosowania cylindra wysi\u0119gnika<\/h2>\n<h3>Sprz\u0119t budowlany<\/h3>\n<p>W koparkach si\u0142owniki wysi\u0119gnika odgrywaj\u0105 kluczow\u0105 rol\u0119 w kopaniu, \u0142adowaniu i przemieszczaniu gleby lub gruzu. U\u0142atwiaj\u0105 one ruch \u0142y\u017cki, umo\u017cliwiaj\u0105c wydajne wykopywanie r\u00f3\u017cnych materia\u0142\u00f3w. W koparko-\u0142adowarkach si\u0142ownik wysi\u0119gnika wspomaga nie tylko kopanie, ale tak\u017ce podnoszenie, zwi\u0119kszaj\u0105c wszechstronno\u015b\u0107 maszyny. Mo\u017cliwo\u015b\u0107 precyzyjnego sterowania po\u0142o\u017ceniem \u0142y\u017cki zapewnia operatorom precyzj\u0119 wykonywania zada\u0144, minimalizuj\u0105c ryzyko wypadk\u00f3w i zwi\u0119kszaj\u0105c wydajno\u015b\u0107.<\/p>\n<h3>Maszyny rolnicze<\/h3>\n<p>W \u0142adowarkach czo\u0142owych si\u0142owniki wysi\u0119gnika s\u0105 niezb\u0119dne do nabierania, podnoszenia i transportu gleby, siana i innych materia\u0142\u00f3w. Ta funkcjonalno\u015b\u0107 jest kluczowa w takich zadaniach jak za\u0142adunek i roz\u0142adunek materia\u0142\u00f3w, co sprawia, \u017ce \u200b\u200bsi\u0142owniki wysi\u0119gnika s\u0105 kluczowymi elementami w rolnictwie. Ich zdolno\u015b\u0107 do obs\u0142ugi zr\u00f3\u017cnicowanych \u0142adunk\u00f3w i zapewniania precyzyjnego ruchu pomaga rolnikom i pracownikom rolnym wydajniej wykonywa\u0107 swoje zadania.<\/p>\n<h3>Koparki<\/h3>\n<p>W koparkach si\u0142owniki wysi\u0119gnika odpowiadaj\u0105 za skuteczne zag\u0142\u0119bianie si\u0119 \u0142y\u017cki w grunt podczas kopania. Zapewniaj\u0105 one si\u0142\u0119 niezb\u0119dn\u0105 do przebijania si\u0119 przez twarde warstwy gleby, umo\u017cliwiaj\u0105c g\u0142\u0119bsze wykopy. Moc uk\u0142adu hydraulicznego przek\u0142ada si\u0119 na zwi\u0119kszone mo\u017cliwo\u015bci kopania, dzi\u0119ki czemu koparki s\u0105 bardziej efektywne w r\u00f3\u017cnych projektach budowlanych.<\/p>\n<h3>\u0141adowarki<\/h3>\n<p>W \u0142adowarkach czo\u0142owych si\u0142owniki wysi\u0119gnika wspomagaj\u0105 wydajne podnoszenie i opr\u00f3\u017cnianie \u0142adunk\u00f3w. Ich konstrukcja zapewnia p\u0142ynn\u0105 prac\u0119, umo\u017cliwiaj\u0105c operatorom przechylanie i podnoszenie \u0142y\u017cki bez nadmiernego obci\u0105\u017cenia uk\u0142adu hydraulicznego. Ta funkcja jest kluczowa w przypadku zada\u0144 zwi\u0105zanych z za\u0142adunkiem materia\u0142\u00f3w na ci\u0119\u017car\u00f3wki lub ich efektywnym transportem mi\u0119dzy placami budowy.<\/p>\n<h2>Zagadnienia projektowe i kryteria wyboru<\/h2>\n<h3>No\u015bno\u015b\u0107<\/h3>\n<p>Przy wyborze si\u0142ownika wysi\u0119gnika, ud\u017awig jest kluczowym czynnikiem. Si\u0142ownik musi by\u0107 w stanie ud\u017awign\u0105\u0107 maksymalne obci\u0105\u017cenie przewidywane podczas pracy. Producenci okre\u015blaj\u0105 ud\u017awig, a wyb\u00f3r si\u0142ownika o ud\u017awigu przekraczaj\u0105cym oczekiwany zapewnia bezpieczn\u0105 i efektywn\u0105 prac\u0119, zmniejszaj\u0105c ryzyko awarii systemu.<\/p>\n<h3>Mechanizmy uszczelniaj\u0105ce<\/h3>\n<p>Skuteczne uszczelnienie jest kluczowe dla utrzymania ci\u015bnienia hydraulicznego w cylindrze. Wysokiej jako\u015bci uszczelki zapobiegaj\u0105 wyciekom i zapewniaj\u0105 p\u0142ynn\u0105 prac\u0119. R\u00f3\u017cne materia\u0142y uszczelniaj\u0105ce, takie jak poliuretan i kauczuk nitrylowy, zapewniaj\u0105 trwa\u0142o\u015b\u0107 i odporno\u015b\u0107 na zu\u017cycie. Prawid\u0142owe mechanizmy uszczelniaj\u0105ce przyczyniaj\u0105 si\u0119 r\u00f3wnie\u017c do og\u00f3lnej wydajno\u015bci uk\u0142adu hydraulicznego.<\/p>\n<h3>Trwa\u0142o\u015b\u0107<\/h3>\n<p>Trwa\u0142o\u015b\u0107 jest kluczowa w projektowaniu si\u0142ownik\u00f3w wysi\u0119gnika, poniewa\u017c pracuj\u0105 one w trudnych warunkach. Producenci stosuj\u0105 wytrzyma\u0142e materia\u0142y i innowacyjne rozwi\u0105zania, aby wyd\u0142u\u017cy\u0107 ich \u017cywotno\u015b\u0107. Regularne przegl\u0105dy i konserwacja pomagaj\u0105 zidentyfikowa\u0107 oznaki zu\u017cycia, zapewniaj\u0105c funkcjonalno\u015b\u0107 i bezpiecze\u0144stwo si\u0142ownik\u00f3w przez ca\u0142y okres ich eksploatacji.<\/p>\n<h3>Funkcje bezpiecze\u0144stwa<\/h3>\n<p>Bezpiecze\u0144stwo jest najwa\u017cniejsze w uk\u0142adach hydraulicznych. Si\u0142owniki wysi\u0119gnika powinny by\u0107 wyposa\u017cone w zabezpieczenia, takie jak zawory bezpiecze\u0144stwa i mechanizmy zabezpieczaj\u0105ce przed awari\u0105. Zabezpieczenia te zapobiegaj\u0105 przeci\u0105\u017ceniom i nag\u0142ym awariom, chroni\u0105c operator\u00f3w i sprz\u0119t. Zrozumienie i przestrzeganie protoko\u0142\u00f3w bezpiecze\u0144stwa jest kluczowe dla bezpiecznej obs\u0142ugi.<\/p>\n<h3>Konserwacja i serwisowanie<\/h3>\n<p>Zaprojektowanie si\u0142ownik\u00f3w wysi\u0119gnika z my\u015bl\u0105 o \u0142atwo\u015bci konserwacji pozwala operatorom na regularne kontrole i naprawy bez konieczno\u015bci d\u0142ugich przestoj\u00f3w. \u0141atwy dost\u0119p do uszczelnie\u0144, port\u00f3w i innych podzespo\u0142\u00f3w u\u0142atwia konserwacj\u0119 zapobiegawcz\u0105, zmniejszaj\u0105c prawdopodobie\u0144stwo nieoczekiwanych awarii i wyd\u0142u\u017caj\u0105c og\u00f3ln\u0105 \u017cywotno\u015b\u0107 si\u0142ownika.<\/p>\n<p><img decoding=\"async\" src=\"https:\/\/www.hydraulic-cylinders.net\/wp-content\/uploads\/2025\/04\/songte-oil-pipes-and-spare-parts.webp\" alt=\"Cz\u0119\u015bci cylindr\u00f3w hydraulicznych\"><\/p>\n<h2>Uszczelnianie i smarowanie<\/h2>\n<p>Skuteczne uszczelnienie i smarowanie s\u0105 niezb\u0119dne do p\u0142ynnej pracy si\u0142ownik\u00f3w wysi\u0119gnika. R\u00f3\u017cne elementy uszczelniaj\u0105ce, takie jak uszczelnienia t\u0142oka i t\u0142oczyska, odgrywaj\u0105 kluczow\u0105 rol\u0119 w utrzymaniu ci\u015bnienia hydraulicznego i zapobieganiu wyciekom. Wyb\u00f3r materia\u0142\u00f3w uszczelniaj\u0105cych, w tym poliuretanu i kauczuku nitrylowego, zwi\u0119ksza odporno\u015b\u0107 na zu\u017cycie i trwa\u0142o\u015b\u0107. Korpus si\u0142ownika i gwintowane ko\u0144c\u00f3wki poddawane s\u0105 starannej obr\u00f3bce w celu zwi\u0119kszenia odporno\u015bci na zu\u017cycie.<\/p>\n<p>Regularne smarowanie olejem hydraulicznym jest niezb\u0119dne w celu zminimalizowania tarcia i zu\u017cycia. Operatorzy powinni dba\u0107 o regularne uzupe\u0142nianie oleju, aby utrzyma\u0107 optymaln\u0105 wydajno\u015b\u0107. Brak smarowania mo\u017ce prowadzi\u0107 do przedwczesnej awarii cylindra, dlatego konieczne jest przestrzeganie \u015bcis\u0142ego harmonogramu smarowania, dostosowanego do godzin pracy.<\/p>\n<h2>Regularne kontrole i konserwacja zapobiegawcza<\/h2>\n<ul>\n<li><strong>Kontrole rutynowe:<\/strong> Regularnie przeprowadzaj kontrole, aby wykry\u0107 wszelkie oznaki zu\u017cycia, wyciek\u00f3w lub uszkodze\u0144. To proaktywne podej\u015bcie pomaga wcze\u015bnie wykry\u0107 problemy, zapobiegaj\u0105c kosztownym naprawom i zapewniaj\u0105c bezpieczn\u0105 eksploatacj\u0119.<\/li>\n<li><strong>Harmonogram smarowania:<\/strong> Przestrzegaj harmonogramu smarowania zgodnego z zaleceniami producenta. Odpowiednie smarowanie zmniejsza tarcie i wyd\u0142u\u017ca \u017cywotno\u015b\u0107 cylindra.<\/li>\n<li><strong>Wymiana uszczelki:<\/strong> Regularnie sprawdzaj stan uszczelek i wymieniaj je w razie potrzeby. Utrzymanie sprawno\u015bci uszczelek jest kluczowe dla zapobiegania wyciekom i zapewnienia p\u0142ynnej pracy.<\/li>\n<\/ul>\n<h2>Wytyczne dotycz\u0105ce instalacji<\/h2>\n<p>Prawid\u0142owy monta\u017c si\u0142ownika wysi\u0119gnika ma kluczowe znaczenie dla optymalnej wydajno\u015bci. Na pocz\u0105tek upewnij si\u0119, \u017ce wszystkie komponenty s\u0105 czyste i wolne od zanieczyszcze\u0144. Podczas ustawiania si\u0142ownika nale\u017cy zachowa\u0107 prawid\u0142owe ustawienie wzgl\u0119dem punkt\u00f3w mocowania, aby unikn\u0105\u0107 nadmiernego napr\u0119\u017cenia.<\/p>\n<p>U\u017cyj odpowiednich wspornik\u00f3w i mocowa\u0144, aby pewnie zamocowa\u0107 cylinder. Upewnij si\u0119, \u017ce po\u0142\u0105czenia hydrauliczne s\u0105 szczelne i szczelne, poniewa\u017c lu\u017ane po\u0142\u0105czenia mog\u0105 prowadzi\u0107 do awarii systemu. Po monta\u017cu przeprowad\u017a dok\u0142adn\u0105 kontrol\u0119 uk\u0142adu hydraulicznego i przetestuj dzia\u0142anie cylindra przed jego pe\u0142nym u\u017cyciem. Przestrzeganie tych wskaz\u00f3wek minimalizuje ryzyko wyst\u0105pienia komplikacji i zwi\u0119ksza wydajno\u015b\u0107 cylindra.<\/p>\n<h2>Typowe zadania konserwacyjne<\/h2>\n<ul>\n<li><strong>Regularne kontrole:<\/strong> Cz\u0119ste kontrole pod k\u0105tem oznak zu\u017cycia lub wyciek\u00f3w s\u0105 kluczowe dla zachowania integralno\u015bci cylindra. Wczesne wykrycie problem\u00f3w pozwala na terminowe naprawy i unikni\u0119cie potencjalnych awarii.<\/li>\n<li><strong>Prawid\u0142owe smarowanie:<\/strong> Utrzymanie odpowiedniego smarowania jest niezb\u0119dne do zmniejszenia tarcia i zu\u017cycia cz\u0119\u015bci ruchomych. Przestrzeganie harmonogramu smarowania zapewnia p\u0142ynn\u0105 prac\u0119 wszystkich podzespo\u0142\u00f3w.<\/li>\n<li><strong>Wymiana uszczelki:<\/strong> Regularnie sprawdzaj uszczelki pod k\u0105tem uszkodze\u0144 i wymieniaj je w razie potrzeby. Skuteczne uszczelki pomagaj\u0105 utrzyma\u0107 ci\u015bnienie hydrauliczne i zapobiegaj\u0105 wyciekom, zapewniaj\u0105c optymaln\u0105 wydajno\u015b\u0107.<\/li>\n<\/ul>\n<h2>Zagadnienia bezpiecze\u0144stwa i czynniki \u015brodowiskowe<\/h2>\n<p>W przypadku uk\u0142ad\u00f3w hydraulicznych \u015brodki bezpiecze\u0144stwa s\u0105 najwa\u017cniejsze. Operatorzy powinni zosta\u0107 przeszkoleni w zakresie potencjalnych zagro\u017ce\u0144 zwi\u0105zanych z urz\u0105dzeniami hydraulicznymi, w tym przewod\u00f3w wysokiego ci\u015bnienia oraz ryzyka nag\u0142ych awarii. Odpowiednie szkolenie i przestrzeganie protoko\u0142\u00f3w bezpiecze\u0144stwa s\u0105 niezb\u0119dne do minimalizacji ryzyka i zapewnienia bezpiecznego \u015brodowiska pracy.<\/p>\n<h2>Rozwi\u0105zywanie problem\u00f3w i typowe problemy<\/h2>\n<ul>\n<li><strong>Przeciek:<\/strong> Je\u015bli zauwa\u017cysz wyciek p\u0142ynu hydraulicznego, sprawd\u017a uszczelki i po\u0142\u0105czenia pod k\u0105tem uszkodze\u0144. Wymiana zu\u017cytych uszczelek cz\u0119sto mo\u017ce rozwi\u0105za\u0107 problem.<\/li>\n<li><strong>S\u0142aba wydajno\u015b\u0107:<\/strong> Je\u015bli si\u0142ownik nie dzia\u0142a zgodnie z oczekiwaniami, sprawd\u017a, czy w uk\u0142adzie nie ma za niskiego poziomu p\u0142ynu hydraulicznego lub czy nie ma powietrza. Odpowietrzenie uk\u0142adu i uzupe\u0142nienie p\u0142ynu mo\u017ce przywr\u00f3ci\u0107 prawid\u0142owe dzia\u0142anie.<\/li>\n<li><strong>Nietypowe d\u017awi\u0119ki:<\/strong> Nietypowe d\u017awi\u0119ki mog\u0105 wskazywa\u0107 na problemy mechaniczne lub niedostateczne smarowanie. Zbadaj \u017ar\u00f3d\u0142o ha\u0142asu i upewnij si\u0119, \u017ce smarowanie jest prawid\u0142owe.<\/li>\n<\/ul>\n<p>Wdra\u017canie \u015brodk\u00f3w zapobiegawczych i regularna konserwacja mog\u0105 zminimalizowa\u0107 potencjalne problemy, zapewniaj\u0105c d\u0142u\u017csz\u0105 \u017cywotno\u015b\u0107 cylindra.<\/p>\n<p><img decoding=\"async\" src=\"https:\/\/www.hydraulic-cylinders.net\/wp-content\/uploads\/2025\/04\/songte-bushings-with-all-kinds-of-excavator-models.webp\" alt=\"Tuleje koparki\"><\/p>\n<h2>O naszej firmie<\/h2>\n<p>Jeste\u015bmy wiod\u0105cym producentem i hurtownikiem si\u0142ownik\u00f3w hydraulicznych, oferuj\u0105cym szerok\u0105 gam\u0119 produkt\u00f3w, spe\u0142niaj\u0105cych zr\u00f3\u017cnicowane potrzeby przemys\u0142u. Nasze zaanga\u017cowanie w d\u0105\u017cenie do doskona\u0142o\u015bci jako\u015bci jest wspierane przez dopracowan\u0105 strategi\u0119 produkcyjn\u0105, kt\u00f3ra k\u0142adzie nacisk na precyzj\u0119 i wydajno\u015b\u0107.<\/p>\n<p>Wykorzystujemy zaawansowan\u0105 technologi\u0119, wykwalifikowan\u0105 kadr\u0119 pracownicz\u0105 i rygorystyczne \u015brodki kontroli jako\u015bci, aby zwi\u0119kszy\u0107 nasze mo\u017cliwo\u015bci produkcyjne. Nasze produkty s\u0105 projektowane zgodnie z mi\u0119dzynarodowymi standardami, co gwarantuje niezawodno\u015b\u0107 i wydajno\u015b\u0107. Oferujemy us\u0142ugi niestandardowe, dostosowane do indywidualnych wymaga\u0144 klienta, co dodatkowo umacnia nasz\u0105 pozycj\u0119 na rynku globalnym.<\/p>\n<p><img decoding=\"async\" src=\"https:\/\/www.hydraulic-cylinders.net\/wp-content\/uploads\/2025\/04\/songte-company-4.webp\" alt=\"Obiekty firmy\"><br \/>\n<img decoding=\"async\" src=\"https:\/\/www.hydraulic-cylinders.net\/wp-content\/uploads\/2025\/04\/songte-company-3.webp\" alt=\"Sprz\u0119t produkcyjny\"><\/p>\n<p>Autor: lyl<\/p>","protected":false},"excerpt":{"rendered":"<p>Boom Cylinder For Volwa Wheel Excavator DLS865-9A Understanding the Boom Cylinder The boom cylinder is a crucial component of heavy machinery, specifically designed to control the movement of buckets in excavators, backhoes, and front loaders. It is classified as a hydraulic cylinder, enabling the lifting, lowering, and tilting of the bucket, thus facilitating various material [&hellip;]<\/p>","protected":false},"featured_media":17880,"comment_status":"open","ping_status":"closed","template":"","meta":{"_et_pb_use_builder":"","_et_pb_old_content":"","_et_gb_content_width":""},"product_brand":[],"product_cat":[1546],"product_tag":[1547,1496],"class_list":{"0":"post-19617","1":"product","2":"type-product","3":"status-publish","4":"has-post-thumbnail","6":"product_cat-boom-cylinders","7":"product_tag-boom-cylinders","8":"product_tag-hydraulic-cylinders","10":"first","11":"instock","12":"shipping-taxable","13":"product-type-simple"},"amp_enabled":true,"_links":{"self":[{"href":"https:\/\/www.hydraulic-cylinders.net\/pl\/wp-json\/wp\/v2\/product\/19617","targetHints":{"allow":["GET"]}}],"collection":[{"href":"https:\/\/www.hydraulic-cylinders.net\/pl\/wp-json\/wp\/v2\/product"}],"about":[{"href":"https:\/\/www.hydraulic-cylinders.net\/pl\/wp-json\/wp\/v2\/types\/product"}],"replies":[{"embeddable":true,"href":"https:\/\/www.hydraulic-cylinders.net\/pl\/wp-json\/wp\/v2\/comments?post=19617"}],"wp:featuredmedia":[{"embeddable":true,"href":"https:\/\/www.hydraulic-cylinders.net\/pl\/wp-json\/wp\/v2\/media\/17880"}],"wp:attachment":[{"href":"https:\/\/www.hydraulic-cylinders.net\/pl\/wp-json\/wp\/v2\/media?parent=19617"}],"wp:term":[{"taxonomy":"product_brand","embeddable":true,"href":"https:\/\/www.hydraulic-cylinders.net\/pl\/wp-json\/wp\/v2\/product_brand?post=19617"},{"taxonomy":"product_cat","embeddable":true,"href":"https:\/\/www.hydraulic-cylinders.net\/pl\/wp-json\/wp\/v2\/product_cat?post=19617"},{"taxonomy":"product_tag","embeddable":true,"href":"https:\/\/www.hydraulic-cylinders.net\/pl\/wp-json\/wp\/v2\/product_tag?post=19617"}],"curies":[{"name":"wp","href":"https:\/\/api.w.org\/{rel}","templated":true}]}}