{"id":19618,"date":"2025-04-07T06:57:50","date_gmt":"2025-04-07T06:57:50","guid":{"rendered":"https:\/\/www.hydraulic-cylinders.net\/product\/boom-cylinder-for-volwa-wheel-excavator-dls890-9a\/"},"modified":"2025-04-07T06:57:53","modified_gmt":"2025-04-07T06:57:53","slug":"boom-cylinder-for-volwa-wheel-excavator-dls890-9a","status":"publish","type":"product","link":"https:\/\/www.hydraulic-cylinders.net\/pl\/produkt\/boom-cylinder-for-volwa-wheel-excavator-dls890-9a\/","title":{"rendered":"Si\u0142ownik wysi\u0119gnika do koparki ko\u0142owej Volwa DLS890-9A"},"content":{"rendered":"<h1>Si\u0142ownik wysi\u0119gnika do koparki ko\u0142owej Volwa DLS890-9A<\/h1>\n<h2>Przegl\u0105d produktu<\/h2>\n<p>Si\u0142ownik wysi\u0119gnika do koparki ko\u0142owej Volwa DLS890-9A to specjalistyczny si\u0142ownik hydrauliczny zaprojektowany w celu optymalizacji funkcjonalno\u015bci koparek. Umo\u017cliwia on precyzyjne sterowanie ruchem \u0142y\u017cki, co jest kluczowe w przypadku r\u00f3\u017cnych zada\u0144 wykonywanych przez ci\u0119\u017cki sprz\u0119t. Jako rodzaj si\u0142ownika hydraulicznego, si\u0142ownik \u0142y\u017cki jest niezb\u0119dny do sterowania ruchem \u0142y\u017cki w ci\u0119\u017ckim sprz\u0119cie, takim jak koparki, koparko-\u0142adowarki i \u0142adowarki czo\u0142owe. U\u0142atwia podnoszenie, opuszczanie i przechylanie \u0142y\u017cki, co czyni go niezast\u0105pionym podczas prac zwi\u0105zanych z prze\u0142adunkiem materia\u0142\u00f3w.<\/p>\n<p><img decoding=\"async\" src=\"https:\/\/www.hydraulic-cylinders.net\/wp-content\/uploads\/2025\/04\/songte-company-1.webp\" alt=\"Si\u0142ownik wysi\u0119gnika do koparki\" \/><\/p>\n<h3>Definicja i znaczenie<\/h3>\n<p>Cylindry czerpakowe to cylindry hydrauliczne zaprojektowane specjalnie do ci\u0119\u017ckich maszyn, umo\u017cliwiaj\u0105ce im wydajne wykonywanie r\u00f3\u017cnorodnych zada\u0144. Cylindry te dzia\u0142aj\u0105 poprzez przekszta\u0142canie energii hydraulicznej w energi\u0119 mechaniczn\u0105, zapewniaj\u0105c w ten spos\u00f3b si\u0142\u0119 niezb\u0119dn\u0105 do wykonywania wymagaj\u0105cych zada\u0144. Maj\u0105 one kluczowe znaczenie dla zwi\u0119kszenia wydajno\u015bci operacyjnej i efektywno\u015bci koparek i podobnego sprz\u0119tu, umo\u017cliwiaj\u0105c operatorom wykonywanie precyzyjnych czynno\u015bci podczas prze\u0142adunku materia\u0142\u00f3w, kopania lub podnoszenia \u0142adunk\u00f3w.<\/p>\n<h2>Cechy cylindra wysi\u0119gnika<\/h2>\n<ul>\n<li><strong>Wysoka wytrzyma\u0142o\u015b\u0107 i trwa\u0142o\u015b\u0107:<\/strong> Wykonane z wysokowytrzyma\u0142ej stali lub aluminium, te cylindry wytrzymuj\u0105 wysokie ci\u015bnienie i du\u017ce obci\u0105\u017cenia, dostosowuj\u0105c si\u0119 do trudnych warunk\u00f3w pracy. Zaprojektowano je z my\u015bl\u0105 o odporno\u015bci na zu\u017cycie i korozj\u0119, co wyd\u0142u\u017ca ich \u017cywotno\u015b\u0107.<\/li>\n<li><strong>Wydajna praca uk\u0142adu hydraulicznego:<\/strong> Wykorzystanie ci\u015bnienia oleju hydraulicznego umo\u017cliwia p\u0142ynne wysuwanie i wsuwanie. Si\u0142owniki te szybko reaguj\u0105 na polecenia operacyjne, zapewniaj\u0105c du\u017c\u0105 si\u0142\u0119 pchania i ci\u0105gni\u0119cia, odpowiedni\u0105 do przenoszenia ci\u0119\u017ckich przedmiot\u00f3w i skomplikowanych zada\u0144.<\/li>\n<li><strong>R\u00f3\u017cne typy:<\/strong> Dost\u0119pne w wersji jednostronnego dzia\u0142ania (wykorzystuj\u0105cej ci\u015bnienie hydrauliczne w jednym kierunku) lub dwustronnego dzia\u0142ania (wykorzystuj\u0105cej ci\u015bnienie hydrauliczne w obu kierunkach), aby sprosta\u0107 r\u00f3\u017cnym potrzebom operacyjnym. Niekt\u00f3re modele s\u0105 teleskopowe, co pozwala na wi\u0119ksze wysuni\u0119cie bez zwi\u0119kszania wymiar\u00f3w zewn\u0119trznych, co jest idealne w zastosowaniach o ograniczonej przestrzeni.<\/li>\n<li><strong>Opcje dostosowywania:<\/strong> Produkty mog\u0105 by\u0107 dostosowane do konkretnych wymaga\u0144, co gwarantuje kompatybilno\u015b\u0107 z r\u00f3\u017cnymi modelami koparek i wymaganiami operacyjnymi.<\/li>\n<li><strong>Produkcja wysokiej jako\u015bci:<\/strong> Nasze cylindry s\u0105 produkowane z dba\u0142o\u015bci\u0105 o szczeg\u00f3\u0142y i spe\u0142niaj\u0105 rygorystyczne standardy bran\u017cowe, co gwarantuje niezawodno\u015b\u0107 i wydajno\u015b\u0107.<\/li>\n<\/ul>\n<p>Jeste\u015bmy w stanie wyprodukowa\u0107 ten produkt, a nasze cylindry hydrauliczne mog\u0105 doskonale zast\u0105pi\u0107 istniej\u0105ce opcje.<\/p>\n<p><img decoding=\"async\" src=\"https:\/\/www.hydraulic-cylinders.net\/wp-content\/uploads\/2025\/04\/songte-cylinder-head-with-all-kinds-excavator-models.webp\" alt=\"Modele koparek\" \/><\/p>\n<h2>Zastosowania cylindra wysi\u0119gnika<\/h2>\n<h3>Sprz\u0119t budowlany<\/h3>\n<p>W koparkach si\u0142owniki wysi\u0119gnika s\u0105 niezb\u0119dne do kopania, za\u0142adunku i przemieszczania gleby lub gruzu. Umo\u017cliwiaj\u0105 one kopanie i podnoszenie ci\u0119\u017ckich \u0142adunk\u00f3w, zwi\u0119kszaj\u0105c wydajno\u015b\u0107 prac budowlanych. Koparki wykorzystuj\u0105 si\u0142owniki wysi\u0119gnika zar\u00f3wno do kopania, jak i podnoszenia, co czyni je integraln\u0105 cz\u0119\u015bci\u0105 maszyny.<\/p>\n<h3>Maszyny rolnicze<\/h3>\n<p>W \u0142adowarkach czo\u0142owych si\u0142owniki wysi\u0119gnika s\u0105 niezb\u0119dne do nabierania, podnoszenia i transportu gleby, siana i innych materia\u0142\u00f3w. Ich niezawodne dzia\u0142anie zapewnia szybkie i wydajne wykonywanie prac rolniczych, przyczyniaj\u0105c si\u0119 do wzrostu wydajno\u015bci w rolnictwie.<\/p>\n<h3>Koparki<\/h3>\n<p>Si\u0142owniki wysi\u0119gnika koparki umo\u017cliwiaj\u0105 \u0142y\u017cce koparki penetracj\u0119 gleby podczas kopania, co czyni je kluczowymi elementami projekt\u00f3w budowlanych i ogrodniczych. Si\u0142owniki te zapewniaj\u0105 niezb\u0119dn\u0105 si\u0142\u0119 do przebijania si\u0119 przez tward\u0105 gleb\u0119 i efektywnego transportu materia\u0142\u00f3w.<\/p>\n<h3>\u0141adowarki<\/h3>\n<p>W \u0142adowarkach czo\u0142owych si\u0142owniki wysi\u0119gnika wspomagaj\u0105 wydajne podnoszenie i zrzucanie \u0142adunk\u00f3w. Ich zdolno\u015b\u0107 do p\u0142ynnej pracy pod ci\u015bnieniem umo\u017cliwia \u0142adowarkom wykonywanie r\u00f3\u017cnorodnych zada\u0144, od przemieszczania \u017cwiru po usuwanie gruzu.<\/p>\n<h2>Zagadnienia projektowe i kryteria wyboru<\/h2>\n<h3>No\u015bno\u015b\u0107<\/h3>\n<p>Przy wyborze si\u0142ownika wysi\u0119gnika, ud\u017awig jest najwa\u017cniejszym czynnikiem. Si\u0142ownik musi by\u0107 w stanie ud\u017awign\u0105\u0107 maksymalne obci\u0105\u017cenie przewidywane podczas pracy, aby zapobiec awarii i zapewni\u0107 bezpiecze\u0144stwo. Nale\u017cy zawsze przestrzega\u0107 specyfikacji technicznych dotycz\u0105cych maksymalnego ud\u017awigu.<\/p>\n<h3>Wydajno\u015b\u0107 uszczelnienia<\/h3>\n<p>Uszczelnienie ma kluczowe znaczenie dla utrzymania ci\u015bnienia hydraulicznego w cylindrze. Wysokiej jako\u015bci uszczelki zapobiegaj\u0105 wyciekom oleju, zapewniaj\u0105c wydajn\u0105 prac\u0119 i minimalizuj\u0105c wp\u0142yw na \u015brodowisko. Regularna kontrola uszczelnie\u0144 jest konieczna, aby wymieni\u0107 zu\u017cyte elementy, zanim ulegn\u0105 awarii.<\/p>\n<h3>Trwa\u0142o\u015b\u0107<\/h3>\n<p>Trwa\u0142o\u015b\u0107 si\u0142ownika hydraulicznego jest kluczowa, szczeg\u00f3lnie w wymagaj\u0105cych warunkach. Zastosowanie materia\u0142\u00f3w odpornych na zu\u017cycie, takich jak hartowana stal, wyd\u0142u\u017ca \u017cywotno\u015b\u0107 si\u0142ownika i zmniejsza cz\u0119stotliwo\u015b\u0107 wymiany.<\/p>\n<h3>Bezpiecze\u0144stwo<\/h3>\n<p>Zabezpieczenia s\u0105 kluczowym aspektem konstrukcji butli. Nale\u017c\u0105 do nich zawory bezpiecze\u0144stwa, zapobiegaj\u0105ce nadmiernemu ci\u015bnieniu i zapewniaj\u0105ce bezpieczn\u0105 obs\u0142ug\u0119. Operatorzy powinni by\u0107 zawsze przeszkoleni w zakresie rozpoznawania objaw\u00f3w potencjalnej awarii butli, aby zminimalizowa\u0107 ryzyko.<\/p>\n<h3>Utrzymywalno\u015b\u0107<\/h3>\n<p>\u0141atwo\u015b\u0107 konserwacji jest istotnym czynnikiem w przypadku ka\u017cdego si\u0142ownika hydraulicznego. Konstrukcje umo\u017cliwiaj\u0105ce \u0142atwy dost\u0119p do uszczelnie\u0144 i podzespo\u0142\u00f3w wewn\u0119trznych u\u0142atwiaj\u0105 operatorom regularn\u0105 konserwacj\u0119, wyd\u0142u\u017caj\u0105c tym samym \u017cywotno\u015b\u0107 si\u0142ownika.<\/p>\n<p><img decoding=\"async\" src=\"https:\/\/www.hydraulic-cylinders.net\/wp-content\/uploads\/2025\/04\/songte-oil-pipes-and-spare-parts.webp\" alt=\"Cz\u0119\u015bci hydrauliczne\" \/><\/p>\n<h2>Uszczelnianie i smarowanie<\/h2>\n<p>Prawid\u0142owe uszczelnienie i smarowanie s\u0105 kluczowe dla trwa\u0142o\u015bci cylindr\u00f3w hydraulicznych. R\u00f3\u017cne elementy uszczelniaj\u0105ce, takie jak uszczelnienia t\u0142oka i t\u0142oczyska, zapobiegaj\u0105 wyciekom oleju hydraulicznego z cylindra. Zaleca si\u0119 stosowanie uszczelnie\u0144 wykonanych z trwa\u0142ych materia\u0142\u00f3w, takich jak poliuretan i kauczuk nitrylowy, ze wzgl\u0119du na ich odporno\u015b\u0107 na zu\u017cycie.<\/p>\n<p>Korpus cylindra i gwintowane powierzchnie ko\u0144cowe s\u0105 precyzyjnie obrobione, aby zwi\u0119kszy\u0107 odporno\u015b\u0107 na zu\u017cycie. Regularne smarowanie odpowiednim olejem hydraulicznym jest niezb\u0119dne, aby zminimalizowa\u0107 tarcie i zu\u017cycie element\u00f3w wewn\u0119trznych, zapewniaj\u0105c p\u0142ynn\u0105 prac\u0119.<\/p>\n<h2>\u015arodki konserwacji zapobiegawczej<\/h2>\n<ul>\n<li><strong>Regularne kontrole:<\/strong> Przeprowadzaj rutynowe kontrole integralno\u015bci cylindra, w tym ogl\u0119dziny wizualne pod k\u0105tem wyciek\u00f3w i zu\u017cycia.<\/li>\n<li><strong>Smarowanie:<\/strong> Upewnij si\u0119, \u017ce poziom oleju hydraulicznego jest odpowiedni i \u017ce olej jest wymieniany zgodnie z zaleceniami producenta, aby zachowa\u0107 optymaln\u0105 wydajno\u015b\u0107.<\/li>\n<li><strong>Wymiana uszczelki:<\/strong> Wymie\u0144 uszczelki przy pierwszych oznakach zu\u017cycia, aby zapobiec wyciekom i zachowa\u0107 integralno\u015b\u0107 operacyjn\u0105.<\/li>\n<\/ul>\n<h2>Wytyczne dotycz\u0105ce instalacji<\/h2>\n<p>Prawid\u0142owy monta\u017c si\u0142ownika wysi\u0119gnika jest niezb\u0119dny dla optymalnej wydajno\u015bci. Na pocz\u0105tek upewnij si\u0119, \u017ce wszystkie komponenty s\u0105 kompatybilne i nieuszkodzone. Kluczowe jest prawid\u0142owe ustawienie si\u0142ownika wzgl\u0119dem maszyny, aby zapobiec zakleszczeniu podczas pracy. U\u017cyj odpowiednich wspornik\u00f3w monta\u017cowych, aby zabezpieczy\u0107 si\u0142ownik na miejscu, upewniaj\u0105c si\u0119, \u017ce jest on mocno zamocowany i nie porusza si\u0119 podczas pracy.<\/p>\n<p>Po\u0142\u0105czenia hydrauliczne musz\u0105 by\u0107 solidnie dokr\u0119cone, aby zapobiec wyciekom. Po zainstalowaniu zaleca si\u0119 przetestowanie uk\u0142adu pod niskim ci\u015bnieniem w celu sprawdzenia ewentualnych wyciek\u00f3w przed uruchomieniem z pe\u0142n\u0105 wydajno\u015bci\u0105. Prawid\u0142owe ustawienie i bezpieczne mocowanie maj\u0105 kluczowe znaczenie dla wyd\u0142u\u017cenia \u017cywotno\u015bci cylindra i poprawy jego wydajno\u015bci.<\/p>\n<h2>Typowe zadania konserwacyjne<\/h2>\n<h3>Regularne kontrole<\/h3>\n<p>Regularne kontrole si\u0142ownika wysi\u0119gnika s\u0105 niezb\u0119dne do wykrycia wczesnych oznak zu\u017cycia lub uszkodzenia. Operatorzy powinni rutynowo sprawdza\u0107 szczelno\u015b\u0107, p\u0119kni\u0119cia lub inne nier\u00f3wno\u015bci na powierzchni si\u0142ownika. Wczesne wykrycie problem\u00f3w mo\u017ce zapobiec powa\u017cniejszym problemom w przysz\u0142o\u015bci, zapewniaj\u0105c wydajn\u0105 prac\u0119.<\/p>\n<h3>Prawid\u0142owe smarowanie<\/h3>\n<p>Odpowiednie smarowanie cylindra hydraulicznego ma kluczowe znaczenie dla jego prawid\u0142owego dzia\u0142ania. Olej hydrauliczny nale\u017cy regularnie uzupe\u0142nia\u0107, a jego stan musi by\u0107 zgodny ze specyfikacj\u0105 producenta. Prawid\u0142owe smarowanie zmniejsza tarcie, kt\u00f3re mo\u017ce prowadzi\u0107 do przedwczesnego zu\u017cycia i awarii element\u00f3w cylindra.<\/p>\n<h3>Wymiana uszczelek i kontrola kalibracji<\/h3>\n<p>Wymiana uszczelek przy pierwszych oznakach zu\u017cycia jest kluczowa dla utrzymania ci\u015bnienia hydraulicznego. Operatorzy powinni r\u00f3wnie\u017c przeprowadza\u0107 kontrole kalibracji, aby upewni\u0107 si\u0119, \u017ce si\u0142ownik dzia\u0142a w okre\u015blonych parametrach. Nieprawid\u0142owa kalibracja mo\u017ce prowadzi\u0107 do nieefektywnej pracy i zwi\u0119kszonego zu\u017cycia si\u0142ownika.<\/p>\n<p><img decoding=\"async\" src=\"https:\/\/www.hydraulic-cylinders.net\/wp-content\/uploads\/2025\/04\/songte-chushion-collar.webp\" alt=\"Ko\u0142nierz poduszkowy\" \/><\/p>\n<h2>Zagadnienia bezpiecze\u0144stwa i czynniki \u015brodowiskowe<\/h2>\n<p>Podczas u\u017cytkowania si\u0142ownik\u00f3w hydraulicznych \u015brodki bezpiecze\u0144stwa s\u0105 najwa\u017cniejsze. Operatorzy musz\u0105 by\u0107 \u015bwiadomi potencjalnych zagro\u017ce\u0144, takich jak wycieki p\u0142ynu hydraulicznego, kt\u00f3re mog\u0105 stanowi\u0107 zagro\u017cenie dla \u015brodowiska. Wdro\u017cenie odpowiednich \u015brodk\u00f3w bezpiecze\u0144stwa, takich jak regularne przegl\u0105dy i konserwacja sprz\u0119tu, jest niezb\u0119dne dla zapewnienia bezpiecznej eksploatacji i minimalizacji wp\u0142ywu na \u015brodowisko.<\/p>\n<h2>Diagnostyka usterek i typowe problemy<\/h2>\n<ul>\n<li><strong>Wycieki p\u0142ynu hydraulicznego:<\/strong> Szybka identyfikacja \u017ar\u00f3d\u0142a wyciek\u00f3w jest kluczowa, poniewa\u017c mog\u0105 one prowadzi\u0107 do spadku ci\u015bnienia hydraulicznego. Regularne kontrole mog\u0105 pom\u00f3c we wczesnym wykryciu wyciek\u00f3w.<\/li>\n<li><strong>Powolny lub nieregularny ruch:<\/strong> Mo\u017ce to wskazywa\u0107 na problemy z ci\u015bnieniem hydraulicznym lub wadliwe uszczelnienie. Wczesna diagnoza problemu mo\u017ce zapobiec dalszym uszkodzeniom.<\/li>\n<li><strong>Nietypowe d\u017awi\u0119ki:<\/strong> Nale\u017cy zbada\u0107 wszelkie nietypowe d\u017awi\u0119ki dochodz\u0105ce podczas pracy urz\u0105dzenia, gdy\u017c mog\u0105 one \u015bwiadczy\u0107 o zu\u017cyciu lub uszkodzeniu uk\u0142adu.<\/li>\n<\/ul>\n<h2>Wskaz\u00f3wki dotycz\u0105ce rozwi\u0105zywania problem\u00f3w<\/h2>\n<p>Aby skutecznie diagnozowa\u0107 i rozwi\u0105zywa\u0107 problemy z si\u0142ownikiem wysi\u0119gnika, operatorzy powinni prowadzi\u0107 rejestr wszelkich nieprawid\u0142owo\u015bci i przeprowadza\u0107 dok\u0142adne kontrole. Regularna konserwacja i dba\u0142o\u015b\u0107 o szczeg\u00f3\u0142y mog\u0105 zapobiec wielu typowym problemom. Wdro\u017cenie proaktywnego harmonogramu konserwacji mo\u017ce zminimalizowa\u0107 potencjalne problemy i zapewni\u0107 p\u0142ynne dzia\u0142anie uk\u0142adu hydraulicznego.<\/p>\n<p><img decoding=\"async\" src=\"https:\/\/www.hydraulic-cylinders.net\/wp-content\/uploads\/2025\/04\/songte-bushings-with-all-kinds-of-excavator-models.webp\" alt=\"Tuleje koparki\" \/><\/p>\n<h2>Przegl\u0105d firmy<\/h2>\n<p>Jeste\u015bmy wiod\u0105cym producentem zamiennych si\u0142ownik\u00f3w hydraulicznych, oferuj\u0105cym szerok\u0105 gam\u0119 produkt\u00f3w, kt\u00f3re ugruntowa\u0142y nasz\u0105 pozycj\u0119 lidera na rynku krajowym i mi\u0119dzynarodowym. Nasze zaanga\u017cowanie w d\u0105\u017cenie do doskona\u0142o\u015bci znajduje odzwierciedlenie w przestrzeganiu surowych standard\u00f3w jako\u015bci i zaawansowanych technik produkcji.<\/p>\n<p>Wykorzystujemy zaawansowan\u0105 strategi\u0119 zarz\u0105dzania produkcj\u0105, aby zwi\u0119kszy\u0107 nasze mo\u017cliwo\u015bci produkcyjne. Zatrudniaj\u0105c wykwalifikowany personel techniczny, cyfrowy, zaawansowany sprz\u0119t produkcyjny oraz profesjonalne systemy testowe, stale udoskonalamy nasz\u0105 platform\u0119 produkcyjn\u0105, aby zapewni\u0107 wysok\u0105 jako\u015b\u0107 produkt\u00f3w.<\/p>\n<p>Nasze skupienie na wydajno\u015bci, precyzji i wysokich standardach jako\u015bci pozwala nam sprosta\u0107 zr\u00f3\u017cnicowanym potrzebom klient\u00f3w. Oferujemy rozwi\u0105zania dostosowane do indywidualnych potrzeb, wspierane przez solidne wsparcie posprzeda\u017cowe, aby zapewni\u0107 satysfakcj\u0119 klienta.<\/p>\n<p><img decoding=\"async\" src=\"https:\/\/www.hydraulic-cylinders.net\/wp-content\/uploads\/2025\/04\/songte-company-4.webp\" alt=\"Firma produkcyjna\" \/><br \/>\n<img decoding=\"async\" src=\"https:\/\/www.hydraulic-cylinders.net\/wp-content\/uploads\/2025\/04\/songte-company-3.webp\" alt=\"Sprz\u0119t firmowy\" \/><\/p>\n<p>Autor: lyl<\/p>","protected":false},"excerpt":{"rendered":"<p>Boom Cylinder For Volwa Wheel Excavator DLS890-9A Product Overview The Boom Cylinder for Volwa Wheel Excavator DLS890-9A is a specialized hydraulic cylinder designed to optimize the functionality of excavators. These cylinders enable precise control of the bucket&#8217;s movement, which is crucial for various heavy machinery tasks. As a type of hydraulic cylinder, the bucket cylinder [&hellip;]<\/p>","protected":false},"featured_media":17881,"comment_status":"open","ping_status":"closed","template":"","meta":{"_et_pb_use_builder":"","_et_pb_old_content":"","_et_gb_content_width":""},"product_brand":[],"product_cat":[1546],"product_tag":[1547,1496],"class_list":{"0":"post-19618","1":"product","2":"type-product","3":"status-publish","4":"has-post-thumbnail","6":"product_cat-boom-cylinders","7":"product_tag-boom-cylinders","8":"product_tag-hydraulic-cylinders","10":"first","11":"instock","12":"shipping-taxable","13":"product-type-simple"},"amp_enabled":true,"_links":{"self":[{"href":"https:\/\/www.hydraulic-cylinders.net\/pl\/wp-json\/wp\/v2\/product\/19618","targetHints":{"allow":["GET"]}}],"collection":[{"href":"https:\/\/www.hydraulic-cylinders.net\/pl\/wp-json\/wp\/v2\/product"}],"about":[{"href":"https:\/\/www.hydraulic-cylinders.net\/pl\/wp-json\/wp\/v2\/types\/product"}],"replies":[{"embeddable":true,"href":"https:\/\/www.hydraulic-cylinders.net\/pl\/wp-json\/wp\/v2\/comments?post=19618"}],"wp:featuredmedia":[{"embeddable":true,"href":"https:\/\/www.hydraulic-cylinders.net\/pl\/wp-json\/wp\/v2\/media\/17881"}],"wp:attachment":[{"href":"https:\/\/www.hydraulic-cylinders.net\/pl\/wp-json\/wp\/v2\/media?parent=19618"}],"wp:term":[{"taxonomy":"product_brand","embeddable":true,"href":"https:\/\/www.hydraulic-cylinders.net\/pl\/wp-json\/wp\/v2\/product_brand?post=19618"},{"taxonomy":"product_cat","embeddable":true,"href":"https:\/\/www.hydraulic-cylinders.net\/pl\/wp-json\/wp\/v2\/product_cat?post=19618"},{"taxonomy":"product_tag","embeddable":true,"href":"https:\/\/www.hydraulic-cylinders.net\/pl\/wp-json\/wp\/v2\/product_tag?post=19618"}],"curies":[{"name":"wp","href":"https:\/\/api.w.org\/{rel}","templated":true}]}}