{"id":19621,"date":"2025-04-07T06:58:00","date_gmt":"2025-04-07T06:58:00","guid":{"rendered":"https:\/\/www.hydraulic-cylinders.net\/product\/boom-cylinder-for-volwa-cane-unloader-dls190-9a\/"},"modified":"2025-04-07T06:58:03","modified_gmt":"2025-04-07T06:58:03","slug":"boom-cylinder-for-volwa-cane-unloader-dls190-9a","status":"publish","type":"product","link":"https:\/\/www.hydraulic-cylinders.net\/pl\/produkt\/boom-cylinder-for-volwa-cane-unloader-dls190-9a\/","title":{"rendered":"Si\u0142ownik wysi\u0119gnika do roz\u0142adunku trzciny Volwa DLS190-9A"},"content":{"rendered":"<h1>Si\u0142ownik wysi\u0119gnika do roz\u0142adunku trzciny Volwa DLS190-9A<\/h1>\n<h2>Wprowadzenie do cylindra wysi\u0119gnika<\/h2>\n<p>Si\u0142ownik wysi\u0119gnika jest niezb\u0119dnym elementem uk\u0142ad\u00f3w hydraulicznych, zaprojektowanym specjalnie do sterowania ruchami \u0142y\u017cek r\u00f3\u017cnych maszyn ci\u0119\u017ckich, takich jak koparki, koparko-\u0142adowarki i \u0142adowarki czo\u0142owe. Ten si\u0142ownik hydrauliczny umo\u017cliwia podnoszenie, opuszczanie i przechylanie \u0142y\u017cki, u\u0142atwiaj\u0105c wydajne przenoszenie materia\u0142\u00f3w. Funkcjonalno\u015b\u0107 si\u0142ownik\u00f3w wysi\u0119gnika ma kluczowe znaczenie w bran\u017cach, w kt\u00f3rych wymagane jest podnoszenie du\u017cych ci\u0119\u017car\u00f3w i precyzyjne ruchy, poniewa\u017c zapewniaj\u0105 one niezb\u0119dn\u0105 si\u0142\u0119 i kontrol\u0119, umo\u017cliwiaj\u0105c bezpieczne i efektywne manipulowanie du\u017cymi \u0142adunkami.<\/p>\n<p><img decoding=\"async\" src=\"https:\/\/www.hydraulic-cylinders.net\/wp-content\/uploads\/2025\/04\/songte-company-1.webp\" alt=\"Obraz cylindra wysi\u0119gnika\"><\/p>\n<h2>Cechy cylindra wysi\u0119gnika<\/h2>\n<ul>\n<li>\n<h3>Wysoka wytrzyma\u0142o\u015b\u0107 i trwa\u0142o\u015b\u0107<\/h3>\n<p>Si\u0142owniki wysi\u0119gnika, zazwyczaj wykonane z wysokowytrzyma\u0142ej stali lub aluminium, s\u0105 zaprojektowane tak, aby wytrzymywa\u0107 wysokie ci\u015bnienie i du\u017ce obci\u0105\u017cenia, dzi\u0119ki czemu nadaj\u0105 si\u0119 do trudnych warunk\u00f3w pracy. Ich konstrukcja uwzgl\u0119dnia odporno\u015b\u0107 na zu\u017cycie i korozj\u0119, co znacznie wyd\u0142u\u017ca ich \u017cywotno\u015b\u0107.<\/p>\n<\/li>\n<li>\n<h3>Wydajna praca hydrauliczna<\/h3>\n<p>Wykorzystuj\u0105c ci\u015bnienie oleju hydraulicznego do p\u0142ynnego wysuwania i wsuwania, si\u0142owniki te szybko reaguj\u0105 na polecenia steruj\u0105ce, zapewniaj\u0105c du\u017c\u0105 si\u0142\u0119 ci\u0105gu odpowiedni\u0105 do podnoszenia ci\u0119\u017ckich przedmiot\u00f3w i skomplikowanych zada\u0144 operacyjnych.<\/p>\n<\/li>\n<li>\n<h3>R\u00f3\u017cne typy<\/h3>\n<p>Dost\u0119pne jako si\u0142owniki jednostronnego dzia\u0142ania (wykorzystuj\u0105ce si\u0142\u0119 hydrauliczn\u0105 w jednym kierunku) lub dwustronnego dzia\u0142ania (wykorzystuj\u0105ce si\u0142\u0119 hydrauliczn\u0105 w dw\u00f3ch kierunkach), si\u0142owniki wysi\u0119gnika spe\u0142niaj\u0105 r\u00f3\u017cnorodne potrzeby operacyjne. Niekt\u00f3re modele s\u0105 teleskopowe, co pozwala na wi\u0119ksze wysuni\u0119cie bez zwi\u0119kszania wymiar\u00f3w zewn\u0119trznych, co jest idealne do zastosowa\u0144 w ograniczonej przestrzeni.<\/p>\n<\/li>\n<li>\n<h3>Produkcja niestandardowa<\/h3>\n<p>Jeste\u015bmy w stanie wyprodukowa\u0107 ten produkt, a nasze produkty mog\u0105 doskonale zast\u0105pi\u0107 te cylindry hydrauliczne, zapewniaj\u0105c kompatybilno\u015b\u0107 i wydajno\u015b\u0107.<\/p>\n<\/li>\n<li>\n<h3>Wszechstronno\u015b\u0107 zastosowa\u0144<\/h3>\n<p>W zale\u017cno\u015bci od u\u017cytego sprz\u0119tu, cylindry wysi\u0119gnika mo\u017cna dostosowa\u0107 do konkretnych wymaga\u0144 operacyjnych, zapewniaj\u0105c optymaln\u0105 wydajno\u015b\u0107 w r\u00f3\u017cnych warunkach.<\/p>\n<\/li>\n<\/ul>\n<p><img decoding=\"async\" src=\"https:\/\/www.hydraulic-cylinders.net\/wp-content\/uploads\/2025\/04\/songte-cylinder-head-with-all-kinds-excavator-models.webp\" alt=\"R\u00f3\u017cne modele koparek\"><\/p>\n<h2>Zastosowania cylindr\u00f3w wysi\u0119gnika<\/h2>\n<ul>\n<li>\n<h3>Sprz\u0119t budowlany<\/h3>\n<p>W koparkach si\u0142owniki wysi\u0119gnika odgrywaj\u0105 kluczow\u0105 rol\u0119 w kopaniu, za\u0142adunku i przemieszczaniu ziemi lub gruzu. Umo\u017cliwiaj\u0105 one skuteczne zag\u0142\u0119bianie si\u0119 \u0142y\u017cki w grunt, u\u0142atwiaj\u0105c sprawne wykopy. W koparko-\u0142adowarkach si\u0142owniki wysi\u0119gnika wspomagaj\u0105 zar\u00f3wno kopanie, jak i podnoszenie, co \u015bwiadczy o ich wielofunkcyjno\u015bci w pracach budowlanych.<\/p>\n<\/li>\n<li>\n<h3>Maszyny rolnicze<\/h3>\n<p>\u0141adowarki czo\u0142owe wykorzystuj\u0105 si\u0142owniki wysi\u0119gnika do nabierania, podnoszenia i transportu gleby, siana i innych materia\u0142\u00f3w, zwi\u0119kszaj\u0105c wydajno\u015b\u0107 w rolnictwie. Si\u0142a hydrauliczna dostarczana przez te si\u0142owniki pozwala rolnikom z \u0142atwo\u015bci\u0105 obs\u0142ugiwa\u0107 du\u017ce ilo\u015bci materia\u0142\u00f3w.<\/p>\n<\/li>\n<li>\n<h3>Koparki<\/h3>\n<p>Si\u0142owniki wysi\u0119gnika umo\u017cliwiaj\u0105 koparkom wykonywanie prac kopania, pozwalaj\u0105c \u0142y\u017cce skutecznie wnika\u0107 w gleb\u0119, co gwarantuje optymaln\u0105 wydajno\u015b\u0107 kopania i efektywno\u015b\u0107 na placach budowy.<\/p>\n<\/li>\n<li>\n<h3>\u0141adowarki<\/h3>\n<p>W \u0142adowarkach czo\u0142owych si\u0142owniki wysi\u0119gnika odgrywaj\u0105 kluczow\u0105 rol\u0119 w wydajnym podnoszeniu i zrzucaniu \u0142adunk\u00f3w, zwi\u0119kszaj\u0105c og\u00f3ln\u0105 wydajno\u015b\u0107 zada\u0144 zwi\u0105zanych z prze\u0142adunkiem materia\u0142\u00f3w w r\u00f3\u017cnych \u015brodowiskach.<\/p>\n<\/li>\n<\/ul>\n<h2>Zagadnienia projektowe i kryteria wyboru<\/h2>\n<ul>\n<li>\n<h3>No\u015bno\u015b\u0107<\/h3>\n<p>Przy wyborze si\u0142ownika wysi\u0119gnika kluczowe znaczenie ma zrozumienie jego ud\u017awigu. Ka\u017cdy si\u0142ownik musi by\u0107 w stanie ud\u017awign\u0105\u0107 maksymalne obci\u0105\u017cenie wymagane dla danego zastosowania bez ryzyka awarii. Obejmuje to ocen\u0119 masy przenoszonych materia\u0142\u00f3w oraz si\u0142 dzia\u0142aj\u0105cych podczas pracy. Si\u0142ownik o niewystarczaj\u0105cym ud\u017awigu mo\u017ce prowadzi\u0107 do katastrofalnych awarii, zagra\u017caj\u0105c zar\u00f3wno bezpiecze\u0144stwu, jak i sprz\u0119towi.<\/p>\n<\/li>\n<li>\n<h3>Opiecz\u0119towanie<\/h3>\n<p>Skuteczne uszczelnienie jest kluczowe dla utrzymania ci\u015bnienia hydraulicznego i zapobiegania wyciekom. Wyb\u00f3r odpowiednich uszczelek, takich jak uszczelki t\u0142okowe i t\u0142oczyskowe, zapewnia optymaln\u0105 wydajno\u015b\u0107 i trwa\u0142o\u015b\u0107. Uszczelki wykonane z materia\u0142\u00f3w takich jak poliuretan i kauczuk nitrylowy s\u0105 cz\u0119sto preferowane ze wzgl\u0119du na ich odporno\u015b\u0107 na zu\u017cycie i trwa\u0142o\u015b\u0107, wyd\u0142u\u017caj\u0105c \u017cywotno\u015b\u0107 cylindra.<\/p>\n<\/li>\n<li>\n<h3>Trwa\u0142o\u015b\u0107<\/h3>\n<p>Trwa\u0142e materia\u0142y konstrukcyjne i wysokiej jako\u015bci procesy produkcyjne s\u0105 niezb\u0119dne dla zapewnienia d\u0142ugowieczno\u015bci cylindr\u00f3w hydraulicznych. Musz\u0105 one wytrzyma\u0107 ekstremalne warunki, w tym wahania temperatury i trudne warunki \u015brodowiskowe, bez utraty swoich w\u0142a\u015bciwo\u015bci. Wymaga to doboru materia\u0142\u00f3w, kt\u00f3re oferuj\u0105 zar\u00f3wno wytrzyma\u0142o\u015b\u0107, jak i odporno\u015b\u0107 na zu\u017cycie.<\/p>\n<\/li>\n<li>\n<h3>Bezpiecze\u0144stwo<\/h3>\n<p>Bezpiecze\u0144stwo jest priorytetem przy wyborze si\u0142ownik\u00f3w wysi\u0119gnika. Powinny one posiada\u0107 zabezpieczenia zapobiegaj\u0105ce przypadkowym awariom lub usterkom podczas pracy. Obejmuje to solidn\u0105 konstrukcj\u0119 i niezawodne mechanizmy uszczelniaj\u0105ce, a tak\u017ce zgodno\u015b\u0107 z bran\u017cowymi normami bezpiecze\u0144stwa w celu ochrony operator\u00f3w i sprz\u0119tu.<\/p>\n<\/li>\n<li>\n<h3>Konserwacja<\/h3>\n<p>\u0141atwo\u015b\u0107 konserwacji jest kluczowym czynnikiem przy wyborze si\u0142ownik\u00f3w hydraulicznych. Nale\u017cy wzi\u0105\u0107 pod uwag\u0119 \u0142atwo\u015b\u0107 wymiany uszczelnie\u0144, cz\u0119stotliwo\u015b\u0107 wymaganego smarowania oraz dost\u0119pno\u015b\u0107 poszczeg\u00f3lnych podzespo\u0142\u00f3w do przegl\u0105d\u00f3w i napraw. Projektowanie si\u0142ownik\u00f3w z uwzgl\u0119dnieniem konserwacji mo\u017ce znacznie skr\u00f3ci\u0107 przestoje i zwi\u0119kszy\u0107 niezawodno\u015b\u0107.<\/p>\n<\/li>\n<\/ul>\n<p><img decoding=\"async\" src=\"https:\/\/www.hydraulic-cylinders.net\/wp-content\/uploads\/2025\/04\/songte-oil-pipes-and-spare-parts.webp\" alt=\"Elementy hydrauliczne\"><\/p>\n<h2>Uszczelnianie i smarowanie<\/h2>\n<p>Zastosowanie r\u00f3\u017cnorodnych uszczelnie\u0144, w tym uszczelnie\u0144 t\u0142oczysk i t\u0142oczysk, ma kluczowe znaczenie dla zapewnienia integralno\u015bci si\u0142ownika wysi\u0119gnika. Materia\u0142y uszczelniaj\u0105ce, takie jak poliuretan i kauczuk nitrylowy, zapewniaj\u0105 doskona\u0142\u0105 odporno\u015b\u0107 na zu\u017cycie i trwa\u0142o\u015b\u0107. Korpus si\u0142ownika i gwintowane powierzchnie ko\u0144cowe s\u0105 precyzyjnie obrabiane w celu zwi\u0119kszenia odporno\u015bci na zu\u017cycie, co dodatkowo poprawia wydajno\u015b\u0107. Regularne smarowanie olejem hydraulicznym jest niezb\u0119dne, aby zminimalizowa\u0107 tarcie i zapobiec przedwczesnemu zu\u017cyciu element\u00f3w ruchomych. Prawid\u0142owe smarowanie pomaga r\u00f3wnie\u017c utrzyma\u0107 skuteczno\u015b\u0107 uszczelnienia, zapewniaj\u0105c p\u0142ynn\u0105 i wydajn\u0105 prac\u0119 si\u0142ownika.<\/p>\n<h2>\u015arodki konserwacji zapobiegawczej<\/h2>\n<ul>\n<li>\n<h3>Regularne kontrole<\/h3>\n<p>Regularne kontrole s\u0105 niezb\u0119dne do identyfikacji potencjalnych problem\u00f3w, zanim przerodz\u0105 si\u0119 w powa\u017cne awarie. Obejmuje to sprawdzanie oznak zu\u017cycia, wyciek\u00f3w lub nietypowych d\u017awi\u0119k\u00f3w podczas pracy. Wczesne wykrycie pozwala na terminowe naprawy, minimalizuj\u0105c przestoje i wyd\u0142u\u017caj\u0105c \u017cywotno\u015b\u0107 sprz\u0119tu.<\/p>\n<\/li>\n<li>\n<h3>Odpowiednie smarowanie<\/h3>\n<p>Utrzymanie odpowiedniego poziomu smarowania jest kluczowe dla p\u0142ynnej pracy si\u0142ownik\u00f3w hydraulicznych. Z biegiem czasu smar mo\u017ce ulec degradacji lub wyczerpaniu, co prowadzi do zwi\u0119kszonego tarcia i zu\u017cycia. Regularne sprawdzanie i uzupe\u0142nianie oleju hydraulicznego mo\u017ce zapobiec tym problemom, zapewniaj\u0105c wydajn\u0105 prac\u0119 i d\u0142ug\u0105 \u017cywotno\u015b\u0107.<\/p>\n<\/li>\n<li>\n<h3>Wymiana uszczelki<\/h3>\n<p>Uszczelki to elementy eksploatacyjne, kt\u00f3re wymagaj\u0105 regularnej wymiany w celu utrzymania integralno\u015bci uk\u0142adu hydraulicznego. Ustalenie harmonogramu wymiany w oparciu o liczb\u0119 godzin pracy lub intensywno\u015b\u0107 u\u017cytkowania gwarantuje, \u017ce uszczelki zawsze b\u0119d\u0105 w optymalnym stanie, zapobiegaj\u0105c wyciekom i utrzymuj\u0105c wydajno\u015b\u0107 uk\u0142adu hydraulicznego.<\/p>\n<\/li>\n<\/ul>\n<h2>Prawid\u0142owe wytyczne dotycz\u0105ce instalacji<\/h2>\n<p>Prawid\u0142owy monta\u017c si\u0142ownika wysi\u0119gnika ma kluczowe znaczenie dla jego wydajnej pracy. Na pocz\u0105tek nale\u017cy upewni\u0107 si\u0119, \u017ce powierzchnie monta\u017cowe s\u0105 czyste i wolne od zanieczyszcze\u0144. Prawid\u0142owe ustawienie si\u0142ownika hydraulicznego jest niezb\u0119dne; nale\u017cy u\u017cy\u0107 odpowiednich wspornik\u00f3w monta\u017cowych, aby zabezpieczy\u0107 si\u0142ownik na miejscu. Nieprawid\u0142owe ustawienie mo\u017ce prowadzi\u0107 do nier\u00f3wnomiernego zu\u017cycia i potencjalnej awarii. Po zamocowaniu si\u0142ownika nale\u017cy pod\u0142\u0105czy\u0107 przewody hydrauliczne, upewniaj\u0105c si\u0119, \u017ce s\u0105 szczelnie dopasowane, aby zapobiec wyciekom. Po monta\u017cu nale\u017cy odpowietrzy\u0107 uk\u0142ad hydrauliczny, aby usun\u0105\u0107 wszelkie p\u0119cherzyki powietrza, kt\u00f3re mog\u0105 negatywnie wp\u0142ywa\u0107 na wydajno\u015b\u0107. Na koniec nale\u017cy przeprowadzi\u0107 jazd\u0119 pr\u00f3bn\u0105, aby sprawdzi\u0107, czy si\u0142ownik dzia\u0142a p\u0142ynnie i skutecznie przed pe\u0142nym uruchomieniem.<\/p>\n<h2>Typowe zadania konserwacyjne<\/h2>\n<ul>\n<li>\n<h3>Regularne kontrole<\/h3>\n<p>Regularne kontrole s\u0105 niezb\u0119dne dla utrzymania sprawno\u015bci cylindr\u00f3w hydraulicznych. Operatorzy powinni sprawdza\u0107, czy nie ma \u015blad\u00f3w zu\u017cycia, nieszczelno\u015bci lub uszkodze\u0144 korpusu i uszczelnie\u0144 cylindra. Rejestrowanie kontroli mo\u017ce pom\u00f3c w monitorowaniu stanu cylindra w czasie, u\u0142atwiaj\u0105c dzia\u0142ania konserwacyjne.<\/p>\n<\/li>\n<li>\n<h3>Odpowiednie smarowanie<\/h3>\n<p>Prawid\u0142owe smarowanie musi by\u0107 regularnie przeprowadzane, aby zapewni\u0107 p\u0142ynn\u0105 prac\u0119 si\u0142ownika hydraulicznego. Stosowanie zalecanego oleju hydraulicznego i przestrzeganie harmonogramu smarowania ma kluczowe znaczenie dla minimalizacji zu\u017cycia i wyd\u0142u\u017cenia \u017cywotno\u015bci si\u0142ownika. Operatorzy powinni by\u0107 przeszkoleni w zakresie rozpoznawania oznak niedostatecznego smarowania, takich jak podwy\u017cszona temperatura lub ha\u0142as.<\/p>\n<\/li>\n<li>\n<h3>Wymiana i kalibracja uszczelek<\/h3>\n<p>Uszczelki nale\u017cy wymienia\u0107 w razie potrzeby, w oparciu o wyniki kontroli. Regularne kontrole kalibracji mog\u0105 pom\u00f3c zapewni\u0107, \u017ce si\u0142ownik dzia\u0142a zgodnie z parametrami projektowymi, zapobiegaj\u0105c awariom lub uszkodzeniom. Rozpoznanie momentu wymiany uszczelek ma kluczowe znaczenie dla zachowania integralno\u015bci i wydajno\u015bci uk\u0142adu hydraulicznego.<\/p>\n<\/li>\n<\/ul>\n<p><img decoding=\"async\" src=\"https:\/\/www.hydraulic-cylinders.net\/wp-content\/uploads\/2025\/04\/songte-chushion-collar.webp\" alt=\"Ko\u0142nierz poduszkowy\"><\/p>\n<h2>Zagadnienia bezpiecze\u0144stwa i czynniki \u015brodowiskowe<\/h2>\n<p>Podczas pracy z uk\u0142adami hydraulicznymi niezb\u0119dne jest wdro\u017cenie \u015brodk\u00f3w bezpiecze\u0144stwa. Operatorzy powinni by\u0107 przeszkoleni w zakresie rozpoznawania potencjalnych zagro\u017ce\u0144 zwi\u0105zanych z cylindrami hydraulicznymi, takich jak ryzyko nag\u0142ego spadku ci\u015bnienia lub awarii cylindra. Nale\u017cy nosi\u0107 odpowiedni sprz\u0119t ochrony indywidualnej (PPE) i wdro\u017cy\u0107 protoko\u0142y bezpiecze\u0144stwa, aby zapewni\u0107 bezpieczne \u015brodowisko pracy. Ponadto, przy wyborze materia\u0142\u00f3w i projektowaniu uk\u0142ad\u00f3w hydraulicznych nale\u017cy uwzgl\u0119dni\u0107 czynniki \u015brodowiskowe, takie jak temperatura i nara\u017cenie na substancje \u017cr\u0105ce, aby zapewni\u0107 niezawodno\u015b\u0107 i bezpiecze\u0144stwo w zr\u00f3\u017cnicowanych warunkach.<\/p>\n<h2>Diagnostyka awarii i typowe problemy<\/h2>\n<ul>\n<li>\n<h3>Przeciek<\/h3>\n<p>Wyciek to cz\u0119sty problem, kt\u00f3ry mo\u017ce wyst\u0105pi\u0107 z powodu zu\u017cycia lub uszkodzenia uszczelnienia. Identyfikacja \u017ar\u00f3d\u0142a wycieku jest kluczowa, poniewa\u017c mo\u017ce on prowadzi\u0107 do obni\u017cenia wydajno\u015bci i spadku ci\u015bnienia hydraulicznego. Operatorzy powinni regularnie monitorowa\u0107 wycieki oleju i przeprowadza\u0107 testy ci\u015bnieniowe w celu wykrycia wyciek\u00f3w.<\/p>\n<\/li>\n<li>\n<h3>Obni\u017cona wydajno\u015b\u0107<\/h3>\n<p>Je\u015bli si\u0142ownik hydrauliczny pracuje wolniej ni\u017c oczekiwano lub wykazuje s\u0142ab\u0105 si\u0142\u0119 ud\u017awigu, mo\u017ce to wskazywa\u0107 na uszkodzenie wewn\u0119trzne lub niedob\u00f3r p\u0142ynu hydraulicznego. Operatorzy powinni sprawdzi\u0107 poziom p\u0142ynu i sprawdzi\u0107, czy w przewodach hydraulicznych nie ma zator\u00f3w lub uszkodze\u0144.<\/p>\n<\/li>\n<li>\n<h3>Niezwyk\u0142e d\u017awi\u0119ki<\/h3>\n<p>Nietypowe odg\u0142osy podczas pracy mog\u0105 sygnalizowa\u0107 problemy mechaniczne, takie jak zu\u017cycie podzespo\u0142\u00f3w lub nieprawid\u0142owe ustawienie. Konieczne jest natychmiastowe zbadanie problemu, aby zapobiec dalszym uszkodzeniom i zapewni\u0107 bezpieczn\u0105 eksploatacj\u0119.<\/p>\n<\/li>\n<\/ul>\n<p>Dzi\u0119ki wdra\u017caniu skutecznych technik rozwi\u0105zywania problem\u00f3w operatorzy mog\u0105 szybko reagowa\u0107 na te problemy, zapewniaj\u0105c sta\u0142\u0105 wydajno\u015b\u0107 i bezpiecze\u0144stwo operacji.<\/p>\n<h2>Rozwi\u0105zania problem\u00f3w<\/h2>\n<p>Aby skutecznie diagnozowa\u0107 i rozwi\u0105zywa\u0107 problemy z si\u0142ownikami wysi\u0119gnika, operatorzy powinni najpierw przeprowadzi\u0107 dok\u0142adn\u0105 kontrol\u0119 w celu zidentyfikowania wszelkich widocznych oznak zu\u017cycia lub uszkodze\u0144. Regularne praktyki konserwacyjne, takie jak zapewnienie prawid\u0142owego smarowania i terminowej wymiany uszczelnie\u0144, mog\u0105 zapobiec wielu typowym problemom. Wdro\u017cenie regularnych kontroli mo\u017ce pom\u00f3c zminimalizowa\u0107 ryzyko nieoczekiwanych awarii. W przypadku bardziej z\u0142o\u017conych problem\u00f3w, konsultacja ze specjalistami od hydrauliki mo\u017ce pom\u00f3c w zrozumieniu bardziej z\u0142o\u017conych problem\u00f3w wymagaj\u0105cych profesjonalnej uwagi, zapewniaj\u0105c optymaln\u0105 i bezpieczn\u0105 prac\u0119 ca\u0142ego sprz\u0119tu.<\/p>\n<p><img decoding=\"async\" src=\"https:\/\/www.hydraulic-cylinders.net\/wp-content\/uploads\/2025\/04\/songte-bushings-with-all-kinds-of-excavator-models.webp\" alt=\"Elementy tulei\"><\/p>\n<h2>O naszej firmie<\/h2>\n<p>Jeste\u015bmy wiod\u0105cym producentem zamiennych si\u0142ownik\u00f3w hydraulicznych, oferuj\u0105cym szerok\u0105 gam\u0119 produkt\u00f3w, dzi\u0119ki kt\u00f3rym stali\u015bmy si\u0119 jednym z czo\u0142owych producent\u00f3w i dystrybutor\u00f3w hurtowych na rynku krajowym i mi\u0119dzynarodowym. D\u0105\u017cymy do doskona\u0142o\u015bci jako\u015bci, opieraj\u0105c si\u0119 na strategii zarz\u0105dzania produkcj\u0105 przemys\u0142ow\u0105 w naszym dopracowanym warsztacie produkcyjnym. Nasza firma stale udoskonala platform\u0119 produkcyjn\u0105 poprzez integracj\u0119 wykwalifikowanych specjalist\u00f3w technicznych, zaawansowanego sprz\u0119tu do produkcji cyfrowej oraz profesjonalnych system\u00f3w testowych. To zaanga\u017cowanie pozwala nam skutecznie zaspokaja\u0107 zr\u00f3\u017cnicowane potrzeby klient\u00f3w, dostarczaj\u0105c rozwi\u0105zania hydrauliczne o wysokiej precyzji i najwy\u017cszej jako\u015bci.<\/p>\n<p><img decoding=\"async\" src=\"https:\/\/www.hydraulic-cylinders.net\/wp-content\/uploads\/2025\/04\/songte-company-4.webp\" alt=\"Przegl\u0105d firmy\"><br \/>\n<img decoding=\"async\" src=\"https:\/\/www.hydraulic-cylinders.net\/wp-content\/uploads\/2025\/04\/songte-company-3.webp\" alt=\"Obiekty produkcyjne\"><\/p>\n<p>Nasz\u0105 specjalizacj\u0119 w uk\u0142adach hydraulicznych uzupe\u0142niaj\u0105 mi\u0119dzynarodowe certyfikaty, us\u0142ugi dostosowane do indywidualnych wymaga\u0144, zaawansowany sprz\u0119t produkcyjny oraz kompleksowe wsparcie posprzeda\u017cowe. Priorytetem jest dla nas zadowolenie klienta, poniewa\u017c dostarczamy trwa\u0142e i skuteczne rozwi\u0105zania, kt\u00f3re zwi\u0119kszaj\u0105 wydajno\u015b\u0107 operacyjn\u0105 w r\u00f3\u017cnych zastosowaniach.<\/p>\n<p>Autor: lyl<\/p>","protected":false},"excerpt":{"rendered":"<p>Boom Cylinder For Volwa Cane Unloader DLS190-9A Introduction to Boom Cylinder The boom cylinder is an essential component in hydraulic systems, specifically designed to control the movements of various heavy machinery&#8217;s buckets, such as excavators, backhoe loaders, and front loaders. This hydraulic cylinder enables the bucket to lift, lower, and tilt, facilitating material handling tasks [&hellip;]<\/p>","protected":false},"featured_media":17869,"comment_status":"open","ping_status":"closed","template":"","meta":{"_et_pb_use_builder":"","_et_pb_old_content":"","_et_gb_content_width":""},"product_brand":[],"product_cat":[1546],"product_tag":[1547,1496],"class_list":{"0":"post-19621","1":"product","2":"type-product","3":"status-publish","4":"has-post-thumbnail","6":"product_cat-boom-cylinders","7":"product_tag-boom-cylinders","8":"product_tag-hydraulic-cylinders","10":"first","11":"instock","12":"shipping-taxable","13":"product-type-simple"},"amp_enabled":true,"_links":{"self":[{"href":"https:\/\/www.hydraulic-cylinders.net\/pl\/wp-json\/wp\/v2\/product\/19621","targetHints":{"allow":["GET"]}}],"collection":[{"href":"https:\/\/www.hydraulic-cylinders.net\/pl\/wp-json\/wp\/v2\/product"}],"about":[{"href":"https:\/\/www.hydraulic-cylinders.net\/pl\/wp-json\/wp\/v2\/types\/product"}],"replies":[{"embeddable":true,"href":"https:\/\/www.hydraulic-cylinders.net\/pl\/wp-json\/wp\/v2\/comments?post=19621"}],"wp:featuredmedia":[{"embeddable":true,"href":"https:\/\/www.hydraulic-cylinders.net\/pl\/wp-json\/wp\/v2\/media\/17869"}],"wp:attachment":[{"href":"https:\/\/www.hydraulic-cylinders.net\/pl\/wp-json\/wp\/v2\/media?parent=19621"}],"wp:term":[{"taxonomy":"product_brand","embeddable":true,"href":"https:\/\/www.hydraulic-cylinders.net\/pl\/wp-json\/wp\/v2\/product_brand?post=19621"},{"taxonomy":"product_cat","embeddable":true,"href":"https:\/\/www.hydraulic-cylinders.net\/pl\/wp-json\/wp\/v2\/product_cat?post=19621"},{"taxonomy":"product_tag","embeddable":true,"href":"https:\/\/www.hydraulic-cylinders.net\/pl\/wp-json\/wp\/v2\/product_tag?post=19621"}],"curies":[{"name":"wp","href":"https:\/\/api.w.org\/{rel}","templated":true}]}}