{"id":19622,"date":"2025-04-07T06:58:03","date_gmt":"2025-04-07T06:58:03","guid":{"rendered":"https:\/\/www.hydraulic-cylinders.net\/product\/boom-cylinder-for-volwa-cane-unloader-dls210-9a\/"},"modified":"2025-04-07T06:58:05","modified_gmt":"2025-04-07T06:58:05","slug":"boom-cylinder-for-volwa-cane-unloader-dls210-9a","status":"publish","type":"product","link":"https:\/\/www.hydraulic-cylinders.net\/pl\/produkt\/boom-cylinder-for-volwa-cane-unloader-dls210-9a\/","title":{"rendered":"Si\u0142ownik wysi\u0119gnika do roz\u0142adunku trzciny Volwa DLS210-9A"},"content":{"rendered":"<h1>Si\u0142ownik wysi\u0119gnika do roz\u0142adunku trzciny Volwa DLS210-9A<\/h1>\n<h2>Przegl\u0105d produktu<\/h2>\n<p>Si\u0142ownik wysi\u0119gnika do roz\u0142adunku trzciny cukrowej Volwa DLS210-9A to kluczowy element hydrauliczny zaprojektowany specjalnie w celu zwi\u0119kszenia funkcjonalno\u015bci ci\u0119\u017ckich maszyn, takich jak roz\u0142adunki trzciny cukrowej. Ten typ si\u0142ownika hydraulicznego odpowiada za sterowanie ruchem \u0142y\u017cki w r\u00f3\u017cnych zastosowaniach wymagaj\u0105cych du\u017cej wytrzyma\u0142o\u015bci, takich jak koparki, koparko-\u0142adowarki i \u0142adowarki czo\u0142owe. U\u0142atwia on podnoszenie, opuszczanie i przechylanie \u0142y\u017cki, zwi\u0119kszaj\u0105c tym samym wydajno\u015b\u0107 zada\u0144 zwi\u0105zanych z prze\u0142adunkiem materia\u0142\u00f3w.<\/p>\n<p><img decoding=\"async\" src=\"https:\/\/www.hydraulic-cylinders.net\/wp-content\/uploads\/2025\/04\/songte-company-1.webp\" alt=\"Si\u0142ownik wysi\u0119gnika do roz\u0142adunku trzciny Volwa\" \/><\/p>\n<h3>Czym jest cylinder kube\u0142kowy?<\/h3>\n<p>Si\u0142ownik czerpakowy to specjalistyczny si\u0142ownik hydrauliczny przeznaczony do sterowania ruchem \u0142y\u017cek w ci\u0119\u017ckim sprz\u0119cie. Si\u0142owniki te s\u0105 zaprojektowane tak, aby wytrzymywa\u0142y wysokie ci\u015bnienie i du\u017ce obci\u0105\u017cenia, dzi\u0119ki czemu idealnie nadaj\u0105 si\u0119 do zastosowa\u0144 wymagaj\u0105cych trwa\u0142o\u015bci i niezawodno\u015bci. Podstawow\u0105 rol\u0105 si\u0142ownika czerpakowego jest umo\u017cliwienie precyzyjnej kontroli nad prac\u0105 \u0142y\u017cki, co jest niezb\u0119dne podczas takich zada\u0144 jak kopanie, podnoszenie i transport materia\u0142\u00f3w. Konstrukcja tych si\u0142ownik\u00f3w uwzgl\u0119dnia kwestie wytrzyma\u0142o\u015bci, trwa\u0142o\u015bci i wydajno\u015bci, co czyni je podstawowym elementem uk\u0142ad\u00f3w hydraulicznych w r\u00f3\u017cnych bran\u017cach.<\/p>\n<h2>Cechy cylindra wysi\u0119gnika<\/h2>\n<ul>\n<li><strong>Wysoka wytrzyma\u0142o\u015b\u0107 i trwa\u0142o\u015b\u0107:<\/strong> Si\u0142ownik wysi\u0119gnika, zazwyczaj wykonany z wysokowytrzyma\u0142ej stali lub aluminium, wytrzymuje wysokie ci\u015bnienia i du\u017ce obci\u0105\u017cenia, dzi\u0119ki czemu nadaje si\u0119 do pracy w trudnych warunkach. Konstrukcja k\u0142adzie nacisk na odporno\u015b\u0107 na zu\u017cycie i korozj\u0119, wyd\u0142u\u017caj\u0105c jego \u017cywotno\u015b\u0107.<\/li>\n<li><strong>Wydajna praca uk\u0142adu hydraulicznego:<\/strong> Wykorzystuj\u0105c ci\u015bnienie oleju hydraulicznego, si\u0142ownik umo\u017cliwia p\u0142ynne wysuwanie i wsuwanie, co pozwala na szybk\u0105 reakcj\u0119 na polecenia operacyjne. Ta mo\u017cliwo\u015b\u0107 zapewnia znaczn\u0105 si\u0142\u0119 pchania i ci\u0105gni\u0119cia, idealn\u0105 do przenoszenia ci\u0119\u017ckich \u0142adunk\u00f3w i wykonywania skomplikowanych zada\u0144.<\/li>\n<li><strong>Dost\u0119pne r\u00f3\u017cne typy:<\/strong> Si\u0142owniki kube\u0142kowe mo\u017cna wybiera\u0107 w konfiguracji jednostronnego dzia\u0142ania (dzia\u0142aj\u0105ce w jednym kierunku) lub dwustronnego dzia\u0142ania (dzia\u0142aj\u0105ce w obu kierunkach), aby spe\u0142ni\u0107 r\u00f3\u017cne potrzeby operacyjne. Niekt\u00f3re modele s\u0105 teleskopowe, co pozwala na wi\u0119ksze wysuni\u0119cie bez zwi\u0119kszania wymiar\u00f3w zewn\u0119trznych, co jest odpowiednie do zastosowa\u0144 w ograniczonej przestrzeni.<\/li>\n<li><strong>Zgodno\u015b\u0107 z r\u00f3\u017cnymi urz\u0105dzeniami:<\/strong> Nasze produkty mog\u0105 bez problemu zast\u0105pi\u0107 istniej\u0105ce si\u0142owniki hydrauliczne, zapewniaj\u0105c kompatybilno\u015b\u0107 z szerok\u0105 gam\u0105 maszyn i zwi\u0119kszaj\u0105c ich wydajno\u015b\u0107.<\/li>\n<li><strong>Konstrukcja \u0142atwa w konserwacji:<\/strong> Konstrukcja si\u0142ownika wysi\u0119gnika u\u0142atwia konserwacj\u0119 i naprawy, dzi\u0119ki czemu operatorzy mog\u0105 \u0142atwiej wykonywa\u0107 niezb\u0119dne czynno\u015bci konserwacyjne w celu zapewnienia optymalnej wydajno\u015bci.<\/li>\n<\/ul>\n<p><img decoding=\"async\" src=\"https:\/\/www.hydraulic-cylinders.net\/wp-content\/uploads\/2025\/04\/songte-cylinder-head-with-all-kinds-excavator-models.webp\" alt=\"G\u0142owica cylindra wiadra\" \/><\/p>\n<h2>Zastosowania cylindra wysi\u0119gnika<\/h2>\n<h3>Sprz\u0119t budowlany<\/h3>\n<p>W sprz\u0119cie budowlanym, takim jak koparki, si\u0142ownik wysi\u0119gnika odgrywa kluczow\u0105 rol\u0119 w kopaniu, \u0142adowaniu i przemieszczaniu gleby lub gruzu. Jego hydrauliczne mo\u017cliwo\u015bci umo\u017cliwiaj\u0105 operatorowi wykonywanie precyzyjnych ruch\u00f3w, niezb\u0119dnych do efektywnego wykonywania wykop\u00f3w. W koparko-\u0142adowarkach si\u0142ownik \u0142y\u017cki wspomaga zar\u00f3wno kopanie, jak i podnoszenie, co czyni go kluczowym elementem w r\u00f3\u017cnych projektach budowlanych.<\/p>\n<h3>Maszyny rolnicze<\/h3>\n<p>W rolnictwie \u0142adowarki czo\u0142owe wykorzystuj\u0105 si\u0142owniki wysi\u0119gnika do nabierania, podnoszenia i transportu gleby, siana i innych materia\u0142\u00f3w. Mo\u017cliwo\u015b\u0107 sterowania po\u0142o\u017ceniem \u0142y\u017cki umo\u017cliwia sprawny za\u0142adunek i roz\u0142adunek materia\u0142\u00f3w, znacznie zwi\u0119kszaj\u0105c wydajno\u015b\u0107 w gospodarstwach rolnych.<\/p>\n<h3>Koparki<\/h3>\n<p>W koparkach si\u0142ownik wysi\u0119gnika umo\u017cliwia skuteczne zag\u0142\u0119bianie si\u0119 \u0142y\u017cki w grunt, u\u0142atwiaj\u0105c kopanie. Ta funkcjonalno\u015b\u0107 ma kluczowe znaczenie, poniewa\u017c pozwala operatorom osi\u0105gn\u0105\u0107 po\u017c\u0105dan\u0105 g\u0142\u0119boko\u015b\u0107 i zmaksymalizowa\u0107 wysi\u0142ek zwi\u0105zany z wykopami, co znacz\u0105co wp\u0142ywa na harmonogram i efektywno\u015b\u0107 projektu.<\/p>\n<h3>\u0141adowarki<\/h3>\n<p>W \u0142adowarkach czo\u0142owych si\u0142owniki wysi\u0119gnika s\u0105 niezb\u0119dne do efektywnego podnoszenia i zrzucania materia\u0142\u00f3w. Sterowanie hydrauliczne zapewniane przez te si\u0142owniki pozwala operatorom bezpiecznie i wydajnie obs\u0142ugiwa\u0107 ci\u0119\u017ckie \u0142adunki, poprawiaj\u0105c og\u00f3ln\u0105 wydajno\u015b\u0107 maszyny.<\/p>\n<h2>Zagadnienia projektowe i kryteria wyboru<\/h2>\n<h3>No\u015bno\u015b\u0107<\/h3>\n<p>Przy wyborze si\u0142ownika wysi\u0119gnika kluczowe znaczenie ma zrozumienie jego ud\u017awigu. Si\u0142ownik musi by\u0107 w stanie ud\u017awign\u0105\u0107 maksymalne oczekiwane obci\u0105\u017cenie, zachowuj\u0105c jednocze\u015bnie standardy bezpiecze\u0144stwa i wydajno\u015bci. Wymaga to oblicze\u0144 uwzgl\u0119dniaj\u0105cych mas\u0119 przenoszonych materia\u0142\u00f3w, dynamik\u0119 maszyny oraz wsp\u00f3\u0142czynniki bezpiecze\u0144stwa, aby zapobiec awariom pod obci\u0105\u017ceniem.<\/p>\n<h3>Wydajno\u015b\u0107 uszczelnienia<\/h3>\n<p>Uszczelnienie jest kluczowym aspektem konstrukcji cylindra hydraulicznego. Skuteczne uszczelnienia zapobiegaj\u0105 wyciekom p\u0142ynu, zapewniaj\u0105c wydajn\u0105 prac\u0119 uk\u0142adu hydraulicznego. Wysokiej jako\u015bci uszczelnienia wykonane z materia\u0142\u00f3w takich jak poliuretan i kauczuk nitrylowy s\u0105 odporne na zu\u017cycie i uszkodzenia, zachowuj\u0105c jednocze\u015bnie integralno\u015b\u0107 pod ci\u015bnieniem. Regularne kontrole i wymiana uszczelnie\u0144 s\u0105 niezb\u0119dne, aby zapobiec utracie p\u0142ynu hydraulicznego i utrzyma\u0107 wydajno\u015b\u0107 uk\u0142adu.<\/p>\n<h3>Trwa\u0142o\u015b\u0107<\/h3>\n<p>Trwa\u0142o\u015b\u0107 jest kluczowym czynnikiem, szczeg\u00f3lnie w trudnych warunkach pracy. Cylinder musi by\u0107 odporny na zu\u017cycie, korozj\u0119 i ekstremalne temperatury. Producenci cz\u0119sto stosuj\u0105 zaawansowane materia\u0142y i pow\u0142oki, aby zwi\u0119kszy\u0107 trwa\u0142o\u015b\u0107, zapewniaj\u0105c produktowi odporno\u015b\u0107 na trudne warunki bez uszczerbku dla wydajno\u015bci.<\/p>\n<h3>Funkcje bezpiecze\u0144stwa<\/h3>\n<p>Bezpiecze\u0144stwo ma kluczowe znaczenie w projektowaniu cylindr\u00f3w hydraulicznych. Obejmuje to zapewnienie bezpiecznej pracy cylindra w warunkach maksymalnego ci\u015bnienia oraz zastosowanie zabezpiecze\u0144 zapobiegaj\u0105cych wypadkom i awariom sprz\u0119tu. Zrozumienie klas bezpiecze\u0144stwa i certyfikat\u00f3w cylindra jest niezb\u0119dne do zapewnienia zgodno\u015bci z przepisami i normami bran\u017cowymi.<\/p>\n<h3>Dost\u0119pno\u015b\u0107 konserwacyjna<\/h3>\n<p>Dobrze zaprojektowany si\u0142ownik hydrauliczny powinien u\u0142atwia\u0107 konserwacj\u0119. Obejmuje to punkty dost\u0119pu do smarowania, kontroli oraz wymiany uszczelnie\u0144 i innych podzespo\u0142\u00f3w. Regularna konserwacja zapewnia d\u0142ugowieczno\u015b\u0107 i optymaln\u0105 wydajno\u015b\u0107, redukuj\u0105c przestoje i koszty napraw dla operator\u00f3w.<\/p>\n<p><img decoding=\"async\" src=\"https:\/\/www.hydraulic-cylinders.net\/wp-content\/uploads\/2025\/04\/songte-oil-pipes-and-spare-parts.webp\" alt=\"Cz\u0119\u015bci hydrauliczne\" \/><\/p>\n<h2>Uszczelnianie i smarowanie<\/h2>\n<p>Skuteczne uszczelnienie i smarowanie s\u0105 niezb\u0119dne dla p\u0142ynnej pracy cylindr\u00f3w hydraulicznych. R\u00f3\u017cne elementy uszczelniaj\u0105ce, takie jak uszczelnienia t\u0142ok\u00f3w i t\u0142oczysk, s\u0142u\u017c\u0105 do utrzymania ci\u015bnienia i zapobiegania wyciekom. Wyb\u00f3r uszczelnie\u0144 wykonanych z trwa\u0142ych materia\u0142\u00f3w, takich jak poliuretan i kauczuk nitrylowy, ma kluczowe znaczenie dla zapewnienia trwa\u0142o\u015bci i odporno\u015bci na zu\u017cycie.<\/p>\n<p>Dodatkowo korpus cylindra i gwintowane powierzchnie ko\u0144cowe s\u0105 precyzyjnie obrobione maszynowo, aby zwi\u0119kszy\u0107 odporno\u015b\u0107 na zu\u017cycie. Regularne smarowanie olejem hydraulicznym jest niezb\u0119dne, aby zmniejszy\u0107 tarcie i zu\u017cycie cz\u0119\u015bci ruchomych, zapewniaj\u0105c wydajn\u0105 prac\u0119 i wyd\u0142u\u017caj\u0105c \u017cywotno\u015b\u0107 cylindra. Operatorzy powinni przestrzega\u0107 harmonogramu smarowania, aby zapobiec uszkodzeniom i zapewni\u0107 optymaln\u0105 wydajno\u015b\u0107.<\/p>\n<h2>\u015arodki konserwacji zapobiegawczej<\/h2>\n<ul>\n<li><strong>Regularne kontrole:<\/strong> Przeprowadzanie rutynowych kontroli si\u0142ownika hydraulicznego i jego podzespo\u0142\u00f3w jest kluczowe dla identyfikacji zu\u017cycia i potencjalnych problem\u00f3w, zanim stan\u0105 si\u0119 one powa\u017cne. Sprawd\u017a uszczelki, po\u0142\u0105czenia i korpus si\u0142ownika pod k\u0105tem \u015blad\u00f3w zu\u017cycia lub uszkodze\u0144.<\/li>\n<li><strong>W\u0142a\u015bciwe smarowanie:<\/strong> Zapewnienie odpowiedniego smarowania cylindra jest kluczowe dla jego dzia\u0142ania. Stosuj zalecane oleje hydrauliczne i utrzymuj ich odpowiedni poziom, aby zapobiec wysuszeniu i nadmiernemu zu\u017cyciu cz\u0119\u015bci ruchomych.<\/li>\n<li><strong>Wymiana uszczelki:<\/strong> Regularnie sprawdzaj stan uszczelek i wymieniaj je w razie potrzeby. Zu\u017cyte uszczelki mog\u0105 prowadzi\u0107 do wyciek\u00f3w i spadku wydajno\u015bci, co negatywnie wp\u0142ywa na og\u00f3ln\u0105 wydajno\u015b\u0107 uk\u0142adu hydraulicznego.<\/li>\n<\/ul>\n<h2>Przewodnik instalacji<\/h2>\n<p>Prawid\u0142owy monta\u017c si\u0142ownika wysi\u0119gnika jest niezb\u0119dny dla zapewnienia optymalnej wydajno\u015bci i bezpiecze\u0144stwa. Aby wykona\u0107 prawid\u0142owy monta\u017c, nale\u017cy wykona\u0107 nast\u0119puj\u0105ce czynno\u015bci:<\/p>\n<ol>\n<li><strong>Przygotowanie:<\/strong> Przed monta\u017cem upewnij si\u0119, \u017ce urz\u0105dzenie jest od\u0142\u0105czone od zasilania i \u017ce ci\u015bnienie hydrauliczne zosta\u0142o uwolnione. Przygotuj niezb\u0119dne narz\u0119dzia i komponenty do monta\u017cu.<\/li>\n<li><strong>Wyr\u00f3wnanie:<\/strong> Prawid\u0142owo ustaw cylinder wzgl\u0119dem punkt\u00f3w mocowania w maszynie. U\u017cycie odpowiednich wspornik\u00f3w monta\u017cowych mo\u017ce pom\u00f3c w uzyskaniu prawid\u0142owego ustawienia i zabezpieczeniu cylindra na miejscu.<\/li>\n<li><strong>Po\u0142\u0105czenie:<\/strong> Ostro\u017cnie pod\u0142\u0105cz przewody hydrauliczne, upewniaj\u0105c si\u0119, \u017ce wszystkie z\u0142\u0105cza s\u0105 szczelne i szczelne. W razie potrzeby rozwa\u017c u\u017cycie \u015brodka uszczelniaj\u0105cego do gwint\u00f3w, aby zapobiec wyciekom.<\/li>\n<li><strong>Testowanie:<\/strong> Po instalacji nale\u017cy przetestowa\u0107 system, aby upewni\u0107 si\u0119, \u017ce dzia\u0142a prawid\u0142owo. Nale\u017cy sprawdzi\u0107 szczelno\u015b\u0107 i nas\u0142uchiwa\u0107 nietypowych d\u017awi\u0119k\u00f3w, kt\u00f3re mog\u0105 wskazywa\u0107 na problemy z instalacj\u0105.<\/li>\n<\/ol>\n<h2>Typowe zadania konserwacyjne<\/h2>\n<ul>\n<li><strong>Regularne kontrole:<\/strong> Regularne kontrole pozwalaj\u0105 na wczesn\u0105 identyfikacj\u0119 potencjalnych problem\u00f3w. Nale\u017cy zwr\u00f3ci\u0107 uwag\u0119 na oznaki zu\u017cycia, wyciek\u00f3w i uszkodze\u0144.<\/li>\n<li><strong>Prawid\u0142owe smarowanie:<\/strong> Przestrzegaj regularnego harmonogramu smarowania, aby mie\u0107 pewno\u015b\u0107, \u017ce wszystkie ruchome cz\u0119\u015bci dzia\u0142aj\u0105 p\u0142ynnie, zmniejszaj\u0105c tarcie i zu\u017cycie.<\/li>\n<li><strong>Wymiana uszczelki:<\/strong> Monitoruj stan uszczelek i wymieniaj je w razie konieczno\u015bci, aby zachowa\u0107 wydajno\u015b\u0107 hydrauliczn\u0105 i zapobiega\u0107 wyciekom.<\/li>\n<\/ul>\n<h2>Zagadnienia bezpiecze\u0144stwa i czynniki \u015brodowiskowe<\/h2>\n<p>Podczas u\u017cytkowania cylindr\u00f3w hydraulicznych kluczowe jest wdro\u017cenie odpowiednich \u015brodk\u00f3w bezpiecze\u0144stwa. Operatorzy powinni by\u0107 przeszkoleni w zakresie potencjalnych zagro\u017ce\u0144 zwi\u0105zanych z uk\u0142adami hydraulicznymi, w tym zagro\u017ce\u0144 zwi\u0105zanych z wysokim ci\u015bnieniem, oraz znaczenia przestrzegania protoko\u0142\u00f3w bezpiecze\u0144stwa podczas obs\u0142ugi i konserwacji. Stosowanie \u015brodk\u00f3w ochrony indywidualnej (PPE) i przestrzeganie wytycznych producenta dodatkowo zapewnia bezpieczn\u0105 obs\u0142ug\u0119 i eksploatacj\u0119.<\/p>\n<h2>Rozwi\u0105zywanie problem\u00f3w i typowe problemy<\/h2>\n<ul>\n<li><strong>Przeciek:<\/strong> W przypadku stwierdzenia wycieku nale\u017cy sprawdzi\u0107 uszczelki i po\u0142\u0105czenia pod k\u0105tem uszkodze\u0144. Wymie\u0144 zu\u017cyte uszczelki i upewnij si\u0119, \u017ce po\u0142\u0105czenia s\u0105 dobrze zamocowane, aby zapobiec wyciekowi p\u0142ynu.<\/li>\n<li><strong>Powolna reakcja:<\/strong> Powolna reakcja mo\u017ce wskazywa\u0107 na niski poziom p\u0142ynu hydraulicznego lub zapowietrzenie uk\u0142adu. Sprawd\u017a poziom p\u0142ynu i odpowietrz uk\u0142ad w razie potrzeby.<\/li>\n<li><strong>Brak ruchu:<\/strong> Je\u017celi cylinder nie porusza si\u0119, sprawd\u017a, czy nie ma przeszk\u00f3d, upewnij si\u0119, \u017ce ci\u015bnienie hydrauliczne jest odpowiednie i sprawd\u017a, czy nie ma uszkodzonych element\u00f3w, kt\u00f3re mog\u0105 wymaga\u0107 wymiany.<\/li>\n<\/ul>\n<h2>Wskaz\u00f3wki dotycz\u0105ce rozwi\u0105zywania problem\u00f3w<\/h2>\n<p>Aby skutecznie diagnozowa\u0107 i rozwi\u0105zywa\u0107 problemy z si\u0142ownikami hydraulicznymi, post\u0119puj zgodnie z poni\u017cszymi wskaz\u00f3wkami dotycz\u0105cymi rozwi\u0105zywania problem\u00f3w:<\/p>\n<ul>\n<li><strong>Regularna konserwacja:<\/strong> Wdro\u017cenie programu konserwacji zapobiegawczej w celu wczesnego wykrywania problem\u00f3w i zapewnienia wydajnej pracy systemu.<\/li>\n<li><strong>Monitorowanie wydajno\u015bci:<\/strong> Monitoruj dzia\u0142anie si\u0142ownika hydraulicznego. Wszelkie nieprawid\u0142owo\u015bci nale\u017cy niezw\u0142ocznie zbada\u0107, aby unikn\u0105\u0107 powa\u017cnych uszkodze\u0144.<\/li>\n<li><strong>Konsultanci profesjonali\u015bci:<\/strong> Je\u015bli problem nadal wyst\u0119puje, konsultacja ze specjalistami od uk\u0142ad\u00f3w hydraulicznych mo\u017ce dostarczy\u0107 cennych wskaz\u00f3wek i zalece\u0144 dotycz\u0105cych napraw.<\/li>\n<\/ul>\n<p><img decoding=\"async\" src=\"https:\/\/www.hydraulic-cylinders.net\/wp-content\/uploads\/2025\/04\/songte-bushings-with-all-kinds-of-excavator-models.webp\" alt=\"Tuleje\" \/><\/p>\n<h2>Przegl\u0105d firmy<\/h2>\n<p>Jeste\u015bmy wiod\u0105cym producentem zamiennych si\u0142ownik\u00f3w hydraulicznych, oferuj\u0105cym szerok\u0105 gam\u0119 produkt\u00f3w, dostosowanych do potrzeb rynku krajowego i mi\u0119dzynarodowego. Nasze d\u0105\u017cenie do doskona\u0142o\u015bci jest poparte zaawansowan\u0105 strategi\u0105 produkcyjn\u0105 i koncentracj\u0105 na jako\u015bci. K\u0142ad\u0105c nacisk na precyzj\u0119 produkcji, nasze zak\u0142ady produkcyjne s\u0105 wyposa\u017cone w zaawansowane technologie i zatrudniaj\u0105 wykwalifikowanych technik\u00f3w, aby zapewni\u0107 wysokie standardy kontroli jako\u015bci.<\/p>\n<p>Nasza specjalizacja w rozwi\u0105zaniach niestandardowych pozwala nam sprosta\u0107 zr\u00f3\u017cnicowanym potrzebom naszych klient\u00f3w, a nasze mi\u0119dzynarodowe certyfikaty potwierdzaj\u0105 przestrzeganie \u015bwiatowych standard\u00f3w produkcyjnych. Od sprz\u0119tu produkcyjnego po serwis posprzeda\u017cowy, priorytetowo traktujemy satysfakcj\u0119 klienta i d\u0105\u017cymy do utrzymania d\u0142ugotrwa\u0142ych relacji z naszymi klientami.<\/p>\n<p><img decoding=\"async\" src=\"https:\/\/www.hydraulic-cylinders.net\/wp-content\/uploads\/2025\/04\/songte-company-4.webp\" alt=\"Przegl\u0105d firmy\" \/><br \/>\n<img decoding=\"async\" src=\"https:\/\/www.hydraulic-cylinders.net\/wp-content\/uploads\/2025\/04\/songte-company-3.webp\" alt=\"Obiekty firmy\" \/><\/p>\n<p>Autor: lyl<\/p>","protected":false},"excerpt":{"rendered":"<p>Boom Cylinder For Volwa Cane Unloader DLS210-9A Product Overview The Boom Cylinder For Volwa Cane Unloader DLS210-9A is a crucial hydraulic component designed specifically for enhancing the functionality of heavy machinery like cane unloaders. This type of hydraulic cylinder is responsible for controlling the movement of the bucket in various heavy-duty applications, such as excavators, [&hellip;]<\/p>","protected":false},"featured_media":17870,"comment_status":"open","ping_status":"closed","template":"","meta":{"_et_pb_use_builder":"","_et_pb_old_content":"","_et_gb_content_width":""},"product_brand":[],"product_cat":[1546],"product_tag":[1547,1496],"class_list":{"0":"post-19622","1":"product","2":"type-product","3":"status-publish","4":"has-post-thumbnail","6":"product_cat-boom-cylinders","7":"product_tag-boom-cylinders","8":"product_tag-hydraulic-cylinders","10":"first","11":"instock","12":"shipping-taxable","13":"product-type-simple"},"amp_enabled":true,"_links":{"self":[{"href":"https:\/\/www.hydraulic-cylinders.net\/pl\/wp-json\/wp\/v2\/product\/19622","targetHints":{"allow":["GET"]}}],"collection":[{"href":"https:\/\/www.hydraulic-cylinders.net\/pl\/wp-json\/wp\/v2\/product"}],"about":[{"href":"https:\/\/www.hydraulic-cylinders.net\/pl\/wp-json\/wp\/v2\/types\/product"}],"replies":[{"embeddable":true,"href":"https:\/\/www.hydraulic-cylinders.net\/pl\/wp-json\/wp\/v2\/comments?post=19622"}],"wp:featuredmedia":[{"embeddable":true,"href":"https:\/\/www.hydraulic-cylinders.net\/pl\/wp-json\/wp\/v2\/media\/17870"}],"wp:attachment":[{"href":"https:\/\/www.hydraulic-cylinders.net\/pl\/wp-json\/wp\/v2\/media?parent=19622"}],"wp:term":[{"taxonomy":"product_brand","embeddable":true,"href":"https:\/\/www.hydraulic-cylinders.net\/pl\/wp-json\/wp\/v2\/product_brand?post=19622"},{"taxonomy":"product_cat","embeddable":true,"href":"https:\/\/www.hydraulic-cylinders.net\/pl\/wp-json\/wp\/v2\/product_cat?post=19622"},{"taxonomy":"product_tag","embeddable":true,"href":"https:\/\/www.hydraulic-cylinders.net\/pl\/wp-json\/wp\/v2\/product_tag?post=19622"}],"curies":[{"name":"wp","href":"https:\/\/api.w.org\/{rel}","templated":true}]}}