{"id":19624,"date":"2025-04-07T06:58:08","date_gmt":"2025-04-07T06:58:08","guid":{"rendered":"https:\/\/www.hydraulic-cylinders.net\/product\/boom-cylinder-for-volwa-cane-unloader-dls880-9ag\/"},"modified":"2025-04-07T06:58:11","modified_gmt":"2025-04-07T06:58:11","slug":"boom-cylinder-for-volwa-cane-unloader-dls880-9ag","status":"publish","type":"product","link":"https:\/\/www.hydraulic-cylinders.net\/pl\/produkt\/boom-cylinder-for-volwa-cane-unloader-dls880-9ag\/","title":{"rendered":"Si\u0142ownik wysi\u0119gnika do roz\u0142adunku trzciny Volwa DLS880-9AG"},"content":{"rendered":"<h1>Si\u0142ownik wysi\u0119gnika do roz\u0142adunku trzciny Volwa DLS880-9AG<\/h1>\n<h2>Przegl\u0105d produktu<\/h2>\n<p>Si\u0142ownik wysi\u0119gnika do roz\u0142adunku trzciny cukrowej Volwa DLS880-9AG to specjalistyczny si\u0142ownik hydrauliczny zaprojektowany do sterowania ruchem ci\u0119\u017ckich maszyn, szczeg\u00f3lnie w rolnictwie. Si\u0142owniki te odgrywaj\u0105 kluczow\u0105 rol\u0119 w uk\u0142adach hydraulicznych, zapewniaj\u0105c si\u0142\u0119 niezb\u0119dn\u0105 do podnoszenia, opuszczania i przechylania osprz\u0119tu, takiego jak \u0142y\u017cki, co jest niezb\u0119dne do zada\u0144 zwi\u0105zanych z prze\u0142adunkiem materia\u0142\u00f3w. Si\u0142owniki \u0142y\u017cki to t\u0142oki hydrauliczne, kt\u00f3re steruj\u0105 ruchem \u0142y\u017cki w r\u00f3\u017cnych ci\u0119\u017ckich maszynach, takich jak koparki, koparko-\u0142adowarki i \u0142adowarki czo\u0142owe. Umo\u017cliwiaj\u0105 one precyzyjn\u0105 kontrol\u0119 nad prac\u0105 \u0142y\u017cki, umo\u017cliwiaj\u0105c efektywne kopanie, za\u0142adunek i transport materia\u0142\u00f3w.<\/p>\n<p><img decoding=\"async\" src=\"https:\/\/www.hydraulic-cylinders.net\/wp-content\/uploads\/2025\/04\/songte-company-1.webp\" alt=\"Si\u0142ownik wysi\u0119gnika do roz\u0142adunku trzciny Volwa\" \/><\/p>\n<h2>Cechy cylindra wysi\u0119gnika<\/h2>\n<ul>\n<li><strong>Wysoka wytrzyma\u0142o\u015b\u0107 i trwa\u0142o\u015b\u0107:<\/strong> Wykonane z wysokowytrzyma\u0142ej stali lub aluminium, te cylindry wytrzymuj\u0105 wysokie ci\u015bnienie i du\u017ce obci\u0105\u017cenia, dzi\u0119ki czemu nadaj\u0105 si\u0119 do pracy w trudnych warunkach. Ich konstrukcja zapewnia odporno\u015b\u0107 na zu\u017cycie i korozj\u0119, co wyd\u0142u\u017ca ich \u017cywotno\u015b\u0107.<\/li>\n<li><strong>Wydajna praca uk\u0142adu hydraulicznego:<\/strong> Wykorzystuj\u0105c ci\u015bnienie oleju hydraulicznego, si\u0142ownik zapewnia p\u0142ynne wysuwanie i wsuwanie, szybk\u0105 reakcj\u0119 na polecenia steruj\u0105ce i znaczn\u0105 si\u0142\u0119 pchania i ci\u0105gni\u0119cia, co jest idealne w przypadku ci\u0119\u017ckich i skomplikowanych zada\u0144.<\/li>\n<li><strong>R\u00f3\u017cne typy:<\/strong> Dost\u0119pne w konfiguracjach jednostronnego dzia\u0142ania (dzia\u0142a w jednym kierunku) lub dwustronnego dzia\u0142ania (dzia\u0142a w obu kierunkach), aby sprosta\u0107 r\u00f3\u017cnym potrzebom operacyjnym. Niekt\u00f3re modele s\u0105 teleskopowe, co pozwala na wi\u0119ksze wysuni\u0119cie bez zwi\u0119kszania wymiar\u00f3w zewn\u0119trznych, dzi\u0119ki czemu idealnie nadaj\u0105 si\u0119 do zastosowa\u0144 w ograniczonej przestrzeni.<\/li>\n<\/ul>\n<h2>Mo\u017cliwo\u015bci produkcyjne<\/h2>\n<p>Jeste\u015bmy w stanie wyprodukowa\u0107 ten produkt, a nasze cylindry mog\u0105 doskonale zast\u0105pi\u0107 r\u00f3\u017cne cylindry hydrauliczne dost\u0119pne na rynku.<\/p>\n<p><img decoding=\"async\" src=\"https:\/\/www.hydraulic-cylinders.net\/wp-content\/uploads\/2025\/04\/songte-cylinder-head-with-all-kinds-excavator-models.webp\" alt=\"Produkcja cylindr\u00f3w\" \/><\/p>\n<h2>Zastosowania cylindra wysi\u0119gnika<\/h2>\n<h3>Sprz\u0119t budowlany<\/h3>\n<p>W koparkach si\u0142owniki wysi\u0119gnika s\u0105 niezb\u0119dne do efektywnego kopania, za\u0142adunku i przemieszczania ziemi lub gruzu. Wspomagaj\u0105 one zar\u00f3wno proces kopania, jak i podnoszenia, przyczyniaj\u0105c si\u0119 do og\u00f3lnej wydajno\u015bci prac budowlanych.<\/p>\n<h3>Maszyny rolnicze<\/h3>\n<p>W \u0142adowarkach czo\u0142owych si\u0142owniki te s\u0105 niezb\u0119dne do nabierania, podnoszenia i transportu gleby, siana i innych materia\u0142\u00f3w. Ich precyzyjne sterowanie zwi\u0119ksza wydajno\u015b\u0107 prac rolniczych, czyni\u0105c je podstawowymi narz\u0119dziami w gospodarstwach rolnych.<\/p>\n<h3>Koparki<\/h3>\n<p>W przypadku koparek si\u0142ownik wysi\u0119gnika umo\u017cliwia zag\u0142\u0119bianie si\u0119 \u0142y\u017cki w gleb\u0119, u\u0142atwiaj\u0105c efektywne kopanie. Ta funkcja jest kluczowa w przypadku r\u00f3\u017cnych zada\u0144, takich jak kopanie row\u00f3w i przygotowanie terenu.<\/p>\n<h3>\u0141adowarki<\/h3>\n<p>W \u0142adowarkach czo\u0142owych si\u0142ownik wysi\u0119gnika pomaga w efektywnym podnoszeniu i zrzucaniu \u0142adunk\u00f3w. Mo\u017cliwo\u015b\u0107 efektywnego przenoszenia ci\u0119\u017ckich materia\u0142\u00f3w sprawia, \u017ce \u200b\u200b\u0142adowarki s\u0105 niezast\u0105pione w budownictwie i transporcie materia\u0142\u00f3w.<\/p>\n<h2>Zagadnienia projektowe i kryteria wyboru<\/h2>\n<h3>No\u015bno\u015b\u0107<\/h3>\n<p>Przy wyborze si\u0142ownika hydraulicznego, najwa\u017cniejsza jest no\u015bno\u015b\u0107. Si\u0142ownik musi by\u0107 w stanie utrzyma\u0107 ci\u0119\u017car przenoszonych materia\u0142\u00f3w bez ryzyka awarii. In\u017cynierowie musz\u0105 obliczy\u0107 maksymalne obci\u0105\u017cenie i wybra\u0107 si\u0142ownik o co najmniej takiej warto\u015bci, uwzgl\u0119dniaj\u0105c margines bezpiecze\u0144stwa na wypadek nieoczekiwanych obci\u0105\u017ce\u0144.<\/p>\n<h3>Wydajno\u015b\u0107 uszczelnienia<\/h3>\n<p>Skuteczne uszczelnienie jest kluczowe dla zapobiegania wyciekom p\u0142ynu hydraulicznego, kt\u00f3re mog\u0105 prowadzi\u0107 do spadku wydajno\u015bci i zagro\u017ce\u0144 dla \u015brodowiska. Aby zapewni\u0107 prawid\u0142owe uszczelnienie w r\u00f3\u017cnych warunkach ci\u015bnienia, nale\u017cy stosowa\u0107 wysokiej jako\u015bci uszczelki wykonane z trwa\u0142ych materia\u0142\u00f3w, takich jak poliuretan lub kauczuk nitrylowy. Regularna konserwacja i kontrola uszczelnie\u0144 s\u0105 niezb\u0119dne dla utrzymania sprawno\u015bci uk\u0142adu hydraulicznego i unikni\u0119cia kosztownych napraw.<\/p>\n<h3>Trwa\u0142o\u015b\u0107<\/h3>\n<p>Na trwa\u0142o\u015b\u0107 cylindra hydraulicznego wp\u0142ywa dob\u00f3r materia\u0142\u00f3w i proces produkcyjny. Wysokiej jako\u015bci materia\u0142y odporne na zu\u017cycie i korozj\u0119 wyd\u0142u\u017caj\u0105 \u017cywotno\u015b\u0107 cylindra. Dodatkowo, procesy takie jak utwardzanie powierzchni i zaawansowane pow\u0142oki mog\u0105 zwi\u0119kszy\u0107 trwa\u0142o\u015b\u0107 cylindra, zapewniaj\u0105c jego optymaln\u0105 prac\u0119 w wymagaj\u0105cych warunkach.<\/p>\n<h3>Funkcje bezpiecze\u0144stwa<\/h3>\n<p>Bezpiecze\u0144stwo jest kluczowym czynnikiem w projektowaniu cylindr\u00f3w hydraulicznych. Aby zapobiec powa\u017cnym awariom, nale\u017cy zastosowa\u0107 takie rozwi\u0105zania, jak zawory bezpiecze\u0144stwa i mechanizmy zatrzymania awaryjnego. Odpowiednie szkolenie w zakresie bezpiecznej obs\u0142ugi i konserwacji jest r\u00f3wnie\u017c kluczowe dla zapewnienia bezpiecze\u0144stwa personelu obs\u0142uguj\u0105cego maszyny hydrauliczne.<\/p>\n<h3>Konserwacja i serwisowanie<\/h3>\n<p>Projektowanie z my\u015bl\u0105 o \u0142atwo\u015bci konserwacji jest kluczowe dla maksymalizacji \u017cywotno\u015bci cylindr\u00f3w hydraulicznych. Obejmuje to zapewnienie \u0142atwego dost\u0119pu do podzespo\u0142\u00f3w w celu ich kontroli lub wymiany. Nale\u017cy ustali\u0107 regularne harmonogramy konserwacji, aby sprawdza\u0107 zu\u017cycie, zapotrzebowanie na smarowanie i szczelno\u015b\u0107 uszczelnie\u0144, zapobiegaj\u0105c nieoczekiwanym awariom.<\/p>\n<p><img decoding=\"async\" src=\"https:\/\/www.hydraulic-cylinders.net\/wp-content\/uploads\/2025\/04\/songte-oil-pipes-and-spare-parts.webp\" alt=\"Elementy hydrauliczne\" \/><\/p>\n<h2>Uszczelnianie i smarowanie<\/h2>\n<p>Skuteczne uszczelnienie i smarowanie s\u0105 kluczowe dla wydajno\u015bci cylindr\u00f3w hydraulicznych. R\u00f3\u017cne uszczelnienia, takie jak uszczelnienia t\u0142ok\u00f3w i t\u0142oczysk, zapobiegaj\u0105 wyciekom p\u0142ynu i zanieczyszczeniom. Uszczelnienia wykonane z materia\u0142\u00f3w odpornych na zu\u017cycie, takich jak poliuretan i kauczuk nitrylowy, s\u0105 niezb\u0119dne dla d\u0142ugotrwa\u0142ej eksploatacji. Ponadto korpus cylindra i gwintowane powierzchnie ko\u0144cowe powinny by\u0107 poddane precyzyjnej obr\u00f3bce mechanicznej w celu zwi\u0119kszenia odporno\u015bci na zu\u017cycie. Regularne smarowanie olejem hydraulicznym jest kluczowe, poniewa\u017c zmniejsza tarcie i zu\u017cycie, zapewniaj\u0105c p\u0142ynn\u0105 prac\u0119.<\/p>\n<h2>Regularne kontrole i konserwacja zapobiegawcza<\/h2>\n<ul>\n<li><strong>Rutynowe kontrole:<\/strong> Regularnie przeprowadzaj kontrole wizualne pod k\u0105tem oznak zu\u017cycia, korozji lub wyciek\u00f3w. Wczesne wykrycie problem\u00f3w mo\u017ce zapobiec powa\u017cniejszym problemom w przysz\u0142o\u015bci.<\/li>\n<li><strong>Prawid\u0142owe smarowanie:<\/strong> Nale\u017cy pami\u0119ta\u0107 o uzupe\u0142nianiu oleju hydraulicznego w razie potrzeby i dba\u0107 o czysto\u015b\u0107 uk\u0142adu, aby zapobiec zanieczyszczeniom, kt\u00f3re mog\u0105 mie\u0107 wp\u0142yw na wydajno\u015b\u0107.<\/li>\n<li><strong>Wymiana uszczelki:<\/strong> Regularnie sprawdzaj stan uszczelek i wymieniaj je w razie potrzeby, aby zachowa\u0107 integralno\u015b\u0107 i wydajno\u015b\u0107 uk\u0142adu hydraulicznego.<\/li>\n<\/ul>\n<h2>Wytyczne dotycz\u0105ce instalacji<\/h2>\n<p>Prawid\u0142owy monta\u017c si\u0142ownik\u00f3w hydraulicznych ma kluczowe znaczenie dla optymalnej wydajno\u015bci. Zacznij od upewnienia si\u0119, \u017ce si\u0142ownik jest prawid\u0142owo ustawiony wzgl\u0119dem punkt\u00f3w mocowania, aby unikn\u0105\u0107 nadmiernego napr\u0119\u017cenia. U\u017cyj odpowiednich uchwyt\u00f3w monta\u017cowych, aby pewnie zamocowa\u0107 si\u0142ownik. Post\u0119puj zgodnie z instrukcjami producenta dotycz\u0105cymi po\u0142\u0105cze\u0144 hydraulicznych, upewniaj\u0105c si\u0119, \u017ce wszystkie z\u0142\u0105cza s\u0105 dobrze dokr\u0119cone, aby zapobiec wyciekom. Pod\u0142\u0105czaj\u0105c przewody hydrauliczne, u\u017cywaj przewod\u00f3w o odpowiedniej d\u0142ugo\u015bci i unikaj ostrych zagi\u0119\u0107, kt\u00f3re mog\u0105 prowadzi\u0107 do uszkodze\u0144. Po monta\u017cu, przed pe\u0142nym u\u017cyciem, przetestuj system pod niskim ci\u015bnieniem, aby sprawdzi\u0107 szczelno\u015b\u0107 i prawid\u0142owe dzia\u0142anie.<\/p>\n<h2>Typowe zadania konserwacyjne<\/h2>\n<ul>\n<li><strong>Regularne kontrole:<\/strong> Zaplanuj rutynowe kontrole w celu monitorowania stanu cylindra i otaczaj\u0105cych go podzespo\u0142\u00f3w, zwracaj\u0105c uwag\u0119 na oznaki zu\u017cycia, nieszczelno\u015bci lub uszkodze\u0144.<\/li>\n<li><strong>Prawid\u0142owe smarowanie:<\/strong> Nale\u017cy przestrzega\u0107 regularnego harmonogramu smarowania, aby zapewni\u0107 odpowiedni poziom oleju hydraulicznego i czysto\u015b\u0107 uk\u0142adu, zapobiegaj\u0105c zanieczyszczeniom.<\/li>\n<li><strong>Wymiana i kalibracja uszczelki:<\/strong> Monitoruj stan uszczelek i wymieniaj je w razie potrzeby. Regularna kalibracja uk\u0142adu hydraulicznego zapewnia optymaln\u0105 wydajno\u015b\u0107 i bezpiecze\u0144stwo.<\/li>\n<\/ul>\n<h2>Zagadnienia bezpiecze\u0144stwa i czynniki \u015brodowiskowe<\/h2>\n<p>Podczas u\u017cytkowania cylindr\u00f3w hydraulicznych \u015brodki bezpiecze\u0144stwa s\u0105 najwa\u017cniejsze. Operatorzy powinni by\u0107 przeszkoleni w zakresie bezpiecznej obs\u0142ugi, aby zmniejszy\u0107 ryzyko wypadk\u00f3w. Konieczne jest zrozumienie potencjalnych zagro\u017ce\u0144 zwi\u0105zanych z uk\u0142adami hydraulicznymi, takich jak wycieki pod wysokim ci\u015bnieniem, oraz podj\u0119cie odpowiednich \u015brodk\u00f3w ostro\u017cno\u015bci. Nale\u017cy r\u00f3wnie\u017c uwzgl\u0119dni\u0107 czynniki \u015brodowiskowe, w tym wp\u0142yw wyciek\u00f3w p\u0142ynu hydraulicznego. Zapewnienie odpowiedniej hermetyzacji i konserwacji wszystkich uk\u0142ad\u00f3w hydraulicznych mo\u017ce ograniczy\u0107 ryzyko dla \u015brodowiska.<\/p>\n<h2>Diagnostyka usterek i typowe problemy<\/h2>\n<ul>\n<li><strong>Utrata ci\u015bnienia:<\/strong> Mo\u017ce to by\u0107 spowodowane nieszczelno\u015bciami w uk\u0142adzie, niewystarczaj\u0105cym poziomem p\u0142ynu lub wadliwymi uszczelnieniami. Regularne kontrole mog\u0105 pom\u00f3c we wczesnym zidentyfikowaniu i rozwi\u0105zaniu tych problem\u00f3w.<\/li>\n<li><strong>Powolna praca:<\/strong> Wolno poruszaj\u0105cy si\u0119 cylinder mo\u017ce wskazywa\u0107 na niski poziom p\u0142ynu hydraulicznego lub zanieczyszczenie. Zapewnienie czysto\u015bci i prawid\u0142owego poziomu p\u0142ynu hydraulicznego ma kluczowe znaczenie dla utrzymania wydajno\u015bci.<\/li>\n<li><strong>Nietypowe d\u017awi\u0119ki:<\/strong> Zgrzytanie lub brz\u0119czenie cz\u0119sto wskazuj\u0105 na problemy mechaniczne lub niedostateczne smarowanie. Konieczna jest natychmiastowa kontrola, aby zapobiec dalszym uszkodzeniom.<\/li>\n<\/ul>\n<h2>Wskaz\u00f3wki dotycz\u0105ce rozwi\u0105zywania problem\u00f3w<\/h2>\n<p>Diagnozuj\u0105c problemy z si\u0142ownikami hydraulicznymi, nale\u017cy zacz\u0105\u0107 od sprawdzenia, czy nie ma widocznych wyciek\u00f3w i czy wszystkie po\u0142\u0105czenia s\u0105 dobrze zamocowane. Regularna konserwacja, obejmuj\u0105ca czyszczenie i wymian\u0119 filtr\u00f3w, mo\u017ce zapobiec wielu typowym problemom. W przypadku wykrycia niskiego ci\u015bnienia nale\u017cy sprawdzi\u0107 poziom p\u0142ynu i sprawdzi\u0107, czy przewody hydrauliczne nie s\u0105 zablokowane. Wczesne rozpoznanie i rozwi\u0105zanie tych problem\u00f3w mo\u017ce zminimalizowa\u0107 przestoje i wyd\u0142u\u017cy\u0107 \u017cywotno\u015b\u0107 si\u0142ownika.<\/p>\n<p><img decoding=\"async\" src=\"https:\/\/www.hydraulic-cylinders.net\/wp-content\/uploads\/2025\/04\/songte-bushings-with-all-kinds-of-excavator-models.webp\" alt=\"Tuleje hydrauliczne\" \/><\/p>\n<h2>Profil firmy<\/h2>\n<p>Jeste\u015bmy wiod\u0105cym producentem zamiennych si\u0142ownik\u00f3w hydraulicznych, oferuj\u0105cym szerok\u0105 gam\u0119 produkt\u00f3w, kt\u00f3re zapewni\u0142y nam pozycj\u0119 jednego z czo\u0142owych producent\u00f3w i dystrybutor\u00f3w na rynku krajowym i mi\u0119dzynarodowym. Przestrzegamy zasad najwy\u017cszej jako\u015bci, opieraj\u0105c si\u0119 na strategii zarz\u0105dzania produkcj\u0105 zindustrializowan\u0105 w naszych nowoczesnych warsztatach produkcyjnych. Nasza firma stale udoskonala swoj\u0105 platform\u0119 produkcyjn\u0105, zatrudniaj\u0105c wykwalifikowanych technik\u00f3w, wykorzystuj\u0105c zaawansowany sprz\u0119t do produkcji cyfrowej oraz specjalistyczne systemy testowe, co pozwala nam sprosta\u0107 zr\u00f3\u017cnicowanym potrzebom naszych klient\u00f3w, zapewniaj\u0105c wysok\u0105 wydajno\u015b\u0107, precyzj\u0119 i jako\u015b\u0107.<\/p>\n<p><img decoding=\"async\" src=\"https:\/\/www.hydraulic-cylinders.net\/wp-content\/uploads\/2025\/04\/songte-company-4.webp\" alt=\"Przegl\u0105d firmy\" \/><br \/>\n<img decoding=\"async\" src=\"https:\/\/www.hydraulic-cylinders.net\/wp-content\/uploads\/2025\/04\/songte-company-3.webp\" alt=\"Zak\u0142ad produkcyjny\" \/><\/p>\n<p>Podsumowuj\u0105c, jeste\u015bmy dumni z naszego profesjonalizmu, mi\u0119dzynarodowych certyfikat\u00f3w, us\u0142ug niestandardowych, zaawansowanego sprz\u0119tu produkcyjnego i niezawodnego wsparcia posprzeda\u017cowego, kt\u00f3re przyczyniaj\u0105 si\u0119 do naszego zaanga\u017cowania w dostarczanie najwy\u017cszej jako\u015bci cylindr\u00f3w hydraulicznych.<\/p>\n<p>Autor: lyl<\/p>","protected":false},"excerpt":{"rendered":"<p>Boom Cylinder For Volwa Cane Unloader DLS880-9AG Product Overview The Boom Cylinder for Volwa Cane Unloader DLS880-9AG is a specialized hydraulic cylinder designed to control the movement of heavy machinery, particularly in the agricultural sector. These cylinders play a crucial role in hydraulic systems by providing the necessary force to lift, lower, and tilt attachments [&hellip;]<\/p>","protected":false},"featured_media":17872,"comment_status":"open","ping_status":"closed","template":"","meta":{"_et_pb_use_builder":"","_et_pb_old_content":"","_et_gb_content_width":""},"product_brand":[],"product_cat":[1546],"product_tag":[1547,1496],"class_list":{"0":"post-19624","1":"product","2":"type-product","3":"status-publish","4":"has-post-thumbnail","6":"product_cat-boom-cylinders","7":"product_tag-boom-cylinders","8":"product_tag-hydraulic-cylinders","10":"first","11":"instock","12":"shipping-taxable","13":"product-type-simple"},"amp_enabled":true,"_links":{"self":[{"href":"https:\/\/www.hydraulic-cylinders.net\/pl\/wp-json\/wp\/v2\/product\/19624","targetHints":{"allow":["GET"]}}],"collection":[{"href":"https:\/\/www.hydraulic-cylinders.net\/pl\/wp-json\/wp\/v2\/product"}],"about":[{"href":"https:\/\/www.hydraulic-cylinders.net\/pl\/wp-json\/wp\/v2\/types\/product"}],"replies":[{"embeddable":true,"href":"https:\/\/www.hydraulic-cylinders.net\/pl\/wp-json\/wp\/v2\/comments?post=19624"}],"wp:featuredmedia":[{"embeddable":true,"href":"https:\/\/www.hydraulic-cylinders.net\/pl\/wp-json\/wp\/v2\/media\/17872"}],"wp:attachment":[{"href":"https:\/\/www.hydraulic-cylinders.net\/pl\/wp-json\/wp\/v2\/media?parent=19624"}],"wp:term":[{"taxonomy":"product_brand","embeddable":true,"href":"https:\/\/www.hydraulic-cylinders.net\/pl\/wp-json\/wp\/v2\/product_brand?post=19624"},{"taxonomy":"product_cat","embeddable":true,"href":"https:\/\/www.hydraulic-cylinders.net\/pl\/wp-json\/wp\/v2\/product_cat?post=19624"},{"taxonomy":"product_tag","embeddable":true,"href":"https:\/\/www.hydraulic-cylinders.net\/pl\/wp-json\/wp\/v2\/product_tag?post=19624"}],"curies":[{"name":"wp","href":"https:\/\/api.w.org\/{rel}","templated":true}]}}