{"id":19626,"date":"2025-04-07T06:58:13","date_gmt":"2025-04-07T06:58:13","guid":{"rendered":"https:\/\/www.hydraulic-cylinders.net\/product\/boom-cylinder-for-volwa-cane-unloader-dls150-9a\/"},"modified":"2025-04-07T06:58:16","modified_gmt":"2025-04-07T06:58:16","slug":"boom-cylinder-for-volwa-cane-unloader-dls150-9a","status":"publish","type":"product","link":"https:\/\/www.hydraulic-cylinders.net\/pl\/produkt\/boom-cylinder-for-volwa-cane-unloader-dls150-9a\/","title":{"rendered":"Si\u0142ownik wysi\u0119gnika do roz\u0142adunku trzciny Volwa DLS150-9A"},"content":{"rendered":"<h1>Si\u0142ownik wysi\u0119gnika do roz\u0142adunku trzciny Volwa DLS150-9A<\/h1>\n<h2>Przegl\u0105d produktu<\/h2>\n<p>Si\u0142ownik wysi\u0119gnika do roz\u0142adunku trzciny cukrowej Volwa DLS150-9A to specjalistyczny si\u0142ownik hydrauliczny przeznaczony do sterowania ruchem \u0142y\u017cek ci\u0119\u017ckich maszyn, takich jak koparki, koparko-\u0142adowarki i \u0142adowarki czo\u0142owe. Si\u0142ownik ten u\u0142atwia podnoszenie, opuszczanie i przechylanie \u0142y\u017cki, zwi\u0119kszaj\u0105c wydajno\u015b\u0107 zada\u0144 zwi\u0105zanych z prze\u0142adunkiem materia\u0142\u00f3w. Si\u0142ownik \u0142y\u017cki odgrywa kluczow\u0105 rol\u0119 w uk\u0142adach hydraulicznych, poniewa\u017c przekszta\u0142ca ci\u015bnienie hydrauliczne w si\u0142\u0119 mechaniczn\u0105, umo\u017cliwiaj\u0105c wykonywanie r\u00f3\u017cnych operacji w sektorze budowlanym i rolniczym.<\/p>\n<p><img decoding=\"async\" src=\"https:\/\/www.hydraulic-cylinders.net\/wp-content\/uploads\/2025\/04\/songte-company-1.webp\" alt=\"Si\u0142ownik hydrauliczny\" \/><\/p>\n<h2>Cechy cylindra wysi\u0119gnika<\/h2>\n<ul>\n<li><strong>Wysoka wytrzyma\u0142o\u015b\u0107 i trwa\u0142o\u015b\u0107:<\/strong> Si\u0142ownik wysi\u0119gnika, zazwyczaj wykonany z wysokowytrzyma\u0142ej stali lub aluminium, wytrzymuje wysokie ci\u015bnienie i du\u017ce obci\u0105\u017cenia. Zosta\u0142 zaprojektowany do pracy w trudnych warunkach, zapewniaj\u0105c d\u0142ugotrwa\u0142\u0105 wydajno\u015b\u0107.<\/li>\n<li><strong>Wydajna praca uk\u0142adu hydraulicznego:<\/strong> Si\u0142ownik wykorzystuje ci\u015bnienie oleju hydraulicznego, aby zapewni\u0107 p\u0142ynne wysuwanie i wsuwanie. Szybko reaguje na polecenia steruj\u0105ce, zapewniaj\u0105c du\u017c\u0105 si\u0142\u0119 pchania i ci\u0105gni\u0119cia, co czyni go idealnym do ci\u0119\u017ckich i skomplikowanych zada\u0144.<\/li>\n<li><strong>R\u00f3\u017cne typy:<\/strong> Asortyment produkt\u00f3w obejmuje si\u0142owniki jednostronnego dzia\u0142ania (wykorzystuj\u0105ce si\u0142\u0119 hydrauliczn\u0105 w jednym kierunku) i dwustronnego dzia\u0142ania (wykorzystuj\u0105ce si\u0142\u0119 hydrauliczn\u0105 w obu kierunkach), aby sprosta\u0107 zr\u00f3\u017cnicowanym potrzebom operacyjnym. Niekt\u00f3re modele posiadaj\u0105 konstrukcj\u0119 teleskopow\u0105, umo\u017cliwiaj\u0105c\u0105 wi\u0119ksze wysuni\u0119cie bez zwi\u0119kszania wymiar\u00f3w zewn\u0119trznych, co sprawdza si\u0119 w zastosowaniach o ograniczonej przestrzeni.<\/li>\n<li><strong>Produkcja niestandardowa:<\/strong> Nasza firma dysponuje mo\u017cliwo\u015bciami produkcyjnymi, kt\u00f3re doskonale zast\u0119puj\u0105 istniej\u0105ce si\u0142owniki hydrauliczne, zapewniaj\u0105c kompatybilno\u015b\u0107 i niezawodno\u015b\u0107.<\/li>\n<p>    <img decoding=\"async\" src=\"https:\/\/www.hydraulic-cylinders.net\/wp-content\/uploads\/2025\/04\/songte-cylinder-head-with-all-kinds-excavator-models.webp\" alt=\"Modele koparek\" \/>\n<\/ul>\n<h2>Zastosowania cylindra wysi\u0119gnika<\/h2>\n<h3>Sprz\u0119t budowlany<\/h3>\n<p>W koparkach si\u0142owniki wysi\u0119gnika s\u0105 niezb\u0119dne do kopania, za\u0142adunku i przemieszczania ziemi lub gruzu. Umo\u017cliwiaj\u0105 one skuteczne zag\u0142\u0119bianie si\u0119 \u0142y\u017cki w grunt, wspomagaj\u0105c prace wykopaliskowe. W koparko-\u0142adowarkach si\u0142owniki te wspomagaj\u0105 zar\u00f3wno kopanie, jak i podnoszenie, co czyni je wszechstronnymi narz\u0119dziami na placach budowy.<\/p>\n<h3>Maszyny rolnicze<\/h3>\n<p>W \u0142adowarkach czo\u0142owych si\u0142owniki wysi\u0119gnika s\u0142u\u017c\u0105 do nabierania, podnoszenia i transportu materia\u0142\u00f3w takich jak gleba, siano i inne produkty. Maj\u0105 one kluczowe znaczenie dla poprawy efektywno\u015bci prac rolniczych, zwi\u0119kszenia produktywno\u015bci i zarz\u0105dzania prac\u0105.<\/p>\n<h3>Koparki<\/h3>\n<p>Cylindry \u0142y\u017cki umo\u017cliwiaj\u0105 koparkom skuteczn\u0105 penetracj\u0119 gleby, umo\u017cliwiaj\u0105c im wykonywanie prac kopania w zr\u00f3\u017cnicowanym terenie. Ta funkcja jest niezb\u0119dna w projektach budowlanych i ogrodniczych.<\/p>\n<h3>\u0141adowarki<\/h3>\n<p>W \u0142adowarkach czo\u0142owych si\u0142owniki wysi\u0119gnika pomagaj\u0105 w wydajnym podnoszeniu i opr\u00f3\u017cnianiu \u0142adunk\u00f3w. Funkcja ta jest niezb\u0119dna do transportu materia\u0142\u00f3w, zapewniaj\u0105c operatorom \u0142atwo\u015b\u0107 obs\u0142ugi ci\u0119\u017ckich \u0142adunk\u00f3w.<\/p>\n<h2>Zagadnienia projektowe i standardy wyboru<\/h2>\n<ul>\n<li><strong>No\u015bno\u015b\u0107:<\/strong> Ud\u017awig si\u0142ownika wysi\u0119gnika musi by\u0107 dostosowany do specyficznych wymaga\u0144 obs\u0142ugiwanej maszyny. Zrozumienie dynamiki obci\u0105\u017cenia ma kluczowe znaczenie dla wydajno\u015bci i bezpiecze\u0144stwa.<\/li>\n<li><strong>Opiecz\u0119towanie:<\/strong> Skuteczne rozwi\u0105zania uszczelniaj\u0105ce s\u0105 niezb\u0119dne, aby zapobiega\u0107 wyciekom p\u0142ynu hydraulicznego i utrzymywa\u0107 optymalne ci\u015bnienie. Wysokiej jako\u015bci uszczelnienia wyd\u0142u\u017caj\u0105 \u017cywotno\u015b\u0107 uk\u0142ad\u00f3w hydraulicznych i zwi\u0119kszaj\u0105 niezawodno\u015b\u0107.<\/li>\n<li><strong>Trwa\u0142o\u015b\u0107:<\/strong> Materia\u0142y u\u017cywane w produkcji musz\u0105 by\u0107 odporne na zu\u017cycie i korozj\u0119. Aby wyd\u0142u\u017cy\u0107 \u017cywotno\u015b\u0107, preferowanym wyborem jest stal wysokiej jako\u015bci lub aluminium z pow\u0142okami ochronnymi.<\/li>\n<li><strong>Bezpiecze\u0144stwo:<\/strong> Aby chroni\u0107 operator\u00f3w i maszyny przed potencjalnymi zagro\u017ceniami podczas pracy, konstrukcja musi uwzgl\u0119dnia\u0107 elementy bezpiecze\u0144stwa.<\/li>\n<li><strong>Konserwacja:<\/strong> \u0141atwy dost\u0119p w celu przeprowadzenia konserwacji ma kluczowe znaczenie. Projekt powinien u\u0142atwia\u0107 szybkie serwisowanie i skraca\u0107 czas przestoju w przypadku napraw.<\/li>\n<\/ul>\n<p><img decoding=\"async\" src=\"https:\/\/www.hydraulic-cylinders.net\/wp-content\/uploads\/2025\/04\/songte-oil-pipes-and-spare-parts.webp\" alt=\"Cz\u0119\u015bci hydrauliczne\" \/><\/p>\n<h2>Uszczelnianie i smarowanie<\/h2>\n<p>Skuteczne uszczelnienie ma kluczowe znaczenie w uk\u0142adach hydraulicznych. Aby zapobiec wyciekom, stosuje si\u0119 r\u00f3\u017cne elementy uszczelniaj\u0105ce, takie jak uszczelnienia t\u0142ok\u00f3w i t\u0142oczysk. Ze wzgl\u0119du na odporno\u015b\u0107 na \u015bcieranie powszechnie stosuje si\u0119 materia\u0142y takie jak poliuretan i kauczuk nitrylowy. Dodatkowo, korpus cylindra i gwintowane powierzchnie ko\u0144cowe s\u0105 precyzyjnie obrabiane w celu zwi\u0119kszenia odporno\u015bci na zu\u017cycie. Regularne smarowanie odpowiednim olejem hydraulicznym jest niezb\u0119dne do utrzymania sprawno\u015bci uk\u0142adu.<\/p>\n<h2>Regularne kontrole i konserwacja zapobiegawcza<\/h2>\n<ul>\n<li><strong>Rutynowe kontrole:<\/strong> Aby mie\u0107 pewno\u015b\u0107, \u017ce cylinder dzia\u0142a prawid\u0142owo i wykry\u0107 problemy na wczesnym etapie, nale\u017cy regularnie przeprowadza\u0107 kontrole pod k\u0105tem wyciek\u00f3w, zu\u017cycia i integralno\u015bci podzespo\u0142\u00f3w.<\/li>\n<li><strong>Smarowanie:<\/strong> Odpowiednie smarowanie jest niezb\u0119dne dla p\u0142ynnej pracy i zapobiegania przedwczesnemu zu\u017cyciu. Zaplanuj regularne okresy smarowania w oparciu o wymagania eksploatacyjne.<\/li>\n<li><strong>Wymiana uszczelki:<\/strong> Z biegiem czasu uszczelki mog\u0105 ulec zniszczeniu i wymaga\u0107 wymiany. Regularne monitorowanie i terminowa wymiana uszczelek zapobiegaj\u0105 wyciekom p\u0142ynu hydraulicznego.<\/li>\n<\/ul>\n<h2>Wytyczne dotycz\u0105ce instalacji<\/h2>\n<p>Prawid\u0142owy monta\u017c si\u0142ownika wysi\u0119gnika ma kluczowe znaczenie dla optymalnej wydajno\u015bci. Upewnij si\u0119, \u017ce si\u0142ownik jest prawid\u0142owo ustawiony wzgl\u0119dem punkt\u00f3w mocowania, aby zapobiec nadmiernemu napr\u0119\u017ceniu podzespo\u0142\u00f3w. Zaleca si\u0119 u\u017cycie odpowiednich wspornik\u00f3w monta\u017cowych do zabezpieczenia si\u0142ownika. Podczas monta\u017cu sprawd\u017a, czy nie ma \u017cadnych przeszk\u00f3d i upewnij si\u0119, \u017ce przewody hydrauliczne s\u0105 prawid\u0142owo pod\u0142\u0105czone, aby zapobiec wyciekom. Po monta\u017cu skalibruj system, aby zapewni\u0107 precyzj\u0119 ruchu i kontrol\u0119.<\/p>\n<h2>Zadania konserwacyjne<\/h2>\n<ul>\n<li><strong>Regularne kontrole:<\/strong> Przeprowadzaj okresowe kontrole, aby zidentyfikowa\u0107 wszelkie oznaki zu\u017cycia lub uszkodze\u0144. Wczesne wykrycie mo\u017ce zapobiec powa\u017cniejszym problemom i utrzyma\u0107 wydajno\u015b\u0107 operacyjn\u0105.<\/li>\n<li><strong>Prawid\u0142owe smarowanie:<\/strong> Zapewnienie odpowiedniego smarowania cylindra wyd\u0142u\u017cy jego \u017cywotno\u015b\u0107. Stosuj zalecany olej hydrauliczny i przestrzegaj zalece\u0144 producenta dotycz\u0105cych cz\u0119stotliwo\u015bci smarowania.<\/li>\n<li><strong>Wymiana uszczelki:<\/strong> Regularnie sprawdzaj stan uszczelek i wymieniaj je w razie potrzeby. Zapewnienie integralno\u015bci uszczelek jest kluczowe, aby zapobiec wyciekom p\u0142ynu hydraulicznego, kt\u00f3re mog\u0105 negatywnie wp\u0142yn\u0105\u0107 na wydajno\u015b\u0107.<\/li>\n<\/ul>\n<p>Prawid\u0142owy monta\u017c, smarowanie i konserwacja s\u0105 niezb\u0119dne dla wyd\u0142u\u017cenia \u017cywotno\u015bci si\u0142ownika wysi\u0119gnika. Stosuj odpowiednie techniki monta\u017cu i regularnie sprawdzaj ustawienie, aby zapewni\u0107 bezproblemow\u0105 prac\u0119.<\/p>\n<p><img decoding=\"async\" src=\"https:\/\/www.hydraulic-cylinders.net\/wp-content\/uploads\/2025\/04\/songte-chushion-collar.webp\" alt=\"Ko\u0142nierz poduszkowy\" \/><\/p>\n<h2>Zagadnienia bezpiecze\u0144stwa i czynniki \u015brodowiskowe<\/h2>\n<p>Podczas pracy z uk\u0142adami hydraulicznymi \u015brodki bezpiecze\u0144stwa s\u0105 najwa\u017cniejsze. Upewnij si\u0119, \u017ce wszyscy pracownicy s\u0105 przeszkoleni w zakresie bezpiecznych procedur obs\u0142ugi i zawsze nosz\u0105 odpowiedni sprz\u0119t ochrony osobistej (PPE). Regularne szkolenia i przestrzeganie protoko\u0142\u00f3w bezpiecze\u0144stwa pomagaj\u0105 zminimalizowa\u0107 ryzyko zwi\u0105zane z obs\u0142ug\u0105 cylindr\u00f3w hydraulicznych.<\/p>\n<h2>Rozwi\u0105zywanie typowych problem\u00f3w<\/h2>\n<ul>\n<li><strong>Wycieki hydrauliczne:<\/strong> Sprawd\u017a uszczelki i po\u0142\u0105czenia pod k\u0105tem \u015blad\u00f3w zu\u017cycia lub uszkodze\u0144. Wymie\u0144 wszystkie uszkodzone elementy, aby zapobiec utracie p\u0142ynu.<\/li>\n<li><strong>Powolna praca:<\/strong> Mo\u017ce to wskazywa\u0107 na niski poziom p\u0142ynu hydraulicznego lub zatkany filtr. Upewnij si\u0119, \u017ce poziom p\u0142ynu jest odpowiedni i wyczy\u015b\u0107 lub wymie\u0144 filtry w razie potrzeby.<\/li>\n<li><strong>Nietypowe d\u017awi\u0119ki:<\/strong> Nas\u0142uchuj zgrzytania lub pisk\u00f3w, kt\u00f3re mog\u0105 wskazywa\u0107 na problemy mechaniczne. Sprawd\u017a cylinder i powi\u0105zane elementy pod k\u0105tem uszkodze\u0144.<\/li>\n<\/ul>\n<h2>Wskaz\u00f3wki dotycz\u0105ce rozwi\u0105zywania problem\u00f3w<\/h2>\n<p>Diagnozuj\u0105c problemy, zawsze zaczynaj od wizualnej kontroli cylindra i przewod\u00f3w hydraulicznych. Szukaj widocznych \u015blad\u00f3w wyciek\u00f3w, zu\u017cycia lub nieprawid\u0142owego ustawienia. Utrzymuj czyste \u015brodowisko pracy, aby zapobiec zanieczyszczeniu p\u0142ynu hydraulicznego. Ustal harmonogram rutynowej konserwacji, aby utrzyma\u0107 uk\u0142ad w optymalnej wydajno\u015bci.<\/p>\n<p><img decoding=\"async\" src=\"https:\/\/www.hydraulic-cylinders.net\/wp-content\/uploads\/2025\/04\/songte-bushings-with-all-kinds-of-excavator-models.webp\" alt=\"Tuleje koparki\" \/><\/p>\n<h2>Przegl\u0105d firmy<\/h2>\n<p>Jeste\u015bmy wiod\u0105cym producentem i hurtownikiem si\u0142ownik\u00f3w hydraulicznych, specjalizuj\u0105cym si\u0119 w cz\u0119\u015bciach zamiennych do r\u00f3\u017cnych zastosowa\u0144 hydraulicznych. Nasza szeroka gama produkt\u00f3w i zaanga\u017cowanie w jako\u015b\u0107 zapewni\u0142y nam pozycj\u0119 lidera na rynku krajowym i mi\u0119dzynarodowym. D\u0105\u017cymy do doskona\u0142o\u015bci w produkcji, wspieranej przez dopracowan\u0105 strategi\u0119 zarz\u0105dzania produkcj\u0105. Nasza wykwalifikowana kadra, zaawansowany sprz\u0119t do produkcji cyfrowej oraz profesjonalne systemy kontroli zwi\u0119kszaj\u0105 nasze mo\u017cliwo\u015bci produkcyjne, gwarantuj\u0105c wysok\u0105 wydajno\u015b\u0107, precyzj\u0119 i jako\u015b\u0107 w spe\u0142nianiu zr\u00f3\u017cnicowanych potrzeb klient\u00f3w.<\/p>\n<p>Nasza oferta obejmuje:<\/p>\n<ul>\n<li><strong>Profesjonalizm:<\/strong> Nasz zesp\u00f3\u0142 sk\u0142ada si\u0119 z wysoko wykwalifikowanych i do\u015bwiadczonych os\u00f3b w zakresie technologii hydraulicznych, co gwarantuje fachowe doradztwo i serwis.<\/li>\n<li><strong>Certyfikaty mi\u0119dzynarodowe:<\/strong> Nasze produkty spe\u0142niaj\u0105 r\u00f3\u017cne mi\u0119dzynarodowe standardy, co daje klientom pewno\u015b\u0107 ich jako\u015bci i niezawodno\u015bci.<\/li>\n<li><strong>Us\u0142ugi dostosowane do indywidualnych potrzeb:<\/strong> Oferujemy rozwi\u0105zania dostosowane do indywidualnych potrzeb klient\u00f3w, gwarantuj\u0105c optymaln\u0105 kompatybilno\u015b\u0107 i wydajno\u015b\u0107.<\/li>\n<li><strong>Zaawansowany sprz\u0119t produkcyjny:<\/strong> Nasze najnowocze\u015bniejsze zak\u0142ady produkcyjne wykorzystuj\u0105 najnowsze technologie w celu zwi\u0119kszenia efektywno\u015bci produkcji.<\/li>\n<li><strong>Serwis posprzeda\u017cowy:<\/strong> Zapewniamy kompleksowe wsparcie posprzeda\u017cowe, pomagaj\u0105c klientom w instalacji, konserwacji i rozwi\u0105zywaniu problem\u00f3w.<\/li>\n<\/ul>\n<p><img decoding=\"async\" src=\"https:\/\/www.hydraulic-cylinders.net\/wp-content\/uploads\/2025\/04\/songte-company-4.webp\" alt=\"Obiekty firmy\" \/><br \/>\n<img decoding=\"async\" src=\"https:\/\/www.hydraulic-cylinders.net\/wp-content\/uploads\/2025\/04\/songte-company-3.webp\" alt=\"Sprz\u0119t produkcyjny\" \/><\/p>\n<p>Autor: lyl<\/p>","protected":false},"excerpt":{"rendered":"<p>Boom Cylinder For Volwa Cane Unloader DLS150-9A Product Overview The Boom Cylinder for Volwa Cane Unloader DLS150-9A is a specialized hydraulic cylinder designed for controlling the movement of heavy machinery&#8217;s buckets, such as excavators, backhoe loaders, and front-end loaders. This cylinder facilitates the lifting, lowering, and tilting of the bucket, making material handling tasks more [&hellip;]<\/p>","protected":false},"featured_media":17874,"comment_status":"open","ping_status":"closed","template":"","meta":{"_et_pb_use_builder":"","_et_pb_old_content":"","_et_gb_content_width":""},"product_brand":[],"product_cat":[1546],"product_tag":[1547,1496],"class_list":{"0":"post-19626","1":"product","2":"type-product","3":"status-publish","4":"has-post-thumbnail","6":"product_cat-boom-cylinders","7":"product_tag-boom-cylinders","8":"product_tag-hydraulic-cylinders","10":"first","11":"instock","12":"shipping-taxable","13":"product-type-simple"},"amp_enabled":true,"_links":{"self":[{"href":"https:\/\/www.hydraulic-cylinders.net\/pl\/wp-json\/wp\/v2\/product\/19626","targetHints":{"allow":["GET"]}}],"collection":[{"href":"https:\/\/www.hydraulic-cylinders.net\/pl\/wp-json\/wp\/v2\/product"}],"about":[{"href":"https:\/\/www.hydraulic-cylinders.net\/pl\/wp-json\/wp\/v2\/types\/product"}],"replies":[{"embeddable":true,"href":"https:\/\/www.hydraulic-cylinders.net\/pl\/wp-json\/wp\/v2\/comments?post=19626"}],"wp:featuredmedia":[{"embeddable":true,"href":"https:\/\/www.hydraulic-cylinders.net\/pl\/wp-json\/wp\/v2\/media\/17874"}],"wp:attachment":[{"href":"https:\/\/www.hydraulic-cylinders.net\/pl\/wp-json\/wp\/v2\/media?parent=19626"}],"wp:term":[{"taxonomy":"product_brand","embeddable":true,"href":"https:\/\/www.hydraulic-cylinders.net\/pl\/wp-json\/wp\/v2\/product_brand?post=19626"},{"taxonomy":"product_cat","embeddable":true,"href":"https:\/\/www.hydraulic-cylinders.net\/pl\/wp-json\/wp\/v2\/product_cat?post=19626"},{"taxonomy":"product_tag","embeddable":true,"href":"https:\/\/www.hydraulic-cylinders.net\/pl\/wp-json\/wp\/v2\/product_tag?post=19626"}],"curies":[{"name":"wp","href":"https:\/\/api.w.org\/{rel}","templated":true}]}}