{"id":19629,"date":"2025-04-07T06:58:23","date_gmt":"2025-04-07T06:58:23","guid":{"rendered":"https:\/\/www.hydraulic-cylinders.net\/product\/boom-cylinder-for-wacker-e5023\/"},"modified":"2025-04-07T06:58:25","modified_gmt":"2025-04-07T06:58:25","slug":"boom-cylinder-for-wacker-e5023","status":"publish","type":"product","link":"https:\/\/www.hydraulic-cylinders.net\/pl\/produkt\/boom-cylinder-for-wacker-e5023\/","title":{"rendered":"Si\u0142ownik wysi\u0119gnika do Wacker E5023"},"content":{"rendered":"<h1>Si\u0142ownik wysi\u0119gnika do Wacker E5023<\/h1>\n<h2>Przegl\u0105d produktu<\/h2>\n<p>Si\u0142ownik wysi\u0119gnika do koparki Wacker E5023 to niezb\u0119dny element uk\u0142ad\u00f3w hydraulicznych, zaprojektowany specjalnie w celu u\u0142atwienia przemieszczania \u0142y\u017cek ci\u0119\u017ckich maszyn. Si\u0142owniki te s\u0105 kluczowe w koparkach, koparko-\u0142adowarkach i \u0142adowarkach czo\u0142owych, umo\u017cliwiaj\u0105c podnoszenie, opuszczanie i przechylanie \u0142y\u017cki. Wykorzystuj\u0105c ci\u015bnienie hydrauliczne, si\u0142ownik wysi\u0119gnika umo\u017cliwia wydajne przenoszenie materia\u0142u, co czyni go kluczowym elementem sprz\u0119tu budowlanego i do rob\u00f3t ziemnych.<\/p>\n<p><img decoding=\"async\" src=\"https:\/\/www.hydraulic-cylinders.net\/wp-content\/uploads\/2025\/04\/songte-company-1.webp\" alt=\"Si\u0142ownik wysi\u0119gnika\"><\/p>\n<h2>Cechy cylindra wysi\u0119gnika<\/h2>\n<ul>\n<li><strong>Wysoka wytrzyma\u0142o\u015b\u0107 i trwa\u0142o\u015b\u0107:<\/strong> Wykonane z wytrzyma\u0142ej stali lub aluminium cylindry te s\u0105 zaprojektowane tak, aby wytrzyma\u0107 wysokie ci\u015bnienia i du\u017ce obci\u0105\u017cenia, nawet w trudnych warunkach pracy.<\/li>\n<li><strong>Wydajna praca uk\u0142adu hydraulicznego:<\/strong> Si\u0142ownik wysi\u0119gnika dzia\u0142a p\u0142ynnie i szybko reaguje na polecenia steruj\u0105ce, zapewniaj\u0105c du\u017c\u0105 si\u0142\u0119 pchania i ci\u0105gni\u0119cia potrzebn\u0105 do obs\u0142ugi ci\u0119\u017ckich i skomplikowanych zada\u0144.<\/li>\n<li><strong>R\u00f3\u017cne typy:<\/strong> Dost\u0119pne w konfiguracji jednostronnego dzia\u0142ania (dzia\u0142aj\u0105cej w jednym kierunku) lub dwustronnego dzia\u0142ania (dzia\u0142aj\u0105cej w obu kierunkach), aby sprosta\u0107 r\u00f3\u017cnym potrzebom operacyjnym.<\/li>\n<li><strong>Konstrukcja oszcz\u0119dzaj\u0105ca miejsce:<\/strong> Niekt\u00f3re modele s\u0105 teleskopowe, co pozwala na wi\u0119ksze wysuni\u0119cie konstrukcji bez zwi\u0119kszania jej wymiar\u00f3w zewn\u0119trznych. Idealne do zastosowa\u0144 w ograniczonej przestrzeni.<\/li>\n<li><strong>Uszczelki bezobs\u0142ugowe:<\/strong> Zaprojektowane z wykorzystaniem zaawansowanych technologii uszczelniaj\u0105cych, aby zminimalizowa\u0107 potrzeb\u0119 regularnej konserwacji i zmaksymalizowa\u0107 wydajno\u015b\u0107 operacyjn\u0105.<\/li>\n<\/ul>\n<p>Jeste\u015bmy w stanie wyprodukowa\u0107 ten produkt i nasze produkty mog\u0105 doskonale zast\u0105pi\u0107 te si\u0142owniki hydrauliczne.<\/p>\n<p><img decoding=\"async\" src=\"https:\/\/www.hydraulic-cylinders.net\/wp-content\/uploads\/2025\/04\/songte-cylinder-head-with-all-kinds-excavator-models.webp\" alt=\"Wymiana cylindra hydraulicznego\"><\/p>\n<h2>Zastosowania cylindra wysi\u0119gnika<\/h2>\n<h3>Sprz\u0119t budowlany<\/h3>\n<p>W koparkach si\u0142owniki wysi\u0119gnika s\u0105 niezb\u0119dne do kopania, za\u0142adunku i przemieszczania ziemi lub gruzu. Umo\u017cliwiaj\u0105 p\u0142ynn\u0105 prac\u0119 \u0142y\u017cki, zapewniaj\u0105c wydajne wykonywanie zada\u0144. W koparko-\u0142adowarkach si\u0142owniki te nie tylko wspomagaj\u0105 kopanie, ale tak\u017ce podnoszenie materia\u0142\u00f3w, co czyni je niezb\u0119dnymi w pracach budowlanych.<\/p>\n<h3>Maszyny rolnicze<\/h3>\n<p>W \u0142adowarkach czo\u0142owych si\u0142owniki wysi\u0119gnika s\u0142u\u017c\u0105 do nabierania, podnoszenia i transportu gleby, siana i innych materia\u0142\u00f3w. Ich wytrzyma\u0142o\u015b\u0107 i wydajno\u015b\u0107 umo\u017cliwiaj\u0105 rolnikom \u0142atwe zarz\u0105dzanie ci\u0119\u017ckimi \u0142adunkami, zwi\u0119kszaj\u0105c wydajno\u015b\u0107 prac rolniczych.<\/p>\n<h3>Koparki<\/h3>\n<p>Si\u0142ownik wysi\u0119gnika umo\u017cliwia zag\u0142\u0119bianie si\u0119 \u0142y\u017cki w grunt, u\u0142atwiaj\u0105c kopanie. Mechanizm ten jest kluczowy dla r\u00f3\u017cnych prac wykopaliskowych, zapewniaj\u0105c operatorom mo\u017cliwo\u015b\u0107 efektywnego osi\u0105gni\u0119cia po\u017c\u0105danej g\u0142\u0119boko\u015bci i ud\u017awigu.<\/p>\n<h3>\u0141adowarki<\/h3>\n<p>W \u0142adowarkach czo\u0142owych si\u0142owniki wysi\u0119gnika odgrywaj\u0105 kluczow\u0105 rol\u0119 w efektywnym podnoszeniu i zrzucaniu materia\u0142\u00f3w. Zapewniaj\u0105 one niezb\u0119dn\u0105 moc do podnoszenia \u0142adunk\u00f3w, usprawniaj\u0105c operacje zwi\u0105zane z transportem materia\u0142\u00f3w i pracami na placach budowy.<\/p>\n<h2>Zagadnienia projektowe i kryteria wyboru<\/h2>\n<h3>No\u015bno\u015b\u0107<\/h3>\n<p>No\u015bno\u015b\u0107 si\u0142ownika wysi\u0119gnika jest jednym z najwa\u017cniejszych czynnik\u00f3w projektowych. Musi on by\u0107 w stanie utrzyma\u0107 ci\u0119\u017car przenoszonego materia\u0142u bez ryzyka uszkodzenia konstrukcji. In\u017cynierowie starannie obliczaj\u0105 limity obci\u0105\u017cenia w oparciu o planowane zastosowanie, aby zapewni\u0107 optymaln\u0105 prac\u0119 si\u0142ownika pod obci\u0105\u017ceniem.<\/p>\n<h3>Wydajno\u015b\u0107 uszczelnienia<\/h3>\n<p>Solidny mechanizm uszczelniaj\u0105cy jest niezb\u0119dny, aby zapobiec wyciekom p\u0142ynu hydraulicznego, kt\u00f3re mog\u0105 negatywnie wp\u0142yn\u0105\u0107 na wydajno\u015b\u0107 i bezpiecze\u0144stwo. Wysokiej jako\u015bci uszczelki minimalizuj\u0105 zu\u017cycie i wyd\u0142u\u017caj\u0105 \u017cywotno\u015b\u0107 cylindra, zmniejszaj\u0105c potrzeb\u0119 konserwacji i zapewniaj\u0105c niezawodn\u0105 prac\u0119 w wymagaj\u0105cych warunkach.<\/p>\n<h3>Trwa\u0142o\u015b\u0107<\/h3>\n<p>Trwa\u0142o\u015b\u0107 jest kluczowa w projektowaniu cylindr\u00f3w hydraulicznych. Materia\u0142y musz\u0105 by\u0107 odporne na zu\u017cycie, korozj\u0119 i zm\u0119czenie materia\u0142u z up\u0142ywem czasu. Wyb\u00f3r materia\u0142\u00f3w, a tak\u017ce obr\u00f3bka powierzchni i pow\u0142oki, odgrywa kluczow\u0105 rol\u0119 w zwi\u0119kszaniu trwa\u0142o\u015bci i niezawodno\u015bci cylindra w r\u00f3\u017cnych zastosowaniach.<\/p>\n<h3>Funkcje bezpiecze\u0144stwa<\/h3>\n<p>Bezpiecze\u0144stwo jest istotn\u0105 kwesti\u0105 przy projektowaniu si\u0142ownik\u00f3w wysi\u0119gnika. Zintegrowane funkcje, takie jak zawory bezpiecze\u0144stwa i mechanizmy zabezpieczaj\u0105ce, chroni\u0105 operator\u00f3w i maszyny przed wypadkami lub awariami, zapewniaj\u0105c bezpieczn\u0105 obs\u0142ug\u0119 w ka\u017cdej sytuacji.<\/p>\n<h3>Dost\u0119pno\u015b\u0107 konserwacyjna<\/h3>\n<p>Projektowanie si\u0142ownik\u00f3w hydraulicznych z my\u015bl\u0105 o \u0142atwej konserwacji ma kluczowe znaczenie dla zapewnienia wydajno\u015bci operacyjnej. Komponenty powinny by\u0107 dost\u0119pne do kontroli i naprawy, aby zminimalizowa\u0107 przestoje. Przemy\u015blana konstrukcja mo\u017ce u\u0142atwi\u0107 regularne prace konserwacyjne, zwi\u0119kszaj\u0105c og\u00f3ln\u0105 wydajno\u015b\u0107.<\/p>\n<p><img decoding=\"async\" src=\"https:\/\/www.hydraulic-cylinders.net\/wp-content\/uploads\/2025\/04\/songte-oil-pipes-and-spare-parts.webp\" alt=\"Cz\u0119\u015bci cylindr\u00f3w hydraulicznych\"><\/p>\n<h2>Uszczelnianie i smarowanie<\/h2>\n<p>Skuteczne uszczelnienie i smarowanie to kluczowe aspekty wydajno\u015bci cylindra hydraulicznego. R\u00f3\u017cne elementy uszczelniaj\u0105ce, takie jak uszczelnienia t\u0142oka i t\u0142oczyska, zapobiegaj\u0105 utracie p\u0142ynu. Materia\u0142y u\u017cyte do produkcji uszczelnie\u0144, takie jak poliuretan i kauczuk nitrylowy, s\u0105 dobierane ze wzgl\u0119du na ich odporno\u015b\u0107 na \u015bcieranie. Dodatkowo korpus cylindra i gwintowane ko\u0144c\u00f3wki s\u0105 poddawane precyzyjnej obr\u00f3bce mechanicznej w celu zwi\u0119kszenia odporno\u015bci na zu\u017cycie. Regularne smarowanie olejem hydraulicznym ma kluczowe znaczenie dla utrzymania p\u0142ynnej pracy i wyd\u0142u\u017cenia \u017cywotno\u015bci cylindra.<\/p>\n<h2>\u015arodki konserwacji zapobiegawczej<\/h2>\n<ul>\n<li><strong>Regularne kontrole:<\/strong> Przeprowadzaj rutynowe kontrole uk\u0142adu hydraulicznego, aby zidentyfikowa\u0107 potencjalne wycieki lub zu\u017cycie. Wczesne wykrycie problem\u00f3w mo\u017ce zapobiec kosztownym naprawom i przestojom.<\/li>\n<li><strong>Smarowanie:<\/strong> Aby zachowa\u0107 optymaln\u0105 funkcjonalno\u015b\u0107, nale\u017cy uzupe\u0142nia\u0107 olej hydrauliczny i dba\u0107 o dobre smarowanie uszczelek.<\/li>\n<li><strong>Wymiana uszczelek:<\/strong> Monitoruj stan uszczelek i wymieniaj je w razie potrzeby, aby zapobiega\u0107 wyciekom i utrzyma\u0107 wydajno\u015b\u0107 uk\u0142adu hydraulicznego.<\/li>\n<\/ul>\n<h2>Przewodnik instalacji<\/h2>\n<p>Prawid\u0142owy monta\u017c si\u0142ownika wysi\u0119gnika ma kluczowe znaczenie dla optymalnej wydajno\u015bci. Zacznij od upewnienia si\u0119, \u017ce miejsce pracy jest czyste i wolne od zanieczyszcze\u0144. Wyr\u00f3wnaj si\u0142ownik ze wspornikami monta\u017cowymi, upewniaj\u0105c si\u0119, \u017ce jest prawid\u0142owo wy\u015brodkowany. U\u017cyj odpowiednich wspornik\u00f3w monta\u017cowych, aby bezpiecznie zamocowa\u0107 si\u0142ownik. Po monta\u017cu sprawd\u017a ewentualne odchylenia i wyreguluj w razie potrzeby. Po monta\u017cu przetestuj uk\u0142ad hydrauliczny, aby upewni\u0107 si\u0119, \u017ce dzia\u0142a prawid\u0142owo i rozwi\u0105\u017c wszelkie problemy przed pe\u0142nym uruchomieniem.<\/p>\n<h2>Typowe zadania konserwacyjne<\/h2>\n<ul>\n<li><strong>Regularne kontrole:<\/strong> Przeprowadzaj okresowe kontrole pod k\u0105tem wyciek\u00f3w, zu\u017cycia i prawid\u0142owego ustawienia. Pomaga to zidentyfikowa\u0107 problemy, zanim si\u0119 nasil\u0105.<\/li>\n<li><strong>Prawid\u0142owe smarowanie:<\/strong> Nale\u017cy regularnie uzupe\u0142nia\u0107 olej hydrauliczny i odpowiednio smarowa\u0107 uszczelki, aby zapobiega\u0107 tarciu i zu\u017cyciu.<\/li>\n<li><strong>Wymiana uszczelki:<\/strong> Regularnie sprawdzaj stan uszczelek i wymieniaj je, aby zapobiega\u0107 wyciekom i utrzyma\u0107 ci\u015bnienie hydrauliczne.<\/li>\n<\/ul>\n<h2>Zagadnienia bezpiecze\u0144stwa i czynniki \u015brodowiskowe<\/h2>\n<p>Podczas u\u017cytkowania si\u0142ownik\u00f3w wysi\u0119gnika, przestrzeganie protoko\u0142\u00f3w bezpiecze\u0144stwa jest niezwykle istotne. Operatorzy powinni by\u0107 przeszkoleni w zakresie bezpiecznej obs\u0142ugi uk\u0142ad\u00f3w hydraulicznych, aby zapobiega\u0107 wypadkom. Prawid\u0142owa konserwacja sprz\u0119tu nie tylko zapewnia bezpiecze\u0144stwo operacyjne, ale tak\u017ce minimalizuje wp\u0142yw na \u015brodowisko poprzez redukcj\u0119 ryzyka wyciek\u00f3w p\u0142yn\u00f3w i awarii sprz\u0119tu.<\/p>\n<h2>Rozwi\u0105zywanie problem\u00f3w i typowe problemy<\/h2>\n<ul>\n<li><strong>Wycieki p\u0142ynu hydraulicznego:<\/strong> Sprawd\u017a, czy nie ma widocznych wyciek\u00f3w wok\u00f3\u0142 uszczelek lub po\u0142\u0105cze\u0144. Dokr\u0119cenie z\u0142\u0105czek lub wymiana uszkodzonych uszczelek mo\u017ce rozwi\u0105za\u0107 problem.<\/li>\n<li><strong>S\u0142aba wydajno\u015b\u0107:<\/strong> Je\u015bli cylinder pracuje ospale, nale\u017cy sprawdzi\u0107, czy poziom oleju hydraulicznego jest prawid\u0142owy i czy w uk\u0142adzie nie ma \u017cadnych blokad.<\/li>\n<li><strong>Nietypowe d\u017awi\u0119ki:<\/strong> Nale\u017cy zwr\u00f3ci\u0107 uwag\u0119 na wszelkie nietypowe d\u017awi\u0119ki wydawane podczas pracy urz\u0105dzenia, kt\u00f3re mog\u0105 wskazywa\u0107 na uszkodzenia wewn\u0119trzne lub niski poziom p\u0142ynu hydraulicznego.<\/li>\n<\/ul>\n<h2>Wskaz\u00f3wki dotycz\u0105ce rozwi\u0105zywania problem\u00f3w<\/h2>\n<p>Aby skutecznie diagnozowa\u0107 i rozwi\u0105zywa\u0107 problemy z si\u0142ownikami wysi\u0119gnika, nale\u017cy regularnie sprawdza\u0107 uk\u0142ad hydrauliczny pod k\u0105tem wyciek\u00f3w i upewnia\u0107 si\u0119, \u017ce wszystkie podzespo\u0142y dzia\u0142aj\u0105 prawid\u0142owo. Nale\u017cy przestrzega\u0107 harmonogramu konserwacji zapobiegawczej, aby zminimalizowa\u0107 potencjalne problemy. Ponadto nale\u017cy upewni\u0107 si\u0119, \u017ce operatorzy s\u0105 przeszkoleni w zakresie bezpiecznych procedur obs\u0142ugi i znaczenia rutynowych kontroli, aby zapobiega\u0107 problemom, zanim si\u0119 pojawi\u0105.<\/p>\n<p><img decoding=\"async\" src=\"https:\/\/www.hydraulic-cylinders.net\/wp-content\/uploads\/2025\/04\/songte-bushings-with-all-kinds-of-excavator-models.webp\" alt=\"Cz\u0119\u015bci i tuleje do koparek\"><\/p>\n<h2>O naszej firmie<\/h2>\n<p>Jeste\u015bmy wiod\u0105cym producentem i hurtownikiem si\u0142ownik\u00f3w hydraulicznych, specjalizuj\u0105cym si\u0119 w dostarczaniu wysokiej jako\u015bci cz\u0119\u015bci zamiennych. Nasza szeroka gama produkt\u00f3w ugruntowa\u0142a nasz\u0105 pozycj\u0119 jednego z czo\u0142owych producent\u00f3w si\u0142ownik\u00f3w hydraulicznych na rynku krajowym i mi\u0119dzynarodowym. D\u0105\u017cymy do doskona\u0142o\u015bci jako\u015bci, wykorzystuj\u0105c dopracowane strategie produkcyjne i zaawansowany sprz\u0119t cyfrowy najwy\u017cszej klasy. Nasz zaanga\u017cowany zesp\u00f3\u0142 specjalist\u00f3w technicznych i kompleksowe systemy kontroli stale udoskonalaj\u0105 nasz\u0105 platform\u0119 produkcyjn\u0105, gwarantuj\u0105c spe\u0142nienie zr\u00f3\u017cnicowanych potrzeb klient\u00f3w dzi\u0119ki wysokiej wydajno\u015bci, precyzji i jako\u015bci.<\/p>\n<p><img decoding=\"async\" src=\"https:\/\/www.hydraulic-cylinders.net\/wp-content\/uploads\/2025\/04\/songte-company-4.webp\" alt=\"Przegl\u0105d firmy\"><br \/>\n<img decoding=\"async\" src=\"https:\/\/www.hydraulic-cylinders.net\/wp-content\/uploads\/2025\/04\/songte-company-3.webp\" alt=\"Zak\u0142ad produkcyjny firmy\"><\/p>\n<p>Nasze zaanga\u017cowanie na rzecz profesjonalizmu, mi\u0119dzynarodowe certyfikaty, us\u0142ugi dostosowane do indywidualnych potrzeb, zaawansowany sprz\u0119t produkcyjny i kompleksowe wsparcie posprzeda\u017cowe wyr\u00f3\u017cniaj\u0105 nas w bran\u017cy.<\/p>\n<p>Autor: lyl<\/p>","protected":false},"excerpt":{"rendered":"<p>Boom Cylinder For Wacker E5023 Product Overview The Boom Cylinder for Wacker E5023 is an essential component in hydraulic systems, specifically designed to facilitate the movement of heavy machinery buckets. These cylinders are critical in excavators, backhoes, and front loaders, enabling the bucket to lift, lower, and tilt. By utilizing hydraulic pressure, the boom cylinder [&hellip;]<\/p>","protected":false},"featured_media":17877,"comment_status":"open","ping_status":"closed","template":"","meta":{"_et_pb_use_builder":"","_et_pb_old_content":"","_et_gb_content_width":""},"product_brand":[],"product_cat":[1546],"product_tag":[1547,1496],"class_list":{"0":"post-19629","1":"product","2":"type-product","3":"status-publish","4":"has-post-thumbnail","6":"product_cat-boom-cylinders","7":"product_tag-boom-cylinders","8":"product_tag-hydraulic-cylinders","10":"first","11":"instock","12":"shipping-taxable","13":"product-type-simple"},"amp_enabled":true,"_links":{"self":[{"href":"https:\/\/www.hydraulic-cylinders.net\/pl\/wp-json\/wp\/v2\/product\/19629","targetHints":{"allow":["GET"]}}],"collection":[{"href":"https:\/\/www.hydraulic-cylinders.net\/pl\/wp-json\/wp\/v2\/product"}],"about":[{"href":"https:\/\/www.hydraulic-cylinders.net\/pl\/wp-json\/wp\/v2\/types\/product"}],"replies":[{"embeddable":true,"href":"https:\/\/www.hydraulic-cylinders.net\/pl\/wp-json\/wp\/v2\/comments?post=19629"}],"wp:featuredmedia":[{"embeddable":true,"href":"https:\/\/www.hydraulic-cylinders.net\/pl\/wp-json\/wp\/v2\/media\/17877"}],"wp:attachment":[{"href":"https:\/\/www.hydraulic-cylinders.net\/pl\/wp-json\/wp\/v2\/media?parent=19629"}],"wp:term":[{"taxonomy":"product_brand","embeddable":true,"href":"https:\/\/www.hydraulic-cylinders.net\/pl\/wp-json\/wp\/v2\/product_brand?post=19629"},{"taxonomy":"product_cat","embeddable":true,"href":"https:\/\/www.hydraulic-cylinders.net\/pl\/wp-json\/wp\/v2\/product_cat?post=19629"},{"taxonomy":"product_tag","embeddable":true,"href":"https:\/\/www.hydraulic-cylinders.net\/pl\/wp-json\/wp\/v2\/product_tag?post=19629"}],"curies":[{"name":"wp","href":"https:\/\/api.w.org\/{rel}","templated":true}]}}