{"id":1963,"date":"2023-10-23T05:36:34","date_gmt":"2023-10-23T05:36:34","guid":{"rendered":"https:\/\/hydraulic-cylinders.net\/?post_type=product&#038;p=1963"},"modified":"2023-10-23T05:36:45","modified_gmt":"2023-10-23T05:36:45","slug":"v30d-series-axial-piston-variable-displacement-hydraulic-pump","status":"publish","type":"product","link":"https:\/\/www.hydraulic-cylinders.net\/pl\/produkt\/v30d-series-axial-piston-variable-displacement-hydraulic-pump\/","title":{"rendered":"Pompa hydrauliczna o zmiennym wydatku, t\u0142okowa osiowa serii V30D"},"content":{"rendered":"<h1 style=\"text-align: center;\"><strong>Pompa hydrauliczna o zmiennym wydatku, t\u0142okowa osiowa serii V30D<\/strong><\/h1>\n<p><img loading=\"lazy\" decoding=\"async\" class=\"aligncenter wp-image-1974\" src=\"https:\/\/hydraulic-cylinders.net\/wp-content\/uploads\/2023\/10\/v30d-series-axial-piston-variable-displacement-pump-1-300x300.webp\" alt=\"\" width=\"400\" height=\"400\" \/><\/p>\n<p>Pompa hydrauliczna z t\u0142okiem osiowym i zmienn\u0105 wydajno\u015bci\u0105 serii V30D to najnowocze\u015bniejsze rozwi\u0105zanie zaprojektowane z my\u015bl\u0105 o zapewnieniu wyj\u0105tkowej wydajno\u015bci i efektywno\u015bci w r\u00f3\u017cnorodnych zastosowaniach hydraulicznych. Dzi\u0119ki zaawansowanej technologii, wszechstronnej konstrukcji i precyzyjnemu sterowaniu, ta pompa hydrauliczna to prze\u0142om w bran\u017cy.<\/p>\n<p>Pompa hydrauliczna z t\u0142okiem osiowym o zmiennej wydajno\u015bci serii V30D wyznacza nowy standard wydajno\u015bci i efektywno\u015bci w uk\u0142adach hydraulicznych. Dzi\u0119ki technologii zmiennej wydajno\u015bci, wysokiej wydajno\u015bci i wszechstronnej konstrukcji, pompa ta oferuje doskona\u0142\u0105 kontrol\u0119 i optymalne wykorzystanie energii. Przestrzegaj\u0105c zalecanych metod u\u017cytkowania i regularnej konserwacji, pompa serii V30D b\u0119dzie nadal zapewnia\u0107 wyj\u0105tkow\u0105 wydajno\u015b\u0107 i moc, przyczyniaj\u0105c si\u0119 do sukcesu w r\u00f3\u017cnych zastosowaniach przemys\u0142owych. Wykorzystaj moc i wydajno\u015b\u0107 pompy hydraulicznej z t\u0142okiem osiowym o zmiennej wydajno\u015bci serii V30D, aby zwi\u0119kszy\u0107 wydajno\u015b\u0107 swojego uk\u0142adu hydraulicznego.<\/p>\n<p>Pompa hydrauliczna o zmiennym wydatku, t\u0142okowa osiowa serii V30D. G\u0142\u00f3wne cechy:<\/p>\n<ul>\n<li>Technologia zmiennej wydajno\u015bci: Pompa serii V30D wykorzystuje najnowocze\u015bniejsz\u0105 technologi\u0119 zmiennej wydajno\u015bci, kt\u00f3ra pozwala dostosowa\u0107 wydajno\u015b\u0107 pompy do zapotrzebowania systemu. Ta funkcja zapewnia optymalne wykorzystanie energii, co przek\u0142ada si\u0119 na zwi\u0119kszon\u0105 wydajno\u015b\u0107 i mniejsze zu\u017cycie energii.<\/li>\n<li>Wysoka wydajno\u015b\u0107: Ta pompa hydrauliczna wyznacza nowe standardy wydajno\u015bci. Dzi\u0119ki szerokiemu zakresowi ci\u015bnie\u0144 roboczych i pr\u0119dko\u015bci obrotowych, pompa serii V30D zapewnia precyzyjn\u0105 kontrol\u0119 i wydajne dostarczanie mocy, zapewniaj\u0105c doskona\u0142\u0105 wydajno\u015b\u0107 i produktywno\u015b\u0107 systemu.<\/li>\n<li>Wszechstronna konstrukcja: Pompa serii V30D zosta\u0142a zaprojektowana z my\u015bl\u0105 o r\u00f3\u017cnorodnych uk\u0142adach hydraulicznych i zastosowaniach. Oferuje elastyczno\u015b\u0107 w zakresie opcji monta\u017cu, kompatybilno\u015bci z p\u0142ynami i metod sterowania, dzi\u0119ki czemu nadaje si\u0119 do szerokiej gamy bran\u017c i maszyn.<\/li>\n<li>Wydajno\u015b\u0107 przy ka\u017cdym obci\u0105\u017ceniu: Pompa serii V30D zapewnia wydajno\u015b\u0107 w szerokim zakresie obci\u0105\u017ce\u0144 dzi\u0119ki funkcji zmiennej wydajno\u015bci. Automatycznie dostosowuje wydajno\u015b\u0107 do wymaga\u0144 systemu, minimalizuj\u0105c straty energii i maksymalizuj\u0105c wydajno\u015b\u0107.<\/li>\n<\/ul>\n<h2><strong>Parametry pompy hydraulicznej o zmiennym wydatku t\u0142okowym osiowym serii V30D:<\/strong><\/h2>\n<table class=\"table table-bordered table-hover table-colored\">\n<tbody>\n<tr class=\"firstRow\">\n<td colspan=\"1\" rowspan=\"2\" align=\"center\" valign=\"middle\">Rozmiar<\/td>\n<td rowspan=\"2\" align=\"center\" valign=\"middle\">Pojemno\u015b\u0107 skokowa cm3\/obr.<\/td>\n<td colspan=\"2\" rowspan=\"1\" align=\"center\" valign=\"middle\">Pr\u0119t ci\u015bnieniowy<\/td>\n<td colspan=\"2\" rowspan=\"1\" align=\"center\" valign=\"middle\">Pr\u0119dko\u015b\u0107 obrotowa obr.\/min<\/td>\n<\/tr>\n<tr>\n<td align=\"center\" valign=\"middle\">Oceniony<\/td>\n<td align=\"center\" valign=\"middle\">Szczyt<\/td>\n<td align=\"center\" valign=\"middle\">Max do samozasysania<sup>*1<\/sup><\/td>\n<td align=\"center\" valign=\"middle\">Maksym<sup>*2<\/sup><\/td>\n<\/tr>\n<tr>\n<td align=\"center\" valign=\"middle\">\u00a0V30D45<\/td>\n<td align=\"center\" valign=\"middle\">45<\/td>\n<td align=\"center\" valign=\"middle\">350<\/td>\n<td align=\"center\" valign=\"middle\">420<\/td>\n<td align=\"center\" valign=\"middle\">2600<\/td>\n<td align=\"center\" valign=\"middle\">3600<\/td>\n<\/tr>\n<tr>\n<td align=\"center\" valign=\"middle\">\u00a0V30D75<\/td>\n<td align=\"center\" valign=\"middle\">75<\/td>\n<td align=\"center\" valign=\"middle\">350<\/td>\n<td align=\"center\" valign=\"middle\">420<\/td>\n<td align=\"center\" valign=\"middle\">2400<\/td>\n<td align=\"center\" valign=\"middle\">3200<\/td>\n<\/tr>\n<tr>\n<td align=\"center\" valign=\"middle\">\u00a0V30D95<\/td>\n<td align=\"center\" valign=\"middle\">96<\/td>\n<td align=\"center\" valign=\"middle\">350<\/td>\n<td align=\"center\" valign=\"middle\">420<\/td>\n<td align=\"center\" valign=\"middle\">2200<\/td>\n<td align=\"center\" valign=\"middle\">2900<\/td>\n<\/tr>\n<tr>\n<td align=\"center\" valign=\"middle\">\u00a0V30D115<\/td>\n<td align=\"center\" valign=\"middle\">115<\/td>\n<td align=\"center\" valign=\"middle\">250<\/td>\n<td align=\"center\" valign=\"middle\">300<\/td>\n<td align=\"center\" valign=\"middle\">2000<\/td>\n<td align=\"center\" valign=\"middle\">2800<\/td>\n<\/tr>\n<tr>\n<td align=\"center\" valign=\"middle\">\u00a0V30D140<\/td>\n<td align=\"center\" valign=\"middle\">142<\/td>\n<td align=\"center\" valign=\"middle\">350<\/td>\n<td align=\"center\" valign=\"middle\">420<\/td>\n<td align=\"center\" valign=\"middle\">2200<\/td>\n<td align=\"center\" valign=\"middle\">2600<\/td>\n<\/tr>\n<tr>\n<td align=\"center\" valign=\"middle\">\u00a0V30D160<\/td>\n<td align=\"center\" valign=\"middle\">164<\/td>\n<td align=\"center\" valign=\"middle\">250<\/td>\n<td align=\"center\" valign=\"middle\">300<\/td>\n<td align=\"center\" valign=\"middle\">1900<\/td>\n<td align=\"center\" valign=\"middle\">2500<\/td>\n<\/tr>\n<tr>\n<td align=\"center\" valign=\"middle\">\u00a0V30D250<\/td>\n<td align=\"center\" valign=\"middle\">250<\/td>\n<td align=\"center\" valign=\"middle\">350<\/td>\n<td align=\"center\" valign=\"middle\">420<\/td>\n<td align=\"center\" valign=\"middle\">1800<\/td>\n<td align=\"center\" valign=\"middle\">2000<\/td>\n<\/tr>\n<tr>\n<td align=\"center\" valign=\"middle\">V30D520<\/td>\n<td align=\"center\" valign=\"middle\">520<\/td>\n<td align=\"center\" valign=\"middle\">400<\/td>\n<td align=\"center\" valign=\"middle\">450<\/td>\n<td align=\"center\" valign=\"middle\">1500<\/td>\n<td align=\"center\" valign=\"middle\">1800<\/td>\n<\/tr>\n<\/tbody>\n<\/table>\n<h2><strong>Zalety pomp hydraulicznych o zmiennej wydajno\u015bci t\u0142okowych osiowych serii V30D:<\/strong><\/h2>\n<p>\u2022 Stosowany w uk\u0142adach hydraulicznych o obiegu otwartym<br \/>\n\u2022 Niski poziom ha\u0142asu<br \/>\n\u2022 Wiele modu\u0142\u00f3w steruj\u0105cych<br \/>\n\u2022 Zapewnia wystarczaj\u0105cy moment obrotowy dla pompy tylnej, gdy wymagane jest zastosowanie pompy tandemowej<\/p>\n<h2><strong>Pompa hydrauliczna o zmiennym wydatku, t\u0142okowa osiowa serii V30D <\/strong><strong>Aplikacja:<\/strong><\/h2>\n<p><img loading=\"lazy\" decoding=\"async\" class=\"alignnone wp-image-1976 size-full\" src=\"https:\/\/hydraulic-cylinders.net\/wp-content\/uploads\/2023\/10\/v30d-series-axial-piston-variable-displacement-pump-2.webp\" alt=\"\" width=\"1144\" height=\"394\" srcset=\"https:\/\/hydraulic-cylinders.net\/wp-content\/uploads\/2023\/10\/v30d-series-axial-piston-variable-displacement-pump-2.webp 1144w, https:\/\/hydraulic-cylinders.net\/wp-content\/uploads\/2023\/10\/v30d-series-axial-piston-variable-displacement-pump-2-980x338.webp 980w, https:\/\/hydraulic-cylinders.net\/wp-content\/uploads\/2023\/10\/v30d-series-axial-piston-variable-displacement-pump-2-480x165.webp 480w\" sizes=\"(min-width: 0px) and (max-width: 480px) 480px, (min-width: 481px) and (max-width: 980px) 980px, (min-width: 981px) 1144px, 100vw\" \/><\/p>\n<h2><strong>Metoda u\u017cytkowania pompy hydraulicznej o zmiennym wydatku t\u0142okowym osiowym serii V30D<\/strong><strong>:<\/strong><\/h2>\n<ul>\n<li><strong>Instalacja i integracja:<\/strong> Wybierz odpowiednie miejsce w uk\u0142adzie hydraulicznym do monta\u017cu pompy hydraulicznej z t\u0142okiem osiowym o zmiennym wydatku serii V30D. Upewnij si\u0119, \u017ce pompa jest prawid\u0142owo ustawiona i bezpiecznie zamontuj j\u0105 za pomoc\u0105 odpowiednich wspornik\u00f3w lub akcesori\u00f3w. Pod\u0142\u0105cz pomp\u0119 do uk\u0142adu hydraulicznego za pomoc\u0105 kompatybilnych z\u0142\u0105czek i przewod\u00f3w, zapewniaj\u0105c szczelno\u015b\u0107 po\u0142\u0105cze\u0144.<\/li>\n<li><strong>Zgodno\u015b\u0107 z p\u0142ynami:<\/strong> Sprawd\u017a, czy p\u0142yn hydrauliczny u\u017cywany w uk\u0142adzie jest kompatybilny z pomp\u0105 serii V30D. Zapoznaj si\u0119 z zaleceniami producenta dotycz\u0105cymi rodzaju, lepko\u015bci i zakresu temperatur p\u0142ynu. Regularnie monitoruj i konserwuj p\u0142yn hydrauliczny, aby zapewni\u0107 optymaln\u0105 prac\u0119 pompy i jej d\u0142ug\u0105 \u017cywotno\u015b\u0107.<\/li>\n<li><strong>Kontrola i regulacja:<\/strong> Zapoznaj si\u0119 z opcjami sterowania oferowanymi przez pomp\u0119 serii V30D. W zale\u017cno\u015bci od modelu, pompa mo\u017ce oferowa\u0107 r\u00f3\u017cne metody sterowania, takie jak sterowanie r\u0119czne, proporcjonalne lub elektroniczne. Zapoznaj si\u0119 z zalecanymi ustawieniami sterowania i dostosuj je odpowiednio, aby zoptymalizowa\u0107 wydajno\u015b\u0107 pompy.<\/li>\n<li><strong>Optymalizacja systemu:<\/strong> Pompa serii V30D umo\u017cliwia optymalizacj\u0119 systemu poprzez dostosowanie wydajno\u015bci pompy do wymaga\u0144 obci\u0105\u017cenia. Wykorzystaj t\u0119 funkcj\u0119, aby zmaksymalizowa\u0107 efektywno\u015b\u0107 energetyczn\u0105 i og\u00f3ln\u0105 wydajno\u015b\u0107 systemu.<\/li>\n<\/ul>\n<h2><strong>Jak odpowietrzy\u0107 cylinder hydrauliczny bez zaworu odpowietrzaj\u0105cego?<\/strong><\/h2>\n<p>Odpowietrzanie si\u0142ownika hydraulicznego bez zaworu odpowietrzaj\u0105cego mo\u017ce by\u0107 nieco trudniejsze, ale nadal mo\u017cliwe. Oto instrukcja krok po kroku, jak odpowietrzy\u0107 si\u0142ownik hydrauliczny bez zaworu odpowietrzaj\u0105cego:<\/p>\n<ol>\n<li><strong>Bezpiecze\u0144stwo przede wszystkim:<\/strong> Przed rozpocz\u0119ciem pracy przy cylindrze hydraulicznym nale\u017cy upewni\u0107 si\u0119, \u017ce uk\u0142ad jest pozbawiony ci\u015bnienia. Nale\u017cy wy\u0142\u0105czy\u0107 zasilanie i usun\u0105\u0107 ewentualne ci\u015bnienie resztkowe, uruchamiaj\u0105c zaw\u00f3r bezpiecze\u0144stwa lub ustawiaj\u0105c uk\u0142ad w pozycji maksymalnego wysuni\u0119cia lub wsuni\u0119cia.<\/li>\n<li><strong>Pozycja cylindra:<\/strong> Umie\u015b\u0107 cylinder hydrauliczny w miejscu, w kt\u00f3rym p\u0119cherzyki powietrza mog\u0105 \u0142atwo unosi\u0107 si\u0119 do najwy\u017cszego punktu. Zazwyczaj oznacza to ustawienie cylindra w pozycji pionowej z t\u0142oczyskiem skierowanym do g\u00f3ry.<\/li>\n<li><strong>Zdejmij z\u0142\u0105czk\u0119:<\/strong> Znajd\u017a przy\u0142\u0105cze \u0142\u0105cz\u0105ce przew\u00f3d hydrauliczny z cylindrem. U\u017cyj odpowiednich narz\u0119dzi, aby od\u0142\u0105czy\u0107 przy\u0142\u0105cze i je wyj\u0105\u0107. Przygotuj si\u0119 na wyciek p\u0142ynu hydraulicznego podczas tego procesu, wi\u0119c miej pod r\u0119k\u0105 pojemnik lub szmatki, aby zebra\u0107 ewentualne wycieki.<\/li>\n<li><strong>Podnie\u015b cylinder:<\/strong> Je\u015bli to mo\u017cliwe, podnie\u015b cylinder do pozycji maksymalnego wysuni\u0119cia. Pomo\u017ce to zminimalizowa\u0107 ilo\u015b\u0107 powietrza uwi\u0119zionego w cylindrze.<\/li>\n<li><strong>Stuknij w cylinder:<\/strong> Delikatnie postukaj w boki cylindra gumowym m\u0142otkiem lub m\u0142otkiem o mi\u0119kkiej powierzchni. To pomo\u017ce usun\u0105\u0107 p\u0119cherzyki powietrza, kt\u00f3re mog\u0142y zosta\u0107 uwi\u0119zione wewn\u0105trz cylindra. Zacznij od do\u0142u i kieruj si\u0119 ku g\u00f3rze, postukuj\u0105c po obwodzie cylindra.<\/li>\n<li><strong>Cykl cylindra:<\/strong> Uruchom uk\u0142ad hydrauliczny, aby kilkakrotnie obr\u00f3ci\u0107 cylinder. Ca\u0142kowicie wysu\u0144 i schowaj cylinder, umo\u017cliwiaj\u0105c przep\u0142yw p\u0142ynu hydraulicznego i ewentualne wypchni\u0119cie p\u0119cherzyk\u00f3w powietrza. Powt\u00f3rz ten proces kilka razy, aby zapewni\u0107 dok\u0142adne odpowietrzenie.<\/li>\n<li><strong>Ponowne pod\u0142\u0105czenie z\u0142\u0105czki:<\/strong> Po ponownym uruchomieniu cylindra i stwierdzeniu, \u017ce wi\u0119kszo\u015b\u0107 powietrza zosta\u0142a usuni\u0119ta, pod\u0142\u0105cz ponownie przy\u0142\u0105cze do przewodu hydraulicznego. Upewnij si\u0119, \u017ce jest dobrze dokr\u0119cone, ale nie za mocno, poniewa\u017c mo\u017ce to spowodowa\u0107 uszkodzenie przy\u0142\u0105cza lub wycieki.<\/li>\n<li><strong>Przetestuj cylinder:<\/strong> Po odpowietrzeniu cylindra sprawd\u017a jego dzia\u0142anie, ca\u0142kowicie go wysuwaj\u0105c i wsuwaj\u0105c. Monitoruj cylinder pod k\u0105tem p\u0119cherzyk\u00f3w powietrza lub nieprawid\u0142owego zachowania. W przypadku zauwa\u017cenia jakichkolwiek problem\u00f3w powt\u00f3rz proces odpowietrzania lub skonsultuj si\u0119 z fachowcem od hydrauliki.<\/li>\n<\/ol>\n<h2><strong>Mo\u017cliwo\u015bci i pojemno\u015b\u0107 fabryki:<\/strong><\/h2>\n<h3>(1) Monta\u017c<\/h3>\n<p>Dysponujemy najwy\u017cszej klasy niezale\u017cn\u0105 platform\u0105 badawczo-rozwojow\u0105. Warsztat produkcji si\u0142ownik\u00f3w hydraulicznych posiada cztery p\u00f3\u0142automatyczne linie monta\u017cowe si\u0142ownik\u00f3w podnosz\u0105cych i jedn\u0105 automatyczn\u0105 lini\u0119 monta\u017cow\u0105 si\u0142ownik\u00f3w przechy\u0142u, o projektowanej rocznej zdolno\u015bci produkcyjnej 1 miliona sztuk. Specjalny warsztat cylindr\u00f3w jest wyposa\u017cony w r\u00f3\u017cne specyfikacje p\u00f3\u0142automatycznego systemu monta\u017cu czyszcz\u0105cego o projektowanej rocznej zdolno\u015bci produkcyjnej 200 000 i wyposa\u017cony w s\u0142ynny sprz\u0119t do obr\u00f3bki CNC, centrum obr\u00f3bcze, specjalny sprz\u0119t do precyzyjnej obr\u00f3bki cylindr\u00f3w, robot spawalniczy, automatyczna maszyna czyszcz\u0105ca, automatyczna maszyna do monta\u017cu cylindr\u00f3w i automatyczna linia produkcyjna do malowania. Istniej\u0105cy krytyczny sprz\u0119t sk\u0142ada si\u0119 z ponad 300 zestaw\u00f3w. Optymalna alokacja i efektywne wykorzystanie zasob\u00f3w sprz\u0119towych zapewniaj\u0105 wymagania dotycz\u0105ce dok\u0142adno\u015bci produkt\u00f3w i spe\u0142niaj\u0105 potrzeby wysokiej jako\u015bci produkt\u00f3w.<\/p>\n<p><img loading=\"lazy\" decoding=\"async\" class=\"alignnone wp-image-626\" src=\"https:\/\/hydraulic-cylinders.net\/wp-content\/uploads\/2023\/08\/hydraulic-cylinder-product-1-300x158.webp\" alt=\"\" width=\"495\" height=\"260\" srcset=\"https:\/\/hydraulic-cylinders.net\/wp-content\/uploads\/2023\/08\/hydraulic-cylinder-product-1-300x158.webp 495w, https:\/\/hydraulic-cylinders.net\/wp-content\/uploads\/2023\/08\/hydraulic-cylinder-product-1-480x252.webp 480w\" sizes=\"(min-width: 0px) and (max-width: 480px) 480px, (min-width: 481px) 495px, 100vw\" \/> <img loading=\"lazy\" decoding=\"async\" class=\"alignnone wp-image-627\" src=\"https:\/\/hydraulic-cylinders.net\/wp-content\/uploads\/2023\/08\/hydraulic-cylinder-product-2-300x189.webp\" alt=\"\" width=\"413\" height=\"260\" \/><\/p>\n<h3>(2) Obr\u00f3bka<\/h3>\n<p>Warsztat obr\u00f3bki skrawaniem jest wyposa\u017cony w niestandardowe centrum tokarskie z pochylon\u0105 szyn\u0105, centrum obr\u00f3bcze, szybkobie\u017cn\u0105 honownic\u0119, robota spawalniczego i inny powi\u0105zany sprz\u0119t, kt\u00f3ry mo\u017ce obs\u0142ugiwa\u0107 przetwarzanie rur cylindrycznych o maksymalnej \u015brednicy wewn\u0119trznej 400 mm i maksymalnej d\u0142ugo\u015bci 6 metr\u00f3w.<\/p>\n<p><img loading=\"lazy\" decoding=\"async\" class=\"alignnone wp-image-628 size-large\" src=\"https:\/\/hydraulic-cylinders.net\/wp-content\/uploads\/2023\/08\/hydraulic-cylinder-product-3-1024x391.webp\" alt=\"\" width=\"1024\" height=\"391\" srcset=\"https:\/\/hydraulic-cylinders.net\/wp-content\/uploads\/2023\/08\/hydraulic-cylinder-product-3-980x374.webp 980w, https:\/\/hydraulic-cylinders.net\/wp-content\/uploads\/2023\/08\/hydraulic-cylinder-product-3-480x183.webp 480w\" sizes=\"(min-width: 0px) and (max-width: 480px) 480px, (min-width: 481px) and (max-width: 980px) 980px, (min-width: 981px) 1024px, 100vw\" \/><\/p>\n<h3>(3) Spawanie<\/h3>\n<p><img loading=\"lazy\" decoding=\"async\" class=\"alignnone wp-image-629 size-large\" src=\"https:\/\/hydraulic-cylinders.net\/wp-content\/uploads\/2023\/08\/hydraulic-cylinder-product-4-1024x510.webp\" alt=\"\" width=\"1024\" height=\"510\" srcset=\"https:\/\/hydraulic-cylinders.net\/wp-content\/uploads\/2023\/08\/hydraulic-cylinder-product-4-980x488.webp 980w, https:\/\/hydraulic-cylinders.net\/wp-content\/uploads\/2023\/08\/hydraulic-cylinder-product-4-480x239.webp 480w\" sizes=\"(min-width: 0px) and (max-width: 480px) 480px, (min-width: 481px) and (max-width: 980px) 980px, (min-width: 981px) 1024px, 100vw\" \/><\/p>\n<h3>(4) Malowanie i powlekanie<\/h3>\n<p>Z ma\u0142ymi i \u015brednimi automatycznymi liniami do powlekania farbami na bazie wody, w celu osi\u0105gni\u0119cia automatycznego za\u0142adunku i roz\u0142adunku robota oraz automatycznego natryskiwania, wydajno\u015b\u0107 projektowa 4000 sztuk na zmian\u0119;<br \/>\nPosiadamy r\u00f3wnie\u017c p\u00f3\u0142automatyczn\u0105 lini\u0119 do produkcji farb do du\u017cych cylindr\u00f3w nap\u0119dzan\u0105 \u0142a\u0144cuchem nap\u0119dowym, o wydajno\u015bci 60 skrzy\u0144 na zmian\u0119.<\/p>\n<p><img loading=\"lazy\" decoding=\"async\" class=\"alignnone wp-image-630\" src=\"https:\/\/hydraulic-cylinders.net\/wp-content\/uploads\/2023\/08\/hydraulic-cylinder-product-5-300x213.webp\" alt=\"\" width=\"366\" height=\"260\" \/> <img loading=\"lazy\" decoding=\"async\" class=\"alignnone wp-image-631\" src=\"https:\/\/hydraulic-cylinders.net\/wp-content\/uploads\/2023\/08\/hydraulic-cylinder-product-6-300x225.webp\" alt=\"\" width=\"347\" height=\"260\" \/><\/p>\n<h3>(5) Testowanie<\/h3>\n<p>Dysponujemy najwy\u017cszej klasy urz\u0105dzeniami kontrolnymi i stanowiskami testowymi, aby zapewni\u0107, \u017ce wydajno\u015b\u0107 cylindra spe\u0142nia wymagania.<\/p>\n<p><img loading=\"lazy\" decoding=\"async\" class=\"alignnone wp-image-632\" src=\"https:\/\/hydraulic-cylinders.net\/wp-content\/uploads\/2023\/08\/hydraulic-cylinder-product-8-300x200.webp\" alt=\"\" width=\"389\" height=\"260\" \/><\/p>\n<p>&nbsp;<\/p>\n<p>&nbsp;<\/p>\n<p>Jeste\u015bmy jednym z najlepszych producent\u00f3w cylindr\u00f3w hydraulicznych. Oferujemy kompleksow\u0105 ofert\u0119 cylindr\u00f3w hydraulicznych. Dostarczamy r\u00f3wnie\u017c\u2026 <a href=\"https:\/\/hzpt.com\/agricultural-pto-gearbox\/\" target=\"_blank\" rel=\"noopener\">przek\u0142adnie rolnicze<\/a>. Eksportowali\u015bmy nasze produkty do klient\u00f3w na ca\u0142ym \u015bwiecie i zdobyli\u015bmy dobr\u0105 reputacj\u0119 dzi\u0119ki najwy\u017cszej jako\u015bci produkt\u00f3w i us\u0142ug posprzeda\u017cnych. Zapraszamy klient\u00f3w w kraju i za granic\u0105 do kontaktu z nami w celu negocjacji biznesowych, wymiany informacji i <a href=\"https:\/\/www.hydraulic-cylinders.net\/pl\/contact-us\/\">wsp\u00f3\u0142pracowa\u0107 z nami<\/a>!<\/p>\n<p>&nbsp;<\/p>","protected":false},"excerpt":{"rendered":"<p>V30D Series Axial Piston Variable Displacement Hydraulic Pump The V30D series axial piston variable displacement hydraulic pump is a state-of-the-art solution designed to deliver exceptional performance and efficiency in various hydraulic applications. With its advanced engineering, versatile design, and precise control, this hydraulic pump is a game-changer in the industry. The V30D series axial piston [&hellip;]<\/p>","protected":false},"featured_media":1975,"comment_status":"open","ping_status":"closed","template":"","meta":{"_et_pb_use_builder":"","_et_pb_old_content":"","_et_gb_content_width":""},"product_brand":[],"product_cat":[1425],"product_tag":[1426],"class_list":{"0":"post-1963","1":"product","2":"type-product","3":"status-publish","4":"has-post-thumbnail","6":"product_cat-piston-pump","7":"product_tag-hydraulic-pump","9":"first","10":"instock","11":"shipping-taxable","12":"product-type-simple"},"amp_enabled":true,"_links":{"self":[{"href":"https:\/\/www.hydraulic-cylinders.net\/pl\/wp-json\/wp\/v2\/product\/1963","targetHints":{"allow":["GET"]}}],"collection":[{"href":"https:\/\/www.hydraulic-cylinders.net\/pl\/wp-json\/wp\/v2\/product"}],"about":[{"href":"https:\/\/www.hydraulic-cylinders.net\/pl\/wp-json\/wp\/v2\/types\/product"}],"replies":[{"embeddable":true,"href":"https:\/\/www.hydraulic-cylinders.net\/pl\/wp-json\/wp\/v2\/comments?post=1963"}],"wp:featuredmedia":[{"embeddable":true,"href":"https:\/\/www.hydraulic-cylinders.net\/pl\/wp-json\/wp\/v2\/media\/1975"}],"wp:attachment":[{"href":"https:\/\/www.hydraulic-cylinders.net\/pl\/wp-json\/wp\/v2\/media?parent=1963"}],"wp:term":[{"taxonomy":"product_brand","embeddable":true,"href":"https:\/\/www.hydraulic-cylinders.net\/pl\/wp-json\/wp\/v2\/product_brand?post=1963"},{"taxonomy":"product_cat","embeddable":true,"href":"https:\/\/www.hydraulic-cylinders.net\/pl\/wp-json\/wp\/v2\/product_cat?post=1963"},{"taxonomy":"product_tag","embeddable":true,"href":"https:\/\/www.hydraulic-cylinders.net\/pl\/wp-json\/wp\/v2\/product_tag?post=1963"}],"curies":[{"name":"wp","href":"https:\/\/api.w.org\/{rel}","templated":true}]}}