{"id":19630,"date":"2025-04-07T06:58:25","date_gmt":"2025-04-07T06:58:25","guid":{"rendered":"https:\/\/www.hydraulic-cylinders.net\/product\/boom-cylinder-for-wacker-e8003\/"},"modified":"2025-04-07T06:58:28","modified_gmt":"2025-04-07T06:58:28","slug":"boom-cylinder-for-wacker-e8003","status":"publish","type":"product","link":"https:\/\/www.hydraulic-cylinders.net\/pl\/produkt\/boom-cylinder-for-wacker-e8003\/","title":{"rendered":"Si\u0142ownik wysi\u0119gnika do Wacker E8003"},"content":{"rendered":"<h1>Si\u0142ownik wysi\u0119gnika do Wacker E8003<\/h1>\n<h2>Przegl\u0105d produktu<\/h2>\n<p>Si\u0142ownik wysi\u0119gnika do koparki Wacker E8003 to specjalistyczny si\u0142ownik hydrauliczny przeznaczony do sterowania ruchem \u0142y\u017cek ci\u0119\u017ckich maszyn, takich jak koparki, koparko-\u0142adowarki i \u0142adowarki czo\u0142owe. Si\u0142owniki te s\u0105 niezb\u0119dne do podnoszenia, opuszczania i przechylania \u0142y\u017cek, usprawniaj\u0105c zadania zwi\u0105zane z prze\u0142adunkiem materia\u0142\u00f3w w r\u00f3\u017cnych bran\u017cach.<\/p>\n<p><img decoding=\"async\" src=\"https:\/\/www.hydraulic-cylinders.net\/wp-content\/uploads\/2025\/04\/songte-company-1.webp\" alt=\"Si\u0142ownik wysi\u0119gnika do Wacker E8003\"><\/p>\n<h3>Definicja i funkcja w uk\u0142adach hydraulicznych<\/h3>\n<p>Si\u0142ownik \u0142y\u017cki to rodzaj si\u0142ownika hydraulicznego, kt\u00f3ry odgrywa kluczow\u0105 rol\u0119 w obs\u0142udze ci\u0119\u017ckich maszyn. Wykorzystuje on p\u0142yn hydrauliczny do generowania si\u0142y, kt\u00f3ra nast\u0119pnie jest przekszta\u0142cana w ruch, steruj\u0105c prac\u0105 \u0142y\u017cki. Si\u0142owniki te s\u0105 zaprojektowane do pracy pod wysokim ci\u015bnieniem i przy du\u017cych obci\u0105\u017ceniach, zapewniaj\u0105c jednocze\u015bnie p\u0142ynn\u0105 prac\u0119. Zapewniaj\u0105c precyzyjn\u0105 kontrol\u0119 nad ruchem \u0142y\u017cki, zwi\u0119kszaj\u0105 wydajno\u015b\u0107 r\u00f3\u017cnych zada\u0144, takich jak kopanie, podnoszenie i transport materia\u0142\u00f3w. Znaczenie sprawnego si\u0142ownika wysi\u0119gnika jest nie do przecenienia, poniewa\u017c bezpo\u015brednio wp\u0142ywa na wydajno\u015b\u0107 i produktywno\u015b\u0107 obs\u0142ugiwanego sprz\u0119tu.<\/p>\n<h2>G\u0142\u00f3wne cechy<\/h2>\n<ul>\n<li><strong>Wysoka wytrzyma\u0142o\u015b\u0107 i trwa\u0142o\u015b\u0107:<\/strong> Wykonane z wysokowytrzyma\u0142ej stali lub aluminium, te cylindry wytrzymuj\u0105 wysokie ci\u015bnienie i du\u017ce obci\u0105\u017cenia, dzi\u0119ki czemu nadaj\u0105 si\u0119 do pracy w trudnych warunkach. Zaprojektowano je z my\u015bl\u0105 o odporno\u015bci na zu\u017cycie i korozj\u0119, co wyd\u0142u\u017ca ich \u017cywotno\u015b\u0107.<\/li>\n<li><strong>Wydajna praca uk\u0142adu hydraulicznego:<\/strong> Si\u0142ownik dzia\u0142a p\u0142ynnie dzi\u0119ki wykorzystaniu ci\u015bnienia oleju hydraulicznego, umo\u017cliwiaj\u0105c szybk\u0105 reakcj\u0119 na polecenia steruj\u0105ce i dostarczaj\u0105c znaczn\u0105 si\u0142\u0119 pchania i ci\u0105gni\u0119cia przy podnoszeniu ci\u0119\u017ckich materia\u0142\u00f3w.<\/li>\n<li><strong>R\u00f3\u017cne typy:<\/strong> Dost\u0119pne jako cylindry jednostronnego dzia\u0142ania (dzia\u0142aj\u0105ce w jednym kierunku) lub dwustronnego dzia\u0142ania (dzia\u0142aj\u0105ce w obu kierunkach), spe\u0142niaj\u0105ce r\u00f3\u017cne potrzeby operacyjne. Niekt\u00f3re modele s\u0105 teleskopowe, co pozwala na wi\u0119ksze wysuni\u0119cie bez zwi\u0119kszania wymiar\u00f3w zewn\u0119trznych.<\/li>\n<li><strong>Zgodno\u015b\u0107:<\/strong> Nasze produkty mog\u0105 doskonale zast\u0105pi\u0107 istniej\u0105ce si\u0142owniki hydrauliczne, zapewniaj\u0105c bezproblemow\u0105 integracj\u0119 z maszynami.<\/li>\n<li><strong>Rozwi\u0105zania niestandardowe:<\/strong> Indywidualnie dostosowane opcje produkcji, zapewniaj\u0105ce elastyczno\u015b\u0107 projektowania i funkcjonalno\u015bci.<\/li>\n<\/ul>\n<p><img decoding=\"async\" src=\"https:\/\/www.hydraulic-cylinders.net\/wp-content\/uploads\/2025\/04\/songte-cylinder-head-with-all-kinds-excavator-models.webp\" alt=\"Zgodno\u015b\u0107 cylindra wysi\u0119gnika\"><\/p>\n<h2>Scenariusze zastosowa\u0144<\/h2>\n<h3>Sprz\u0119t budowlany<\/h3>\n<p>W sprz\u0119cie budowlanym si\u0142owniki wysi\u0119gnika s\u0105 niezb\u0119dne w koparkach, gdzie odgrywaj\u0105 kluczow\u0105 rol\u0119 w kopaniu, \u0142adowaniu i transporcie gleby lub gruzu. Wydajno\u015b\u0107 koparki w du\u017cej mierze zale\u017cy od skuteczno\u015bci si\u0142ownika wysi\u0119gnika, kt\u00f3ry umo\u017cliwia \u0142y\u017cce zag\u0142\u0119bianie si\u0119 w grunt i precyzyjne wykonywanie r\u00f3\u017cnych czynno\u015bci kopania. Ponadto, w koparko-\u0142adowarkach si\u0142ownik wysi\u0119gnika wspomaga nie tylko wykopy, ale tak\u017ce podnoszenie ci\u0119\u017ckich \u0142adunk\u00f3w, co czyni go niezb\u0119dnym podczas prac budowlanych i wykopowych.<\/p>\n<h3>Maszyny rolnicze<\/h3>\n<p>W maszynach rolniczych si\u0142owniki wysi\u0119gnika s\u0105 wykorzystywane w \u0142adowarkach czo\u0142owych do nabierania, podnoszenia i transportu gleby, siana i innych materia\u0142\u00f3w. Efektywno\u015b\u0107 prac rolniczych cz\u0119sto zale\u017cy od niezawodno\u015bci tych si\u0142ownik\u00f3w hydraulicznych, kt\u00f3re wykonuj\u0105 powtarzalne zadania przy minimalnym przestoju. Ich solidna konstrukcja i mocne dzia\u0142anie hydrauliczne u\u0142atwiaj\u0105 r\u00f3\u017cnorodne zastosowania rolnicze, zapewniaj\u0105c wydajno\u015b\u0107 w polu.<\/p>\n<h3>Koparki<\/h3>\n<p>Koparki wykorzystuj\u0105 si\u0142owniki wysi\u0119gnika, aby zapewni\u0107 efektywne kopanie, umo\u017cliwiaj\u0105c \u0142y\u017cce zag\u0142\u0119bianie si\u0119 w gleb\u0119. Ich konstrukcja umo\u017cliwia precyzyjn\u0105 kontrol\u0119 g\u0142\u0119boko\u015bci i k\u0105ta nachylenia \u0142y\u017cki, co jest niezb\u0119dne podczas prac ziemnych. Ten kontrolowany ruch nie tylko zwi\u0119ksza wydajno\u015b\u0107, ale tak\u017ce gwarantuje wykonanie prac zgodnie z dok\u0142adnymi specyfikacjami, zmniejszaj\u0105c ryzyko b\u0142\u0119d\u00f3w podczas niwelacji terenu i kopania row\u00f3w.<\/p>\n<h3>\u0141adowarki<\/h3>\n<p>W \u0142adowarkach czo\u0142owych si\u0142owniki wysi\u0119gnika wspomagaj\u0105 efektywne podnoszenie i wysypywanie materia\u0142\u00f3w. Uk\u0142ad hydrauliczny zapewnia p\u0142ynn\u0105 prac\u0119, umo\u017cliwiaj\u0105c operatorom \u0142atwe podnoszenie ci\u0119\u017ckich \u0142adunk\u00f3w. Ta funkcja jest kluczowa podczas takich zada\u0144, jak za\u0142adunek ci\u0119\u017car\u00f3wek, przemieszczanie materia\u0142\u00f3w i inne prace budowlane, co dowodzi, jak wa\u017cne s\u0105 niezawodne si\u0142owniki wysi\u0119gnika dla wydajno\u015bci \u0142adowarek.<\/p>\n<h2>Zagadnienia projektowe i kryteria wyboru<\/h2>\n<h3>No\u015bno\u015b\u0107<\/h3>\n<p>Przy wyborze si\u0142ownika wysi\u0119gnika, ud\u017awig jest jednym z najwa\u017cniejszych czynnik\u00f3w. Kluczowe jest, aby wybra\u0107 si\u0142ownik, kt\u00f3ry wytrzyma maksymalne obci\u0105\u017cenie spodziewane podczas pracy. Ud\u017awig nale\u017cy oceni\u0107 na podstawie specyficznych wymaga\u0144 maszyny i zada\u0144, kt\u00f3re b\u0119dzie ona wykonywa\u0107. Si\u0142ownik o zbyt niskim ud\u017awigu mo\u017ce prowadzi\u0107 do powa\u017cnej awarii, a si\u0142ownik o zbyt wysokim ud\u017awigu mo\u017ce prowadzi\u0107 do nieefektywnego wykorzystania mocy i wzrostu koszt\u00f3w eksploatacji. Dlatego kluczowe jest zrozumienie zale\u017cno\u015bci mi\u0119dzy specyfikacj\u0105 si\u0142ownika a wymaganiami maszyny.<\/p>\n<h3>Wydajno\u015b\u0107 uszczelnienia<\/h3>\n<p>Skuteczno\u015b\u0107 uszczelnienia si\u0142ownika hydraulicznego ma kluczowe znaczenie dla utrzymania optymalnej funkcjonalno\u015bci. Wysokiej jako\u015bci uszczelnienia zapobiegaj\u0105 wyciekom p\u0142ynu hydraulicznego, kt\u00f3re mog\u0105 prowadzi\u0107 do obni\u017cenia wydajno\u015bci i potencjalnego uszkodzenia uk\u0142adu hydraulicznego. Wybieraj\u0105c si\u0142ownik wysi\u0119gnika, nale\u017cy zwr\u00f3ci\u0107 uwag\u0119 na jako\u015b\u0107 zastosowanych uszczelnie\u0144 oraz ich kompatybilno\u015b\u0107 z p\u0142ynem hydraulicznym. Regularna kontrola i konserwacja uszczelnie\u0144 s\u0105 niezb\u0119dne dla zapewnienia d\u0142ugiej \u017cywotno\u015bci uk\u0142adu hydraulicznego i unikni\u0119cia kosztownych napraw.<\/p>\n<h3>Trwa\u0142o\u015b\u0107 i d\u0142ugowieczno\u015b\u0107<\/h3>\n<p>Trwa\u0142o\u015b\u0107 to kolejny kluczowy czynnik w konstrukcji si\u0142ownik\u00f3w wysi\u0119gnika. Materia\u0142y u\u017cyte do produkcji si\u0142ownika powinny by\u0107 odporne na trudne warunki i wielokrotne u\u017cytkowanie bez utraty jako\u015bci. Czynniki takie jak odporno\u015b\u0107 na zu\u017cycie i korozj\u0119 maj\u0105 kluczowe znaczenie dla wyd\u0142u\u017cenia \u017cywotno\u015bci si\u0142ownik\u00f3w hydraulicznych. Trwa\u0142y si\u0142ownik wysi\u0119gnika zmniejsza cz\u0119stotliwo\u015b\u0107 napraw i wymian, oszcz\u0119dzaj\u0105c czas i pieni\u0105dze w d\u0142u\u017cszej perspektywie.<\/p>\n<h3>Funkcje bezpiecze\u0144stwa<\/h3>\n<p>Bezpiecze\u0144stwo powinno by\u0107 zawsze priorytetem przy projektowaniu si\u0142ownik\u00f3w hydraulicznych. Funkcje takie jak zabezpieczenie przed przeci\u0105\u017ceniem i zawory bezpiecze\u0144stwa mog\u0105 zapobiega\u0107 wypadkom i uszkodzeniom sprz\u0119tu. Kluczowa jest ocena \u015brodk\u00f3w bezpiecze\u0144stwa wbudowanych w konstrukcj\u0119 si\u0142ownika wysi\u0119gnika, poniewa\u017c przyczyniaj\u0105 si\u0119 one do og\u00f3lnej niezawodno\u015bci i bezpiecze\u0144stwa pracy maszyn. Zapewnienie tych funkcji zapewnia operatorom spok\u00f3j ducha i zmniejsza ryzyko wypadk\u00f3w w miejscu pracy.<\/p>\n<h3>Dost\u0119pno\u015b\u0107 konserwacyjna<\/h3>\n<p>Na koniec, wybieraj\u0105c si\u0142ownik wysi\u0119gnika, nale\u017cy wzi\u0105\u0107 pod uwag\u0119 \u0142atwo\u015b\u0107 konserwacji. Si\u0142owniki zaprojektowane z my\u015bl\u0105 o \u0142atwym dost\u0119pie do uszczelnie\u0144 i podzespo\u0142\u00f3w wewn\u0119trznych umo\u017cliwiaj\u0105 szybsze przegl\u0105dy i prace konserwacyjne. Regularna konserwacja jest kluczowa dla zapewnienia optymalnej wydajno\u015bci, a konstrukcja u\u0142atwiaj\u0105ca serwisowanie mo\u017ce znacznie skr\u00f3ci\u0107 przestoje. Ocena potrzeb konserwacyjnych si\u0142ownik\u00f3w hydraulicznych jest kluczowa dla zapewnienia ich maksymalnej wydajno\u015bci przez ca\u0142y okres eksploatacji.<\/p>\n<p><img decoding=\"async\" src=\"https:\/\/www.hydraulic-cylinders.net\/wp-content\/uploads\/2025\/04\/songte-oil-pipes-and-spare-parts.webp\" alt=\"Komponenty cylindr\u00f3w hydraulicznych\"><\/p>\n<h2>Uszczelnianie i smarowanie<\/h2>\n<p>Skuteczne uszczelnienie i smarowanie maj\u0105 kluczowe znaczenie dla prawid\u0142owego dzia\u0142ania cylindr\u00f3w hydraulicznych. R\u00f3\u017cne elementy uszczelniaj\u0105ce, takie jak uszczelnienia t\u0142ok\u00f3w i t\u0142oczysk, s\u0142u\u017c\u0105 do zapobiegania wyciekom i utrzymywania ci\u015bnienia w cylindrze. Powszechnie stosowane materia\u0142y na uszczelnienia to poliuretan i kauczuk nitrylowy, znane ze swojej trwa\u0142o\u015bci i odporno\u015bci na zu\u017cycie. Korpus cylindra i gwintowane powierzchnie ko\u0144cowe musz\u0105 zosta\u0107 poddane precyzyjnej obr\u00f3bce mechanicznej, aby zwi\u0119kszy\u0107 odporno\u015b\u0107 na zu\u017cycie i zapewni\u0107 szczelno\u015b\u0107.<\/p>\n<p>Regularne smarowanie jest r\u00f3wnie\u017c niezb\u0119dne dla optymalnej wydajno\u015bci. Wa\u017cne jest, aby okresowo wstrzykiwa\u0107 odpowiedni\u0105 ilo\u015b\u0107 oleju hydraulicznego do si\u0142ownika, aby zapewni\u0107 p\u0142ynn\u0105 prac\u0119 podzespo\u0142\u00f3w wewn\u0119trznych. Brak smarowania mo\u017ce prowadzi\u0107 do zwi\u0119kszonego tarcia, zu\u017cycia i potencjalnej awarii uk\u0142adu hydraulicznego. Prawid\u0142owo przeprowadzona procedura smarowania znacz\u0105co przyczynia si\u0119 do trwa\u0142o\u015bci i wydajno\u015bci si\u0142ownika wysi\u0119gnika.<\/p>\n<h2>\u015arodki konserwacji zapobiegawczej<\/h2>\n<ul>\n<li><strong>Rutynowe kontrole:<\/strong> Regularne kontrole s\u0105 niezb\u0119dne, aby wykry\u0107 wszelkie oznaki zu\u017cycia lub uszkodze\u0144. Operatorzy powinni sprawdza\u0107 szczelno\u015b\u0107, nietypowe d\u017awi\u0119ki lub zmiany w dzia\u0142aniu. Wczesne rozwi\u0105zywanie problem\u00f3w mo\u017ce zapobiec kosztownym naprawom i przestojom.<\/li>\n<li><strong>Harmonogram smarowania:<\/strong> Ustal harmonogram smarowania, aby zapewni\u0107 uzupe\u0142nianie oleju hydraulicznego w odpowiednich odst\u0119pach czasu. Pomaga to utrzyma\u0107 optymaln\u0105 wydajno\u015b\u0107 i wyd\u0142u\u017cy\u0107 \u017cywotno\u015b\u0107 cylindra.<\/li>\n<li><strong>Wymiana uszczelki:<\/strong> Regularnie sprawdzaj uszczelki pod k\u0105tem \u015blad\u00f3w zu\u017cycia i wymieniaj je w razie potrzeby. Zu\u017cyte uszczelki mog\u0105 prowadzi\u0107 do wycieku p\u0142ynu i obni\u017cenia wydajno\u015bci, dlatego tak wa\u017cne jest, aby zadba\u0107 o ten aspekt konserwacji.<\/li>\n<\/ul>\n<h2>Prawid\u0142owe wytyczne dotycz\u0105ce instalacji<\/h2>\n<p>Prawid\u0142owy monta\u017c si\u0142ownik\u00f3w hydraulicznych jest kluczowy dla zapewnienia optymalnej wydajno\u015bci. Zacznij od dok\u0142adnego oczyszczenia miejsca monta\u017cu, aby usun\u0105\u0107 wszelkie zanieczyszczenia, kt\u00f3re mog\u0142yby zak\u0142\u00f3ca\u0107 dzia\u0142anie si\u0142ownika. U\u017cyj odpowiednich narz\u0119dzi do ustawiania po\u0142o\u017cenia, aby upewni\u0107 si\u0119, \u017ce si\u0142ownik jest prawid\u0142owo ustawiony wzgl\u0119dem innych podzespo\u0142\u00f3w.<\/p>\n<p>Podczas monta\u017cu cylindra nale\u017cy przestrzega\u0107 zalece\u0144 producenta dotycz\u0105cych momentu obrotowego i mocowania. Kluczowe jest u\u017cycie odpowiednich wspornik\u00f3w monta\u017cowych, aby zabezpieczy\u0107 cylinder na miejscu i zapobiec jego przemieszczaniu si\u0119 podczas pracy. Po monta\u017cu nale\u017cy sprawdzi\u0107, czy nie wyst\u0119puj\u0105 \u017cadne niewsp\u00f3\u0142osiowo\u015bci lub potencjalne przeszkody, kt\u00f3re mog\u0142yby utrudnia\u0107 prac\u0119. Na koniec nale\u017cy przeprowadzi\u0107 cykl testowy, aby upewni\u0107 si\u0119, \u017ce cylinder dzia\u0142a p\u0142ynnie i wydajnie, dokonuj\u0105c w razie potrzeby regulacji.<\/p>\n<h2>Zadania konserwacyjne<\/h2>\n<ul>\n<li><strong>Regularne kontrole:<\/strong> Regularne kontrole szczelno\u015bci, anomalii dzia\u0142ania i oznak zu\u017cycia zapewniaj\u0105 optymalne dzia\u0142anie uk\u0142adu hydraulicznego. Wczesne wykrycie problem\u00f3w pozwala zaoszcz\u0119dzi\u0107 czas i zasoby.<\/li>\n<li><strong>Prawid\u0142owe smarowanie:<\/strong> Regularne smarowanie ruchomych cz\u0119\u015bci jest niezb\u0119dne do zminimalizowania tarcia i wyd\u0142u\u017cenia \u017cywotno\u015bci cylindra hydraulicznego. Stosowanie w\u0142a\u015bciwego rodzaju i ilo\u015bci \u015brodka smarnego ma kluczowe znaczenie dla utrzymania wydajno\u015bci.<\/li>\n<li><strong>Wymiana uszczelki:<\/strong> Regularne monitorowanie stanu uszczelnie\u0144 i ich wymiana w razie potrzeby zapobiegaj\u0105 wyciekom p\u0142ynu i utrzymuj\u0105 ci\u015bnienie hydrauliczne. Ma to kluczowe znaczenie dla zapewnienia wydajno\u015bci i bezpiecze\u0144stwa uk\u0142adu hydraulicznego.<\/li>\n<\/ul>\n<p>Prawid\u0142owy monta\u017c, smarowanie i regulacja s\u0105 kluczowe dla maksymalizacji \u017cywotno\u015bci si\u0142ownik\u00f3w hydraulicznych. Podczas monta\u017cu wa\u017cne jest dok\u0142adne ustawienie si\u0142ownika, poniewa\u017c niewsp\u00f3\u0142osiowo\u015b\u0107 mo\u017ce prowadzi\u0107 do przedwczesnego zu\u017cycia i awarii. Dodatkowo, zastosowanie odpowiednich wspornik\u00f3w monta\u017cowych pomo\u017ce unieruchomi\u0107 si\u0142ownik i zapobiegnie jego przemieszczaniu. Regularne przegl\u0105dy i konserwacja dodatkowo zwi\u0119ksz\u0105 niezawodno\u015b\u0107 uk\u0142adu hydraulicznego.<\/p>\n<p><img decoding=\"async\" src=\"https:\/\/www.hydraulic-cylinders.net\/wp-content\/uploads\/2025\/04\/songte-chushion-collar.webp\" alt=\"Komponenty instalacji cylindra\"><\/p>\n<h2>Zagadnienia bezpiecze\u0144stwa i czynniki \u015brodowiskowe<\/h2>\n<p>Podczas u\u017cytkowania si\u0142ownik\u00f3w hydraulicznych \u015brodki bezpiecze\u0144stwa maj\u0105 pierwszorz\u0119dne znaczenie. Operatorzy powinni by\u0107 przeszkoleni w zakresie rozpoznawania potencjalnych zagro\u017ce\u0144 i przestrzegania protoko\u0142\u00f3w bezpiecze\u0144stwa podczas obs\u0142ugi maszyn. Zapewnienie prawid\u0142owego dzia\u0142ania zabezpiecze\u0144 i monitorowanie \u015brodowiska pod k\u0105tem potencjalnych zagro\u017ce\u0144 mo\u017ce znacznie zmniejszy\u0107 prawdopodobie\u0144stwo wypadk\u00f3w. Ponadto nale\u017cy zwr\u00f3ci\u0107 uwag\u0119 na wp\u0142yw p\u0142yn\u00f3w hydraulicznych na \u015brodowisko. Stosowanie biodegradowalnych olej\u00f3w hydraulicznych mo\u017ce ograniczy\u0107 zagro\u017cenia \u015brodowiskowe zwi\u0105zane z wyciekami lub rozlaniem, promuj\u0105c zr\u00f3wnowa\u017cony rozw\u00f3j w eksploatacji sprz\u0119tu.<\/p>\n<h2>Diagnostyka usterek i typowe problemy<\/h2>\n<ul>\n<li><strong>Wycieki p\u0142yn\u00f3w:<\/strong> Jednym z cz\u0119stych problem\u00f3w jest wyciek p\u0142ynu hydraulicznego, kt\u00f3ry mo\u017ce wynika\u0107 ze zu\u017cycia uszczelek lub uszkodzenia podzespo\u0142\u00f3w. Regularne kontrole mog\u0105 pom\u00f3c we wczesnym wykryciu wyciek\u00f3w i zapobiec dalszym uszkodzeniom.<\/li>\n<li><strong>Nieodpowiadaj\u0105cy cylinder:<\/strong> Je\u015bli cylinder nie reaguje na polecenia, przyczyn\u0105 mo\u017ce by\u0107 niski poziom p\u0142ynu hydraulicznego lub zapowietrzenie uk\u0142adu. Odpowietrzenie uk\u0142adu i upewnienie si\u0119, \u017ce poziom p\u0142ynu jest prawid\u0142owy, mo\u017ce rozwi\u0105za\u0107 ten problem.<\/li>\n<li><strong>Nadmierny ha\u0142as:<\/strong> Nietypowe odg\u0142osy podczas pracy mog\u0105 wskazywa\u0107 na problemy mechaniczne, takie jak zu\u017cycie \u0142o\u017cysk lub niewsp\u00f3\u0142osiowo\u015b\u0107. Szybkie ustalenie \u017ar\u00f3d\u0142a ha\u0142asu jest kluczowe dla zachowania integralno\u015bci systemu.<\/li>\n<\/ul>\n<h2>Wskaz\u00f3wki dotycz\u0105ce rozwi\u0105zywania problem\u00f3w<\/h2>\n<p>Diagnozuj\u0105c problemy z si\u0142ownikami hydraulicznymi, nale\u017cy bezwzgl\u0119dnie stosowa\u0107 podej\u015bcie systemowe. Zacznij od sprawdzenia poziomu p\u0142yn\u00f3w i poszukaj widocznych oznak wyciek\u00f3w. Je\u015bli si\u0142ownik nie reaguje, sprawd\u017a, czy w uk\u0142adzie hydraulicznym nie ma powietrza i w razie potrzeby odpowietrz uk\u0142ad. W przypadku nadmiernego ha\u0142asu upewnij si\u0119, \u017ce komponenty s\u0105 prawid\u0142owo ustawione i sprawd\u017a zu\u017cycie cz\u0119\u015bci ruchomych. Wdro\u017cenie \u015brodk\u00f3w zapobiegawczych, takich jak regularna konserwacja i przegl\u0105dy, pomo\u017ce ograniczy\u0107 potencjalne problemy, zanim si\u0119 nasil\u0105.<\/p>\n<p><img decoding=\"async\" src=\"https:\/\/www.hydraulic-cylinders.net\/wp-content\/uploads\/2025\/04\/songte-bushings-with-all-kinds-of-excavator-models.webp\" alt=\"Typowe problemy z cylindrami hydraulicznymi\"><\/p>\n<h2>O naszej firmie<\/h2>\n<p>Jeste\u015bmy wiod\u0105cym producentem zamiennych si\u0142ownik\u00f3w hydraulicznych, znanym z bogatej oferty produkt\u00f3w. Nasze zaanga\u017cowanie w d\u0105\u017cenie do doskona\u0142o\u015bci zapewni\u0142o nam pozycj\u0119 jednego z czo\u0142owych producent\u00f3w i hurtownik\u00f3w na rynku krajowym i mi\u0119dzynarodowym. Przestrzegamy najwy\u017cszych standard\u00f3w jako\u015bci, opieraj\u0105c si\u0119 na udoskonalonych procesach produkcyjnych, najnowocze\u015bniejszym sprz\u0119cie i wykwalifikowanej kadrze, aby dostarcza\u0107 produkty najwy\u017cszej jako\u015bci.<\/p>\n<p>Nasze nastawienie na innowacyjno\u015b\u0107 i kontrol\u0119 jako\u015bci gwarantuje, \u017ce zaspokajamy zr\u00f3\u017cnicowane potrzeby naszych klient\u00f3w. Dzi\u0119ki mi\u0119dzynarodowym certyfikatom i zaanga\u017cowaniu w satysfakcj\u0119 klienta, oferujemy rozwi\u0105zania dostosowane do indywidualnych potrzeb, dostosowane do konkretnych wymaga\u0144 operacyjnych. Nasze kompleksowe us\u0142ugi posprzeda\u017cowe dodatkowo wzmacniaj\u0105 nasze zaanga\u017cowanie w jako\u015b\u0107 i niezawodno\u015b\u0107.<\/p>\n<p><img decoding=\"async\" src=\"https:\/\/www.hydraulic-cylinders.net\/wp-content\/uploads\/2025\/04\/songte-company-4.webp\" alt=\"Zapewnienie jako\u015bci firmy\"><br \/>\n<img decoding=\"async\" src=\"https:\/\/www.hydraulic-cylinders.net\/wp-content\/uploads\/2025\/04\/songte-company-3.webp\" alt=\"Zak\u0142ad produkcyjny firmy\"><\/p>\n<p>Autor: lyl<\/p>","protected":false},"excerpt":{"rendered":"<p>Boom Cylinder For Wacker E8003 Product Overview The Boom Cylinder for Wacker E8003 is a specialized hydraulic cylinder designed for controlling the movement of heavy machinery buckets, such as those found in excavators, backhoe loaders, and front-end loaders. These cylinders are essential in facilitating the lifting, lowering, and tilting of buckets, streamlining material handling tasks [&hellip;]<\/p>","protected":false},"featured_media":17878,"comment_status":"open","ping_status":"closed","template":"","meta":{"_et_pb_use_builder":"","_et_pb_old_content":"","_et_gb_content_width":""},"product_brand":[],"product_cat":[1546],"product_tag":[1547,1496],"class_list":{"0":"post-19630","1":"product","2":"type-product","3":"status-publish","4":"has-post-thumbnail","6":"product_cat-boom-cylinders","7":"product_tag-boom-cylinders","8":"product_tag-hydraulic-cylinders","10":"first","11":"instock","12":"shipping-taxable","13":"product-type-simple"},"amp_enabled":true,"_links":{"self":[{"href":"https:\/\/www.hydraulic-cylinders.net\/pl\/wp-json\/wp\/v2\/product\/19630","targetHints":{"allow":["GET"]}}],"collection":[{"href":"https:\/\/www.hydraulic-cylinders.net\/pl\/wp-json\/wp\/v2\/product"}],"about":[{"href":"https:\/\/www.hydraulic-cylinders.net\/pl\/wp-json\/wp\/v2\/types\/product"}],"replies":[{"embeddable":true,"href":"https:\/\/www.hydraulic-cylinders.net\/pl\/wp-json\/wp\/v2\/comments?post=19630"}],"wp:featuredmedia":[{"embeddable":true,"href":"https:\/\/www.hydraulic-cylinders.net\/pl\/wp-json\/wp\/v2\/media\/17878"}],"wp:attachment":[{"href":"https:\/\/www.hydraulic-cylinders.net\/pl\/wp-json\/wp\/v2\/media?parent=19630"}],"wp:term":[{"taxonomy":"product_brand","embeddable":true,"href":"https:\/\/www.hydraulic-cylinders.net\/pl\/wp-json\/wp\/v2\/product_brand?post=19630"},{"taxonomy":"product_cat","embeddable":true,"href":"https:\/\/www.hydraulic-cylinders.net\/pl\/wp-json\/wp\/v2\/product_cat?post=19630"},{"taxonomy":"product_tag","embeddable":true,"href":"https:\/\/www.hydraulic-cylinders.net\/pl\/wp-json\/wp\/v2\/product_tag?post=19630"}],"curies":[{"name":"wp","href":"https:\/\/api.w.org\/{rel}","templated":true}]}}