{"id":19642,"date":"2025-04-07T06:59:10","date_gmt":"2025-04-07T06:59:10","guid":{"rendered":"https:\/\/www.hydraulic-cylinders.net\/product\/boom-cylinder-for-atlas-7008lc\/"},"modified":"2025-04-07T06:59:12","modified_gmt":"2025-04-07T06:59:12","slug":"boom-cylinder-for-atlas-7008lc","status":"publish","type":"product","link":"https:\/\/www.hydraulic-cylinders.net\/pl\/produkt\/boom-cylinder-for-atlas-7008lc\/","title":{"rendered":"Si\u0142ownik wysi\u0119gnika do Atlasa 7008LC"},"content":{"rendered":"<h1>Si\u0142ownik wysi\u0119gnika do Atlasa 7008LC<\/h1>\n<h2>Zrozumienie cylindra wysi\u0119gnika<\/h2>\n<p>Si\u0142ownik wysi\u0119gnika to kluczowy element w r\u00f3\u017cnych maszynach ci\u0119\u017ckich, zw\u0142aszcza koparkach, koparko-\u0142adowarkach i \u0142adowarkach czo\u0142owych. Jest to rodzaj si\u0142ownika hydraulicznego zaprojektowanego specjalnie do sterowania ruchem \u0142y\u017cki, umo\u017cliwiaj\u0105c operatorom precyzyjne podnoszenie, opuszczanie i przechylanie \u0142y\u017cki. Ta funkcjonalno\u015b\u0107 jest niezb\u0119dna do wydajnego transportu materia\u0142\u00f3w, co sprawia, \u017ce \u200b\u200bsi\u0142owniki wysi\u0119gnika s\u0105 niezb\u0119dne w pracach budowlanych i wykopaliskowych.<\/p>\n<p>In a hydraulic system, the boom cylinder plays a vital role by converting hydraulic fluid pressure into mechanical force, enabling smooth and powerful movements. When hydraulic fluid enters the cylinder, it pushes the piston, which then moves the connected rod and, ultimately, the bucket. The ability to control the bucket&#8217;s position allows for effective digging, loading, and transporting of materials, enhancing overall productivity.<\/p>\n<p><img decoding=\"async\" src=\"https:\/\/www.hydraulic-cylinders.net\/wp-content\/uploads\/2025\/04\/songte-company-1.webp\" alt=\"Si\u0142ownik wysi\u0119gnika do Atlas 7008LC\"\/><\/p>\n<h2>Cechy cylindra wysi\u0119gnika<\/h2>\n<ul>\n<li>\n<h3>Wysoka wytrzyma\u0142o\u015b\u0107 i trwa\u0142o\u015b\u0107<\/h3>\n<p>Si\u0142ownik wysi\u0119gnika, zazwyczaj wykonany z wysokowytrzyma\u0142ej stali lub aluminium, zosta\u0142 zaprojektowany tak, aby wytrzymywa\u0107 wysokie ci\u015bnienia i du\u017ce obci\u0105\u017cenia. Jego konstrukcja uwzgl\u0119dnia odporno\u015b\u0107 na zu\u017cycie i korozj\u0119, zapewniaj\u0105c d\u0142u\u017csz\u0105 \u017cywotno\u015b\u0107 nawet w trudnych warunkach pracy.<\/p>\n<\/li>\n<li>\n<h3>Wydajna praca hydrauliczna<\/h3>\n<p>Konstrukcja wykorzystuje ci\u015bnienie oleju hydraulicznego do p\u0142ynnego wysuwania i chowania, umo\u017cliwiaj\u0105c szybk\u0105 reakcj\u0119 na polecenia operatora. Taka wydajno\u015b\u0107 zapewnia solidne si\u0142y pchania i ci\u0105gni\u0119cia, dzi\u0119ki czemu podno\u015bnik nadaje si\u0119 do podnoszenia ci\u0119\u017ckich przedmiot\u00f3w i wykonywania skomplikowanych zada\u0144 operacyjnych.<\/p>\n<\/li>\n<li>\n<h3>R\u00f3\u017cne typy<\/h3>\n<p>Si\u0142owniki wysi\u0119gnika s\u0105 dost\u0119pne w r\u00f3\u017cnych konfiguracjach, w tym jednostronnego dzia\u0142ania (wykorzystuj\u0105ce si\u0142\u0119 hydrauliczn\u0105 w jednym kierunku) i dwustronnego dzia\u0142ania (dzia\u0142aj\u0105ce w obu kierunkach). Niekt\u00f3re modele s\u0105 teleskopowe, co pozwala na wi\u0119ksze wysuni\u0119cie bez zwi\u0119kszania wymiar\u00f3w zewn\u0119trznych, co jest idealne w zastosowaniach o ograniczonej przestrzeni.<\/p>\n<\/li>\n<li>\n<h3>Rozwi\u0105zania dostosowywane<\/h3>\n<p>Nasze mo\u017cliwo\u015bci produkcyjne pozwalaj\u0105 nam wytwarza\u0107 si\u0142owniki wysi\u0119gnika, kt\u00f3re doskonale zast\u0105pi\u0105 istniej\u0105ce si\u0142owniki hydrauliczne, zapewniaj\u0105c jednocze\u015bnie kompatybilno\u015b\u0107 i wydajno\u015b\u0107.<\/p>\n<\/li>\n<li>\n<h3>Zaawansowane techniki produkcyjne<\/h3>\n<p>Wykorzystuj\u0105c najnowocze\u015bniejsze technologie w naszych procesach produkcyjnych, gwarantujemy produkty wysokiej jako\u015bci, odpowiadaj\u0105ce standardom bran\u017cowym.<\/p>\n<\/li>\n<\/ul>\n<p><img decoding=\"async\" src=\"https:\/\/www.hydraulic-cylinders.net\/wp-content\/uploads\/2025\/04\/songte-cylinder-head-with-all-kinds-excavator-models.webp\" alt=\"G\u0142owica cylindra hydraulicznego\"\/><\/p>\n<h2>Zastosowania cylindra wysi\u0119gnika<\/h2>\n<ul>\n<li>\n<h3>Sprz\u0119t budowlany<\/h3>\n<p>W koparkach si\u0142owniki wysi\u0119gnika odgrywaj\u0105 kluczow\u0105 rol\u0119 w kopaniu, \u0142adowaniu i przemieszczaniu gleby lub gruzu. Umo\u017cliwiaj\u0105 one skuteczne zag\u0142\u0119bianie si\u0119 \u0142y\u017cki w grunt, u\u0142atwiaj\u0105c prace ziemne. W koparko-\u0142adowarkach si\u0142owniki te wspomagaj\u0105 zar\u00f3wno kopanie, jak i podnoszenie, zwi\u0119kszaj\u0105c wszechstronno\u015b\u0107 i wydajno\u015b\u0107 na placach budowy.<\/p>\n<\/li>\n<li>\n<h3>Maszyny rolnicze<\/h3>\n<p>W \u0142adowarkach czo\u0142owych si\u0142owniki wysi\u0119gnika odgrywaj\u0105 kluczow\u0105 rol\u0119 w nabieraniu, podnoszeniu i transporcie r\u00f3\u017cnych materia\u0142\u00f3w, takich jak gleba, siano i inne produkty rolne. Ich solidna konstrukcja pozwala na wydajne przenoszenie ci\u0119\u017ckich \u0142adunk\u00f3w, co czyni je niezb\u0119dnymi narz\u0119dziami w pracach rolniczych.<\/p>\n<\/li>\n<li>\n<h3>Koparki<\/h3>\n<p>Si\u0142ownik wysi\u0119gnika umo\u017cliwia \u0142y\u017cce penetracj\u0119 gruntu, umo\u017cliwiaj\u0105c precyzyjne wykonywanie prac ziemnych. Ta funkcja jest kluczowa w r\u00f3\u017cnych projektach wykopaliskowych, zapewniaj\u0105c skuteczne usuwanie gruntu i przygotowanie do budowy.<\/p>\n<\/li>\n<li>\n<h3>\u0141adowarki<\/h3>\n<p>W \u0142adowarkach czo\u0142owych si\u0142owniki te wspomagaj\u0105 podnoszenie i wysypywanie materia\u0142\u00f3w, poprawiaj\u0105c wydajno\u015b\u0107 operacyjn\u0105. Ich niezawodna praca gwarantuje szybkie i precyzyjne przemieszczanie i uk\u0142adanie materia\u0142\u00f3w.<\/p>\n<\/li>\n<\/ul>\n<h2>Zagadnienia projektowe i kryteria wyboru<\/h2>\n<ul>\n<li>\n<h3>No\u015bno\u015b\u0107<\/h3>\n<p>Przy wyborze si\u0142ownika wysi\u0119gnika kluczowe jest zrozumienie jego ud\u017awigu. Si\u0142ownik musi by\u0107 w stanie wytrzyma\u0107 maksymalne obci\u0105\u017cenie, jakiemu b\u0119dzie poddawany podczas pracy, bez uszczerbku dla wydajno\u015bci i bezpiecze\u0144stwa. Prawid\u0142owo dobrany si\u0142ownik zapewnia sprawne przenoszenie du\u017cych ci\u0119\u017car\u00f3w, minimalizuj\u0105c ryzyko awarii.<\/p>\n<\/li>\n<li>\n<h3>Technologia uszczelniania<\/h3>\n<p>Skuteczne uszczelnienie ma kluczowe znaczenie dla sprawno\u015bci operacyjnej si\u0142ownik\u00f3w wysi\u0119gnika. Wysokiej jako\u015bci uszczelki zapobiegaj\u0105 wyciekom p\u0142ynu hydraulicznego, kt\u00f3re mog\u0105 prowadzi\u0107 do obni\u017cenia wydajno\u015bci i zwi\u0119kszonego zu\u017cycia. Dob\u00f3r odpowiednich materia\u0142\u00f3w uszczelniaj\u0105cych, takich jak poliuretan i kauczuk nitrylowy, ma kluczowe znaczenie dla zwi\u0119kszenia trwa\u0142o\u015bci i zachowania funkcjonalno\u015bci pod ci\u015bnieniem.<\/p>\n<\/li>\n<li>\n<h3>Trwa\u0142o\u015b\u0107<\/h3>\n<p>The boom cylinder&#8217;s construction materials and design should focus on durability to withstand harsh operating conditions. A durable cylinder will resist wear and corrosion, ultimately leading to extended service life and reduced maintenance costs. Manufacturers often utilize advanced coatings and treatments to enhance the longevity of hydraulic cylinders.<\/p>\n<\/li>\n<li>\n<h3>Funkcje bezpiecze\u0144stwa<\/h3>\n<p>W\u0142\u0105czenie zabezpiecze\u0144 do konstrukcji si\u0142ownik\u00f3w wysi\u0119gnika jest niezb\u0119dne. Obejmuje to zawory bezpiecze\u0144stwa zapobiegaj\u0105ce przeci\u0105\u017ceniu oraz systemy zapewniaj\u0105ce prawid\u0142owe ustawienie podczas pracy. Bezpiecze\u0144stwo jest kwesti\u0105 priorytetow\u0105, a si\u0142owniki musz\u0105 dzia\u0142a\u0107 niezawodnie, nie stwarzaj\u0105c zagro\u017cenia dla operator\u00f3w ani sprz\u0119tu.<\/p>\n<\/li>\n<li>\n<h3>Dost\u0119pno\u015b\u0107 konserwacyjna<\/h3>\n<p>\u0141atwo\u015b\u0107 konserwacji to kolejny kluczowy aspekt konstrukcyjny. Si\u0142owniki wysi\u0119gnika powinny umo\u017cliwia\u0107 \u0142atwe smarowanie, inspekcje i ewentualne naprawy. Konstrukcje zapewniaj\u0105ce \u0142atwy dost\u0119p do podzespo\u0142\u00f3w mog\u0105 znacznie skr\u00f3ci\u0107 przestoje i zapewni\u0107 sprawne wykonywanie prac konserwacyjnych.<\/p>\n<\/li>\n<\/ul>\n<p><img decoding=\"async\" src=\"https:\/\/www.hydraulic-cylinders.net\/wp-content\/uploads\/2025\/04\/songte-oil-pipes-and-spare-parts.webp\" alt=\"Rury hydrauliczne i cz\u0119\u015bci zamienne\"\/><\/p>\n<h2>Uszczelnianie i smarowanie<\/h2>\n<p>Skuteczne uszczelnienie i smarowanie maj\u0105 kluczowe znaczenie dla optymalnej pracy si\u0142ownik\u00f3w wysi\u0119gnika. R\u00f3\u017cne elementy uszczelniaj\u0105ce, takie jak uszczelnienia t\u0142oka i t\u0142oczyska, s\u0105 stosowane w celu utrzymania integralno\u015bci hydraulicznej. Uszczelnienia wykonane z materia\u0142\u00f3w odpornych na zu\u017cycie, takich jak poliuretan i kauczuk nitrylowy, s\u0105 dobierane ze wzgl\u0119du na ich trwa\u0142o\u015b\u0107 w warunkach waha\u0144 ci\u015bnienia i temperatury.<\/p>\n<p>Korpus cylindra i gwintowane ko\u0144c\u00f3wki s\u0105 precyzyjnie obrobione, aby zwi\u0119kszy\u0107 ich odporno\u015b\u0107 na zu\u017cycie, co przyczynia si\u0119 do trwa\u0142o\u015bci uk\u0142adu hydraulicznego. Regularne smarowanie olejem hydraulicznym jest niezb\u0119dne do zapewnienia p\u0142ynnego dzia\u0142ania cz\u0119\u015bci ruchomych, zapobiegaj\u0105c zu\u017cyciu, kt\u00f3re mog\u0142oby prowadzi\u0107 do awarii cylindra.<\/p>\n<h2>\u015arodki konserwacji zapobiegawczej<\/h2>\n<ul>\n<li>\n<h3>Regularne kontrole<\/h3>\n<p>Nale\u017cy przeprowadza\u0107 regularne kontrole pod k\u0105tem oznak zu\u017cycia, uszkodze\u0144 lub wyciek\u00f3w p\u0142yn\u00f3w. Wczesne wykrycie problem\u00f3w mo\u017ce zapobiec powa\u017cniejszym problemom w przysz\u0142o\u015bci i zapewni\u0107 bezpieczn\u0105 eksploatacj\u0119.<\/p>\n<\/li>\n<li>\n<h3>Odpowiednie smarowanie<\/h3>\n<p>Nale\u017cy upewni\u0107 si\u0119, \u017ce olej hydrauliczny jest uzupe\u0142niany zgodnie z zaleceniami producenta. Odpowiednie smarowanie minimalizuje tarcie i zu\u017cycie, wyd\u0142u\u017caj\u0105c \u017cywotno\u015b\u0107 cylindra.<\/p>\n<\/li>\n<li>\n<h3>Wymiana uszczelki<\/h3>\n<p>Uszczelki nale\u017cy regularnie sprawdza\u0107 i wymienia\u0107 w przypadku zauwa\u017cenia oznak zu\u017cycia. Utrzymanie uszczelek w dobrym stanie jest kluczowe dla zapobiegania wyciekom i utrzymania ci\u015bnienia hydraulicznego.<\/p>\n<\/li>\n<\/ul>\n<h2>Wytyczne dotycz\u0105ce instalacji<\/h2>\n<p>Prawid\u0142owy monta\u017c si\u0142ownika wysi\u0119gnika jest niezb\u0119dny dla optymalnej wydajno\u015bci i bezpiecze\u0144stwa. Przed monta\u017cem nale\u017cy upewni\u0107 si\u0119, \u017ce uk\u0142ad hydrauliczny jest odpowietrzony. Dok\u0142adnie wyr\u00f3wnaj si\u0142ownik ze wspornikami monta\u017cowymi, upewniaj\u0105c si\u0119, \u017ce jest on prosto i pewnie zamocowany. U\u017cycie odpowiednich wspornik\u00f3w monta\u017cowych pomaga ustabilizowa\u0107 si\u0142ownik, zapobiegaj\u0105c jego rozbie\u017cno\u015bciom podczas pracy.<\/p>\n<p>Check that all hydraulic connections are tight and leak-free before pressurizing the system. After installation, perform a thorough inspection to ensure that everything is functioning correctly. Regularly monitor the cylinder&#8217;s performance, looking for any signs of irregularities that might indicate improper installation or wear.<\/p>\n<h2>Zadania konserwacyjne<\/h2>\n<ul>\n<li>\n<h3>Regularne kontrole<\/h3>\n<p>Regularne kontrole si\u0142ownika wysi\u0119gnika s\u0105 kluczowe. Nale\u017cy zwr\u00f3ci\u0107 uwag\u0119 na wszelkie oznaki uszkodze\u0144, zu\u017cycia lub wyciek\u00f3w p\u0142yn\u00f3w. Sprawdzi\u0107 szczelno\u015b\u0107 uszczelek i upewni\u0107 si\u0119, \u017ce nie ma widocznych p\u0119kni\u0119\u0107 ani deformacji. Wczesna identyfikacja potencjalnych problem\u00f3w mo\u017ce zapobiec powa\u017cnym awariom podczas eksploatacji.<\/p>\n<\/li>\n<li>\n<h3>Odpowiednie smarowanie<\/h3>\n<p>Smarowanie jest niezb\u0119dne dla p\u0142ynnej pracy si\u0142ownik\u00f3w wysi\u0119gnika. Nale\u017cy stosowa\u0107 odpowiedni rodzaj oleju hydraulicznego, zgodnie ze specyfikacj\u0105 producenta. Nale\u017cy upewni\u0107 si\u0119, \u017ce olej jest czysty i wolny od zanieczyszcze\u0144, poniewa\u017c zanieczyszczony olej mo\u017ce prowadzi\u0107 do zwi\u0119kszonego zu\u017cycia i potencjalnej awarii si\u0142ownika.<\/p>\n<\/li>\n<li>\n<h3>Wymiana uszczelki<\/h3>\n<p>Uszczelki s\u0105 kluczowe dla zachowania integralno\u015bci uk\u0142adu hydraulicznego i nale\u017cy je wymieni\u0107, gdy wykazuj\u0105 oznaki zu\u017cycia. Regularnie sprawdzaj stan uszczelek, a w przypadku wykrycia nieszczelno\u015bci natychmiast je wymie\u0144, aby zapobiec dalszym uszkodzeniom cylindra i utrzyma\u0107 optymaln\u0105 wydajno\u015b\u0107.<\/p>\n<\/li>\n<\/ul>\n<p><img decoding=\"async\" src=\"https:\/\/www.hydraulic-cylinders.net\/wp-content\/uploads\/2025\/04\/songte-chushion-collar.webp\" alt=\"Ko\u0142nierz poduszkowy\"\/><\/p>\n<h2>Zagadnienia bezpiecze\u0144stwa i czynniki \u015brodowiskowe<\/h2>\n<p>Wdro\u017cenie \u015brodk\u00f3w bezpiecze\u0144stwa podczas obs\u0142ugi si\u0142ownik\u00f3w wysi\u0119gnika jest niezwykle istotne. Operatorzy musz\u0105 by\u0107 przeszkoleni w zakresie bezpiecznej obs\u0142ugi uk\u0142ad\u00f3w hydraulicznych, rozumiej\u0105c zagro\u017cenia zwi\u0105zane z maszynami wysokoci\u015bnieniowymi. Nale\u017cy zawsze stosowa\u0107 sprz\u0119t bezpiecze\u0144stwa i podejmowa\u0107 odpowiednie \u015brodki ostro\u017cno\u015bci, aby unikn\u0105\u0107 wypadk\u00f3w. Ponadto, wzgl\u0119dy \u015brodowiskowe, takie jak radzenie sobie z wyciekami p\u0142ynu hydraulicznego i zapewnienie prawid\u0142owej utylizacji starych uszczelnie\u0144 i \u015brodk\u00f3w smarnych, s\u0105 kluczowe dla minimalizacji wp\u0142ywu operacji hydraulicznych na \u015brodowisko.<\/p>\n<h2>Diagnostyka usterek i typowe problemy<\/h2>\n<ul>\n<li>\n<h3>Wycieki p\u0142yn\u00f3w<\/h3>\n<p>Wycieki p\u0142ynu to cz\u0119sty problem w si\u0142ownikach hydraulicznych, cz\u0119sto spowodowany zu\u017cytymi uszczelkami lub uszkodzonymi przewodami. Regularna kontrola szczelno\u015bci mo\u017ce zapobiec spadkowi ci\u015bnienia hydraulicznego i utrzyma\u0107 wydajno\u015b\u0107 uk\u0142adu. W przypadku wykrycia wycieku nale\u017cy zbada\u0107 jego przyczyn\u0119 i wymieni\u0107 niezb\u0119dne elementy.<\/p>\n<\/li>\n<li>\n<h3>Obni\u017cona wydajno\u015b\u0107<\/h3>\n<p>Je\u015bli si\u0142ownik wysi\u0119gnika wykazuje zmniejszon\u0105 wydajno\u015b\u0107, np. porusza si\u0119 powoli lub nie reaguje, mo\u017ce to oznacza\u0107 niski poziom p\u0142ynu hydraulicznego lub zapowietrzenie uk\u0142adu. Regularnie sprawdzaj poziom p\u0142ynu i odpowietrzaj uk\u0142ad w razie potrzeby, aby utrzyma\u0107 optymaln\u0105 wydajno\u015b\u0107.<\/p>\n<\/li>\n<li>\n<h3>Przegrzanie<\/h3>\n<p>Przegrzanie mo\u017ce wyst\u0105pi\u0107 z powodu nadmiernego obci\u0105\u017cenia lub niedostatecznego smarowania. Monitoruj temperatur\u0119 p\u0142yn\u00f3w hydraulicznych i upewnij si\u0119, \u017ce uk\u0142ad nie jest przeci\u0105\u017cony. Regularne kontrole smarowania pomog\u0105 utrzyma\u0107 odpowiedni\u0105 temperatur\u0119 i wydajno\u015b\u0107 pracy.<\/p>\n<\/li>\n<\/ul>\n<p>Aby skutecznie diagnozowa\u0107 i rozwi\u0105zywa\u0107 problemy, wa\u017cne jest przestrzeganie zalece\u0144 producenta i regularne przeprowadzanie przegl\u0105d\u00f3w konserwacyjnych. Dzia\u0142ania zapobiegawcze mog\u0105 znacznie zmniejszy\u0107 prawdopodobie\u0144stwo wyst\u0105pienia problem\u00f3w, zapewniaj\u0105c niezawodn\u0105 i wydajn\u0105 prac\u0119.<\/p>\n<p><img decoding=\"async\" src=\"https:\/\/www.hydraulic-cylinders.net\/wp-content\/uploads\/2025\/04\/songte-bushings-with-all-kinds-of-excavator-models.webp\" alt=\"Tuleje do modeli koparek\"\/><\/p>\n<h2>O naszej firmie<\/h2>\n<p>Jeste\u015bmy wiod\u0105cym producentem i hurtownikiem cylindr\u00f3w hydraulicznych, zaanga\u017cowanym w dostarczanie wysokiej jako\u015bci produkt\u00f3w zar\u00f3wno na rynek krajowy, jak i mi\u0119dzynarodowy. Nasza zr\u00f3\u017cnicowana oferta produkt\u00f3w ugruntowa\u0142a nasz\u0105 pozycj\u0119 kluczowego gracza w bran\u017cy cylindr\u00f3w hydraulicznych.<\/p>\n<p>Nasze zaanga\u017cowanie w d\u0105\u017cenie do doskona\u0142o\u015bci jest wspierane przez dobrze ustrukturyzowan\u0105 strategi\u0119 zarz\u0105dzania produkcj\u0105 w precyzyjnie dopracowanym warsztacie produkcyjnym. Wykorzystuj\u0105c wykwalifikowany personel techniczny, zaawansowany sprz\u0119t do produkcji cyfrowej oraz profesjonalny system testowania, stale ulepszamy nasz\u0105 platform\u0119 produkcyjn\u0105 i podnosimy jako\u015b\u0107 produkt\u00f3w.<\/p>\n<p>Nasze mo\u017cliwo\u015bci obejmuj\u0105 oferowanie rozwi\u0105za\u0144 dostosowanych do indywidualnych potrzeb klient\u00f3w. Priorytetem jest dla nas profesjonalna obs\u0142uga, mi\u0119dzynarodowe certyfikaty i solidne wsparcie posprzeda\u017cowe, aby zapewni\u0107 satysfakcj\u0119 klienta i budowa\u0107 d\u0142ugoterminowe partnerstwa.<\/p>\n<p><img decoding=\"async\" src=\"https:\/\/www.hydraulic-cylinders.net\/wp-content\/uploads\/2025\/04\/songte-company-4.webp\" alt=\"Przegl\u0105d firmy\"\/><br \/>\n<img decoding=\"async\" src=\"https:\/\/www.hydraulic-cylinders.net\/wp-content\/uploads\/2025\/04\/songte-company-3.webp\" alt=\"Obiekty firmy\"\/><\/p>\n<p>Autor: lyl<\/p>","protected":false},"excerpt":{"rendered":"<p>Boom Cylinder For Atlas 7008LC Understanding the Boom Cylinder The boom cylinder is a critical component found in various heavy machinery, particularly excavators, backhoe loaders, and front-end loaders. It is a type of hydraulic cylinder specifically designed to control the movement of the bucket, allowing operators to lift, lower, and tilt the bucket with precision. [&hellip;]<\/p>","protected":false},"featured_media":17875,"comment_status":"open","ping_status":"closed","template":"","meta":{"_et_pb_use_builder":"","_et_pb_old_content":"","_et_gb_content_width":""},"product_brand":[],"product_cat":[1546],"product_tag":[1547,1496],"class_list":{"0":"post-19642","1":"product","2":"type-product","3":"status-publish","4":"has-post-thumbnail","6":"product_cat-boom-cylinders","7":"product_tag-boom-cylinders","8":"product_tag-hydraulic-cylinders","10":"first","11":"instock","12":"shipping-taxable","13":"product-type-simple"},"amp_enabled":true,"_links":{"self":[{"href":"https:\/\/www.hydraulic-cylinders.net\/pl\/wp-json\/wp\/v2\/product\/19642","targetHints":{"allow":["GET"]}}],"collection":[{"href":"https:\/\/www.hydraulic-cylinders.net\/pl\/wp-json\/wp\/v2\/product"}],"about":[{"href":"https:\/\/www.hydraulic-cylinders.net\/pl\/wp-json\/wp\/v2\/types\/product"}],"replies":[{"embeddable":true,"href":"https:\/\/www.hydraulic-cylinders.net\/pl\/wp-json\/wp\/v2\/comments?post=19642"}],"wp:featuredmedia":[{"embeddable":true,"href":"https:\/\/www.hydraulic-cylinders.net\/pl\/wp-json\/wp\/v2\/media\/17875"}],"wp:attachment":[{"href":"https:\/\/www.hydraulic-cylinders.net\/pl\/wp-json\/wp\/v2\/media?parent=19642"}],"wp:term":[{"taxonomy":"product_brand","embeddable":true,"href":"https:\/\/www.hydraulic-cylinders.net\/pl\/wp-json\/wp\/v2\/product_brand?post=19642"},{"taxonomy":"product_cat","embeddable":true,"href":"https:\/\/www.hydraulic-cylinders.net\/pl\/wp-json\/wp\/v2\/product_cat?post=19642"},{"taxonomy":"product_tag","embeddable":true,"href":"https:\/\/www.hydraulic-cylinders.net\/pl\/wp-json\/wp\/v2\/product_tag?post=19642"}],"curies":[{"name":"wp","href":"https:\/\/api.w.org\/{rel}","templated":true}]}}