{"id":19649,"date":"2025-04-07T06:59:31","date_gmt":"2025-04-07T06:59:31","guid":{"rendered":"https:\/\/www.hydraulic-cylinders.net\/product\/boom-cylinder-for-bonny-ce1000-7\/"},"modified":"2025-04-07T06:59:33","modified_gmt":"2025-04-07T06:59:33","slug":"boom-cylinder-for-bonny-ce1000-7","status":"publish","type":"product","link":"https:\/\/www.hydraulic-cylinders.net\/pl\/produkt\/boom-cylinder-for-bonny-ce1000-7\/","title":{"rendered":"Si\u0142ownik wysi\u0119gnika do Bonny CE1000-7"},"content":{"rendered":"<h1>Si\u0142ownik wysi\u0119gnika do Bonny CE1000-7<\/h1>\n<h2>Zrozumienie cylindra wysi\u0119gnika<\/h2>\n<p>Si\u0142ownik wysi\u0119gnika to kluczowy element hydrauliczny stosowany w r\u00f3\u017cnych maszynach ci\u0119\u017ckich. Zaprojektowany specjalnie do sterowania ruchem \u0142y\u017cki koparki, koparko-\u0142adowarki i \u0142adowarki czo\u0142owej, umo\u017cliwia podnoszenie, opuszczanie i przechylanie \u0142y\u017cki, zwi\u0119kszaj\u0105c wydajno\u015b\u0107 i efektywno\u015b\u0107 prac zwi\u0105zanych z prze\u0142adunkiem materia\u0142\u00f3w.<\/p>\n<p>Jako rodzaj si\u0142ownika hydraulicznego, si\u0142ownik wysi\u0119gnika dzia\u0142a poprzez wykorzystanie ci\u015bnienia p\u0142ynu hydraulicznego do wprawienia w ruch. Ta funkcjonalno\u015b\u0107 jest kluczowa w zastosowaniach budowlanych i rolniczych, gdzie wymagana jest precyzyjna kontrola nad ci\u0119\u017ckimi \u0142adunkami. Uk\u0142ad hydrauliczny wykorzystuje moc mechaniki p\u0142yn\u00f3w, umo\u017cliwiaj\u0105c si\u0142ownikowi wysi\u0119gnika p\u0142ynne wykonywanie zada\u0144, zwi\u0119kszaj\u0105c tym samym wydajno\u015b\u0107.<\/p>\n<p><img decoding=\"async\" src=\"https:\/\/www.hydraulic-cylinders.net\/wp-content\/uploads\/2025\/04\/songte-company-1.webp\" alt=\"Si\u0142ownik wysi\u0119gnika\"><\/p>\n<h2>G\u0142\u00f3wne cechy cylindra wysi\u0119gnika<\/h2>\n<ul>\n<li><strong>Wysoka wytrzyma\u0142o\u015b\u0107 i trwa\u0142o\u015b\u0107:<\/strong> Si\u0142ownik wysi\u0119gnika, zazwyczaj wykonany z wysokowytrzyma\u0142ej stali lub aluminium, wytrzymuje wysokie ci\u015bnienia i du\u017ce obci\u0105\u017cenia. Jego konstrukcja zapewnia odporno\u015b\u0107 na zu\u017cycie i korozj\u0119, wyd\u0142u\u017caj\u0105c jego \u017cywotno\u015b\u0107 nawet w trudnych warunkach pracy.<\/li>\n<li><strong>Wydajna praca uk\u0142adu hydraulicznego:<\/strong> Si\u0142ownik wykorzystuje ci\u015bnienie p\u0142ynu hydraulicznego do p\u0142ynnego wysuwania i wsuwania, szybko reaguje na polecenia operatora i zapewnia du\u017c\u0105 si\u0142\u0119 pchania i ci\u0105gni\u0119cia, odpowiedni\u0105 do obs\u0142ugi ci\u0119\u017ckich i skomplikowanych zada\u0144.<\/li>\n<li><strong>R\u00f3\u017cne typy:<\/strong> Dost\u0119pny w konfiguracji jednostronnego dzia\u0142ania (wykorzystuj\u0105cej ci\u015bnienie hydrauliczne w jednym kierunku) lub dwustronnego dzia\u0142ania (wykorzystuj\u0105cej ci\u015bnienie hydrauliczne w obu kierunkach), si\u0142ownik wysi\u0119gnika mo\u017cna dostosowa\u0107 do r\u00f3\u017cnych potrzeb operacyjnych. Niekt\u00f3re modele s\u0105 teleskopowe, co pozwala na wi\u0119ksze wysuni\u0119cie bez zwi\u0119kszania wymiar\u00f3w zewn\u0119trznych, co jest idealne w zastosowaniach o ograniczonej przestrzeni.<\/li>\n<li><strong>Produkcja niestandardowa:<\/strong> Jeste\u015bmy w stanie wyprodukowa\u0107 ten produkt, dzi\u0119ki czemu nasze cylindry stan\u0105 si\u0119 idealnym zamiennikiem dla Twoich potrzeb hydraulicznych.<\/li>\n<li><strong>Szeroki zakres zastosowa\u0144:<\/strong> Taka wszechstronno\u015b\u0107 sprawia, \u017ce \u200b\u200bsi\u0142ownik wysi\u0119gnika nadaje si\u0119 do stosowania z ci\u0119\u017ckim sprz\u0119tem i w r\u00f3\u017cnych sytuacjach operacyjnych.<\/li>\n<\/ul>\n<p><img decoding=\"async\" src=\"https:\/\/www.hydraulic-cylinders.net\/wp-content\/uploads\/2025\/04\/songte-cylinder-head-with-all-kinds-excavator-models.webp\" alt=\"Modele koparek\"><\/p>\n<h2>Zastosowania cylindra wysi\u0119gnika<\/h2>\n<h3>Sprz\u0119t budowlany<\/h3>\n<p>Si\u0142ownik wysi\u0119gnika jest powszechnie stosowany w koparkach, gdzie odgrywa kluczow\u0105 rol\u0119 w kopaniu, za\u0142adunku i przemieszczaniu gleby lub gruzu. Jego precyzyjne sterowanie pozwala operatorom wykonywa\u0107 precyzyjne ruchy, u\u0142atwiaj\u0105c wykonywanie r\u00f3\u017cnorodnych zada\u0144 budowlanych. W koparko-\u0142adowarkach si\u0142ownik wysi\u0119gnika nie tylko wspomaga kopanie, ale tak\u017ce podnoszenie materia\u0142\u00f3w, co czyni go niezb\u0119dnym elementem tych maszyn.<\/p>\n<h3>Maszyny rolnicze<\/h3>\n<p>W \u0142adowarkach czo\u0142owych si\u0142owniki wysi\u0119gnika s\u0142u\u017c\u0105 do nabierania, podnoszenia i transportu gleby, siana i innych materia\u0142\u00f3w. Ich solidna konstrukcja gwarantuje, \u017ce poradz\u0105 sobie z trudnymi zadaniami rolniczymi, zwi\u0119kszaj\u0105c wydajno\u015b\u0107 i produktywno\u015b\u0107 w pracach rolniczych.<\/p>\n<h3>Koparki<\/h3>\n<p>Si\u0142ownik wysi\u0119gnika umo\u017cliwia wydajn\u0105 penetracj\u0119 gruntu przez \u0142y\u017ck\u0119, u\u0142atwiaj\u0105c kopanie. Ta funkcjonalno\u015b\u0107 jest kluczowa w projektach budowlanych, ogrodniczych i wykopaliskowych, gdzie wymagana jest precyzja ruch\u00f3w ziemi.<\/p>\n<h3>\u0141adowarki<\/h3>\n<p>W \u0142adowarkach czo\u0142owych si\u0142owniki wysi\u0119gnika wspomagaj\u0105 efektywne podnoszenie i przechylanie \u0142adunk\u00f3w. Ta funkcja jest niezb\u0119dna do transportu materia\u0142\u00f3w na placach budowy, zapewniaj\u0105c szybkie i bezpieczne wykonywanie zada\u0144.<\/p>\n<h2>Zagadnienia projektowe i kryteria wyboru<\/h2>\n<h3>No\u015bno\u015b\u0107<\/h3>\n<p>Ud\u017awig si\u0142ownika wysi\u0119gnika jest kluczowym parametrem, decyduj\u0105cym o tym, ile ci\u0119\u017caru si\u0142ownik mo\u017ce bezpiecznie podnie\u015b\u0107 i manewrowa\u0107. Prawid\u0142owa ocena ud\u017awigu gwarantuje, \u017ce si\u0142ownik poradzi sobie z okre\u015blonymi zadaniami bez ryzyka awarii lub uszkodzenia.<\/p>\n<h3>Integralno\u015b\u0107 uszczelnienia<\/h3>\n<p>Skuteczne uszczelnienie ma kluczowe znaczenie dla wydajno\u015bci i trwa\u0142o\u015bci si\u0142ownika wysi\u0119gnika. Wysokiej jako\u015bci uszczelnienia zapobiegaj\u0105 wyciekom p\u0142ynu hydraulicznego, zapewniaj\u0105c optymaln\u0105 prac\u0119 i zmniejszaj\u0105c ryzyko zanieczyszczenia \u015brodowiska. Nale\u017cy dobra\u0107 odpowiednie materia\u0142y i technologie uszczelniaj\u0105ce do warunk\u00f3w pracy.<\/p>\n<h3>Trwa\u0142o\u015b\u0107<\/h3>\n<p>Trwa\u0142o\u015b\u0107 to zdolno\u015b\u0107 si\u0142ownika wysi\u0119gnika do wytrzymywania zu\u017cycia i uszkodze\u0144 w miar\u0119 up\u0142ywu czasu. Obejmuje to odporno\u015b\u0107 na \u015bcieranie, korozj\u0119 i zm\u0119czenie. Wyb\u00f3r materia\u0142\u00f3w i wyko\u0144cze\u0144 zwi\u0119kszaj\u0105cych trwa\u0142o\u015b\u0107 zapewni niezawodn\u0105 prac\u0119 si\u0142ownika hydraulicznego w wymagaj\u0105cych warunkach.<\/p>\n<h3>Funkcje bezpiecze\u0144stwa<\/h3>\n<p>Bezpiecze\u0144stwo jest priorytetem przy projektowaniu si\u0142ownik\u00f3w hydraulicznych. Zastosowanie takich funkcji, jak zabezpieczenie przed przeci\u0105\u017ceniem i zawory bezpiecze\u0144stwa, mo\u017ce zapobiec wypadkom i awariom sprz\u0119tu, zapewniaj\u0105c bezpiecze\u0144stwo zar\u00f3wno operatorom, jak i maszynom. Zrozumienie wymog\u00f3w i przepis\u00f3w bezpiecze\u0144stwa ma kluczowe znaczenie dla zgodno\u015bci projektu z przepisami.<\/p>\n<h3>Zagadnienia konserwacyjne<\/h3>\n<p>Projektowanie pod k\u0105tem konserwacji oznacza uwzgl\u0119dnienie \u0142atwo\u015bci serwisowania i naprawy si\u0142ownika wysi\u0119gnika. Takie rozwi\u0105zania, jak \u0142atwo dost\u0119pne uszczelki, wymienne podzespo\u0142y i przejrzyste wytyczne dotycz\u0105ce konserwacji, przyczyniaj\u0105 si\u0119 do efektywnego utrzymania, minimalizuj\u0105c przestoje i koszty operacyjne.<\/p>\n<p><img decoding=\"async\" src=\"https:\/\/www.hydraulic-cylinders.net\/wp-content\/uploads\/2025\/04\/songte-oil-pipes-and-spare-parts.webp\" alt=\"Rury olejowe i cz\u0119\u015bci zamienne\"><\/p>\n<h2>Uszczelnianie i smarowanie<\/h2>\n<p>Skuteczne uszczelnienie i smarowanie s\u0105 niezb\u0119dne dla optymalnej pracy si\u0142ownika wysi\u0119gnika. R\u00f3\u017cne uszczelnienia, takie jak uszczelnienia t\u0142oka i t\u0142oczyska, odgrywaj\u0105 kluczow\u0105 rol\u0119 w utrzymaniu ci\u015bnienia hydraulicznego i zapobieganiu wyciekom. Uszczelnienia wykonane z trwa\u0142ych materia\u0142\u00f3w, takich jak poliuretan i kauczuk nitrylowy, zwi\u0119kszaj\u0105 odporno\u015b\u0107 na zu\u017cycie.<\/p>\n<p>Powierzchnie korpusu cylindra i gwintowanych ko\u0144c\u00f3wek s\u0105 precyzyjnie obrabiane, aby zwi\u0119kszy\u0107 ich odporno\u015b\u0107 na zu\u017cycie. Dodatkowo, niezb\u0119dne jest regularne wtryskiwanie odpowiedniego oleju hydraulicznego w celu smarowania, co zapewnia p\u0142ynn\u0105 prac\u0119 wszystkich ruchomych cz\u0119\u015bci i zmniejsza tarcie.<\/p>\n<h2>Regularne kontrole i konserwacja zapobiegawcza<\/h2>\n<ul>\n<li><strong>Rutynowe kontrole:<\/strong> Regularnie sprawdzaj si\u0142ownik wysi\u0119gnika pod k\u0105tem oznak zu\u017cycia, wyciek\u00f3w lub uszkodze\u0144. Wczesne wykrycie problem\u00f3w mo\u017ce zapobiec powa\u017cniejszym awariom i kosztownym naprawom.<\/li>\n<li><strong>W\u0142a\u015bciwe smarowanie:<\/strong> Upewnij si\u0119, \u017ce poziom oleju hydraulicznego jest prawid\u0142owy, a smarowanie odbywa si\u0119 zgodnie z zaleceniami producenta. Poprawi to wydajno\u015b\u0107 i wyd\u0142u\u017cy \u017cywotno\u015b\u0107 cylindra hydraulicznego.<\/li>\n<li><strong>Wymiana uszczelki:<\/strong> Uszczelki nale\u017cy wymienia\u0107 w ramach regularnych przegl\u0105d\u00f3w, aby zapobiec wyciekom i utrzyma\u0107 wydajno\u015b\u0107 uk\u0142adu. Prawid\u0142owy dob\u00f3r uszczelek zamiennych ma kluczowe znaczenie dla zachowania integralno\u015bci uk\u0142adu hydraulicznego.<\/li>\n<\/ul>\n<h2>Wytyczne dotycz\u0105ce instalacji<\/h2>\n<p>Podczas monta\u017cu si\u0142ownika wysi\u0119gnika nale\u017cy bezwzgl\u0119dnie przestrzega\u0107 poni\u017cszych wskaz\u00f3wek, aby zapewni\u0107 jego prawid\u0142owe dzia\u0142anie i d\u0142ug\u0105 \u017cywotno\u015b\u0107:<\/p>\n<ul>\n<li><strong>Wyr\u00f3wnanie:<\/strong> Prawid\u0142owo ustaw cylinder wzgl\u0119dem punkt\u00f3w mocowania, aby unikn\u0105\u0107 napr\u0119\u017ce\u0144 i problem\u00f3w z niewsp\u00f3\u0142osiowo\u015bci\u0105 podczas pracy. W razie potrzeby u\u017cyj podk\u0142adek lub dystans\u00f3w, aby uzyska\u0107 prawid\u0142owe ustawienie.<\/li>\n<li><strong>Bezpieczne mocowanie:<\/strong> U\u017cyj odpowiednich wspornik\u00f3w monta\u017cowych i element\u00f3w mocuj\u0105cych, aby zabezpieczy\u0107 cylinder na miejscu. Upewnij si\u0119, \u017ce wszystkie elementy mocuj\u0105ce s\u0105 dokr\u0119cone zgodnie ze specyfikacj\u0105 producenta, aby zapobiec ich przemieszczaniu si\u0119 podczas pracy.<\/li>\n<li><strong>Po\u0142\u0105czenia hydrauliczne:<\/strong> Ostro\u017cnie pod\u0142\u0105cz przewody hydrauliczne, aby unikn\u0105\u0107 wyciek\u00f3w. Upewnij si\u0119, \u017ce wszystkie z\u0142\u0105cza s\u0105 uszczelnione i dokr\u0119cone zgodnie ze specyfikacj\u0105 producenta, aby zachowa\u0107 integralno\u015b\u0107 uk\u0142adu.<\/li>\n<li><strong>Testowanie:<\/strong> Po monta\u017cu nale\u017cy przeprowadzi\u0107 dok\u0142adny test uk\u0142adu hydraulicznego, aby upewni\u0107 si\u0119, \u017ce dzia\u0142a prawid\u0142owo. Nale\u017cy monitorowa\u0107 uk\u0142ad pod k\u0105tem wyciek\u00f3w, nietypowych d\u017awi\u0119k\u00f3w i problem\u00f3w z wydajno\u015bci\u0105.<\/li>\n<\/ul>\n<p><img decoding=\"async\" src=\"https:\/\/www.hydraulic-cylinders.net\/wp-content\/uploads\/2025\/04\/songte-chushion-collar.webp\" alt=\"Ko\u0142nierz poduszkowy\"><\/p>\n<h2>Zagadnienia bezpiecze\u0144stwa i czynniki \u015brodowiskowe<\/h2>\n<p>Podczas u\u017cytkowania si\u0142ownik\u00f3w hydraulicznych priorytetem jest zapewnienie bezpiecze\u0144stwa. Operatorzy powinni by\u0107 przeszkoleni w zakresie dzia\u0142ania uk\u0142ad\u00f3w hydraulicznych oraz znaczenia przestrzegania protoko\u0142\u00f3w bezpiecze\u0144stwa podczas obs\u0142ugi i konserwacji. Regularne audyty bezpiecze\u0144stwa i szkolenia mog\u0105 ograniczy\u0107 ryzyko zwi\u0105zane z urz\u0105dzeniami hydraulicznymi.<\/p>\n<h2>Rozwi\u0105zywanie problem\u00f3w i typowe problemy<\/h2>\n<ul>\n<li><strong>Przeciek:<\/strong> Najcz\u0119stsz\u0105 przyczyn\u0105 s\u0105 zu\u017cyte uszczelki lub lu\u017ane po\u0142\u0105czenia. Sprawd\u017a wszystkie po\u0142\u0105czenia hydrauliczne i uszczelki pod k\u0105tem uszkodze\u0144 i w razie potrzeby napraw lub wymie\u0144.<\/li>\n<li><strong>Powolna praca:<\/strong> Mo\u017ce to wskazywa\u0107 na niski poziom p\u0142ynu hydraulicznego lub obecno\u015b\u0107 powietrza w uk\u0142adzie. Sprawd\u017a poziom p\u0142ynu i odpowietrz uk\u0142ad, aby usun\u0105\u0107 uwi\u0119zione powietrze.<\/li>\n<li><strong>Nadmierny ha\u0142as:<\/strong> Cz\u0119sto jest to oznaka zu\u017cycia wewn\u0119trznego lub kawitacji. Sprawd\u017a cylinder i uk\u0142ad hydrauliczny pod k\u0105tem potencjalnych usterek i niezw\u0142ocznie je usu\u0144.<\/li>\n<\/ul>\n<p>Dzi\u0119ki zrozumieniu tych typowych problem\u00f3w operatorzy mog\u0105 skutecznie diagnozowa\u0107 i rozwi\u0105zywa\u0107 problemy, zapewniaj\u0105c sta\u0142\u0105 wydajno\u015b\u0107.<\/p>\n<p><img decoding=\"async\" src=\"https:\/\/www.hydraulic-cylinders.net\/wp-content\/uploads\/2025\/04\/songte-bushings-with-all-kinds-of-excavator-models.webp\" alt=\"Tuleje z modelami koparek\"><\/p>\n<h2>Wniosek<\/h2>\n<p>Jeste\u015bmy wiod\u0105cym producentem zamiennych cylindr\u00f3w hydraulicznych, oferuj\u0105cym szerok\u0105 gam\u0119 produkt\u00f3w, zar\u00f3wno na rynku krajowym, jak i mi\u0119dzynarodowym. Nasze zaanga\u017cowanie w d\u0105\u017cenie do doskona\u0142o\u015bci i skrupulatne strategie zarz\u0105dzania produkcj\u0105 pozycjonuj\u0105 nas jako czo\u0142owego producenta i hurtowego dystrybutora cylindr\u00f3w hydraulicznych.<\/p>\n<p>Stawiamy na jako\u015b\u0107, wykorzystuj\u0105c zaawansowane zak\u0142ady produkcyjne i procesy, wykorzystuj\u0105c wykwalifikowan\u0105 kadr\u0119 i najnowocze\u015bniejszy sprz\u0119t cyfrowy. Nasze skupienie na zapewnieniu jako\u015bci, w po\u0142\u0105czeniu z umiej\u0119tno\u015bci\u0105 dostosowywania rozwi\u0105za\u0144, gwarantuje, \u017ce skutecznie zaspokajamy zr\u00f3\u017cnicowane potrzeby klient\u00f3w.<\/p>\n<p><img decoding=\"async\" src=\"https:\/\/www.hydraulic-cylinders.net\/wp-content\/uploads\/2025\/04\/songte-company-4.webp\" alt=\"Przegl\u0105d firmy\"><br \/>\n<img decoding=\"async\" src=\"https:\/\/www.hydraulic-cylinders.net\/wp-content\/uploads\/2025\/04\/songte-company-3.webp\" alt=\"Zak\u0142ad produkcyjny\"><\/p>\n<p>Autor: lyl<\/p>","protected":false},"excerpt":{"rendered":"<p>Boom Cylinder For Bonny CE1000-7 Understanding the Boom Cylinder The boom cylinder is a vital hydraulic component used in various heavy machinery. Specifically designed for controlling the movement of the bucket in excavators, backhoes, and front loaders, it allows the bucket to lift, lower, and tilt, making material handling tasks efficient and effective. As a [&hellip;]<\/p>","protected":false},"featured_media":17867,"comment_status":"open","ping_status":"closed","template":"","meta":{"_et_pb_use_builder":"","_et_pb_old_content":"","_et_gb_content_width":""},"product_brand":[],"product_cat":[1546],"product_tag":[1547,1496],"class_list":{"0":"post-19649","1":"product","2":"type-product","3":"status-publish","4":"has-post-thumbnail","6":"product_cat-boom-cylinders","7":"product_tag-boom-cylinders","8":"product_tag-hydraulic-cylinders","10":"first","11":"instock","12":"shipping-taxable","13":"product-type-simple"},"amp_enabled":true,"_links":{"self":[{"href":"https:\/\/www.hydraulic-cylinders.net\/pl\/wp-json\/wp\/v2\/product\/19649","targetHints":{"allow":["GET"]}}],"collection":[{"href":"https:\/\/www.hydraulic-cylinders.net\/pl\/wp-json\/wp\/v2\/product"}],"about":[{"href":"https:\/\/www.hydraulic-cylinders.net\/pl\/wp-json\/wp\/v2\/types\/product"}],"replies":[{"embeddable":true,"href":"https:\/\/www.hydraulic-cylinders.net\/pl\/wp-json\/wp\/v2\/comments?post=19649"}],"wp:featuredmedia":[{"embeddable":true,"href":"https:\/\/www.hydraulic-cylinders.net\/pl\/wp-json\/wp\/v2\/media\/17867"}],"wp:attachment":[{"href":"https:\/\/www.hydraulic-cylinders.net\/pl\/wp-json\/wp\/v2\/media?parent=19649"}],"wp:term":[{"taxonomy":"product_brand","embeddable":true,"href":"https:\/\/www.hydraulic-cylinders.net\/pl\/wp-json\/wp\/v2\/product_brand?post=19649"},{"taxonomy":"product_cat","embeddable":true,"href":"https:\/\/www.hydraulic-cylinders.net\/pl\/wp-json\/wp\/v2\/product_cat?post=19649"},{"taxonomy":"product_tag","embeddable":true,"href":"https:\/\/www.hydraulic-cylinders.net\/pl\/wp-json\/wp\/v2\/product_tag?post=19649"}],"curies":[{"name":"wp","href":"https:\/\/api.w.org\/{rel}","templated":true}]}}