{"id":1965,"date":"2023-10-23T07:41:13","date_gmt":"2023-10-23T07:41:13","guid":{"rendered":"https:\/\/hydraulic-cylinders.net\/?post_type=product&#038;p=1965"},"modified":"2023-10-23T07:58:39","modified_gmt":"2023-10-23T07:58:39","slug":"v80m-series-axial-piston-variable-displacement-hydraulic-pump","status":"publish","type":"product","link":"https:\/\/www.hydraulic-cylinders.net\/pl\/produkt\/v80m-series-axial-piston-variable-displacement-hydraulic-pump\/","title":{"rendered":"Pompa hydrauliczna o zmiennym wydatku, t\u0142okowa osiowa serii V80M"},"content":{"rendered":"<h1 style=\"text-align: center;\"><strong>Pompa hydrauliczna o zmiennym wydatku, t\u0142okowa osiowa serii V80M<\/strong><\/h1>\n<p><img loading=\"lazy\" decoding=\"async\" class=\"aligncenter wp-image-1979\" src=\"https:\/\/hydraulic-cylinders.net\/wp-content\/uploads\/2023\/10\/v80m-series-axial-piston-variable-displacement-pump-1-300x300.webp\" alt=\"\" width=\"400\" height=\"400\" \/><\/p>\n<p>Pompa hydrauliczna z t\u0142okiem osiowym i zmienn\u0105 wydajno\u015bci\u0105 serii V80M to nowatorskie rozwi\u0105zanie zaprojektowane z my\u015bl\u0105 o zrewolucjonizowaniu wydajno\u015bci i efektywno\u015bci uk\u0142ad\u00f3w hydraulicznych. Dzi\u0119ki zaawansowanym funkcjom, precyzyjnemu sterowaniu i solidnej konstrukcji, ta pompa hydrauliczna wyznacza nowy standard w bran\u017cy.<\/p>\n<p>Pompa hydrauliczna z t\u0142okiem osiowym o zmiennej wydajno\u015bci serii V80M to prze\u0142om w uk\u0142adach hydraulicznych. Jej zmienna wydajno\u015b\u0107, wysoka wydajno\u015b\u0107 i uniwersalna konstrukcja zapewniaj\u0105 precyzyjn\u0105 kontrol\u0119, zwi\u0119kszon\u0105 sprawno\u015b\u0107 i wyj\u0105tkow\u0105 moc. Dzi\u0119ki przestrzeganiu zalecanych metod u\u017cytkowania i regularnej konserwacji, pompa serii V80M b\u0119dzie nadal zapewnia\u0107 wyj\u0105tkow\u0105 wydajno\u015b\u0107, sprawno\u015b\u0107 i niezawodno\u015b\u0107. Wykorzystaj moc i wydajno\u015b\u0107 pompy hydraulicznej z t\u0142okiem osiowym o zmiennej wydajno\u015bci serii V80M, aby w pe\u0142ni wykorzysta\u0107 potencja\u0142 swojego uk\u0142adu hydraulicznego.<\/p>\n<p>Pompa hydrauliczna o zmiennym wydatku t\u0142okowa osiowa serii V80MG\u0142\u00f3wne cechy:<\/p>\n<ul>\n<li>Mo\u017cliwo\u015b\u0107 zmiennej wydajno\u015bci: Pompa serii V80M wykorzystuje najnowocze\u015bniejsz\u0105 technologi\u0119 zmiennej wydajno\u015bci, kt\u00f3ra umo\u017cliwia regulacj\u0119 wydajno\u015bci pompy w zale\u017cno\u015bci od zapotrzebowania systemu. Funkcja ta zapewnia optymalne wykorzystanie energii, zwi\u0119kszaj\u0105c wydajno\u015b\u0107 i zmniejszaj\u0105c zu\u017cycie energii.<\/li>\n<li>Wysoka wydajno\u015b\u0107 i moc: Dzi\u0119ki wyj\u0105tkowej konstrukcji i in\u017cynierii, pompa serii V80M zapewnia wyj\u0105tkow\u0105 wydajno\u015b\u0107 i moc. P\u0142ynnie pracuje przy r\u00f3\u017cnych ci\u015bnieniach i pr\u0119dko\u015bciach, zapewniaj\u0105c precyzyjn\u0105 kontrol\u0119 i wydajne dostarczanie mocy, co przek\u0142ada si\u0119 na doskona\u0142\u0105 wydajno\u015b\u0107 systemu.<\/li>\n<li>Wszechstronna konstrukcja do r\u00f3\u017cnorodnych zastosowa\u0144: Pompa serii V80M zosta\u0142a zaprojektowana z my\u015bl\u0105 o dostosowaniu do r\u00f3\u017cnych uk\u0142ad\u00f3w hydraulicznych i zastosowa\u0144. Oferuje wszechstronno\u015b\u0107 w zakresie opcji monta\u017cu, kompatybilno\u015bci z p\u0142ynami i metod sterowania, dzi\u0119ki czemu nadaje si\u0119 do r\u00f3\u017cnych ga\u0142\u0119zi przemys\u0142u i maszyn.<\/li>\n<li>Zwi\u0119kszona wydajno\u015b\u0107 przy ka\u017cdym obci\u0105\u017ceniu: Funkcja zmiennej wydajno\u015bci pompy serii V80M zapewnia wydajno\u015b\u0107 w szerokim zakresie obci\u0105\u017ce\u0144. Minimalizuje straty energii i wydajno\u015b\u0107, nawet w zmiennych warunkach pracy, automatycznie dostosowuj\u0105c moc wyj\u015bciow\u0105 do wymaga\u0144 systemu.<\/li>\n<\/ul>\n<h2><strong>Parametry pompy hydraulicznej o zmiennym wydatku t\u0142okowym osiowym serii V80M:<\/strong><\/h2>\n<table class=\"table table-bordered table-hover table-colored\">\n<tbody>\n<tr class=\"firstRow\">\n<td colspan=\"1\" rowspan=\"2\" align=\"center\" valign=\"middle\">Rozmiar<\/td>\n<td rowspan=\"2\" align=\"center\" valign=\"middle\">Pojemno\u015b\u0107 skokowa cm3\/obr.<\/td>\n<td colspan=\"2\" rowspan=\"1\" align=\"center\" valign=\"middle\">Pr\u0119t ci\u015bnieniowy<\/td>\n<td colspan=\"2\" rowspan=\"1\" align=\"center\" valign=\"middle\">Pr\u0119dko\u015b\u0107 obrotowa obr.\/min<\/td>\n<\/tr>\n<tr>\n<td align=\"center\" valign=\"middle\">Oceniony<\/td>\n<td align=\"center\" valign=\"middle\">Szczyt<\/td>\n<td align=\"center\" valign=\"middle\">Max do samozasysania<sup>*1<\/sup><\/td>\n<td align=\"center\" valign=\"middle\">Maksym<sup>*2<\/sup><\/td>\n<\/tr>\n<tr>\n<td align=\"center\" valign=\"middle\">V80ML200<\/td>\n<td align=\"center\" valign=\"middle\">202<\/td>\n<td align=\"center\" valign=\"middle\">400<\/td>\n<td align=\"center\" valign=\"middle\">450<\/td>\n<td align=\"center\" valign=\"middle\">2150<\/td>\n<td align=\"center\" valign=\"middle\">2550<\/td>\n<\/tr>\n<\/tbody>\n<\/table>\n<h2><strong>Zalety pompy hydraulicznej o zmiennym wydatku t\u0142oczkowo-osiowym serii V80M:<\/strong><\/h2>\n<p>\u2022 Stosowany w uk\u0142adach hydraulicznych o obiegu otwartym<br \/>\n\u2022 Zasysanie oleju dost\u0119pne w trybie boost<br \/>\n\u2022 Wysoka pr\u0119dko\u015b\u0107 obrotowa<br \/>\n\u2022 Wysokie ci\u015bnienie nominalne<br \/>\n\u2022 Kompaktowa konstrukcja, \u0142atwa instalacja<br \/>\n\u2022 Zapewnij odpowiedni moment obrotowy dla pompy tylnej, gdy wymagane jest zastosowanie pompy tandemowej<\/p>\n<h2><strong>Pompa hydrauliczna o zmiennym wydatku, t\u0142okowa osiowa serii V80M <\/strong><strong>Aplikacja:<\/strong><\/h2>\n<p><img loading=\"lazy\" decoding=\"async\" class=\"alignnone wp-image-1985 size-large\" src=\"https:\/\/hydraulic-cylinders.net\/wp-content\/uploads\/2023\/10\/v80m-series-axial-piston-variable-displacement-pump-2-1024x346.webp\" alt=\"\" width=\"1024\" height=\"346\" srcset=\"https:\/\/hydraulic-cylinders.net\/wp-content\/uploads\/2023\/10\/v80m-series-axial-piston-variable-displacement-pump-2-1024x346.webp 1024w, https:\/\/hydraulic-cylinders.net\/wp-content\/uploads\/2023\/10\/v80m-series-axial-piston-variable-displacement-pump-2-980x331.webp 980w, https:\/\/hydraulic-cylinders.net\/wp-content\/uploads\/2023\/10\/v80m-series-axial-piston-variable-displacement-pump-2-480x162.webp 480w\" sizes=\"(min-width: 0px) and (max-width: 480px) 480px, (min-width: 481px) and (max-width: 980px) 980px, (min-width: 981px) 1024px, 100vw\" \/><\/p>\n<h2><strong>Metoda u\u017cytkowania pompy hydraulicznej o zmiennym wydatku t\u0142okowym osiowym serii V80M<\/strong><strong>:<\/strong><\/h2>\n<ul>\n<li><strong>Instalacja i integracja:<\/strong> Wybierz odpowiednie miejsce w uk\u0142adzie hydraulicznym do monta\u017cu pompy hydraulicznej z t\u0142okiem osiowym o zmiennym wydatku serii V80M. Upewnij si\u0119, \u017ce pompa jest prawid\u0142owo ustawiona i bezpiecznie zamontuj j\u0105 za pomoc\u0105 odpowiednich wspornik\u00f3w lub akcesori\u00f3w. Pod\u0142\u0105cz pomp\u0119 do uk\u0142adu hydraulicznego za pomoc\u0105 kompatybilnych z\u0142\u0105czek i przewod\u00f3w, zapewniaj\u0105c szczelno\u015b\u0107 po\u0142\u0105cze\u0144.<\/li>\n<li><strong>Zgodno\u015b\u0107 z p\u0142ynami:<\/strong> Sprawd\u017a, czy p\u0142yn hydrauliczny u\u017cywany w uk\u0142adzie jest kompatybilny z pomp\u0105 serii V80M. Zapoznaj si\u0119 z zaleceniami producenta dotycz\u0105cymi rodzaju, lepko\u015bci i zakresu temperatur p\u0142ynu. Regularnie monitoruj i konserwuj p\u0142yn hydrauliczny, aby zapewni\u0107 optymaln\u0105 prac\u0119 pompy i jej d\u0142ug\u0105 \u017cywotno\u015b\u0107.<\/li>\n<li><strong>Kontrola i regulacja:<\/strong> Zapoznaj si\u0119 z opcjami sterowania oferowanymi przez pomp\u0119 serii V80M. W zale\u017cno\u015bci od modelu, pompa mo\u017ce oferowa\u0107 r\u00f3\u017cne metody sterowania, takie jak sterowanie r\u0119czne, proporcjonalne lub elektroniczne. Zapoznaj si\u0119 z zalecanymi ustawieniami sterowania i dostosuj je odpowiednio, aby zoptymalizowa\u0107 wydajno\u015b\u0107 pompy.<\/li>\n<li><strong>Optymalizacja systemu:<\/strong> Pompa serii V80M umo\u017cliwia optymalizacj\u0119 systemu poprzez dostosowanie wydajno\u015bci pompy do wymaga\u0144 obci\u0105\u017cenia. Wykorzystaj t\u0119 funkcj\u0119, aby zmaksymalizowa\u0107 efektywno\u015b\u0107 energetyczn\u0105 i og\u00f3ln\u0105 wydajno\u015b\u0107 systemu.<\/li>\n<\/ul>\n<h2><strong>Jak naprawi\u0107 cylinder hydrauliczny?<\/strong><\/h2>\n<p>Naprawa si\u0142ownika hydraulicznego wymaga starannej oceny, identyfikacji problemu i podj\u0119cia odpowiednich krok\u00f3w. Oto og\u00f3lny przewodnik, kt\u00f3ry pomo\u017ce Ci naprawi\u0107 si\u0142ownik hydrauliczny:<\/p>\n<ol>\n<li><strong>Bezpiecze\u0144stwo przede wszystkim:<\/strong> Przed rozpocz\u0119ciem jakichkolwiek prac naprawczych nale\u017cy upewni\u0107 si\u0119, \u017ce uk\u0142ad hydrauliczny jest rozhermetyzowany, a p\u0142yn hydrauliczny ca\u0142kowicie spuszczony. Nale\u017cy nosi\u0107 odpowiedni sprz\u0119t ochrony osobistej (PPE), taki jak r\u0119kawice i okulary ochronne, aby chroni\u0107 si\u0119 przed zagro\u017ceniami.<\/li>\n<li><strong>Zidentyfikuj problem:<\/strong> Dok\u0142adnie sprawd\u017a si\u0142ownik hydrauliczny, aby zidentyfikowa\u0107 konkretny problem lub uszkodzenie. Typowe problemy to nieszczelne uszczelki, uszkodzone t\u0142oczyska, zu\u017cyte \u0142o\u017cyska lub zadrapania na otworze cylindra. Zrozumienie problemu pomo\u017ce Ci okre\u015bli\u0107 niezb\u0119dne kroki naprawcze.<\/li>\n<li><strong>Zbierz narz\u0119dzia i cz\u0119\u015bci zamienne:<\/strong> Zbierz niezb\u0119dne narz\u0119dzia i cz\u0119\u015bci zamienne w zale\u017cno\u015bci od zidentyfikowanego problemu. Mog\u0105 to by\u0107 klucze, nasadki, szczypce, zestaw uszczelek, nowe \u0142o\u017cyska, honownica i mikrometr. Upewnij si\u0119, \u017ce posiadasz odpowiednie cz\u0119\u015bci, zgodne ze specyfikacj\u0105 Twojego si\u0142ownika hydraulicznego.<\/li>\n<li><strong>Demonta\u017c cylindra:<\/strong> Wykonaj kroki opisane w poprzedniej odpowiedzi dotycz\u0105cej demonta\u017cu cylindra hydraulicznego. Ostro\u017cnie zdejmij za\u015blepki, t\u0142ok, zesp\u00f3\u0142 t\u0142oczyska i wszelkie inne elementy, aby uzyska\u0107 dost\u0119p do uszkodzonych lub wadliwych cz\u0119\u015bci.<\/li>\n<li><strong>Wymie\u0144 uszczelki i \u0142o\u017cyska:<\/strong> Je\u015bli problemem s\u0105 nieszczelno\u015bci lub zu\u017cyte \u0142o\u017cyska, ostro\u017cnie wyjmij stare uszczelki i \u0142o\u017cyska z ich odpowiednich miejsc. Dok\u0142adnie oczy\u015b\u0107 rowki uszczelek i \u0142o\u017cysk, aby usun\u0105\u0107 wszelkie zanieczyszczenia i nagromadzenia. Zamontuj nowe uszczelki i \u0142o\u017cyska zgodnie z instrukcjami producenta, dbaj\u0105c o prawid\u0142owe ustawienie i smarowanie. U\u017cyj odpowiednich narz\u0119dzi, aby wcisn\u0105\u0107 uszczelki i \u0142o\u017cyska na miejsce.<\/li>\n<li><strong>Naprawa uszkodzonego korbowodu lub otworu cylindra:<\/strong> Je\u015bli t\u0142oczysko lub otw\u00f3r cylindra s\u0105 uszkodzone, mog\u0105 wymaga\u0107 naprawy lub wymiany. Drobne rysy lub zadrapania na t\u0142oczysku mo\u017cna cz\u0119sto naprawi\u0107, honuj\u0105c powierzchni\u0119 za pomoc\u0105 honownicy. Zmierz \u015brednic\u0119 t\u0142oczyska za pomoc\u0105 mikrometru, aby upewni\u0107 si\u0119, \u017ce mie\u015bci si\u0119 ona w okre\u015blonych tolerancjach. Je\u015bli uszkodzenie jest powa\u017cne lub przekracza dopuszczalne granice, t\u0142oczysko mo\u017ce wymaga\u0107 wymiany.<\/li>\n<\/ol>\n<p>W celu uzyskania wskaz\u00f3wek dotycz\u0105cych naprawy otworu cylindra nale\u017cy skonsultowa\u0107 si\u0119 z profesjonalnym serwisem hydraulicznym lub producentem. Mog\u0105 oni zaleci\u0107 proces honowania lub, w niekt\u00f3rych przypadkach, ponowne za\u0142o\u017cenie tulei uszczelniaj\u0105cej w otworze cylindra, je\u015bli uszkodzenie jest rozleg\u0142e.<\/p>\n<ol start=\"7\">\n<li><strong>Ponowny monta\u017c cylindra:<\/strong> Aby ponownie z\u0142o\u017cy\u0107 si\u0142ownik hydrauliczny, wykonaj czynno\u015bci demonta\u017cu w odwrotnej kolejno\u015bci. Upewnij si\u0119, \u017ce wszystkie elementy s\u0105 prawid\u0142owo ustawione i zabezpieczone. Nasmaruj uszczelki i cz\u0119\u015bci p\u0142ynem hydraulicznym, aby zapewni\u0107 p\u0142ynn\u0105 prac\u0119.<\/li>\n<li><strong>Testowanie i kontrola:<\/strong> Po ponownym monta\u017cu nale\u017cy dok\u0142adnie sprawdzi\u0107 naprawiony si\u0142ownik hydrauliczny. Stopniowo zwi\u0119kszaj ci\u015bnienie w uk\u0142adzie i sprawd\u017a, czy nie ma wyciek\u00f3w lub nie wyst\u0119puje nieprawid\u0142owe dzia\u0142anie. Monitoruj dzia\u0142anie si\u0142ownika, aby upewni\u0107 si\u0119, \u017ce dzia\u0142a on zgodnie z oczekiwaniami.<\/li>\n<li><strong>Regularna konserwacja:<\/strong> Ustal regularny harmonogram konserwacji, aby przed\u0142u\u017cy\u0107 \u017cywotno\u015b\u0107 naprawionego si\u0142ownika hydraulicznego. Mo\u017ce on obejmowa\u0107 okresowe kontrole, smarowanie uszczelek oraz monitorowanie poziomu i jako\u015bci p\u0142yn\u00f3w. Przestrzeganie zasad konserwacji zapobiegawczej pomo\u017ce zapobiec przysz\u0142ym problemom i zmaksymalizowa\u0107 \u017cywotno\u015b\u0107 si\u0142ownika.<\/li>\n<\/ol>\n<h2><strong>Mo\u017cliwo\u015bci i pojemno\u015b\u0107 fabryki:<\/strong><\/h2>\n<h3>(1) Monta\u017c<\/h3>\n<p>Dysponujemy najwy\u017cszej klasy niezale\u017cn\u0105 platform\u0105 badawczo-rozwojow\u0105. Warsztat produkcji si\u0142ownik\u00f3w hydraulicznych posiada cztery p\u00f3\u0142automatyczne linie monta\u017cowe si\u0142ownik\u00f3w podnosz\u0105cych i jedn\u0105 automatyczn\u0105 lini\u0119 monta\u017cow\u0105 si\u0142ownik\u00f3w przechy\u0142u, o projektowanej rocznej zdolno\u015bci produkcyjnej 1 miliona sztuk. Specjalny warsztat cylindr\u00f3w jest wyposa\u017cony w r\u00f3\u017cne specyfikacje p\u00f3\u0142automatycznego systemu monta\u017cu czyszcz\u0105cego o projektowanej rocznej zdolno\u015bci produkcyjnej 200 000 i wyposa\u017cony w s\u0142ynny sprz\u0119t do obr\u00f3bki CNC, centrum obr\u00f3bcze, specjalny sprz\u0119t do precyzyjnej obr\u00f3bki cylindr\u00f3w, robot spawalniczy, automatyczna maszyna czyszcz\u0105ca, automatyczna maszyna do monta\u017cu cylindr\u00f3w i automatyczna linia produkcyjna do malowania. Istniej\u0105cy krytyczny sprz\u0119t sk\u0142ada si\u0119 z ponad 300 zestaw\u00f3w. Optymalna alokacja i efektywne wykorzystanie zasob\u00f3w sprz\u0119towych zapewniaj\u0105 wymagania dotycz\u0105ce dok\u0142adno\u015bci produkt\u00f3w i spe\u0142niaj\u0105 potrzeby wysokiej jako\u015bci produkt\u00f3w.<\/p>\n<p><img loading=\"lazy\" decoding=\"async\" class=\"alignnone wp-image-626\" src=\"https:\/\/hydraulic-cylinders.net\/wp-content\/uploads\/2023\/08\/hydraulic-cylinder-product-1-300x158.webp\" alt=\"\" width=\"495\" height=\"260\" srcset=\"https:\/\/hydraulic-cylinders.net\/wp-content\/uploads\/2023\/08\/hydraulic-cylinder-product-1-300x158.webp 495w, https:\/\/hydraulic-cylinders.net\/wp-content\/uploads\/2023\/08\/hydraulic-cylinder-product-1-480x252.webp 480w\" sizes=\"(min-width: 0px) and (max-width: 480px) 480px, (min-width: 481px) 495px, 100vw\" \/> <img loading=\"lazy\" decoding=\"async\" class=\"alignnone wp-image-627\" src=\"https:\/\/hydraulic-cylinders.net\/wp-content\/uploads\/2023\/08\/hydraulic-cylinder-product-2-300x189.webp\" alt=\"\" width=\"413\" height=\"260\" \/><\/p>\n<h3>(2) Obr\u00f3bka<\/h3>\n<p>Warsztat obr\u00f3bki skrawaniem jest wyposa\u017cony w niestandardowe centrum tokarskie z pochylon\u0105 szyn\u0105, centrum obr\u00f3bcze, szybkobie\u017cn\u0105 honownic\u0119, robota spawalniczego i inny powi\u0105zany sprz\u0119t, kt\u00f3ry mo\u017ce obs\u0142ugiwa\u0107 przetwarzanie rur cylindrycznych o maksymalnej \u015brednicy wewn\u0119trznej 400 mm i maksymalnej d\u0142ugo\u015bci 6 metr\u00f3w.<\/p>\n<p><img loading=\"lazy\" decoding=\"async\" class=\"alignnone wp-image-628 size-large\" src=\"https:\/\/hydraulic-cylinders.net\/wp-content\/uploads\/2023\/08\/hydraulic-cylinder-product-3-1024x391.webp\" alt=\"\" width=\"1024\" height=\"391\" srcset=\"https:\/\/hydraulic-cylinders.net\/wp-content\/uploads\/2023\/08\/hydraulic-cylinder-product-3-980x374.webp 980w, https:\/\/hydraulic-cylinders.net\/wp-content\/uploads\/2023\/08\/hydraulic-cylinder-product-3-480x183.webp 480w\" sizes=\"(min-width: 0px) and (max-width: 480px) 480px, (min-width: 481px) and (max-width: 980px) 980px, (min-width: 981px) 1024px, 100vw\" \/><\/p>\n<h3>(3) Spawanie<\/h3>\n<p><img loading=\"lazy\" decoding=\"async\" class=\"alignnone wp-image-629 size-large\" src=\"https:\/\/hydraulic-cylinders.net\/wp-content\/uploads\/2023\/08\/hydraulic-cylinder-product-4-1024x510.webp\" alt=\"\" width=\"1024\" height=\"510\" srcset=\"https:\/\/hydraulic-cylinders.net\/wp-content\/uploads\/2023\/08\/hydraulic-cylinder-product-4-980x488.webp 980w, https:\/\/hydraulic-cylinders.net\/wp-content\/uploads\/2023\/08\/hydraulic-cylinder-product-4-480x239.webp 480w\" sizes=\"(min-width: 0px) and (max-width: 480px) 480px, (min-width: 481px) and (max-width: 980px) 980px, (min-width: 981px) 1024px, 100vw\" \/><\/p>\n<h3>(4) Malowanie i powlekanie<\/h3>\n<p>Z ma\u0142ymi i \u015brednimi automatycznymi liniami do powlekania farbami na bazie wody, w celu osi\u0105gni\u0119cia automatycznego za\u0142adunku i roz\u0142adunku robota oraz automatycznego natryskiwania, wydajno\u015b\u0107 projektowa 4000 sztuk na zmian\u0119;<br \/>\nPosiadamy r\u00f3wnie\u017c p\u00f3\u0142automatyczn\u0105 lini\u0119 do produkcji farb do du\u017cych cylindr\u00f3w nap\u0119dzan\u0105 \u0142a\u0144cuchem nap\u0119dowym, o wydajno\u015bci 60 skrzy\u0144 na zmian\u0119.<\/p>\n<p><img loading=\"lazy\" decoding=\"async\" class=\"alignnone wp-image-630\" src=\"https:\/\/hydraulic-cylinders.net\/wp-content\/uploads\/2023\/08\/hydraulic-cylinder-product-5-300x213.webp\" alt=\"\" width=\"366\" height=\"260\" \/> <img loading=\"lazy\" decoding=\"async\" class=\"alignnone wp-image-631\" src=\"https:\/\/hydraulic-cylinders.net\/wp-content\/uploads\/2023\/08\/hydraulic-cylinder-product-6-300x225.webp\" alt=\"\" width=\"347\" height=\"260\" \/><\/p>\n<h3>(5) Testowanie<\/h3>\n<p>Dysponujemy najwy\u017cszej klasy urz\u0105dzeniami kontrolnymi i stanowiskami testowymi, aby zapewni\u0107, \u017ce wydajno\u015b\u0107 cylindra spe\u0142nia wymagania.<\/p>\n<p><img loading=\"lazy\" decoding=\"async\" class=\"alignnone wp-image-632\" src=\"https:\/\/hydraulic-cylinders.net\/wp-content\/uploads\/2023\/08\/hydraulic-cylinder-product-8-300x200.webp\" alt=\"\" width=\"389\" height=\"260\" \/><\/p>\n<p>&nbsp;<\/p>\n<p>&nbsp;<\/p>\n<p>Jeste\u015bmy jednym z najlepszych producent\u00f3w cylindr\u00f3w hydraulicznych. Oferujemy kompleksow\u0105 ofert\u0119 cylindr\u00f3w hydraulicznych. Dostarczamy r\u00f3wnie\u017c\u2026 <a href=\"https:\/\/hzpt.com\/agricultural-pto-gearbox\/\" target=\"_blank\" rel=\"noopener\">przek\u0142adnie rolnicze<\/a>. Eksportowali\u015bmy nasze produkty do klient\u00f3w na ca\u0142ym \u015bwiecie i zdobyli\u015bmy dobr\u0105 reputacj\u0119 dzi\u0119ki najwy\u017cszej jako\u015bci produkt\u00f3w i us\u0142ug posprzeda\u017cnych. Zapraszamy klient\u00f3w w kraju i za granic\u0105 do kontaktu z nami w celu negocjacji biznesowych, wymiany informacji i <a href=\"https:\/\/www.hydraulic-cylinders.net\/pl\/contact-us\/\">wsp\u00f3\u0142pracowa\u0107 z nami<\/a>!<\/p>\n<p>&nbsp;<\/p>","protected":false},"excerpt":{"rendered":"<p>V80M Series Axial Piston Variable Displacement Hydraulic Pump The V80M series axial piston variable displacement hydraulic pump is a cutting-edge solution designed to revolutionize the performance and efficiency of hydraulic systems. With its advanced features, precise control, and robust construction, this hydraulic pump sets a new standard in the industry. The V80M series axial piston [&hellip;]<\/p>","protected":false},"featured_media":1980,"comment_status":"open","ping_status":"closed","template":"","meta":{"_et_pb_use_builder":"","_et_pb_old_content":"","_et_gb_content_width":""},"product_brand":[],"product_cat":[1425],"product_tag":[1426],"class_list":{"0":"post-1965","1":"product","2":"type-product","3":"status-publish","4":"has-post-thumbnail","6":"product_cat-piston-pump","7":"product_tag-hydraulic-pump","9":"first","10":"instock","11":"shipping-taxable","12":"product-type-simple"},"amp_enabled":true,"_links":{"self":[{"href":"https:\/\/www.hydraulic-cylinders.net\/pl\/wp-json\/wp\/v2\/product\/1965","targetHints":{"allow":["GET"]}}],"collection":[{"href":"https:\/\/www.hydraulic-cylinders.net\/pl\/wp-json\/wp\/v2\/product"}],"about":[{"href":"https:\/\/www.hydraulic-cylinders.net\/pl\/wp-json\/wp\/v2\/types\/product"}],"replies":[{"embeddable":true,"href":"https:\/\/www.hydraulic-cylinders.net\/pl\/wp-json\/wp\/v2\/comments?post=1965"}],"wp:featuredmedia":[{"embeddable":true,"href":"https:\/\/www.hydraulic-cylinders.net\/pl\/wp-json\/wp\/v2\/media\/1980"}],"wp:attachment":[{"href":"https:\/\/www.hydraulic-cylinders.net\/pl\/wp-json\/wp\/v2\/media?parent=1965"}],"wp:term":[{"taxonomy":"product_brand","embeddable":true,"href":"https:\/\/www.hydraulic-cylinders.net\/pl\/wp-json\/wp\/v2\/product_brand?post=1965"},{"taxonomy":"product_cat","embeddable":true,"href":"https:\/\/www.hydraulic-cylinders.net\/pl\/wp-json\/wp\/v2\/product_cat?post=1965"},{"taxonomy":"product_tag","embeddable":true,"href":"https:\/\/www.hydraulic-cylinders.net\/pl\/wp-json\/wp\/v2\/product_tag?post=1965"}],"curies":[{"name":"wp","href":"https:\/\/api.w.org\/{rel}","templated":true}]}}