{"id":19651,"date":"2025-04-07T06:59:37","date_gmt":"2025-04-07T06:59:37","guid":{"rendered":"https:\/\/www.hydraulic-cylinders.net\/product\/boom-cylinder-for-bonny-wy160ahd\/"},"modified":"2025-04-07T06:59:40","modified_gmt":"2025-04-07T06:59:40","slug":"boom-cylinder-for-bonny-wy160ahd","status":"publish","type":"product","link":"https:\/\/www.hydraulic-cylinders.net\/pl\/produkt\/boom-cylinder-for-bonny-wy160ahd\/","title":{"rendered":"Si\u0142ownik wysi\u0119gnika do Bonny WY160AHD"},"content":{"rendered":"<h1>Si\u0142ownik wysi\u0119gnika do Bonny WY160AHD<\/h1>\n<h2>Przegl\u0105d produktu<\/h2>\n<p>Si\u0142ownik wysi\u0119gnika do koparki Bonny WY160AHD to specjalistyczny si\u0142ownik hydrauliczny przeznaczony do sterowania ruchem wysi\u0119gnika w r\u00f3\u017cnych maszynach ci\u0119\u017ckich, takich jak koparki, koparko-\u0142adowarki i \u0142adowarki czo\u0142owe. Si\u0142owniki te umo\u017cliwiaj\u0105 podnoszenie, opuszczanie i przechylanie wysi\u0119gnika, u\u0142atwiaj\u0105c i precyzyjnie przenoszenie materia\u0142\u00f3w. Si\u0142ownik \u0142y\u017cki odgrywa kluczow\u0105 rol\u0119 w uk\u0142adach hydraulicznych, zapewniaj\u0105c niezb\u0119dn\u0105 si\u0142\u0119 i kontrol\u0119 do efektywnej pracy w wymagaj\u0105cych warunkach.<\/p>\n<p><img decoding=\"async\" src=\"https:\/\/www.hydraulic-cylinders.net\/wp-content\/uploads\/2025\/04\/songte-company-1.webp\" alt=\"Si\u0142ownik wysi\u0119gnika do Bonny WY160AHD\"><\/p>\n<h3>Definicja i funkcjonalno\u015b\u0107<\/h3>\n<p>Si\u0142ownik \u0142y\u017cki to rodzaj si\u0142ownika hydraulicznego specjalnie zaprojektowanego do sterowania prac\u0105 \u0142y\u017cki w ci\u0119\u017ckich maszynach. W koparkach umo\u017cliwia precyzyjne kopanie, podnoszenie i przechylanie \u0142y\u017cki, co pozwala na wydajne wydobywanie i transport materia\u0142u. Konstrukcja tych si\u0142ownik\u00f3w zazwyczaj zapewnia wysok\u0105 trwa\u0142o\u015b\u0107 i niezawodno\u015b\u0107, gwarantuj\u0105c optymaln\u0105 wydajno\u015b\u0107 w warunkach wysokiego ci\u015bnienia.<\/p>\n<h2>Cechy cylindra wysi\u0119gnika<\/h2>\n<ul>\n<li><strong>Wysoka wytrzyma\u0142o\u015b\u0107 i trwa\u0142o\u015b\u0107:<\/strong> Wykonane z wysokowytrzyma\u0142ej stali lub aluminium, te cylindry wytrzymuj\u0105 wysokie ci\u015bnienia i du\u017ce obci\u0105\u017cenia, dzi\u0119ki czemu nadaj\u0105 si\u0119 do pracy w trudnych warunkach. Ich konstrukcja uwzgl\u0119dnia odporno\u015b\u0107 na zu\u017cycie i korozj\u0119, aby wyd\u0142u\u017cy\u0107 ich \u017cywotno\u015b\u0107.<\/li>\n<li><strong>Wydajna praca uk\u0142adu hydraulicznego:<\/strong> Wykorzystuj\u0105c ci\u015bnienie oleju hydraulicznego do p\u0142ynnego wysuwania i wsuwania, si\u0142owniki te szybko reaguj\u0105 na polecenia steruj\u0105ce, zapewniaj\u0105c znaczn\u0105 si\u0142\u0119 pchania i ci\u0105gni\u0119cia, idealn\u0105 do obs\u0142ugi ci\u0119\u017ckich i skomplikowanych zada\u0144.<\/li>\n<li><strong>R\u00f3\u017cne typy:<\/strong> Dost\u0119pne s\u0105 cylindry jednostronnego dzia\u0142ania (dzia\u0142aj\u0105ce w jednym kierunku) i dwustronnego dzia\u0142ania (dzia\u0142aj\u0105ce w obu kierunkach), kt\u00f3re spe\u0142niaj\u0105 r\u00f3\u017cne wymagania operacyjne. Niekt\u00f3re modele s\u0105 teleskopowe, co pozwala na wi\u0119ksze wyd\u0142u\u017cenie bez zwi\u0119kszania wymiar\u00f3w zewn\u0119trznych, co sprawdza si\u0119 w zastosowaniach o ograniczonej przestrzeni.<\/li>\n<li><strong>Rozwi\u0105zania dostosowywane do indywidualnych potrzeb:<\/strong> Nasze mo\u017cliwo\u015bci produkcyjne pozwalaj\u0105 nam wytwarza\u0107 cylindry, kt\u00f3re doskonale zast\u0119puj\u0105 istniej\u0105ce cylindry hydrauliczne, zapewniaj\u0105c bezproblemow\u0105 integracj\u0119 z Pa\u0144stwa sprz\u0119tem.<\/li>\n<li><strong>Solidna konstrukcja:<\/strong> Podczas projektowania tych cylindr\u00f3w brane s\u0105 pod uwag\u0119 takie czynniki, jak no\u015bno\u015b\u0107, uszczelnienie, trwa\u0142o\u015b\u0107, bezpiecze\u0144stwo i \u0142atwo\u015b\u0107 konserwacji, co zapewnia niezawodn\u0105 prac\u0119 w r\u00f3\u017cnych zastosowaniach.<\/li>\n<\/ul>\n<p><img decoding=\"async\" src=\"https:\/\/www.hydraulic-cylinders.net\/wp-content\/uploads\/2025\/04\/songte-cylinder-head-with-all-kinds-excavator-models.webp\" alt=\"G\u0142owica cylindra do koparek\"><\/p>\n<h2>Zastosowania cylindra wysi\u0119gnika<\/h2>\n<h3>Sprz\u0119t budowlany<\/h3>\n<p>W koparkach si\u0142owniki wysi\u0119gnika s\u0105 niezb\u0119dne do kopania, za\u0142adunku i przemieszczania gleby lub gruzu. Zapewniaj\u0105 one niezb\u0119dn\u0105 si\u0142\u0119 do efektywnego manipulowania wysi\u0119gnikiem, umo\u017cliwiaj\u0105c operatorom precyzyjne wykonywanie szeregu zada\u0144. Zdolno\u015b\u0107 wysi\u0119gnika do podnoszenia ci\u0119\u017ckich \u0142adunk\u00f3w ma kluczowe znaczenie w projektach budowlanych, gwarantuj\u0105c wydajno\u015b\u0107 i produktywno\u015b\u0107.<\/p>\n<h3>Maszyny rolnicze<\/h3>\n<p>Stosowane w \u0142adowarkach czo\u0142owych si\u0142owniki wysi\u0119gnika u\u0142atwiaj\u0105 nabieranie, podnoszenie i transport materia\u0142\u00f3w takich jak gleba i siano. Ich solidna konstrukcja gwarantuje niezawodn\u0105 prac\u0119 podczas r\u00f3\u017cnych prac rolniczych, znacz\u0105co zwi\u0119kszaj\u0105c wydajno\u015b\u0107 gospodarstw rolnych.<\/p>\n<h3>Koparki<\/h3>\n<p>W koparkach si\u0142owniki wysi\u0119gnika umo\u017cliwiaj\u0105 kopanie, umo\u017cliwiaj\u0105c \u0142y\u017cce zag\u0142\u0119bianie si\u0119 w gleb\u0119. Ich konstrukcja maksymalizuje wydajno\u015b\u0107 hydrauliczn\u0105, zapewniaj\u0105c moc niezb\u0119dn\u0105 do efektywnego kopania, a tym samym poprawiaj\u0105c og\u00f3ln\u0105 wydajno\u015b\u0107 maszyny.<\/p>\n<h3>\u0141adowarki<\/h3>\n<p>W \u0142adowarkach czo\u0142owych si\u0142owniki wysi\u0119gnika wspomagaj\u0105 efektywne podnoszenie i zrzucanie \u0142adunk\u00f3w. Ich zdolno\u015b\u0107 do przenoszenia ci\u0119\u017ckich materia\u0142\u00f3w sprawia, \u017ce \u200b\u200bs\u0105 one niezb\u0119dne w budownictwie i transporcie materia\u0142\u00f3w, zapewniaj\u0105c szybkie i efektywne wykonywanie zada\u0144.<\/p>\n<h2>Zagadnienia projektowe i kryteria wyboru<\/h2>\n<h3>No\u015bno\u015b\u0107<\/h3>\n<p>Przy wyborze si\u0142ownika wysi\u0119gnika, ud\u017awig jest kluczowym aspektem. Si\u0142ownik musi by\u0107 w stanie wytrzyma\u0107 maksymalne obci\u0105\u017cenie, jakiemu b\u0119dzie poddawana maszyna. Wymaga to starannej konstrukcji, aby zapewni\u0107, \u017ce u\u017cyte materia\u0142y wytrzymaj\u0105 si\u0142y dzia\u0142aj\u0105ce podczas pracy bez odkszta\u0142ce\u0144 lub uszkodze\u0144.<\/p>\n<h3>Opiecz\u0119towanie<\/h3>\n<p>Uszczelnienie to kolejny istotny czynnik. Skuteczne uszczelnienia zapobiegaj\u0105 wyciekom i zanieczyszczeniom p\u0142ynu hydraulicznego, kt\u00f3re mog\u0105 negatywnie wp\u0142ywa\u0107 na wydajno\u015b\u0107 i bezpiecze\u0144stwo. Wysokiej jako\u015bci uszczelnienia wykonane z materia\u0142\u00f3w takich jak poliuretan lub kauczuk nitrylowy s\u0105 kluczowe dla zachowania integralno\u015bci uk\u0142adu hydraulicznego.<\/p>\n<h3>Trwa\u0142o\u015b\u0107<\/h3>\n<p>Trwa\u0142o\u015b\u0107 si\u0142ownika wysi\u0119gnika jest kluczowa, szczeg\u00f3lnie w trudnych warunkach. Powinien on by\u0107 odporny na zu\u017cycie i uszkodzenia wynikaj\u0105ce z ci\u0105g\u0142ego u\u017cytkowania i nara\u017cenia na trudne warunki. Dotyczy to r\u00f3wnie\u017c \u015bcierania spowodowanego brudem i zanieczyszczeniami, a tak\u017ce korozji spowodowanej wilgoci\u0105 i chemikaliami.<\/p>\n<h3>Bezpiecze\u0144stwo<\/h3>\n<p>Aby zapobiec wypadkom, w konstrukcji si\u0142ownik\u00f3w wysi\u0119gnika musz\u0105 by\u0107 zintegrowane funkcje bezpiecze\u0144stwa. Nale\u017c\u0105 do nich mechanizmy zabezpieczaj\u0105ce przed przeci\u0105\u017ceniem oraz zawory bezpiecze\u0144stwa, kt\u00f3re zapobiegaj\u0105 przekroczeniu bezpiecznych parametr\u00f3w roboczych systemu, zapewniaj\u0105c zar\u00f3wno bezpiecze\u0144stwo operatora, jak i d\u0142ugowieczno\u015b\u0107 sprz\u0119tu.<\/p>\n<h3>Utrzymywalno\u015b\u0107<\/h3>\n<p>Wreszcie, \u0142atwo\u015b\u0107 konserwacji jest wa\u017cnym czynnikiem. Konstrukcja, kt\u00f3ra upraszcza inspekcje, smarowanie i wymian\u0119 uszczelnie\u0144, prowadzi do kr\u00f3tszych przestoj\u00f3w i ni\u017cszych koszt\u00f3w konserwacji. Producenci powinni priorytetowo traktowa\u0107 konstrukcje umo\u017cliwiaj\u0105ce \u0142atwy dost\u0119p do kluczowych podzespo\u0142\u00f3w.<\/p>\n<p><img decoding=\"async\" src=\"https:\/\/www.hydraulic-cylinders.net\/wp-content\/uploads\/2025\/04\/songte-oil-pipes-and-spare-parts.webp\" alt=\"Elementy hydrauliczne\"><\/p>\n<h2>Uszczelnianie i smarowanie<\/h2>\n<p>Skuteczno\u015b\u0107 si\u0142ownik\u00f3w wysi\u0119gnika w du\u017cej mierze zale\u017cy od prawid\u0142owego uszczelnienia i smarowania. R\u00f3\u017cne elementy uszczelniaj\u0105ce, takie jak uszczelnienia t\u0142oka i t\u0142oczyska, maj\u0105 kluczowe znaczenie dla utrzymania ci\u015bnienia hydraulicznego i zapobiegania wyciekom. Uszczelnienia s\u0105 zazwyczaj wykonane z materia\u0142\u00f3w odpornych na zu\u017cycie, takich jak poliuretan lub kauczuk nitrylowy, kt\u00f3re zapewniaj\u0105 doskona\u0142\u0105 trwa\u0142o\u015b\u0107 w trudnych warunkach pracy, w jakich cz\u0119sto pracuj\u0105 si\u0142owniki hydrauliczne. Dodatkowo, powierzchnie korpusu si\u0142ownika i gwintowane ko\u0144c\u00f3wki s\u0105 precyzyjnie obrobione, aby zwi\u0119kszy\u0107 odporno\u015b\u0107 na zu\u017cycie, co przyczynia si\u0119 do og\u00f3lnej niezawodno\u015bci si\u0142ownika.<\/p>\n<p>Regularne smarowanie jest r\u00f3wnie\u017c niezb\u0119dne. Operatorom zaleca si\u0119 okresowe nape\u0142nianie uk\u0142adu hydraulicznego odpowiednim olejem hydraulicznym, aby zapewni\u0107 p\u0142ynne dzia\u0142anie wszystkich cz\u0119\u015bci ruchomych i zminimalizowa\u0107 tarcie. Taka praktyka wyd\u0142u\u017ca \u017cywotno\u015b\u0107 cylindra i utrzymuje optymaln\u0105 wydajno\u015b\u0107.<\/p>\n<h2>\u015arodki konserwacji zapobiegawczej<\/h2>\n<ul>\n<li><strong>Regularne kontrole:<\/strong> Zaplanuj cz\u0119ste kontrole, aby wykry\u0107 wszelkie oznaki zu\u017cycia, wyciek\u00f3w lub uszkodze\u0144. Wczesne wykrycie problem\u00f3w mo\u017ce zapobiec rozwojowi powa\u017cniejszych problem\u00f3w.<\/li>\n<li><strong>W\u0142a\u015bciwe smarowanie:<\/strong> Nale\u017cy zadba\u0107 o utrzymanie odpowiedniego poziomu p\u0142ynu hydraulicznego i regularne smarowanie uk\u0142adu w celu zmniejszenia tarcia i zu\u017cycia ruchomych cz\u0119\u015bci.<\/li>\n<li><strong>Wymiana uszczelki:<\/strong> Monitoruj stan uszczelek i wymieniaj je w razie konieczno\u015bci, aby zapobiega\u0107 wyciekom i utrzyma\u0107 wydajno\u015b\u0107 uk\u0142adu hydraulicznego.<\/li>\n<\/ul>\n<h2>Wytyczne dotycz\u0105ce instalacji<\/h2>\n<p>Prawid\u0142owy monta\u017c si\u0142ownika wysi\u0119gnika ma kluczowe znaczenie dla optymalnego dzia\u0142ania i trwa\u0142o\u015bci. Zacznij od upewnienia si\u0119, \u017ce punkty mocowania maszyny s\u0105 czyste i wolne od zanieczyszcze\u0144. Ostro\u017cnie ustaw si\u0142ownik, zwracaj\u0105c uwag\u0119 na jego prostoliniowo\u015b\u0107, aby zapobiec wszelkim przesuni\u0119ciom, kt\u00f3re mog\u0142yby prowadzi\u0107 do przedwczesnego zu\u017cycia lub awarii. U\u017cyj odpowiednich wspornik\u00f3w monta\u017cowych, aby zabezpieczy\u0107 si\u0142ownik na miejscu i zapewni\u0107 stabilne mocowanie.<\/p>\n<p>Zawsze nale\u017cy zapozna\u0107 si\u0119 ze specyfikacj\u0105 producenta dotycz\u0105c\u0105 ustawie\u0144 momentu obrotowego i wszelkich specyficznych wymaga\u0144 instalacyjnych. Po monta\u017cu nale\u017cy przeprowadzi\u0107 testy, aby upewni\u0107 si\u0119, \u017ce cylinder dzia\u0142a p\u0142ynnie i bez wyciek\u00f3w. Na koniec nale\u017cy udokumentowa\u0107 proces monta\u017cu i wszelkie wprowadzone modyfikacje, aby m\u00f3c do nich wr\u00f3ci\u0107 w przysz\u0142o\u015bci.<\/p>\n<h2>Typowe zadania konserwacyjne<\/h2>\n<h3>Regularne kontrole<\/h3>\n<p>Regularne kontrole s\u0105 kluczowe dla identyfikacji potencjalnych problem\u00f3w, zanim stan\u0105 si\u0119 one powa\u017cne. Nale\u017cy szuka\u0107 oznak zu\u017cycia, takich jak p\u0119kni\u0119cia lub odkszta\u0142cenia si\u0142ownika, i sprawdza\u0107 poziom p\u0142ynu hydraulicznego, aby upewni\u0107 si\u0119, \u017ce mie\u015bci si\u0119 on w zalecanym zakresie. Kontrole nale\u017cy przeprowadza\u0107 regularnie, aby utrzyma\u0107 integralno\u015b\u0107 i wydajno\u015b\u0107 si\u0142ownika wysi\u0119gnika.<\/p>\n<h3>Odpowiednie smarowanie<\/h3>\n<p>Prawid\u0142owe smarowanie jest niezb\u0119dne dla wyd\u0142u\u017cenia \u017cywotno\u015bci si\u0142ownika wysi\u0119gnika. Nale\u017cy upewni\u0107 si\u0119, \u017ce poziom oleju hydraulicznego jest odpowiedni, a punkty smarowania s\u0105 regularnie serwisowane. Nale\u017cy stosowa\u0107 odpowiedni rodzaj oleju hydraulicznego, a operatorzy powinni przestrzega\u0107 zalece\u0144 producenta, aby zapobiec uszkodzeniom i zapewni\u0107 p\u0142ynn\u0105 prac\u0119.<\/p>\n<h3>Wymiana uszczelki<\/h3>\n<p>Uszczelki s\u0105 kluczowe dla utrzymania ci\u015bnienia hydraulicznego i zapobiegania wyciekom. Regularnie sprawdzaj uszczelki pod k\u0105tem oznak zu\u017cycia lub uszkodze\u0144 i wymieniaj je w razie potrzeby. Pomo\u017ce to utrzyma\u0107 wydajno\u015b\u0107 uk\u0142adu hydraulicznego i zapobiegnie kosztownym naprawom spowodowanym wyciekami p\u0142ynu. Rejestrowanie wymian uszczelek u\u0142atwi monitorowanie dzia\u0142a\u0144 konserwacyjnych.<\/p>\n<p><img decoding=\"async\" src=\"https:\/\/www.hydraulic-cylinders.net\/wp-content\/uploads\/2025\/04\/songte-chushion-collar.webp\" alt=\"Ko\u0142nierz poduszkowy\"><\/p>\n<h2>Zagadnienia bezpiecze\u0144stwa i czynniki \u015brodowiskowe<\/h2>\n<p>Podczas obs\u0142ugi uk\u0142ad\u00f3w hydraulicznych \u015brodki bezpiecze\u0144stwa s\u0105 najwa\u017cniejsze. Operatorzy powinni zawsze przestrzega\u0107 protoko\u0142\u00f3w bezpiecze\u0144stwa, w tym nosi\u0107 odpowiedni sprz\u0119t ochrony osobistej (PPE) i upewni\u0107 si\u0119, \u017ce wszyscy pracownicy znaj\u0105 procedury obs\u0142ugi. Odpowiednie szkolenie jest niezb\u0119dne do zapobiegania wypadkom i zapewnienia bezpiecznej obs\u0142ugi maszyn wyposa\u017conych w si\u0142owniki wysi\u0119gnika.<\/p>\n<p>Czynniki \u015brodowiskowe r\u00f3wnie\u017c odgrywaj\u0105 istotn\u0105 rol\u0119 w dzia\u0142aniu i trwa\u0142o\u015bci cylindr\u00f3w hydraulicznych. Operatorzy musz\u0105 bra\u0107 pod uwag\u0119 ekstremalne temperatury, nara\u017cenie na wilgo\u0107 i potencjalne zanieczyszczenia w \u015brodowisku pracy. Wdro\u017cenie \u015brodk\u00f3w ochronnych, takich jak stosowanie os\u0142on lub dob\u00f3r odpowiednich materia\u0142\u00f3w, mo\u017ce ograniczy\u0107 te zagro\u017cenia.<\/p>\n<h2>Diagnostyka usterek i typowe problemy<\/h2>\n<ul>\n<li><strong>Przeciek:<\/strong> W przypadku wycieku p\u0142ynu hydraulicznego nale\u017cy sprawdzi\u0107 uszczelki i po\u0142\u0105czenia pod k\u0105tem uszkodze\u0144. Wymie\u0144 wszystkie uszkodzone elementy, aby przywr\u00f3ci\u0107 integralno\u015b\u0107 uk\u0142adu.<\/li>\n<li><strong>Niesp\u00f3jne dzia\u0142anie:<\/strong> Je\u015bli cylinder nie wysuwa si\u0119 lub nie chowa p\u0142ynnie, sprawd\u017a, czy w przewodach hydraulicznych nie ma blokad i upewnij si\u0119, \u017ce w uk\u0142adzie znajduje si\u0119 odpowiednia ilo\u015b\u0107 p\u0142ynu hydraulicznego.<\/li>\n<li><strong>Nietypowe d\u017awi\u0119ki:<\/strong> D\u017awi\u0119ki przypominaj\u0105ce zgrzytanie lub brz\u0119czenie mog\u0105 wskazywa\u0107 na wewn\u0119trzne uszkodzenie lub zu\u017cycie. Sprawd\u017a cylinder pod k\u0105tem oznak uszkodzenia mechanicznego lub zu\u017cycia.<\/li>\n<\/ul>\n<h2>Wskaz\u00f3wki dotycz\u0105ce rozwi\u0105zywania problem\u00f3w<\/h2>\n<p>Aby skutecznie diagnozowa\u0107 i rozwi\u0105zywa\u0107 problemy, operatorzy powinni stosowa\u0107 systematyczne podej\u015bcie. Zacznij od wizualnej inspekcji uk\u0142adu hydraulicznego, szukaj\u0105c wyciek\u00f3w lub widocznych uszkodze\u0144. W przypadku wykrycia problemu nale\u017cy zapozna\u0107 si\u0119 z wytycznymi producenta dotycz\u0105cymi rozwi\u0105zywania problem\u00f3w i procedur naprawczych. Regularne szkolenia z zakresu typowych problem\u00f3w i ich rozwi\u0105za\u0144 mog\u0105 pom\u00f3c operatorom w opanowaniu drobnych usterek, zanim przerodz\u0105 si\u0119 w powa\u017cne naprawy.<\/p>\n<p>Wdra\u017canie \u015brodk\u00f3w zapobiegawczych, takich jak planowa konserwacja i regularne kontrole, mo\u017ce pom\u00f3c zminimalizowa\u0107 potencjalne problemy i zapewni\u0107 p\u0142ynn\u0105 prac\u0119 si\u0142ownika wysi\u0119gnika.<\/p>\n<p><img decoding=\"async\" src=\"https:\/\/www.hydraulic-cylinders.net\/wp-content\/uploads\/2025\/04\/songte-bushings-with-all-kinds-of-excavator-models.webp\" alt=\"Tuleje do koparek\"><\/p>\n<h2>O naszej firmie<\/h2>\n<p>Jeste\u015bmy wiod\u0105cym producentem i hurtowym dystrybutorem zamiennych si\u0142ownik\u00f3w hydraulicznych, oferuj\u0105cym szerok\u0105 gam\u0119 produkt\u00f3w. Nasze zaanga\u017cowanie w wyj\u0105tkow\u0105 jako\u015b\u0107 ugruntowa\u0142o nasz\u0105 pozycj\u0119 lidera na rynku krajowym i mi\u0119dzynarodowym. Stosujemy udoskonalon\u0105, zindustrializowan\u0105 strategi\u0119 zarz\u0105dzania produkcj\u0105, kt\u00f3ra koncentruje si\u0119 na doskona\u0142o\u015bci i wydajno\u015bci.<\/p>\n<p>Nasz zesp\u00f3\u0142 sk\u0142ada si\u0119 z wykwalifikowanych specjalist\u00f3w, wyposa\u017conych w zaawansowane technologie produkcji cyfrowej i profesjonalne systemy testowe. Dzi\u0119ki temu stale udoskonalamy nasz\u0105 platform\u0119 produkcyjn\u0105, doskonal\u0105c procesy produkcji pod k\u0105tem jako\u015bci produkt\u00f3w. Nasze bogate mo\u017cliwo\u015bci kreatywne pozwalaj\u0105 nam sprosta\u0107 zr\u00f3\u017cnicowanym wymaganiom klient\u00f3w, zapewniaj\u0105c wysok\u0105 wydajno\u015b\u0107, precyzj\u0119 i jako\u015b\u0107.<\/p>\n<p><img decoding=\"async\" src=\"https:\/\/www.hydraulic-cylinders.net\/wp-content\/uploads\/2025\/04\/songte-company-4.webp\" alt=\"Przegl\u0105d firmy\"><br \/>\n<img decoding=\"async\" src=\"https:\/\/www.hydraulic-cylinders.net\/wp-content\/uploads\/2025\/04\/songte-company-3.webp\" alt=\"Zak\u0142ad produkcyjny\"><\/p>\n<p>Oferujemy specjalistyczne us\u0142ugi, w tym rozwi\u0105zania niestandardowe, potwierdzone mi\u0119dzynarodowymi certyfikatami, kt\u00f3re potwierdzaj\u0105 nasze zaanga\u017cowanie w jako\u015b\u0107 i bezpiecze\u0144stwo. Nasz najnowocze\u015bniejszy sprz\u0119t produkcyjny gwarantuje, \u017ce ka\u017cdy produkt spe\u0142nia rygorystyczne standardy bran\u017cowe, a nasz dedykowany serwis posprzeda\u017cowy gwarantuje satysfakcj\u0119 i wsparcie klienta.<\/p>\n<p>Autor: lyl<\/p>","protected":false},"excerpt":{"rendered":"<p>Boom Cylinder For Bonny WY160AHD Product Overview The Boom Cylinder for Bonny WY160AHD is a specialized hydraulic cylinder designed to control the movement of the boom in various heavy machinery such as excavators, backhoe loaders, and front loaders. These cylinders enable the boom to lift, lower, and tilt, facilitating material handling tasks with ease and [&hellip;]<\/p>","protected":false},"featured_media":17869,"comment_status":"open","ping_status":"closed","template":"","meta":{"_et_pb_use_builder":"","_et_pb_old_content":"","_et_gb_content_width":""},"product_brand":[],"product_cat":[1546],"product_tag":[1547,1496],"class_list":{"0":"post-19651","1":"product","2":"type-product","3":"status-publish","4":"has-post-thumbnail","6":"product_cat-boom-cylinders","7":"product_tag-boom-cylinders","8":"product_tag-hydraulic-cylinders","10":"first","11":"instock","12":"shipping-taxable","13":"product-type-simple"},"amp_enabled":true,"_links":{"self":[{"href":"https:\/\/www.hydraulic-cylinders.net\/pl\/wp-json\/wp\/v2\/product\/19651","targetHints":{"allow":["GET"]}}],"collection":[{"href":"https:\/\/www.hydraulic-cylinders.net\/pl\/wp-json\/wp\/v2\/product"}],"about":[{"href":"https:\/\/www.hydraulic-cylinders.net\/pl\/wp-json\/wp\/v2\/types\/product"}],"replies":[{"embeddable":true,"href":"https:\/\/www.hydraulic-cylinders.net\/pl\/wp-json\/wp\/v2\/comments?post=19651"}],"wp:featuredmedia":[{"embeddable":true,"href":"https:\/\/www.hydraulic-cylinders.net\/pl\/wp-json\/wp\/v2\/media\/17869"}],"wp:attachment":[{"href":"https:\/\/www.hydraulic-cylinders.net\/pl\/wp-json\/wp\/v2\/media?parent=19651"}],"wp:term":[{"taxonomy":"product_brand","embeddable":true,"href":"https:\/\/www.hydraulic-cylinders.net\/pl\/wp-json\/wp\/v2\/product_brand?post=19651"},{"taxonomy":"product_cat","embeddable":true,"href":"https:\/\/www.hydraulic-cylinders.net\/pl\/wp-json\/wp\/v2\/product_cat?post=19651"},{"taxonomy":"product_tag","embeddable":true,"href":"https:\/\/www.hydraulic-cylinders.net\/pl\/wp-json\/wp\/v2\/product_tag?post=19651"}],"curies":[{"name":"wp","href":"https:\/\/api.w.org\/{rel}","templated":true}]}}