{"id":19653,"date":"2025-04-07T06:59:55","date_gmt":"2025-04-07T06:59:55","guid":{"rendered":"https:\/\/www.hydraulic-cylinders.net\/product\/boom-cylinder-for-bonny-ce2200-7\/"},"modified":"2025-04-07T06:59:57","modified_gmt":"2025-04-07T06:59:57","slug":"boom-cylinder-for-bonny-ce2200-7","status":"publish","type":"product","link":"https:\/\/www.hydraulic-cylinders.net\/pl\/produkt\/boom-cylinder-for-bonny-ce2200-7\/","title":{"rendered":"Si\u0142ownik wysi\u0119gnika do Bonny CE2200-7"},"content":{"rendered":"<h1>Si\u0142ownik wysi\u0119gnika do Bonny CE2200-7<\/h1>\n<h2>Przegl\u0105d produktu<\/h2>\n<p>Si\u0142ownik wysi\u0119gnika do Bonny CE2200-7 to niezb\u0119dny element hydrauliczny przeznaczony do sterowania ruchem \u0142y\u017cek w ci\u0119\u017ckich maszynach, takich jak koparki, koparko-\u0142adowarki i \u0142adowarki czo\u0142owe. Si\u0142owniki \u0142y\u017cki odgrywaj\u0105 kluczow\u0105 rol\u0119 w u\u0142atwianiu zada\u0144 zwi\u0105zanych z prze\u0142adunkiem materia\u0142\u00f3w, umo\u017cliwiaj\u0105c podnoszenie, opuszczanie i przechylanie \u0142y\u017cki. Te si\u0142owniki hydrauliczne zosta\u0142y specjalnie zaprojektowane, aby wytrzyma\u0107 trudne warunki, co czyni je kluczowym elementem uk\u0142ad\u00f3w hydraulicznych w r\u00f3\u017cnych zastosowaniach przemys\u0142owych.<\/p>\n<p><img decoding=\"async\" src=\"https:\/\/www.hydraulic-cylinders.net\/wp-content\/uploads\/2025\/04\/songte-company-1.webp\" alt=\"Si\u0142ownik wysi\u0119gnika do Bonny CE2200-7\"><\/p>\n<h2>Cechy cylindra wysi\u0119gnika<\/h2>\n<ul>\n<li><strong>Wysoka wytrzyma\u0142o\u015b\u0107 i trwa\u0142o\u015b\u0107:<\/strong> Wykonane z wysokowytrzyma\u0142ej stali lub aluminium, zaprojektowane tak, aby wytrzyma\u0107 du\u017ce ci\u015bnienie i du\u017ce obci\u0105\u017cenia, odpowiednie do pracy w trudnych warunkach.<\/li>\n<li><strong>Wydajna praca uk\u0142adu hydraulicznego:<\/strong> Wykorzystuje ci\u015bnienie oleju hydraulicznego do p\u0142ynnego wysuwania i wsuwania, zapewniaj\u0105c du\u017c\u0105 si\u0142\u0119 pchania i ci\u0105gni\u0119cia, idealn\u0105 do ci\u0119\u017ckich i skomplikowanych zada\u0144.<\/li>\n<li><strong>R\u00f3\u017cne typy:<\/strong> Dost\u0119pne jako cylindry jednostronnego dzia\u0142ania (hydrauliczne dzia\u0142anie w jednym kierunku) lub dwustronnego dzia\u0142ania (hydrauliczne dzia\u0142anie w obu kierunkach) w celu spe\u0142nienia r\u00f3\u017cnych potrzeb operacyjnych.<\/li>\n<li><strong>Konstrukcja oszcz\u0119dzaj\u0105ca miejsce:<\/strong> Niekt\u00f3re modele s\u0105 teleskopowe, co pozwala na wi\u0119ksze wysuni\u0119cie konstrukcji bez zwi\u0119kszania jej wymiar\u00f3w zewn\u0119trznych. Idealne do zastosowa\u0144 w ograniczonej przestrzeni.<\/li>\n<li><strong>Odporno\u015b\u0107 na korozj\u0119:<\/strong> Zaprojektowane z materia\u0142\u00f3w odpornych na zu\u017cycie i korozj\u0119, co znacznie wyd\u0142u\u017ca \u017cywotno\u015b\u0107 cylindra.<\/li>\n<\/ul>\n<p>Nasze produkty mog\u0105 doskonale zast\u0105pi\u0107 te si\u0142owniki hydrauliczne.<\/p>\n<p><img decoding=\"async\" src=\"https:\/\/www.hydraulic-cylinders.net\/wp-content\/uploads\/2025\/04\/songte-cylinder-head-with-all-kinds-excavator-models.webp\" alt=\"G\u0142owica cylindra hydraulicznego\"><\/p>\n<h2>Scenariusze zastosowa\u0144<\/h2>\n<h3>Sprz\u0119t budowlany<\/h3>\n<p>W koparkach si\u0142ownik wysi\u0119gnika jest kluczowy dla kopania, za\u0142adunku i przemieszczania ziemi lub gruzu. Umo\u017cliwia on skuteczne zag\u0142\u0119bianie si\u0119 \u0142y\u017cki w gleb\u0119, u\u0142atwiaj\u0105c wykopy. W koparko-\u0142adowarkach si\u0142ownik \u0142y\u017cki wspomaga zar\u00f3wno kopanie, jak i podnoszenie, co czyni go niezb\u0119dnym elementem w pracach budowlanych.<\/p>\n<h3>Maszyny rolnicze<\/h3>\n<p>W \u0142adowarkach czo\u0142owych si\u0142ownik \u0142y\u017cki jest niezb\u0119dny do nabierania, podnoszenia i transportu gleby, siana i innych materia\u0142\u00f3w. Ta funkcjonalno\u015b\u0107 zwi\u0119ksza wydajno\u015b\u0107 prac rolniczych, umo\u017cliwiaj\u0105c rolnikom efektywne zarz\u0105dzanie zasobami i popraw\u0119 produktywno\u015bci.<\/p>\n<h3>Koparki<\/h3>\n<p>Si\u0142ownik \u0142y\u017cki koparki odgrywa kluczow\u0105 rol\u0119 w kopaniu, umo\u017cliwiaj\u0105c \u0142y\u017cce penetracj\u0119 gruntu. Ta funkcja jest niezb\u0119dna do r\u00f3\u017cnych prac wykopaliskowych, zapewniaj\u0105c efektywno\u015b\u0107 zar\u00f3wno w projektach budowlanych, jak i ogrodniczych.<\/p>\n<h3>\u0141adowarki<\/h3>\n<p>W \u0142adowarkach czo\u0142owych si\u0142ownik wysi\u0119gnika wspomaga wydajne podnoszenie i zrzucanie \u0142adunk\u00f3w. Funkcja ta ma kluczowe znaczenie dla szybkiego i bezpiecznego przemieszczania materia\u0142\u00f3w, zapewniaj\u0105c \u0142adowarkom efektywne wykonywanie zada\u0144 bez uszczerbku dla bezpiecze\u0144stwa.<\/p>\n<h2>Zagadnienia projektowe i kryteria wyboru<\/h2>\n<h3>No\u015bno\u015b\u0107<\/h3>\n<p>Przy wyborze si\u0142ownika wysi\u0119gnika, ud\u017awig ma kluczowe znaczenie. Si\u0142ownik musi by\u0107 w stanie ud\u017awign\u0105\u0107 maksymalny ci\u0119\u017car, jaki b\u0119dzie napotyka\u0142 podczas pracy. Zapewnia to bezpieczn\u0105 i wydajn\u0105 prac\u0119 maszyny, zapobiegaj\u0105c potencjalnym awariom.<\/p>\n<h3>Opiecz\u0119towanie<\/h3>\n<p>Skuteczne uszczelnienie jest niezb\u0119dne w cylindrach hydraulicznych, aby utrzyma\u0107 ci\u015bnienie i zapobiec wyciekom p\u0142ynu. Wyb\u00f3r materia\u0142\u00f3w uszczelniaj\u0105cych, takich jak poliuretan i kauczuk nitrylowy, mo\u017ce znacz\u0105co wp\u0142yn\u0105\u0107 na wydajno\u015b\u0107 i \u017cywotno\u015b\u0107 cylindra, dlatego jest to kluczowy czynnik podczas wyboru projektu.<\/p>\n<h3>Trwa\u0142o\u015b\u0107<\/h3>\n<p>Trwa\u0142o\u015b\u0107 to kolejny kluczowy czynnik, poniewa\u017c cylindry hydrauliczne cz\u0119sto pracuj\u0105 w trudnych warunkach. Materia\u0142y u\u017cyte do ich budowy musz\u0105 by\u0107 odporne na zu\u017cycie i uszkodzenia, a tak\u017ce na czynniki \u015brodowiskowe, takie jak wilgo\u0107 i chemikalia, aby wyd\u0142u\u017cy\u0107 \u017cywotno\u015b\u0107 cylindra.<\/p>\n<h3>Bezpiecze\u0144stwo<\/h3>\n<p>Wdro\u017cenie zabezpiecze\u0144 w konstrukcji cylindr\u00f3w hydraulicznych ma kluczowe znaczenie. Obejmuj\u0105 one systemy zabezpieczaj\u0105ce przed przeci\u0105\u017ceniem i mechanizmy awaryjne, kt\u00f3re zapewniaj\u0105 bezpieczn\u0105 prac\u0119 sprz\u0119tu w przypadku awarii, zapobiegaj\u0105c wypadkom.<\/p>\n<h3>Utrzymywalno\u015b\u0107<\/h3>\n<p>\u0141atwo\u015b\u0107 konserwacji jest kluczowa dla zapewnienia wydajnej pracy uk\u0142ad\u00f3w hydraulicznych przez d\u0142ugi czas. Dobrze zaprojektowany si\u0142ownik umo\u017cliwia \u0142atw\u0105 kontrol\u0119, smarowanie oraz wymian\u0119 uszczelnie\u0144 i innych podzespo\u0142\u00f3w, minimalizuj\u0105c przestoje maszyn.<\/p>\n<p><img decoding=\"async\" src=\"https:\/\/www.hydraulic-cylinders.net\/wp-content\/uploads\/2025\/04\/songte-oil-pipes-and-spare-parts.webp\" alt=\"Cz\u0119\u015bci cylindr\u00f3w hydraulicznych\"><\/p>\n<h2>Uszczelnianie i smarowanie<\/h2>\n<p>Aby zapewni\u0107 optymaln\u0105 wydajno\u015b\u0107, stosuje si\u0119 r\u00f3\u017cnorodne elementy uszczelniaj\u0105ce, w tym uszczelnienia t\u0142ok\u00f3w i t\u0142oczysk. Wyb\u00f3r trwa\u0142ych materia\u0142\u00f3w, takich jak poliuretan i kauczuk nitrylowy, gwarantuje odporno\u015b\u0107 uszczelnie\u0144 na zu\u017cycie. Korpus cylindra hydraulicznego i gwintowane powierzchnie ko\u0144cowe s\u0105 precyzyjnie obrabiane w celu zwi\u0119kszenia odporno\u015bci na zu\u017cycie. Regularne smarowanie olejem hydraulicznym jest niezb\u0119dne dla zapewnienia p\u0142ynnej pracy i zapobiegania zu\u017cyciu spowodowanemu tarciem.<\/p>\n<h2>\u015arodki konserwacji zapobiegawczej<\/h2>\n<ul>\n<li><strong>Regularne kontrole:<\/strong> Przeprowadzaj rutynowe kontrole, aby zidentyfikowa\u0107 wszelkie oznaki zu\u017cycia lub uszkodze\u0144. Wczesne wykrycie problem\u00f3w mo\u017ce zapobiec powa\u017cnym awariom.<\/li>\n<li><strong>W\u0142a\u015bciwe smarowanie:<\/strong> Nale\u017cy upewni\u0107 si\u0119, \u017ce poziom oleju hydraulicznego jest odpowiedni i \u017ce smarowanie jest wykonywane regularnie, aby zachowa\u0107 wydajno\u015b\u0107 i zapobiec zatarciu.<\/li>\n<li><strong>Wymiana uszczelki:<\/strong> Monitoruj uszczelki pod k\u0105tem oznak zu\u017cycia i wymieniaj je w razie potrzeby, aby unikn\u0105\u0107 wyciek\u00f3w i zachowa\u0107 wydajno\u015b\u0107.<\/li>\n<\/ul>\n<h2>Wytyczne dotycz\u0105ce instalacji<\/h2>\n<p>Prawid\u0142owy monta\u017c si\u0142ownika wysi\u0119gnika ma kluczowe znaczenie dla optymalnej wydajno\u015bci. Zacznij od upewnienia si\u0119, \u017ce wszystkie elementy s\u0105 czyste i wolne od zanieczyszcze\u0144. Prawid\u0142owo ustaw si\u0142ownik wzgl\u0119dem wspornik\u00f3w monta\u017cowych, aby zapobiec nadmiernym napr\u0119\u017ceniom. U\u017cyj odpowiednich wspornik\u00f3w monta\u017cowych, aby zabezpieczy\u0107 si\u0142ownik na miejscu. Zawsze nale\u017cy przestrzega\u0107 zalece\u0144 producenta dotycz\u0105cych momentu obrotowego i procedur instalacji. Po monta\u017cu nale\u017cy przeprowadzi\u0107 dok\u0142adn\u0105 kontrol\u0119, aby upewni\u0107 si\u0119, \u017ce wszystkie po\u0142\u0105czenia s\u0105 bezpieczne i dzia\u0142aj\u0105 zgodnie z przeznaczeniem.<\/p>\n<h2>Typowe zadania konserwacyjne<\/h2>\n<ul>\n<li><strong>Regularne kontrole:<\/strong> Zaplanuj rutynowe kontrole w celu oceny stanu uk\u0142adu hydraulicznego i zidentyfikowania potencjalnych problem\u00f3w zanim si\u0119 pogorsz\u0105.<\/li>\n<li><strong>Prawid\u0142owe smarowanie:<\/strong> Regularnie smaruj cylinder zgodnie z zaleceniami producenta, aby zapewni\u0107 p\u0142ynn\u0105 prac\u0119 i zapobiec korozji.<\/li>\n<li><strong>Wymiana uszczelki:<\/strong> Nale\u017cy okresowo sprawdza\u0107 uszczelki i wymienia\u0107 je w razie zu\u017cycia, aby zapobiec wyciekom, kt\u00f3re mog\u0105 doprowadzi\u0107 do awarii uk\u0142adu hydraulicznego.<\/li>\n<\/ul>\n<h2>Zagadnienia bezpiecze\u0144stwa i czynniki \u015brodowiskowe<\/h2>\n<p>Podczas u\u017cytkowania si\u0142ownik\u00f3w hydraulicznych kluczowe jest wdro\u017cenie odpowiednich \u015brodk\u00f3w bezpiecze\u0144stwa. Obejmuje to zapewnienie, \u017ce operatorzy s\u0105 przeszkoleni w zakresie obs\u0142ugi sprz\u0119tu i znaj\u0105 protoko\u0142y bezpiecze\u0144stwa. Utrzymanie czystego \u015brodowiska pracy i prawid\u0142owa utylizacja p\u0142yn\u00f3w hydraulicznych s\u0105 r\u00f3wnie\u017c kluczowe dla minimalizacji wp\u0142ywu na \u015brodowisko.<\/p>\n<h2>Rozwi\u0105zywanie problem\u00f3w i typowe problemy<\/h2>\n<ul>\n<li><strong>Wycieki hydrauliczne:<\/strong> Wycieki mog\u0105 by\u0107 spowodowane zu\u017cytymi uszczelkami lub uszkodzonymi podzespo\u0142ami. Regularne kontrole pozwalaj\u0105 wykry\u0107 problemy, zanim stan\u0105 si\u0119 powa\u017cne.<\/li>\n<li><strong>S\u0142aba reakcja cylindra:<\/strong> Je\u017celi cylinder nie reaguje prawid\u0142owo, nale\u017cy sprawdzi\u0107 poziom p\u0142ynu hydraulicznego i upewni\u0107 si\u0119, \u017ce w uk\u0142adzie nie ma p\u0119cherzyk\u00f3w powietrza.<\/li>\n<li><strong>Ha\u0142a\u015bliwa praca:<\/strong> Nadmierny ha\u0142as mo\u017ce wskazywa\u0107 na niski poziom p\u0142ynu lub problemy mechaniczne w cylindrze. Regularna konserwacja mo\u017ce pom\u00f3c unikn\u0105\u0107 tych problem\u00f3w.<\/li>\n<\/ul>\n<h2>Wskaz\u00f3wki dotycz\u0105ce rozwi\u0105zywania problem\u00f3w<\/h2>\n<p>Aby skutecznie diagnozowa\u0107 i rozwi\u0105zywa\u0107 problemy z uk\u0142adem hydraulicznym, nale\u017cy upewni\u0107 si\u0119, \u017ce wszystkie po\u0142\u0105czenia s\u0105 szczelne, a poziom p\u0142ynu hydraulicznego jest optymalny. Wczesne wykrywanie wyciek\u00f3w jest kluczowe; nale\u017cy stosowa\u0107 odpowiednie techniki, aby zlokalizowa\u0107 \u017ar\u00f3d\u0142o. Regularne kontrole konserwacyjne mog\u0105 zapobiec wielu typowym problemom, zanim si\u0119 nasil\u0105, zapewniaj\u0105c wydajno\u015b\u0107 i niezawodno\u015b\u0107 uk\u0142adu.<\/p>\n<p><img decoding=\"async\" src=\"https:\/\/www.hydraulic-cylinders.net\/wp-content\/uploads\/2025\/04\/songte-bushings-with-all-kinds-of-excavator-models.webp\" alt=\"Tuleje koparki\"><\/p>\n<h2>Wprowadzenie do firmy<\/h2>\n<p>Jeste\u015bmy wiod\u0105cym producentem zamiennych si\u0142ownik\u00f3w hydraulicznych, oferuj\u0105cym szerok\u0105 gam\u0119 produkt\u00f3w, spe\u0142niaj\u0105cych wymagania rynku krajowego i mi\u0119dzynarodowego. Nasze d\u0105\u017cenie do doskona\u0142o\u015bci jest wspierane przez dopracowan\u0105 strategi\u0119 produkcyjn\u0105, kt\u00f3ra obejmuje zaawansowane technologie i wykwalifikowany personel. Dzi\u0119ki ci\u0105g\u0142emu rozwojowi naszych mo\u017cliwo\u015bci produkcyjnych i priorytetowemu traktowaniu kontroli jako\u015bci, gwarantujemy, \u017ce nasze produkty spe\u0142niaj\u0105 najwy\u017csze standardy. Nasze do\u015bwiadczenie obejmuje profesjonaln\u0105 produkcj\u0119, mi\u0119dzynarodowe certyfikaty, us\u0142ugi niestandardowe, zaawansowany sprz\u0119t produkcyjny oraz wyj\u0105tkow\u0105 obs\u0142ug\u0119 posprzeda\u017cow\u0105, co pozwala nam skutecznie zaspokaja\u0107 zr\u00f3\u017cnicowane potrzeby klient\u00f3w.<\/p>\n<p><img decoding=\"async\" src=\"https:\/\/www.hydraulic-cylinders.net\/wp-content\/uploads\/2025\/04\/songte-company-4.webp\" alt=\"Przegl\u0105d firmy\"><br \/>\n<img decoding=\"async\" src=\"https:\/\/www.hydraulic-cylinders.net\/wp-content\/uploads\/2025\/04\/songte-company-3.webp\" alt=\"Zak\u0142ad produkcyjny\"><\/p>\n<p>Autor: lyl<\/p>","protected":false},"excerpt":{"rendered":"<p>Boom Cylinder For Bonny CE2200-7 Product Overview The Boom Cylinder for Bonny CE2200-7 is an essential hydraulic component designed to control the movement of buckets in heavy machinery such as excavators, backhoe loaders, and front loaders. Bucket cylinders play a crucial role in facilitating tasks related to material handling by enabling the raising, lowering, and [&hellip;]<\/p>","protected":false},"featured_media":17871,"comment_status":"open","ping_status":"closed","template":"","meta":{"_et_pb_use_builder":"","_et_pb_old_content":"","_et_gb_content_width":""},"product_brand":[],"product_cat":[1546],"product_tag":[1547,1496],"class_list":{"0":"post-19653","1":"product","2":"type-product","3":"status-publish","4":"has-post-thumbnail","6":"product_cat-boom-cylinders","7":"product_tag-boom-cylinders","8":"product_tag-hydraulic-cylinders","10":"first","11":"instock","12":"shipping-taxable","13":"product-type-simple"},"amp_enabled":true,"_links":{"self":[{"href":"https:\/\/www.hydraulic-cylinders.net\/pl\/wp-json\/wp\/v2\/product\/19653","targetHints":{"allow":["GET"]}}],"collection":[{"href":"https:\/\/www.hydraulic-cylinders.net\/pl\/wp-json\/wp\/v2\/product"}],"about":[{"href":"https:\/\/www.hydraulic-cylinders.net\/pl\/wp-json\/wp\/v2\/types\/product"}],"replies":[{"embeddable":true,"href":"https:\/\/www.hydraulic-cylinders.net\/pl\/wp-json\/wp\/v2\/comments?post=19653"}],"wp:featuredmedia":[{"embeddable":true,"href":"https:\/\/www.hydraulic-cylinders.net\/pl\/wp-json\/wp\/v2\/media\/17871"}],"wp:attachment":[{"href":"https:\/\/www.hydraulic-cylinders.net\/pl\/wp-json\/wp\/v2\/media?parent=19653"}],"wp:term":[{"taxonomy":"product_brand","embeddable":true,"href":"https:\/\/www.hydraulic-cylinders.net\/pl\/wp-json\/wp\/v2\/product_brand?post=19653"},{"taxonomy":"product_cat","embeddable":true,"href":"https:\/\/www.hydraulic-cylinders.net\/pl\/wp-json\/wp\/v2\/product_cat?post=19653"},{"taxonomy":"product_tag","embeddable":true,"href":"https:\/\/www.hydraulic-cylinders.net\/pl\/wp-json\/wp\/v2\/product_tag?post=19653"}],"curies":[{"name":"wp","href":"https:\/\/api.w.org\/{rel}","templated":true}]}}