{"id":19656,"date":"2025-04-07T07:00:04","date_gmt":"2025-04-07T07:00:04","guid":{"rendered":"https:\/\/www.hydraulic-cylinders.net\/product\/boom-cylinder-for-bonny-ced1250-7\/"},"modified":"2025-04-07T07:00:07","modified_gmt":"2025-04-07T07:00:07","slug":"boom-cylinder-for-bonny-ced1250-7","status":"publish","type":"product","link":"https:\/\/www.hydraulic-cylinders.net\/pl\/produkt\/boom-cylinder-for-bonny-ced1250-7\/","title":{"rendered":"Si\u0142ownik wysi\u0119gnika do Bonny CED1250-7"},"content":{"rendered":"<h1>Si\u0142ownik wysi\u0119gnika do Bonny CED1250-7<\/h1>\n<h2>Wprowadzenie do cylindra wysi\u0119gnika<\/h2>\n<p>Si\u0142ownik wysi\u0119gnika, zaprojektowany specjalnie do koparko-\u0142adowarki Bonny CED1250-7, jest kluczowym elementem w r\u00f3\u017cnych maszynach ci\u0119\u017ckich, szczeg\u00f3lnie w uk\u0142adach hydraulicznych. Ten typ si\u0142ownika hydraulicznego zosta\u0142 zaprojektowany do sterowania ruchem \u0142y\u017cki, umo\u017cliwiaj\u0105c jej podnoszenie, opuszczanie i przechylanie. Funkcjonalno\u015b\u0107 si\u0142ownika wysi\u0119gnika jest niezb\u0119dna podczas zada\u0144 zwi\u0105zanych z prze\u0142adunkiem materia\u0142\u00f3w, co czyni go niezast\u0105pionym w zastosowaniach budowlanych i rolniczych.<\/p>\n<p><img decoding=\"async\" src=\"https:\/\/www.hydraulic-cylinders.net\/wp-content\/uploads\/2025\/04\/songte-company-1.webp\" alt=\"Obraz cylindra wysi\u0119gnika\"><\/p>\n<h3>Definicja i przegl\u0105d<\/h3>\n<p>Si\u0142ownik wysi\u0119gnika to specjalistyczny si\u0142ownik hydrauliczny, kt\u00f3ry u\u0142atwia precyzyjne przemieszczanie \u0142y\u017cek w ci\u0119\u017ckich maszynach, takich jak koparki, koparko-\u0142adowarki i \u0142adowarki czo\u0142owe. Jego g\u0142\u00f3wnym zadaniem jest wykorzystanie ci\u015bnienia hydraulicznego w celu zapewnienia p\u0142ynnego i kontrolowanego ruchu, umo\u017cliwiaj\u0105c operatorom efektywne wykonywanie r\u00f3\u017cnych zada\u0144, od kopania po transport materia\u0142\u00f3w. Si\u0142owniki te s\u0105 zaprojektowane tak, aby wytrzymywa\u0107 znaczne si\u0142y i dzia\u0142a\u0107 pod wysokim ci\u015bnieniem, co czyni je niezb\u0119dnymi dla prawid\u0142owego dzia\u0142ania ci\u0119\u017ckiego sprz\u0119tu.<\/p>\n<h2>Cechy cylindra wysi\u0119gnika<\/h2>\n<ul>\n<li><strong>Wysoka wytrzyma\u0142o\u015b\u0107 i trwa\u0142o\u015b\u0107:<\/strong> Wykonany z wysokowytrzyma\u0142ej stali lub aluminium, si\u0142ownik wysi\u0119gnika wytrzymuje wysokie ci\u015bnienie i du\u017ce obci\u0105\u017cenia, a jednocze\u015bnie sprawdza si\u0119 w trudnych warunkach pracy. Zosta\u0142 zaprojektowany z my\u015bl\u0105 o odporno\u015bci na zu\u017cycie i korozj\u0119, aby wyd\u0142u\u017cy\u0107 jego \u017cywotno\u015b\u0107.<\/li>\n<li><strong>Wydajna praca uk\u0142adu hydraulicznego:<\/strong> Si\u0142ownik wykorzystuje ci\u015bnienie oleju hydraulicznego, co pozwala na p\u0142ynne wysuwanie i wsuwanie, co pozwala na szybk\u0105 reakcj\u0119 na polecenia operatora i generuje du\u017c\u0105 si\u0142\u0119 pchania i ci\u0105gni\u0119cia, idealn\u0105 do wykonywania ci\u0119\u017ckich i skomplikowanych zada\u0144.<\/li>\n<li><strong>R\u00f3\u017cne typy:<\/strong> Dost\u0119pne w konfiguracji jednostronnego dzia\u0142ania (dzia\u0142aj\u0105cej w jednym kierunku) lub dwustronnego dzia\u0142ania (dzia\u0142aj\u0105cej w obu kierunkach), si\u0142owniki te mo\u017cna dostosowa\u0107 do r\u00f3\u017cnych wymaga\u0144 operacyjnych. Niekt\u00f3re modele s\u0105 teleskopowe, co pozwala na wi\u0119kszy zasi\u0119g bez zwi\u0119kszania wymiar\u00f3w zewn\u0119trznych, dzi\u0119ki czemu nadaj\u0105 si\u0119 do zastosowa\u0144 w ograniczonej przestrzeni.<\/li>\n<\/ul>\n<p>Potrafimy wyprodukowa\u0107 ten produkt, a nasze cylindry doskonale zast\u0105pi\u0105 te obecnie u\u017cywane.<\/p>\n<p><img decoding=\"async\" src=\"https:\/\/www.hydraulic-cylinders.net\/wp-content\/uploads\/2025\/04\/songte-cylinder-head-with-all-kinds-excavator-models.webp\" alt=\"Modele koparek\"><\/p>\n<h2>Scenariusze zastosowa\u0144<\/h2>\n<h3>Sprz\u0119t budowlany<\/h3>\n<p>W koparkach si\u0142owniki wysi\u0119gnika odgrywaj\u0105 kluczow\u0105 rol\u0119 w kopaniu, za\u0142adunku i przemieszczaniu ziemi lub gruzu. S\u0105 one niezb\u0119dne nie tylko podczas wykop\u00f3w, ale tak\u017ce podczas podnoszenia, zapewniaj\u0105c sprawne zarz\u0105dzanie ci\u0119\u017ckimi materia\u0142ami podczas projekt\u00f3w budowlanych.<\/p>\n<h3>Maszyny rolnicze<\/h3>\n<p>W \u0142adowarkach czo\u0142owych si\u0142owniki wysi\u0119gnika s\u0142u\u017c\u0105 do nabierania, podnoszenia i transportu gleby, siana i innych materia\u0142\u00f3w. Ich zdolno\u015b\u0107 do wykonywania wielu zada\u0144 czyni je nieocenionymi w pracach rolniczych, zar\u00f3wno do przemieszczania materia\u0142\u00f3w sypkich, jak i wspomagania zarz\u0105dzania gruntami.<\/p>\n<h3>Koparki<\/h3>\n<p>W koparkach si\u0142ownik wysi\u0119gnika umo\u017cliwia skuteczne zag\u0142\u0119bianie si\u0119 \u0142y\u017cki w gleb\u0119, umo\u017cliwiaj\u0105c sprawne kopanie. Funkcja ta ma kluczowe znaczenie w przypadku wielu r\u00f3\u017cnych prac wykopaliskowych, gwarantuj\u0105c szybk\u0105 i precyzyjn\u0105 realizacj\u0119 projekt\u00f3w.<\/p>\n<h3>\u0141adowarki<\/h3>\n<p>W \u0142adowarkach czo\u0142owych si\u0142owniki wysi\u0119gnika u\u0142atwiaj\u0105 efektywne podnoszenie i opr\u00f3\u017cnianie \u0142adunk\u00f3w. Ich du\u017ca si\u0142a podnoszenia pozwala operatorom z \u0142atwo\u015bci\u0105 obs\u0142ugiwa\u0107 ci\u0119\u017ckie \u0142adunki, co przek\u0142ada si\u0119 na wi\u0119ksz\u0105 wydajno\u015b\u0107 pracy.<\/p>\n<h2>Zagadnienia projektowe i standardy wyboru<\/h2>\n<ul>\n<li><strong>No\u015bno\u015b\u0107:<\/strong> Ud\u017awig si\u0142ownika wysi\u0119gnika jest kluczowym czynnikiem konstrukcyjnym. Musi on by\u0107 w stanie unie\u015b\u0107 i utrzyma\u0107 ci\u0119\u017car przenoszonych materia\u0142\u00f3w bez uszczerbku dla bezpiecze\u0144stwa i wydajno\u015bci. In\u017cynierowie przeprowadzaj\u0105 rygorystyczne obliczenia, aby okre\u015bli\u0107 odpowiednie specyfikacje w oparciu o planowane zastosowania i wymagania operacyjne.<\/li>\n<li><strong>Mechanizmy uszczelniaj\u0105ce:<\/strong> Skuteczne uszczelnienie jest niezb\u0119dne, aby zapobiec wyciekom p\u0142ynu hydraulicznego i utrzyma\u0107 ci\u015bnienie w cylindrze. Dob\u00f3r uszczelnie\u0144, takich jak uszczelnienia t\u0142ok\u00f3w i t\u0142oczysk, opiera si\u0119 na materia\u0142ach odpornych na warunki \u015brodowiskowe i zu\u017cycie, zapewniaj\u0105c d\u0142ugotrwa\u0142\u0105 niezawodno\u015b\u0107.<\/li>\n<li><strong>Trwa\u0142o\u015b\u0107:<\/strong> Si\u0142owniki wysi\u0119gnika musz\u0105 by\u0107 zaprojektowane z my\u015bl\u0105 o d\u0142ugiej \u017cywotno\u015bci. Obejmuje to kwestie dotycz\u0105ce zastosowanych materia\u0142\u00f3w, odporno\u015bci na zm\u0119czenie oraz mo\u017cliwo\u015bci pracy w trudnych warunkach, kt\u00f3re mog\u0105 obejmowa\u0107 nara\u017cenie na brud, wilgo\u0107 i ekstremalne temperatury.<\/li>\n<li><strong>Funkcje bezpiecze\u0144stwa:<\/strong> Bezpiecze\u0144stwo jest priorytetem przy projektowaniu cylindr\u00f3w hydraulicznych. Zastosowanie zabezpiecze\u0144 zapobiegaj\u0105cych nadmiernemu rozci\u0105gni\u0119ciu i nadmiernemu ci\u015bnieniu ma kluczowe znaczenie dla zapewnienia bezpiecznej obs\u0142ugi maszyn i dobrego samopoczucia operator\u00f3w.<\/li>\n<li><strong>Utrzymywalno\u015b\u0107:<\/strong> Projektowanie z my\u015bl\u0105 o konserwacji jest kluczowe. Cylinder powinien umo\u017cliwia\u0107 \u0142atwy dost\u0119p do uszczelnie\u0144 i podzespo\u0142\u00f3w w celu regularnej kontroli i wymiany, minimalizuj\u0105c przestoje i koszty napraw.<\/li>\n<\/ul>\n<p><img decoding=\"async\" src=\"https:\/\/www.hydraulic-cylinders.net\/wp-content\/uploads\/2025\/04\/songte-oil-pipes-and-spare-parts.webp\" alt=\"Cz\u0119\u015bci hydrauliczne\"><\/p>\n<h2>Uszczelnianie i smarowanie<\/h2>\n<p>Si\u0142ownik wysi\u0119gnika wykorzystuje r\u00f3\u017cne elementy uszczelniaj\u0105ce, takie jak uszczelnienia t\u0142oka i t\u0142oczyska, aby zapewni\u0107 optymaln\u0105 wydajno\u015b\u0107. Uszczelnienia s\u0105 zazwyczaj wykonane z trwa\u0142ych materia\u0142\u00f3w, takich jak poliuretan lub guma nitrylowa, aby by\u0142y odporne na \u015bcieranie i warunki atmosferyczne. Powierzchnie korpusu si\u0142ownika i gwintowane ko\u0144c\u00f3wki s\u0105 precyzyjnie obrobione, aby zwi\u0119kszy\u0107 odporno\u015b\u0107 na zu\u017cycie. Regularne smarowanie olejem hydraulicznym jest niezb\u0119dne do utrzymania sprawno\u015bci si\u0142ownika, co wymaga okresowych kontroli w celu zapewnienia odpowiedniego poziomu oleju.<\/p>\n<h2>Regularne kontrole i konserwacja zapobiegawcza<\/h2>\n<ul>\n<li><strong>Przegl\u0105dy okresowe:<\/strong> Regularne kontrole s\u0105 niezb\u0119dne w celu wykrycia wszelkich oznak zu\u017cycia lub wyciek\u00f3w. Operatorzy powinni ustali\u0107 harmonogram konserwacji, aby sprawdzi\u0107 szczelno\u015b\u0107 uszczelek, armatury i przewod\u00f3w.<\/li>\n<li><strong>Smarowanie:<\/strong> Upewnij si\u0119, \u017ce cylinder jest zawsze odpowiednio smarowany. U\u017cywaj zalecanego rodzaju oleju hydraulicznego i przestrzegaj zalece\u0144 producenta dotycz\u0105cych cz\u0119stotliwo\u015bci smarowania.<\/li>\n<li><strong>Wymiana uszczelki:<\/strong> Monitoruj stan uszczelek i wymieniaj je w razie potrzeby, aby zapobiec wyciekom p\u0142ynu i utrzyma\u0107 wydajno\u015b\u0107 ci\u015bnienia.<\/li>\n<\/ul>\n<h2>Prawid\u0142owe wytyczne dotycz\u0105ce instalacji<\/h2>\n<p>Prawid\u0142owy monta\u017c si\u0142ownika wysi\u0119gnika ma kluczowe znaczenie dla optymalnej wydajno\u015bci. Zacznij od upewnienia si\u0119, \u017ce si\u0142ownik jest dok\u0142adnie wyosiowany, aby unikn\u0105\u0107 nadmiernego obci\u0105\u017cenia podzespo\u0142\u00f3w. U\u017cyj odpowiednich wspornik\u00f3w monta\u017cowych, aby zabezpieczy\u0107 si\u0142ownik na miejscu, zapobiegaj\u0105c jego przemieszczaniu si\u0119 podczas pracy. Post\u0119puj zgodnie ze specyfikacjami producenta dotycz\u0105cymi momentu obrotowego dla \u015brub i z\u0142\u0105czy. Upewnij si\u0119, \u017ce po\u0142\u0105czenia hydrauliczne s\u0105 szczelne i sprawd\u017a, czy uk\u0142ad zosta\u0142 odpowietrzony przed uruchomieniem. Regularnie sprawdzaj wyosiowanie i stan si\u0142ownika po monta\u017cu, aby zapewni\u0107 jego sta\u0142\u0105 wydajno\u015b\u0107.<\/p>\n<h2>Zadania konserwacyjne<\/h2>\n<ul>\n<li><strong>Regularne kontrole:<\/strong> Cz\u0119ste kontrole zu\u017cycia i uszkodze\u0144 pozwalaj\u0105 na wczesne wykrycie potencjalnych problem\u00f3w. Regularne przegl\u0105dy pomagaj\u0105 utrzyma\u0107 wydajno\u015b\u0107 i wyd\u0142u\u017cy\u0107 \u017cywotno\u015b\u0107 cylindra.<\/li>\n<li><strong>Prawid\u0142owe smarowanie:<\/strong> Regularne smarowanie jest niezb\u0119dne, aby zapobiec tarciu i zu\u017cyciu cylindra. Nale\u017cy pami\u0119ta\u0107 o uzupe\u0142nianiu oleju hydraulicznego zgodnie z harmonogramem konserwacji.<\/li>\n<li><strong>Wymiana i kalibracja uszczelki:<\/strong> Uszczelki nale\u017cy wymienia\u0107 w zale\u017cno\u015bci od ich stanu. Regularne kontrole kalibracji zapewniaj\u0105, \u017ce cylinder dzia\u0142a w okre\u015blonych parametrach i utrzymuje wydajno\u015b\u0107.<\/li>\n<\/ul>\n<h2>Zagadnienia bezpiecze\u0144stwa i czynniki \u015brodowiskowe<\/h2>\n<p>Podczas obs\u0142ugi uk\u0142ad\u00f3w hydraulicznych \u015brodki bezpiecze\u0144stwa maj\u0105 kluczowe znaczenie. Operatorzy powinni przestrzega\u0107 protoko\u0142\u00f3w bezpiecze\u0144stwa, aby zapobiega\u0107 wypadkom i zapewni\u0107 bezpieczne u\u017cytkowanie sprz\u0119tu. Kluczowe jest wdro\u017cenie \u015brodk\u00f3w bezpiecze\u0144stwa, takich jak zawory bezpiecze\u0144stwa oraz odpowiednie przeszkolenie personelu obs\u0142uguj\u0105cego maszyny hydrauliczne. Ponadto czynniki \u015brodowiskowe, takie jak skrajne temperatury i nara\u017cenie na zanieczyszczenia, mog\u0105 wp\u0142ywa\u0107 na wydajno\u015b\u0107 i \u017cywotno\u015b\u0107 podzespo\u0142\u00f3w hydraulicznych, dlatego nale\u017cy zachowa\u0107 szczeg\u00f3ln\u0105 ostro\u017cno\u015b\u0107 podczas obs\u0142ugi i konserwacji.<\/p>\n<h2>Rozwi\u0105zywanie problem\u00f3w i typowe problemy<\/h2>\n<ul>\n<li><strong>Wycieki p\u0142yn\u00f3w:<\/strong> Sprawd\u017a, czy nie ma \u015blad\u00f3w wycieku p\u0142ynu, co mo\u017ce wskazywa\u0107 na uszkodzenie uszczelki. Sprawd\u017a po\u0142\u0105czenia i wymie\u0144 uszczelki w razie potrzeby, aby przywr\u00f3ci\u0107 ich funkcjonalno\u015b\u0107.<\/li>\n<li><strong>S\u0142aba wydajno\u015b\u0107:<\/strong> Je\u015bli si\u0142ownik nie reaguje prawid\u0142owo, przyczyn\u0105 mo\u017ce by\u0107 niski poziom p\u0142ynu hydraulicznego lub zapowietrzenie uk\u0142adu. Upewnij si\u0119, \u017ce poziom p\u0142ynu jest prawid\u0142owy i w razie potrzeby odpowietrz uk\u0142ad.<\/li>\n<li><strong>Przegrzanie:<\/strong> Przegrzanie mo\u017ce by\u0107 spowodowane nadmiernym obci\u0105\u017ceniem lub niewystarczaj\u0105cym smarowaniem. Regularnie monitoruj temperatur\u0119 pracy i odpowiednio dostosuj obci\u0105\u017cenie.<\/li>\n<\/ul>\n<h2>Wskaz\u00f3wki dotycz\u0105ce rozwi\u0105zywania problem\u00f3w<\/h2>\n<p>Aby skutecznie diagnozowa\u0107 i rozwi\u0105zywa\u0107 problemy z si\u0142ownikiem wysi\u0119gnika, nale\u017cy dzia\u0142a\u0107 proaktywnie. Regularnie sprawdzaj uk\u0142ad pod k\u0105tem oznak zu\u017cycia i rozwi\u0105zuj drobne problemy, zanim przerodz\u0105 si\u0119 w powa\u017cne awarie. Wdra\u017caj \u015brodki zapobiegawcze, takie jak odpowiednie smarowanie i regularne przegl\u0105dy konserwacyjne, aby zminimalizowa\u0107 potencjalne komplikacje i zapewni\u0107 bezproblemow\u0105 prac\u0119.<\/p>\n<p><img decoding=\"async\" src=\"https:\/\/www.hydraulic-cylinders.net\/wp-content\/uploads\/2025\/04\/songte-bushings-with-all-kinds-of-excavator-models.webp\" alt=\"Tuleje koparki\"><\/p>\n<h2>O naszej firmie<\/h2>\n<p>Jeste\u015bmy wiod\u0105cym producentem zamiennych si\u0142ownik\u00f3w hydraulicznych, oferuj\u0105cym szerok\u0105 gam\u0119 produkt\u00f3w, dzi\u0119ki kt\u00f3rym stali\u015bmy si\u0119 jednym z czo\u0142owych producent\u00f3w i hurtownik\u00f3w na rynku krajowym i mi\u0119dzynarodowym. Nasze d\u0105\u017cenie do doskona\u0142o\u015bci jest poparte udoskonalon\u0105 strategi\u0105 zarz\u0105dzania produkcj\u0105 w naszych wyspecjalizowanych warsztatach produkcyjnych. Stale udoskonalamy nasz\u0105 platform\u0119 produkcyjn\u0105 dzi\u0119ki wykwalifikowanym pracownikom, zaawansowanemu sprz\u0119towi do produkcji cyfrowej oraz solidnemu systemowi kontroli, co przek\u0142ada si\u0119 na wysok\u0105 wydajno\u015b\u0107, precyzj\u0119 i jako\u015b\u0107, kt\u00f3re spe\u0142niaj\u0105 zr\u00f3\u017cnicowane potrzeby naszych klient\u00f3w.<\/p>\n<p><img decoding=\"async\" src=\"https:\/\/www.hydraulic-cylinders.net\/wp-content\/uploads\/2025\/04\/songte-company-4.webp\" alt=\"Przegl\u0105d firmy\"><br \/>\n<img decoding=\"async\" src=\"https:\/\/www.hydraulic-cylinders.net\/wp-content\/uploads\/2025\/04\/songte-company-3.webp\" alt=\"Zak\u0142ad produkcyjny\"><\/p>\n<h2>Wniosek<\/h2>\n<p>Nasza firma szczyci si\u0119 profesjonalizmem, mi\u0119dzynarodowymi certyfikatami, spersonalizowanymi us\u0142ugami, zaawansowanym sprz\u0119tem produkcyjnym i dedykowanym wsparciem posprzeda\u017cowym. Zale\u017cy nam na dostarczaniu wysokiej jako\u015bci rozwi\u0105za\u0144 hydraulicznych, kt\u00f3re spe\u0142niaj\u0105 zmieniaj\u0105ce si\u0119 potrzeby naszych klient\u00f3w z r\u00f3\u017cnych bran\u017c.<\/p>\n<p>Autor: lyl<\/p>","protected":false},"excerpt":{"rendered":"<p>Boom Cylinder For Bonny CED1250-7 Introduction to Boom Cylinder The Boom Cylinder, specifically designed for the Bonny CED1250-7, is a critical component in various heavy machinery, particularly in hydraulic systems. This type of hydraulic cylinder is engineered to control the movement of a bucket, enabling it to lift, lower, and tilt. The functionality of the [&hellip;]<\/p>","protected":false},"featured_media":17874,"comment_status":"open","ping_status":"closed","template":"","meta":{"_et_pb_use_builder":"","_et_pb_old_content":"","_et_gb_content_width":""},"product_brand":[],"product_cat":[1546],"product_tag":[1547,1496],"class_list":{"0":"post-19656","1":"product","2":"type-product","3":"status-publish","4":"has-post-thumbnail","6":"product_cat-boom-cylinders","7":"product_tag-boom-cylinders","8":"product_tag-hydraulic-cylinders","10":"first","11":"instock","12":"shipping-taxable","13":"product-type-simple"},"amp_enabled":true,"_links":{"self":[{"href":"https:\/\/www.hydraulic-cylinders.net\/pl\/wp-json\/wp\/v2\/product\/19656","targetHints":{"allow":["GET"]}}],"collection":[{"href":"https:\/\/www.hydraulic-cylinders.net\/pl\/wp-json\/wp\/v2\/product"}],"about":[{"href":"https:\/\/www.hydraulic-cylinders.net\/pl\/wp-json\/wp\/v2\/types\/product"}],"replies":[{"embeddable":true,"href":"https:\/\/www.hydraulic-cylinders.net\/pl\/wp-json\/wp\/v2\/comments?post=19656"}],"wp:featuredmedia":[{"embeddable":true,"href":"https:\/\/www.hydraulic-cylinders.net\/pl\/wp-json\/wp\/v2\/media\/17874"}],"wp:attachment":[{"href":"https:\/\/www.hydraulic-cylinders.net\/pl\/wp-json\/wp\/v2\/media?parent=19656"}],"wp:term":[{"taxonomy":"product_brand","embeddable":true,"href":"https:\/\/www.hydraulic-cylinders.net\/pl\/wp-json\/wp\/v2\/product_brand?post=19656"},{"taxonomy":"product_cat","embeddable":true,"href":"https:\/\/www.hydraulic-cylinders.net\/pl\/wp-json\/wp\/v2\/product_cat?post=19656"},{"taxonomy":"product_tag","embeddable":true,"href":"https:\/\/www.hydraulic-cylinders.net\/pl\/wp-json\/wp\/v2\/product_tag?post=19656"}],"curies":[{"name":"wp","href":"https:\/\/api.w.org\/{rel}","templated":true}]}}