{"id":19658,"date":"2025-04-07T07:00:10","date_gmt":"2025-04-07T07:00:10","guid":{"rendered":"https:\/\/www.hydraulic-cylinders.net\/product\/boom-cylinder-for-bonny-wzy42-7\/"},"modified":"2025-04-07T07:00:13","modified_gmt":"2025-04-07T07:00:13","slug":"boom-cylinder-for-bonny-wzy42-7","status":"publish","type":"product","link":"https:\/\/www.hydraulic-cylinders.net\/pl\/produkt\/boom-cylinder-for-bonny-wzy42-7\/","title":{"rendered":"Si\u0142ownik wysi\u0119gnika do Bonny WZY42-7"},"content":{"rendered":"<h1>Si\u0142ownik wysi\u0119gnika do Bonny WZY42-7<\/h1>\n<h2>Przegl\u0105d produktu<\/h2>\n<p>Si\u0142ownik wysi\u0119gnika Bonny WZY42-7 to specjalistyczny si\u0142ownik hydrauliczny przeznaczony do sterowania ruchem \u0142y\u017cek ci\u0119\u017ckich maszyn, takich jak koparki, koparko-\u0142adowarki i \u0142adowarki czo\u0142owe. Si\u0142owniki \u0142y\u017cek umo\u017cliwiaj\u0105 podnoszenie, opuszczanie i przechylanie \u0142y\u017cek, u\u0142atwiaj\u0105c wydajne zadania zwi\u0105zane z prze\u0142adunkiem materia\u0142\u00f3w. Te si\u0142owniki hydrauliczne s\u0105 kluczowymi elementami uk\u0142ad\u00f3w hydraulicznych, przetwarzaj\u0105cymi energi\u0119 hydrauliczn\u0105 w ruch mechaniczny.<\/p>\n<p><img decoding=\"async\" src=\"https:\/\/www.hydraulic-cylinders.net\/wp-content\/uploads\/2025\/04\/songte-company-1.webp\" alt=\"Si\u0142ownik wysi\u0119gnika\"><\/p>\n<h3>Definicja i przegl\u0105d<\/h3>\n<p>Si\u0142ownik \u0142y\u017cki to rodzaj si\u0142ownika hydraulicznego, stosowany w r\u00f3\u017cnych maszynach ci\u0119\u017ckich, w celu umo\u017cliwienia precyzyjnej kontroli ruchu \u0142y\u017cki. Si\u0142owniki te odgrywaj\u0105 kluczow\u0105 rol\u0119 w uk\u0142adzie hydraulicznym, wykorzystuj\u0105c p\u0142yn hydrauliczny do generowania si\u0142y i ruchu. W kontek\u015bcie budownictwa i rolnictwa, prawid\u0142owe dzia\u0142anie si\u0142ownik\u00f3w wysi\u0119gnika jest niezb\u0119dne do wykonywania zada\u0144 takich jak kopanie, podnoszenie i przemieszczanie materia\u0142\u00f3w. Zapewnia to wydajn\u0105 prac\u0119 maszyn pod du\u017cym obci\u0105\u017ceniem i przy du\u017cych obci\u0105\u017ceniach.<\/p>\n<h2>Cechy cylindra wysi\u0119gnika<\/h2>\n<ul>\n<li><strong>Wysoka wytrzyma\u0142o\u015b\u0107 i trwa\u0142o\u015b\u0107:<\/strong> Cylindry te, wykonane zazwyczaj z wytrzyma\u0142ej stali lub aluminium, wytrzymuj\u0105 du\u017ce ci\u015bnienie i du\u017ce obci\u0105\u017cenia, dzi\u0119ki czemu nadaj\u0105 si\u0119 do pracy w trudnych warunkach.<\/li>\n<li><strong>Wydajna praca uk\u0142adu hydraulicznego:<\/strong> Si\u0142ownik wysi\u0119gnika wykorzystuje ci\u015bnienie p\u0142ynu hydraulicznego, aby zapewni\u0107 p\u0142ynne wysuwanie i wsuwanie, umo\u017cliwiaj\u0105c szybk\u0105 reakcj\u0119 na polecenia steruj\u0105ce, co jest idealnym rozwi\u0105zaniem w przypadku ci\u0119\u017ckich i skomplikowanych zada\u0144 operacyjnych.<\/li>\n<li><strong>R\u00f3\u017cne typy:<\/strong> Dost\u0119pne w konfiguracji pojedynczego dzia\u0142ania (dzia\u0142anie hydrauliczne w jednym kierunku) lub podw\u00f3jnego dzia\u0142ania (dzia\u0142anie hydrauliczne w obu kierunkach), przy czym niekt\u00f3re modele maj\u0105 konstrukcj\u0119 teleskopow\u0105 zapewniaj\u0105c\u0105 wi\u0119kszy zasi\u0119g bez zwi\u0119kszania wymiar\u00f3w zewn\u0119trznych.<\/li>\n<li><strong>Zwi\u0119kszona odporno\u015b\u0107 na zu\u017cycie:<\/strong> Zaprojektowane tak, aby by\u0142y odporne na \u015bcieranie i korozj\u0119, co przek\u0142ada si\u0119 na d\u0142u\u017csz\u0105 \u017cywotno\u015b\u0107 i mniejsze potrzeby konserwacyjne.<\/li>\n<li><strong>Opcje dostosowywania:<\/strong> Specyfikacje dostosowane do konkretnych potrzeb operacyjnych i preferencji, gwarantuj\u0105ce optymaln\u0105 wydajno\u015b\u0107 w r\u00f3\u017cnych zastosowaniach.<\/li>\n<\/ul>\n<p>Jeste\u015bmy w stanie wyprodukowa\u0107 ten produkt i nasze produkty mog\u0105 doskonale zast\u0105pi\u0107 te cylindry hydrauliczne.<\/p>\n<p><img decoding=\"async\" src=\"https:\/\/www.hydraulic-cylinders.net\/wp-content\/uploads\/2025\/04\/songte-cylinder-head-with-all-kinds-excavator-models.webp\" alt=\"Modele koparek\"><\/p>\n<h2>Scenariusze zastosowa\u0144<\/h2>\n<h3>Sprz\u0119t budowlany<\/h3>\n<p>W koparkach si\u0142owniki wysi\u0119gnika odgrywaj\u0105 kluczow\u0105 rol\u0119 w kopaniu, za\u0142adunku i przemieszczaniu gleby lub gruzu. Zapewniaj\u0105 one si\u0142\u0119 niezb\u0119dn\u0105 do penetracji gruntu i sprawnego przemieszczania materia\u0142\u00f3w. Bez prawid\u0142owo dzia\u0142aj\u0105cego si\u0142ownika wysi\u0119gnika wydajno\u015b\u0107 koparki by\u0142aby powa\u017cnie ograniczona, co skutkowa\u0142oby wyd\u0142u\u017ceniem czasu realizacji projektu i wzrostem koszt\u00f3w operacyjnych.<\/p>\n<h3>Maszyny rolnicze<\/h3>\n<p>W \u0142adowarkach czo\u0142owych si\u0142owniki wysi\u0119gnika u\u0142atwiaj\u0105 nabieranie, podnoszenie i transport ziemi, siana i innych materia\u0142\u00f3w. S\u0105 one niezb\u0119dne do takich operacji, jak za\u0142adunek ci\u0119\u017car\u00f3wek czy prze\u0142adunek materia\u0142\u00f3w na r\u00f3\u017cne stanowiska, zapewniaj\u0105c wydajno\u015b\u0107 w rolnictwie.<\/p>\n<h3>Koparki<\/h3>\n<p>Si\u0142ownik wysi\u0119gnika umo\u017cliwia \u0142y\u017cce penetracj\u0119 gleby, co pozwala na efektywne kopanie. Ta funkcja jest niezb\u0119dna do precyzyjnego kopania na odpowiedniej g\u0142\u0119boko\u015bci i przemieszczania du\u017cych ilo\u015bci ziemi, co ma kluczowe znaczenie w projektach budowlanych i ogrodniczych.<\/p>\n<h3>\u0141adowarki<\/h3>\n<p>W \u0142adowarkach czo\u0142owych si\u0142owniki wysi\u0119gnika wspomagaj\u0105 wydajne podnoszenie i zrzucanie \u0142adunk\u00f3w. Zwi\u0119kszaj\u0105 one zdolno\u015b\u0107 maszyny do transportu ci\u0119\u017ckich materia\u0142\u00f3w, zapewniaj\u0105c efektywne wykonywanie zada\u0144 i optymalizuj\u0105c przep\u0142yw pracy w r\u00f3\u017cnych operacjach.<\/p>\n<h2>Rozwa\u017cania projektowe<\/h2>\n<h3>No\u015bno\u015b\u0107<\/h3>\n<p>Ud\u017awig si\u0142ownika wysi\u0119gnika ma kluczowe znaczenie dla zapewnienia jego wytrzyma\u0142o\u015bci na ci\u0119\u017car i napr\u0119\u017cenia materia\u0142\u00f3w poddawanych obr\u00f3bce. Wi\u0119kszy ud\u017awig zapewnia wi\u0119ksz\u0105 wszechstronno\u015b\u0107 operacji, umo\u017cliwiaj\u0105c obs\u0142ug\u0119 wi\u0119kszych i ci\u0119\u017cszych \u0142adunk\u00f3w bez ryzyka uszkodzenia lub awarii uk\u0142adu hydraulicznego.<\/p>\n<h3>Opiecz\u0119towanie<\/h3>\n<p>Skuteczne uszczelnienie jest niezb\u0119dne, aby zapobiec wyciekom p\u0142ynu hydraulicznego, kt\u00f3re mog\u0105 negatywnie wp\u0142yn\u0105\u0107 zar\u00f3wno na wydajno\u015b\u0107, jak i bezpiecze\u0144stwo. Aby utrzyma\u0107 ci\u015bnienie w cylindrze i zapewni\u0107 wydajn\u0105 prac\u0119, konieczne jest stosowanie wysokiej jako\u015bci uszczelnie\u0144, co zmniejsza ryzyko utraty i zanieczyszczenia p\u0142ynu hydraulicznego.<\/p>\n<h3>Trwa\u0142o\u015b\u0107<\/h3>\n<p>Trwa\u0142o\u015b\u0107 jest istotnym czynnikiem w projektowaniu si\u0142ownik\u00f3w wysi\u0119gnika, poniewa\u017c cz\u0119sto s\u0105 one nara\u017cone na trudne warunki. Materia\u0142y i pow\u0142oki odporne na zu\u017cycie i korozj\u0119 s\u0105 stosowane w celu zwi\u0119kszenia trwa\u0142o\u015bci i ograniczenia potrzeb konserwacyjnych, co ostatecznie prowadzi do obni\u017cenia koszt\u00f3w eksploatacji.<\/p>\n<h3>Bezpiecze\u0144stwo<\/h3>\n<p>Konstrukcja musi uwzgl\u0119dnia\u0107 funkcje bezpiecze\u0144stwa, aby chroni\u0107 operator\u00f3w i osoby postronne podczas pracy. Obejmuje to mechanizmy zapobiegaj\u0105ce nieoczekiwanym ruchom i zapewniaj\u0105ce wyra\u017ane wizualne wska\u017aniki stanu cylindra, co pozwala unikn\u0105\u0107 wypadk\u00f3w.<\/p>\n<h3>Utrzymywalno\u015b\u0107<\/h3>\n<p>Zaprojektowanie si\u0142ownik\u00f3w wysi\u0119gnika z my\u015bl\u0105 o \u0142atwej konserwacji gwarantuje ich szybkie i sprawne serwisowanie. Obejmuje to dost\u0119pno\u015b\u0107 kluczowych podzespo\u0142\u00f3w w celu ich kontroli, smarowania i wymiany, minimalizuj\u0105c w ten spos\u00f3b przestoje i zwi\u0119kszaj\u0105c og\u00f3ln\u0105 niezawodno\u015b\u0107 maszyn.<\/p>\n<p><img decoding=\"async\" src=\"https:\/\/www.hydraulic-cylinders.net\/wp-content\/uploads\/2025\/04\/songte-oil-pipes-and-spare-parts.webp\" alt=\"Rury olejowe i cz\u0119\u015bci zamienne\"><\/p>\n<h2>Uszczelnianie i smarowanie<\/h2>\n<p>Skuteczne uszczelnienie i smarowanie si\u0142ownika wysi\u0119gnika maj\u0105 kluczowe znaczenie dla jego wydajno\u015bci i trwa\u0142o\u015bci. R\u00f3\u017cne elementy uszczelniaj\u0105ce, takie jak uszczelnienia t\u0142oka i t\u0142oczyska, odgrywaj\u0105 rol\u0119 w utrzymaniu ci\u015bnienia hydraulicznego i zapobieganiu wyciekom p\u0142ynu. Wyb\u00f3r uszczelnie\u0144 wykonanych z materia\u0142\u00f3w odpornych na zu\u017cycie, takich jak poliuretan i kauczuk nitrylowy, zwi\u0119ksza trwa\u0142o\u015b\u0107 i zmniejsza cz\u0119stotliwo\u015b\u0107 wymiany.<\/p>\n<p>Ponadto korpus cylindra i gwintowane powierzchnie ko\u0144cowe powinny zosta\u0107 poddane precyzyjnej obr\u00f3bce, aby zwi\u0119kszy\u0107 odporno\u015b\u0107 na zu\u017cycie i wyd\u0142u\u017cy\u0107 \u017cywotno\u015b\u0107. Regularne uzupe\u0142nianie odpowiedniej ilo\u015bci oleju hydraulicznego w celu smarowania jest kluczowe, poniewa\u017c zmniejsza tarcie mi\u0119dzy ruchomymi cz\u0119\u015bciami, zwi\u0119kszaj\u0105c tym samym wydajno\u015b\u0107 operacyjn\u0105.<\/p>\n<h2>\u015arodki konserwacji zapobiegawczej<\/h2>\n<ul>\n<li><strong>Regularne kontrole:<\/strong> Zaplanuj rutynowe kontrole pod k\u0105tem oznak zu\u017cycia, uszkodze\u0144 lub wyciek\u00f3w. Regularne kontrole pomagaj\u0105 zidentyfikowa\u0107 potencjalne problemy, zanim si\u0119 nasil\u0105, zapewniaj\u0105c p\u0142ynne dzia\u0142anie si\u0142ownika wysi\u0119gnika.<\/li>\n<li><strong>W\u0142a\u015bciwe smarowanie:<\/strong> Upewnij si\u0119, \u017ce poziom oleju hydraulicznego jest odpowiedni i \u017ce u\u017cywany olej spe\u0142nia specyfikacje producenta. Prawid\u0142owe smarowanie minimalizuje tarcie, wyd\u0142u\u017ca \u017cywotno\u015b\u0107 podzespo\u0142\u00f3w i zapewnia efektywne dzia\u0142anie.<\/li>\n<li><strong>Wymiana uszczelek:<\/strong> Regularnie sprawdzaj uszczelki i wymieniaj je w razie potrzeby, aby zapobiega\u0107 wyciekom i utrzyma\u0107 ci\u015bnienie hydrauliczne. Terminowa wymiana uszczelek zapewnia optymaln\u0105 wydajno\u015b\u0107 i zapobiega kosztownym awariom.<\/li>\n<\/ul>\n<h2>Wytyczne dotycz\u0105ce instalacji<\/h2>\n<p>Prawid\u0142owy monta\u017c si\u0142ownika wysi\u0119gnika jest niezb\u0119dny dla jego efektywnego dzia\u0142ania. Przed monta\u017cem nale\u017cy upewni\u0107 si\u0119, \u017ce wszystkie elementy s\u0105 czyste i wolne od zanieczyszcze\u0144. Nale\u017cy prawid\u0142owo ustawi\u0107 si\u0142ownik, aby zapobiec jego zakleszczeniu podczas pracy. Zaleca si\u0119 u\u017cycie odpowiednich wspornik\u00f3w monta\u017cowych, aby zabezpieczy\u0107 si\u0142ownik, zapewniaj\u0105c stabilno\u015b\u0107 i minimalizuj\u0105c wibracje.<\/p>\n<p>Ostro\u017cnie pod\u0142\u0105cz przewody hydrauliczne, uwa\u017caj\u0105c, aby nie dokr\u0119ci\u0107 ich zbyt mocno, poniewa\u017c mo\u017ce to spowodowa\u0107 uszkodzenia. Po monta\u017cu sprawd\u017a szczelno\u015b\u0107 uk\u0142adu i przeprowad\u017a dok\u0142adn\u0105 kontrol\u0119 dzia\u0142ania, aby upewni\u0107 si\u0119, \u017ce si\u0142ownik dzia\u0142a prawid\u0142owo. Przestrzeganie tych wskaz\u00f3wek zapewni d\u0142ug\u0105 \u017cywotno\u015b\u0107 i wydajn\u0105 prac\u0119 si\u0142ownika wysi\u0119gnika.<\/p>\n<h2>Typowe zadania konserwacyjne<\/h2>\n<h3>Regularne kontrole<\/h3>\n<p>Regularne przegl\u0105dy s\u0105 kluczowe dla identyfikacji oznak zu\u017cycia lub potencjalnych punkt\u00f3w awarii. Obejmuje to sprawdzanie szczelno\u015bci, nietypowych d\u017awi\u0119k\u00f3w lub zmian w dzia\u0142aniu. Ustalenie harmonogramu rutynowej konserwacji pozwala na terminowe interwencje, zapobieganie nieoczekiwanym awariom i wyd\u0142u\u017ca \u017cywotno\u015b\u0107 maszyn.<\/p>\n<h3>Prawid\u0142owe smarowanie<\/h3>\n<p>Zapewnienie odpowiedniego smarowania si\u0142ownika wysi\u0119gnika jest kluczowe dla utrzymania wydajno\u015bci. Regularnie sprawdzaj i uzupe\u0142niaj olej hydrauliczny, przestrzegaj\u0105c specyfikacji producenta. Prawid\u0142owe smarowanie zmniejsza tarcie, zwi\u0119ksza wydajno\u015b\u0107 i minimalizuje zu\u017cycie podzespo\u0142\u00f3w, co ostatecznie wyd\u0142u\u017ca \u017cywotno\u015b\u0107 si\u0142ownika wysi\u0119gnika.<\/p>\n<h3>Wymiana i kalibracja uszczelek<\/h3>\n<p>Regularna wymiana uszczelnie\u0144 jest niezb\u0119dna do utrzymania ci\u015bnienia hydraulicznego i zapobiegania wyciekom. Monitoruj stan uszczelnie\u0144 i wymieniaj je przy pierwszych oznakach zu\u017cycia. Dodatkowo, kalibracja uk\u0142adu hydraulicznego zapewnia optymaln\u0105 wydajno\u015b\u0107 i precyzj\u0119 dzia\u0142ania, co jest kluczowe w przypadku zada\u0144 wymagaj\u0105cych precyzji.<\/p>\n<p><img decoding=\"async\" src=\"https:\/\/www.hydraulic-cylinders.net\/wp-content\/uploads\/2025\/04\/songte-chushion-collar.webp\" alt=\"Ko\u0142nierz Chushion\"><\/p>\n<h2>Zagadnienia bezpiecze\u0144stwa<\/h2>\n<p>Podczas pracy z uk\u0142adami hydraulicznymi \u015brodki bezpiecze\u0144stwa s\u0105 najwa\u017cniejsze. Odpowiednie przeszkolenie w zakresie obs\u0142ugi si\u0142ownik\u00f3w wysi\u0119gnika jest niezb\u0119dne, aby unikn\u0105\u0107 wypadk\u00f3w. Zawsze nale\u017cy nosi\u0107 odpowiedni sprz\u0119t ochrony osobistej (PPE) i upewni\u0107 si\u0119, \u017ce miejsce pracy jest wolne od zagro\u017ce\u0144. Ustanowienie protoko\u0142\u00f3w bezpiecze\u0144stwa i procedur awaryjnych mo\u017ce znacznie ograniczy\u0107 ryzyko zwi\u0105zane z obs\u0142ug\u0105 sprz\u0119tu hydraulicznego.<\/p>\n<h2>Diagnostyka usterek i typowe problemy<\/h2>\n<ul>\n<li><strong>Przeciek:<\/strong> Obecno\u015b\u0107 p\u0142ynu hydraulicznego na zewn\u0105trz cylindra mo\u017ce wskazywa\u0107 na uszkodzenie uszczelnienia. Regularne kontrole mog\u0105 pom\u00f3c we wczesnym wykryciu problem\u00f3w, ograniczaj\u0105c utrat\u0119 p\u0142ynu.<\/li>\n<li><strong>Obni\u017cona wydajno\u015b\u0107:<\/strong> Je\u015bli cylinder nie reaguje zgodnie z oczekiwaniami, nale\u017cy sprawdzi\u0107 poziom p\u0142ynu hydraulicznego i sprawdzi\u0107, czy w przewodach hydraulicznych nie ma zator\u00f3w.<\/li>\n<li><strong>Nietypowe d\u017awi\u0119ki:<\/strong> Zgrzytanie lub grzechotanie mo\u017ce wskazywa\u0107 na problemy mechaniczne lub brak smarowania. Nale\u017cy niezw\u0142ocznie zbada\u0107 te d\u017awi\u0119ki i zaj\u0105\u0107 si\u0119 nimi, aby unikn\u0105\u0107 dalszych uszkodze\u0144.<\/li>\n<\/ul>\n<h2>Wskaz\u00f3wki dotycz\u0105ce rozwi\u0105zywania problem\u00f3w<\/h2>\n<p>Aby skutecznie zdiagnozowa\u0107 i rozwi\u0105za\u0107 problemy z si\u0142ownikiem wysi\u0119gnika, nale\u017cy rozpocz\u0105\u0107 od dok\u0142adnej kontroli wszystkich podzespo\u0142\u00f3w. Nale\u017cy sprawdzi\u0107, czy nie wyst\u0119puj\u0105 widoczne \u015blady zu\u017cycia lub uszkodze\u0144 oraz upewni\u0107 si\u0119, \u017ce poziom p\u0142ynu hydraulicznego jest odpowiedni. W przypadku wykrycia wycieku nale\u017cy w razie potrzeby wymieni\u0107 uszczelki i sprawdzi\u0107 poprawno\u015b\u0107 po\u0142\u0105cze\u0144 przewod\u00f3w hydraulicznych. Wdra\u017caj\u0105c \u015brodki zapobiegawcze, takie jak regularna konserwacja i terminowe naprawy, operatorzy mog\u0105 zminimalizowa\u0107 ryzyko powa\u017cnych awarii i wyd\u0142u\u017cy\u0107 \u017cywotno\u015b\u0107 uk\u0142ad\u00f3w hydraulicznych.<\/p>\n<p><img decoding=\"async\" src=\"https:\/\/www.hydraulic-cylinders.net\/wp-content\/uploads\/2025\/04\/songte-bushings-with-all-kinds-of-excavator-models.webp\" alt=\"Tuleje z modelami koparek\"><\/p>\n<h2>O naszej firmie<\/h2>\n<p>Jeste\u015bmy wiod\u0105cym producentem si\u0142ownik\u00f3w hydraulicznych, specjalizuj\u0105cym si\u0119 w rozwi\u0105zaniach zamiennych do r\u00f3\u017cnych zastosowa\u0144. Nasza szeroka gama produkt\u00f3w zapewni\u0142a nam pozycj\u0119 jednego z czo\u0142owych producent\u00f3w i hurtownik\u00f3w na rynku krajowym i mi\u0119dzynarodowym. D\u0105\u017cymy do doskona\u0142o\u015bci w zakresie jako\u015bci i stosujemy udoskonalon\u0105 strategi\u0119 zarz\u0105dzania produkcj\u0105.<\/p>\n<p>Nasza firma stale rozwija mo\u017cliwo\u015bci produkcyjne, zatrudniaj\u0105c wykwalifikowanych technik\u00f3w, wykorzystuj\u0105c wysokiej klasy cyfrowy sprz\u0119t produkcyjny oraz profesjonalne systemy testowe. K\u0142ad\u0105c nacisk na wydajno\u015b\u0107, precyzj\u0119 i jako\u015b\u0107, d\u0105\u017cymy do zaspokojenia zr\u00f3\u017cnicowanych potrzeb klient\u00f3w, zapewniaj\u0105c jednocze\u015bnie najwy\u017csz\u0105 niezawodno\u015b\u0107 produkt\u00f3w.<\/p>\n<p><img decoding=\"async\" src=\"https:\/\/www.hydraulic-cylinders.net\/wp-content\/uploads\/2025\/04\/songte-company-4.webp\" alt=\"Przegl\u0105d firmy\"><br \/>\n<img decoding=\"async\" src=\"https:\/\/www.hydraulic-cylinders.net\/wp-content\/uploads\/2025\/04\/songte-company-3.webp\" alt=\"Obiekty firmy\"><\/p>\n<p>Autor: lyl<\/p>","protected":false},"excerpt":{"rendered":"<p>Boom Cylinder For Bonny WZY42-7 Product Overview The Boom Cylinder for Bonny WZY42-7 is a specialized hydraulic cylinder designed to control the movement of heavy machinery buckets, such as those found in excavators, backhoe loaders, and front loaders. Bucket cylinders allow for the lifting, lowering, and tilting of buckets, facilitating efficient material handling tasks. These [&hellip;]<\/p>","protected":false},"featured_media":17876,"comment_status":"open","ping_status":"closed","template":"","meta":{"_et_pb_use_builder":"","_et_pb_old_content":"","_et_gb_content_width":""},"product_brand":[],"product_cat":[1546],"product_tag":[1547,1496],"class_list":{"0":"post-19658","1":"product","2":"type-product","3":"status-publish","4":"has-post-thumbnail","6":"product_cat-boom-cylinders","7":"product_tag-boom-cylinders","8":"product_tag-hydraulic-cylinders","10":"first","11":"instock","12":"shipping-taxable","13":"product-type-simple"},"amp_enabled":true,"_links":{"self":[{"href":"https:\/\/www.hydraulic-cylinders.net\/pl\/wp-json\/wp\/v2\/product\/19658","targetHints":{"allow":["GET"]}}],"collection":[{"href":"https:\/\/www.hydraulic-cylinders.net\/pl\/wp-json\/wp\/v2\/product"}],"about":[{"href":"https:\/\/www.hydraulic-cylinders.net\/pl\/wp-json\/wp\/v2\/types\/product"}],"replies":[{"embeddable":true,"href":"https:\/\/www.hydraulic-cylinders.net\/pl\/wp-json\/wp\/v2\/comments?post=19658"}],"wp:featuredmedia":[{"embeddable":true,"href":"https:\/\/www.hydraulic-cylinders.net\/pl\/wp-json\/wp\/v2\/media\/17876"}],"wp:attachment":[{"href":"https:\/\/www.hydraulic-cylinders.net\/pl\/wp-json\/wp\/v2\/media?parent=19658"}],"wp:term":[{"taxonomy":"product_brand","embeddable":true,"href":"https:\/\/www.hydraulic-cylinders.net\/pl\/wp-json\/wp\/v2\/product_brand?post=19658"},{"taxonomy":"product_cat","embeddable":true,"href":"https:\/\/www.hydraulic-cylinders.net\/pl\/wp-json\/wp\/v2\/product_cat?post=19658"},{"taxonomy":"product_tag","embeddable":true,"href":"https:\/\/www.hydraulic-cylinders.net\/pl\/wp-json\/wp\/v2\/product_tag?post=19658"}],"curies":[{"name":"wp","href":"https:\/\/api.w.org\/{rel}","templated":true}]}}