{"id":19659,"date":"2025-04-07T07:00:13","date_gmt":"2025-04-07T07:00:13","guid":{"rendered":"https:\/\/www.hydraulic-cylinders.net\/product\/boom-cylinder-for-bonny-ctd460-6\/"},"modified":"2025-04-07T07:00:16","modified_gmt":"2025-04-07T07:00:16","slug":"boom-cylinder-for-bonny-ctd460-6","status":"publish","type":"product","link":"https:\/\/www.hydraulic-cylinders.net\/pl\/produkt\/boom-cylinder-for-bonny-ctd460-6\/","title":{"rendered":"Si\u0142ownik wysi\u0119gnika do Bonny CTD460-6"},"content":{"rendered":"<h1>Si\u0142ownik wysi\u0119gnika do Bonny CTD460-6<\/h1>\n<h2>Wprowadzenie do cylindr\u00f3w wysi\u0119gnika<\/h2>\n<p>Si\u0142ownik wysi\u0119gnika, cz\u0119sto nazywany si\u0142ownikiem \u0142y\u017cki, to specjalistyczny si\u0142ownik hydrauliczny przeznaczony g\u0142\u00f3wnie do sterowania ruchem \u0142y\u017cek w r\u00f3\u017cnych maszynach ci\u0119\u017ckich, takich jak koparki, koparko-\u0142adowarki i \u0142adowarki czo\u0142owe. Si\u0142owniki te umo\u017cliwiaj\u0105 podnoszenie, opuszczanie i przechylanie \u0142y\u017cki, u\u0142atwiaj\u0105c wydajne operacje transportu materia\u0142\u00f3w. Si\u0142ownik wysi\u0119gnika odgrywa kluczow\u0105 rol\u0119 w uk\u0142adach hydraulicznych, przekszta\u0142caj\u0105c energi\u0119 hydrauliczn\u0105 w energi\u0119 mechaniczn\u0105, zapewniaj\u0105c si\u0142\u0119 niezb\u0119dn\u0105 do wykonywania ci\u0119\u017ckich zada\u0144. W zale\u017cno\u015bci od konstrukcji i wykonania, si\u0142owniki wysi\u0119gnika mog\u0105 wytrzymywa\u0107 wysokie ci\u015bnienie i du\u017ce obci\u0105\u017cenia, co czyni je niezb\u0119dnymi w budownictwie, rolnictwie i innych zastosowaniach przemys\u0142owych.<\/p>\n<p><img decoding=\"async\" src=\"https:\/\/www.hydraulic-cylinders.net\/wp-content\/uploads\/2025\/04\/songte-company-1.webp\" alt=\"Si\u0142ownik wysi\u0119gnika\"><\/p>\n<h2>Cechy si\u0142ownika wysi\u0119gnika do Bonny CTD460-6<\/h2>\n<ul>\n<li><strong>Wysoka wytrzyma\u0142o\u015b\u0107 i trwa\u0142o\u015b\u0107:<\/strong> Wykonane z wytrzyma\u0142ej stali lub aluminium cylindry te zaprojektowano tak, aby wytrzymywa\u0142y wysokie ci\u015bnienie i du\u017ce obci\u0105\u017cenia, gwarantuj\u0105c niezawodno\u015b\u0107 w trudnych warunkach pracy.<\/li>\n<li><strong>Wydajna praca uk\u0142adu hydraulicznego:<\/strong> Wykorzystuj\u0105c ci\u015bnienie oleju hydraulicznego, si\u0142owniki te zapewniaj\u0105 p\u0142ynne wysuwanie i wsuwanie, szybko reaguj\u0105 na polecenia steruj\u0105ce i generuj\u0105 du\u017ce si\u0142y pchania i ci\u0105gni\u0119cia.<\/li>\n<li><strong>R\u00f3\u017cne typy:<\/strong> Dost\u0119pne jako cylindry jednostronnego dzia\u0142ania (ci\u015bnienie hydrauliczne w jednym kierunku) lub dwustronnego dzia\u0142ania (ci\u015bnienie hydrauliczne w obu kierunkach), dostosowane do r\u00f3\u017cnych potrzeb eksploatacyjnych.<\/li>\n<li><strong>Kompaktowa konstrukcja:<\/strong> Niekt\u00f3re modele posiadaj\u0105 konstrukcj\u0119 teleskopow\u0105, kt\u00f3ra umo\u017cliwia wi\u0119ksze wysuni\u0119cie konstrukcji bez zwi\u0119kszania wymiar\u00f3w zewn\u0119trznych, co jest przydatne w przypadku zastosowa\u0144 o ograniczonej przestrzeni.<\/li>\n<li><strong>Odporno\u015b\u0107 na korozj\u0119:<\/strong> Zaprojektowane z my\u015bl\u0105 o odporno\u015bci na zu\u017cycie i w\u0142a\u015bciwo\u015bciach antykorozyjnych, aby wyd\u0142u\u017cy\u0107 \u017cywotno\u015b\u0107 nawet w trudnych warunkach.<\/li>\n<\/ul>\n<h2>Mo\u017cliwo\u015bci produkcyjne<\/h2>\n<p>Mamy mo\u017cliwo\u015bci wyprodukowania tego produktu i nasze produkty mog\u0105 doskonale zast\u0105pi\u0107 te si\u0142owniki hydrauliczne.<\/p>\n<p><img decoding=\"async\" src=\"https:\/\/www.hydraulic-cylinders.net\/wp-content\/uploads\/2025\/04\/songte-cylinder-head-with-all-kinds-excavator-models.webp\" alt=\"Produkcja cylindr\u00f3w hydraulicznych\"><\/p>\n<h2>Zastosowania cylindr\u00f3w wysi\u0119gnika<\/h2>\n<h3>Sprz\u0119t budowlany<\/h3>\n<p>W koparkach si\u0142owniki wysi\u0119gnika odgrywaj\u0105 kluczow\u0105 rol\u0119 w kopaniu, \u0142adowaniu i przemieszczaniu gleby lub gruzu. Zapewniaj\u0105 one niezb\u0119dn\u0105 si\u0142\u0119 do opuszczania i podnoszenia \u0142y\u017cki, umo\u017cliwiaj\u0105c efektywne kopanie i przenoszenie materia\u0142u. Precyzyjna kontrola oferowana przez te si\u0142owniki umo\u017cliwia operatorom wydajn\u0105 prac\u0119 nawet w trudnym terenie.<\/p>\n<h3>Maszyny rolnicze<\/h3>\n<p>W \u0142adowarkach czo\u0142owych si\u0142owniki wysi\u0119gnika s\u0105 niezb\u0119dne do nabierania, podnoszenia i transportu gleby, siana i innych materia\u0142\u00f3w. Nap\u0119d hydrauliczny umo\u017cliwia \u0142adowarce wykonywanie r\u00f3\u017cnych zada\u0144, takich jak wyr\u00f3wnywanie p\u00f3l i przenoszenie materia\u0142\u00f3w sypkich, zwi\u0119kszaj\u0105c wydajno\u015b\u0107 w rolnictwie.<\/p>\n<h3>Koparki<\/h3>\n<p>Dzi\u0119ki mo\u017cliwo\u015bci penetracji gruntu, si\u0142owniki wysi\u0119gnika u\u0142atwiaj\u0105 kopanie koparek. Zosta\u0142y zaprojektowane tak, aby przenosi\u0107 si\u0142y wyst\u0119puj\u0105ce podczas prac wykopaliskowych, zapewniaj\u0105c efektywne i kontrolowane poruszanie si\u0119 \u0142y\u017cki, zar\u00f3wno w mi\u0119kkim, jak i twardym gruncie.<\/p>\n<h3>\u0141adowarki<\/h3>\n<p>W \u0142adowarkach czo\u0142owych si\u0142owniki wysi\u0119gnika wspomagaj\u0105 efektywne podnoszenie i zrzucanie \u0142adunk\u00f3w. Ich hydrauliczne mo\u017cliwo\u015bci umo\u017cliwiaj\u0105 szybkie i wydajne przenoszenie materia\u0142\u00f3w, co czyni je niezast\u0105pionymi w pracach budowlanych i transporcie materia\u0142\u00f3w.<\/p>\n<h2>Zagadnienia projektowe i kryteria wyboru<\/h2>\n<h3>No\u015bno\u015b\u0107<\/h3>\n<p>No\u015bno\u015b\u0107 si\u0142ownika wysi\u0119gnika jest jednym z najwa\u017cniejszych czynnik\u00f3w branych pod uwag\u0119 podczas projektowania. Kluczowe jest zapewnienie, \u017ce si\u0142ownik wytrzyma maksymalne obci\u0105\u017cenie, jakiemu b\u0119dzie poddawany podczas pracy. Wymaga to oblicze\u0144 opartych na materia\u0142ach i konstrukcji si\u0142ownika, a tak\u017ce na zastosowanym ci\u015bnieniu hydraulicznym. Producenci musz\u0105 wybiera\u0107 wysokiej jako\u015bci materia\u0142y, kt\u00f3re s\u0105 odporne na odkszta\u0142cenia pod obci\u0105\u017ceniem, zapewniaj\u0105c jednocze\u015bnie bezpiecze\u0144stwo i wydajno\u015b\u0107.<\/p>\n<h3>Opiecz\u0119towanie<\/h3>\n<p>Uszczelnienie to kolejny kluczowy aspekt konstrukcji. Skuteczne uszczelnienie minimalizuje wycieki p\u0142ynu hydraulicznego, co jest niezb\u0119dne do utrzymania ci\u015bnienia w uk\u0142adzie. R\u00f3\u017cne materia\u0142y uszczelniaj\u0105ce, takie jak poliuretan i kauczuk nitrylowy, s\u0105 dobierane ze wzgl\u0119du na ich trwa\u0142o\u015b\u0107 i odporno\u015b\u0107 na zu\u017cycie. Projekt musi r\u00f3wnie\u017c gwarantowa\u0107 odpowiednie dopasowanie uszczelek, aby zapobiec zanieczyszczeniom i przed\u0142u\u017cy\u0107 \u017cywotno\u015b\u0107 si\u0142ownika hydraulicznego.<\/p>\n<h3>Trwa\u0142o\u015b\u0107<\/h3>\n<p>Trwa\u0142o\u015b\u0107 jest kluczowa, szczeg\u00f3lnie w \u015brodowiskach, w kt\u00f3rych si\u0142ownik wysi\u0119gnika jest nara\u017cony na trudne warunki. Czynniki takie jak zu\u017cycie i korozja mog\u0105 znacz\u0105co wp\u0142yn\u0105\u0107 na wydajno\u015b\u0107 i \u017cywotno\u015b\u0107 si\u0142ownika. Dlatego kluczowe jest zastosowanie takich rozwi\u0105za\u0144, jak twarde pow\u0142oki i materia\u0142y odporne na korozj\u0119. Regularna konserwacja mo\u017ce r\u00f3wnie\u017c zwi\u0119kszy\u0107 trwa\u0142o\u015b\u0107, zapewniaj\u0105c efektywne dzia\u0142anie si\u0142ownika przez d\u0142ugi czas.<\/p>\n<h3>Bezpiecze\u0144stwo<\/h3>\n<p>Nie mo\u017cna pomin\u0105\u0107 kwestii bezpiecze\u0144stwa w konstrukcji si\u0142ownik\u00f3w wysi\u0119gnika. Nale\u017c\u0105 do nich zawory bezpiecze\u0144stwa zapobiegaj\u0105ce przeci\u0105\u017ceniom oraz kompleksowe testy w trakcie produkcji, kt\u00f3re gwarantuj\u0105, \u017ce ka\u017cde urz\u0105dzenie spe\u0142nia bran\u017cowe normy bezpiecze\u0144stwa. Nacisk na bezpiecze\u0144stwo k\u0142adziony jest r\u00f3wnie\u017c na prawid\u0142ow\u0105 instalacj\u0119 i stosowanie si\u0119 do wytycznych dotycz\u0105cych u\u017cytkowania, aby zapobiec wypadkom podczas pracy.<\/p>\n<h3>Konserwacja<\/h3>\n<p>Projektanci musz\u0105 r\u00f3wnie\u017c uwzgl\u0119dni\u0107 \u0142atwo\u015b\u0107 konserwacji. Dost\u0119p do podzespo\u0142\u00f3w powinien by\u0107 mo\u017cliwy do kontroli, smarowania i naprawy. Regularna konserwacja jest niezb\u0119dna dla zapewnienia trwa\u0142o\u015bci cylindra i jego wydajnej pracy. Dlatego preferowane s\u0105 konstrukcje zapewniaj\u0105ce \u0142atwy dost\u0119p i wymian\u0119 cz\u0119\u015bci.<\/p>\n<p><img decoding=\"async\" src=\"https:\/\/www.hydraulic-cylinders.net\/wp-content\/uploads\/2025\/04\/songte-oil-pipes-and-spare-parts.webp\" alt=\"Cz\u0119\u015bci cylindr\u00f3w hydraulicznych\"><\/p>\n<h2>Uszczelnianie i smarowanie si\u0142ownik\u00f3w wysi\u0119gnika<\/h2>\n<p>Prawid\u0142owe uszczelnienie i smarowanie odgrywaj\u0105 kluczow\u0105 rol\u0119 w dzia\u0142aniu si\u0142ownik\u00f3w wysi\u0119gnika. R\u00f3\u017cne elementy uszczelniaj\u0105ce, takie jak uszczelnienia t\u0142oka i t\u0142oczyska, s\u0105 niezb\u0119dne do zapobiegania wyciekom p\u0142ynu, kt\u00f3re mog\u0105 obni\u017cy\u0107 wydajno\u015b\u0107 si\u0142ownika. Uszczelnienia wykonane z materia\u0142\u00f3w odpornych na zu\u017cycie, takich jak poliuretan i kauczuk nitrylowy, zapewniaj\u0105 trwa\u0142o\u015b\u0107 i wytrzyma\u0142o\u015b\u0107 w warunkach du\u017cego obci\u0105\u017cenia eksploatacyjnego.<\/p>\n<p>Korpus cylindra i gwintowane powierzchnie ko\u0144cowe musz\u0105 zosta\u0107 poddane precyzyjnej obr\u00f3bce w celu zwi\u0119kszenia odporno\u015bci na zu\u017cycie, co jest kluczowe dla utrzymania wydajno\u015bci przez d\u0142ugi czas. Regularne smarowanie olejem hydraulicznym jest r\u00f3wnie\u017c niezb\u0119dne, poniewa\u017c zmniejsza tarcie mi\u0119dzy ruchomymi cz\u0119\u015bciami, zapewniaj\u0105c p\u0142ynn\u0105 prac\u0119 i zapobiegaj\u0105c przedwczesnemu zu\u017cyciu. Regularne kontrole i odpowiednie harmonogramy smarowania przyczyniaj\u0105 si\u0119 do optymalnej wydajno\u015bci i trwa\u0142o\u015bci cylindra wysi\u0119gnika.<\/p>\n<h2>Regularne kontrole i \u015brodki konserwacji zapobiegawczej<\/h2>\n<ul>\n<li><strong>Regularne kontrole:<\/strong> Przeprowadzanie systematycznych kontroli pozwala na wczesne wykrycie potencjalnych problem\u00f3w. Operatorzy powinni sprawdza\u0107 oznaki zu\u017cycia, wycieki i wszelkie nieprawid\u0142owo\u015bci w dzia\u0142aniu podczas pracy. Regularne kontrole pomagaj\u0105 zidentyfikowa\u0107 podzespo\u0142y, kt\u00f3re mog\u0105 wymaga\u0107 wymiany, zanim ulegn\u0105 awarii.<\/li>\n<li><strong>Prawid\u0142owe smarowanie:<\/strong> Zapewnienie odpowiedniego poziomu oleju hydraulicznego i odpowiedniego smarowania wszystkich ruchomych cz\u0119\u015bci jest kluczowe dla zapobiegania zu\u017cyciu. Regularne smarowanie mo\u017ce zwi\u0119kszy\u0107 wydajno\u015b\u0107 i \u017cywotno\u015b\u0107 cylindra.<\/li>\n<li><strong>Wymiana uszczelki:<\/strong> Uszczelki ulegaj\u0105 z czasem zu\u017cyciu z powodu ci\u0105g\u0142ego nara\u017cenia na ci\u015bnienie hydrauliczne i ruch. Regularna wymiana uszczelek w ramach rutynowych czynno\u015bci konserwacyjnych zapobiega wyciekom, zapewniaj\u0105c efektywne dzia\u0142anie si\u0142ownika.<\/li>\n<\/ul>\n<h2>Wytyczne dotycz\u0105ce monta\u017cu si\u0142ownik\u00f3w wysi\u0119gnika<\/h2>\n<p>Prawid\u0142owy monta\u017c si\u0142ownik\u00f3w wysi\u0119gnika ma kluczowe znaczenie dla zapewnienia optymalnej wydajno\u015bci i bezpiecze\u0144stwa. Rozpocznij od zapoznania si\u0119 z instrukcj\u0105 monta\u017cu producenta, aby uzyska\u0107 szczeg\u00f3\u0142owe wytyczne. Upewnij si\u0119, \u017ce powierzchnie monta\u017cowe s\u0105 czyste i wolne od zanieczyszcze\u0144, aby u\u0142atwi\u0107 prawid\u0142owe dopasowanie.<\/p>\n<p>Podczas monta\u017cu nale\u017cy dok\u0142adnie wyr\u00f3wna\u0107 cylinder z punktami mocowania, aby zapobiec nadmiernemu obci\u0105\u017ceniu cylindra i powi\u0105zanych z nim element\u00f3w. Zastosowanie odpowiednich wspornik\u00f3w monta\u017cowych mo\u017ce pom\u00f3c ustabilizowa\u0107 cylinder i utrzyma\u0107 jego wsp\u00f3\u0142osiowo\u015b\u0107 podczas pracy.<\/p>\n<p>Po zamontowaniu sprawd\u017a wszystkie po\u0142\u0105czenia, aby upewni\u0107 si\u0119, \u017ce s\u0105 solidne i szczelne. Po monta\u017cu przetestuj system pod niskim ci\u015bnieniem, aby upewni\u0107 si\u0119, \u017ce wszystko dzia\u0142a zgodnie z przeznaczeniem, przed pe\u0142nym u\u017cyciem. Przestrzeganie tych krok\u00f3w gwarantuje skuteczne i bezpieczne dzia\u0142anie si\u0142ownika wysi\u0119gnika.<\/p>\n<h2>Typowe zadania konserwacyjne<\/h2>\n<ul>\n<li><strong>Regularne kontrole:<\/strong> Regularne kontrole pomagaj\u0105 wcze\u015bnie zidentyfikowa\u0107 potencjalne problemy. Kontrola pod k\u0105tem wyciek\u00f3w, \u015blad\u00f3w zu\u017cycia i og\u00f3lnej sprawno\u015bci zapewnia sprawne dzia\u0142anie cylindra. Operatorzy powinni by\u0107 przeszkoleni w zakresie rutynowego wykonywania tych kontroli.<\/li>\n<li><strong>Prawid\u0142owe smarowanie:<\/strong> Odpowiednie smarowanie zmniejsza tarcie i zu\u017cycie, wyd\u0142u\u017caj\u0105c \u017cywotno\u015b\u0107 cylindra. Operatorzy powinni przestrzega\u0107 harmonogramu smarowania dostosowanego do sposobu u\u017cytkowania i warunk\u00f3w \u015brodowiskowych, aby zapewni\u0107 utrzymanie odpowiedniego poziomu oleju hydraulicznego.<\/li>\n<li><strong>Wymiana uszczelki:<\/strong> Uszczelki nale\u017cy regularnie sprawdza\u0107 i w razie potrzeby wymienia\u0107, aby zapobiec wyciekom. Terminowa wymiana uszczelek jest kluczowa dla utrzymania ci\u015bnienia w uk\u0142adzie hydraulicznym i zapewnienia bezpiecznej pracy.<\/li>\n<\/ul>\n<h2>Zagadnienia bezpiecze\u0144stwa i czynniki \u015brodowiskowe<\/h2>\n<p>Podczas pracy z uk\u0142adami hydraulicznymi \u015brodki bezpiecze\u0144stwa s\u0105 najwa\u017cniejsze. Zapewnienie, \u017ce wszystkie podzespo\u0142y s\u0105 w dobrym stanie i spe\u0142niaj\u0105 normy bezpiecze\u0144stwa, pomaga zapobiega\u0107 wypadkom. Operatorzy powinni by\u0107 przeszkoleni w zakresie bezpiecznej obs\u0142ugi maszyn i rozumie\u0107 znaczenie stosowania sprz\u0119tu ochronnego. Nale\u017cy r\u00f3wnie\u017c wzi\u0105\u0107 pod uwag\u0119 czynniki \u015brodowiskowe, takie jak nara\u017cenie na trudne warunki, poniewa\u017c mog\u0105 one wp\u0142ywa\u0107 na \u017cywotno\u015b\u0107 i wydajno\u015b\u0107 si\u0142ownik\u00f3w wysi\u0119gnika.<\/p>\n<h2>Diagnostyka usterek i typowe problemy<\/h2>\n<ul>\n<li><strong>Nieszczelne uszczelki:<\/strong> W przypadku uszkodzenia uszczelnie\u0144 mo\u017ce doj\u015b\u0107 do wycieku p\u0142ynu hydraulicznego, co obni\u017cy ci\u015bnienie w uk\u0142adzie i doprowadzi do awarii. Regularne kontrole mog\u0105 pom\u00f3c we wczesnym wykryciu wyciek\u00f3w, umo\u017cliwiaj\u0105c terminow\u0105 napraw\u0119 lub wymian\u0119.<\/li>\n<li><strong>Nietypowe d\u017awi\u0119ki:<\/strong> Nietypowe d\u017awi\u0119ki podczas pracy mog\u0105 wskazywa\u0107 na problemy mechaniczne, takie jak niedostateczne smarowanie lub zu\u017cycie podzespo\u0142\u00f3w wewn\u0119trznych. Operatorzy powinni niezw\u0142ocznie zbada\u0107 te odg\u0142osy i podj\u0105\u0107 odpowiednie dzia\u0142ania.<\/li>\n<li><strong>Obni\u017cona wydajno\u015b\u0107:<\/strong> Je\u015bli si\u0142ownik nie reaguje zgodnie z oczekiwaniami, przyczyn\u0105 mo\u017ce by\u0107 niski poziom p\u0142ynu hydraulicznego lub zatkanie przewod\u00f3w hydraulicznych. Prawid\u0142owa konserwacja uk\u0142adu mo\u017ce zapobiec problemom z wydajno\u015bci\u0105.<\/li>\n<\/ul>\n<h2>Wskaz\u00f3wki dotycz\u0105ce rozwi\u0105zywania problem\u00f3w<\/h2>\n<p>Aby skutecznie diagnozowa\u0107 i rozwi\u0105zywa\u0107 problemy, operatorzy powinni stosowa\u0107 systematyczne podej\u015bcie. Najpierw sprawd\u017a poziom p\u0142ynu hydraulicznego i w razie potrzeby uzupe\u0142nij. Nast\u0119pnie sprawd\u017a uszczelki pod k\u0105tem oznak zu\u017cycia lub uszkodze\u0144 i w razie potrzeby wymie\u0144 je. Regularna konserwacja, obejmuj\u0105ca smarowanie i przegl\u0105dy, mo\u017ce zapobiec narastaniu potencjalnych problem\u00f3w.<\/p>\n<p>Ponadto operatorzy powinni prowadzi\u0107 szczeg\u00f3\u0142ow\u0105 dokumentacj\u0119 konserwacji i napraw, aby lepiej zrozumie\u0107 trendy w dzia\u0142aniu cylindra. Informacje te mog\u0105 pom\u00f3c w przewidywaniu potencjalnych awarii i u\u0142atwieniu terminowego podejmowania dzia\u0142a\u0144 zapobiegawczych.<\/p>\n<p><img decoding=\"async\" src=\"https:\/\/www.hydraulic-cylinders.net\/wp-content\/uploads\/2025\/04\/songte-bushings-with-all-kinds-of-excavator-models.webp\" alt=\"Komponenty cylindr\u00f3w hydraulicznych\"><\/p>\n<h2>O naszej firmie<\/h2>\n<p>Jeste\u015bmy wiod\u0105cym producentem i hurtowym dystrybutorem alternatywnych si\u0142ownik\u00f3w hydraulicznych, oferuj\u0105cym szerok\u0105 gam\u0119 produkt\u00f3w. Nasza firma ugruntowa\u0142a swoj\u0105 pozycj\u0119 jednego z wiod\u0105cych producent\u00f3w na rynku krajowym i mi\u0119dzynarodowym. Przestrzegamy rygorystycznych standard\u00f3w jako\u015bci i opieramy si\u0119 na udoskonalonej strategii zarz\u0105dzania produkcj\u0105, wykorzystuj\u0105cej zaawansowane technologie.<\/p>\n<p>Nasze zaanga\u017cowanie w d\u0105\u017cenie do doskona\u0142o\u015bci wspierane jest przez wykwalifikowan\u0105 kadr\u0119, wysokiej klasy cyfrowy sprz\u0119t produkcyjny oraz profesjonalne systemy testowe. Stale udoskonalamy nasz\u0105 platform\u0119 produkcyjn\u0105 i udoskonalamy procesy zapewnienia jako\u015bci produkt\u00f3w, aby spe\u0142nia\u0107 zr\u00f3\u017cnicowane potrzeby klient\u00f3w, zapewniaj\u0105c im wysok\u0105 wydajno\u015b\u0107, precyzj\u0119 i jako\u015b\u0107.<\/p>\n<p><img decoding=\"async\" src=\"https:\/\/www.hydraulic-cylinders.net\/wp-content\/uploads\/2025\/04\/songte-company-4.webp\" alt=\"Przegl\u0105d firmy\"><br \/>\n<img decoding=\"async\" src=\"https:\/\/www.hydraulic-cylinders.net\/wp-content\/uploads\/2025\/04\/songte-company-3.webp\" alt=\"Obiekty firmy\"><\/p>\n<p>Autor: lyl<\/p>","protected":false},"excerpt":{"rendered":"<p>Boom Cylinder For Bonny CTD460-6 Introduction to Boom Cylinders A boom cylinder, often referred to as a bucket cylinder, is a specialized hydraulic cylinder designed mainly for controlling the movement of buckets in various heavy machinery such as excavators, backhoe loaders, and front loaders. These cylinders allow the bucket to lift, lower, and tilt, facilitating [&hellip;]<\/p>","protected":false},"featured_media":17877,"comment_status":"open","ping_status":"closed","template":"","meta":{"_et_pb_use_builder":"","_et_pb_old_content":"","_et_gb_content_width":""},"product_brand":[],"product_cat":[1546],"product_tag":[1547,1496],"class_list":{"0":"post-19659","1":"product","2":"type-product","3":"status-publish","4":"has-post-thumbnail","6":"product_cat-boom-cylinders","7":"product_tag-boom-cylinders","8":"product_tag-hydraulic-cylinders","10":"first","11":"instock","12":"shipping-taxable","13":"product-type-simple"},"amp_enabled":true,"_links":{"self":[{"href":"https:\/\/www.hydraulic-cylinders.net\/pl\/wp-json\/wp\/v2\/product\/19659","targetHints":{"allow":["GET"]}}],"collection":[{"href":"https:\/\/www.hydraulic-cylinders.net\/pl\/wp-json\/wp\/v2\/product"}],"about":[{"href":"https:\/\/www.hydraulic-cylinders.net\/pl\/wp-json\/wp\/v2\/types\/product"}],"replies":[{"embeddable":true,"href":"https:\/\/www.hydraulic-cylinders.net\/pl\/wp-json\/wp\/v2\/comments?post=19659"}],"wp:featuredmedia":[{"embeddable":true,"href":"https:\/\/www.hydraulic-cylinders.net\/pl\/wp-json\/wp\/v2\/media\/17877"}],"wp:attachment":[{"href":"https:\/\/www.hydraulic-cylinders.net\/pl\/wp-json\/wp\/v2\/media?parent=19659"}],"wp:term":[{"taxonomy":"product_brand","embeddable":true,"href":"https:\/\/www.hydraulic-cylinders.net\/pl\/wp-json\/wp\/v2\/product_brand?post=19659"},{"taxonomy":"product_cat","embeddable":true,"href":"https:\/\/www.hydraulic-cylinders.net\/pl\/wp-json\/wp\/v2\/product_cat?post=19659"},{"taxonomy":"product_tag","embeddable":true,"href":"https:\/\/www.hydraulic-cylinders.net\/pl\/wp-json\/wp\/v2\/product_tag?post=19659"}],"curies":[{"name":"wp","href":"https:\/\/api.w.org\/{rel}","templated":true}]}}