{"id":19661,"date":"2025-04-07T07:00:20","date_gmt":"2025-04-07T07:00:20","guid":{"rendered":"https:\/\/www.hydraulic-cylinders.net\/product\/boom-cylinder-for-bonny-wzt46-7-45-7\/"},"modified":"2025-04-07T07:00:22","modified_gmt":"2025-04-07T07:00:22","slug":"boom-cylinder-for-bonny-wzt46-7-45-7","status":"publish","type":"product","link":"https:\/\/www.hydraulic-cylinders.net\/pl\/produkt\/boom-cylinder-for-bonny-wzt46-7-45-7\/","title":{"rendered":"Si\u0142ownik wysi\u0119gnika do Bonny WZT46-7\/45-7"},"content":{"rendered":"<h1>Si\u0142ownik wysi\u0119gnika do Bonny WZT46-7\/45-7<\/h1>\n<h2>Wprowadzenie do cylindr\u00f3w wysi\u0119gnika<\/h2>\n<p>Si\u0142ownik wysi\u0119gnika to rodzaj si\u0142ownika hydraulicznego zaprojektowanego specjalnie do sterowania ruchem \u0142y\u017cek w r\u00f3\u017cnych maszynach ci\u0119\u017ckich, takich jak koparki, koparko-\u0142adowarki i \u0142adowarki czo\u0142owe. Si\u0142owniki te umo\u017cliwiaj\u0105 podnoszenie, opuszczanie i przechylanie \u0142y\u017cki, u\u0142atwiaj\u0105c przenoszenie materia\u0142\u00f3w. Si\u0142ownik wysi\u0119gnika odgrywa kluczow\u0105 rol\u0119 w uk\u0142adach hydraulicznych, zapewniaj\u0105c niezb\u0119dn\u0105 moc i precyzj\u0119, niezb\u0119dne do wydajnej pracy w budownictwie i rolnictwie.<\/p>\n<p><img decoding=\"async\" src=\"https:\/\/www.hydraulic-cylinders.net\/wp-content\/uploads\/2025\/04\/songte-company-1.webp\" alt=\"Si\u0142ownik wysi\u0119gnika\" \/><\/p>\n<h2>Cechy cylindra wysi\u0119gnika<\/h2>\n<ul>\n<li>\n<h3>Wysoka wytrzyma\u0142o\u015b\u0107 i trwa\u0142o\u015b\u0107<\/h3>\n<p>Wykonane z wysokowytrzyma\u0142ej stali lub aluminium, te cylindry wytrzymuj\u0105 wysokie ci\u015bnienie i du\u017ce obci\u0105\u017cenia, dzi\u0119ki czemu nadaj\u0105 si\u0119 do pracy w trudnych warunkach. Zaprojektowano je z my\u015bl\u0105 o odporno\u015bci na zu\u017cycie i korozj\u0119, co wyd\u0142u\u017ca ich \u017cywotno\u015b\u0107.<\/p>\n<\/li>\n<li>\n<h3>Wydajna praca hydrauliczna<\/h3>\n<p>Wykorzystuj\u0105c ci\u015bnienie oleju hydraulicznego, si\u0142owniki wysi\u0119gnika zapewniaj\u0105 p\u0142ynne ruchy wysuwania i wsuwania, szybk\u0105 reakcj\u0119 na polecenia steruj\u0105ce i du\u017c\u0105 si\u0142\u0119 pchania i ci\u0105gni\u0119cia, co jest idealne przy podnoszeniu ci\u0119\u017ckich przedmiot\u00f3w i wykonywaniu skomplikowanych zada\u0144.<\/p>\n<\/li>\n<li>\n<h3>R\u00f3\u017cne typy<\/h3>\n<p>Dost\u0119pne w konfiguracji jednostronnego dzia\u0142ania (dzia\u0142aj\u0105cej w jednym kierunku) lub dwustronnego dzia\u0142ania (dzia\u0142aj\u0105cej w obu kierunkach), aby sprosta\u0107 r\u00f3\u017cnym potrzebom operacyjnym. Niekt\u00f3re modele s\u0105 teleskopowe, co pozwala na wi\u0119ksze wysuni\u0119cie bez zwi\u0119kszania wymiar\u00f3w zewn\u0119trznych, idealne do zastosowa\u0144 w miejscach o ograniczonej przestrzeni.<\/p>\n<\/li>\n<\/ul>\n<p>Nasze produkty mog\u0105 doskonale zast\u0105pi\u0107 te si\u0142owniki hydrauliczne.<\/p>\n<p><img decoding=\"async\" src=\"https:\/\/www.hydraulic-cylinders.net\/wp-content\/uploads\/2025\/04\/songte-cylinder-head-with-all-kinds-excavator-models.webp\" alt=\"Modele koparek\" \/><\/p>\n<h2>Zastosowania cylindr\u00f3w wysi\u0119gnika<\/h2>\n<ul>\n<li>\n<h3>Sprz\u0119t budowlany<\/h3>\n<p>W koparkach si\u0142owniki wysi\u0119gnika odgrywaj\u0105 kluczow\u0105 rol\u0119 w kopaniu, za\u0142adunku i przemieszczaniu ziemi lub gruzu. Zapewniaj\u0105 one si\u0142\u0119 niezb\u0119dn\u0105 do penetracji gruntu i efektywnego podnoszenia materia\u0142\u00f3w. W koparko-\u0142adowarkach wspomagaj\u0105 one zar\u00f3wno kopanie, jak i podnoszenie, co czyni je wszechstronnymi w pracach budowlanych.<\/p>\n<\/li>\n<li>\n<h3>Maszyny rolnicze<\/h3>\n<p>Stosowane w \u0142adowarkach czo\u0142owych, si\u0142owniki te u\u0142atwiaj\u0105 nabieranie, podnoszenie i transport ziemi, siana i innych materia\u0142\u00f3w. Si\u0142ownik wysi\u0119gnika zapewnia du\u017c\u0105 si\u0142\u0119 ud\u017awigu, co gwarantuje p\u0142ynne i wydajne wykonywanie prac rolniczych.<\/p>\n<\/li>\n<\/ul>\n<h2>Zagadnienia projektowe i kryteria wyboru<\/h2>\n<ul>\n<li>\n<h3>No\u015bno\u015b\u0107<\/h3>\n<p>Kluczowe jest wybranie takiego si\u0142ownika wysi\u0119gnika, kt\u00f3ry b\u0119dzie w stanie sprosta\u0107 konkretnym wymaganiom obci\u0105\u017ceniowym maszyny, w kt\u00f3rej b\u0119dzie u\u017cywany. No\u015bno\u015b\u0107 si\u0142ownika powinna zosta\u0107 przetestowana w r\u00f3\u017cnych warunkach, aby upewni\u0107 si\u0119, \u017ce spe\u0142nia on wymagania operacyjne.<\/p>\n<\/li>\n<li>\n<h3>Wydajno\u015b\u0107 uszczelnienia<\/h3>\n<p>Skuteczne uszczelnienie jest niezb\u0119dne, aby zapobiec wyciekom p\u0142ynu hydraulicznego, kt\u00f3re mog\u0105 obni\u017cy\u0107 wydajno\u015b\u0107 i bezpiecze\u0144stwo cylindra. Aby zachowa\u0107 integralno\u015b\u0107 pod ci\u015bnieniem, nale\u017cy stosowa\u0107 wysokiej jako\u015bci materia\u0142y i konstrukcje uszczelniaj\u0105ce.<\/p>\n<\/li>\n<li>\n<h3>Trwa\u0142o\u015b\u0107<\/h3>\n<p>Wyb\u00f3r materia\u0142\u00f3w odpornych na zu\u017cycie i korozj\u0119 wyd\u0142u\u017cy \u017cywotno\u015b\u0107 cylindra. Regularna ocena stanu cylindra mo\u017ce pom\u00f3c w identyfikacji potencjalnych problem\u00f3w, zanim doprowadz\u0105 one do awarii.<\/p>\n<\/li>\n<li>\n<h3>Funkcje bezpiecze\u0144stwa<\/h3>\n<p>Wprowadzenie zabezpiecze\u0144, takich jak zabezpieczenie przed przeci\u0105\u017ceniem i mechanizmy awaryjnego zwalniania, zwi\u0119ksza bezpiecze\u0144stwo eksploatacji. Operatorzy powinni zadba\u0107 o sprawne dzia\u0142anie tych zabezpiecze\u0144 i ich regularn\u0105 konserwacj\u0119.<\/p>\n<\/li>\n<li>\n<h3>Dost\u0119pno\u015b\u0107 konserwacyjna<\/h3>\n<p>Projektowanie cylindr\u00f3w z my\u015bl\u0105 o \u0142atwej konserwacji, w tym smarowaniu i wymianie uszczelnie\u0144, gwarantuje ich sprawne dzia\u0142anie przy minimalnym przestoju. Obejmuje to r\u00f3wnie\u017c uwzgl\u0119dnienie punkt\u00f3w dost\u0119pu do serwisowania.<\/p>\n<\/li>\n<\/ul>\n<p><img decoding=\"async\" src=\"https:\/\/www.hydraulic-cylinders.net\/wp-content\/uploads\/2025\/04\/songte-oil-pipes-and-spare-parts.webp\" alt=\"Rury olejowe i cz\u0119\u015bci zamienne\" \/><\/p>\n<h2>Uszczelnianie i smarowanie<\/h2>\n<p>Zastosowanie r\u00f3\u017cnych element\u00f3w uszczelniaj\u0105cych, takich jak uszczelnienia t\u0142oczysk i t\u0142oczysk, jest niezb\u0119dne do utrzymania sprawno\u015bci hydraulicznej. Uszczelnienia wykonane z materia\u0142\u00f3w takich jak poliuretan i kauczuk nitrylowy zapewniaj\u0105 trwa\u0142o\u015b\u0107 i odporno\u015b\u0107 na zu\u017cycie. Korpus cylindra i gwintowane ko\u0144c\u00f3wki powinny zosta\u0107 poddane precyzyjnej obr\u00f3bce w celu zwi\u0119kszenia odporno\u015bci na zu\u017cycie. Regularne smarowanie olejem hydraulicznym jest niezb\u0119dne dla zapewnienia p\u0142ynnej pracy i zapobiegania przedwczesnemu zu\u017cyciu.<\/p>\n<h2>\u015arodki konserwacji zapobiegawczej<\/h2>\n<ul>\n<li>\n<h3>Regularne kontrole<\/h3>\n<p>Przeprowadzanie okresowych przegl\u0105d\u00f3w si\u0142ownika wysi\u0119gnika pomaga w identyfikacji \u015blad\u00f3w zu\u017cycia, wyciek\u00f3w i innych potencjalnych problem\u00f3w, zanim przerodz\u0105 si\u0119 one w powa\u017cne problemy. Operatorzy powinni dokumentowa\u0107 te przegl\u0105dy do wgl\u0105du w przysz\u0142o\u015bci.<\/p>\n<\/li>\n<li>\n<h3>Prawid\u0142owe smarowanie<\/h3>\n<p>Zapewnienie odpowiedniego i terminowego smarowania ma kluczowe znaczenie dla wydajno\u015bci si\u0142ownika wysi\u0119gnika. Operatorzy powinni przestrzega\u0107 wytycznych producenta dotycz\u0105cych cz\u0119stotliwo\u015bci i metod smarowania, aby zmaksymalizowa\u0107 wydajno\u015b\u0107.<\/p>\n<\/li>\n<li>\n<h3>Wymiana uszczelki<\/h3>\n<p>Regularna kontrola i wymiana uszczelek jest kluczowa dla zapobiegania wyciekom p\u0142ynu hydraulicznego. Operatorzy powinni zapozna\u0107 si\u0119 z oznakami zu\u017cycia uszczelek, takimi jak spadek wydajno\u015bci lub widoczne wycieki.<\/p>\n<\/li>\n<\/ul>\n<h2>Wytyczne dotycz\u0105ce instalacji<\/h2>\n<p>Podczas monta\u017cu si\u0142ownika wysi\u0119gnika nale\u017cy bezwzgl\u0119dnie przestrzega\u0107 nast\u0119puj\u0105cych krok\u00f3w: Po pierwsze, nale\u017cy upewni\u0107 si\u0119, \u017ce miejsce pracy jest czyste i wolne od zanieczyszcze\u0144. Nale\u017cy prawid\u0142owo wyr\u00f3wna\u0107 si\u0142ownik z punktami mocowania maszyny, u\u017cywaj\u0105c odpowiednich wspornik\u00f3w monta\u017cowych. Nale\u017cy starannie dokr\u0119ci\u0107 \u015bruby zgodnie ze specyfikacj\u0105 producenta, upewniaj\u0105c si\u0119, \u017ce s\u0105 dobrze dopasowane, ale nie przekr\u0119caj\u0105c ich, poniewa\u017c mo\u017ce to spowodowa\u0107 uszkodzenie si\u0142ownika. Na koniec, przed uruchomieniem systemu, nale\u017cy dwukrotnie sprawdzi\u0107 wyr\u00f3wnanie i dzia\u0142anie.<\/p>\n<p><img decoding=\"async\" src=\"https:\/\/www.hydraulic-cylinders.net\/wp-content\/uploads\/2025\/04\/songte-chushion-collar.webp\" alt=\"Ko\u0142nierz poduszkowy\" \/><\/p>\n<h2>Zagadnienia bezpiecze\u0144stwa i czynniki \u015brodowiskowe<\/h2>\n<p>Podczas obs\u0142ugi uk\u0142ad\u00f3w hydraulicznych \u015brodki bezpiecze\u0144stwa maj\u0105 kluczowe znaczenie. Operatorzy powinni by\u0107 przeszkoleni w zakresie rozpoznawania potencjalnych zagro\u017ce\u0144 zwi\u0105zanych z cylindrami hydraulicznymi, w tym ryzyka nag\u0142ego p\u0119kni\u0119cia lub wycieku. Wdro\u017cenie protoko\u0142\u00f3w bezpiecze\u0144stwa i stosowanie \u015brodk\u00f3w ochrony indywidualnej (PPE) mo\u017ce zminimalizowa\u0107 ryzyko. Ponadto, aby ograniczy\u0107 wp\u0142yw na \u015brodowisko, nale\u017cy uwzgl\u0119dni\u0107 czynniki \u015brodowiskowe, takie jak w\u0142a\u015bciwa utylizacja p\u0142yn\u00f3w hydraulicznych i recykling starych podzespo\u0142\u00f3w.<\/p>\n<h2>Diagnostyka usterek i typowe problemy<\/h2>\n<ul>\n<li>\n<h3>Przeciek<\/h3>\n<p>Wycieki p\u0142ynu hydraulicznego mog\u0105 wynika\u0107 ze zu\u017cytych uszczelek lub uszkodzonych z\u0142\u0105czy. Regularne kontrole mog\u0105 pom\u00f3c we wczesnym wykryciu wyciek\u00f3w, umo\u017cliwiaj\u0105c terminow\u0105 napraw\u0119.<\/p>\n<\/li>\n<li>\n<h3>Niesp\u00f3jna wydajno\u015b\u0107<\/h3>\n<p>Nier\u00f3wnomierny ruch lub problemy z wydajno\u015bci\u0105 mog\u0105 wskazywa\u0107 na problemy z ci\u015bnieniem hydraulicznym. Wymaga to sprawdzenia poziomu p\u0142ynu hydraulicznego i dzia\u0142ania pompy.<\/p>\n<\/li>\n<li>\n<h3>Uszkodzenia fizyczne<\/h3>\n<p>Uszkodzenia fizyczne cylindra mog\u0105 wyst\u0105pi\u0107 w wyniku uderze\u0144 lub nadmiernego obci\u0105\u017cenia. Operatorzy powinni regularnie sprawdza\u0107 cylindra pod k\u0105tem uszkodze\u0144 i w razie potrzeby podejmowa\u0107 dzia\u0142ania naprawcze.<\/p>\n<\/li>\n<\/ul>\n<h2>Wskaz\u00f3wki dotycz\u0105ce rozwi\u0105zywania problem\u00f3w<\/h2>\n<p>Aby skutecznie diagnozowa\u0107 i rozwi\u0105zywa\u0107 problemy, operatorzy powinni prowadzi\u0107 rejestr anomalii w dzia\u0142aniu i historii konserwacji. Informacje te mog\u0105 pom\u00f3c w identyfikacji wzorc\u00f3w prowadz\u0105cych do powtarzaj\u0105cych si\u0119 problem\u00f3w. Regularne szkolenia z zakresu procedur rozwi\u0105zywania problem\u00f3w pozwalaj\u0105 operatorom na proaktywne podej\u015bcie do problem\u00f3w. Wdro\u017cenie harmonogramu konserwacji zapobiegawczej pomo\u017ce r\u00f3wnie\u017c ograniczy\u0107 potencjalne awarie, zanim wyst\u0105pi\u0105.<\/p>\n<p><img decoding=\"async\" src=\"https:\/\/www.hydraulic-cylinders.net\/wp-content\/uploads\/2025\/04\/songte-bushings-with-all-kinds-of-excavator-models.webp\" alt=\"Tuleje\" \/><\/p>\n<h2>Przegl\u0105d firmy<\/h2>\n<p>Jeste\u015bmy producentem zamiennych si\u0142ownik\u00f3w hydraulicznych, uznawanym za jednego z wiod\u0105cych producent\u00f3w i dystrybutor\u00f3w hurtowych na rynku krajowym i mi\u0119dzynarodowym. Nasza firma d\u0105\u017cy do doskona\u0142o\u015bci w zakresie jako\u015bci, wykorzystuj\u0105c zaawansowane strategie produkcyjne w celu usprawnienia zarz\u0105dzania produkcj\u0105. Koncentruj\u0105c si\u0119 na wykwalifikowanym personelu, zaawansowanym sprz\u0119cie do produkcji cyfrowej oraz specjalistycznych systemach testowych, stale udoskonalamy nasze platformy produkcyjne. Nasze zaanga\u017cowanie w wydajno\u015b\u0107, precyzj\u0119 i jako\u015b\u0107 pozwala nam skutecznie sprosta\u0107 zr\u00f3\u017cnicowanym potrzebom klient\u00f3w.<\/p>\n<p><img decoding=\"async\" src=\"https:\/\/www.hydraulic-cylinders.net\/wp-content\/uploads\/2025\/04\/songte-company-4.webp\" alt=\"Przegl\u0105d firmy\" \/><br \/>\n<img decoding=\"async\" src=\"https:\/\/www.hydraulic-cylinders.net\/wp-content\/uploads\/2025\/04\/songte-company-3.webp\" alt=\"Przegl\u0105d firmy\" \/><\/p>\n<p>Autor: lyl<\/p>","protected":false},"excerpt":{"rendered":"<p>Boom Cylinder For Bonny WZT46-7\/45-7 Introduction to Boom Cylinders A boom cylinder is a type of hydraulic cylinder specifically designed to control the movement of buckets in various heavy machinery, such as excavators, backhoe loaders, and front-end loaders. These cylinders enable the bucket to lift, lower, and tilt, facilitating material handling tasks. The boom cylinder [&hellip;]<\/p>","protected":false},"featured_media":17879,"comment_status":"open","ping_status":"closed","template":"","meta":{"_et_pb_use_builder":"","_et_pb_old_content":"","_et_gb_content_width":""},"product_brand":[],"product_cat":[1546],"product_tag":[1547,1496],"class_list":{"0":"post-19661","1":"product","2":"type-product","3":"status-publish","4":"has-post-thumbnail","6":"product_cat-boom-cylinders","7":"product_tag-boom-cylinders","8":"product_tag-hydraulic-cylinders","10":"first","11":"instock","12":"shipping-taxable","13":"product-type-simple"},"amp_enabled":true,"_links":{"self":[{"href":"https:\/\/www.hydraulic-cylinders.net\/pl\/wp-json\/wp\/v2\/product\/19661","targetHints":{"allow":["GET"]}}],"collection":[{"href":"https:\/\/www.hydraulic-cylinders.net\/pl\/wp-json\/wp\/v2\/product"}],"about":[{"href":"https:\/\/www.hydraulic-cylinders.net\/pl\/wp-json\/wp\/v2\/types\/product"}],"replies":[{"embeddable":true,"href":"https:\/\/www.hydraulic-cylinders.net\/pl\/wp-json\/wp\/v2\/comments?post=19661"}],"wp:featuredmedia":[{"embeddable":true,"href":"https:\/\/www.hydraulic-cylinders.net\/pl\/wp-json\/wp\/v2\/media\/17879"}],"wp:attachment":[{"href":"https:\/\/www.hydraulic-cylinders.net\/pl\/wp-json\/wp\/v2\/media?parent=19661"}],"wp:term":[{"taxonomy":"product_brand","embeddable":true,"href":"https:\/\/www.hydraulic-cylinders.net\/pl\/wp-json\/wp\/v2\/product_brand?post=19661"},{"taxonomy":"product_cat","embeddable":true,"href":"https:\/\/www.hydraulic-cylinders.net\/pl\/wp-json\/wp\/v2\/product_cat?post=19661"},{"taxonomy":"product_tag","embeddable":true,"href":"https:\/\/www.hydraulic-cylinders.net\/pl\/wp-json\/wp\/v2\/product_tag?post=19661"}],"curies":[{"name":"wp","href":"https:\/\/api.w.org\/{rel}","templated":true}]}}