{"id":19666,"date":"2025-04-07T07:00:33","date_gmt":"2025-04-07T07:00:33","guid":{"rendered":"https:\/\/www.hydraulic-cylinders.net\/product\/boom-cylinder-for-nhig-bf6m2012c\/"},"modified":"2025-04-07T07:00:36","modified_gmt":"2025-04-07T07:00:36","slug":"boom-cylinder-for-nhig-bf6m2012c","status":"publish","type":"product","link":"https:\/\/www.hydraulic-cylinders.net\/pl\/produkt\/boom-cylinder-for-nhig-bf6m2012c\/","title":{"rendered":"Si\u0142ownik wysi\u0119gnika do NHIG BF6m2012C"},"content":{"rendered":"<h1>Si\u0142ownik wysi\u0119gnika do NHIG BF6m2012C<\/h1>\n<h2>Przegl\u0105d cylindra wysi\u0119gnika<\/h2>\n<p>Si\u0142ownik wysi\u0119gnika to kluczowy element uk\u0142ad\u00f3w hydraulicznych, zaprojektowany specjalnie do sterowania ruchem \u0142y\u017cek w r\u00f3\u017cnych maszynach ci\u0119\u017ckich, takich jak koparki, koparko-\u0142adowarki i \u0142adowarki czo\u0142owe. Ten si\u0142ownik hydrauliczny umo\u017cliwia podnoszenie, opuszczanie i przechylanie \u0142y\u017cki, u\u0142atwiaj\u0105c wydajne zadania zwi\u0105zane z prze\u0142adunkiem materia\u0142\u00f3w. Wykorzystuj\u0105c ci\u015bnienie hydrauliczne, si\u0142owniki te zapewniaj\u0105 niezb\u0119dn\u0105 si\u0142\u0119 do precyzyjnego i \u0142atwego wykonywania skomplikowanych operacji.<\/p>\n<p><img decoding=\"async\" src=\"https:\/\/www.hydraulic-cylinders.net\/wp-content\/uploads\/2025\/04\/songte-company-1.webp\" alt=\"Obraz cylindra wysi\u0119gnika\" \/><\/p>\n<h3>Definicja i funkcja<\/h3>\n<p>A Boom Cylinder is a specialized hydraulic cylinder used to manipulate the bucket&#8217;s movement on construction machinery. It plays an essential role in operational efficiency, allowing operators to execute tasks such as digging, lifting, and transporting materials effectively. The design of the bucket cylinder ensures it can withstand high pressures and heavy loads while maintaining reliability in harsh working environments.<\/p>\n<h2>Cechy cylindra wysi\u0119gnika<\/h2>\n<ul>\n<li><strong>Wysoka wytrzyma\u0142o\u015b\u0107 i trwa\u0142o\u015b\u0107:<\/strong> Cylindry te, wykonane zazwyczaj z wytrzyma\u0142ej stali lub aluminium, wytrzymuj\u0105 du\u017ce ci\u015bnienie i obci\u0105\u017cenia. Zaprojektowano je tak, aby wytrzymywa\u0142y trudne warunki pracy, a jednocze\u015bnie by\u0142y odporne na zu\u017cycie i korozj\u0119, co wyd\u0142u\u017ca ich \u017cywotno\u015b\u0107.<\/li>\n<li><strong>Wydajna praca uk\u0142adu hydraulicznego:<\/strong> Si\u0142ownik wysi\u0119gnika wykorzystuje ci\u015bnienie oleju hydraulicznego do p\u0142ynnego wysuwania i wsuwania. Szybko reaguje na polecenia steruj\u0105ce, generuj\u0105c du\u017c\u0105 si\u0142\u0119 pchania i ci\u0105gni\u0119cia, odpowiedni\u0105 do przenoszenia ci\u0119\u017ckich materia\u0142\u00f3w i wykonywania skomplikowanych zada\u0144.<\/li>\n<li><strong>R\u00f3\u017cnorodno\u015b\u0107 typ\u00f3w:<\/strong> W zale\u017cno\u015bci od potrzeb eksploatacyjnych, u\u017cytkownicy mog\u0105 wybiera\u0107 mi\u0119dzy si\u0142ownikami jednostronnego dzia\u0142ania (dzia\u0142anie hydrauliczne w jednym kierunku) lub dwustronnego dzia\u0142ania (dzia\u0142anie hydrauliczne w obu kierunkach). Niekt\u00f3re modele s\u0105 teleskopowe, co pozwala na wi\u0119ksze wyd\u0142u\u017cenie bez zwi\u0119kszania wymiar\u00f3w zewn\u0119trznych, co jest idealne w zastosowaniach o ograniczonej przestrzeni.<\/li>\n<li><strong>Produkcja niestandardowa:<\/strong> Nasza firma specjalizuje si\u0119 w produkcji cylindr\u00f3w wysi\u0119gnika, kt\u00f3re doskonale zast\u0119puj\u0105 istniej\u0105ce cylindry hydrauliczne, zapewniaj\u0105c kompatybilno\u015b\u0107 i bezproblemow\u0105 integracj\u0119 z Pa\u0144stwa maszynami.<\/li>\n<li><strong>Zaawansowana technologia:<\/strong> Dzi\u0119ki zastosowaniu najnowocze\u015bniejszych technologii i proces\u00f3w produkcyjnych nasze cylindry wysi\u0119gnika zaprojektowano z my\u015bl\u0105 o optymalnej wydajno\u015bci i trwa\u0142o\u015bci, spe\u0142niaj\u0105c rygorystyczne wymagania r\u00f3\u017cnych zastosowa\u0144.<\/li>\n<\/ul>\n<p><img decoding=\"async\" src=\"https:\/\/www.hydraulic-cylinders.net\/wp-content\/uploads\/2025\/04\/songte-cylinder-head-with-all-kinds-excavator-models.webp\" alt=\"Obraz g\u0142owicy cylindra\" \/><\/p>\n<h2>Zastosowania cylindra wysi\u0119gnika<\/h2>\n<h3>Sprz\u0119t budowlany<\/h3>\n<p>W koparkach cylindry wysi\u0119gnika odgrywaj\u0105 kluczow\u0105 rol\u0119 w kopaniu, za\u0142adunku i transporcie ziemi lub gruzu. Ich konstrukcja zapewnia zwi\u0119kszone mo\u017cliwo\u015bci kopania i ud\u017awigu, u\u0142atwiaj\u0105c wykonywanie r\u00f3\u017cnorodnych zada\u0144 budowlanych.<\/p>\n<h3>Maszyny rolnicze<\/h3>\n<p>W \u0142adowarkach czo\u0142owych si\u0142owniki te s\u0142u\u017c\u0105 do nabierania, podnoszenia i transportu gleby, siana i innych materia\u0142\u00f3w. Odgrywaj\u0105 one kluczow\u0105 rol\u0119 w zwi\u0119kszaniu produktywno\u015bci i wydajno\u015bci w rolnictwie.<\/p>\n<h3>Koparki<\/h3>\n<p>The Boom Cylinder enables the bucket to penetrate the ground, making excavation tasks more manageable and effective. It enhances the machine&#8217;s ability to perform deep digging and material movement.<\/p>\n<h3>\u0141adowarki<\/h3>\n<p>W \u0142adowarkach czo\u0142owych cylindry wysi\u0119gnika wspomagaj\u0105 wydajne podnoszenie i zrzucanie \u0142adunk\u00f3w. Ich niezawodne dzia\u0142anie gwarantuje szybkie i bezpieczne przemieszczanie materia\u0142\u00f3w, przyczyniaj\u0105c si\u0119 do og\u00f3lnej wydajno\u015bci.<\/p>\n<h2>Zagadnienia projektowe i kryteria wyboru<\/h2>\n<h3>No\u015bno\u015b\u0107<\/h3>\n<p>Przy wyborze si\u0142ownika wysi\u0119gnika kluczowe znaczenie ma zrozumienie jego ud\u017awigu. Si\u0142ownik musi by\u0107 w stanie wytrzyma\u0107 maksymalne obci\u0105\u017cenie bez pogorszenia wydajno\u015bci. Obejmuje to nie tylko specyfikacje podane przez producenta, ale tak\u017ce ocen\u0119 warunk\u00f3w pracy.<\/p>\n<h3>Integralno\u015b\u0107 uszczelnienia<\/h3>\n<p>Uszczelnienie jest kluczowym aspektem konstrukcji cylindra hydraulicznego. Prawid\u0142owe uszczelnienia zapobiegaj\u0105 wyciekom p\u0142ynu, co jest niezb\u0119dne do utrzymania ci\u015bnienia w uk\u0142adzie. Wysokiej jako\u015bci uszczelnienia wykonane z materia\u0142\u00f3w takich jak poliuretan i kauczuk nitrylowy zapewniaj\u0105 trwa\u0142o\u015b\u0107 i d\u0142ugowieczno\u015b\u0107.<\/p>\n<h3>Trwa\u0142o\u015b\u0107<\/h3>\n<p>Trwa\u0142o\u015b\u0107 cylindra wysi\u0119gnika bezpo\u015brednio wp\u0142ywa na jego \u017cywotno\u015b\u0107 i wydajno\u015b\u0107. Cylindry musz\u0105 by\u0107 zaprojektowane tak, aby by\u0142y odporne na zu\u017cycie i czynniki \u015brodowiskowe, zapewniaj\u0105c ich d\u0142ugotrwa\u0142\u0105 sprawno\u015b\u0107 bez konieczno\u015bci cz\u0119stej wymiany.<\/p>\n<h3>Funkcje bezpiecze\u0144stwa<\/h3>\n<p>W\u0142\u0105czenie funkcji bezpiecze\u0144stwa do konstrukcji si\u0142ownik\u00f3w wysi\u0119gnika ma kluczowe znaczenie. Obejmuje to zabezpieczenia przed przeci\u0105\u017ceniem i mechanizmy zatrzymania awaryjnego, kt\u00f3re mog\u0105 zapobiec wypadkom i awariom sprz\u0119tu podczas pracy.<\/p>\n<h3>Dost\u0119pno\u015b\u0107 konserwacyjna<\/h3>\n<p>Projektowanie z my\u015bl\u0105 o \u0142atwo\u015bci konserwacji jest kluczowe. Cylindry powinny umo\u017cliwia\u0107 \u0142atwy dost\u0119p do uszczelek i innych podzespo\u0142\u00f3w, u\u0142atwiaj\u0105c regularne czynno\u015bci konserwacyjne, co mo\u017ce zapobiec kosztownym przestojom i naprawom.<\/p>\n<p><img decoding=\"async\" src=\"https:\/\/www.hydraulic-cylinders.net\/wp-content\/uploads\/2025\/04\/songte-oil-pipes-and-spare-parts.webp\" alt=\"Rury olejowe i cz\u0119\u015bci zamienne Obraz\" \/><\/p>\n<h2>Uszczelnianie i smarowanie<\/h2>\n<p>Prawid\u0142owe uszczelnienie i smarowanie si\u0142ownika wysi\u0119gnika s\u0105 niezb\u0119dne dla optymalnej wydajno\u015bci. Do utrzymania p\u0142ynu hydraulicznego w si\u0142owniku stosuje si\u0119 r\u00f3\u017cne uszczelnienia, w tym uszczelnienia t\u0142oczyska i t\u0142oczyska. Preferowane s\u0105 uszczelnienia wykonane z trwa\u0142ych materia\u0142\u00f3w, takich jak poliuretan i kauczuk nitrylowy, ze wzgl\u0119du na ich odporno\u015b\u0107 na zu\u017cycie.<\/p>\n<p>Korpus cylindra i gwintowane powierzchnie ko\u0144cowe s\u0105 poddawane precyzyjnej obr\u00f3bce mechanicznej w celu zwi\u0119kszenia odporno\u015bci na zu\u017cycie. Regularne smarowanie olejem hydraulicznym jest niezb\u0119dne, aby zminimalizowa\u0107 tarcie i zu\u017cycie, zapewniaj\u0105c p\u0142ynn\u0105 prac\u0119.<\/p>\n<h2>\u015arodki konserwacji zapobiegawczej<\/h2>\n<ul>\n<li><strong>Regularne kontrole:<\/strong> Przeprowadzaj rutynowe kontrole w celu wczesnego wykrycia zu\u017cycia lub uszkodze\u0144, co pozwoli na terminow\u0105 napraw\u0119 zapobiegaj\u0105c\u0105 awariom sprz\u0119tu.<\/li>\n<li><strong>W\u0142a\u015bciwe smarowanie:<\/strong> Upewnij si\u0119, \u017ce poziom oleju hydraulicznego jest na zalecanym poziomie i zapewnia odpowiednie smarowanie wszystkich ruchomych cz\u0119\u015bci wewn\u0105trz cylindra.<\/li>\n<li><strong>Wymiana uszczelki:<\/strong> Regularnie sprawdzaj stan uszczelek i wymieniaj je, je\u015bli to konieczne, aby zachowa\u0107 integralno\u015b\u0107 uk\u0142adu hydraulicznego.<\/li>\n<\/ul>\n<h2>Wytyczne dotycz\u0105ce instalacji<\/h2>\n<p>Aby zapewni\u0107 prawid\u0142ow\u0105 instalacj\u0119 si\u0142ownika wysi\u0119gnika, nale\u017cy wykona\u0107 nast\u0119puj\u0105ce czynno\u015bci:<\/p>\n<ul>\n<li>Przed rozpocz\u0119ciem instalacji nale\u017cy upewni\u0107 si\u0119, \u017ce wszystkie elementy s\u0105 czyste i wolne od zanieczyszcze\u0144.<\/li>\n<li>Prawid\u0142owo ustaw cylinder wzgl\u0119dem punkt\u00f3w mocowania maszyny, aby zapobiec nadmiernemu napr\u0119\u017ceniu podzespo\u0142\u00f3w.<\/li>\n<li>Za pomoc\u0105 odpowiednich wspornik\u00f3w monta\u017cowych unieruchom cylinder, zapewniaj\u0105c stabilno\u015b\u0107 podczas pracy.<\/li>\n<li>Sprawd\u017a dok\u0142adnie szczelno\u015b\u0107 po\u0142\u0105cze\u0144 hydraulicznych i upewnij si\u0119, \u017ce wszystkie przy\u0142\u0105cza s\u0105 dokr\u0119cone zgodnie ze specyfikacj\u0105.<\/li>\n<li>Po instalacji nale\u017cy sprawdzi\u0107 dzia\u0142anie cylindra, aby zweryfikowa\u0107 jego funkcjonalno\u015b\u0107 i w razie potrzeby dokona\u0107 regulacji.<\/li>\n<\/ul>\n<h2>Typowe zadania konserwacyjne<\/h2>\n<h3>Regularne kontrole<\/h3>\n<p>Regularne kontrole s\u0105 kluczowe dla zapewnienia trwa\u0142o\u015bci si\u0142ownika wysi\u0119gnika. Operatorzy powinni sprawdza\u0107 podzespo\u0142y pod k\u0105tem oznak zu\u017cycia, wyciek\u00f3w lub uszkodze\u0144. Takie proaktywne podej\u015bcie pomaga w identyfikacji potencjalnych problem\u00f3w, zanim si\u0119 nasil\u0105, zapewniaj\u0105c p\u0142ynn\u0105 prac\u0119.<\/p>\n<h3>Odpowiednie smarowanie<\/h3>\n<p>Utrzymanie prawid\u0142owego smarowania jest kluczowe dla p\u0142ynnej pracy si\u0142ownika wysi\u0119gnika. Operatorzy musz\u0105 zadba\u0107 o odpowiedni poziom oleju hydraulicznego i odpowiednie smarowanie wszystkich ruchomych cz\u0119\u015bci, aby zmniejszy\u0107 tarcie i zu\u017cycie.<\/p>\n<h3>Wymiana uszczelek i kontrola kalibracji<\/h3>\n<p>Uszczelki nale\u017cy okresowo wymienia\u0107, aby zachowa\u0107 integralno\u015b\u0107 hydrauliczn\u0105. Operatorzy powinni ustali\u0107 harmonogram kontroli i wymiany uszczelek, a tak\u017ce regularnych kontroli kalibracji, aby upewni\u0107 si\u0119, \u017ce si\u0142ownik dzia\u0142a w zakresie wyznaczonych parametr\u00f3w.<\/p>\n<p><img decoding=\"async\" src=\"https:\/\/www.hydraulic-cylinders.net\/wp-content\/uploads\/2025\/04\/songte-chushion-collar.webp\" alt=\"Obraz ko\u0142nierza poduszkowego\" \/><\/p>\n<h2>Zagadnienia bezpiecze\u0144stwa i czynniki \u015brodowiskowe<\/h2>\n<p>Wdro\u017cenie \u015brodk\u00f3w bezpiecze\u0144stwa podczas obs\u0142ugi cylindr\u00f3w wysi\u0119gnika jest niezb\u0119dne. Operatorzy powinni by\u0107 przeszkoleni w zakresie bezpiecznych praktyk, takich jak znajomo\u015b\u0107 otoczenia i ogranicze\u0144 eksploatacyjnych maszyny. Zapewnienie sprawnego dzia\u0142ania wszystkich urz\u0105dze\u0144 zabezpieczaj\u0105cych zminimalizuje ryzyko zwi\u0105zane z urz\u0105dzeniami hydraulicznymi.<\/p>\n<h2>Diagnostyka usterek i typowe problemy<\/h2>\n<ul>\n<li><strong>Wycieki hydrauliczne:<\/strong> Jednym z najcz\u0119stszych problem\u00f3w s\u0105 wycieki p\u0142ynu hydraulicznego, kt\u00f3re mog\u0105 prowadzi\u0107 do spadku ci\u015bnienia i spadku wydajno\u015bci. Aby zminimalizowa\u0107 to ryzyko, nale\u017cy regularnie sprawdza\u0107 uszczelki i po\u0142\u0105czenia.<\/li>\n<li><strong>Powolna praca:<\/strong> Je\u015bli cylinder pracuje powoli, mo\u017ce to oznacza\u0107 niski poziom p\u0142ynu hydraulicznego lub zanieczyszczenie. Sprawd\u017a poziom p\u0142ynu i filtry, aby zapewni\u0107 prawid\u0142owe nat\u0119\u017cenie przep\u0142ywu.<\/li>\n<li><strong>Nietypowe d\u017awi\u0119ki:<\/strong> Nietypowe d\u017awi\u0119ki podczas pracy mog\u0105 sygnalizowa\u0107 uszkodzenie wewn\u0119trzne lub zapowietrzenie uk\u0142adu hydraulicznego. Szybka reakcja na te d\u017awi\u0119ki mo\u017ce zapobiec dalszym uszkodzeniom.<\/li>\n<\/ul>\n<h2>Wskaz\u00f3wki dotycz\u0105ce rozwi\u0105zywania problem\u00f3w<\/h2>\n<p>Aby skutecznie zdiagnozowa\u0107 i rozwi\u0105za\u0107 problemy z si\u0142ownikiem wysi\u0119gnika, operatorzy powinni post\u0119powa\u0107 zgodnie z poni\u017cszymi krokami rozwi\u0105zywania problem\u00f3w:<\/p>\n<ul>\n<li>Sprawd\u017a uk\u0142ad hydrauliczny pod k\u0105tem wyciek\u00f3w i natychmiast je napraw.<\/li>\n<li>Sprawd\u017a poziom p\u0142yn\u00f3w i uzupe\u0142nij odpowiednim olejem hydraulicznym.<\/li>\n<li>Sprawd\u017a uszczelki pod k\u0105tem zu\u017cycia i wymie\u0144 je, je\u015bli to konieczne, aby zapobiec dalszym wyciekom.<\/li>\n<\/ul>\n<p><img decoding=\"async\" src=\"https:\/\/www.hydraulic-cylinders.net\/wp-content\/uploads\/2025\/04\/songte-bushings-with-all-kinds-of-excavator-models.webp\" alt=\"Obraz tulei\" \/><\/p>\n<h2>Przegl\u0105d firmy<\/h2>\n<p>Jeste\u015bmy wiod\u0105cym producentem zamiennych si\u0142ownik\u00f3w hydraulicznych, oferuj\u0105cym szerok\u0105 gam\u0119 produkt\u00f3w, kt\u00f3re zaspokajaj\u0105 potrzeby zar\u00f3wno rynku krajowego, jak i mi\u0119dzynarodowego. Nasze zaanga\u017cowanie w d\u0105\u017cenie do doskona\u0142o\u015bci jako\u015bci nap\u0119dza nasze najnowocze\u015bniejsze procesy produkcyjne i rygorystyczne strategie zarz\u0105dzania produkcj\u0105. Koncentruj\u0105c si\u0119 na wysokiej wydajno\u015bci, precyzji i jako\u015bci, stale rozwijamy nasze mo\u017cliwo\u015bci produkcyjne i dbamy o to, aby nasze produkty spe\u0142nia\u0142y zr\u00f3\u017cnicowane potrzeby naszych klient\u00f3w.<\/p>\n<p>Nasza firma wyr\u00f3\u017cnia si\u0119 profesjonalnym do\u015bwiadczeniem, mi\u0119dzynarodowymi certyfikatami i zindywidualizowanymi us\u0142ugami. Wykorzystujemy zaawansowany sprz\u0119t produkcyjny i solidny system obs\u0142ugi posprzeda\u017cowej, aby skutecznie wspiera\u0107 naszych klient\u00f3w.<\/p>\n<p><img decoding=\"async\" src=\"https:\/\/www.hydraulic-cylinders.net\/wp-content\/uploads\/2025\/04\/songte-company-4.webp\" alt=\"Obraz firmy 1\" \/><br \/>\n<img decoding=\"async\" src=\"https:\/\/www.hydraulic-cylinders.net\/wp-content\/uploads\/2025\/04\/songte-company-3.webp\" alt=\"Obraz firmy 2\" \/><\/p>\n<p>Autor: lyl<\/p>","protected":false},"excerpt":{"rendered":"<p>Boom Cylinder For NHIG BF6m2012C Overview of the Boom Cylinder The Boom Cylinder is a critical component in hydraulic systems, specifically designed for controlling the movement of buckets in various heavy machinery such as excavators, backhoe loaders, and front loaders. This hydraulic cylinder enables the bucket to lift, lower, and tilt, facilitating efficient material handling [&hellip;]<\/p>","protected":false},"featured_media":17869,"comment_status":"open","ping_status":"closed","template":"","meta":{"_et_pb_use_builder":"","_et_pb_old_content":"","_et_gb_content_width":""},"product_brand":[],"product_cat":[1546],"product_tag":[1547,1496],"class_list":{"0":"post-19666","1":"product","2":"type-product","3":"status-publish","4":"has-post-thumbnail","6":"product_cat-boom-cylinders","7":"product_tag-boom-cylinders","8":"product_tag-hydraulic-cylinders","10":"first","11":"instock","12":"shipping-taxable","13":"product-type-simple"},"amp_enabled":true,"_links":{"self":[{"href":"https:\/\/www.hydraulic-cylinders.net\/pl\/wp-json\/wp\/v2\/product\/19666","targetHints":{"allow":["GET"]}}],"collection":[{"href":"https:\/\/www.hydraulic-cylinders.net\/pl\/wp-json\/wp\/v2\/product"}],"about":[{"href":"https:\/\/www.hydraulic-cylinders.net\/pl\/wp-json\/wp\/v2\/types\/product"}],"replies":[{"embeddable":true,"href":"https:\/\/www.hydraulic-cylinders.net\/pl\/wp-json\/wp\/v2\/comments?post=19666"}],"wp:featuredmedia":[{"embeddable":true,"href":"https:\/\/www.hydraulic-cylinders.net\/pl\/wp-json\/wp\/v2\/media\/17869"}],"wp:attachment":[{"href":"https:\/\/www.hydraulic-cylinders.net\/pl\/wp-json\/wp\/v2\/media?parent=19666"}],"wp:term":[{"taxonomy":"product_brand","embeddable":true,"href":"https:\/\/www.hydraulic-cylinders.net\/pl\/wp-json\/wp\/v2\/product_brand?post=19666"},{"taxonomy":"product_cat","embeddable":true,"href":"https:\/\/www.hydraulic-cylinders.net\/pl\/wp-json\/wp\/v2\/product_cat?post=19666"},{"taxonomy":"product_tag","embeddable":true,"href":"https:\/\/www.hydraulic-cylinders.net\/pl\/wp-json\/wp\/v2\/product_tag?post=19666"}],"curies":[{"name":"wp","href":"https:\/\/api.w.org\/{rel}","templated":true}]}}