{"id":19670,"date":"2025-04-07T07:00:52","date_gmt":"2025-04-07T07:00:52","guid":{"rendered":"https:\/\/www.hydraulic-cylinders.net\/product\/boom-cylinder-for-bada-wysbd500c-s\/"},"modified":"2025-04-07T07:00:56","modified_gmt":"2025-04-07T07:00:56","slug":"boom-cylinder-for-bada-wysbd500c-s","status":"publish","type":"product","link":"https:\/\/www.hydraulic-cylinders.net\/pl\/produkt\/boom-cylinder-for-bada-wysbd500c-s\/","title":{"rendered":"Si\u0142ownik wysi\u0119gnika do Bada WYSBD500C-S"},"content":{"rendered":"<h1>Si\u0142ownik wysi\u0119gnika do Bada WYSBD500C-S<\/h1>\n<h2>Zrozumienie cylindra wysi\u0119gnika<\/h2>\n<p>Si\u0142ownik wysi\u0119gnika, zaprojektowany specjalnie dla modelu Bada WYSBD500C-S, jest niezb\u0119dnym elementem uk\u0142ad\u00f3w hydraulicznych stosowanych w r\u00f3\u017cnych maszynach ci\u0119\u017ckich. Ten typ si\u0142ownika hydraulicznego jest wykorzystywany g\u0142\u00f3wnie do sterowania ruchem \u0142y\u017cek w koparkach, koparko-\u0142adowarkach i \u0142adowarkach czo\u0142owych. Umo\u017cliwiaj\u0105c podnoszenie, opuszczanie i przechylanie \u0142y\u017cki, znacznie u\u0142atwia ona zadania zwi\u0105zane z prze\u0142adunkiem materia\u0142\u00f3w. Si\u0142ownik \u0142y\u017cki dzia\u0142a poprzez wykorzystanie ci\u015bnienia oleju hydraulicznego do wprawiania w ruch, co czyni go kluczowym elementem zapewniaj\u0105cym wydajno\u015b\u0107 i efektywno\u015b\u0107 pracy ci\u0119\u017ckiego sprz\u0119tu.<\/p>\n<p><img decoding=\"async\" src=\"https:\/\/www.hydraulic-cylinders.net\/wp-content\/uploads\/2025\/04\/songte-company-1.webp\" alt=\"Si\u0142ownik wysi\u0119gnika\" \/><\/p>\n<h2>Cechy cylindra wysi\u0119gnika<\/h2>\n<h3>Wysoka wytrzyma\u0142o\u015b\u0107 i trwa\u0142o\u015b\u0107<\/h3>\n<ul>\n<li>Wykonane ze stali o wysokiej wytrzyma\u0142o\u015bci lub aluminium, co pozwala im wytrzyma\u0107 du\u017ce ci\u015bnienie i du\u017ce obci\u0105\u017cenia.<\/li>\n<li>Zaprojektowane do pracy w trudnych warunkach, z uwzgl\u0119dnieniem odporno\u015bci na zu\u017cycie i ochrony przed korozj\u0105.<\/li>\n<li>D\u0142u\u017csza \u017cywotno\u015b\u0107 dzi\u0119ki zastosowaniu solidnych standard\u00f3w produkcyjnych.<\/li>\n<\/ul>\n<h3>Wydajna praca hydrauliczna<\/h3>\n<ul>\n<li>Wykorzystuje ci\u015bnienie oleju hydraulicznego do p\u0142ynnego wysuwania i wsuwania.<\/li>\n<li>Szybko reaguje na polecenia operatora, zapewniaj\u0105c pot\u0119\u017cne mo\u017cliwo\u015bci pchania i ci\u0105gni\u0119cia.<\/li>\n<li>Doskonale nadaje si\u0119 do przenoszenia ci\u0119\u017ckich przedmiot\u00f3w i wykonywania skomplikowanych zada\u0144 wymagaj\u0105cych precyzji.<\/li>\n<\/ul>\n<h3>R\u00f3\u017cne typy<\/h3>\n<ul>\n<li>Dost\u0119pne s\u0105 cylindry jednostronnego dzia\u0142ania (dzia\u0142aj\u0105ce w jednym kierunku) i dwustronnego dzia\u0142ania (dzia\u0142aj\u0105ce w obu kierunkach), kt\u00f3re spe\u0142niaj\u0105 r\u00f3\u017cne wymagania operacyjne.<\/li>\n<li>Niekt\u00f3re modele s\u0105 teleskopowe, co pozwala na wi\u0119ksze wysuni\u0119cie konstrukcji bez zwi\u0119kszania jej wymiar\u00f3w zewn\u0119trznych, dzi\u0119ki czemu nadaj\u0105 si\u0119 do zastosowa\u0144 w ograniczonej przestrzeni.<\/li>\n<\/ul>\n<p>Nasza firma specjalizuje si\u0119 w produkcji tych cylindr\u00f3w, zapewniaj\u0105c, \u017ce doskonale zast\u0119puj\u0105 one istniej\u0105ce cylindry hydrauliczne.<\/p>\n<p><img decoding=\"async\" src=\"https:\/\/www.hydraulic-cylinders.net\/wp-content\/uploads\/2025\/04\/songte-cylinder-head-with-all-kinds-excavator-models.webp\" alt=\"Modele koparek\" \/><\/p>\n<h2>Zastosowania cylindra wysi\u0119gnika<\/h2>\n<h3>Sprz\u0119t budowlany<\/h3>\n<p>W sprz\u0119cie budowlanym, takim jak koparki, si\u0142ownik wysi\u0119gnika odgrywa kluczow\u0105 rol\u0119 w wykopywaniu, za\u0142adunku i przemieszczaniu gleby lub gruzu. Jego hydrauliczne mo\u017cliwo\u015bci umo\u017cliwiaj\u0105 kopanie g\u0142\u0119boko w ziemi\u0119, a wydajny ruch podnoszenia umo\u017cliwia transport materia\u0142\u00f3w do \u017c\u0105danych lokalizacji. Po zintegrowaniu z koparko-\u0142adowark\u0105, si\u0142ownik wspomaga nie tylko wykopy, ale tak\u017ce operacje podnoszenia, czyni\u0105c go wszechstronnym narz\u0119dziem do zada\u0144 budowlanych.<\/p>\n<h3>Maszyny rolnicze<\/h3>\n<p>W zastosowaniach rolniczych si\u0142ownik wysi\u0119gnika ma kluczowe znaczenie dla \u0142adowaczy czo\u0142owych, u\u0142atwiaj\u0105c nabieranie, podnoszenie i transport gleby, siana i innych materia\u0142\u00f3w. Jego si\u0142a hydrauliczna wspomaga r\u00f3\u017cnorodne zadania rolnicze, umo\u017cliwiaj\u0105c rolnikom efektywne zarz\u0105dzanie prac\u0105 i zwi\u0119kszanie produktywno\u015bci.<\/p>\n<h3>Koparki<\/h3>\n<p>W przypadku koparek si\u0142ownik wysi\u0119gnika jest niezb\u0119dny, aby umo\u017cliwi\u0107 \u0142y\u017cce zag\u0142\u0119bianie si\u0119 w grunt podczas kopania. Ta funkcja zapewnia efektywne wykopywanie r\u00f3\u017cnych materia\u0142\u00f3w, co czyni go niezb\u0119dnym elementem podczas rob\u00f3t ziemnych.<\/p>\n<h3>\u0141adowarki<\/h3>\n<p>W \u0142adowarkach czo\u0142owych si\u0142owniki wysi\u0119gnika wspomagaj\u0105 efektywne podnoszenie i wysypywanie materia\u0142\u00f3w. Ich konstrukcja zapewnia p\u0142ynn\u0105 prac\u0119, u\u0142atwiaj\u0105c prze\u0142adunek materia\u0142\u00f3w sypkich oraz zwi\u0119kszaj\u0105c szybko\u015b\u0107 i wydajno\u015b\u0107 pracy na budowie.<\/p>\n<h2>Zagadnienia projektowe i kryteria wyboru<\/h2>\n<h3>No\u015bno\u015b\u0107<\/h3>\n<p>Przy wyborze si\u0142ownika wysi\u0119gnika kluczowe znaczenie ma zrozumienie jego ud\u017awigu. Si\u0142ownik musi wytrzymywa\u0107 obci\u0105\u017cenia robocze bezawaryjnie, zapewniaj\u0105c bezpiecze\u0144stwo i wydajno\u015b\u0107. Producenci zazwyczaj podaj\u0105 ud\u017awig na podstawie obszernych test\u00f3w, dlatego kluczowe jest, aby wybra\u0107 si\u0142ownik, kt\u00f3ry spe\u0142nia lub przewy\u017csza wymagania dla swojego przeznaczenia.<\/p>\n<h3>Opiecz\u0119towanie<\/h3>\n<p>Skuteczne uszczelnienie jest kluczowe dla utrzymania ci\u015bnienia hydraulicznego. Wysokiej jako\u015bci uszczelki zapobiegaj\u0105 wyciekom i zapewniaj\u0105 optymaln\u0105 wydajno\u015b\u0107 cylindra. Producenci cz\u0119sto stosuj\u0105 uszczelki wykonane z trwa\u0142ych materia\u0142\u00f3w, takich jak poliuretan lub guma nitrylowa, kt\u00f3re s\u0105 odporne na zu\u017cycie i trudne warunki. Regularne przegl\u0105dy i terminowa wymiana wyd\u0142u\u017caj\u0105 \u017cywotno\u015b\u0107 cylindra.<\/p>\n<h3>Trwa\u0142o\u015b\u0107<\/h3>\n<p>Trwa\u0142o\u015b\u0107 jest kluczowym czynnikiem w projektowaniu si\u0142ownik\u00f3w wysi\u0119gnika. Podzespo\u0142y cz\u0119sto s\u0105 nara\u017cone na ekstremalne warunki, w tym wahania ci\u015bnienia i czynniki \u015brodowiskowe. Dlatego wyb\u00f3r si\u0142ownika wykonanego z materia\u0142\u00f3w o wysokiej wytrzyma\u0142o\u015bci z pow\u0142okami ochronnymi mo\u017ce znacznie wyd\u0142u\u017cy\u0107 jego \u017cywotno\u015b\u0107 i ograniczy\u0107 potrzeby konserwacyjne.<\/p>\n<h3>Funkcje bezpiecze\u0144stwa<\/h3>\n<p>Przy projektowaniu cylindr\u00f3w hydraulicznych kluczowe znaczenie maj\u0105 wzgl\u0119dy bezpiecze\u0144stwa. Funkcje takie jak zawory bezpiecze\u0144stwa i bezpieczne mechanizmy monta\u017cowe zapewniaj\u0105 bezpieczn\u0105 prac\u0119. Wyb\u00f3r cylindr\u00f3w z wbudowanymi zabezpieczeniami pomaga zapobiega\u0107 wypadkom i uszkodzeniom sprz\u0119tu, przyczyniaj\u0105c si\u0119 do bezpieczniejszego \u015brodowiska pracy.<\/p>\n<h3>Dost\u0119pno\u015b\u0107 konserwacyjna<\/h3>\n<p>Konstrukcja si\u0142ownika wysi\u0119gnika powinna r\u00f3wnie\u017c uwzgl\u0119dnia\u0107 \u0142atwo\u015b\u0107 konserwacji. Dost\u0119pne punkty serwisowe umo\u017cliwiaj\u0105 szybkie przegl\u0105dy i naprawy, minimalizuj\u0105c przestoje. Regularna konserwacja jest niezb\u0119dna dla zapewnienia wydajnej i bezpiecznej pracy si\u0142ownika, wyd\u0142u\u017caj\u0105c jego \u017cywotno\u015b\u0107.<\/p>\n<p><img decoding=\"async\" src=\"https:\/\/www.hydraulic-cylinders.net\/wp-content\/uploads\/2025\/04\/songte-oil-pipes-and-spare-parts.webp\" alt=\"Rury olejowe i cz\u0119\u015bci zamienne\" \/><\/p>\n<h2>Uszczelnienie i smarowanie cylindra hydraulicznego<\/h2>\n<p>Aby utrzyma\u0107 optymaln\u0105 wydajno\u015b\u0107, stosuje si\u0119 r\u00f3\u017cne elementy uszczelniaj\u0105ce, w tym uszczelnienia t\u0142oczysk i t\u0142oczysk. Uszczelnienia wykonane z materia\u0142\u00f3w odpornych na zu\u017cycie, takich jak poliuretan i kauczuk nitrylowy, s\u0105 niezb\u0119dne do zapobiegania wyciekom p\u0142ynu hydraulicznego i utrzymywania ci\u015bnienia. Dodatkowo, korpus cylindra i gwintowane ko\u0144c\u00f3wki s\u0105 precyzyjnie obrabiane, co zwi\u0119ksza trwa\u0142o\u015b\u0107 i odporno\u015b\u0107 na zu\u017cycie. Regularne smarowanie olejem hydraulicznym jest niezb\u0119dne dla zapewnienia p\u0142ynnej pracy i zapobiegania uszkodzeniom wewn\u0119trznym, co wymaga okresowych kontroli i uzupe\u0142niania.<\/p>\n<h2>Regularne kontrole i \u015brodki konserwacji zapobiegawczej<\/h2>\n<ul>\n<li><strong>Rutynowe kontrole:<\/strong> Regularne kontrole si\u0142ownika wysi\u0119gnika s\u0105 kluczowe dla identyfikacji oznak zu\u017cycia, wyciek\u00f3w i uszkodze\u0144. Planowe kontrole pozwalaj\u0105 na terminow\u0105 interwencj\u0119, kt\u00f3ra mo\u017ce zapobiec powa\u017cniejszym problemom w przysz\u0142o\u015bci.<\/li>\n<li><strong>Konserwacja zapobiegawcza:<\/strong> Wdro\u017cenie harmonogramu konserwacji zapobiegawczej mo\u017ce znacz\u0105co poprawi\u0107 wydajno\u015b\u0107 i \u017cywotno\u015b\u0107 cylindra. Regularne czynno\u015bci konserwacyjne powinny obejmowa\u0107 kontrol\u0119 uszczelnie\u0144, smarowanie cz\u0119\u015bci ruchomych oraz zapewnienie odpowiedniego poziomu p\u0142ynu hydraulicznego.<\/li>\n<li><strong>Wymiana podzespo\u0142\u00f3w:<\/strong> Monitorowanie zu\u017cycia podzespo\u0142\u00f3w i ich wymiana w razie potrzeby jest kluczowa dla utrzymania wydajno\u015bci operacyjnej. Regularna wymiana uszczelnie\u0144, przewod\u00f3w i innych kluczowych cz\u0119\u015bci mo\u017ce zapobiec awariom i wyd\u0142u\u017cy\u0107 \u017cywotno\u015b\u0107 sprz\u0119tu.<\/li>\n<\/ul>\n<h2>Wytyczne dotycz\u0105ce instalacji<\/h2>\n<p>Aby zapewni\u0107 prawid\u0142owy monta\u017c si\u0142ownika wysi\u0119gnika, nale\u017cy post\u0119powa\u0107 zgodnie z poni\u017cszymi wskaz\u00f3wkami:<\/p>\n<ol>\n<li>Upewnij si\u0119, \u017ce cylinder jest prawid\u0142owo ustawiony wzgl\u0119dem punkt\u00f3w mocowania w maszynie.<\/li>\n<li>Zastosuj odpowiednie wsporniki monta\u017cowe, aby zamocowa\u0107 cylinder na miejscu i zapobiec jego przemieszczaniu si\u0119 podczas pracy.<\/li>\n<li>Aby mie\u0107 pewno\u015b\u0107 pewnego dopasowania, nale\u017cy przestrzega\u0107 zalece\u0144 producenta dotycz\u0105cych momentu dokr\u0119cania \u015brub i po\u0142\u0105cze\u0144.<\/li>\n<li>Po monta\u017cu nale\u017cy sprawdzi\u0107 szczelno\u015b\u0107 wszystkich po\u0142\u0105cze\u0144 hydraulicznych i upewni\u0107 si\u0119, \u017ce poziom p\u0142ynu hydraulicznego jest odpowiedni.<\/li>\n<li>Przeprowad\u017a pr\u00f3b\u0119 ruchow\u0105, aby sprawdzi\u0107, czy cylinder dzia\u0142a prawid\u0142owo i czy nie ma w nim \u017cadnych przeszk\u00f3d lub niewsp\u00f3\u0142osiowo\u015bci.<\/li>\n<\/ol>\n<h2>Typowe zadania konserwacyjne<\/h2>\n<ul>\n<li><strong>Regularne kontrole:<\/strong> Regularne sprawdzanie si\u0142ownika wysi\u0119gnika pod k\u0105tem oznak zu\u017cycia lub uszkodze\u0144 jest niezb\u0119dne. Wczesne rozpoznanie potencjalnych problem\u00f3w mo\u017ce zaoszcz\u0119dzi\u0107 czas i koszty zwi\u0105zane z awari\u0105 sprz\u0119tu.<\/li>\n<li><strong>Prawid\u0142owe smarowanie:<\/strong> Zapewnienie odpowiedniego smarowania si\u0142ownika hydraulicznego zapobiega jego wewn\u0119trznemu zu\u017cyciu i zapewnia p\u0142ynn\u0105 prac\u0119. Regularnie sprawdzaj i uzupe\u0142niaj olej hydrauliczny w razie potrzeby.<\/li>\n<li><strong>Wymiana uszczelki:<\/strong> Z biegiem czasu uszczelki ulegaj\u0105 zu\u017cyciu, co prowadzi do wyciek\u00f3w i spadku wydajno\u015bci. Rutynowa kontrola i wymiana uszczelek jest kluczowa dla zachowania integralno\u015bci si\u0142ownika hydraulicznego.<\/li>\n<\/ul>\n<h2>Zagadnienia bezpiecze\u0144stwa i czynniki \u015brodowiskowe<\/h2>\n<p>Podczas u\u017cytkowania cylindr\u00f3w hydraulicznych kluczowe jest wdro\u017cenie \u015brodk\u00f3w bezpiecze\u0144stwa w celu ochrony operator\u00f3w i personelu. Wdro\u017cenie odpowiednich program\u00f3w szkoleniowych z zakresu bezpiecznej obs\u0142ugi i konserwacji uk\u0142ad\u00f3w hydraulicznych mo\u017ce znacznie zmniejszy\u0107 liczb\u0119 wypadk\u00f3w. Dodatkowo, nale\u017cy uwzgl\u0119dni\u0107 czynniki \u015brodowiskowe, takie jak utylizacja p\u0142yn\u00f3w i czyszczenie sprz\u0119tu, aby zminimalizowa\u0107 wp\u0142yw na \u015brodowisko, zapewni\u0107 zgodno\u015b\u0107 z przepisami bran\u017cowymi i promowa\u0107 zr\u00f3wnowa\u017cone praktyki.<\/p>\n<h2>Diagnostyka usterek i typowe problemy<\/h2>\n<ul>\n<li><strong>Przeciek:<\/strong> Jednym z najcz\u0119stszych problem\u00f3w z si\u0142ownikami hydraulicznymi jest wyciek p\u0142ynu, kt\u00f3ry mo\u017ce wynika\u0107 ze zu\u017cycia uszczelnie\u0144 lub uszkodzenia podzespo\u0142\u00f3w. Regularne sprawdzanie szczelno\u015bci mo\u017ce pom\u00f3c we wczesnym wykryciu i naprawie.<\/li>\n<li><strong>Utrata mocy:<\/strong> Spadek mocy lub reakcji mo\u017ce wskazywa\u0107 na niski poziom p\u0142ynu hydraulicznego lub uszkodzenia wewn\u0119trzne. Monitorowanie poziomu p\u0142ynu hydraulicznego i przeprowadzanie rutynowych przegl\u0105d\u00f3w mo\u017ce zapobiec temu problemowi.<\/li>\n<li><strong>Przegrzanie:<\/strong> Nadmierne ciep\u0142o mo\u017ce wp\u0142ywa\u0107 na wydajno\u015b\u0107 uk\u0142adu hydraulicznego, cz\u0119sto z powodu przeci\u0105\u017cenia lub niedostatecznego smarowania. Upewnienie si\u0119, \u017ce uk\u0142ad hydrauliczny nie jest przeci\u0105\u017cony i regularne sprawdzanie smarowania mo\u017ce zmniejszy\u0107 ryzyko przegrzania.<\/li>\n<\/ul>\n<h2>Wskaz\u00f3wki i rozwi\u0105zania dotycz\u0105ce rozwi\u0105zywania problem\u00f3w<\/h2>\n<p>Aby skutecznie diagnozowa\u0107 i rozwi\u0105zywa\u0107 problemy z si\u0142ownikami hydraulicznymi, nale\u017cy wzi\u0105\u0107 pod uwag\u0119 nast\u0119puj\u0105ce wskaz\u00f3wki:<\/p>\n<ul>\n<li>Przeprowad\u017a dok\u0142adne kontrole, aby zidentyfikowa\u0107 \u017ar\u00f3d\u0142o wycieku, niezale\u017cnie od tego, czy jest to uszczelka, czy w\u0105\u017c. Niezw\u0142ocznie wymie\u0144 zu\u017cyte elementy, aby unikn\u0105\u0107 dalszych uszkodze\u0144.<\/li>\n<li>W przypadku utraty mocy nale\u017cy sprawdzi\u0107 poziom p\u0142ynu hydraulicznego i uzupe\u0142ni\u0107 go w razie potrzeby. Je\u015bli problem nadal wyst\u0119puje, nale\u017cy sprawdzi\u0107, czy nie ma uszkodze\u0144 wewn\u0119trznych lub zator\u00f3w.<\/li>\n<li>W przypadku problem\u00f3w z przegrzaniem nale\u017cy upewni\u0107 si\u0119, \u017ce uk\u0142ad nie jest przeci\u0105\u017cony i utrzymuje odpowiedni poziom smarowania. Regularny monitoring mo\u017ce zapobiec przegrzaniu i zwi\u0105zanym z nim uszkodzeniom.<\/li>\n<\/ul>\n<p><img decoding=\"async\" src=\"https:\/\/www.hydraulic-cylinders.net\/wp-content\/uploads\/2025\/04\/songte-bushings-with-all-kinds-of-excavator-models.webp\" alt=\"Tuleje do modeli koparek\" \/><\/p>\n<h2>O naszej firmie<\/h2>\n<p>Jeste\u015bmy wiod\u0105cym producentem i hurtownikiem si\u0142ownik\u00f3w hydraulicznych, d\u0105\u017c\u0105cym do oferowania szerokiej gamy produkt\u00f3w, dostosowanych do zr\u00f3\u017cnicowanych potrzeb rynku. Nasze d\u0105\u017cenie do doskona\u0142o\u015bci przejawia si\u0119 w precyzyjnych praktykach produkcyjnych, opartych na zaawansowanej technologii i wykwalifikowanym zespole. Wykorzystuj\u0105c wysokiej klasy sprz\u0119t do produkcji cyfrowej i solidne systemy zapewnienia jako\u015bci, stale zwi\u0119kszamy nasze mo\u017cliwo\u015bci produkcyjne. Nasze zaanga\u017cowanie w wysok\u0105 wydajno\u015b\u0107, dok\u0142adno\u015b\u0107 i jako\u015b\u0107 pozwala nam skutecznie spe\u0142nia\u0107 zr\u00f3\u017cnicowane wymagania naszych klient\u00f3w.<\/p>\n<p>Jeste\u015bmy dumni z naszego profesjonalizmu, mi\u0119dzynarodowych certyfikat\u00f3w, spersonalizowanych us\u0142ug i wyj\u0105tkowego wsparcia posprzeda\u017cowego. Nasze zak\u0142ady produkcyjne wyposa\u017cone s\u0105 w najnowocze\u015bniejsze technologie, co gwarantuje, \u017ce nasze produkty spe\u0142niaj\u0105 najwy\u017csze standardy jako\u015bci i wydajno\u015bci.<\/p>\n<p><img decoding=\"async\" src=\"https:\/\/www.hydraulic-cylinders.net\/wp-content\/uploads\/2025\/04\/songte-company-4.webp\" alt=\"Obiekty firmy\" \/><br \/>\n<img decoding=\"async\" src=\"https:\/\/www.hydraulic-cylinders.net\/wp-content\/uploads\/2025\/04\/songte-company-3.webp\" alt=\"Przegl\u0105d firmy\" \/><\/p>\n<p>Autor: lyl<\/p>","protected":false},"excerpt":{"rendered":"<p>Boom Cylinder For Bada WYSBD500C-S Understanding the Boom Cylinder The Boom Cylinder, specifically designed for the Bada WYSBD500C-S, is an essential component of hydraulic systems used in various heavy machinery. This type of hydraulic cylinder is primarily employed to control the movement of buckets in excavators, backhoes, and front loaders. By enabling the lifting, lowering, [&hellip;]<\/p>","protected":false},"featured_media":17873,"comment_status":"open","ping_status":"closed","template":"","meta":{"_et_pb_use_builder":"","_et_pb_old_content":"","_et_gb_content_width":""},"product_brand":[],"product_cat":[1546],"product_tag":[1547,1496],"class_list":{"0":"post-19670","1":"product","2":"type-product","3":"status-publish","4":"has-post-thumbnail","6":"product_cat-boom-cylinders","7":"product_tag-boom-cylinders","8":"product_tag-hydraulic-cylinders","10":"first","11":"instock","12":"shipping-taxable","13":"product-type-simple"},"amp_enabled":true,"_links":{"self":[{"href":"https:\/\/www.hydraulic-cylinders.net\/pl\/wp-json\/wp\/v2\/product\/19670","targetHints":{"allow":["GET"]}}],"collection":[{"href":"https:\/\/www.hydraulic-cylinders.net\/pl\/wp-json\/wp\/v2\/product"}],"about":[{"href":"https:\/\/www.hydraulic-cylinders.net\/pl\/wp-json\/wp\/v2\/types\/product"}],"replies":[{"embeddable":true,"href":"https:\/\/www.hydraulic-cylinders.net\/pl\/wp-json\/wp\/v2\/comments?post=19670"}],"wp:featuredmedia":[{"embeddable":true,"href":"https:\/\/www.hydraulic-cylinders.net\/pl\/wp-json\/wp\/v2\/media\/17873"}],"wp:attachment":[{"href":"https:\/\/www.hydraulic-cylinders.net\/pl\/wp-json\/wp\/v2\/media?parent=19670"}],"wp:term":[{"taxonomy":"product_brand","embeddable":true,"href":"https:\/\/www.hydraulic-cylinders.net\/pl\/wp-json\/wp\/v2\/product_brand?post=19670"},{"taxonomy":"product_cat","embeddable":true,"href":"https:\/\/www.hydraulic-cylinders.net\/pl\/wp-json\/wp\/v2\/product_cat?post=19670"},{"taxonomy":"product_tag","embeddable":true,"href":"https:\/\/www.hydraulic-cylinders.net\/pl\/wp-json\/wp\/v2\/product_tag?post=19670"}],"curies":[{"name":"wp","href":"https:\/\/api.w.org\/{rel}","templated":true}]}}