{"id":19673,"date":"2025-04-07T07:01:03","date_gmt":"2025-04-07T07:01:03","guid":{"rendered":"https:\/\/www.hydraulic-cylinders.net\/product\/boom-cylinder-for-baoding-wy65-6\/"},"modified":"2025-04-07T07:01:06","modified_gmt":"2025-04-07T07:01:06","slug":"boom-cylinder-for-baoding-wy65-6","status":"publish","type":"product","link":"https:\/\/www.hydraulic-cylinders.net\/pl\/produkt\/boom-cylinder-for-baoding-wy65-6\/","title":{"rendered":"Si\u0142ownik wysi\u0119gnika do Baoding WY65-6"},"content":{"rendered":"<h1>Si\u0142ownik wysi\u0119gnika do Baoding WY65-6<\/h1>\n<h2>Przegl\u0105d produktu<\/h2>\n<p>Si\u0142ownik wysi\u0119gnika do koparki Baoding WY65-6 to specjalistyczny si\u0142ownik hydrauliczny przeznaczony do sterowania ruchem \u0142y\u017cek w ci\u0119\u017ckich maszynach, takich jak koparki, koparko-\u0142adowarki i \u0142adowarki czo\u0142owe. Ten si\u0142ownik hydrauliczny umo\u017cliwia wydajne podnoszenie, opuszczanie i przechylanie \u0142y\u017cki, u\u0142atwiaj\u0105c r\u00f3\u017cnorodne zadania zwi\u0105zane z prze\u0142adunkiem materia\u0142\u00f3w. Si\u0142ownik \u0142y\u017cki jest niezb\u0119dnym elementem uk\u0142ad\u00f3w hydraulicznych, w kt\u00f3rych przekszta\u0142ca energi\u0119 hydrauliczn\u0105 w energi\u0119 mechaniczn\u0105, umo\u017cliwiaj\u0105c p\u0142ynne i kontrolowane ruchy w sprz\u0119cie budowlanym i rolniczym.<\/p>\n<p><img decoding=\"async\" src=\"https:\/\/www.hydraulic-cylinders.net\/wp-content\/uploads\/2025\/04\/songte-company-1.webp\" alt=\"Si\u0142ownik wysi\u0119gnika\" \/><\/p>\n<h2>G\u0142\u00f3wne cechy<\/h2>\n<ul>\n<li><strong>Wysoka wytrzyma\u0142o\u015b\u0107 i trwa\u0142o\u015b\u0107:<\/strong> Wykonane z wysokowytrzyma\u0142ej stali lub aluminium, odporne na wysokie ci\u015bnienie i du\u017ce obci\u0105\u017cenia. Zaprojektowane z my\u015bl\u0105 o odporno\u015bci na zu\u017cycie i korozj\u0119, co wyd\u0142u\u017ca ich \u017cywotno\u015b\u0107.<\/li>\n<li><strong>Wydajna praca uk\u0142adu hydraulicznego:<\/strong> Wykorzystuje ci\u015bnienie oleju hydraulicznego do p\u0142ynnego wysuwania i wsuwania, umo\u017cliwiaj\u0105c szybk\u0105 reakcj\u0119 na polecenia steruj\u0105ce i zapewniaj\u0105c du\u017c\u0105 si\u0142\u0119 pchania i ci\u0105gni\u0119cia podczas obs\u0142ugi ci\u0119\u017ckich i skomplikowanych zada\u0144.<\/li>\n<li><strong>R\u00f3\u017cne typy:<\/strong> Dost\u0119pne w konfiguracji jednostronnego dzia\u0142ania (hydrauliczne dzia\u0142anie w jednym kierunku) lub dwustronnego dzia\u0142ania (hydrauliczne dzia\u0142anie w obu kierunkach), aby sprosta\u0107 r\u00f3\u017cnym potrzebom operacyjnym. Niekt\u00f3re modele posiadaj\u0105 konstrukcj\u0119 teleskopow\u0105, zapewniaj\u0105c\u0105 wi\u0119kszy zasi\u0119g bez zwi\u0119kszania rozmiaru, co sprawdza si\u0119 w zastosowaniach o ograniczonej przestrzeni.<\/li>\n<li><strong>Produkcja niestandardowa:<\/strong> Nasze mo\u017cliwo\u015bci produkcyjne pozwalaj\u0105 na wytwarzanie tego produktu, zapewniaj\u0105c doskona\u0142y zamiennik dla r\u00f3\u017cnych cylindr\u00f3w hydraulicznych dost\u0119pnych na rynku.<\/li>\n<li><strong>Kompleksowa kontrola jako\u015bci:<\/strong> Ka\u017cdy cylinder przechodzi rygorystyczne testy, aby mie\u0107 pewno\u015b\u0107, \u017ce spe\u0142nia najwy\u017csze standardy jako\u015bci dotycz\u0105ce niezawodno\u015bci i wydajno\u015bci.<\/li>\n<\/ul>\n<p><img decoding=\"async\" src=\"https:\/\/www.hydraulic-cylinders.net\/wp-content\/uploads\/2025\/04\/songte-cylinder-head-with-all-kinds-excavator-models.webp\" alt=\"Opcje cylindra hydraulicznego\" \/><\/p>\n<h2>Scenariusze zastosowa\u0144<\/h2>\n<h3>Sprz\u0119t budowlany<\/h3>\n<p>W koparkach si\u0142owniki wysi\u0119gnika odgrywaj\u0105 kluczow\u0105 rol\u0119 w kopaniu, za\u0142adunku i przemieszczaniu gleby lub gruzu. Zapewniaj\u0105 one si\u0142\u0119 niezb\u0119dn\u0105 do podnoszenia ci\u0119\u017ckich \u0142adunk\u00f3w i s\u0105 integraln\u0105 cz\u0119\u015bci\u0105 dzia\u0142ania maszyny. W koparko-\u0142adowarkach wspomagaj\u0105 one zar\u00f3wno kopanie, jak i podnoszenie, co czyni je wszechstronnymi w r\u00f3\u017cnorodnych zadaniach.<\/p>\n<h3>Maszyny rolnicze<\/h3>\n<p>W \u0142adowarkach czo\u0142owych si\u0142owniki wysi\u0119gnika s\u0142u\u017c\u0105 do nabierania, podnoszenia i transportu ziemi, siana i innych materia\u0142\u00f3w. Ich niezawodna praca zapewnia sprawny za\u0142adunek i roz\u0142adunek, zwi\u0119kszaj\u0105c wydajno\u015b\u0107 w gospodarstwach rolnych i na placach budowy.<\/p>\n<h3>Koparki<\/h3>\n<p>Si\u0142ownik wysi\u0119gnika umo\u017cliwia skuteczne zag\u0142\u0119bianie si\u0119 \u0142y\u017cki w gleb\u0119, u\u0142atwiaj\u0105c kopanie. Ta funkcja jest niezb\u0119dna zar\u00f3wno w przypadku projekt\u00f3w budowlanych, jak i rozbi\u00f3rkowych, gdzie wymagana jest precyzja wykonania wykopu.<\/p>\n<h3>\u0141adowarki<\/h3>\n<p>W \u0142adowarkach czo\u0142owych si\u0142owniki wysi\u0119gnika odgrywaj\u0105 kluczow\u0105 rol\u0119 w efektywnym podnoszeniu i zrzucaniu materia\u0142\u00f3w. Umo\u017cliwiaj\u0105 operatorom \u0142atw\u0105 obs\u0142ug\u0119 materia\u0142\u00f3w sypkich, zwi\u0119kszaj\u0105c funkcjonalno\u015b\u0107 i wydajno\u015b\u0107 \u0142adowarki.<\/p>\n<h2>Zagadnienia projektowe i kryteria wyboru<\/h2>\n<h3>No\u015bno\u015b\u0107<\/h3>\n<p>Ud\u017awig si\u0142ownika hydraulicznego jest kluczowym czynnikiem przy wyborze si\u0142ownika wysi\u0119gnika. Musi on by\u0107 w stanie ud\u017awign\u0105\u0107 maksymalne obci\u0105\u017cenie spodziewane podczas pracy, bez uszczerbku dla bezpiecze\u0144stwa i wydajno\u015bci. Producenci stosuj\u0105 materia\u0142y o wysokiej wytrzyma\u0142o\u015bci i solidne konstrukcje, aby zapewni\u0107 efektywne zarz\u0105dzanie nawet najci\u0119\u017cszymi \u0142adunkami. Prawid\u0142owo dobrany si\u0142ownik nie tylko zapewni lepsz\u0105 wydajno\u015b\u0107, ale tak\u017ce wyd\u0142u\u017cy \u017cywotno\u015b\u0107 maszyny.<\/p>\n<h3>Systemy uszczelniaj\u0105ce<\/h3>\n<p>Na wydajno\u015b\u0107 i \u017cywotno\u015b\u0107 si\u0142ownika hydraulicznego istotny wp\u0142yw maj\u0105 jego systemy uszczelnie\u0144. Aby zapobiec wyciekom i zanieczyszczeniom p\u0142ynu hydraulicznego, nale\u017cy stosowa\u0107 wysokiej jako\u015bci uszczelnienia. Ze wzgl\u0119du na trwa\u0142o\u015b\u0107 i odporno\u015b\u0107 na zu\u017cycie preferowane s\u0105 materia\u0142y takie jak poliuretan i kauczuk nitrylowy. Prawid\u0142owe uszczelnienie jest niezb\u0119dne do utrzymania ci\u015bnienia w uk\u0142adzie i zapewnienia p\u0142ynnej pracy si\u0142ownika.<\/p>\n<h3>Trwa\u0142o\u015b\u0107<\/h3>\n<p>Trwa\u0142o\u015b\u0107 to kolejny kluczowy czynnik przy wyborze cylindr\u00f3w hydraulicznych. Komponenty musz\u0105 by\u0107 odporne na trudne warunki pracy, w tym ekstremalne temperatury, kurz i wilgo\u0107. Producenci zazwyczaj stosuj\u0105 zaawansowane pow\u0142oki i zabiegi, aby zwi\u0119kszy\u0107 odporno\u015b\u0107 cylindr\u00f3w hydraulicznych na korozj\u0119 i zu\u017cycie, zapewniaj\u0105c ich funkcjonalno\u015b\u0107 przez d\u0142ugi czas, nawet w trudnych warunkach.<\/p>\n<h3>Funkcje bezpiecze\u0144stwa<\/h3>\n<p>Bezpiecze\u0144stwo jest priorytetem w projektowaniu si\u0142ownik\u00f3w wysi\u0119gnika. Takie rozwi\u0105zania jak zawory bezpiecze\u0144stwa i solidne za\u015blepki pomagaj\u0105 zapobiega\u0107 powa\u017cnym awariom. Kluczowe jest, aby operatorzy znali \u015brodki bezpiecze\u0144stwa i upewnili si\u0119, \u017ce wszystkie zainstalowane systemy dzia\u0142aj\u0105 prawid\u0142owo, aby unikn\u0105\u0107 wypadk\u00f3w podczas pracy.<\/p>\n<h3>Dost\u0119pno\u015b\u0107 konserwacyjna<\/h3>\n<p>Projektowanie si\u0142ownik\u00f3w hydraulicznych z uwzgl\u0119dnieniem konserwacji u\u0142atwia dost\u0119p w celu przeprowadzenia kontroli, napraw i wymiany. Takie podej\u015bcie skraca przestoje i poprawia og\u00f3ln\u0105 wydajno\u015b\u0107. Elementy konstrukcyjne, takie jak zdejmowane za\u015blepki i \u0142atwo dost\u0119pne smarowniczki, mog\u0105 znacznie zwi\u0119kszy\u0107 efektywno\u015b\u0107 konserwacji.<\/p>\n<p><img decoding=\"async\" src=\"https:\/\/www.hydraulic-cylinders.net\/wp-content\/uploads\/2025\/04\/songte-oil-pipes-and-spare-parts.webp\" alt=\"Cz\u0119\u015bci zapasowe\" \/><\/p>\n<h2>Uszczelnianie i smarowanie<\/h2>\n<p>Skuteczne uszczelnienie i smarowanie s\u0105 kluczowe dla wydajno\u015bci cylindr\u00f3w hydraulicznych. R\u00f3\u017cne elementy uszczelniaj\u0105ce, w tym uszczelnienia t\u0142ok\u00f3w i t\u0142oczysk, odgrywaj\u0105 kluczow\u0105 rol\u0119 w zapobieganiu wyciekom i utrzymywaniu ci\u015bnienia. Wyb\u00f3r uszczelnie\u0144 wykonanych z trwa\u0142ych materia\u0142\u00f3w, takich jak poliuretan i kauczuk nitrylowy, zapewnia ich odporno\u015b\u0107 na zu\u017cycie i czynniki \u015brodowiskowe. Korpus cylindra i gwintowane ko\u0144c\u00f3wki s\u0105 precyzyjnie obrabiane, aby zwi\u0119kszy\u0107 odporno\u015b\u0107 na zu\u017cycie. Regularne smarowanie olejem hydraulicznym jest niezb\u0119dne do zminimalizowania tarcia i wyd\u0142u\u017cenia \u017cywotno\u015bci element\u00f3w hydraulicznych, zapewniaj\u0105c ich p\u0142ynn\u0105 prac\u0119 przez d\u0142ugi czas.<\/p>\n<h2>\u015arodki konserwacji zapobiegawczej<\/h2>\n<ul>\n<li><strong>Regularne kontrole:<\/strong> Regularnie sprawdzaj uk\u0142ad hydrauliczny pod k\u0105tem ewentualnych wyciek\u00f3w, zu\u017cycia lub uszkodze\u0144. Wczesne wykrycie problem\u00f3w mo\u017ce zapobiec powa\u017cniejszym problemom w przysz\u0142o\u015bci.<\/li>\n<li><strong>W\u0142a\u015bciwe smarowanie:<\/strong> Nale\u017cy upewni\u0107 si\u0119, \u017ce poziom oleju hydraulicznego jest utrzymywany na odpowiednim poziomie, a smarowanie odbywa si\u0119 zgodnie z zaleceniami producenta, aby zapewni\u0107 optymalne funkcjonowanie uk\u0142adu.<\/li>\n<li><strong>Wymiana uszczelki:<\/strong> Regularnie sprawdzaj stan uszczelek i wymieniaj je, gdy pojawi\u0105 si\u0119 oznaki zu\u017cycia. Prawid\u0142owe uszczelnienie ma kluczowe znaczenie dla zachowania integralno\u015bci i wydajno\u015bci uk\u0142adu hydraulicznego.<\/li>\n<\/ul>\n<h2>Wytyczne dotycz\u0105ce instalacji<\/h2>\n<p>Prawid\u0142owy monta\u017c si\u0142ownika wysi\u0119gnika jest niezb\u0119dny dla optymalnej wydajno\u015bci. Zacznij od upewnienia si\u0119, \u017ce miejsce monta\u017cu jest czyste i wolne od zanieczyszcze\u0144. Dok\u0142adnie ustaw si\u0142ownik wzgl\u0119dem wspornik\u00f3w monta\u017cowych, upewniaj\u0105c si\u0119, \u017ce jest on bezpiecznie zamocowany. Zaleca si\u0119 stosowanie odpowiednich wspornik\u00f3w monta\u017cowych, aby zapewni\u0107 stabilno\u015b\u0107 i wsparcie podczas pracy. Sprawd\u017a, czy przewody hydrauliczne s\u0105 prawid\u0142owo pod\u0142\u0105czone i nie ma wyciek\u00f3w. Na koniec, po monta\u017cu, przeprowad\u017a dok\u0142adn\u0105 kontrol\u0119 ca\u0142ego systemu, aby upewni\u0107 si\u0119, \u017ce nie ma \u017cadnych problem\u00f3w przed uruchomieniem.<\/p>\n<h2>Typowe zadania konserwacyjne<\/h2>\n<ul>\n<li><strong>Regularne kontrole:<\/strong> Przeprowadzaj rutynowe kontrole, aby wcze\u015bnie zidentyfikowa\u0107 potencjalne problemy. Regularne kontrole pomagaj\u0105 zachowa\u0107 integralno\u015b\u0107 systemu i wyd\u0142u\u017cy\u0107 \u017cywotno\u015b\u0107 podzespo\u0142\u00f3w hydraulicznych.<\/li>\n<li><strong>Prawid\u0142owe smarowanie:<\/strong> Smaruj ruchome cz\u0119\u015bci zgodnie z wytycznymi, aby zapewni\u0107 ich p\u0142ynn\u0105 prac\u0119. Prawid\u0142owe smarowanie zmniejsza zu\u017cycie podzespo\u0142\u00f3w, poprawiaj\u0105c ich wydajno\u015b\u0107.<\/li>\n<li><strong>Wymiana uszczelki:<\/strong> Regularnie sprawdzaj stan uszczelek i wymieniaj je w razie potrzeby. Dobrze utrzymane uszczelki zapobiegaj\u0105 wyciekom i utrzymuj\u0105 ci\u015bnienie w uk\u0142adzie, co jest kluczowe dla jego efektywnego dzia\u0142ania.<\/li>\n<\/ul>\n<h2>Zagadnienia bezpiecze\u0144stwa i czynniki \u015brodowiskowe<\/h2>\n<p>W przypadku uk\u0142ad\u00f3w hydraulicznych wdra\u017canie \u015brodk\u00f3w bezpiecze\u0144stwa jest konieczno\u015bci\u0105. Operatorzy powinni by\u0107 przeszkoleni w zakresie bezpiecznej obs\u0142ugi maszyn hydraulicznych, aby zminimalizowa\u0107 ryzyko wypadk\u00f3w. Regularne audyty bezpiecze\u0144stwa i przestrzeganie protoko\u0142\u00f3w bezpiecze\u0144stwa mog\u0105 znacznie zmniejszy\u0107 ryzyko. Ponadto, wzgl\u0119dy \u015brodowiskowe odgrywaj\u0105 kluczow\u0105 rol\u0119; skuteczne zarz\u0105dzanie wyciekami oleju hydraulicznego oraz prawid\u0142owa utylizacja zu\u017cytych uszczelnie\u0144 i podzespo\u0142\u00f3w przyczyniaj\u0105 si\u0119 do poprawy bezpiecze\u0144stwa \u015brodowiska.<\/p>\n<h2>Rozwi\u0105zywanie problem\u00f3w i typowe problemy<\/h2>\n<ul>\n<li><strong>Przeciek:<\/strong> W przypadku zauwa\u017calnego spadku poziomu p\u0142ynu hydraulicznego nale\u017cy sprawdzi\u0107 szczelno\u015b\u0107 uszczelek i po\u0142\u0105cze\u0144. Dokr\u0119cenie z\u0142\u0105czek lub wymiana uszczelek mo\u017ce rozwi\u0105za\u0107 problem.<\/li>\n<li><strong>S\u0142aba wydajno\u015b\u0107:<\/strong> Je\u015bli si\u0142ownik pracuje wolno, nale\u017cy sprawdzi\u0107 poziom i jako\u015b\u0107 oleju hydraulicznego. Zanieczyszczenie mo\u017ce wymaga\u0107 wymiany oleju i przep\u0142ukania uk\u0142adu.<\/li>\n<li><strong>Ha\u0142a\u015bliwa praca:<\/strong> Nietypowe odg\u0142osy mog\u0105 wskazywa\u0107 na uszkodzenia wewn\u0119trzne lub brak smarowania. Sprawd\u017a cylinder pod k\u0105tem \u015blad\u00f3w zu\u017cycia i upewnij si\u0119, \u017ce jest odpowiednio smarowany.<\/li>\n<\/ul>\n<p>Szybkie rozwi\u0105zanie tych problem\u00f3w mo\u017ce pom\u00f3c w utrzymaniu wydajno\u015bci systemu i przed\u0142u\u017cy\u0107 \u017cywotno\u015b\u0107 podzespo\u0142\u00f3w hydraulicznych.<\/p>\n<p><img decoding=\"async\" src=\"https:\/\/www.hydraulic-cylinders.net\/wp-content\/uploads\/2025\/04\/songte-bushings-with-all-kinds-of-excavator-models.webp\" alt=\"Tuleje hydrauliczne\" \/><\/p>\n<h2>Przegl\u0105d firmy<\/h2>\n<p>Jeste\u015bmy wiod\u0105cym producentem i hurtownikiem zamiennych si\u0142ownik\u00f3w hydraulicznych, oferuj\u0105cym szerok\u0105 gam\u0119 produkt\u00f3w zar\u00f3wno na rynku krajowym, jak i mi\u0119dzynarodowym. Nasze zaanga\u017cowanie w d\u0105\u017cenie do doskona\u0142o\u015bci jako\u015bci jest poparte dopracowan\u0105 strategi\u0105 zarz\u0105dzania produkcj\u0105. Wykorzystuj\u0105c zaawansowane technologie produkcyjne i wykwalifikowany personel, stale doskonalimy nasze procesy produkcyjne. Nasze solidne systemy zapewnienia jako\u015bci gwarantuj\u0105, \u017ce spe\u0142niamy zr\u00f3\u017cnicowane potrzeby naszych klient\u00f3w, zachowuj\u0105c jednocze\u015bnie wysok\u0105 wydajno\u015b\u0107, precyzj\u0119 i standardy jako\u015bci.<\/p>\n<p><img decoding=\"async\" src=\"https:\/\/www.hydraulic-cylinders.net\/wp-content\/uploads\/2025\/04\/songte-company-4.webp\" alt=\"Przegl\u0105d firmy\" \/><br \/>\n<img decoding=\"async\" src=\"https:\/\/www.hydraulic-cylinders.net\/wp-content\/uploads\/2025\/04\/songte-company-3.webp\" alt=\"Obiekty produkcyjne\" \/><\/p>\n<p>Nasze kompetencje zawodowe, mi\u0119dzynarodowe certyfikaty, us\u0142ugi dostosowane do indywidualnych potrzeb, najnowocze\u015bniejszy sprz\u0119t produkcyjny i wyj\u0105tkowe wsparcie posprzeda\u017cowe wyr\u00f3\u017cniaj\u0105 nas w bran\u017cy. Priorytetem jest dla nas zadowolenie klienta i dok\u0142adamy wszelkich stara\u0144, aby dostarcza\u0107 produkty spe\u0142niaj\u0105ce najwy\u017csze standardy.<\/p>\n<p>Autor: lyl<\/p>","protected":false},"excerpt":{"rendered":"<p>Boom Cylinder For Baoding WY65-6 Product Overview The Boom Cylinder for Baoding WY65-6 is a specialized hydraulic cylinder designed to control the movement of buckets in heavy machinery such as excavators, backhoe loaders, and front-end loaders. This hydraulic cylinder enables the bucket to lift, lower, and tilt efficiently, facilitating various material handling tasks. The bucket [&hellip;]<\/p>","protected":false},"featured_media":17876,"comment_status":"open","ping_status":"closed","template":"","meta":{"_et_pb_use_builder":"","_et_pb_old_content":"","_et_gb_content_width":""},"product_brand":[],"product_cat":[1546],"product_tag":[1547,1496],"class_list":{"0":"post-19673","1":"product","2":"type-product","3":"status-publish","4":"has-post-thumbnail","6":"product_cat-boom-cylinders","7":"product_tag-boom-cylinders","8":"product_tag-hydraulic-cylinders","10":"first","11":"instock","12":"shipping-taxable","13":"product-type-simple"},"amp_enabled":true,"_links":{"self":[{"href":"https:\/\/www.hydraulic-cylinders.net\/pl\/wp-json\/wp\/v2\/product\/19673","targetHints":{"allow":["GET"]}}],"collection":[{"href":"https:\/\/www.hydraulic-cylinders.net\/pl\/wp-json\/wp\/v2\/product"}],"about":[{"href":"https:\/\/www.hydraulic-cylinders.net\/pl\/wp-json\/wp\/v2\/types\/product"}],"replies":[{"embeddable":true,"href":"https:\/\/www.hydraulic-cylinders.net\/pl\/wp-json\/wp\/v2\/comments?post=19673"}],"wp:featuredmedia":[{"embeddable":true,"href":"https:\/\/www.hydraulic-cylinders.net\/pl\/wp-json\/wp\/v2\/media\/17876"}],"wp:attachment":[{"href":"https:\/\/www.hydraulic-cylinders.net\/pl\/wp-json\/wp\/v2\/media?parent=19673"}],"wp:term":[{"taxonomy":"product_brand","embeddable":true,"href":"https:\/\/www.hydraulic-cylinders.net\/pl\/wp-json\/wp\/v2\/product_brand?post=19673"},{"taxonomy":"product_cat","embeddable":true,"href":"https:\/\/www.hydraulic-cylinders.net\/pl\/wp-json\/wp\/v2\/product_cat?post=19673"},{"taxonomy":"product_tag","embeddable":true,"href":"https:\/\/www.hydraulic-cylinders.net\/pl\/wp-json\/wp\/v2\/product_tag?post=19673"}],"curies":[{"name":"wp","href":"https:\/\/api.w.org\/{rel}","templated":true}]}}