{"id":19683,"date":"2025-04-07T07:01:32","date_gmt":"2025-04-07T07:01:32","guid":{"rendered":"https:\/\/www.hydraulic-cylinders.net\/product\/boom-cylinder-for-tiangong-zg3210-9\/"},"modified":"2025-04-07T07:01:34","modified_gmt":"2025-04-07T07:01:34","slug":"boom-cylinder-for-tiangong-zg3210-9","status":"publish","type":"product","link":"https:\/\/www.hydraulic-cylinders.net\/pl\/produkt\/boom-cylinder-for-tiangong-zg3210-9\/","title":{"rendered":"Si\u0142ownik wysi\u0119gnika do Tiangong ZG3210-9"},"content":{"rendered":"<h1>Si\u0142ownik wysi\u0119gnika do Tiangong ZG3210-9<\/h1>\n<h2>Definicja i przegl\u0105d cylindr\u00f3w wysi\u0119gnika<\/h2>\n<p>Si\u0142ownik wysi\u0119gnika to kluczowy element hydrauliczny, zaprojektowany specjalnie do sterowania ruchem \u0142y\u017cek w r\u00f3\u017cnych maszynach ci\u0119\u017ckich, takich jak koparki, koparko-\u0142adowarki i \u0142adowarki czo\u0142owe. Te si\u0142owniki hydrauliczne umo\u017cliwiaj\u0105 podnoszenie, opuszczanie i przechylanie \u0142y\u017cki, u\u0142atwiaj\u0105c wydajne przenoszenie materia\u0142\u00f3w. Dzia\u0142anie si\u0142ownika wysi\u0119gnika ma kluczowe znaczenie dla wydajno\u015bci sprz\u0119tu w budownictwie, g\u00f3rnictwie i rolnictwie, gdzie precyzyjna kontrola po\u0142o\u017cenia \u0142y\u017cki jest niezb\u0119dna do efektywnego dzia\u0142ania.<\/p>\n<p><img decoding=\"async\" src=\"https:\/\/www.hydraulic-cylinders.net\/wp-content\/uploads\/2025\/04\/songte-company-1.webp\" alt=\"Si\u0142ownik hydrauliczny\" \/><\/p>\n<h2>Cechy cylindra wysi\u0119gnika<\/h2>\n<ul>\n<li>\n<h3>Wysoka wytrzyma\u0142o\u015b\u0107 i trwa\u0142o\u015b\u0107<\/h3>\n<p>Si\u0142owniki wysi\u0119gnika, zazwyczaj wykonane z wysokowytrzyma\u0142ej stali lub aluminium, s\u0105 zaprojektowane tak, aby wytrzymywa\u0107 wysokie ci\u015bnienie i du\u017ce obci\u0105\u017cenia. Zaprojektowano je z my\u015bl\u0105 o pracy w trudnych warunkach, z uwzgl\u0119dnieniem odporno\u015bci na zu\u017cycie i ochrony przed korozj\u0105, co znacznie wyd\u0142u\u017ca ich \u017cywotno\u015b\u0107.<\/p>\n<\/li>\n<li>\n<h3>Wydajna praca hydrauliczna<\/h3>\n<p>Wykorzystuj\u0105c ci\u015bnienie oleju hydraulicznego do p\u0142ynnego wysuwania i wsuwania, si\u0142owniki te szybko reaguj\u0105 na polecenia operatora, generuj\u0105c du\u017c\u0105 si\u0142\u0119 pchania i ci\u0105gni\u0119cia, idealn\u0105 do przenoszenia ci\u0119\u017ckich materia\u0142\u00f3w i wykonywania skomplikowanych zada\u0144.<\/p>\n<\/li>\n<li>\n<h3>R\u00f3\u017cne typy<\/h3>\n<p>Dost\u0119pne w konfiguracjach jednostronnego dzia\u0142ania (dzia\u0142aj\u0105cych w jednym kierunku) lub dwustronnego dzia\u0142ania (dzia\u0142aj\u0105cych w obu kierunkach), si\u0142owniki wysi\u0119gnika mo\u017cna dostosowa\u0107 do r\u00f3\u017cnych potrzeb operacyjnych. Niekt\u00f3re modele posiadaj\u0105 konstrukcj\u0119 teleskopow\u0105, umo\u017cliwiaj\u0105c\u0105 wi\u0119ksze wysuni\u0119cie bez zwi\u0119kszania wymiar\u00f3w zewn\u0119trznych, co sprawdza si\u0119 w zastosowaniach o ograniczonej przestrzeni.<\/p>\n<\/li>\n<li>\n<h3>Produkcja niestandardowa<\/h3>\n<p>Nasza firma specjalizuje si\u0119 w produkcji si\u0142ownik\u00f3w wysi\u0119gnika, oferuj\u0105c idealne zamienniki istniej\u0105cych si\u0142ownik\u00f3w hydraulicznych. Gwarantujemy, \u017ce nasze produkty spe\u0142niaj\u0105 wysokie standardy jako\u015bci i wydajno\u015bci.<\/p>\n<\/li>\n<\/ul>\n<p><img decoding=\"async\" src=\"https:\/\/www.hydraulic-cylinders.net\/wp-content\/uploads\/2025\/04\/songte-cylinder-head-with-all-kinds-excavator-models.webp\" alt=\"Modele koparek\" \/><\/p>\n<h2>Zastosowania cylindra wysi\u0119gnika<\/h2>\n<ul>\n<li>\n<h3>Sprz\u0119t budowlany<\/h3>\n<p>W koparkach si\u0142owniki wysi\u0119gnika s\u0105 niezb\u0119dne do kopania, za\u0142adunku i przemieszczania ziemi lub gruzu. Zapewniaj\u0105 one niezb\u0119dn\u0105 si\u0142\u0119, aby \u0142y\u017cka mog\u0142a penetrowa\u0107 r\u00f3\u017cne materia\u0142y, zwi\u0119kszaj\u0105c wydajno\u015b\u0107 prac wykopaliskowych. W koparko-\u0142adowarkach si\u0142owniki te nie tylko wspomagaj\u0105 kopanie, ale tak\u017ce u\u0142atwiaj\u0105 podnoszenie, co czyni je wszechstronnymi narz\u0119dziami w budownictwie.<\/p>\n<\/li>\n<li>\n<h3>Maszyny rolnicze<\/h3>\n<p>W \u0142adowarkach czo\u0142owych si\u0142owniki wysi\u0119gnika odgrywaj\u0105 kluczow\u0105 rol\u0119 w nabieraniu, podnoszeniu i transporcie gleby, siana i innych materia\u0142\u00f3w. Pozwalaj\u0105 rolnikom efektywnie zarz\u0105dza\u0107 zasobami, czyni\u0105c zadania takie jak za\u0142adunek i roz\u0142adunek \u0142atwiejszymi i mniej pracoch\u0142onnymi.<\/p>\n<\/li>\n<li>\n<h3>Koparki<\/h3>\n<p>Si\u0142ownik wysi\u0119gnika umo\u017cliwia kopanie w koparkach, umo\u017cliwiaj\u0105c \u0142y\u017cce wydajne zag\u0142\u0119bianie si\u0119 w gleb\u0119. Ta funkcja jest kluczowa dla uzyskania odpowiedniej g\u0142\u0119boko\u015bci i u\u0142atwienia usuwania ziemi i innych materia\u0142\u00f3w z plac\u00f3w budowy.<\/p>\n<\/li>\n<li>\n<h3>\u0141adowarki<\/h3>\n<p>W \u0142adowarkach czo\u0142owych si\u0142owniki wysi\u0119gnika wspomagaj\u0105 efektywne podnoszenie i opr\u00f3\u017cnianie \u0142adunk\u00f3w. Ich rola jest kluczowa dla zapewnienia p\u0142ynnego przebiegu proces\u00f3w za\u0142adunku i roz\u0142adunku, kt\u00f3re s\u0105 niezb\u0119dne do transportu materia\u0142\u00f3w w r\u00f3\u017cnych ga\u0142\u0119ziach przemys\u0142u.<\/p>\n<\/li>\n<\/ul>\n<h2>Zagadnienia projektowe i kryteria wyboru<\/h2>\n<ul>\n<li>\n<h3>No\u015bno\u015b\u0107<\/h3>\n<p>Jednym z g\u0142\u00f3wnych czynnik\u00f3w branych pod uwag\u0119 przy projektowaniu si\u0142ownika wysi\u0119gnika jest jego ud\u017awig. Ten czynnik decyduje o tym, jaki ci\u0119\u017car si\u0142ownik mo\u017ce bezpiecznie i efektywnie ud\u017awign\u0105\u0107. Producenci musz\u0105 upewni\u0107 si\u0119, \u017ce zastosowane materia\u0142y i sama konstrukcja wytrzymaj\u0105 przewidywane obci\u0105\u017cenia podczas pracy. Niespe\u0142nienie tych wymaga\u0144 mo\u017ce prowadzi\u0107 do katastrofalnych awarii, zagra\u017caj\u0105c bezpiecze\u0144stwu i zmniejszaj\u0105c wydajno\u015b\u0107 sprz\u0119tu.<\/p>\n<\/li>\n<li>\n<h3>Uszczelnienie i niezawodno\u015b\u0107<\/h3>\n<p>Skuteczne uszczelnienie ma kluczowe znaczenie dla zapobiegania wyciekom p\u0142ynu hydraulicznego i utrzymania ci\u015bnienia wymaganego do pracy. Wysokiej jako\u015bci uszczelnienia, takie jak uszczelki t\u0142oka i t\u0142oczyska, wykonane z trwa\u0142ych materia\u0142\u00f3w, takich jak poliuretan i kauczuk nitrylowy, s\u0105 niezb\u0119dne dla zapewnienia niezawodno\u015bci i d\u0142ugowieczno\u015bci. Dobrze uszczelniony cylinder minimalizuje ryzyko zanieczyszczenia i wyd\u0142u\u017ca jego \u017cywotno\u015b\u0107.<\/p>\n<\/li>\n<li>\n<h3>Trwa\u0142o\u015b\u0107<\/h3>\n<p>Trwa\u0142o\u015b\u0107 ma kluczowe znaczenie w trudnych warunkach pracy. Si\u0142owniki wysi\u0119gnika musz\u0105 by\u0107 odporne na zu\u017cycie i korozj\u0119, kt\u00f3re z czasem mog\u0105 znacz\u0105co wp\u0142yn\u0105\u0107 na ich wydajno\u015b\u0107. Producenci cz\u0119sto stosuj\u0105 zaawansowane materia\u0142y i pow\u0142oki, aby zwi\u0119kszy\u0107 odporno\u015b\u0107 na materia\u0142y \u015bcierne i czynniki \u015brodowiskowe, zapewniaj\u0105c wydajn\u0105 prac\u0119 si\u0142ownika przez d\u0142ugi czas.<\/p>\n<\/li>\n<li>\n<h3>Funkcje bezpiecze\u0144stwa<\/h3>\n<p>Bezpiecze\u0144stwo jest kluczowym aspektem konstrukcyjnym. Si\u0142owniki wysi\u0119gnika powinny by\u0107 wyposa\u017cone w mechanizmy bezpiecze\u0144stwa zapobiegaj\u0105ce nadmiernemu wysuni\u0119ciu lub z\u0142o\u017ceniu, co mo\u017ce prowadzi\u0107 do wypadk\u00f3w. Funkcje takie jak zawory bezpiecze\u0144stwa i blokady bezpiecze\u0144stwa mog\u0105 zwi\u0119kszy\u0107 bezpiecze\u0144stwo pracy, chroni\u0105c zar\u00f3wno sprz\u0119t, jak i operatora.<\/p>\n<\/li>\n<li>\n<h3>Konserwacja i naprawa<\/h3>\n<p>Projektowanie z my\u015bl\u0105 o \u0142atwo\u015bci konserwacji jest kluczowe dla zapewnienia trwa\u0142o\u015bci i minimalizacji przestoj\u00f3w. Si\u0142owniki wysi\u0119gnika powinny zapewnia\u0107 \u0142atwy dost\u0119p w celu przeprowadzenia kontroli i napraw. Elementy takie jak uszczelnienia i \u0142o\u017cyska powinny by\u0107 wymienne bez konieczno\u015bci rozleg\u0142ego demonta\u017cu, co pozwala na szybk\u0105 konserwacj\u0119 i ograniczenie zak\u0142\u00f3ce\u0144 w pracy.<\/p>\n<\/li>\n<\/ul>\n<p><img decoding=\"async\" src=\"https:\/\/www.hydraulic-cylinders.net\/wp-content\/uploads\/2025\/04\/songte-oil-pipes-and-spare-parts.webp\" alt=\"Rury olejowe i cz\u0119\u015bci zamienne\" \/><\/p>\n<h2>Uszczelnianie i smarowanie si\u0142ownik\u00f3w wysi\u0119gnika<\/h2>\n<p>Trwa\u0142o\u015b\u0107 i wydajno\u015b\u0107 si\u0142ownik\u00f3w wysi\u0119gnika w znacznym stopniu zale\u017c\u0105 od prawid\u0142owego uszczelnienia i smarowania. R\u00f3\u017cne elementy uszczelniaj\u0105ce, takie jak uszczelnienia t\u0142oka i t\u0142oczyska, s\u0105 niezb\u0119dne do utrzymania efektywnej pracy. Uszczelnienia wykonane z materia\u0142\u00f3w odpornych na zu\u017cycie, takich jak poliuretan i kauczuk nitrylowy, zapewniaj\u0105 trwa\u0142o\u015b\u0107 i skutecznie wytrzymuj\u0105 ci\u015bnienie hydrauliczne.<\/p>\n<p>Ponadto korpus cylindra i gwintowane powierzchnie ko\u0144cowe s\u0105 poddawane precyzyjnej obr\u00f3bce mechanicznej, co zwi\u0119ksza odporno\u015b\u0107 na zu\u017cycie i zapewnia szczelno\u015b\u0107. Regularne smarowanie olejem hydraulicznym jest niezb\u0119dne, aby zminimalizowa\u0107 tarcie i zu\u017cycie, zapewniaj\u0105c p\u0142ynn\u0105 prac\u0119. Regularne kontrole oleju i konserwacja zwi\u0119kszaj\u0105 niezawodno\u015b\u0107 i wydajno\u015b\u0107 uk\u0142ad\u00f3w hydraulicznych, zapobiegaj\u0105c kosztownym awariom i naprawom.<\/p>\n<h2>Procedury konserwacyjne<\/h2>\n<ul>\n<li>\n<h3>Regularne kontrole<\/h3>\n<p>Regularne kontrole s\u0105 kluczowe dla identyfikacji i rozwi\u0105zania potencjalnych problem\u00f3w, zanim si\u0119 nasil\u0105. Sprawd\u017a, czy nie ma \u015blad\u00f3w zu\u017cycia, wyciek\u00f3w lub uszkodze\u0144 i upewnij si\u0119, \u017ce wszystkie podzespo\u0142y dzia\u0142aj\u0105 prawid\u0142owo. Regularne kontrole mog\u0105 pom\u00f3c w utrzymaniu optymalnej wydajno\u015bci i wyd\u0142u\u017ceniu \u017cywotno\u015bci si\u0142ownika wysi\u0119gnika.<\/p>\n<\/li>\n<li>\n<h3>Prawid\u0142owe smarowanie<\/h3>\n<p>Smarowanie si\u0142ownika wysi\u0119gnika jest niezb\u0119dne, aby zminimalizowa\u0107 tarcie i zu\u017cycie. Nale\u017cy stosowa\u0107 odpowiedni olej hydrauliczny i przestrzega\u0107 zalece\u0144 producenta dotycz\u0105cych cz\u0119stotliwo\u015bci smarowania. Prawid\u0142owe smarowanie zapewnia p\u0142ynn\u0105 prac\u0119 si\u0142ownika oraz pomaga zapobiega\u0107 przegrzaniu i przedwczesnej awarii.<\/p>\n<\/li>\n<li>\n<h3>Wymiana uszczelki<\/h3>\n<p>Z biegiem czasu uszczelki mog\u0105 si\u0119 zu\u017cywa\u0107 i stawa\u0107 si\u0119 mniej skuteczne. Regularnie sprawdzaj uszczelki pod k\u0105tem uszkodze\u0144 lub zu\u017cycia i wymieniaj je w razie potrzeby. Dbanie o dobry stan uszczelek pomaga utrzyma\u0107 ci\u015bnienie hydrauliczne i zapobiega wyciekom p\u0142ynu, kt\u00f3re mog\u0142yby negatywnie wp\u0142yn\u0105\u0107 na wydajno\u015b\u0107.<\/p>\n<\/li>\n<\/ul>\n<p><img decoding=\"async\" src=\"https:\/\/www.hydraulic-cylinders.net\/wp-content\/uploads\/2025\/04\/songte-chushion-collar.webp\" alt=\"Ko\u0142nierz poduszkowy\" \/><\/p>\n<h2>Zagadnienia bezpiecze\u0144stwa i czynniki \u015brodowiskowe<\/h2>\n<p>Podczas u\u017cytkowania si\u0142ownik\u00f3w wysi\u0119gnika \u015brodki bezpiecze\u0144stwa maj\u0105 pierwszorz\u0119dne znaczenie. Operatorzy powinni by\u0107 przeszkoleni w zakresie zagro\u017ce\u0144 zwi\u0105zanych z uk\u0142adami hydraulicznymi, w tym wypadk\u00f3w zwi\u0105zanych z ci\u015bnieniem lub awarii sprz\u0119tu. Nale\u017cy zawsze nosi\u0107 odpowiednie wyposa\u017cenie ochronne i przestrzega\u0107 protoko\u0142\u00f3w bezpiecze\u0144stwa, aby zapobiec wypadkom. Ponadto czynniki \u015brodowiskowe, takie jak wahania temperatury i nara\u017cenie na substancje \u017cr\u0105ce, mog\u0105 wp\u0142ywa\u0107 na wydajno\u015b\u0107 i \u017cywotno\u015b\u0107 si\u0142ownik\u00f3w hydraulicznych. Regularna konserwacja i przegl\u0105dy mog\u0105 ograniczy\u0107 te zagro\u017cenia i zapewni\u0107 bezpieczn\u0105 prac\u0119.<\/p>\n<h2>Rozwi\u0105zywanie problem\u00f3w i typowe problemy<\/h2>\n<ul>\n<li>\n<h3>Wycieki p\u0142yn\u00f3w<\/h3>\n<p>Wycieki p\u0142ynu to cz\u0119sty problem, kt\u00f3ry mo\u017ce wskazywa\u0107 na nieszczelno\u015b\u0107 uszczelnie\u0144 lub uszkodzenie podzespo\u0142\u00f3w. Sprawd\u017a cylinder pod k\u0105tem widocznych wyciek\u00f3w i oce\u0144 stan uszczelnie\u0144, aby ustali\u0107, czy konieczna jest wymiana. Szybka reakcja na wycieki jest kluczowa dla utrzymania ci\u015bnienia hydraulicznego i zapobiegania dalszym uszkodzeniom.<\/p>\n<\/li>\n<li>\n<h3>Niesp\u00f3jny ruch<\/h3>\n<p>Je\u015bli si\u0142ownik wysi\u0119gnika porusza si\u0119 nier\u00f3wnomiernie lub pracuje wolno, mo\u017ce to by\u0107 oznak\u0105 niskiego poziomu p\u0142ynu hydraulicznego lub zapowietrzenia uk\u0142adu. Sprawd\u017a poziom p\u0142ynu i w razie potrzeby odpowietrz uk\u0142ad. Zapewnienie prawid\u0142owego poziomu p\u0142ynu hydraulicznego mo\u017ce przywr\u00f3ci\u0107 funkcjonalno\u015b\u0107 i wydajno\u015b\u0107.<\/p>\n<\/li>\n<li>\n<h3>Przegrzanie<\/h3>\n<p>Przegrzanie mo\u017ce wyst\u0105pi\u0107 z powodu niedostatecznego smarowania lub nadmiernego obci\u0105\u017cenia. Upewnij si\u0119, \u017ce cylinder jest prawid\u0142owo smarowany i oce\u0144 obci\u0105\u017cenia eksploatacyjne, aby zapobiec przegrzaniu. Aby unikn\u0105\u0107 uszkodzenia, konieczne mo\u017ce by\u0107 dostosowanie warunk\u00f3w pracy lub wdro\u017cenie \u015brodk\u00f3w ch\u0142odz\u0105cych.<\/p>\n<\/li>\n<\/ul>\n<p><img decoding=\"async\" src=\"https:\/\/www.hydraulic-cylinders.net\/wp-content\/uploads\/2025\/04\/songte-bushings-with-all-kinds-of-excavator-models.webp\" alt=\"Tuleje\" \/><\/p>\n<h2>Wniosek<\/h2>\n<p>Podsumowuj\u0105c, zrozumienie z\u0142o\u017cono\u015bci dzia\u0142ania si\u0142ownik\u00f3w wysi\u0119gnika jest kluczowe dla optymalizacji ich wydajno\u015bci i trwa\u0142o\u015bci. Regularna konserwacja, prawid\u0142owy monta\u017c i przestrzeganie protoko\u0142\u00f3w bezpiecze\u0144stwa to kluczowe elementy efektywnego u\u017cytkowania tych uk\u0142ad\u00f3w hydraulicznych.<\/p>\n<h2>O naszej firmie<\/h2>\n<p>Jeste\u015bmy wiod\u0105cym producentem zamiennych si\u0142ownik\u00f3w hydraulicznych, oferuj\u0105cym szerok\u0105 gam\u0119 produkt\u00f3w, spe\u0142niaj\u0105cych wymagania rynku krajowego i mi\u0119dzynarodowego. Nasze d\u0105\u017cenie do doskona\u0142o\u015bci motywuje nas do stosowania wyrafinowanych praktyk produkcyjnych, wykorzystuj\u0105c zaawansowane technologie i sprz\u0119t. Koncentruj\u0105c si\u0119 na jako\u015bci, stale ulepszamy nasze procesy produkcyjne, aby sprosta\u0107 zr\u00f3\u017cnicowanym potrzebom klient\u00f3w.<\/p>\n<p>Nasze atuty to specjalizacja, mi\u0119dzynarodowe certyfikaty, us\u0142ugi dostosowane do indywidualnych potrzeb, najnowocze\u015bniejszy sprz\u0119t produkcyjny oraz wyj\u0105tkowe wsparcie posprzeda\u017cowe. D\u0105\u017cymy do zapewnienia rozwi\u0105za\u0144 o wysokiej wydajno\u015bci, precyzji i jako\u015bci, dostosowanych do indywidualnych potrzeb naszych klient\u00f3w.<\/p>\n<p><img decoding=\"async\" src=\"https:\/\/www.hydraulic-cylinders.net\/wp-content\/uploads\/2025\/04\/songte-company-4.webp\" alt=\"Przegl\u0105d firmy\" \/><br \/>\n<img decoding=\"async\" src=\"https:\/\/www.hydraulic-cylinders.net\/wp-content\/uploads\/2025\/04\/songte-company-3.webp\" alt=\"Firma produkcyjna\" \/><\/p>\n<p>Autor: lyl<\/p>","protected":false},"excerpt":{"rendered":"<p>Boom Cylinder For Tiangong ZG3210-9 Definition and Overview of Boom Cylinders The boom cylinder is a crucial hydraulic component specifically designed to control the movement of buckets in various heavy machinery, such as excavators, backhoe loaders, and front loaders. These hydraulic cylinders enable the bucket to lift, lower, and tilt, facilitating efficient material handling tasks. [&hellip;]<\/p>","protected":false},"featured_media":17871,"comment_status":"open","ping_status":"closed","template":"","meta":{"_et_pb_use_builder":"","_et_pb_old_content":"","_et_gb_content_width":""},"product_brand":[],"product_cat":[1546],"product_tag":[1547,1496],"class_list":{"0":"post-19683","1":"product","2":"type-product","3":"status-publish","4":"has-post-thumbnail","6":"product_cat-boom-cylinders","7":"product_tag-boom-cylinders","8":"product_tag-hydraulic-cylinders","10":"first","11":"instock","12":"shipping-taxable","13":"product-type-simple"},"amp_enabled":true,"_links":{"self":[{"href":"https:\/\/www.hydraulic-cylinders.net\/pl\/wp-json\/wp\/v2\/product\/19683","targetHints":{"allow":["GET"]}}],"collection":[{"href":"https:\/\/www.hydraulic-cylinders.net\/pl\/wp-json\/wp\/v2\/product"}],"about":[{"href":"https:\/\/www.hydraulic-cylinders.net\/pl\/wp-json\/wp\/v2\/types\/product"}],"replies":[{"embeddable":true,"href":"https:\/\/www.hydraulic-cylinders.net\/pl\/wp-json\/wp\/v2\/comments?post=19683"}],"wp:featuredmedia":[{"embeddable":true,"href":"https:\/\/www.hydraulic-cylinders.net\/pl\/wp-json\/wp\/v2\/media\/17871"}],"wp:attachment":[{"href":"https:\/\/www.hydraulic-cylinders.net\/pl\/wp-json\/wp\/v2\/media?parent=19683"}],"wp:term":[{"taxonomy":"product_brand","embeddable":true,"href":"https:\/\/www.hydraulic-cylinders.net\/pl\/wp-json\/wp\/v2\/product_brand?post=19683"},{"taxonomy":"product_cat","embeddable":true,"href":"https:\/\/www.hydraulic-cylinders.net\/pl\/wp-json\/wp\/v2\/product_cat?post=19683"},{"taxonomy":"product_tag","embeddable":true,"href":"https:\/\/www.hydraulic-cylinders.net\/pl\/wp-json\/wp\/v2\/product_tag?post=19683"}],"curies":[{"name":"wp","href":"https:\/\/api.w.org\/{rel}","templated":true}]}}