{"id":19687,"date":"2025-04-07T07:01:43","date_gmt":"2025-04-07T07:01:43","guid":{"rendered":"https:\/\/www.hydraulic-cylinders.net\/product\/boom-cylinder-for-tiangong-zg3235-9c\/"},"modified":"2025-04-07T07:01:53","modified_gmt":"2025-04-07T07:01:53","slug":"boom-cylinder-for-tiangong-zg3235-9c","status":"publish","type":"product","link":"https:\/\/www.hydraulic-cylinders.net\/pl\/produkt\/boom-cylinder-for-tiangong-zg3235-9c\/","title":{"rendered":"Si\u0142ownik wysi\u0119gnika do Tiangong ZG3235-9C"},"content":{"rendered":"<h1>Si\u0142ownik wysi\u0119gnika do Tiangong ZG3235-9C<\/h1>\n<h2>Zrozumienie cylindra wysi\u0119gnika<\/h2>\n<p>Si\u0142ownik wysi\u0119gnika, zaprojektowany specjalnie do Tiangong ZG3235-9C, jest niezb\u0119dnym elementem uk\u0142ad\u00f3w hydraulicznych stosowanych w ci\u0119\u017ckich maszynach. Ten specjalistyczny si\u0142ownik hydrauliczny odpowiada przede wszystkim za sterowanie ruchem \u0142y\u017cek w r\u00f3\u017cnych maszynach, takich jak koparki, koparko-\u0142adowarki i \u0142adowarki czo\u0142owe. Si\u0142ownik wysi\u0119gnika umo\u017cliwia podnoszenie, opuszczanie i przechylanie \u0142y\u017cki, u\u0142atwiaj\u0105c wydajne zadania zwi\u0105zane z prze\u0142adunkiem materia\u0142\u00f3w w wielu bran\u017cach.<\/p>\n<p><img decoding=\"async\" src=\"https:\/\/www.hydraulic-cylinders.net\/wp-content\/uploads\/2025\/04\/songte-company-1.webp\" alt=\"Obraz cylindra wysi\u0119gnika\"><\/p>\n<p>Jako rodzaj si\u0142ownika hydraulicznego, si\u0142ownik wysi\u0119gnika dzia\u0142a poprzez zamian\u0119 ci\u015bnienia hydraulicznego na si\u0142\u0119 mechaniczn\u0105, dostarczaj\u0105c moc niezb\u0119dn\u0105 do manewrowania du\u017cymi \u0142y\u017ckami i osprz\u0119tem. Ta funkcjonalno\u015b\u0107 jest kluczowa dla maksymalizacji wydajno\u015bci w zadaniach takich jak kopanie, podnoszenie i transport materia\u0142\u00f3w. Konstrukcja i wydajno\u015b\u0107 si\u0142ownika wysi\u0119gnika bezpo\u015brednio wp\u0142ywaj\u0105 na og\u00f3ln\u0105 wydajno\u015b\u0107 i efektywno\u015b\u0107 pracy ci\u0119\u017ckiego sprz\u0119tu.<\/p>\n<h2>G\u0142\u00f3wne cechy cylindra wysi\u0119gnika<\/h2>\n<ul>\n<li><strong>Wysoka wytrzyma\u0142o\u015b\u0107 i trwa\u0142o\u015b\u0107:<\/strong> Wykonane z wysokowytrzyma\u0142ej stali lub aluminium, te cylindry wytrzymuj\u0105 wysokie ci\u015bnienie i du\u017ce obci\u0105\u017cenia, dzi\u0119ki czemu nadaj\u0105 si\u0119 do pracy w trudnych warunkach. Konstrukcja k\u0142adzie nacisk na odporno\u015b\u0107 na zu\u017cycie i korozj\u0119, co znacznie wyd\u0142u\u017ca ich \u017cywotno\u015b\u0107.<\/li>\n<li><strong>Wydajna praca uk\u0142adu hydraulicznego:<\/strong> Wykorzystuj\u0105c ci\u015bnienie oleju hydraulicznego, si\u0142ownik wysi\u0119gnika zapewnia p\u0142ynne ruchy teleskopowe, umo\u017cliwia szybk\u0105 reakcj\u0119 na polecenia operatora, a jednocze\u015bnie zapewnia znaczn\u0105 si\u0142\u0119 pchania i ci\u0105gni\u0119cia, idealn\u0105 do ci\u0119\u017ckich i skomplikowanych zada\u0144.<\/li>\n<li><strong>R\u00f3\u017cne typy:<\/strong> W zale\u017cno\u015bci od wymaga\u0144 operacyjnych, si\u0142ownik wysi\u0119gnika mo\u017ce by\u0107 wybrany jako jednostronnego dzia\u0142ania (wykorzystuj\u0105cy ci\u015bnienie hydrauliczne w jednym kierunku) lub dwustronnego dzia\u0142ania (wykorzystuj\u0105cy ci\u015bnienie hydrauliczne w obu kierunkach). Niekt\u00f3re modele posiadaj\u0105 nawet konstrukcj\u0119 teleskopow\u0105, umo\u017cliwiaj\u0105c\u0105 wi\u0119ksze wysuni\u0119cie bez zwi\u0119kszania wymiar\u00f3w zewn\u0119trznych, co czyni je idealnymi do zastosowa\u0144 w ograniczonej przestrzeni.<\/li>\n<li><strong>Zgodno\u015b\u0107:<\/strong> Produkujemy te produkty tak, aby idealnie zast\u0105pi\u0107 istniej\u0105ce si\u0142owniki hydrauliczne, zapewniaj\u0105c bezproblemow\u0105 integracj\u0119 i popraw\u0119 wydajno\u015bci.<\/li>\n<\/ul>\n<p><img decoding=\"async\" src=\"https:\/\/www.hydraulic-cylinders.net\/wp-content\/uploads\/2025\/04\/songte-cylinder-head-with-all-kinds-excavator-models.webp\" alt=\"Kompatybilne cylindry hydrauliczne\"><\/p>\n<h2>Zastosowania cylindra wysi\u0119gnika<\/h2>\n<h3>Sprz\u0119t budowlany<\/h3>\n<p>W koparkach si\u0142owniki wysi\u0119gnika odgrywaj\u0105 kluczow\u0105 rol\u0119 w wykopywaniu, za\u0142adunku i przemieszczaniu gleby lub gruzu. Stanowi\u0105 integraln\u0105 cz\u0119\u015b\u0107 procesu kopania, umo\u017cliwiaj\u0105c operatorowi kopanie g\u0142\u0119boko w ziemi\u0119 i efektywne podnoszenie materia\u0142\u00f3w.<\/p>\n<h3>Koparko-\u0142adowarki<\/h3>\n<p>W koparko-\u0142adowarkach si\u0142ownik \u0142y\u017cki wspomaga zar\u00f3wno kopanie, jak i podnoszenie, zapewniaj\u0105c wszechstronno\u015b\u0107 niezb\u0119dn\u0105 do zada\u0144 wymagaj\u0105cych kopania i transportu materia\u0142\u00f3w. Mo\u017cliwo\u015b\u0107 prze\u0142\u0105czania mi\u0119dzy operacjami skutecznie zwi\u0119ksza wydajno\u015b\u0107 na placu budowy.<\/p>\n<h3>Maszyny rolnicze<\/h3>\n<p>W przypadku \u0142adowarek czo\u0142owych si\u0142owniki wysi\u0119gnika u\u0142atwiaj\u0105 za\u0142adunek, podnoszenie i transport gleby, siana i innych materia\u0142\u00f3w. Ich wydajno\u015b\u0107 zapewnia szybkie wykonywanie prac rolniczych, skracaj\u0105c tym samym przestoje.<\/p>\n<h3>Koparki<\/h3>\n<p>W koparkach si\u0142ownik wysi\u0119gnika umo\u017cliwia zag\u0142\u0119bianie si\u0119 \u0142y\u017cki w gleb\u0119, umo\u017cliwiaj\u0105c efektywne kopanie. Ta funkcjonalno\u015b\u0107 jest kluczowa zar\u00f3wno w projektach budowlanych, jak i ogrodniczych, gdzie wymagana jest precyzja i moc.<\/p>\n<h3>\u0141adowarki<\/h3>\n<p>W \u0142adowarkach czo\u0142owych si\u0142owniki wysi\u0119gnika odgrywaj\u0105 kluczow\u0105 rol\u0119 w efektywnym podnoszeniu i zrzucaniu \u0142adunk\u00f3w. Ich solidna konstrukcja umo\u017cliwia podnoszenie du\u017cych ci\u0119\u017car\u00f3w, co czyni je niezb\u0119dnymi do transportu materia\u0142\u00f3w w r\u00f3\u017cnych ga\u0142\u0119ziach przemys\u0142u.<\/p>\n<h2>Zagadnienia projektowe i kryteria wyboru<\/h2>\n<h3>No\u015bno\u015b\u0107<\/h3>\n<p>Jednym z najwa\u017cniejszych czynnik\u00f3w branych pod uwag\u0119 przy projektowaniu si\u0142ownika wysi\u0119gnika jest jego ud\u017awig. Jest on determinowany przez zastosowane materia\u0142y, konstrukcj\u0119 oraz ograniczenia ci\u015bnienia hydraulicznego. Dobrze zaprojektowany si\u0142ownik wysi\u0119gnika musi bezpiecznie przenosi\u0107 maksymalne obci\u0105\u017cenia typowe dla jego przeznaczenia, gwarantuj\u0105c brak awarii podczas pracy.<\/p>\n<h3>Opiecz\u0119towanie<\/h3>\n<p>Skuteczne uszczelnienie ma kluczowe znaczenie dla trwa\u0142o\u015bci i wydajno\u015bci si\u0142ownik\u00f3w hydraulicznych. Zastosowanie wysokiej jako\u015bci uszczelek zapobiega wyciekom p\u0142ynu hydraulicznego, utrzymuj\u0105c optymalny poziom ci\u015bnienia i zwi\u0119kszaj\u0105c wydajno\u015b\u0107. Dobrze uszczelniony si\u0142ownik zapobiega r\u00f3wnie\u017c zanieczyszczeniom, kt\u00f3re mog\u0105 prowadzi\u0107 do przedwczesnego zu\u017cycia i awarii.<\/p>\n<h3>Trwa\u0142o\u015b\u0107<\/h3>\n<p>Trwa\u0142o\u015b\u0107 jest kluczowym aspektem konstrukcji cylindra hydraulicznego. Zastosowane materia\u0142y i procesy produkcyjne powinny gwarantowa\u0107 odporno\u015b\u0107 cylindra na trudne warunki \u015brodowiskowe, w tym ekstremalne temperatury i dzia\u0142anie substancji chemicznych. Ta odporno\u015b\u0107 jest niezb\u0119dna do utrzymania sprawno\u015bci operacyjnej przez d\u0142ugi czas.<\/p>\n<h3>Bezpiecze\u0144stwo<\/h3>\n<p>Zabezpieczenia w konstrukcji cylindr\u00f3w hydraulicznych, takie jak zabezpieczenie przed rozerwaniem i zawory bezpiecze\u0144stwa, s\u0105 niezb\u0119dne, aby zapobiega\u0107 wypadkom i zapewni\u0107 bezpiecze\u0144stwo operatora. Zastosowanie tych zabezpiecze\u0144 pomaga ograniczy\u0107 ryzyko zwi\u0105zane z awariami hydraulicznymi.<\/p>\n<h3>Utrzymywalno\u015b\u0107<\/h3>\n<p>\u0141atwo\u015b\u0107 konserwacji to kolejny kluczowy aspekt konstrukcyjny. Si\u0142owniki hydrauliczne powinny by\u0107 zaprojektowane z my\u015bl\u0105 o \u0142atwym serwisowaniu, umo\u017cliwiaj\u0105cym szybk\u0105 wymian\u0119 uszczelnie\u0144 i kontrol\u0119 poziomu p\u0142yn\u00f3w. Minimalizuje to przestoje i zapewnia wydajn\u0105 prac\u0119 sprz\u0119tu, co ostatecznie obni\u017ca koszty operacyjne.<\/p>\n<p><img decoding=\"async\" src=\"https:\/\/www.hydraulic-cylinders.net\/wp-content\/uploads\/2025\/04\/songte-oil-pipes-and-spare-parts.webp\" alt=\"Rury olejowe i cz\u0119\u015bci zamienne\"><\/p>\n<h2>Uszczelnianie i smarowanie<\/h2>\n<p>System uszczelnie\u0144 w si\u0142owniku wysi\u0119gnika odgrywa kluczow\u0105 rol\u0119 w jego dzia\u0142aniu. Aby zapewni\u0107 optymaln\u0105 wydajno\u015b\u0107, powszechnie stosuje si\u0119 r\u00f3\u017cne uszczelnienia, w tym uszczelnienia t\u0142oczysk i t\u0142oczysk. Uszczelnienia wykonane z materia\u0142\u00f3w odpornych na zu\u017cycie, takich jak poliuretan i kauczuk nitrylowy, s\u0105 szczeg\u00f3lnie skuteczne w zapewnianiu odporno\u015bci na dzia\u0142anie p\u0142yn\u00f3w hydraulicznych.<\/p>\n<p>Dodatkowo korpus cylindra i gwintowane ko\u0144c\u00f3wki s\u0105 poddawane precyzyjnej obr\u00f3bce mechanicznej, aby zwi\u0119kszy\u0107 odporno\u015b\u0107 na zu\u017cycie i zminimalizowa\u0107 ryzyko uszkodze\u0144 w miar\u0119 up\u0142ywu czasu. Regularne smarowanie olejem hydraulicznym jest niezb\u0119dne dla zapewnienia p\u0142ynnej pracy. Odpowiednie smarowanie zmniejsza tarcie, kt\u00f3re mo\u017ce prowadzi\u0107 do przegrzania i przedwczesnego zu\u017cycia podzespo\u0142\u00f3w.<\/p>\n<h2>Regularne kontrole i konserwacja zapobiegawcza<\/h2>\n<ul>\n<li><strong>Regularne kontrole:<\/strong> Przeprowadzaj rutynowe kontrole, aby oceni\u0107 stan si\u0142ownika wysi\u0119gnika. Szukaj \u015blad\u00f3w zu\u017cycia, wyciek\u00f3w lub uszkodze\u0144, kt\u00f3re mog\u0105 wskazywa\u0107 na konieczno\u015b\u0107 konserwacji lub wymiany.<\/li>\n<li><strong>W\u0142a\u015bciwe smarowanie:<\/strong> Upewnij si\u0119, \u017ce cylinder jest odpowiednio smarowany zalecanym olejem hydraulicznym. To nie tylko poprawia wydajno\u015b\u0107, ale tak\u017ce wyd\u0142u\u017ca \u017cywotno\u015b\u0107 cylindra.<\/li>\n<li><strong>Wymiana uszczelki:<\/strong> Regularnie sprawdzaj stan uszczelek i wymieniaj je w razie potrzeby. Pomo\u017ce to utrzyma\u0107 ci\u015bnienie i zapobiegnie wyciekom p\u0142yn\u00f3w.<\/li>\n<\/ul>\n<h2>Wytyczne dotycz\u0105ce instalacji<\/h2>\n<p>Prawid\u0142owy monta\u017c si\u0142ownika wysi\u0119gnika ma kluczowe znaczenie dla funkcjonalno\u015bci i bezpiecze\u0144stwa. Upewnij si\u0119, \u017ce si\u0142ownik jest prawid\u0142owo ustawiony wzgl\u0119dem punkt\u00f3w mocowania, aby unikn\u0105\u0107 nadmiernego obci\u0105\u017cenia podzespo\u0142\u00f3w. U\u017cyj odpowiednich wspornik\u00f3w monta\u017cowych, aby zabezpieczy\u0107 si\u0142ownik i zapobiec jego przemieszczaniu si\u0119 podczas pracy.<\/p>\n<p>Przed monta\u017cem nale\u017cy sprawdzi\u0107 czysto\u015b\u0107 wszystkich po\u0142\u0105cze\u0144 hydraulicznych, aby unikn\u0105\u0107 zanieczyszcze\u0144. Po monta\u017cu nape\u0142ni\u0107 uk\u0142ad hydrauliczny zalecanym olejem i odpowietrzy\u0107 uk\u0142ad, aby zapewni\u0107 p\u0142ynn\u0105 prac\u0119. Po monta\u017cu nale\u017cy przeprowadzi\u0107 jazd\u0119 pr\u00f3bn\u0105, aby upewni\u0107 si\u0119, \u017ce si\u0142ownik dzia\u0142a prawid\u0142owo i wydajnie.<\/p>\n<h2>Typowe zadania konserwacyjne<\/h2>\n<ul>\n<li><strong>Regularne kontrole:<\/strong> Regularnie przeprowadzaj kontrole, aby upewni\u0107 si\u0119, \u017ce wszystkie podzespo\u0142y dzia\u0142aj\u0105 prawid\u0142owo. Obejmuje to sprawdzanie poziomu p\u0142ynu hydraulicznego oraz sprawdzanie przewod\u00f3w i z\u0142\u0105czy pod k\u0105tem oznak zu\u017cycia.<\/li>\n<li><strong>Prawid\u0142owe smarowanie:<\/strong> Upewnij si\u0119, \u017ce uszczelki i punkty obrotowe s\u0105 nasmarowane zgodnie z instrukcj\u0105 producenta, aby zapobiec zu\u017cyciu i uszkodzeniu.<\/li>\n<li><strong>Wymiana uszczelki:<\/strong> Monitoruj stan uszczelek i wymieniaj je bezzw\u0142ocznie, aby zachowa\u0107 wydajno\u015b\u0107 i zapobiec wyciekom.<\/li>\n<\/ul>\n<p>Zapewnienie prawid\u0142owego ustawienia podczas instalacji jest niezwykle wa\u017cne. Niew\u0142a\u015bciwe ustawienie mo\u017ce prowadzi\u0107 do zwi\u0119kszonego zu\u017cycia i potencjalnej awarii. Nale\u017cy stosowa\u0107 odpowiednie wsporniki monta\u017cowe, aby skutecznie zabezpieczy\u0107 si\u0142ownik. Regularne kontrole, naprawy i wymiany s\u0105 kluczowe dla utrzymania trwa\u0142o\u015bci i skuteczno\u015bci sprz\u0119tu, zwi\u0119kszaj\u0105c wydajno\u015b\u0107 i skracaj\u0105c przestoje.<\/p>\n<p><img decoding=\"async\" src=\"https:\/\/www.hydraulic-cylinders.net\/wp-content\/uploads\/2025\/04\/songte-chushion-collar.webp\" alt=\"Ko\u0142nierz poduszkowy\"><\/p>\n<h2>Zagadnienia bezpiecze\u0144stwa i czynniki \u015brodowiskowe<\/h2>\n<p>W przypadku cylindr\u00f3w hydraulicznych \u015brodki bezpiecze\u0144stwa s\u0105 najwa\u017cniejsze. Operatorzy powinni zosta\u0107 przeszkoleni w zakresie bezpiecznych procedur obs\u0142ugi, aby upewni\u0107 si\u0119, \u017ce wszystkie zabezpieczenia dzia\u0142aj\u0105 prawid\u0142owo. Regularne kontrole konserwacyjne dodatkowo zwi\u0119kszaj\u0105 bezpiecze\u0144stwo, identyfikuj\u0105c potencjalne zagro\u017cenia, zanim doprowadz\u0105 one do wypadk\u00f3w.<\/p>\n<h2>Diagnostyka usterek i typowe problemy<\/h2>\n<ul>\n<li><strong>Przeciek:<\/strong> Wycieki mog\u0105 wyst\u0105pi\u0107 z powodu zu\u017cytych uszczelek lub uszkodzonych przewod\u00f3w. Regularna kontrola i terminowa wymiana uszczelek mog\u0105 zapobiec temu problemowi.<\/li>\n<li><strong>Utrata mocy:<\/strong> Je\u015bli cylinder nie reaguje skutecznie, mo\u017ce to oznacza\u0107 niski poziom p\u0142ynu hydraulicznego lub zapowietrzenie uk\u0142adu. Konieczne jest odpowietrzenie uk\u0142adu i sprawdzenie poziomu p\u0142ynu.<\/li>\n<li><strong>Przegrzanie:<\/strong> Przegrzanie mo\u017ce by\u0107 spowodowane niewystarczaj\u0105cym smarowaniem lub nadmiernym obci\u0105\u017ceniem. Aby unikn\u0105\u0107 tego problemu, nale\u017cy zapewni\u0107 odpowiednie smarowanie i przestrzega\u0107 zalecanych limit\u00f3w obci\u0105\u017cenia.<\/li>\n<\/ul>\n<h2>Wskaz\u00f3wki dotycz\u0105ce rozwi\u0105zywania problem\u00f3w<\/h2>\n<p>Aby skutecznie zdiagnozowa\u0107 i rozwi\u0105za\u0107 problemy z si\u0142ownikiem wysi\u0119gnika, nale\u017cy rozpocz\u0105\u0107 od dok\u0142adnej inspekcji pod k\u0105tem oczywistych problem\u00f3w, takich jak wycieki lub zu\u017cycie. Regularne dzia\u0142ania zapobiegawcze, takie jak utrzymywanie prawid\u0142owego poziomu p\u0142yn\u00f3w i dbanie o dobry stan uszczelek, mog\u0105 zminimalizowa\u0107 potencjalne komplikacje. W przypadku wyst\u0105pienia problem\u00f3w, szybkie dzia\u0142anie mo\u017ce zapobiec niepotrzebnym przestojom i kosztownym naprawom.<\/p>\n<p><img decoding=\"async\" src=\"https:\/\/www.hydraulic-cylinders.net\/wp-content\/uploads\/2025\/04\/songte-bushings-with-all-kinds-of-excavator-models.webp\" alt=\"Tuleje do koparek\"><\/p>\n<h2>O naszej firmie<\/h2>\n<p>Jeste\u015bmy wiod\u0105cym producentem zamiennych si\u0142ownik\u00f3w hydraulicznych, oferuj\u0105cym szerok\u0105 gam\u0119 produkt\u00f3w zar\u00f3wno na rynek krajowy, jak i mi\u0119dzynarodowy. Nasze d\u0105\u017cenie do doskona\u0142o\u015bci przejawia si\u0119 w naszych precyzyjnie dopracowanych praktykach produkcyjnych i rygorystycznych \u015brodkach kontroli jako\u015bci. Wykorzystujemy zaawansowane technologie i wykwalifikowany personel, aby zwi\u0119kszy\u0107 nasze mo\u017cliwo\u015bci produkcyjne i zapewni\u0107 wysok\u0105 jako\u015b\u0107 produkt\u00f3w.<\/p>\n<p>Specjalizuj\u0105c si\u0119 w us\u0142ugach dostosowanych do indywidualnych potrzeb, zaspokajamy zr\u00f3\u017cnicowane potrzeby klient\u00f3w. Nasze zak\u0142ady produkcyjne wyposa\u017cone s\u0105 w najnowocze\u015bniejszy park maszynowy, co pozwala nam zapewni\u0107 precyzyjne i wydajne procesy produkcyjne. Nasz serwis posprzeda\u017cowy jest r\u00f3wnie solidny, oferuj\u0105c wsparcie i rozwi\u0105zania gwarantuj\u0105ce satysfakcj\u0119 klienta.<\/p>\n<p><img decoding=\"async\" src=\"https:\/\/www.hydraulic-cylinders.net\/wp-content\/uploads\/2025\/04\/songte-company-4.webp\" alt=\"Obraz firmy 1\"><br \/>\n<img decoding=\"async\" src=\"https:\/\/www.hydraulic-cylinders.net\/wp-content\/uploads\/2025\/04\/songte-company-3.webp\" alt=\"Obraz firmy 2\"><\/p>\n<p>Autor: lyl<\/p>","protected":false},"excerpt":{"rendered":"<p>Boom Cylinder For Tiangong ZG3235-9C Understanding the Boom Cylinder The Boom Cylinder, specifically designed for the Tiangong ZG3235-9C, is an essential component in hydraulic systems used in heavy machinery. This specialized hydraulic cylinder is primarily responsible for controlling the movement of buckets in various equipment such as excavators, backhoe loaders, and front loaders. The boom [&hellip;]<\/p>","protected":false},"featured_media":17875,"comment_status":"open","ping_status":"closed","template":"","meta":{"_et_pb_use_builder":"","_et_pb_old_content":"","_et_gb_content_width":""},"product_brand":[],"product_cat":[1546],"product_tag":[1547,1496],"class_list":{"0":"post-19687","1":"product","2":"type-product","3":"status-publish","4":"has-post-thumbnail","6":"product_cat-boom-cylinders","7":"product_tag-boom-cylinders","8":"product_tag-hydraulic-cylinders","10":"first","11":"instock","12":"shipping-taxable","13":"product-type-simple"},"amp_enabled":true,"_links":{"self":[{"href":"https:\/\/www.hydraulic-cylinders.net\/pl\/wp-json\/wp\/v2\/product\/19687","targetHints":{"allow":["GET"]}}],"collection":[{"href":"https:\/\/www.hydraulic-cylinders.net\/pl\/wp-json\/wp\/v2\/product"}],"about":[{"href":"https:\/\/www.hydraulic-cylinders.net\/pl\/wp-json\/wp\/v2\/types\/product"}],"replies":[{"embeddable":true,"href":"https:\/\/www.hydraulic-cylinders.net\/pl\/wp-json\/wp\/v2\/comments?post=19687"}],"wp:featuredmedia":[{"embeddable":true,"href":"https:\/\/www.hydraulic-cylinders.net\/pl\/wp-json\/wp\/v2\/media\/17875"}],"wp:attachment":[{"href":"https:\/\/www.hydraulic-cylinders.net\/pl\/wp-json\/wp\/v2\/media?parent=19687"}],"wp:term":[{"taxonomy":"product_brand","embeddable":true,"href":"https:\/\/www.hydraulic-cylinders.net\/pl\/wp-json\/wp\/v2\/product_brand?post=19687"},{"taxonomy":"product_cat","embeddable":true,"href":"https:\/\/www.hydraulic-cylinders.net\/pl\/wp-json\/wp\/v2\/product_cat?post=19687"},{"taxonomy":"product_tag","embeddable":true,"href":"https:\/\/www.hydraulic-cylinders.net\/pl\/wp-json\/wp\/v2\/product_tag?post=19687"}],"curies":[{"name":"wp","href":"https:\/\/api.w.org\/{rel}","templated":true}]}}