{"id":19690,"date":"2025-04-07T07:02:02","date_gmt":"2025-04-07T07:02:02","guid":{"rendered":"https:\/\/www.hydraulic-cylinders.net\/product\/boom-cylinder-for-tiangong-zg3225lc-9\/"},"modified":"2025-04-07T07:02:05","modified_gmt":"2025-04-07T07:02:05","slug":"boom-cylinder-for-tiangong-zg3225lc-9","status":"publish","type":"product","link":"https:\/\/www.hydraulic-cylinders.net\/pl\/produkt\/boom-cylinder-for-tiangong-zg3225lc-9\/","title":{"rendered":"Si\u0142ownik wysi\u0119gnika do Tiangong ZG3225LC-9"},"content":{"rendered":"<h1>Si\u0142ownik wysi\u0119gnika do Tiangong ZG3225LC-9<\/h1>\n<h2>Zrozumienie cylindra wysi\u0119gnika<\/h2>\n<p>Si\u0142ownik wysi\u0119gnika to specjalistyczny si\u0142ownik hydrauliczny przeznaczony do sterowania ruchem wysi\u0119gnika w r\u00f3\u017cnych maszynach ci\u0119\u017ckich, takich jak koparki, koparko-\u0142adowarki i \u0142adowarki czo\u0142owe. Si\u0142owniki te odgrywaj\u0105 kluczow\u0105 rol\u0119 w podnoszeniu, opuszczaniu i pochylaniu wysi\u0119gnika, u\u0142atwiaj\u0105c wydajne zadania zwi\u0105zane z prze\u0142adunkiem materia\u0142\u00f3w. Funkcjonalno\u015b\u0107 si\u0142ownika wysi\u0119gnika jest niezb\u0119dna w uk\u0142adach hydraulicznych, gdzie przekszta\u0142ca ci\u015bnienie p\u0142ynu hydraulicznego w energi\u0119 mechaniczn\u0105, umo\u017cliwiaj\u0105c operatorom ci\u0119\u017ckiego sprz\u0119tu wykonywanie skomplikowanych operacji z precyzj\u0105 i \u0142atwo\u015bci\u0105.<\/p>\n<p>Te si\u0142owniki hydrauliczne stanowi\u0105 integralne elementy zapewniaj\u0105ce efektywn\u0105 prac\u0119 ci\u0119\u017ckich maszyn. S\u0105 niezb\u0119dne do takich zada\u0144 jak kopanie, za\u0142adunek i przenoszenie materia\u0142\u00f3w, co czyni je niezast\u0105pionymi w budownictwie, rolnictwie i przemy\u015ble.<\/p>\n<p><img decoding=\"async\" src=\"https:\/\/www.hydraulic-cylinders.net\/wp-content\/uploads\/2025\/04\/songte-company-1.webp\" alt=\"Si\u0142ownik wysi\u0119gnika\"><\/p>\n<h3>Cechy cylindra wysi\u0119gnika<\/h3>\n<ul>\n<li><strong>Wysoka wytrzyma\u0142o\u015b\u0107 i trwa\u0142o\u015b\u0107:<\/strong> Wykonany z wysokowytrzyma\u0142ej stali lub aluminium si\u0142ownik wysi\u0119gnika wytrzymuje wysokie ci\u015bnienia i du\u017ce obci\u0105\u017cenia, dzi\u0119ki czemu nadaje si\u0119 do pracy w trudnych warunkach. Konstrukcja si\u0142ownika uwzgl\u0119dnia odporno\u015b\u0107 na zu\u017cycie i korozj\u0119, co wyd\u0142u\u017ca jego \u017cywotno\u015b\u0107.<\/li>\n<li><strong>Wydajna praca uk\u0142adu hydraulicznego:<\/strong> Si\u0142ownik wykorzystuje ci\u015bnienie p\u0142ynu hydraulicznego do p\u0142ynnego wysuwania i wsuwania, umo\u017cliwiaj\u0105c szybk\u0105 reakcj\u0119 na polecenia operatora i zapewniaj\u0105c znaczn\u0105 si\u0142\u0119 pchania i ci\u0105gni\u0119cia, idealn\u0105 do podnoszenia ci\u0119\u017ckich przedmiot\u00f3w.<\/li>\n<li><strong>R\u00f3\u017cne typy:<\/strong> W zale\u017cno\u015bci od potrzeb eksploatacyjnych, si\u0142ownik wysi\u0119gnika mo\u017ce by\u0107 jednostronnego dzia\u0142ania (dzia\u0142aj\u0105cy w jednym kierunku) lub dwustronnego dzia\u0142ania (dzia\u0142aj\u0105cy w obu kierunkach). Niekt\u00f3re modele s\u0105 teleskopowe, co pozwala na wi\u0119ksze wysuni\u0119cie bez zwi\u0119kszania wymiar\u00f3w zewn\u0119trznych, co jest korzystne w zastosowaniach o ograniczonej przestrzeni.<\/li>\n<\/ul>\n<p>Nasza firma specjalizuje si\u0119 w produkcji tych si\u0142ownik\u00f3w hydraulicznych, zapewniaj\u0105c idealne zamienniki dla istniej\u0105cych si\u0142ownik\u00f3w wysi\u0119gnika stosowanych w r\u00f3\u017cnych maszynach.<\/p>\n<p><img decoding=\"async\" src=\"https:\/\/www.hydraulic-cylinders.net\/wp-content\/uploads\/2025\/04\/songte-cylinder-head-with-all-kinds-excavator-models.webp\" alt=\"Modele koparek\"><\/p>\n<h2>Zastosowania cylindra wysi\u0119gnika<\/h2>\n<h3>Sprz\u0119t budowlany<\/h3>\n<p>W koparkach si\u0142owniki wysi\u0119gnika odgrywaj\u0105 kluczow\u0105 rol\u0119 podczas kopania, za\u0142adunku i przemieszczania gleby lub gruzu. Umo\u017cliwiaj\u0105 one obr\u00f3t i wysuwanie wysi\u0119gnika, umo\u017cliwiaj\u0105c operatorowi wydajne wykonywanie zada\u0144 pod r\u00f3\u017cnymi k\u0105tami i na r\u00f3\u017cnych g\u0142\u0119boko\u015bciach. Mo\u017cliwo\u015b\u0107 precyzyjnego sterowania wysi\u0119gnikiem zapewnia bezpieczne i efektywne wykonywanie prac, minimalizuj\u0105c ryzyko wypadk\u00f3w.<\/p>\n<h3>Maszyny rolnicze<\/h3>\n<p>W \u0142adowarkach czo\u0142owych si\u0142owniki wysi\u0119gnika s\u0142u\u017c\u0105 do nabierania, podnoszenia i transportu gleby, siana i innych materia\u0142\u00f3w. Si\u0142owniki te zapewniaj\u0105 niezb\u0119dn\u0105 si\u0142\u0119 do obs\u0142ugi ci\u0119\u017ckich \u0142adunk\u00f3w, co czyni je niezb\u0119dnymi dla wydajno\u015bci w gospodarstwach rolnych. Ich zdolno\u015b\u0107 do pracy w r\u00f3\u017cnych warunkach zwi\u0119ksza ich u\u017cyteczno\u015b\u0107 w rolnictwie.<\/p>\n<h3>Koparki<\/h3>\n<p>W koparkach si\u0142ownik wysi\u0119gnika u\u0142atwia kopanie, umo\u017cliwiaj\u0105c \u0142y\u017cce zag\u0142\u0119bianie si\u0119 w grunt. Si\u0142a hydrauliczna generowana przez si\u0142ownik umo\u017cliwia koparce przebijanie si\u0119 przez twarde warstwy gleby, co przyspiesza i usprawnia prace wykopaliskowe.<\/p>\n<h3>\u0141adowarki<\/h3>\n<p>W \u0142adowarkach czo\u0142owych si\u0142owniki wysi\u0119gnika wspomagaj\u0105 efektywne podnoszenie i zrzucanie materia\u0142\u00f3w. Umo\u017cliwiaj\u0105 operatorowi zarz\u0105dzanie rozk\u0142adem \u0142adunku i wysoko\u015bci\u0105, co jest kluczowe podczas za\u0142adunku ci\u0119\u017car\u00f3wek lub transportu materia\u0142\u00f3w do okre\u015blonych lokalizacji. Niezawodno\u015b\u0107 tych si\u0142ownik\u00f3w gwarantuje, \u017ce \u0142adowarki mog\u0105 pracowa\u0107 w trudnych warunkach.<\/p>\n<h2>Zagadnienia projektowe i kryteria wyboru<\/h2>\n<h3>No\u015bno\u015b\u0107<\/h3>\n<p>No\u015bno\u015b\u0107 si\u0142ownika wysi\u0119gnika jest kluczowym czynnikiem w jego konstrukcji. Musi on by\u0107 zaprojektowany tak, aby ud\u017awign\u0105\u0107 maksymalny ci\u0119\u017car, jaki b\u0119dzie stosowany podczas pracy, bez ryzyka awarii. Wymaga to rygorystycznych test\u00f3w i zgodno\u015bci z normami bran\u017cowymi, aby zapewni\u0107 bezpiecze\u0144stwo i niezawodno\u015b\u0107.<\/p>\n<h3>Mechanizmy uszczelniaj\u0105ce<\/h3>\n<p>Skuteczne uszczelnienie jest kluczowe, aby zapobiec wyciekom p\u0142ynu hydraulicznego, kt\u00f3re mog\u0105 prowadzi\u0107 do obni\u017cenia wydajno\u015bci i potencjalnej awarii systemu. Wysokiej jako\u015bci uszczelki wykonane z materia\u0142\u00f3w takich jak poliuretan i kauczuk nitrylowy s\u0105 cz\u0119sto stosowane w celu zwi\u0119kszenia trwa\u0142o\u015bci i utrzymania ci\u015bnienia w uk\u0142adzie.<\/p>\n<h3>Trwa\u0142o\u015b\u0107<\/h3>\n<p>Trwa\u0142o\u015b\u0107 to kolejny kluczowy aspekt konstrukcyjny. Materia\u0142y u\u017cyte do budowy si\u0142ownik\u00f3w wysi\u0119gnika musz\u0105 by\u0107 odporne na zu\u017cycie i uszkodzenia wynikaj\u0105ce z ci\u0105g\u0142ej pracy w r\u00f3\u017cnych warunkach \u015brodowiskowych. Cz\u0119sto oznacza to zastosowanie pow\u0142ok odpornych na korozj\u0119 i solidnych technik konstrukcyjnych, kt\u00f3re wyd\u0142u\u017caj\u0105 \u017cywotno\u015b\u0107 si\u0142ownika.<\/p>\n<h3>Funkcje bezpiecze\u0144stwa<\/h3>\n<p>Przy projektowaniu si\u0142ownik\u00f3w wysi\u0119gnika priorytetem s\u0105 wzgl\u0119dy bezpiecze\u0144stwa. Zintegrowane funkcje, takie jak zawory bezpiecze\u0144stwa i blokady bezpiecze\u0144stwa, zapobiegaj\u0105 wypadkom podczas pracy. Mechanizmy te chroni\u0105 zar\u00f3wno operatora, jak i sprz\u0119t przed nieoczekiwanymi awariami.<\/p>\n<h3>Konserwacja i serwisowanie<\/h3>\n<p>Projektowanie z my\u015bl\u0105 o \u0142atwej konserwacji jest kluczowe dla zapewnienia d\u0142ugotrwa\u0142ej funkcjonalno\u015bci si\u0142ownika wysi\u0119gnika. Funkcje umo\u017cliwiaj\u0105ce prost\u0105 inspekcj\u0119, smarowanie i wymian\u0119 uszczelnie\u0144 przyczyniaj\u0105 si\u0119 do skr\u00f3cenia przestoj\u00f3w i obni\u017cenia koszt\u00f3w konserwacji, co ostatecznie zwi\u0119ksza wydajno\u015b\u0107.<\/p>\n<p><img decoding=\"async\" src=\"https:\/\/www.hydraulic-cylinders.net\/wp-content\/uploads\/2025\/04\/songte-oil-pipes-and-spare-parts.webp\" alt=\"Rury olejowe i cz\u0119\u015bci zamienne\"><\/p>\n<h2>Uszczelnienie i smarowanie si\u0142ownika wysi\u0119gnika<\/h2>\n<p>Prawid\u0142owe uszczelnienie i smarowanie s\u0105 kluczowe dla efektywnego dzia\u0142ania si\u0142ownik\u00f3w wysi\u0119gnika. R\u00f3\u017cne elementy uszczelniaj\u0105ce, takie jak uszczelnienia t\u0142oka i t\u0142oczyska, s\u0105 niezb\u0119dne do utrzymania ci\u015bnienia hydraulicznego w uk\u0142adzie. Wyb\u00f3r uszczelnie\u0144 wykonanych z materia\u0142\u00f3w odpornych na zu\u017cycie, takich jak poliuretan i kauczuk nitrylowy, zapewnia trwa\u0142o\u015b\u0107 i niezawodno\u015b\u0107.<\/p>\n<p>Korpus cylindra i gwintowane powierzchnie ko\u0144cowe s\u0105 poddawane starannej obr\u00f3bce mechanicznej w celu zwi\u0119kszenia odporno\u015bci na zu\u017cycie i poprawy szczelno\u015bci. Regularne smarowanie olejem hydraulicznym jest wymagane w celu zmniejszenia tarcia i zapobiegania przegrzaniu, co zapewnia p\u0142ynn\u0105 prac\u0119 i wyd\u0142u\u017ca \u017cywotno\u015b\u0107 cylindra.<\/p>\n<h2>Regularne kontrole i konserwacja zapobiegawcza<\/h2>\n<ul>\n<li><strong>Regularne kontrole:<\/strong> Przeprowadzanie rutynowych kontroli si\u0142ownika wysi\u0119gnika mo\u017ce pom\u00f3c zidentyfikowa\u0107 potencjalne problemy, zanim stan\u0105 si\u0119 one powa\u017cne. Nale\u017cy zwr\u00f3ci\u0107 uwag\u0119 na oznaki zu\u017cycia, wycieki lub nietypowe odg\u0142osy podczas pracy.<\/li>\n<li><strong>Prawid\u0142owe smarowanie:<\/strong> Zapewnienie odpowiedniego smarowania cylindra jest kluczowe dla optymalnej wydajno\u015bci. Stosuj zalecany olej hydrauliczny i regularnie monitoruj jego poziom, aby zapobiec uszkodzeniom spowodowanym niedostatecznym smarowaniem.<\/li>\n<li><strong>Wymiana uszczelki:<\/strong> Z biegiem czasu uszczelki mog\u0105 si\u0119 zu\u017cywa\u0107 i wymaga\u0107 wymiany. Regularnie sprawdzaj uszczelki pod k\u0105tem uszkodze\u0144 i wymieniaj je w razie potrzeby, aby utrzyma\u0107 sprawno\u015b\u0107 hydrauliczn\u0105 i zapobiec wyciekom.<\/li>\n<\/ul>\n<h2>Wytyczne dotycz\u0105ce monta\u017cu si\u0142ownika wysi\u0119gnika<\/h2>\n<p>Prawid\u0142owy monta\u017c si\u0142ownika wysi\u0119gnika jest niezb\u0119dny dla zapewnienia optymalnej wydajno\u015bci i bezpiecze\u0144stwa. Zacznij od upewnienia si\u0119, \u017ce si\u0142ownik jest prawid\u0142owo wyr\u00f3wnany z punktami mocowania sprz\u0119tu. U\u017cyj odpowiednich wspornik\u00f3w monta\u017cowych, aby zabezpieczy\u0107 si\u0142ownik na miejscu.<\/p>\n<p>Zwr\u00f3\u0107 uwag\u0119 na po\u0142\u0105czenia hydrauliczne, upewniaj\u0105c si\u0119, \u017ce s\u0105 szczelne i szczelne. Podczas monta\u017cu nale\u017cy bezwzgl\u0119dnie przestrzega\u0107 zalece\u0144 producenta dotycz\u0105cych momentu obrotowego. Po monta\u017cu sprawd\u017a ustawienie cylindra, aby zapobiec nadmiernym napr\u0119\u017ceniom i potencjalnym awariom podczas pracy.<\/p>\n<h2>Zadania konserwacyjne si\u0142ownika wysi\u0119gnika<\/h2>\n<ul>\n<li><strong>Regularne kontrole:<\/strong> Nale\u017cy przeprowadza\u0107 rutynowe kontrole w celu identyfikacji i naprawy wszelkich oznak zu\u017cycia lub uszkodze\u0144. Operatorzy powinni by\u0107 przeszkoleni w zakresie rozpoznawania wszelkich anomalii operacyjnych, kt\u00f3re mog\u0105 wskazywa\u0107 na zu\u017cycie.<\/li>\n<li><strong>W\u0142a\u015bciwe smarowanie:<\/strong> Utrzymanie prawid\u0142owego smarowania jest kluczowe. Upewnij si\u0119, \u017ce poziom oleju hydraulicznego jest prawid\u0142owy i zgodny z zalecanymi parametrami technicznymi si\u0142ownika wysi\u0119gnika.<\/li>\n<li><strong>Wymiana uszczelek i kontrola kalibracji:<\/strong> Regularnie sprawdzaj stan uszczelek i wymieniaj je w razie potrzeby. Nale\u017cy r\u00f3wnie\u017c przeprowadza\u0107 kontrole kalibracji, aby upewni\u0107 si\u0119, \u017ce cylinder dzia\u0142a zgodnie z parametrami projektowymi.<\/li>\n<\/ul>\n<h2>Zagadnienia bezpiecze\u0144stwa i czynniki \u015brodowiskowe<\/h2>\n<p>Podczas u\u017cytkowania si\u0142ownik\u00f3w wysi\u0119gnika priorytetem jest zapewnienie bezpiecze\u0144stwa. Operatorzy powinni by\u0107 przeszkoleni w zakresie bezpiecznych procedur obs\u0142ugi i \u015bwiadomi potencjalnych zagro\u017ce\u0144 zwi\u0105zanych z uk\u0142adami hydraulicznymi. Podczas obs\u0142ugi i konserwacji nale\u017cy stosowa\u0107 odpowiednie \u015brodki ochrony indywidualnej (PPE), aby zminimalizowa\u0107 ryzyko. Ponadto, kluczowe dla zr\u00f3wnowa\u017conego rozwoju jest zapewnienie prawid\u0142owego post\u0119powania z p\u0142ynami hydraulicznymi i ich utylizacji w spos\u00f3b przyjazny dla \u015brodowiska.<\/p>\n<h2>Rozwi\u0105zywanie typowych problem\u00f3w<\/h2>\n<ul>\n<li><strong>Wyciek oleju:<\/strong> W przypadku wycieku oleju nale\u017cy sprawdzi\u0107 uszczelki i po\u0142\u0105czenia pod k\u0105tem uszkodze\u0144. W razie potrzeby dokr\u0119ci\u0107 po\u0142\u0105czenia lub wymieni\u0107 uszczelki.<\/li>\n<li><strong>Nier\u00f3wnomierny ruch cylindra:<\/strong> Mo\u017ce to wskazywa\u0107 na niski poziom p\u0142ynu hydraulicznego lub zapowietrzenie uk\u0142adu. Sprawd\u017a poziom p\u0142ynu i odpowietrz uk\u0142ad, aby usun\u0105\u0107 powietrze.<\/li>\n<li><strong>Nietypowe d\u017awi\u0119ki podczas pracy:<\/strong> Odg\u0142osy takie jak zgrzytanie lub grzechotanie mog\u0105 sygnalizowa\u0107 uszkodzenie wewn\u0119trzne lub niedostateczne smarowanie. Sprawd\u017a cylinder i w razie potrzeby nasmaruj.<\/li>\n<\/ul>\n<h2>Rozwi\u0105zywanie problem\u00f3w i \u015brodki zapobiegawcze<\/h2>\n<p>Aby skutecznie rozwi\u0105zywa\u0107 problemy z si\u0142ownikiem wysi\u0119gnika, operatorzy powinni zapozna\u0107 si\u0119 z typowymi problemami i ich rozwi\u0105zaniami. Regularna konserwacja mo\u017ce zapobiec wielu problemom, minimalizuj\u0105c przestoje i koszty napraw. Wdro\u017cenie harmonogramu konserwacji zapobiegawczej mo\u017ce pom\u00f3c w identyfikacji zu\u017cycia i potencjalnych awarii, zanim zak\u0142\u00f3c\u0105 one prac\u0119 maszyny.<\/p>\n<p><img decoding=\"async\" src=\"https:\/\/www.hydraulic-cylinders.net\/wp-content\/uploads\/2025\/04\/songte-bushings-with-all-kinds-of-excavator-models.webp\" alt=\"Tuleje z modelami koparek\"><\/p>\n<h2>O naszej firmie<\/h2>\n<p>Jeste\u015bmy wiod\u0105cym producentem i hurtowym dystrybutorem si\u0142ownik\u00f3w hydraulicznych, specjalizuj\u0105cym si\u0119 w dostarczaniu doskona\u0142ych zamiennik\u00f3w si\u0142ownik\u00f3w wysi\u0119gnik\u00f3w. Nasza kompleksowa oferta produkt\u00f3w ugruntowa\u0142a nasz\u0105 pozycj\u0119 lidera na rynku krajowym i mi\u0119dzynarodowym. Przestrzegamy surowych standard\u00f3w jako\u015bci i stosujemy zaawansowane strategie zarz\u0105dzania produkcj\u0105, aby zwi\u0119kszy\u0107 wydajno\u015b\u0107 produkcji.<\/p>\n<p>Nasze zaanga\u017cowanie w d\u0105\u017ceniu do doskona\u0142o\u015bci wspierane jest przez wykwalifikowan\u0105 kadr\u0119, najnowocze\u015bniejszy sprz\u0119t produkcyjny oraz solidny system kontroli jako\u015bci. Dzi\u0119ki temu mamy pewno\u015b\u0107, \u017ce nasze produkty spe\u0142niaj\u0105 zr\u00f3\u017cnicowane potrzeby naszych klient\u00f3w.<\/p>\n<p><img decoding=\"async\" src=\"https:\/\/www.hydraulic-cylinders.net\/wp-content\/uploads\/2025\/04\/songte-company-4.webp\" alt=\"Obraz firmy 1\"><br \/>\n<img decoding=\"async\" src=\"https:\/\/www.hydraulic-cylinders.net\/wp-content\/uploads\/2025\/04\/songte-company-3.webp\" alt=\"Obraz firmy 2\"><\/p>\n<p>Oferujemy us\u0142ugi dostosowane do indywidualnych potrzeb klienta, poparte mi\u0119dzynarodowymi certyfikatami, profesjonalnym sprz\u0119tem produkcyjnym i niezawodnym wsparciem posprzeda\u017cowym.<\/p>\n<p>Autor: lyl<\/p>","protected":false},"excerpt":{"rendered":"<p>Boom Cylinder For Tiangong ZG3225LC-9 Understanding the Boom Cylinder The Boom Cylinder is a specialized hydraulic cylinder designed for controlling the movement of the boom in various heavy machinery, such as excavators, backhoe loaders, and front-end loaders. These cylinders play a crucial role in lifting, lowering, and tilting the boom, facilitating efficient material handling tasks. [&hellip;]<\/p>","protected":false},"featured_media":17878,"comment_status":"open","ping_status":"closed","template":"","meta":{"_et_pb_use_builder":"","_et_pb_old_content":"","_et_gb_content_width":""},"product_brand":[],"product_cat":[1546],"product_tag":[1547,1496],"class_list":{"0":"post-19690","1":"product","2":"type-product","3":"status-publish","4":"has-post-thumbnail","6":"product_cat-boom-cylinders","7":"product_tag-boom-cylinders","8":"product_tag-hydraulic-cylinders","10":"first","11":"instock","12":"shipping-taxable","13":"product-type-simple"},"amp_enabled":true,"_links":{"self":[{"href":"https:\/\/www.hydraulic-cylinders.net\/pl\/wp-json\/wp\/v2\/product\/19690","targetHints":{"allow":["GET"]}}],"collection":[{"href":"https:\/\/www.hydraulic-cylinders.net\/pl\/wp-json\/wp\/v2\/product"}],"about":[{"href":"https:\/\/www.hydraulic-cylinders.net\/pl\/wp-json\/wp\/v2\/types\/product"}],"replies":[{"embeddable":true,"href":"https:\/\/www.hydraulic-cylinders.net\/pl\/wp-json\/wp\/v2\/comments?post=19690"}],"wp:featuredmedia":[{"embeddable":true,"href":"https:\/\/www.hydraulic-cylinders.net\/pl\/wp-json\/wp\/v2\/media\/17878"}],"wp:attachment":[{"href":"https:\/\/www.hydraulic-cylinders.net\/pl\/wp-json\/wp\/v2\/media?parent=19690"}],"wp:term":[{"taxonomy":"product_brand","embeddable":true,"href":"https:\/\/www.hydraulic-cylinders.net\/pl\/wp-json\/wp\/v2\/product_brand?post=19690"},{"taxonomy":"product_cat","embeddable":true,"href":"https:\/\/www.hydraulic-cylinders.net\/pl\/wp-json\/wp\/v2\/product_cat?post=19690"},{"taxonomy":"product_tag","embeddable":true,"href":"https:\/\/www.hydraulic-cylinders.net\/pl\/wp-json\/wp\/v2\/product_tag?post=19690"}],"curies":[{"name":"wp","href":"https:\/\/api.w.org\/{rel}","templated":true}]}}