{"id":19691,"date":"2025-04-07T07:02:05","date_gmt":"2025-04-07T07:02:05","guid":{"rendered":"https:\/\/www.hydraulic-cylinders.net\/product\/boom-cylinder-for-dasin-ds18\/"},"modified":"2025-04-07T07:02:07","modified_gmt":"2025-04-07T07:02:07","slug":"boom-cylinder-for-dasin-ds18","status":"publish","type":"product","link":"https:\/\/www.hydraulic-cylinders.net\/pl\/produkt\/boom-cylinder-for-dasin-ds18\/","title":{"rendered":"Si\u0142ownik wysi\u0119gnika do Dasin DS18"},"content":{"rendered":"<h1>Si\u0142ownik wysi\u0119gnika do Dasin DS18<\/h1>\n<h2>Wprowadzenie do cylindra wysi\u0119gnika<\/h2>\n<p>Si\u0142ownik wysi\u0119gnika to kluczowy element uk\u0142ad\u00f3w hydraulicznych, zaprojektowany specjalnie do sterowania ruchem \u0142y\u017cek ci\u0119\u017ckich maszyn, takich jak koparki, koparko-\u0142adowarki i \u0142adowarki czo\u0142owe. Te si\u0142owniki hydrauliczne umo\u017cliwiaj\u0105 podnoszenie, opuszczanie i przechylanie \u0142y\u017cki, u\u0142atwiaj\u0105c wydajne zadania zwi\u0105zane z prze\u0142adunkiem materia\u0142\u00f3w. Zasadniczo si\u0142ownik \u0142y\u017cki to rodzaj si\u0142ownika hydraulicznego, kt\u00f3ry odgrywa kluczow\u0105 rol\u0119 w dzia\u0142aniu r\u00f3\u017cnego rodzaju maszyn do rob\u00f3t ziemnych.<\/p>\n<p><img decoding=\"async\" src=\"https:\/\/www.hydraulic-cylinders.net\/wp-content\/uploads\/2025\/04\/songte-company-1.webp\" alt=\"Obraz cylindra wysi\u0119gnika\" \/><\/p>\n<h3>Funkcja i zastosowanie cylindr\u00f3w kube\u0142kowych<\/h3>\n<p>Si\u0142owniki \u0142y\u017cki s\u0105 niezb\u0119dne do obs\u0142ugi ci\u0119\u017ckich maszyn. Zapewniaj\u0105 niezb\u0119dn\u0105 moc do podnoszenia i manipulowania ci\u0119\u017ckimi \u0142adunkami, umo\u017cliwiaj\u0105c wydajne wykonywanie zada\u0144 budowlanych i rolniczych. Przekszta\u0142caj\u0105c ci\u015bnienie hydrauliczne w si\u0142\u0119 mechaniczn\u0105, si\u0142owniki te umo\u017cliwiaj\u0105 operatorom wykonywanie skomplikowanych manewr\u00f3w z precyzj\u0105 i kontrol\u0105.<\/p>\n<h2>G\u0142\u00f3wne cechy cylindra wysi\u0119gnika<\/h2>\n<ul>\n<li><strong>Wysoka wytrzyma\u0142o\u015b\u0107 i trwa\u0142o\u015b\u0107:<\/strong> Wykonane z wytrzyma\u0142ej stali lub aluminium, cylindry te wytrzymuj\u0105 du\u017ce ci\u015bnienie i du\u017ce obci\u0105\u017cenia, dzi\u0119ki czemu nadaj\u0105 si\u0119 do pracy w trudnych warunkach.<\/li>\n<li><strong>Wydajna praca uk\u0142adu hydraulicznego:<\/strong> Wykorzystuj\u0105 ci\u015bnienie oleju hydraulicznego do p\u0142ynnego wysuwania i chowania, zapewniaj\u0105 szybk\u0105 reakcj\u0119 na polecenia steruj\u0105ce i generuj\u0105 du\u017c\u0105 si\u0142\u0119 pchania i ci\u0105gni\u0119cia.<\/li>\n<li><strong>R\u00f3\u017cne typy:<\/strong> Dost\u0119pne w wersji jednostronnego dzia\u0142ania (dzia\u0142a w jednym kierunku) lub dwustronnego dzia\u0142ania (dzia\u0142a w obu kierunkach), niekt\u00f3re modele s\u0105 teleskopowe, co pozwala na wi\u0119ksze wyd\u0142u\u017cenie bez zwi\u0119kszania wymiar\u00f3w zewn\u0119trznych.<\/li>\n<li><strong>Lepsza wydajno\u015b\u0107:<\/strong> Zaprojektowane z my\u015bl\u0105 o odporno\u015bci na zu\u017cycie i ochronie przed korozj\u0105, zapewniaj\u0105 d\u0142ugowieczno\u015b\u0107 i niezawodno\u015b\u0107 w r\u00f3\u017cnych zastosowaniach.<\/li>\n<li><strong>Produkcja niestandardowa:<\/strong> Jeste\u015bmy w stanie wyprodukowa\u0107 ten produkt, a nasze cylindry mog\u0105 doskonale zast\u0105pi\u0107 istniej\u0105ce cylindry hydrauliczne.<\/li>\n<\/ul>\n<p><img decoding=\"async\" src=\"https:\/\/www.hydraulic-cylinders.net\/wp-content\/uploads\/2025\/04\/songte-cylinder-head-with-all-kinds-excavator-models.webp\" alt=\"Opcje wymiany cylindra\" \/><\/p>\n<h2>Zastosowania cylindra wysi\u0119gnika<\/h2>\n<h3>Sprz\u0119t budowlany<\/h3>\n<p>W sprz\u0119cie budowlanym si\u0142owniki wysi\u0119gnika znajduj\u0105 si\u0119 w koparkach, gdzie s\u0105 niezb\u0119dne do kopania, za\u0142adunku i przemieszczania gleby lub gruzu. Si\u0142ownik \u0142y\u017cki u\u0142atwia zar\u00f3wno kopanie, jak i podnoszenie, zwi\u0119kszaj\u0105c wszechstronno\u015b\u0107 i wydajno\u015b\u0107 maszyny.<\/p>\n<h3>Maszyny rolnicze<\/h3>\n<p>\u0141adowarki czo\u0142owe wykorzystuj\u0105 si\u0142owniki wysi\u0119gnika do nabierania, podnoszenia i transportu gleby, siana i innych materia\u0142\u00f3w. Si\u0142owniki te s\u0105 niezb\u0119dne w przypadku operacji wymagaj\u0105cych szybkiego i wydajnego przenoszenia ci\u0119\u017ckich \u0142adunk\u00f3w rolniczych.<\/p>\n<h3>Koparki<\/h3>\n<p>W koparkach cylinder \u0142y\u017cki umo\u017cliwia jej penetracj\u0119 w g\u0142\u0105b gruntu, umo\u017cliwiaj\u0105c efektywne kopanie. Ta funkcja jest kluczowa w przypadku r\u00f3\u017cnych prac ziemnych, zar\u00f3wno w budownictwie, jak i w kszta\u0142towaniu krajobrazu.<\/p>\n<h3>\u0141adowarki<\/h3>\n<p>W \u0142adowarkach czo\u0142owych si\u0142owniki wysi\u0119gnika wspomagaj\u0105 efektywne podnoszenie i zrzucanie materia\u0142\u00f3w. Ich konstrukcja zapewnia \u0142atwo\u015b\u0107 obs\u0142ugi ci\u0119\u017ckich \u0142adunk\u00f3w, co przek\u0142ada si\u0119 na wi\u0119ksz\u0105 wydajno\u015b\u0107 operacyjn\u0105.<\/p>\n<h2>Zagadnienia projektowe i kryteria wyboru<\/h2>\n<h3>No\u015bno\u015b\u0107<\/h3>\n<p>No\u015bno\u015b\u0107 si\u0142ownika wysi\u0119gnika jest kluczowym czynnikiem wp\u0142ywaj\u0105cym na jego konstrukcj\u0119. Okre\u015bla ona, jaki ci\u0119\u017car si\u0142ownik mo\u017ce bezpiecznie ud\u017awign\u0105\u0107 bez ryzyka uszkodzenia konstrukcji lub pogorszenia wydajno\u015bci. In\u017cynierowie musz\u0105 dok\u0142adnie obliczy\u0107 no\u015bno\u015b\u0107 w oparciu o planowane zastosowanie, aby upewni\u0107 si\u0119, \u017ce si\u0142ownik b\u0119dzie w stanie utrzyma\u0107 du\u017ce obci\u0105\u017cenia, typowe dla budownictwa i rolnictwa.<\/p>\n<h3>Uszczelnienie i trwa\u0142o\u015b\u0107<\/h3>\n<p>Uszczelnienie jest kluczowe w cylindrach hydraulicznych, aby zapobiec wyciekom p\u0142ynu i utrzyma\u0107 ci\u015bnienie. Wysokiej jako\u015bci uszczelnienia wykonane z trwa\u0142ych materia\u0142\u00f3w, takich jak poliuretan lub kauczuk nitrylowy, s\u0105 niezb\u0119dne. Uszczelnienia te musz\u0105 by\u0107 odporne na trudne warunki i zachowywa\u0107 swoj\u0105 integralno\u015b\u0107 przez d\u0142ugi czas, zmniejszaj\u0105c ryzyko awarii systemu i zapewniaj\u0105c niezawodn\u0105 prac\u0119.<\/p>\n<h3>Funkcje bezpiecze\u0144stwa<\/h3>\n<p>W\u0142\u0105czenie funkcji bezpiecze\u0144stwa do konstrukcji si\u0142ownik\u00f3w wysi\u0119gnika jest niezb\u0119dne dla ochrony operator\u00f3w i maszyn. Zawory bezpiecze\u0144stwa, manometry i solidne systemy monta\u017cowe przyczyniaj\u0105 si\u0119 do bezpieczniejszego \u015brodowiska pracy, zapobiegaj\u0105c wypadkom i uszkodzeniom sprz\u0119tu podczas pracy.<\/p>\n<h3>Konserwacja i naprawa<\/h3>\n<p>Projektowanie z my\u015bl\u0105 o \u0142atwo\u015bci konserwacji gwarantuje \u0142atwy dost\u0119p i wymian\u0119 cz\u0119\u015bci zamiennych, takich jak uszczelki i z\u0142\u0105czki. Zmniejsza to przestoje i koszty konserwacji, jednocze\u015bnie wyd\u0142u\u017caj\u0105c \u017cywotno\u015b\u0107 si\u0142ownika hydraulicznego. Produkty musz\u0105 by\u0107 projektowane z my\u015bl\u0105 o \u0142atwo\u015bci serwisowania, aby u\u0142atwi\u0107 rutynowe kontrole i naprawy.<\/p>\n<p><img decoding=\"async\" src=\"https:\/\/www.hydraulic-cylinders.net\/wp-content\/uploads\/2025\/04\/songte-oil-pipes-and-spare-parts.webp\" alt=\"Rury olejowe i cz\u0119\u015bci zamienne\" \/><\/p>\n<h2>Uszczelnianie i smarowanie si\u0142ownika wysi\u0119gnika<\/h2>\n<p>Skuteczne uszczelnienie i smarowanie s\u0105 kluczowe dla wydajno\u015bci i trwa\u0142o\u015bci si\u0142ownik\u00f3w wysi\u0119gnika. R\u00f3\u017cne elementy uszczelniaj\u0105ce, takie jak uszczelnienia t\u0142oka i t\u0142oczyska, zapobiegaj\u0105 wyciekom p\u0142ynu hydraulicznego. Uszczelnienia s\u0105 zazwyczaj wykonane z materia\u0142\u00f3w odpornych na zu\u017cycie, takich jak poliuretan i kauczuk nitrylowy, kt\u00f3re wytrzymuj\u0105 trudne warunki panuj\u0105ce w zastosowaniach hydraulicznych. Korpus si\u0142ownika i gwintowane ko\u0144c\u00f3wki s\u0105 poddawane precyzyjnej obr\u00f3bce mechanicznej w celu zwi\u0119kszenia odporno\u015bci na zu\u017cycie i poprawy og\u00f3lnej trwa\u0142o\u015bci.<\/p>\n<p>Regularne smarowanie olejem hydraulicznym jest niezb\u0119dne do zmniejszenia tarcia mi\u0119dzy ruchomymi cz\u0119\u015bciami i zapewnienia p\u0142ynnej pracy. Operatorzy musz\u0105 zadba\u0107 o odpowiedni\u0105 ilo\u015b\u0107 oleju hydraulicznego, aby zapobiec przegrzaniu i zu\u017cyciu, co przed\u0142u\u017cy \u017cywotno\u015b\u0107 si\u0142ownika hydraulicznego.<\/p>\n<h2>\u015arodki konserwacji zapobiegawczej<\/h2>\n<ul>\n<li><strong>Regularne kontrole:<\/strong> Przeprowadzaj okresowe kontrole, aby zidentyfikowa\u0107 potencjalne problemy, zanim przerodz\u0105 si\u0119 w powa\u017cne awarie. Sprawd\u017a szczelno\u015b\u0107, zu\u017cycie oraz prawid\u0142owe dzia\u0142anie uszczelek i po\u0142\u0105cze\u0144.<\/li>\n<li><strong>W\u0142a\u015bciwe smarowanie:<\/strong> Upewnij si\u0119, \u017ce si\u0142ownik hydrauliczny jest odpowiednio smarowany w\u0142a\u015bciwym rodzajem i ilo\u015bci\u0105 oleju hydraulicznego, aby zapobiec uszkodzeniu element\u00f3w wewn\u0119trznych i zachowa\u0107 wydajno\u015b\u0107.<\/li>\n<li><strong>Wymiana uszczelki:<\/strong> Regularnie sprawdzaj stan uszczelek i wymieniaj je w razie potrzeby, aby zapobiec wyciekom p\u0142yn\u00f3w, kt\u00f3re mog\u0105 prowadzi\u0107 do nieefektywnej pracy uk\u0142adu i jego awarii.<\/li>\n<\/ul>\n<h2>Wytyczne dotycz\u0105ce instalacji<\/h2>\n<p>Prawid\u0142owy monta\u017c si\u0142ownik\u00f3w wysi\u0119gnika ma kluczowe znaczenie dla optymalnej wydajno\u015bci. Zacznij od upewnienia si\u0119, \u017ce wszystkie komponenty s\u0105 czyste i wolne od zanieczyszcze\u0144. Dok\u0142adnie wyr\u00f3wnaj si\u0142ownik z punktami mocowania, aby unikn\u0105\u0107 niewsp\u00f3\u0142osiowo\u015bci, kt\u00f3ra mo\u017ce powodowa\u0107 nadmierne napr\u0119\u017cenia si\u0142ownika i prowadzi\u0107 do przedwczesnej awarii. U\u017cyj odpowiednich wspornik\u00f3w monta\u017cowych, aby bezpiecznie zamocowa\u0107 si\u0142ownik i zapobiec jego przemieszczaniu si\u0119 podczas pracy. Nale\u017cy bezwzgl\u0119dnie przestrzega\u0107 zalece\u0144 producenta dotycz\u0105cych momentu obrotowego, aby upewni\u0107 si\u0119, \u017ce wszystkie elementy z\u0142\u0105czne s\u0105 prawid\u0142owo dokr\u0119cone i zabezpieczone.<\/p>\n<p>Po monta\u017cu nale\u017cy przeprowadzi\u0107 kompleksow\u0105 kontrol\u0119 systemu, aby upewni\u0107 si\u0119, \u017ce nie ma wyciek\u00f3w i dzia\u0142a prawid\u0142owo. Nale\u017cy monitorowa\u0107 poziom p\u0142ynu hydraulicznego i sprawdza\u0107 prawid\u0142owy przep\u0142yw oleju do cylindra. Regularnie sprawdzaj stan instalacji, aby upewni\u0107 si\u0119, \u017ce jest bezpieczna i funkcjonalna.<\/p>\n<p><img decoding=\"async\" src=\"https:\/\/www.hydraulic-cylinders.net\/wp-content\/uploads\/2025\/04\/songte-chushion-collar.webp\" alt=\"Ko\u0142nierz poduszkowy\" \/><\/p>\n<h2>Typowe zadania konserwacyjne<\/h2>\n<h3>Regularne kontrole<\/h3>\n<p>Regularne kontrole s\u0105 kluczowe dla wczesnego wykrywania potencjalnych problem\u00f3w. Nale\u017cy szuka\u0107 oznak zu\u017cycia, uszkodze\u0144 lub nieszczelno\u015bci w si\u0142owniku hydraulicznym. Szybkie rozwi\u0105zanie tych problem\u00f3w mo\u017ce zapobiec powa\u017cniejszym problemom i kosztownym naprawom w przysz\u0142o\u015bci. W\u0142\u0105czenie tych kontroli do rutynowego harmonogramu konserwacji jest kluczowe dla zapewnienia wydajnej pracy uk\u0142adu hydraulicznego.<\/p>\n<h3>Odpowiednie smarowanie<\/h3>\n<p>Utrzymanie prawid\u0142owego smarowania w si\u0142ownikach hydraulicznych jest kluczowe dla p\u0142ynnej pracy. Nale\u017cy stosowa\u0107 zalecany p\u0142yn hydrauliczny i upewni\u0107 si\u0119, \u017ce jest on nape\u0142niony do prawid\u0142owego poziomu. Smarowanie pomaga zmniejszy\u0107 tarcie mi\u0119dzy ruchomymi cz\u0119\u015bciami, zapobiegaj\u0105c ich zu\u017cyciu. Operatorzy powinni r\u00f3wnie\u017c monitorowa\u0107 stan p\u0142ynu hydraulicznego i wymienia\u0107 go w razie potrzeby, aby utrzyma\u0107 optymaln\u0105 wydajno\u015b\u0107.<\/p>\n<h3>Wymiana uszczelek i kontrola kalibracji<\/h3>\n<p>Z biegiem czasu uszczelki mog\u0105 si\u0119 zu\u017cywa\u0107 i wymaga\u0107 wymiany. Regularnie sprawdzaj uszczelki pod k\u0105tem wyciek\u00f3w lub oznak zu\u017cycia i wymieniaj je niezw\u0142ocznie, aby zachowa\u0107 integralno\u015b\u0107 systemu. Kontrole kalibracji s\u0105 r\u00f3wnie\u017c niezb\u0119dne, aby zapewni\u0107, \u017ce si\u0142ownik hydrauliczny dzia\u0142a w okre\u015blonych parametrach, zachowuj\u0105c swoj\u0105 wydajno\u015b\u0107 i skuteczno\u015b\u0107 podczas pracy.<\/p>\n<h2>Zagadnienia bezpiecze\u0144stwa i czynniki \u015brodowiskowe<\/h2>\n<p>Podczas pracy z uk\u0142adami hydraulicznymi \u015brodki bezpiecze\u0144stwa s\u0105 najwa\u017cniejsze. Operatorzy powinni zawsze nosi\u0107 odpowiedni sprz\u0119t ochrony osobistej (PPE) i przestrzega\u0107 protoko\u0142\u00f3w bezpiecze\u0144stwa, aby zapobiega\u0107 wypadkom. Ponadto p\u0142yny hydrauliczne mog\u0105 stanowi\u0107 zagro\u017cenie dla \u015brodowiska, dlatego niezwykle wa\u017cne jest ich prawid\u0142owe obchodzenie si\u0119 z nimi i ich utylizacja, aby zminimalizowa\u0107 wp\u0142yw na \u015brodowisko.<\/p>\n<h2>Rozwi\u0105zywanie problem\u00f3w i typowe problemy<\/h2>\n<ul>\n<li><strong>Zmniejszona wydajno\u015b\u0107 cylindra:<\/strong> Je\u015bli cylinder wykazuje obni\u017con\u0105 wydajno\u015b\u0107, sprawd\u017a, czy w p\u0142ynie hydraulicznym nie ma powietrza, nieszczelno\u015bci lub niskiego poziomu p\u0142ynu. Szybkie rozwi\u0105zanie tych problem\u00f3w mo\u017ce przywr\u00f3ci\u0107 funkcjonalno\u015b\u0107.<\/li>\n<li><strong>Nieszczelne uszczelki:<\/strong> Wycieki z uszczelek mog\u0105 wskazywa\u0107 na zu\u017cycie lub uszkodzenie. Zawsze sprawdzaj uszczelki i wymieniaj je w razie potrzeby, aby zapobiec utracie p\u0142ynu.<\/li>\n<li><strong>Nieoczekiwany ruch cylindra:<\/strong> Je\u017celi cylinder zacznie si\u0119 nieoczekiwanie porusza\u0107, nale\u017cy sprawdzi\u0107, czy w uk\u0142adzie sterowania nie ma usterek i upewni\u0107 si\u0119, \u017ce wszystkie podzespo\u0142y dzia\u0142aj\u0105 prawid\u0142owo.<\/li>\n<\/ul>\n<h3>Wskaz\u00f3wki dotycz\u0105ce rozwi\u0105zywania problem\u00f3w<\/h3>\n<p>Aby skutecznie diagnozowa\u0107 i rozwi\u0105zywa\u0107 problemy, operatorzy powinni prowadzi\u0107 szczeg\u00f3\u0142owy rejestr wszelkich nieprawid\u0142owo\u015bci zaobserwowanych podczas pracy. Rejestr ten mo\u017ce pom\u00f3c w identyfikacji wzorc\u00f3w i potencjalnych problem\u00f3w. Regularna konserwacja i proaktywne kontrole s\u0105 niezb\u0119dne do minimalizacji ryzyka awarii i zapewnienia p\u0142ynnego dzia\u0142ania uk\u0142adu hydraulicznego.<\/p>\n<p><img decoding=\"async\" src=\"https:\/\/www.hydraulic-cylinders.net\/wp-content\/uploads\/2025\/04\/songte-bushings-with-all-kinds-of-excavator-models.webp\" alt=\"Tuleje do koparek\" \/><\/p>\n<h2>O naszej firmie<\/h2>\n<p>Jeste\u015bmy wiod\u0105cym producentem zamiennych si\u0142ownik\u00f3w hydraulicznych, oferuj\u0105cym szerok\u0105 gam\u0119 wysokiej jako\u015bci produkt\u00f3w dostosowanych do zr\u00f3\u017cnicowanych potrzeb rynku krajowego i mi\u0119dzynarodowego. Nasze d\u0105\u017cenie do doskona\u0142o\u015bci motywuje nas do stosowania najlepszych praktyk produkcyjnych, w\u0142\u0105czaj\u0105c zaawansowane technologie i zatrudniaj\u0105c wykwalifikowany personel w nasze procesy produkcyjne.<\/p>\n<p>Jeste\u015bmy dumni z naszej szerokiej oferty produkt\u00f3w i umiej\u0119tno\u015bci dostosowywania rozwi\u0105za\u0144 do indywidualnych wymaga\u0144 klient\u00f3w. Koncentruj\u0105c si\u0119 na zapewnieniu jako\u015bci, wykorzystujemy najnowocze\u015bniejszy sprz\u0119t produkcyjny i rygorystyczne systemy testowania, aby zagwarantowa\u0107, \u017ce nasze cylindry hydrauliczne spe\u0142niaj\u0105 najwy\u017csze standardy bran\u017cowe. Nasze zaanga\u017cowanie w wydajno\u015b\u0107, precyzj\u0119 i jako\u015b\u0107 pozycjonuje nas jako zaufanego partnera w zakresie rozwi\u0105za\u0144 hydraulicznych.<\/p>\n<p><img decoding=\"async\" src=\"https:\/\/www.hydraulic-cylinders.net\/wp-content\/uploads\/2025\/04\/songte-company-4.webp\" alt=\"Przegl\u0105d firmy\" \/><br \/>\n<img decoding=\"async\" src=\"https:\/\/www.hydraulic-cylinders.net\/wp-content\/uploads\/2025\/04\/songte-company-3.webp\" alt=\"Firma produkcyjna\" \/><\/p>\n<p>Autorem jest lyl.<\/p>","protected":false},"excerpt":{"rendered":"<p>Boom Cylinder For Dasin DS18 Introduction to Boom Cylinder The Boom Cylinder is a crucial component in hydraulic systems, specifically designed to control the movement of heavy machinery buckets, such as those found in excavators, backhoe loaders, and front loaders. These hydraulic cylinders enable the bucket to lift, lower, and tilt, facilitating efficient material handling [&hellip;]<\/p>","protected":false},"featured_media":17879,"comment_status":"open","ping_status":"closed","template":"","meta":{"_et_pb_use_builder":"","_et_pb_old_content":"","_et_gb_content_width":""},"product_brand":[],"product_cat":[1546],"product_tag":[1547,1496],"class_list":{"0":"post-19691","1":"product","2":"type-product","3":"status-publish","4":"has-post-thumbnail","6":"product_cat-boom-cylinders","7":"product_tag-boom-cylinders","8":"product_tag-hydraulic-cylinders","10":"first","11":"instock","12":"shipping-taxable","13":"product-type-simple"},"amp_enabled":true,"_links":{"self":[{"href":"https:\/\/www.hydraulic-cylinders.net\/pl\/wp-json\/wp\/v2\/product\/19691","targetHints":{"allow":["GET"]}}],"collection":[{"href":"https:\/\/www.hydraulic-cylinders.net\/pl\/wp-json\/wp\/v2\/product"}],"about":[{"href":"https:\/\/www.hydraulic-cylinders.net\/pl\/wp-json\/wp\/v2\/types\/product"}],"replies":[{"embeddable":true,"href":"https:\/\/www.hydraulic-cylinders.net\/pl\/wp-json\/wp\/v2\/comments?post=19691"}],"wp:featuredmedia":[{"embeddable":true,"href":"https:\/\/www.hydraulic-cylinders.net\/pl\/wp-json\/wp\/v2\/media\/17879"}],"wp:attachment":[{"href":"https:\/\/www.hydraulic-cylinders.net\/pl\/wp-json\/wp\/v2\/media?parent=19691"}],"wp:term":[{"taxonomy":"product_brand","embeddable":true,"href":"https:\/\/www.hydraulic-cylinders.net\/pl\/wp-json\/wp\/v2\/product_brand?post=19691"},{"taxonomy":"product_cat","embeddable":true,"href":"https:\/\/www.hydraulic-cylinders.net\/pl\/wp-json\/wp\/v2\/product_cat?post=19691"},{"taxonomy":"product_tag","embeddable":true,"href":"https:\/\/www.hydraulic-cylinders.net\/pl\/wp-json\/wp\/v2\/product_tag?post=19691"}],"curies":[{"name":"wp","href":"https:\/\/api.w.org\/{rel}","templated":true}]}}