{"id":19692,"date":"2025-04-07T07:02:08","date_gmt":"2025-04-07T07:02:08","guid":{"rendered":"https:\/\/www.hydraulic-cylinders.net\/product\/boom-cylinder-for-dasin-ds50-7\/"},"modified":"2025-04-07T07:02:10","modified_gmt":"2025-04-07T07:02:10","slug":"boom-cylinder-for-dasin-ds50-7","status":"publish","type":"product","link":"https:\/\/www.hydraulic-cylinders.net\/pl\/produkt\/boom-cylinder-for-dasin-ds50-7\/","title":{"rendered":"Si\u0142ownik wysi\u0119gnika do Dasin DS50-7"},"content":{"rendered":"<h1>Si\u0142ownik wysi\u0119gnika do Dasin DS50-7<\/h1>\n<h2>Przegl\u0105d produktu<\/h2>\n<p>Si\u0142ownik wysi\u0119gnika, zaprojektowany specjalnie dla koparki Dasin DS50-7, jest niezb\u0119dnym elementem uk\u0142ad\u00f3w hydraulicznych, stosowanym g\u0142\u00f3wnie w maszynach ci\u0119\u017ckich. Ten typ si\u0142ownika hydraulicznego odgrywa kluczow\u0105 rol\u0119 w sterowaniu ruchem \u0142y\u017cki, co jest kluczowe w r\u00f3\u017cnych zastosowaniach, takich jak wykopy, za\u0142adunek i prze\u0142adunek materia\u0142\u00f3w. Si\u0142ownik wysi\u0119gnika umo\u017cliwia podnoszenie, opuszczanie i przechylanie \u0142y\u017cki, u\u0142atwiaj\u0105c tym samym wydajn\u0105 prac\u0119 na placach budowy i w innych ci\u0119\u017ckich warunkach.<\/p>\n<p><img decoding=\"async\" src=\"https:\/\/www.hydraulic-cylinders.net\/wp-content\/uploads\/2025\/04\/songte-company-1.webp\" alt=\"Si\u0142ownik wysi\u0119gnika\"><\/p>\n<h3>Definicja cylindra kube\u0142kowego<\/h3>\n<p>Si\u0142ownik \u0142y\u017cki to specjalistyczny si\u0142ownik hydrauliczny zaprojektowany do sterowania ruchem \u0142y\u017cek w ci\u0119\u017ckim sprz\u0119cie, takim jak koparki, koparko-\u0142adowarki i \u0142adowarki czo\u0142owe. Jego funkcjonalno\u015b\u0107 jest niezb\u0119dna do wykonywania zada\u0144 takich jak kopanie, podnoszenie i transport materia\u0142\u00f3w. Ci\u015bnienie oleju hydraulicznego w si\u0142owniku umo\u017cliwia p\u0142ynne i kontrolowane ruchy, co czyni go kluczowym elementem maksymalizacji wydajno\u015bci i efektywno\u015bci ci\u0119\u017ckiego sprz\u0119tu.<\/p>\n<h2>Cechy cylindra wysi\u0119gnika<\/h2>\n<ul>\n<li><strong>Wysoka wytrzyma\u0142o\u015b\u0107 i trwa\u0142o\u015b\u0107:<\/strong> Wykonane z wytrzyma\u0142ej stali lub aluminium, cylindry te wytrzymuj\u0105 wysokie ci\u015bnienie i du\u017ce obci\u0105\u017cenia, s\u0105 odpowiednie do pracy w trudnych warunkach, a dzi\u0119ki odporno\u015bci na zu\u017cycie i ochronie przed korozj\u0105 wyd\u0142u\u017caj\u0105 ich \u017cywotno\u015b\u0107.<\/li>\n<li><strong>Wydajna praca uk\u0142adu hydraulicznego:<\/strong> Si\u0142ownik wysi\u0119gnika wykorzystuje ci\u015bnienie oleju hydraulicznego, aby umo\u017cliwi\u0107 p\u0142ynne wysuwanie i wsuwanie, szybko reaguje na polecenia operatora i zapewnia znaczn\u0105 si\u0142\u0119 pchania i ci\u0105gni\u0119cia podczas wykonywania ci\u0119\u017ckich i skomplikowanych zada\u0144.<\/li>\n<li><strong>Wszechstronne typy:<\/strong> Dost\u0119pne s\u0105 r\u00f3\u017cne konfiguracje, w tym cylindry jednostronnego dzia\u0142ania (si\u0142a hydrauliczna w jednym kierunku) i dwustronnego dzia\u0142ania (si\u0142a hydrauliczna w obu kierunkach). Niekt\u00f3re modele s\u0105 teleskopowe, co pozwala na wi\u0119ksze wysuni\u0119cie bez zwi\u0119kszania wymiar\u00f3w zewn\u0119trznych, co jest idealne w zastosowaniach o ograniczonej przestrzeni.<\/li>\n<li><strong>Produkcja niestandardowa:<\/strong> Specjalizujemy si\u0119 w produkcji tego produktu i mo\u017cemy dostarczy\u0107 idealne zamienniki cylindr\u00f3w hydraulicznych, gwarantuj\u0105c kompatybilno\u015b\u0107 i wydajno\u015b\u0107.<\/li>\n<\/ul>\n<p><img decoding=\"async\" src=\"https:\/\/www.hydraulic-cylinders.net\/wp-content\/uploads\/2025\/04\/songte-cylinder-head-with-all-kinds-excavator-models.webp\" alt=\"Modele koparek\"><\/p>\n<h2>Zastosowania cylindra wysi\u0119gnika<\/h2>\n<h3>Sprz\u0119t budowlany<\/h3>\n<p>W koparkach si\u0142owniki wysi\u0119gnika s\u0105 niezb\u0119dne do kopania, za\u0142adunku i przemieszczania ziemi lub gruzu. Ich mo\u017cliwo\u015b\u0107 wysuwania i wsuwania umo\u017cliwia wykonywanie g\u0142\u0119bokich wykop\u00f3w i sprawn\u0105 obs\u0142ug\u0119 \u0142adunku. Kontrolowany ruch zapewnia precyzj\u0119 podczas pracy, co czyni je niezast\u0105pionymi w projektach budowlanych.<\/p>\n<h3>Maszyny rolnicze<\/h3>\n<p>Stosowane w \u0142adowarkach czo\u0142owych si\u0142owniki wysi\u0119gnika u\u0142atwiaj\u0105 podnoszenie, nabieranie i transport ziemi, siana i innych materia\u0142\u00f3w. Ich solidna konstrukcja pozwala na efektywn\u0105 prac\u0119 w warunkach rolniczych, zapewniaj\u0105c niezb\u0119dn\u0105 moc do wykonywania ci\u0119\u017ckich zada\u0144 zwi\u0105zanych z podnoszeniem.<\/p>\n<h3>Koparki<\/h3>\n<p>Si\u0142ownik wysi\u0119gnika umo\u017cliwia zag\u0142\u0119bianie si\u0119 \u0142y\u017cki w gleb\u0119, co usprawnia kopanie. Ta funkcja jest kluczowa przy wykopywaniu fundament\u00f3w, wykop\u00f3w i pracach ziemnych, co pokazuje znaczenie si\u0142ownika w zastosowaniach rolniczych i budowlanych.<\/p>\n<h3>\u0141adowarki<\/h3>\n<p>W \u0142adowarkach czo\u0142owych si\u0142owniki wysi\u0119gnika wspomagaj\u0105 wydajne podnoszenie i opr\u00f3\u017cnianie \u0142adunk\u00f3w. Ich konstrukcja zapewnia \u0142atwo\u015b\u0107 manewrowania ci\u0119\u017ckimi \u0142adunkami, optymalizuj\u0105c wydajno\u015b\u0107 na placach budowy.<\/p>\n<h2>Zagadnienia projektowe i kryteria wyboru<\/h2>\n<h3>No\u015bno\u015b\u0107<\/h3>\n<p>Przy wyborze si\u0142ownika wysi\u0119gnika kluczowe znaczenie ma zrozumienie jego ud\u017awigu. Si\u0142ownik musi wytrzyma\u0107 maksymalne obci\u0105\u017cenie maszyny, zachowuj\u0105c jednocze\u015bnie niezawodno\u015b\u0107 i bezpiecze\u0144stwo. Ud\u017awig zale\u017cy od zastosowanego materia\u0142u, \u015brednicy si\u0142ownika i jego konstrukcji. Wyb\u00f3r odpowiedniego ud\u017awigu pozwala unikn\u0105\u0107 potencjalnych awarii podczas pracy, zapewniaj\u0105c bezpiecze\u0144stwo i skuteczno\u015b\u0107.<\/p>\n<h3>Technologia uszczelniania<\/h3>\n<p>Skuteczne uszczelnienie jest niezb\u0119dne do utrzymania ci\u015bnienia hydraulicznego i zapobiegania wyciekom. Uszczelki musz\u0105 wytrzymywa\u0107 wysokie ci\u015bnienia i by\u0107 odporne na zu\u017cycie. Materia\u0142y takie jak poliuretan i kauczuk nitrylowy s\u0105 powszechnie stosowane ze wzgl\u0119du na swoj\u0105 trwa\u0142o\u015b\u0107. Prawid\u0142owy dob\u00f3r uszczelek mo\u017ce znacz\u0105co wp\u0142yn\u0105\u0107 na \u017cywotno\u015b\u0107 i wydajno\u015b\u0107 uk\u0142adu hydraulicznego.<\/p>\n<h3>Trwa\u0142o\u015b\u0107<\/h3>\n<p>Na trwa\u0142o\u015b\u0107 si\u0142ownika wysi\u0119gnika wp\u0142ywa jego sk\u0142ad materia\u0142owy i konstrukcja. Wysokiej jako\u015bci materia\u0142y zapewniaj\u0105 odporno\u015b\u0107 na zu\u017cycie, a odpowiednia obr\u00f3bka powierzchni chroni przed korozj\u0105. Regularna ocena stanu si\u0142ownika mo\u017ce pom\u00f3c w identyfikacji oznak zu\u017cycia i umo\u017cliwi\u0107 terminow\u0105 konserwacj\u0119, wyd\u0142u\u017caj\u0105c jego \u017cywotno\u015b\u0107.<\/p>\n<h3>Funkcje bezpiecze\u0144stwa<\/h3>\n<p>Bezpiecze\u0144stwo jest najwa\u017cniejsze podczas obs\u0142ugi uk\u0142ad\u00f3w hydraulicznych. Si\u0142owniki wysi\u0119gnika powinny by\u0107 wyposa\u017cone w takie elementy, jak zawory bezpiecze\u0144stwa i blokady bezpiecze\u0144stwa, aby zapobiega\u0107 wypadkom. Funkcje te zwi\u0119kszaj\u0105 bezpiecze\u0144stwo pracy ci\u0119\u017ckiego sprz\u0119tu, zmniejszaj\u0105c ryzyko awarii uk\u0142adu hydraulicznego.<\/p>\n<h3>Konserwacja i naprawa<\/h3>\n<p>Dobrze zaprojektowany si\u0142ownik wysi\u0119gnika powinien umo\u017cliwia\u0107 \u0142atw\u0105 konserwacj\u0119 i napraw\u0119. Projekt powinien uwzgl\u0119dnia\u0107 dost\u0119pno\u015b\u0107 cz\u0119\u015bci do serwisowania, kompatybilno\u015b\u0107 ze standardowymi narz\u0119dziami konserwacyjnymi oraz proste procedury wymiany uszczelnie\u0144 i podzespo\u0142\u00f3w. Regularne kontrole serwisowe s\u0105 kluczowe dla zapewnienia bezpiecze\u0144stwa i wydajno\u015bci.<\/p>\n<p><img decoding=\"async\" src=\"https:\/\/www.hydraulic-cylinders.net\/wp-content\/uploads\/2025\/04\/songte-oil-pipes-and-spare-parts.webp\" alt=\"Cz\u0119\u015bci hydrauliczne\"><\/p>\n<h2>Uszczelnianie i smarowanie<\/h2>\n<p>Skuteczne uszczelnienie i smarowanie si\u0142ownik\u00f3w wysi\u0119gnika ma kluczowe znaczenie dla optymalnej wydajno\u015bci. Zastosowanie r\u00f3\u017cnych element\u00f3w uszczelniaj\u0105cych, takich jak uszczelnienia t\u0142oczysk i t\u0142oczysk, jest kluczowe. Uszczelnienia wykonane z materia\u0142\u00f3w odpornych na zu\u017cycie, takich jak poliuretan i kauczuk nitrylowy, zapewniaj\u0105 doskona\u0142\u0105 trwa\u0142o\u015b\u0107. Korpus si\u0142ownika i gwintowane powierzchnie ko\u0144cowe powinny by\u0107 precyzyjnie obrobione, aby zwi\u0119kszy\u0107 odporno\u015b\u0107 na zu\u017cycie. Regularne uzupe\u0142nianie oleju hydraulicznego jest niezb\u0119dne do smarowania, zapewniaj\u0105c p\u0142ynn\u0105 prac\u0119 i zapobiegaj\u0105c przedwczesnemu zu\u017cyciu.<\/p>\n<h2>\u015arodki konserwacji zapobiegawczej<\/h2>\n<ul>\n<li><strong>Regularne kontrole:<\/strong> Przeprowadzanie rutynowych kontroli pomaga zidentyfikowa\u0107 potencjalne problemy, zanim si\u0119 nasil\u0105. Sprawd\u017a, czy nie ma wyciek\u00f3w, p\u0119kni\u0119\u0107 i \u015blad\u00f3w zu\u017cycia, szybko rozwi\u0105zuj\u0105c wszelkie problemy, aby utrzyma\u0107 funkcjonalno\u015b\u0107.<\/li>\n<li><strong>Prawid\u0142owe smarowanie:<\/strong> Upewnij si\u0119, \u017ce olej hydrauliczny jest na odpowiednim poziomie i wysokiej jako\u015bci. Regularne smarowanie zmniejsza tarcie i wyd\u0142u\u017ca \u017cywotno\u015b\u0107 podzespo\u0142\u00f3w hydraulicznych.<\/li>\n<li><strong>Wymiana uszczelki:<\/strong> Uszczelki nale\u017cy regularnie sprawdza\u0107 i w razie potrzeby wymienia\u0107. Zu\u017cyte lub uszkodzone uszczelki mog\u0105 prowadzi\u0107 do wyciek\u00f3w, co negatywnie wp\u0142ywa na wydajno\u015b\u0107 uk\u0142adu hydraulicznego.<\/li>\n<\/ul>\n<h2>Wytyczne dotycz\u0105ce instalacji<\/h2>\n<p>Prawid\u0142owy monta\u017c si\u0142ownika wysi\u0119gnika ma kluczowe znaczenie dla zapewnienia jego skuteczno\u015bci i trwa\u0142o\u015bci. Rozpocznij od starannego wyr\u00f3wnania si\u0142ownika z punktami mocowania maszyny. U\u017cyj odpowiednich wspornik\u00f3w monta\u017cowych, aby zabezpieczy\u0107 si\u0142ownik na miejscu, upewniaj\u0105c si\u0119, \u017ce jest on prawid\u0142owo wyr\u00f3wnany, co pozwoli unikn\u0105\u0107 nadmiernych napr\u0119\u017ce\u0144 podczas pracy. Po zabezpieczeniu si\u0142ownika pod\u0142\u0105cz przewody hydrauliczne, upewniaj\u0105c si\u0119, \u017ce wszystkie z\u0142\u0105cza s\u0105 szczelne i szczelne. Przed oddaniem maszyny do eksploatacji sprawd\u017a szczelno\u015b\u0107 uk\u0142adu i jego prawid\u0142owe dzia\u0142anie, post\u0119puj\u0105c zgodnie z instrukcjami producenta, aby uzyska\u0107 optymalne rezultaty.<\/p>\n<h2>Typowe zadania konserwacyjne<\/h2>\n<ul>\n<li><strong>Regularne kontrole:<\/strong> Regularnie sprawdzaj si\u0142ownik wysi\u0119gnika pod k\u0105tem oznak zu\u017cycia lub uszkodze\u0144. Wczesne wykrycie problem\u00f3w pozwala na terminowe naprawy, minimalizuj\u0105c przestoje i potencjalne zagro\u017cenia.<\/li>\n<li><strong>Prawid\u0142owe smarowanie:<\/strong> Utrzymanie odpowiedniego smarowania jest kluczowe dla zapobiegania nadmiernemu zu\u017cyciu. Regularnie sprawdzaj i uzupe\u0142niaj olej hydrauliczny w razie potrzeby, aby zapewni\u0107 p\u0142ynn\u0105 prac\u0119.<\/li>\n<li><strong>Wymiana uszczelki:<\/strong> Regularnie sprawdzaj uszczelki pod k\u0105tem uszkodze\u0144 lub zu\u017cycia. Ich szybka wymiana pomaga utrzyma\u0107 ci\u015bnienie hydrauliczne i zapobiega wyciekom, zapewniaj\u0105c prawid\u0142owe dzia\u0142anie uk\u0142adu.<\/li>\n<\/ul>\n<h2>Zagadnienia bezpiecze\u0144stwa i czynniki \u015brodowiskowe<\/h2>\n<p>Podczas u\u017cytkowania si\u0142ownik\u00f3w wysi\u0119gnika, przestrzeganie protoko\u0142\u00f3w bezpiecze\u0144stwa jest kluczowe. Operatorzy powinni by\u0107 przeszkoleni w zakresie rozpoznawania potencjalnych zagro\u017ce\u0144 zwi\u0105zanych z uk\u0142adami hydraulicznymi, w tym ryzyka wycieku p\u0142ynu hydraulicznego i awarii si\u0142ownika. Wdro\u017cenie \u015brodk\u00f3w bezpiecze\u0144stwa, takich jak stosowanie \u015brodk\u00f3w ochrony indywidualnej i regularne audyty bezpiecze\u0144stwa, minimalizuje ryzyko. Ponadto, uwzgl\u0119dnienie czynnik\u00f3w \u015brodowiskowych podczas obs\u0142ugi uk\u0142ad\u00f3w hydraulicznych mo\u017ce pom\u00f3c zapobiec degradacji \u015brodowiska spowodowanej wyciekami lub rozlaniem.<\/p>\n<h2>Diagnostyka usterek i typowe problemy<\/h2>\n<ul>\n<li><strong>Wycieki p\u0142ynu hydraulicznego:<\/strong> Wycieki mog\u0105 by\u0107 spowodowane zu\u017cytymi uszczelkami lub lu\u017anymi po\u0142\u0105czeniami. Nale\u017cy przeprowadza\u0107 regularne kontrole, aby wcze\u015bnie wykry\u0107 wycieki i szybko je usun\u0105\u0107.<\/li>\n<li><strong>Powolny lub nieregularny ruch:<\/strong> Mo\u017ce to wskazywa\u0107 na niski poziom p\u0142ynu hydraulicznego lub zapowietrzenie uk\u0142adu hydraulicznego. Sprawd\u017a poziom p\u0142ynu i w razie potrzeby odpowietrz uk\u0142ad.<\/li>\n<li><strong>Nadmierny ha\u0142as:<\/strong> Nietypowe d\u017awi\u0119ki podczas pracy mog\u0105 sugerowa\u0107 problemy mechaniczne. Zbadaj \u017ar\u00f3d\u0142o ha\u0142asu i natychmiast zajmij si\u0119 wszelkimi usterkami mechanicznymi.<\/li>\n<\/ul>\n<h2>Wskaz\u00f3wki dotycz\u0105ce rozwi\u0105zywania problem\u00f3w<\/h2>\n<p>Aby skutecznie rozwi\u0105za\u0107 problemy z si\u0142ownikiem wysi\u0119gnika, nale\u017cy zacz\u0105\u0107 od dok\u0142adnego zidentyfikowania problemu. W przypadku wyciek\u00f3w p\u0142ynu hydraulicznego nale\u017cy sprawdzi\u0107 uszczelki i po\u0142\u0105czenia, dokr\u0119caj\u0105c wszelkie lu\u017ane elementy. Je\u015bli ruch jest powolny lub nieregularny, nale\u017cy sprawdzi\u0107 poziom p\u0142ynu hydraulicznego i odpowietrzy\u0107 uk\u0142ad, aby usun\u0105\u0107 uwi\u0119zione powietrze. W przypadku nadmiernego ha\u0142asu nale\u017cy sprawdzi\u0107 si\u0142ownik pod k\u0105tem zu\u017cycia mechanicznego lub uszkodze\u0144. Wdro\u017cenie \u015brodk\u00f3w zapobiegawczych, takich jak regularna konserwacja i przegl\u0105dy, mo\u017ce znacznie ograniczy\u0107 wyst\u0119powanie tych problem\u00f3w.<\/p>\n<p><img decoding=\"async\" src=\"https:\/\/www.hydraulic-cylinders.net\/wp-content\/uploads\/2025\/04\/songte-bushings-with-all-kinds-of-excavator-models.webp\" alt=\"Tuleje koparki\"><\/p>\n<h2>O naszej firmie<\/h2>\n<p>Jeste\u015bmy wiod\u0105cym producentem i hurtowym dystrybutorem si\u0142ownik\u00f3w hydraulicznych, znanym z bogatego asortymentu produkt\u00f3w i dba\u0142o\u015bci o jako\u015b\u0107. Nasza firma realizuje strategi\u0119 doskona\u0142o\u015bci w produkcji, wspieran\u0105 przez udoskonalone podej\u015bcie do zarz\u0105dzania produkcj\u0105. Wykorzystuj\u0105c wykwalifikowany personel techniczny, zaawansowany sprz\u0119t do produkcji cyfrowej oraz profesjonalny system testowania, stale udoskonalamy nasz\u0105 platform\u0119 produkcyjn\u0105 i zapewniamy wysok\u0105 jako\u015b\u0107 produkcji.<\/p>\n<p><img decoding=\"async\" src=\"https:\/\/www.hydraulic-cylinders.net\/wp-content\/uploads\/2025\/04\/songte-company-4.webp\" alt=\"Obraz firmy 4\"><br \/>\n<img decoding=\"async\" src=\"https:\/\/www.hydraulic-cylinders.net\/wp-content\/uploads\/2025\/04\/songte-company-3.webp\" alt=\"Obraz firmy 3\"><\/p>\n<h3>Ekspertyza profesjonalna<\/h3>\n<p>Nasz zesp\u00f3\u0142 sk\u0142ada si\u0119 z ekspert\u00f3w w dziedzinie technologii hydraulicznej, co gwarantuje, \u017ce nasze produkty spe\u0142niaj\u0105 mi\u0119dzynarodowe standardy. Oferujemy rozwi\u0105zania dostosowane do indywidualnych potrzeb naszych klient\u00f3w.<\/p>\n<h3>Certyfikaty mi\u0119dzynarodowe<\/h3>\n<p>Nasze produkty posiadaj\u0105 certyfikaty potwierdzaj\u0105ce zgodno\u015b\u0107 z mi\u0119dzynarodowymi normami jako\u015bci, co daje naszym klientom pewno\u015b\u0107 niezawodno\u015bci i bezpiecze\u0144stwa naszych cylindr\u00f3w hydraulicznych.<\/p>\n<h3>Us\u0142ugi niestandardowe<\/h3>\n<p>Oferujemy us\u0142ugi dostosowane do indywidualnych potrzeb, gwarantuj\u0105c naszym klientom produkty idealnie dostosowane do ich zastosowa\u0144.<\/p>\n<h3>Sprz\u0119t produkcyjny<\/h3>\n<p>Dzi\u0119ki najnowocze\u015bniejszemu sprz\u0119towi produkcyjnemu jeste\u015bmy w stanie wytwarza\u0107 wysokiej jako\u015bci cylindry hydrauliczne z precyzj\u0105 i wydajno\u015bci\u0105.<\/p>\n<h3>Wsparcie posprzeda\u017cowe<\/h3>\n<p>Jeste\u015bmy dumni z naszej wyj\u0105tkowej obs\u0142ugi posprzeda\u017cowej, zapewniaj\u0105c wsparcie naszym klientom przez ca\u0142y okres u\u017cytkowania naszych produkt\u00f3w, co przek\u0142ada si\u0119 na ich zadowolenie.<\/p>\n<p>Autor: lyl<\/p>","protected":false},"excerpt":{"rendered":"<p>Boom Cylinder For Dasin DS50-7 Product Overview The boom cylinder, specifically designed for the Dasin DS50-7, is an essential component in hydraulic systems, primarily utilized in heavy machinery. This type of hydraulic cylinder plays a pivotal role in controlling the movement of a bucket, which is critical for various applications such as excavation, loading, and [&hellip;]<\/p>","protected":false},"featured_media":17880,"comment_status":"open","ping_status":"closed","template":"","meta":{"_et_pb_use_builder":"","_et_pb_old_content":"","_et_gb_content_width":""},"product_brand":[],"product_cat":[1546],"product_tag":[1547,1496],"class_list":{"0":"post-19692","1":"product","2":"type-product","3":"status-publish","4":"has-post-thumbnail","6":"product_cat-boom-cylinders","7":"product_tag-boom-cylinders","8":"product_tag-hydraulic-cylinders","10":"first","11":"instock","12":"shipping-taxable","13":"product-type-simple"},"amp_enabled":true,"_links":{"self":[{"href":"https:\/\/www.hydraulic-cylinders.net\/pl\/wp-json\/wp\/v2\/product\/19692","targetHints":{"allow":["GET"]}}],"collection":[{"href":"https:\/\/www.hydraulic-cylinders.net\/pl\/wp-json\/wp\/v2\/product"}],"about":[{"href":"https:\/\/www.hydraulic-cylinders.net\/pl\/wp-json\/wp\/v2\/types\/product"}],"replies":[{"embeddable":true,"href":"https:\/\/www.hydraulic-cylinders.net\/pl\/wp-json\/wp\/v2\/comments?post=19692"}],"wp:featuredmedia":[{"embeddable":true,"href":"https:\/\/www.hydraulic-cylinders.net\/pl\/wp-json\/wp\/v2\/media\/17880"}],"wp:attachment":[{"href":"https:\/\/www.hydraulic-cylinders.net\/pl\/wp-json\/wp\/v2\/media?parent=19692"}],"wp:term":[{"taxonomy":"product_brand","embeddable":true,"href":"https:\/\/www.hydraulic-cylinders.net\/pl\/wp-json\/wp\/v2\/product_brand?post=19692"},{"taxonomy":"product_cat","embeddable":true,"href":"https:\/\/www.hydraulic-cylinders.net\/pl\/wp-json\/wp\/v2\/product_cat?post=19692"},{"taxonomy":"product_tag","embeddable":true,"href":"https:\/\/www.hydraulic-cylinders.net\/pl\/wp-json\/wp\/v2\/product_tag?post=19692"}],"curies":[{"name":"wp","href":"https:\/\/api.w.org\/{rel}","templated":true}]}}