{"id":19699,"date":"2025-04-07T07:02:28","date_gmt":"2025-04-07T07:02:28","guid":{"rendered":"https:\/\/www.hydraulic-cylinders.net\/product\/boom-cylinder-for-sinomach-zg3065-9b\/"},"modified":"2025-04-07T07:02:31","modified_gmt":"2025-04-07T07:02:31","slug":"boom-cylinder-for-sinomach-zg3065-9b","status":"publish","type":"product","link":"https:\/\/www.hydraulic-cylinders.net\/pl\/produkt\/boom-cylinder-for-sinomach-zg3065-9b\/","title":{"rendered":"Si\u0142ownik wysi\u0119gnika do Sinomach ZG3065-9B"},"content":{"rendered":"<h1>Si\u0142ownik wysi\u0119gnika do Sinomach ZG3065-9B<\/h1>\n<h2>Definicja i przegl\u0105d cylindra kube\u0142kowego<\/h2>\n<p>Si\u0142ownik wysi\u0119gnika, powszechnie nazywany si\u0142ownikiem \u0142y\u017cki, jest kluczowym elementem uk\u0142ad\u00f3w hydraulicznych, zaprojektowanym specjalnie do sterowania ruchem \u0142y\u017cek w r\u00f3\u017cnych maszynach ci\u0119\u017ckich, takich jak koparki, koparko-\u0142adowarki i \u0142adowarki czo\u0142owe. Ten si\u0142ownik hydrauliczny umo\u017cliwia podnoszenie, opuszczanie i przechylanie \u0142y\u017cki, u\u0142atwiaj\u0105c wydajne zadania zwi\u0105zane z prze\u0142adunkiem materia\u0142\u00f3w. Funkcjonalno\u015b\u0107 si\u0142ownika wysi\u0119gnika jest niezb\u0119dna do obs\u0142ugi ci\u0119\u017ckiego sprz\u0119tu, poniewa\u017c wykorzystuje ci\u015bnienie hydrauliczne, aby zapewni\u0107 si\u0142\u0119 niezb\u0119dn\u0105 do precyzyjnego przemieszczania du\u017cych \u0142adunk\u00f3w.<\/p>\n<p>W uk\u0142adach hydraulicznych si\u0142ownik wysi\u0119gnika odgrywa kluczow\u0105 rol\u0119, przekszta\u0142caj\u0105c energi\u0119 hydrauliczn\u0105 w energi\u0119 mechaniczn\u0105, umo\u017cliwiaj\u0105c operatorom \u0142atwe wykonywanie skomplikowanych zada\u0144. Si\u0142ownik ten zosta\u0142 zaprojektowany tak, aby wytrzymywa\u0142 wysokie ci\u015bnienia i du\u017ce obci\u0105\u017cenia, zapewniaj\u0105c trwa\u0142o\u015b\u0107 i niezawodno\u015b\u0107 w wymagaj\u0105cych warunkach. Jego konstrukcja zapewnia odporno\u015b\u0107 na zu\u017cycie i korozj\u0119, co wyd\u0142u\u017ca \u017cywotno\u015b\u0107 produktu i utrzymuje optymaln\u0105 wydajno\u015b\u0107 nawet w trudnych warunkach.<\/p>\n<p><img decoding=\"async\" src=\"https:\/\/www.hydraulic-cylinders.net\/wp-content\/uploads\/2025\/04\/songte-company-1.webp\" alt=\"Si\u0142ownik wysi\u0119gnika do Sinomach ZG3065-9B\"><\/p>\n<h2>Cechy cylindra wysi\u0119gnika<\/h2>\n<ul>\n<li>\n<h3>Wysoka wytrzyma\u0142o\u015b\u0107 i trwa\u0142o\u015b\u0107<\/h3>\n<p>Wykonany zazwyczaj z wysokowytrzyma\u0142ej stali lub aluminium, ten cylinder wytrzymuje wysokie ci\u015bnienia i du\u017ce obci\u0105\u017cenia, dzi\u0119ki czemu nadaje si\u0119 do pracy w trudnych warunkach. Jego konstrukcja zapewnia odporno\u015b\u0107 na zu\u017cycie i korozj\u0119, co wyd\u0142u\u017ca jego \u017cywotno\u015b\u0107.<\/li>\n<li>\n<h3>Wydajna praca hydrauliczna<\/h3>\n<p>Si\u0142ownik wysi\u0119gnika wykorzystuje ci\u015bnienie oleju hydraulicznego do p\u0142ynnego wysuwania i wsuwania, co pozwala na szybk\u0105 reakcj\u0119 na polecenia operatora i zapewnia du\u017c\u0105 si\u0142\u0119 pchania i ci\u0105gni\u0119cia, idealn\u0105 do wykonywania ci\u0119\u017ckich i skomplikowanych zada\u0144.<\/li>\n<li>\n<h3>R\u00f3\u017cne typy<\/h3>\n<p>Dost\u0119pne w konfiguracjach jednostronnego dzia\u0142ania (dzia\u0142aj\u0105cych w jednym kierunku) i dwustronnego dzia\u0142ania (dzia\u0142aj\u0105cych w obu kierunkach), aby sprosta\u0107 r\u00f3\u017cnym potrzebom operacyjnym. Niekt\u00f3re modele s\u0105 teleskopowe, co umo\u017cliwia wi\u0119ksze wysuni\u0119cie bez zwi\u0119kszania wymiar\u00f3w zewn\u0119trznych, i nadaj\u0105 si\u0119 do zastosowa\u0144 w ograniczonej przestrzeni.<\/li>\n<li>\n<h3>Zaawansowany projekt<\/h3>\n<p>Zaprojektowany z precyzj\u0105, aby zagwarantowa\u0107 optymaln\u0105 wydajno\u015b\u0107 i niezawodno\u015b\u0107, si\u0142ownik wysi\u0119gnika jest produkowany w ramach rygorystycznych proces\u00f3w kontroli jako\u015bci, aby spe\u0142nia\u0107 standardy bran\u017cowe.<\/li>\n<li>\n<h3>Kompleksowe opcje wymiany<\/h3>\n<p>Nasze produkty mog\u0105 doskonale zast\u0105pi\u0107 istniej\u0105ce si\u0142owniki hydrauliczne, zapewniaj\u0105c kompatybilno\u015b\u0107 i sp\u00f3jno\u015b\u0107 dzia\u0142ania Twoich maszyn.<\/h3>\n<\/li>\n<\/ul>\n<p><img decoding=\"async\" src=\"https:\/\/www.hydraulic-cylinders.net\/wp-content\/uploads\/2025\/04\/songte-cylinder-head-with-all-kinds-excavator-models.webp\" alt=\"Opcje wymiany si\u0142ownika wysi\u0119gnika\"><\/p>\n<h2>Zastosowania cylindra wysi\u0119gnika<\/h2>\n<h3>Sprz\u0119t budowlany<\/h3>\n<p>W koparkach si\u0142owniki wysi\u0119gnika s\u0105 niezb\u0119dne do kopania, za\u0142adunku i przemieszczania ziemi lub gruzu. Zapewniaj\u0105 one niezb\u0119dn\u0105 si\u0142\u0119 hydrauliczn\u0105, umo\u017cliwiaj\u0105c \u0142y\u017cce skuteczne zag\u0142\u0119bianie si\u0119 w grunt. W koparko-\u0142adowarkach si\u0142owniki te wspomagaj\u0105 nie tylko wykopy, ale tak\u017ce operacje podnoszenia, co czyni je wszechstronnymi narz\u0119dziami w projektach budowlanych.<\/p>\n<h3>Maszyny rolnicze<\/h3>\n<p>W \u0142adowarkach czo\u0142owych si\u0142owniki wysi\u0119gnika odgrywaj\u0105 kluczow\u0105 rol\u0119 w nabieraniu, podnoszeniu i transporcie gleby, siana i innych materia\u0142\u00f3w. Zwi\u0119kszaj\u0105 one mo\u017cliwo\u015bci \u0142adowarki w zakresie efektywnego wykonywania r\u00f3\u017cnych zada\u0144 rolniczych, takich jak przenoszenie paszy, usuwanie zanieczyszcze\u0144 czy wyr\u00f3wnywanie terenu.<\/p>\n<h3>Koparki<\/h3>\n<p>W koparkach si\u0142ownik wysi\u0119gnika umo\u017cliwia \u0142y\u017cce zag\u0142\u0119bianie si\u0119 w gleb\u0119, umo\u017cliwiaj\u0105c wydajne kopanie. Ta funkcjonalno\u015b\u0107 jest kluczowa w projektach budowlanych i ogrodniczych, gdzie precyzyjne wykopy s\u0105 niezb\u0119dne dla zapewnienia integralno\u015bci projektu.<\/p>\n<h3>\u0141adowarki<\/h3>\n<p>W \u0142adowarkach czo\u0142owych si\u0142owniki wysi\u0119gnika wspomagaj\u0105 efektywne podnoszenie i zrzucanie \u0142adunk\u00f3w. S\u0105 one zaprojektowane do obs\u0142ugi r\u00f3\u017cnych rodzaj\u00f3w materia\u0142\u00f3w, zapewniaj\u0105c niezb\u0119dn\u0105 si\u0142\u0119 do obs\u0142ugi ci\u0119\u017ckich \u0142adunk\u00f3w w zastosowaniach od budownictwa po gospodark\u0119 odpadami.<\/p>\n<h2>Zagadnienia projektowe i kryteria wyboru<\/h2>\n<h3>No\u015bno\u015b\u0107<\/h3>\n<p>No\u015bno\u015b\u0107 si\u0142ownika wysi\u0119gnika ma kluczowe znaczenie dla zapewnienia, \u017ce \u200b\u200bwytrzyma on ci\u0119\u017car i ci\u015bnienie wywierane podczas pracy. In\u017cynierowie musz\u0105 uwzgl\u0119dni\u0107 maksymalny ci\u0119\u017car, jaki si\u0142ownik b\u0119dzie m\u00f3g\u0142 unie\u015b\u0107, i odpowiednio go zaprojektowa\u0107, aby zapobiec awarii pod du\u017cym obci\u0105\u017ceniem.<\/p>\n<h3>Integralno\u015b\u0107 uszczelnienia<\/h3>\n<p>Skuteczne uszczelnienie jest kluczowe, aby zapobiec wyciekom p\u0142ynu hydraulicznego, kt\u00f3re mog\u0105 negatywnie wp\u0142yn\u0105\u0107 na wydajno\u015b\u0107 cylindra. Zastosowanie wysokiej jako\u015bci uszczelnie\u0144, takich jak uszczelki t\u0142oka i t\u0142oczyska wykonane z trwa\u0142ych materia\u0142\u00f3w, zapewnia d\u0142ugowieczno\u015b\u0107 i niezawodno\u015b\u0107 w uk\u0142adach hydraulicznych.<\/p>\n<h3>Trwa\u0142o\u015b\u0107 i odporno\u015b\u0107 na zu\u017cycie<\/h3>\n<p>Materia\u0142y u\u017cywane do produkcji si\u0142ownik\u00f3w wysi\u0119gnika musz\u0105 by\u0107 odporne na zu\u017cycie. Cz\u0119ste u\u017cytkowanie w trudnych warunkach wymaga solidnej konstrukcji, odpornej na \u015bcieranie i d\u0142ugotrwa\u0142e dzia\u0142anie niekorzystnych czynnik\u00f3w.<\/p>\n<h3>Funkcje bezpiecze\u0144stwa<\/h3>\n<p>Projektowanie si\u0142ownik\u00f3w wysi\u0119gnika z zabezpieczeniami, takimi jak zawory bezpiecze\u0144stwa, gwarantuje, \u017ce si\u0142ownik dzia\u0142a w bezpiecznych granicach. Minimalizuje to ryzyko wypadk\u00f3w i zwi\u0119ksza og\u00f3lne bezpiecze\u0144stwo maszyn, w kt\u00f3rych jest zainstalowany.<\/p>\n<h3>Dost\u0119pno\u015b\u0107 konserwacyjna<\/h3>\n<p>Uwzgl\u0119dnienie dost\u0119pno\u015bci serwisowej jest kluczowe ju\u017c na etapie projektowania. Komponenty powinny by\u0107 rozmieszczone w spos\u00f3b umo\u017cliwiaj\u0105cy \u0142atwy dost\u0119p w celu przeprowadzenia inspekcji, napraw i wymian, co pozwoli na sprawne i efektywne wykonywanie zada\u0144 konserwacyjnych.<\/p>\n<p><img decoding=\"async\" src=\"https:\/\/www.hydraulic-cylinders.net\/wp-content\/uploads\/2025\/04\/songte-oil-pipes-and-spare-parts.webp\" alt=\"Rozwa\u017cania dotycz\u0105ce konstrukcji cylindra wysi\u0119gnika\"><\/p>\n<h2>Uszczelnianie i smarowanie<\/h2>\n<p>Skuteczne uszczelnienie uzyskuje si\u0119 dzi\u0119ki zastosowaniu r\u00f3\u017cnych element\u00f3w uszczelniaj\u0105cych, takich jak uszczelki t\u0142okowe i t\u0142oczyskowe, kt\u00f3re s\u0105 niezb\u0119dne do utrzymania ci\u015bnienia hydraulicznego. Wyb\u00f3r uszczelek wykonanych z trwa\u0142ych materia\u0142\u00f3w, takich jak poliuretan i kauczuk nitrylowy, zwi\u0119ksza odporno\u015b\u0107 na zu\u017cycie i wyd\u0142u\u017ca \u017cywotno\u015b\u0107. Korpus cylindra i gwintowane powierzchnie ko\u0144cowe s\u0105 poddawane precyzyjnej obr\u00f3bce mechanicznej, co zwi\u0119ksza ich odporno\u015b\u0107 na zu\u017cycie.<\/p>\n<p>Regularne smarowanie olejem hydraulicznym jest niezb\u0119dne dla p\u0142ynnej pracy si\u0142ownika wysi\u0119gnika. Nale\u017cy okresowo wstrzykiwa\u0107 odpowiedni\u0105 ilo\u015b\u0107 p\u0142ynu hydraulicznego, aby zapewni\u0107 smarowanie wszystkich ruchomych cz\u0119\u015bci, zmniejszaj\u0105c tarcie i zapobiegaj\u0105c przedwczesnemu zu\u017cyciu.<\/p>\n<h2>\u015arodki konserwacji zapobiegawczej<\/h2>\n<ul>\n<li>\n<h3>Regularne kontrole<\/h3>\n<p>Regularne kontrole si\u0142ownika wysi\u0119gnika pomagaj\u0105 zidentyfikowa\u0107 potencjalne problemy, zanim si\u0119 nasil\u0105. Obejmuje to sprawdzenie szczelno\u015bci, nieprawid\u0142owego zu\u017cycia i wydajno\u015bci operacyjnej.<\/h3>\n<\/li>\n<li>\n<h3>Prawid\u0142owe smarowanie<\/h3>\n<p>Aby zachowa\u0107 p\u0142ynn\u0105 prac\u0119 i wyd\u0142u\u017cy\u0107 \u017cywotno\u015b\u0107 podzespo\u0142u, konieczne jest odpowiednie smarowanie cylindra w\u0142a\u015bciwym rodzajem oleju hydraulicznego.<\/h3>\n<\/li>\n<li>\n<h3>Wymiana uszczelki<\/h3>\n<p>Z biegiem czasu uszczelki mog\u0105 ulec degradacji i wymaga\u0107 wymiany. Regularne kontrole i terminowa wymiana mog\u0105 zapobiec wyciekom i utrzyma\u0107 wydajno\u015b\u0107.<\/h3>\n<\/li>\n<\/ul>\n<h2>Wytyczne dotycz\u0105ce instalacji<\/h2>\n<p>Prawid\u0142owy monta\u017c si\u0142ownika wysi\u0119gnika ma kluczowe znaczenie dla jego wydajno\u015bci. Zacznij od upewnienia si\u0119, \u017ce miejsce pracy jest czyste i wolne od zanieczyszcze\u0144. Dok\u0142adnie wyr\u00f3wnaj si\u0142ownik z punktami mocowania maszyny, aby zapobiec niewsp\u00f3\u0142osiowo\u015bci, kt\u00f3ra mo\u017ce prowadzi\u0107 do przedwczesnego zu\u017cycia. U\u017cyj odpowiednich wspornik\u00f3w monta\u017cowych, aby pewnie zamocowa\u0107 si\u0142ownik.<\/p>\n<p>Aby zapewni\u0107 bezpieczny monta\u017c, nale\u017cy przestrzega\u0107 zalece\u0144 producenta dotycz\u0105cych momentu obrotowego i rodzaj\u00f3w po\u0142\u0105cze\u0144. Po monta\u017cu nale\u017cy sprawdzi\u0107 wyr\u00f3wnanie i upewni\u0107 si\u0119, \u017ce wszystkie po\u0142\u0105czenia hydrauliczne s\u0105 szczelne. Uruchomi\u0107 maszyn\u0119 i przeprowadzi\u0107 jazd\u0119 pr\u00f3bn\u0105, aby upewni\u0107 si\u0119, \u017ce cylinder dzia\u0142a p\u0142ynnie i bez wyciek\u00f3w.<\/p>\n<h2>Typowe zadania konserwacyjne<\/h2>\n<ul>\n<li>\n<h3>Regularne kontrole<\/h3>\n<p>Regularne sprawdzanie si\u0142ownika wysi\u0119gnika pod k\u0105tem oznak zu\u017cycia, wyciek\u00f3w lub innych problem\u00f3w jest niezb\u0119dne dla zapewnienia ci\u0105g\u0142ej wydajno\u015bci. Wczesne wykrycie problem\u00f3w mo\u017ce zapobiec powa\u017cnym awariom i kosztownym naprawom.<\/h3>\n<\/li>\n<li>\n<h3>Odpowiednie smarowanie<\/h3>\n<p>Regularne smarowanie cylindra zalecanym olejem hydraulicznym jest niezb\u0119dne. Zmniejsza to tarcie i zu\u017cycie, przyczyniaj\u0105c si\u0119 do d\u0142u\u017cszej \u017cywotno\u015bci uk\u0142adu hydraulicznego.<\/h3>\n<\/li>\n<li>\n<h3>Wymiana i kalibracja uszczelek<\/h3>\n<p>W razie potrzeby sprawdzaj i wymieniaj uszczelki, aby zachowa\u0107 integralno\u015b\u0107 hydrauliczn\u0105. Regularne kontrole kalibracji zapewniaj\u0105, \u017ce si\u0142ownik dzia\u0142a w okre\u015blonych parametrach, co zwi\u0119ksza wydajno\u015b\u0107 i bezpiecze\u0144stwo.<\/h3>\n<\/li>\n<\/ul>\n<p><img decoding=\"async\" src=\"https:\/\/www.hydraulic-cylinders.net\/wp-content\/uploads\/2025\/04\/songte-chushion-collar.webp\" alt=\"Wytyczne dotycz\u0105ce monta\u017cu si\u0142ownika wysi\u0119gnika\"><\/p>\n<h2>Zagadnienia bezpiecze\u0144stwa i czynniki \u015brodowiskowe<\/h2>\n<p>Podczas u\u017cytkowania cylindr\u00f3w hydraulicznych \u015brodki bezpiecze\u0144stwa s\u0105 najwa\u017cniejsze. Operatorzy musz\u0105 by\u0107 przeszkoleni w zakresie prawid\u0142owej obs\u0142ugi sprz\u0119tu, dbaj\u0105c o przestrzeganie wszystkich protoko\u0142\u00f3w bezpiecze\u0144stwa. Noszenie odpowiedniego sprz\u0119tu ochrony osobistej (PPE) i przestrzeganie wytycznych operacyjnych mo\u017ce znacznie zmniejszy\u0107 ryzyko wypadk\u00f3w i uraz\u00f3w w miejscu pracy.<\/p>\n<h2>Rozwi\u0105zywanie problem\u00f3w i typowe problemy<\/h2>\n<ul>\n<li>\n<h3>Wycieki hydrauliczne<\/h3>\n<p>Wycieki mog\u0105 by\u0107 spowodowane zu\u017cytymi uszczelkami lub uszkodzonymi przewodami. Szybkie usuni\u0119cie wyciek\u00f3w jest kluczowe dla utrzymania wydajno\u015bci i zapobiegania dalszym uszkodzeniom.<\/h3>\n<\/li>\n<li>\n<h3>S\u0142aba wydajno\u015b\u0107<\/h3>\n<p>Je\u015bli si\u0142ownik nie reaguje zgodnie z oczekiwaniami, mo\u017ce to oznacza\u0107 zapowietrzenie uk\u0142adu hydraulicznego lub niski poziom p\u0142ynu hydraulicznego. Regularne kontrole mog\u0105 zapobiec temu problemowi.<\/h3>\n<\/li>\n<li>\n<h3>Nadmierne zu\u017cycie<\/h3>\n<p>Cz\u0119ste kontrole mog\u0105 ujawni\u0107 oznaki nadmiernego zu\u017cycia, co sk\u0142oni do przeprowadzenia terminowej konserwacji w celu ograniczenia dalszych uszkodze\u0144.<\/h3>\n<\/li>\n<\/ul>\n<p>Wdra\u017canie \u015brodk\u00f3w zapobiegawczych i przeprowadzanie regularnej konserwacji mo\u017ce pom\u00f3c zminimalizowa\u0107 potencjalne problemy, zapewniaj\u0105c wydajn\u0105 prac\u0119 si\u0142ownika wysi\u0119gnika.<\/p>\n<p><img decoding=\"async\" src=\"https:\/\/www.hydraulic-cylinders.net\/wp-content\/uploads\/2025\/04\/songte-bushings-with-all-kinds-of-excavator-models.webp\" alt=\"Rozwi\u0105zywanie problem\u00f3w z cylindrem wysi\u0119gnika\"><\/p>\n<h2>O naszej firmie<\/h2>\n<p>Jeste\u015bmy producentem specjalizuj\u0105cym si\u0119 w produkcji zamiennych cylindr\u00f3w hydraulicznych, oferuj\u0105cym szerok\u0105 gam\u0119 produkt\u00f3w. Jako jeden z wiod\u0105cych producent\u00f3w i hurtownik\u00f3w cylindr\u00f3w hydraulicznych na rynku krajowym i mi\u0119dzynarodowym, stawiamy na najwy\u017csz\u0105 jako\u015b\u0107. Nasza strategia zarz\u0105dzania produkcj\u0105 przemys\u0142ow\u0105 k\u0142adzie nacisk na precyzj\u0119 produkcji, wspieran\u0105 przez talent techniczny i wykorzystanie zaawansowanego, cyfrowego sprz\u0119tu produkcyjnego.<\/p>\n<p>Ci\u0105g\u0142e doskonalenie platform produkcyjnych i proces\u00f3w jako\u015bciowych odzwierciedla nasze silne zdolno\u015bci kreatywne, gwarantuj\u0105c, \u017ce spe\u0142niamy zr\u00f3\u017cnicowane potrzeby klient\u00f3w z wysok\u0105 wydajno\u015bci\u0105, dok\u0142adno\u015bci\u0105 i zasadami jako\u015bci. Nasza oferta obejmuje us\u0142ugi niestandardowe, profesjonalne certyfikaty oraz solidne wsparcie posprzeda\u017cowe, gwarantuj\u0105ce satysfakcj\u0119 klienta.<\/p>\n<p><img decoding=\"async\" src=\"https:\/\/www.hydraulic-cylinders.net\/wp-content\/uploads\/2025\/04\/songte-company-4.webp\" alt=\"Przegl\u0105d naszej firmy\"><br \/>\n<img decoding=\"async\" src=\"https:\/\/www.hydraulic-cylinders.net\/wp-content\/uploads\/2025\/04\/songte-company-3.webp\" alt=\"Nasze mo\u017cliwo\u015bci produkcyjne\"><\/p>\n<p>Autor: lyl<\/p>","protected":false},"excerpt":{"rendered":"<p>Boom Cylinder For Sinomach ZG3065-9B Definition and Overview of Bucket Cylinder The boom cylinder, commonly referred to as a bucket cylinder, is a critical component in hydraulic systems, specifically designed to control the movement of buckets in various heavy machinery such as excavators, backhoe loaders, and front loaders. This hydraulic cylinder enables the bucket to [&hellip;]<\/p>","protected":false},"featured_media":17872,"comment_status":"open","ping_status":"closed","template":"","meta":{"_et_pb_use_builder":"","_et_pb_old_content":"","_et_gb_content_width":""},"product_brand":[],"product_cat":[1546],"product_tag":[1547,1496],"class_list":{"0":"post-19699","1":"product","2":"type-product","3":"status-publish","4":"has-post-thumbnail","6":"product_cat-boom-cylinders","7":"product_tag-boom-cylinders","8":"product_tag-hydraulic-cylinders","10":"first","11":"instock","12":"shipping-taxable","13":"product-type-simple"},"amp_enabled":true,"_links":{"self":[{"href":"https:\/\/www.hydraulic-cylinders.net\/pl\/wp-json\/wp\/v2\/product\/19699","targetHints":{"allow":["GET"]}}],"collection":[{"href":"https:\/\/www.hydraulic-cylinders.net\/pl\/wp-json\/wp\/v2\/product"}],"about":[{"href":"https:\/\/www.hydraulic-cylinders.net\/pl\/wp-json\/wp\/v2\/types\/product"}],"replies":[{"embeddable":true,"href":"https:\/\/www.hydraulic-cylinders.net\/pl\/wp-json\/wp\/v2\/comments?post=19699"}],"wp:featuredmedia":[{"embeddable":true,"href":"https:\/\/www.hydraulic-cylinders.net\/pl\/wp-json\/wp\/v2\/media\/17872"}],"wp:attachment":[{"href":"https:\/\/www.hydraulic-cylinders.net\/pl\/wp-json\/wp\/v2\/media?parent=19699"}],"wp:term":[{"taxonomy":"product_brand","embeddable":true,"href":"https:\/\/www.hydraulic-cylinders.net\/pl\/wp-json\/wp\/v2\/product_brand?post=19699"},{"taxonomy":"product_cat","embeddable":true,"href":"https:\/\/www.hydraulic-cylinders.net\/pl\/wp-json\/wp\/v2\/product_cat?post=19699"},{"taxonomy":"product_tag","embeddable":true,"href":"https:\/\/www.hydraulic-cylinders.net\/pl\/wp-json\/wp\/v2\/product_tag?post=19699"}],"curies":[{"name":"wp","href":"https:\/\/api.w.org\/{rel}","templated":true}]}}