{"id":19710,"date":"2025-04-07T07:03:11","date_gmt":"2025-04-07T07:03:11","guid":{"rendered":"https:\/\/www.hydraulic-cylinders.net\/product\/boom-cylinder-for-hengte-wheel-excavator-htl65-8\/"},"modified":"2025-04-07T07:03:13","modified_gmt":"2025-04-07T07:03:13","slug":"boom-cylinder-for-hengte-wheel-excavator-htl65-8","status":"publish","type":"product","link":"https:\/\/www.hydraulic-cylinders.net\/pl\/produkt\/boom-cylinder-for-hengte-wheel-excavator-htl65-8\/","title":{"rendered":"Si\u0142ownik wysi\u0119gnika do koparki ko\u0142owej Hengte HTL65-8"},"content":{"rendered":"<h1>Si\u0142ownik wysi\u0119gnika do koparki ko\u0142owej Hengte HTL65-8<\/h1>\n<h2>Przegl\u0105d produktu<\/h2>\n<p>Si\u0142ownik wysi\u0119gnika do koparki ko\u0142owej Hengte HTL65-8 to specjalistyczny si\u0142ownik hydrauliczny przeznaczony do sterowania ruchem wysi\u0119gnika w r\u00f3\u017cnych maszynach ci\u0119\u017ckich, takich jak koparki, koparko-\u0142adowarki i \u0142adowarki czo\u0142owe. Ten si\u0142ownik hydrauliczny odgrywa kluczow\u0105 rol\u0119 w podnoszeniu, opuszczaniu i przechylaniu wysi\u0119gnika, u\u0142atwiaj\u0105c efektywne przenoszenie materia\u0142\u00f3w. Si\u0142ownik \u0142y\u017cki zosta\u0142 zaprojektowany tak, aby zapewni\u0107 niezawodn\u0105 prac\u0119 w ekstremalnych warunkach, gwarantuj\u0105c precyzyjne i bezpieczne manewrowanie ci\u0119\u017ckimi \u0142adunkami.<\/p>\n<p><img decoding=\"async\" src=\"https:\/\/www.hydraulic-cylinders.net\/wp-content\/uploads\/2025\/04\/songte-company-1.webp\" alt=\"Si\u0142ownik wysi\u0119gnika\" \/><\/p>\n<h2>G\u0142\u00f3wne cechy<\/h2>\n<ul>\n<li>\n<h3>Wysoka wytrzyma\u0142o\u015b\u0107 i trwa\u0142o\u015b\u0107<\/h3>\n<p>Zazwyczaj wykonane z wysokowytrzyma\u0142ej stali lub aluminium, cylindry te wytrzymuj\u0105 wysokie ci\u015bnienie i du\u017ce obci\u0105\u017cenia, dzi\u0119ki czemu nadaj\u0105 si\u0119 do pracy w trudnych warunkach. Konstrukcja k\u0142adzie nacisk na odporno\u015b\u0107 na zu\u017cycie i korozj\u0119, co znacznie wyd\u0142u\u017ca \u017cywotno\u015b\u0107.<\/p>\n<\/li>\n<li>\n<h3>Wydajna praca hydrauliczna<\/h3>\n<p>Si\u0142ownik wykorzystuje ci\u015bnienie oleju hydraulicznego, co pozwala na p\u0142ynne wysuwanie i wsuwanie, szybko reaguje na polecenia steruj\u0105ce i zapewnia mocne dzia\u0142anie si\u0142 pchania i ci\u0105gni\u0119cia, idealne do przenoszenia ci\u0119\u017ckich przedmiot\u00f3w i wykonywania skomplikowanych zada\u0144.<\/p>\n<\/li>\n<li>\n<h3>R\u00f3\u017cne typy<\/h3>\n<p>Dost\u0119pny w konfiguracji jednostronnego dzia\u0142ania (hydrauliczne dzia\u0142anie w jednym kierunku) i dwustronnego dzia\u0142ania (hydrauliczne dzia\u0142anie w obu kierunkach), si\u0142ownik \u0142y\u017cki mo\u017cna dostosowa\u0107 do r\u00f3\u017cnych potrzeb operacyjnych, przy czym niekt\u00f3re modele s\u0105 teleskopowe, co pozwala na wi\u0119ksze wysuni\u0119cie bez zwi\u0119kszania wymiar\u00f3w zewn\u0119trznych, co jest idealne w przypadku zastosowa\u0144 o ograniczonej przestrzeni.<\/p>\n<\/li>\n<\/ul>\n<p>Nasza firma specjalizuje si\u0119 w produkcji tego produktu, a nasze cylindry mog\u0105 doskonale zast\u0105pi\u0107 istniej\u0105ce cylindry hydrauliczne.<\/p>\n<p><img decoding=\"async\" src=\"https:\/\/www.hydraulic-cylinders.net\/wp-content\/uploads\/2025\/04\/songte-cylinder-head-with-all-kinds-excavator-models.webp\" alt=\"Modele koparek\" \/><\/p>\n<h2>Aplikacje<\/h2>\n<ul>\n<li>\n<h3>Sprz\u0119t budowlany<\/h3>\n<p>W koparkach si\u0142owniki wysi\u0119gnika s\u0105 niezb\u0119dne do kopania, za\u0142adunku i przemieszczania ziemi lub gruzu. Ich wydajno\u015b\u0107 jest kluczowa dla procesu wykop\u00f3w, zapewniaj\u0105c operatorom mo\u017cliwo\u015b\u0107 efektywnego zarz\u0105dzania du\u017cymi ilo\u015bciami materia\u0142u. Mo\u017cliwo\u015b\u0107 pracy pod r\u00f3\u017cnymi k\u0105tami i na r\u00f3\u017cnych g\u0142\u0119boko\u015bciach wysi\u0119gnika zwi\u0119ksza wszechstronno\u015b\u0107 koparki na placu budowy.<\/p>\n<\/li>\n<li>\n<h3>Maszyny rolnicze<\/h3>\n<p>W \u0142adowarkach czo\u0142owych si\u0142owniki wysi\u0119gnika wspomagaj\u0105 nabieranie, podnoszenie i transport ziemi, siana i innych materia\u0142\u00f3w. Ich solidna konstrukcja pozwala maszynom rolniczym wykonywa\u0107 ci\u0119\u017ckie zadania zwi\u0105zane z podnoszeniem, zwi\u0119kszaj\u0105c wydajno\u015b\u0107 zar\u00f3wno w gospodarstwach rolnych, jak i na placach budowy.<\/p>\n<\/li>\n<li>\n<h3>Koparki<\/h3>\n<p>Si\u0142ownik wysi\u0119gnika umo\u017cliwia skuteczne zag\u0142\u0119bianie si\u0119 \u0142y\u017cki koparki w gleb\u0119 podczas kopania. Ta funkcja jest kluczowa w przypadku r\u00f3\u017cnych projekt\u00f3w, takich jak kszta\u0142towanie krajobrazu, g\u00f3rnictwo i budowa dr\u00f3g, umo\u017cliwiaj\u0105c g\u0142\u0119bsze i bardziej wydajne kopanie.<\/p>\n<\/li>\n<li>\n<h3>\u0141adowarki<\/h3>\n<p>W \u0142adowarkach czo\u0142owych si\u0142owniki te odgrywaj\u0105 kluczow\u0105 rol\u0119 w efektywnym podnoszeniu i zrzucaniu \u0142adunk\u00f3w. Ich zdolno\u015b\u0107 do kontrolowania ci\u0119\u017caru i zapewniania stabilno\u015bci podczas pracy sprawia, \u017ce \u200b\u200bs\u0105 one niezast\u0105pione w zadaniach zwi\u0105zanych z transportem materia\u0142\u00f3w.<\/p>\n<\/li>\n<\/ul>\n<h2>Rozwa\u017cania projektowe<\/h2>\n<ul>\n<li>\n<h3>No\u015bno\u015b\u0107<\/h3>\n<p>Przy projektowaniu si\u0142ownik\u00f3w wysi\u0119gnika, ud\u017awig jest najwa\u017cniejszym czynnikiem, poniewa\u017c decyduje o rodzaju zada\u0144, jakie si\u0142ownik mo\u017ce wykonywa\u0107. Wysoki ud\u017awig gwarantuje, \u017ce uk\u0142ad hydrauliczny mo\u017ce podnosi\u0107 lub przenosi\u0107 ci\u0119\u017ckie materia\u0142y bez uszczerbku dla bezpiecze\u0144stwa i wydajno\u015bci.<\/p>\n<\/li>\n<li>\n<h3>Opiecz\u0119towanie<\/h3>\n<p>Skuteczne uszczelnienie jest kluczowe dla zapobiegania wyciekom p\u0142ynu hydraulicznego, kt\u00f3re mog\u0105 negatywnie wp\u0142ywa\u0107 na wydajno\u015b\u0107 i bezpiecze\u0144stwo. Wysokiej jako\u015bci uszczelki wykonane z trwa\u0142ych materia\u0142\u00f3w, takich jak poliuretan lub kauczuk nitrylowy, s\u0105 niezb\u0119dne do zachowania integralno\u015bci uk\u0142adu hydraulicznego.<\/p>\n<\/li>\n<li>\n<h3>Trwa\u0142o\u015b\u0107<\/h3>\n<p>Trwa\u0142o\u015b\u0107 jest istotnym czynnikiem, poniewa\u017c si\u0142owniki wysi\u0119gnika s\u0105 cz\u0119sto nara\u017cone na trudne warunki pracy. Materia\u0142y u\u017cyte do ich budowy oraz procesy projektowe musz\u0105 stawia\u0107 na d\u0142ugotrwa\u0142\u0105 wydajno\u015b\u0107, aby ograniczy\u0107 cz\u0119stotliwo\u015b\u0107 konserwacji i wymiany.<\/p>\n<\/li>\n<li>\n<h3>Bezpiecze\u0144stwo<\/h3>\n<p>Wzgl\u0119dy bezpiecze\u0144stwa obejmuj\u0105 stosowanie zawor\u00f3w bezpiecze\u0144stwa i innych mechanizm\u00f3w zapobiegaj\u0105cych nadmiernemu ci\u015bnieniu i zapewniaj\u0105cych bezpieczn\u0105 prac\u0119 systemu pod obci\u0105\u017ceniem. Projekt powinien r\u00f3wnie\u017c uwzgl\u0119dnia\u0107 funkcje umo\u017cliwiaj\u0105ce \u0142atwy dost\u0119p podczas kontroli konserwacyjnych.<\/p>\n<\/li>\n<li>\n<h3>Konserwacja<\/h3>\n<p>Projektowanie z my\u015bl\u0105 o \u0142atwo\u015bci konserwacji jest kluczowe, poniewa\u017c regularne kontrole mog\u0105 zapobiec kosztownym naprawom i przestojom. Takie cechy, jak \u0142atwa wymiana uszczelek i \u0142atwo dost\u0119pne punkty monta\u017cowe, s\u0105 niezb\u0119dne dla efektywnego serwisowania.<\/p>\n<\/li>\n<\/ul>\n<p><img decoding=\"async\" src=\"https:\/\/www.hydraulic-cylinders.net\/wp-content\/uploads\/2025\/04\/songte-oil-pipes-and-spare-parts.webp\" alt=\"Rury olejowe i cz\u0119\u015bci zamienne\" \/><\/p>\n<h2>Uszczelnianie i smarowanie<\/h2>\n<p>Prawid\u0142owe uszczelnienie i smarowanie maj\u0105 kluczowe znaczenie dla efektywnego dzia\u0142ania cylindr\u00f3w hydraulicznych. R\u00f3\u017cne uszczelnienia, w tym uszczelnienia t\u0142ok\u00f3w i t\u0142oczysk, zapewniaj\u0105 szczelne dopasowanie i zapobiegaj\u0105 wyciekom. Materia\u0142y takie jak poliuretan i kauczuk nitrylowy s\u0105 powszechnie wybierane ze wzgl\u0119du na ich odporno\u015b\u0107 na zu\u017cycie i trwa\u0142o\u015b\u0107. Korpus cylindra i gwintowane ko\u0144c\u00f3wki s\u0105 precyzyjnie obrabiane w celu zwi\u0119kszenia odporno\u015bci na zu\u017cycie, co jest niezb\u0119dne dla zapewnienia d\u0142ugiej \u017cywotno\u015bci.<\/p>\n<p>Regularne smarowanie jest r\u00f3wnie\u017c niezb\u0119dne, co wymaga regularnych kontroli, aby zapewni\u0107 odpowiedni\u0105 ilo\u015b\u0107 oleju hydraulicznego, co pozwoli utrzyma\u0107 optymaln\u0105 wydajno\u015b\u0107 i zapobiec zu\u017cyciu. Znaczenie smarowania jest nie do przecenienia, poniewa\u017c zmniejsza tarcie i wyd\u0142u\u017ca \u017cywotno\u015b\u0107 podzespo\u0142\u00f3w hydraulicznych.<\/p>\n<h2>Regularne kontrole i konserwacja zapobiegawcza<\/h2>\n<p>Regularne kontrole i konserwacja zapobiegawcza s\u0105 niezb\u0119dne dla zapewnienia trwa\u0142o\u015bci i wydajno\u015bci cylindr\u00f3w hydraulicznych. Kluczowe \u015brodki obejmuj\u0105:<\/p>\n<ul>\n<li>\n<h3>Regularne kontrole<\/h3>\n<p>Przeprowadzaj okresowe kontrole, aby zidentyfikowa\u0107 wszelkie oznaki zu\u017cycia lub uszkodze\u0144. Szukaj nieszczelno\u015bci, p\u0119kni\u0119\u0107 lub deformacji w cylindrze. Wczesne wykrycie problem\u00f3w mo\u017ce zapobiec kosztownym naprawom i przestojom.<\/p>\n<\/li>\n<li>\n<h3>Odpowiednie smarowanie<\/h3>\n<p>Upewnij si\u0119, \u017ce poziom p\u0142ynu hydraulicznego jest odpowiedni, a olej czysty i wolny od zanieczyszcze\u0144. Wprowad\u017a regularny harmonogram smarowania, aby utrzyma\u0107 optymaln\u0105 wydajno\u015b\u0107 uszczelnie\u0144 i cz\u0119\u015bci ruchomych.<\/p>\n<\/li>\n<li>\n<h3>Wymiana uszczelki<\/h3>\n<p>Regularnie sprawdzaj stan uszczelek pod k\u0105tem zu\u017cycia i wymieniaj je w razie potrzeby, aby zapobiec wyciekom i utrzyma\u0107 ci\u015bnienie w uk\u0142adzie. Prawid\u0142owo konserwowane uszczelki znacznie wyd\u0142u\u017caj\u0105 \u017cywotno\u015b\u0107 si\u0142ownika hydraulicznego.<\/p>\n<\/li>\n<\/ul>\n<h2>Wytyczne dotycz\u0105ce instalacji<\/h2>\n<p>Prawid\u0142owy monta\u017c si\u0142ownika wysi\u0119gnika ma kluczowe znaczenie dla zapewnienia optymalnej wydajno\u015bci i bezpiecze\u0144stwa. Aby przeprowadzi\u0107 prawid\u0142owy monta\u017c, nale\u017cy wykona\u0107 nast\u0119puj\u0105ce czynno\u015bci:<\/p>\n<p>Najpierw upewnij si\u0119, \u017ce miejsce pracy jest czyste i wolne od zanieczyszcze\u0144, aby u\u0142atwi\u0107 sprawny monta\u017c. Nast\u0119pnie dok\u0142adnie ustaw si\u0142ownik hydrauliczny wzgl\u0119dem punkt\u00f3w mocowania maszyny. U\u017cyj odpowiednich wspornik\u00f3w monta\u017cowych, aby pewnie zamocowa\u0107 si\u0142ownik. Przed dokr\u0119ceniem \u015brub nale\u017cy sprawdzi\u0107 ustawienie, aby zapobiec nadmiernemu napr\u0119\u017ceniu si\u0142ownika.<\/p>\n<p>Po zabezpieczeniu cylindra pod\u0142\u0105cz przewody hydrauliczne, upewniaj\u0105c si\u0119, \u017ce nie ma na nich zagi\u0119\u0107 ani skr\u0119ce\u0144. Nape\u0142nij uk\u0142ad hydrauliczny zalecanym p\u0142ynem i odpowietrz przewody przed uruchomieniem maszyny. Na koniec przeprowad\u017a test funkcjonalny, aby upewni\u0107 si\u0119, \u017ce wszystko dzia\u0142a p\u0142ynnie, umo\u017cliwiaj\u0105c ewentualn\u0105 regulacj\u0119.<\/p>\n<h2>Typowe zadania konserwacyjne<\/h2>\n<p>Konserwacja cylindr\u00f3w hydraulicznych wymaga zwr\u00f3cenia uwagi na kilka kluczowych zada\u0144:<\/p>\n<ul>\n<li>\n<h3>Regularne kontrole<\/h3>\n<p>Okresowe kontrole s\u0105 niezb\u0119dne w celu wykrycia zu\u017cycia lub potencjalnych usterek, zanim si\u0119 nasil\u0105. Kontrole powinny obejmowa\u0107 ocen\u0119 stanu zewn\u0119trznego cylindra, sprawdzenie szczelno\u015bci i upewnienie si\u0119, \u017ce wszystkie przy\u0142\u0105cza s\u0105 dobrze zabezpieczone.<\/p>\n<\/li>\n<li>\n<h3>Prawid\u0142owe smarowanie<\/h3>\n<p>Smarowanie jest kluczowe dla trwa\u0142o\u015bci cylindr\u00f3w hydraulicznych. Upewnij si\u0119, \u017ce uszczelki s\u0105 odpowiednio nasmarowane, aby zapobiec ich zu\u017cyciu i zapewni\u0107 p\u0142ynn\u0105 prac\u0119. Regularnie uzupe\u0142niaj p\u0142yn hydrauliczny w razie potrzeby.<\/p>\n<\/li>\n<li>\n<h3>Wymiana uszczelki<\/h3>\n<p>Regularnie wymieniaj uszczelki, aby zachowa\u0107 integralno\u015b\u0107 uk\u0142adu hydraulicznego. Czynno\u015b\u0107 t\u0119 nale\u017cy wykonywa\u0107 podczas rutynowych przegl\u0105d\u00f3w konserwacyjnych, upewniaj\u0105c si\u0119, \u017ce nowe uszczelki s\u0105 prawid\u0142owo zamontowane i zapobiegaj\u0105 wyciekom.<\/p>\n<\/li>\n<\/ul>\n<p><img decoding=\"async\" src=\"https:\/\/www.hydraulic-cylinders.net\/wp-content\/uploads\/2025\/04\/songte-chushion-collar.webp\" alt=\"Ko\u0142nierz poduszkowy\" \/><\/p>\n<h2>Zagadnienia bezpiecze\u0144stwa i czynniki \u015brodowiskowe<\/h2>\n<p>Podczas pracy z cylindrami hydraulicznymi \u015brodki bezpiecze\u0144stwa s\u0105 niezwykle wa\u017cne. Odpowiednie przeszkolenie operator\u00f3w i personelu konserwacyjnego jest niezb\u0119dne, aby zminimalizowa\u0107 ryzyko. Podczas pracy z uk\u0142adami hydraulicznymi nale\u017cy zawsze stosowa\u0107 \u015brodki ochrony indywidualnej (PPE). Nale\u017cy r\u00f3wnie\u017c wzi\u0105\u0107 pod uwag\u0119 wp\u0142yw wyciek\u00f3w p\u0142yn\u00f3w na \u015brodowisko; nale\u017cy upewni\u0107 si\u0119, \u017ce wszystkie uszczelki i z\u0142\u0105czki s\u0105 w dobrym stanie, aby zapobiec zanieczyszczeniu gleby i \u017ar\u00f3de\u0142 wody.<\/p>\n<h2>Diagnostyka awarii i typowe problemy<\/h2>\n<ul>\n<li>\n<h3>Przeciek<\/h3>\n<p>Wycieki p\u0142ynu hydraulicznego to najcz\u0119stszy problem z si\u0142ownikami hydraulicznymi. Mog\u0105 one wyst\u0105pi\u0107 z powodu zu\u017cytych uszczelek lub uszkodzonych przy\u0142\u0105czy. Regularne kontrole i terminowa wymiana uszczelek s\u0105 niezb\u0119dne, aby zapobiec utracie p\u0142ynu.<\/p>\n<\/li>\n<li>\n<h3>Obni\u017cona wydajno\u015b\u0107<\/h3>\n<p>Je\u015bli cylinder nie reaguje prawid\u0142owo lub ma zmniejszony ud\u017awig, mo\u017ce to wskazywa\u0107 na uszkodzenie wewn\u0119trzne lub niski poziom p\u0142ynu. Sprawd\u017a poziom p\u0142ynu hydraulicznego i sprawd\u017a cylinder pod k\u0105tem zu\u017cycia wewn\u0119trznego.<\/p>\n<\/li>\n<li>\n<h3>Przegrzanie<\/h3>\n<p>Przegrzanie mo\u017ce wyst\u0105pi\u0107 z powodu wysokiego ci\u015bnienia w uk\u0142adzie lub niewystarczaj\u0105cego smarowania. Nale\u017cy regularnie wymienia\u0107 olej hydrauliczny i dba\u0107 o to, aby uk\u0142ad nie by\u0142 przeci\u0105\u017cony.<\/p>\n<\/li>\n<\/ul>\n<h2>Wskaz\u00f3wki dotycz\u0105ce rozwi\u0105zywania problem\u00f3w<\/h2>\n<p>Aby skutecznie diagnozowa\u0107 i rozwi\u0105zywa\u0107 problemy z si\u0142ownikami hydraulicznymi, post\u0119puj zgodnie z poni\u017cszymi wskaz\u00f3wkami dotycz\u0105cymi rozwi\u0105zywania problem\u00f3w:<\/p>\n<ul>\n<li>Sprawd\u017a, czy nie ma widocznych uszkodze\u0144 lub nieszczelno\u015bci w przewodach i z\u0142\u0105czach hydraulicznych; w razie konieczno\u015bci wymie\u0144 je lub napraw.<\/li>\n<li>Upewnij si\u0119, \u017ce p\u0142yn hydrauliczny ma w\u0142a\u015bciwy poziom i jest w dobrym stanie. W przypadku zabrudzenia wymie\u0144 go.<\/li>\n<li>Monitoruj temperatur\u0119 p\u0142ynu hydraulicznego i upewnij si\u0119, \u017ce mie\u015bci si\u0119 ona w normalnym zakresie roboczym.<\/li>\n<\/ul>\n<p>Wdro\u017cenie \u015brodk\u00f3w zapobiegawczych, takich jak regularne kontrole konserwacyjne, pomo\u017ce zminimalizowa\u0107 potencjalne problemy i zagwarantowa\u0107 niezawodno\u015b\u0107 uk\u0142adu hydraulicznego.<\/p>\n<p><img decoding=\"async\" src=\"https:\/\/www.hydraulic-cylinders.net\/wp-content\/uploads\/2025\/04\/songte-bushings-with-all-kinds-of-excavator-models.webp\" alt=\"Tuleje\" \/><\/p>\n<h2>Przegl\u0105d firmy<\/h2>\n<p>Jeste\u015bmy producentem specjalizuj\u0105cym si\u0119 w alternatywnych si\u0142ownikach hydraulicznych, oferuj\u0105cym szerok\u0105 gam\u0119 produkt\u00f3w, dzi\u0119ki kt\u00f3rym stali\u015bmy si\u0119 jednym z wiod\u0105cych producent\u00f3w i hurtownik\u00f3w na rynku krajowym i mi\u0119dzynarodowym. Kierujemy si\u0119 zasad\u0105 doskona\u0142o\u015bci jako\u015bci, wykorzystuj\u0105c zaawansowane strategie produkcyjne w zarz\u0105dzaniu produkcj\u0105. Nasze zaanga\u017cowanie w wykorzystywanie wykwalifikowanego personelu, zaawansowanego sprz\u0119tu do produkcji cyfrowej oraz profesjonalnych system\u00f3w testowych stale zwi\u0119ksza nasze mo\u017cliwo\u015bci produkcyjne.<\/p>\n<p>Koncentruj\u0105c si\u0119 na wydajno\u015bci, precyzji i wysokiej jako\u015bci, dok\u0142adamy wszelkich stara\u0144, aby sprosta\u0107 zr\u00f3\u017cnicowanym potrzebom klient\u00f3w. Nasze mi\u0119dzynarodowe certyfikaty gwarantuj\u0105, \u017ce nasze produkty spe\u0142niaj\u0105 \u015bwiatowe standardy, a nasze us\u0142ugi niestandardowe pozwalaj\u0105 nam dostosowywa\u0107 rozwi\u0105zania do indywidualnych potrzeb klienta. Dodatkowo, nasze solidne wsparcie posprzeda\u017cowe gwarantuje, \u017ce nasi klienci otrzymuj\u0105 pomoc niezb\u0119dn\u0105 do efektywnego utrzymania swoich uk\u0142ad\u00f3w hydraulicznych.<\/p>\n<p><img decoding=\"async\" src=\"https:\/\/www.hydraulic-cylinders.net\/wp-content\/uploads\/2025\/04\/songte-company-4.webp\" alt=\"Przegl\u0105d firmy\" \/><br \/>\n<img decoding=\"async\" src=\"https:\/\/www.hydraulic-cylinders.net\/wp-content\/uploads\/2025\/04\/songte-company-3.webp\" alt=\"Obiekty produkcyjne\" \/><\/p>\n<p>Autor: lyl<\/p>","protected":false},"excerpt":{"rendered":"<p>Boom Cylinder For Hengte Wheel Excavator HTL65-8 Product Overview The Boom Cylinder for Hengte Wheel Excavator HTL65-8 is a specialized hydraulic cylinder designed to control the movement of the boom on various heavy machinery, including excavators, backhoe loaders, and front loaders. This hydraulic cylinder plays a crucial role in enabling the boom to lift, lower, [&hellip;]<\/p>","protected":false},"featured_media":17868,"comment_status":"open","ping_status":"closed","template":"","meta":{"_et_pb_use_builder":"","_et_pb_old_content":"","_et_gb_content_width":""},"product_brand":[],"product_cat":[1546],"product_tag":[1547,1496],"class_list":{"0":"post-19710","1":"product","2":"type-product","3":"status-publish","4":"has-post-thumbnail","6":"product_cat-boom-cylinders","7":"product_tag-boom-cylinders","8":"product_tag-hydraulic-cylinders","10":"first","11":"instock","12":"shipping-taxable","13":"product-type-simple"},"amp_enabled":true,"_links":{"self":[{"href":"https:\/\/www.hydraulic-cylinders.net\/pl\/wp-json\/wp\/v2\/product\/19710","targetHints":{"allow":["GET"]}}],"collection":[{"href":"https:\/\/www.hydraulic-cylinders.net\/pl\/wp-json\/wp\/v2\/product"}],"about":[{"href":"https:\/\/www.hydraulic-cylinders.net\/pl\/wp-json\/wp\/v2\/types\/product"}],"replies":[{"embeddable":true,"href":"https:\/\/www.hydraulic-cylinders.net\/pl\/wp-json\/wp\/v2\/comments?post=19710"}],"wp:featuredmedia":[{"embeddable":true,"href":"https:\/\/www.hydraulic-cylinders.net\/pl\/wp-json\/wp\/v2\/media\/17868"}],"wp:attachment":[{"href":"https:\/\/www.hydraulic-cylinders.net\/pl\/wp-json\/wp\/v2\/media?parent=19710"}],"wp:term":[{"taxonomy":"product_brand","embeddable":true,"href":"https:\/\/www.hydraulic-cylinders.net\/pl\/wp-json\/wp\/v2\/product_brand?post=19710"},{"taxonomy":"product_cat","embeddable":true,"href":"https:\/\/www.hydraulic-cylinders.net\/pl\/wp-json\/wp\/v2\/product_cat?post=19710"},{"taxonomy":"product_tag","embeddable":true,"href":"https:\/\/www.hydraulic-cylinders.net\/pl\/wp-json\/wp\/v2\/product_tag?post=19710"}],"curies":[{"name":"wp","href":"https:\/\/api.w.org\/{rel}","templated":true}]}}