{"id":19718,"date":"2025-04-07T07:03:35","date_gmt":"2025-04-07T07:03:35","guid":{"rendered":"https:\/\/www.hydraulic-cylinders.net\/product\/boom-cylinder-for-yigong-cy65-8\/"},"modified":"2025-04-07T07:03:38","modified_gmt":"2025-04-07T07:03:38","slug":"boom-cylinder-for-yigong-cy65-8","status":"publish","type":"product","link":"https:\/\/www.hydraulic-cylinders.net\/pl\/produkt\/boom-cylinder-for-yigong-cy65-8\/","title":{"rendered":"Si\u0142ownik wysi\u0119gnika do Yigong CY65-8"},"content":{"rendered":"<h1>Si\u0142ownik wysi\u0119gnika do Yigong CY65-8<\/h1>\n<h2>Wprowadzenie do cylindra wysi\u0119gnika<\/h2>\n<p>Si\u0142ownik wysi\u0119gnika jest kluczowym elementem uk\u0142ad\u00f3w hydraulicznych, szczeg\u00f3lnie w ci\u0119\u017ckich maszynach. Zaprojektowany specjalnie do maszyn takich jak koparki, koparko-\u0142adowarki i \u0142adowarki czo\u0142owe, ten si\u0142ownik hydrauliczny steruje ruchem \u0142y\u017cki. Umo\u017cliwia podnoszenie, opuszczanie i przechylanie \u0142y\u017cki, u\u0142atwiaj\u0105c wydajne przenoszenie materia\u0142\u00f3w. Si\u0142ownik \u0142y\u017cki dzia\u0142a jak si\u0142a nap\u0119dowa w tych maszynach, zapewniaj\u0105c precyzj\u0119 podczas kopania, za\u0142adunku i transportu materia\u0142\u00f3w.<\/p>\n<p><img decoding=\"async\" src=\"https:\/\/www.hydraulic-cylinders.net\/wp-content\/uploads\/2025\/04\/songte-company-1.webp\" alt=\"Obraz cylindra wysi\u0119gnika\"><\/p>\n<h3>Definicja i przegl\u0105d<\/h3>\n<p>Si\u0142ownik czerpakowy to rodzaj si\u0142ownika hydraulicznego, kt\u00f3ry odgrywa kluczow\u0105 rol\u0119 w obs\u0142udze ci\u0119\u017ckiego sprz\u0119tu. Jego g\u0142\u00f3wn\u0105 funkcj\u0105 jest przekszta\u0142canie energii hydraulicznej w ruch mechaniczny, kt\u00f3ry porusza \u0142y\u017ck\u0105 maszyny. Konstrukcja tych si\u0142ownik\u00f3w wykorzystuje materia\u0142y o wysokiej wytrzyma\u0142o\u015bci, aby sprosta\u0107 trudnym warunkom panuj\u0105cym w budownictwie i rolnictwie.<\/p>\n<h2>Cechy cylindra wysi\u0119gnika<\/h2>\n<ul>\n<li><strong>Wysoka wytrzyma\u0142o\u015b\u0107 i trwa\u0142o\u015b\u0107:<\/strong> Wykonany z wysokowytrzyma\u0142ej stali lub aluminium si\u0142ownik wysi\u0119gnika wytrzymuje wysokie ci\u015bnienia i du\u017ce obci\u0105\u017cenia. Jego konstrukcja uwzgl\u0119dnia odporno\u015b\u0107 na zu\u017cycie i korozj\u0119, co wyd\u0142u\u017ca jego \u017cywotno\u015b\u0107.<\/li>\n<li><strong>Wydajna praca uk\u0142adu hydraulicznego:<\/strong> Si\u0142ownik wykorzystuje ci\u015bnienie oleju hydraulicznego do p\u0142ynnego wysuwania i wsuwania, co gwarantuje szybk\u0105 reakcj\u0119 na polecenia steruj\u0105ce i generuje du\u017c\u0105 si\u0142\u0119 pchania i ci\u0105gni\u0119cia, idealn\u0105 do obs\u0142ugi ci\u0119\u017ckich i skomplikowanych zada\u0144.<\/li>\n<li><strong>R\u00f3\u017cne typy:<\/strong> Dost\u0119pny w konfiguracji jednostronnego dzia\u0142ania (wykorzystuj\u0105cej si\u0142\u0119 hydrauliczn\u0105 w jednym kierunku) i dwustronnego dzia\u0142ania (wykorzystuj\u0105cej si\u0142\u0119 hydrauliczn\u0105 w obu kierunkach), si\u0142ownik wysi\u0119gnika mo\u017ce sprosta\u0107 r\u00f3\u017cnorodnym potrzebom operacyjnym. Niekt\u00f3re modele s\u0105 teleskopowe, co pozwala na wi\u0119ksze wysuni\u0119cie bez zwi\u0119kszania wymiar\u00f3w zewn\u0119trznych, i nadaje si\u0119 do zastosowa\u0144 w ograniczonej przestrzeni.<\/li>\n<li><strong>Zdolno\u015b\u0107 adaptacji:<\/strong> Si\u0142ownik wysi\u0119gnika jest kompatybilny z szerok\u0105 gam\u0105 ci\u0119\u017ckiego sprz\u0119tu i mo\u017cna go dostosowa\u0107 do konkretnych modeli i zastosowa\u0144, co zapewnia bezproblemow\u0105 integracj\u0119 z istniej\u0105cymi systemami.<\/li>\n<li><strong>Zapewnienie jako\u015bci:<\/strong> Wyprodukowane zgodnie z rygorystycznymi procedurami kontroli jako\u015bci, te cylindry s\u0105 zaprojektowane tak, aby przewy\u017csza\u0107 standardy bran\u017cowe, gwarantuj\u0105c niezawodn\u0105 prac\u0119 w ka\u017cdych warunkach pracy.<\/li>\n<\/ul>\n<p>Nasze mo\u017cliwo\u015bci produkcyjne gwarantuj\u0105 produkcj\u0119 tego produktu, b\u0119d\u0105cego idealnym zamiennikiem dla r\u00f3\u017cnych cylindr\u00f3w hydraulicznych.<\/p>\n<p><img decoding=\"async\" src=\"https:\/\/www.hydraulic-cylinders.net\/wp-content\/uploads\/2025\/04\/songte-cylinder-head-with-all-kinds-excavator-models.webp\" alt=\"Modele koparek Obraz\"><\/p>\n<h2>Zastosowania cylindra wysi\u0119gnika<\/h2>\n<h3>Sprz\u0119t budowlany<\/h3>\n<p>W koparkach si\u0142owniki wysi\u0119gnika s\u0105 niezb\u0119dne do kopania, za\u0142adunku i przemieszczania ziemi lub gruzu. Konstrukcja pozwala operatorom kontrolowa\u0107 g\u0142\u0119boko\u015b\u0107 i k\u0105t nachylenia \u0142y\u017cki, co poprawia wydajno\u015b\u0107 i precyzj\u0119 podczas prac wykopowych. W koparko-\u0142adowarkach si\u0142owniki te u\u0142atwiaj\u0105 zar\u00f3wno kopanie, jak i podnoszenie, co czyni je wszechstronnymi narz\u0119dziami na placach budowy.<\/p>\n<h3>Maszyny rolnicze<\/h3>\n<p>W \u0142adowarkach czo\u0142owych si\u0142owniki wysi\u0119gnika s\u0142u\u017c\u0105 do nabierania, podnoszenia i transportu gleby, siana i innych materia\u0142\u00f3w. Ich solidna konstrukcja i niezawodno\u015b\u0107 dzia\u0142ania zwi\u0119kszaj\u0105 wydajno\u015b\u0107 prac rolniczych, umo\u017cliwiaj\u0105c rolnikom \u0142atwe przemieszczanie ci\u0119\u017ckich \u0142adunk\u00f3w.<\/p>\n<h3>Koparki<\/h3>\n<p>Si\u0142ownik wysi\u0119gnika umo\u017cliwia \u0142y\u017cce penetracj\u0119 gleby, zapewniaj\u0105c efektywne kopanie. Ta funkcja jest kluczowa w przypadku r\u00f3\u017cnych zada\u0144, od kopania row\u00f3w po profilowanie, zapewniaj\u0105c optymaln\u0105 prac\u0119 ci\u0119\u017ckich maszyn w zr\u00f3\u017cnicowanych warunkach.<\/p>\n<h3>\u0141adowarki<\/h3>\n<p>W \u0142adowarkach czo\u0142owych si\u0142owniki wysi\u0119gnika wspomagaj\u0105 wydajne podnoszenie i zrzucanie \u0142adunk\u00f3w. Ich konstrukcja zapewnia p\u0142ynn\u0105 prac\u0119, pozwalaj\u0105c operatorom na efektywne zarz\u0105dzanie podnoszeniem i wysypywaniem materia\u0142\u00f3w, co jest niezb\u0119dne w budownictwie i transporcie materia\u0142\u00f3w.<\/p>\n<h2>Zagadnienia projektowe i kryteria wyboru<\/h2>\n<h3>No\u015bno\u015b\u0107<\/h3>\n<p>Przy wyborze si\u0142ownika wysi\u0119gnika kluczowe jest zrozumienie jego ud\u017awigu. Si\u0142ownik musi by\u0107 w stanie ud\u017awign\u0105\u0107 maksymalny ci\u0119\u017car, jaki maszyna i jej osprz\u0119t b\u0119d\u0105 wywiera\u0107 podczas pracy. Dobrze dobrany ud\u017awig zapewnia bezpiecze\u0144stwo i optymaln\u0105 wydajno\u015b\u0107, zapobiegaj\u0105c awariom sprz\u0119tu i wypadkom.<\/p>\n<h3>Wydajno\u015b\u0107 uszczelnienia<\/h3>\n<p>Skuteczne uszczelnienie jest kluczowe w cylindrach hydraulicznych, aby utrzyma\u0107 ci\u015bnienie i zapobiec wyciekom p\u0142ynu. Nale\u017cy stosowa\u0107 wysokiej jako\u015bci uszczelki wykonane z trwa\u0142ych materia\u0142\u00f3w, takich jak poliuretan lub kauczuk nitrylowy. Prawid\u0142owe uszczelnienie zapewnia szczelno\u015b\u0107 uk\u0142adu hydraulicznego, zwi\u0119kszaj\u0105c jego wydajno\u015b\u0107 i zmniejszaj\u0105c ryzyko zanieczyszczenia.<\/p>\n<h3>Trwa\u0142o\u015b\u0107<\/h3>\n<p>Trwa\u0142o\u015b\u0107 jest kluczowym czynnikiem w projektowaniu cylindr\u00f3w hydraulicznych. Musz\u0105 one wytrzyma\u0107 trudne warunki pracy, w tym ekstremalne temperatury, kurz i wilgo\u0107. Zastosowanie zaawansowanych pow\u0142ok i wytrzyma\u0142ych materia\u0142\u00f3w zwi\u0119ksza ich odporno\u015b\u0107 na zu\u017cycie, znacz\u0105co wyd\u0142u\u017caj\u0105c ich \u017cywotno\u015b\u0107.<\/p>\n<h3>Funkcje bezpiecze\u0144stwa<\/h3>\n<p>Bezpiecze\u0144stwo powinno by\u0107 zawsze priorytetem w projektowaniu cylindr\u00f3w hydraulicznych. Zastosowanie takich rozwi\u0105za\u0144 jak zawory bezpiecze\u0144stwa, zabezpieczenie przed przeci\u0105\u017ceniem i solidne opcje monta\u017cu mo\u017ce zapobiega\u0107 wypadkom i zapewnia\u0107 bezpieczn\u0105 prac\u0119 w ka\u017cdych warunkach. Rozwi\u0105zania te przyczyniaj\u0105 si\u0119 do og\u00f3lnego bezpiecze\u0144stwa operacyjnego i zapewniaj\u0105 operatorom spok\u00f3j ducha.<\/p>\n<h3>Dost\u0119pno\u015b\u0107 konserwacyjna<\/h3>\n<p>Dobry projekt powinien r\u00f3wnie\u017c uwzgl\u0119dnia\u0107 \u0142atwo\u015b\u0107 konserwacji. Si\u0142owniki hydrauliczne powinny by\u0107 zaprojektowane tak, aby zapewni\u0107 \u0142atwy dost\u0119p do uszczelnie\u0144 i innych podzespo\u0142\u00f3w, kt\u00f3re mog\u0105 wymaga\u0107 regularnej kontroli lub wymiany. Taka dost\u0119pno\u015b\u0107 pomaga skr\u00f3ci\u0107 przestoje i zapewnia sprawn\u0105 konserwacj\u0119, utrzymuj\u0105c maszyny w optymalnym stanie.<\/p>\n<p><img decoding=\"async\" src=\"https:\/\/www.hydraulic-cylinders.net\/wp-content\/uploads\/2025\/04\/songte-oil-pipes-and-spare-parts.webp\" alt=\"Rury olejowe i cz\u0119\u015bci zamienne Obraz\"><\/p>\n<h2>Uszczelnianie i smarowanie<\/h2>\n<p>Integralno\u015b\u0107 uk\u0142ad\u00f3w hydraulicznych cz\u0119sto zale\u017cy od jako\u015bci uszczelnienia i smarowania. R\u00f3\u017cne elementy uszczelniaj\u0105ce, takie jak uszczelnienia t\u0142ok\u00f3w i t\u0142oczysk, maj\u0105 kluczowe znaczenie dla utrzymania ci\u015bnienia i zapobiegania wyciekom. Wyb\u00f3r trwa\u0142ych materia\u0142\u00f3w na uszczelnienia, takich jak poliuretan i kauczuk nitrylowy, zwi\u0119ksza odporno\u015b\u0107 na zu\u017cycie i czynniki \u015brodowiskowe.<\/p>\n<p>Ponadto korpus cylindra i gwintowane powierzchnie ko\u0144cowe powinny zosta\u0107 poddane precyzyjnej obr\u00f3bce mechanicznej w celu zwi\u0119kszenia odporno\u015bci na zu\u017cycie. Regularne smarowanie odpowiednim olejem hydraulicznym jest niezb\u0119dne, aby zminimalizowa\u0107 tarcie, kt\u00f3re mo\u017ce prowadzi\u0107 do przedwczesnego zu\u017cycia i awarii. Odpowiednie odst\u0119py mi\u0119dzy smarowaniami nale\u017cy ustali\u0107 w oparciu o warunki eksploatacji.<\/p>\n<h2>Regularne kontrole i konserwacja zapobiegawcza<\/h2>\n<ul>\n<li><strong>Regularne kontrole:<\/strong> Przeprowadzaj rutynowe kontrole si\u0142ownik\u00f3w hydraulicznych pod k\u0105tem oznak zu\u017cycia, wyciek\u00f3w lub uszkodze\u0144. Wczesne wykrycie problem\u00f3w mo\u017ce zapobiec kosztownym naprawom i przestojom.<\/li>\n<li><strong>Prawid\u0142owe smarowanie:<\/strong> Upewnij si\u0119, \u017ce cylinder jest odpowiednio smarowany, zgodnie ze specyfikacj\u0105 producenta. Prawid\u0142owe smarowanie zmniejsza tarcie i wyd\u0142u\u017ca \u017cywotno\u015b\u0107 cylindra.<\/li>\n<li><strong>Wymiana uszczelki:<\/strong> Regularnie sprawdzaj stan uszczelek pod k\u0105tem zu\u017cycia i wymieniaj je w razie potrzeby, aby zachowa\u0107 szczelno\u015b\u0107. Pomaga to zapobiega\u0107 wyciekom p\u0142ynu hydraulicznego i utrzyma\u0107 wydajno\u015b\u0107 uk\u0142adu.<\/li>\n<\/ul>\n<h2>Wytyczne dotycz\u0105ce instalacji<\/h2>\n<p>Prawid\u0142owy monta\u017c si\u0142ownika wysi\u0119gnika ma kluczowe znaczenie dla jego trwa\u0142o\u015bci i skuteczno\u015bci. Zacznij od upewnienia si\u0119, \u017ce wszystkie powierzchnie monta\u017cowe s\u0105 czyste i wolne od zanieczyszcze\u0144. Ustaw si\u0142ownik prawid\u0142owo wzgl\u0119dem punkt\u00f3w mocowania, u\u017cywaj\u0105c odpowiednich wspornik\u00f3w monta\u017cowych, aby go zabezpieczy\u0107. Upewnij si\u0119, \u017ce wszystkie przewody hydrauliczne s\u0105 prawid\u0142owo pod\u0142\u0105czone i nie ma za\u0142ama\u0144 ani ostrych zagi\u0119\u0107, kt\u00f3re mog\u0142yby ograniczy\u0107 przep\u0142yw cieczy.<\/p>\n<p>Po monta\u017cu nale\u017cy odpowietrzy\u0107 uk\u0142ad hydrauliczny, aby usun\u0105\u0107 ewentualne uwi\u0119zione powietrze. Ten krok jest niezb\u0119dny dla zapewnienia optymalnej pracy. Na koniec nale\u017cy przeprowadzi\u0107 jazd\u0119 pr\u00f3bn\u0105, aby sprawdzi\u0107, czy si\u0142ownik dzia\u0142a p\u0142ynnie i wydajnie, bez \u017cadnych wyciek\u00f3w.<\/p>\n<h2>Typowe zadania konserwacyjne<\/h2>\n<ul>\n<li><strong>Regularne kontrole:<\/strong> Regularne kontrole s\u0105 kluczowe dla identyfikacji potencjalnych problem\u00f3w, zanim si\u0119 nasil\u0105. Sprawd\u017a szczelno\u015b\u0107, zu\u017cycie i wszelkie nietypowe odg\u0142osy podczas pracy. Wczesne zaj\u0119cie si\u0119 tymi problemami mo\u017ce zapobiec kosztownym naprawom.<\/li>\n<li><strong>Prawid\u0142owe smarowanie:<\/strong> Zapewnienie odpowiedniego smarowania si\u0142ownika wysi\u0119gnika jest kluczowe dla zmniejszenia tarcia i zu\u017cycia. Aby zmaksymalizowa\u0107 wydajno\u015b\u0107, nale\u017cy przestrzega\u0107 zalece\u0144 producenta dotycz\u0105cych cz\u0119stotliwo\u015bci smarowania i rodzaj\u00f3w oleju hydraulicznego.<\/li>\n<li><strong>Wymiana uszczelki:<\/strong> Uszczelki nale\u017cy regularnie sprawdza\u0107 i wymienia\u0107 w razie potrzeby. Zu\u017cyte uszczelki mog\u0105 prowadzi\u0107 do wyciek\u00f3w hydraulicznych, co negatywnie wp\u0142ywa na wydajno\u015b\u0107 i bezpiecze\u0144stwo. Utrzymanie integralno\u015bci uszczelek ma kluczowe znaczenie dla efektywnej pracy si\u0142ownik\u00f3w hydraulicznych.<\/li>\n<\/ul>\n<p>Prawid\u0142owy monta\u017c, smarowanie i regulacja s\u0105 kluczowe dla maksymalizacji \u017cywotno\u015bci i skuteczno\u015bci si\u0142ownika wysi\u0119gnika. Podczas monta\u017cu nale\u017cy upewni\u0107 si\u0119, \u017ce si\u0142ownik jest prawid\u0142owo ustawiony wzgl\u0119dem maszyny, aby unikn\u0105\u0107 nadmiernego obci\u0105\u017cenia podzespo\u0142\u00f3w. Nale\u017cy u\u017cywa\u0107 odpowiednich wspornik\u00f3w monta\u017cowych, aby pewnie zamocowa\u0107 si\u0142ownik, minimalizuj\u0105c jego ruchy podczas pracy. Rutynowe kontrole i konserwacja pomog\u0105 zidentyfikowa\u0107 oznaki zu\u017cycia i zapewni\u0107 ci\u0105g\u0142\u0105 sprawno\u015b\u0107 systemu.<\/p>\n<p><img decoding=\"async\" src=\"https:\/\/www.hydraulic-cylinders.net\/wp-content\/uploads\/2025\/04\/songte-chushion-collar.webp\" alt=\"Obraz ko\u0142nierza poduszkowego\"><\/p>\n<h2>Zagadnienia bezpiecze\u0144stwa i czynniki \u015brodowiskowe<\/h2>\n<p>\u015arodki bezpiecze\u0144stwa s\u0105 kluczowe podczas pracy z urz\u0105dzeniami hydraulicznymi. Operatorzy powinni by\u0107 przeszkoleni w zakresie potencjalnych zagro\u017ce\u0144 zwi\u0105zanych z uk\u0142adami hydraulicznymi, w tym ryzyka wycieku p\u0142ynu hydraulicznego i ryzyka wypadk\u00f3w pod wysokim ci\u015bnieniem. Noszenie odpowiedniego sprz\u0119tu ochrony osobistej (PPE) jest niezb\u0119dne do ochrony przed urazami. Ponadto regularne audyty bezpiecze\u0144stwa i przegl\u0105dy konserwacyjne mog\u0105 pom\u00f3c w ograniczeniu ryzyka.<\/p>\n<h2>Rozwi\u0105zywanie problem\u00f3w i typowe problemy<\/h2>\n<ul>\n<li><strong>Przeciek:<\/strong> Wycieki p\u0142ynu hydraulicznego cz\u0119sto wynikaj\u0105 ze zu\u017cycia uszczelek lub uszkodzonych z\u0142\u0105czy. Nale\u017cy przeprowadza\u0107 regularne kontrole w celu szybkiej identyfikacji i naprawy wszelkich wyciek\u00f3w.<\/li>\n<li><strong>Powolna praca:<\/strong> Je\u015bli cylinder pracuje powoli, mo\u017ce to oznacza\u0107 niski poziom p\u0142ynu hydraulicznego lub zapowietrzenie uk\u0142adu. Sprawd\u017a poziom p\u0142ynu i w razie potrzeby odpowietrz uk\u0142ad.<\/li>\n<li><strong>Nietypowe d\u017awi\u0119ki:<\/strong> Nietypowe d\u017awi\u0119ki podczas pracy mog\u0105 \u015bwiadczy\u0107 o uszkodzeniu wewn\u0119trznym lub braku smarowania. Zbadaj \u017ar\u00f3d\u0142o ha\u0142asu i zajmij si\u0119 nim, aby zapobiec dalszym uszkodzeniom.<\/li>\n<\/ul>\n<p>Aby skutecznie diagnozowa\u0107 i rozwi\u0105zywa\u0107 problemy, operatorzy powinni prowadzi\u0107 szczeg\u00f3\u0142owy rejestr pracy cylindra i wszelkich nieprawid\u0142owo\u015bci. Rejestr ten mo\u017ce pom\u00f3c w identyfikacji wzorc\u00f3w i u\u0142atwieniu podejmowania dzia\u0142a\u0144 zapobiegawczych, zmniejszaj\u0105c ryzyko ponownego wyst\u0105pienia problem\u00f3w.<\/p>\n<p><img decoding=\"async\" src=\"https:\/\/www.hydraulic-cylinders.net\/wp-content\/uploads\/2025\/04\/songte-bushings-with-all-kinds-of-excavator-models.webp\" alt=\"Obraz tulei\"><\/p>\n<h2>O naszej firmie<\/h2>\n<p>Jeste\u015bmy wiod\u0105cym producentem zamiennych cylindr\u00f3w hydraulicznych, oferuj\u0105cym szerok\u0105 gam\u0119 produkt\u00f3w, co plasuje nas w czo\u0142\u00f3wce producent\u00f3w i hurtownik\u00f3w cylindr\u00f3w hydraulicznych na rynku krajowym i mi\u0119dzynarodowym. Nasze d\u0105\u017cenie do doskona\u0142o\u015bci jest wspierane przez udoskonalon\u0105 strategi\u0119 produkcyjn\u0105, wykorzystuj\u0105c\u0105 wykwalifikowany personel techniczny, zaawansowany sprz\u0119t do produkcji cyfrowej oraz specjalistyczne systemy testowe, aby zwi\u0119kszy\u0107 nasze mo\u017cliwo\u015bci produkcyjne.<\/p>\n<p>Nasze nastawienie na jako\u015b\u0107 gwarantuje, \u017ce spe\u0142niamy zr\u00f3\u017cnicowane potrzeby klient\u00f3w dzi\u0119ki wydajnym, precyzyjnym i wysokiej jako\u015bci procesom produkcyjnym. Jeste\u015bmy dumni z naszej umiej\u0119tno\u015bci dostosowywania rozwi\u0105za\u0144 do indywidualnych potrzeb, co potwierdzaj\u0105 liczne mi\u0119dzynarodowe certyfikaty potwierdzaj\u0105ce nasz\u0105 niezawodno\u015b\u0107 i standardy wydajno\u015bci.<\/p>\n<p><img decoding=\"async\" src=\"https:\/\/www.hydraulic-cylinders.net\/wp-content\/uploads\/2025\/04\/songte-company-4.webp\" alt=\"Wizerunek firmy\"><br \/>\n<img decoding=\"async\" src=\"https:\/\/www.hydraulic-cylinders.net\/wp-content\/uploads\/2025\/04\/songte-company-3.webp\" alt=\"Wizerunek firmy\"><\/p>\n<p>Autor: lyl<\/p>","protected":false},"excerpt":{"rendered":"<p>Boom Cylinder For Yigong CY65-8 Introduction to Boom Cylinder The Boom Cylinder is a critical component in hydraulic systems, especially in heavy machinery applications. Specifically designed for machines like excavators, backhoe loaders, and front loaders, this hydraulic cylinder controls the movement of the bucket. It enables the bucket to lift, lower, and tilt, facilitating efficient [&hellip;]<\/p>","protected":false},"featured_media":17876,"comment_status":"open","ping_status":"closed","template":"","meta":{"_et_pb_use_builder":"","_et_pb_old_content":"","_et_gb_content_width":""},"product_brand":[],"product_cat":[1546],"product_tag":[1547,1496],"class_list":{"0":"post-19718","1":"product","2":"type-product","3":"status-publish","4":"has-post-thumbnail","6":"product_cat-boom-cylinders","7":"product_tag-boom-cylinders","8":"product_tag-hydraulic-cylinders","10":"first","11":"instock","12":"shipping-taxable","13":"product-type-simple"},"amp_enabled":true,"_links":{"self":[{"href":"https:\/\/www.hydraulic-cylinders.net\/pl\/wp-json\/wp\/v2\/product\/19718","targetHints":{"allow":["GET"]}}],"collection":[{"href":"https:\/\/www.hydraulic-cylinders.net\/pl\/wp-json\/wp\/v2\/product"}],"about":[{"href":"https:\/\/www.hydraulic-cylinders.net\/pl\/wp-json\/wp\/v2\/types\/product"}],"replies":[{"embeddable":true,"href":"https:\/\/www.hydraulic-cylinders.net\/pl\/wp-json\/wp\/v2\/comments?post=19718"}],"wp:featuredmedia":[{"embeddable":true,"href":"https:\/\/www.hydraulic-cylinders.net\/pl\/wp-json\/wp\/v2\/media\/17876"}],"wp:attachment":[{"href":"https:\/\/www.hydraulic-cylinders.net\/pl\/wp-json\/wp\/v2\/media?parent=19718"}],"wp:term":[{"taxonomy":"product_brand","embeddable":true,"href":"https:\/\/www.hydraulic-cylinders.net\/pl\/wp-json\/wp\/v2\/product_brand?post=19718"},{"taxonomy":"product_cat","embeddable":true,"href":"https:\/\/www.hydraulic-cylinders.net\/pl\/wp-json\/wp\/v2\/product_cat?post=19718"},{"taxonomy":"product_tag","embeddable":true,"href":"https:\/\/www.hydraulic-cylinders.net\/pl\/wp-json\/wp\/v2\/product_tag?post=19718"}],"curies":[{"name":"wp","href":"https:\/\/api.w.org\/{rel}","templated":true}]}}