{"id":19720,"date":"2025-04-07T07:03:41","date_gmt":"2025-04-07T07:03:41","guid":{"rendered":"https:\/\/www.hydraulic-cylinders.net\/product\/boom-cylinder-for-yigong-cy210\/"},"modified":"2025-04-07T07:03:43","modified_gmt":"2025-04-07T07:03:43","slug":"boom-cylinder-for-yigong-cy210","status":"publish","type":"product","link":"https:\/\/www.hydraulic-cylinders.net\/pl\/produkt\/boom-cylinder-for-yigong-cy210\/","title":{"rendered":"Si\u0142ownik wysi\u0119gnika do Yigong CY210"},"content":{"rendered":"<h1>Si\u0142ownik wysi\u0119gnika do Yigong CY210<\/h1>\n<h2>Wprowadzenie do cylindra wysi\u0119gnika<\/h2>\n<p>Si\u0142ownik wysi\u0119gnika to kluczowy element uk\u0142ad\u00f3w hydraulicznych, zaprojektowany specjalnie do sterowania ruchem \u0142y\u017cek w r\u00f3\u017cnych maszynach ci\u0119\u017ckich, takich jak koparki, koparko-\u0142adowarki i \u0142adowarki czo\u0142owe. Ten si\u0142ownik hydrauliczny umo\u017cliwia podnoszenie, opuszczanie i przechylanie \u0142y\u017cki, u\u0142atwiaj\u0105c wydajne zadania zwi\u0105zane z prze\u0142adunkiem materia\u0142\u00f3w. Si\u0142ownik wysi\u0119gnika zosta\u0142 zaprojektowany tak, aby wytrzymywa\u0142 wysokie ci\u015bnienia i du\u017ce obci\u0105\u017cenia, zapewniaj\u0105c niezb\u0119dn\u0105 wytrzyma\u0142o\u015b\u0107 i trwa\u0142o\u015b\u0107 wymagan\u0105 w wymagaj\u0105cych zastosowaniach. Jego rola w uk\u0142adach hydraulicznych jest kluczowa, poniewa\u017c przekszta\u0142ca ci\u015bnienie hydrauliczne w ruch mechaniczny, umo\u017cliwiaj\u0105c operatorom wykonywanie zada\u0144 z precyzj\u0105 i \u0142atwo\u015bci\u0105.<\/p>\n<p><img decoding=\"async\" src=\"https:\/\/www.hydraulic-cylinders.net\/wp-content\/uploads\/2025\/04\/songte-company-1.webp\" alt=\"Si\u0142ownik wysi\u0119gnika do Yigong CY210\"><\/p>\n<h2>Cechy cylindra wysi\u0119gnika<\/h2>\n<ul>\n<li><strong>Wysoka wytrzyma\u0142o\u015b\u0107 i trwa\u0142o\u015b\u0107:<\/strong> Si\u0142ownik wysi\u0119gnika, zazwyczaj wykonany z wysokowytrzyma\u0142ej stali lub aluminium, zosta\u0142 zaprojektowany tak, aby wytrzymywa\u0107 wysokie ci\u015bnienie i du\u017ce obci\u0105\u017cenia, a jednocze\u015bnie sprawdza\u0107 si\u0119 w trudnych warunkach pracy. Jego konstrukcja uwzgl\u0119dnia odporno\u015b\u0107 na zu\u017cycie i korozj\u0119, co wyd\u0142u\u017ca jego \u017cywotno\u015b\u0107.<\/li>\n<li><strong>Wydajna praca uk\u0142adu hydraulicznego:<\/strong> Si\u0142ownik wykorzystuje ci\u015bnienie oleju hydraulicznego, aby zapewni\u0107 p\u0142ynne wysuwanie i wsuwanie, umo\u017cliwiaj\u0105c szybk\u0105 reakcj\u0119 na sygna\u0142y steruj\u0105ce i zapewniaj\u0105c silne w\u0142a\u015bciwo\u015bci pchania i ci\u0105gni\u0119cia, odpowiednie do przenoszenia ci\u0119\u017ckich przedmiot\u00f3w i wykonywania skomplikowanych zada\u0144.<\/li>\n<li><strong>R\u00f3\u017cne typy:<\/strong> Si\u0142owniki wysi\u0119gnika mo\u017cna dobra\u0107 w zale\u017cno\u015bci od potrzeb, w tym si\u0142owniki jednostronnego dzia\u0142ania (wykorzystuj\u0105ce si\u0142\u0119 hydrauliczn\u0105 w jednym kierunku) lub dwustronnego dzia\u0142ania (wykorzystuj\u0105ce si\u0142\u0119 hydrauliczn\u0105 w obu kierunkach), co pozwala im spe\u0142nia\u0107 r\u00f3\u017cne wymagania operacyjne. Niekt\u00f3re modele s\u0105 teleskopowe, co pozwala na wi\u0119ksze wysuni\u0119cie bez zwi\u0119kszania wymiar\u00f3w zewn\u0119trznych, co jest idealne w zastosowaniach o ograniczonej przestrzeni.<\/li>\n<li><strong>Projekty do dostosowania:<\/strong> Nasza firma mo\u017ce wyprodukowa\u0107 ten produkt zgodnie ze specyfikacj\u0105 dostosowan\u0105 do Pa\u0144stwa wymaga\u0144. Nasze produkty stanowi\u0105 doskona\u0142y zamiennik istniej\u0105cych si\u0142ownik\u00f3w hydraulicznych.<\/li>\n<li><strong>Solidna konstrukcja:<\/strong> Ka\u017cdy cylinder wysi\u0119gnika zosta\u0142 skonstruowany z wykorzystaniem najnowocze\u015bniejszych technik produkcyjnych, co gwarantuje wysok\u0105 niezawodno\u015b\u0107 i wydajno\u015b\u0107 w wymagaj\u0105cych warunkach.<\/li>\n<\/ul>\n<p><img decoding=\"async\" src=\"https:\/\/www.hydraulic-cylinders.net\/wp-content\/uploads\/2025\/04\/songte-cylinder-head-with-all-kinds-excavator-models.webp\" alt=\"G\u0142owica cylindra do modeli koparek\"><\/p>\n<h2>Zastosowania cylindra wysi\u0119gnika<\/h2>\n<h3>Sprz\u0119t budowlany<\/h3>\n<p>W koparkach si\u0142owniki wysi\u0119gnika odgrywaj\u0105 kluczow\u0105 rol\u0119 w kopaniu, za\u0142adunku i przemieszczaniu ziemi i gruzu. Zapewniaj\u0105 one niezb\u0119dn\u0105 si\u0142\u0119 do efektywnego podnoszenia i opuszczania \u0142y\u017cki, umo\u017cliwiaj\u0105c operatorom precyzyjne wykonywanie prac wykopaliskowych. Wydajno\u015b\u0107 tych si\u0142ownik\u00f3w ma bezpo\u015bredni wp\u0142yw na wydajno\u015b\u0107 i efektywno\u015b\u0107 projekt\u00f3w budowlanych.<\/p>\n<h3>Maszyny rolnicze<\/h3>\n<p>Stosowane w \u0142adowarkach czo\u0142owych si\u0142owniki wysi\u0119gnika wspomagaj\u0105 nabieranie, podnoszenie i transport ziemi, siana i innych materia\u0142\u00f3w. Ich p\u0142ynny ruch i znaczna si\u0142a ud\u017awigu sprawiaj\u0105, \u017ce s\u0105 niezast\u0105pione w pracach rolniczych, poprawiaj\u0105c wydajno\u015b\u0107 takich operacji, jak za\u0142adunek i roz\u0142adunek materia\u0142\u00f3w.<\/p>\n<h3>Koparki<\/h3>\n<p>W koparkach si\u0142ownik wysi\u0119gnika umo\u017cliwia zag\u0142\u0119bianie si\u0119 \u0142y\u017cki w grunt, umo\u017cliwiaj\u0105c efektywne kopanie. Jego mocne dzia\u0142anie hydrauliczne pozwala operatorom radzi\u0107 sobie z r\u00f3\u017cnymi rodzajami gleby i warunkami, co przyczynia si\u0119 do wszechstronno\u015bci i wydajno\u015bci koparek na placach budowy.<\/p>\n<h3>\u0141adowarki<\/h3>\n<p>W \u0142adowarkach czo\u0142owych si\u0142owniki wysi\u0119gnika s\u0105 niezb\u0119dne do efektywnego podnoszenia i opr\u00f3\u017cniania \u0142adunk\u00f3w. Pomagaj\u0105 w podnoszeniu materia\u0142\u00f3w i przechylaniu \u0142y\u017cki w celu precyzyjnego opr\u00f3\u017cniania, co czyni je kluczowymi dla efektywnego transportu materia\u0142\u00f3w w pracach budowlanych i ogrodniczych.<\/p>\n<h2>Zagadnienia projektowe i kryteria wyboru<\/h2>\n<h3>No\u015bno\u015b\u0107<\/h3>\n<p>Przy wyborze si\u0142ownika wysi\u0119gnika kluczowe znaczenie ma zrozumienie jego ud\u017awigu. Okre\u015bla on, jaki ci\u0119\u017car si\u0142ownik mo\u017ce bezpiecznie podnie\u015b\u0107 i obs\u0142ugiwa\u0107. Ud\u017awig musi by\u0107 dobrze dopasowany do maszyny i zada\u0144, kt\u00f3re b\u0119dzie wykonywa\u0142, aby unikn\u0105\u0107 awarii mechanicznych i zapewni\u0107 bezpiecze\u0144stwo pracy.<\/p>\n<h3>Wydajno\u015b\u0107 uszczelnienia<\/h3>\n<p>Skuteczno\u015b\u0107 uszczelnienia jest kluczowa dla cylindr\u00f3w hydraulicznych, poniewa\u017c zapobiega wyciekom i utrzymuje ci\u015bnienie. Wysokiej jako\u015bci uszczelnienia s\u0105 niezb\u0119dne dla zapewnienia trwa\u0142o\u015bci i niezawodno\u015bci cylindra. Prawid\u0142owe mechanizmy uszczelniaj\u0105ce utrzymuj\u0105 p\u0142yn hydrauliczny w odpowiednim miejscu, zapobiegaj\u0105c utracie funkcji i zapewniaj\u0105c sta\u0142\u0105 wydajno\u015b\u0107 w zmiennych warunkach.<\/p>\n<h3>Trwa\u0142o\u015b\u0107 i d\u0142ugowieczno\u015b\u0107<\/h3>\n<p>Trwa\u0142o\u015b\u0107 jest kluczowym czynnikiem przy wyborze si\u0142ownik\u00f3w wysi\u0119gnika. Musz\u0105 one wytrzyma\u0107 trudne warunki \u015brodowiskowe, w tym ekstremalne temperatury, wilgo\u0107 i brud. Materia\u0142y u\u017cyte do ich budowy powinny by\u0107 odporne na zu\u017cycie i korozj\u0119, aby zapewni\u0107 optymaln\u0105 prac\u0119 si\u0142ownika przez ca\u0142y okres jego eksploatacji bez konieczno\u015bci cz\u0119stej wymiany.<\/p>\n<h3>Funkcje bezpiecze\u0144stwa<\/h3>\n<p>Funkcje bezpiecze\u0144stwa w si\u0142ownikach hydraulicznych maj\u0105 kluczowe znaczenie dla zapobiegania wypadkom i zapewnienia bezpiecze\u0144stwa operatora. Mog\u0105 to by\u0107 zawory bezpiecze\u0144stwa, blokady bezpiecze\u0144stwa i mechanizmy zabezpieczaj\u0105ce przed nag\u0142ymi awariami lub usterkami, przyczyniaj\u0105c si\u0119 do bezpieczniejszej pracy w trudnych warunkach.<\/p>\n<h3>Dost\u0119pno\u015b\u0107 konserwacyjna<\/h3>\n<p>Projektowanie si\u0142ownik\u00f3w wysi\u0119gnika z uwzgl\u0119dnieniem konserwacji jest kluczowe. Dost\u0119p do regularnych przegl\u0105d\u00f3w, napraw i smarowania gwarantuje, \u017ce si\u0142ownik pozostanie w optymalnym stanie technicznym. Konstrukcja umo\u017cliwiaj\u0105ca \u0142atwy dost\u0119p do uszczelnie\u0144 i podzespo\u0142\u00f3w u\u0142atwia konserwacj\u0119 zapobiegawcz\u0105, wyd\u0142u\u017caj\u0105c \u017cywotno\u015b\u0107 si\u0142ownika.<\/p>\n<p><img decoding=\"async\" src=\"https:\/\/www.hydraulic-cylinders.net\/wp-content\/uploads\/2025\/04\/songte-oil-pipes-and-spare-parts.webp\" alt=\"Rury olejowe i cz\u0119\u015bci zamienne\"><\/p>\n<h2>Uszczelnianie i smarowanie<\/h2>\n<p>Uk\u0142ady uszczelnie\u0144 i smarowania si\u0142ownik\u00f3w wysi\u0119gnika maj\u0105 kluczowe znaczenie dla ich wydajnej pracy. R\u00f3\u017cne uszczelnienia, takie jak uszczelnienia t\u0142oka i t\u0142oczyska, odgrywaj\u0105 kluczow\u0105 rol\u0119 w utrzymaniu ci\u015bnienia hydraulicznego i zapobieganiu wyciekom. Uszczelnienia s\u0105 cz\u0119sto wykonane z materia\u0142\u00f3w odpornych na zu\u017cycie, takich jak poliuretan i kauczuk nitrylowy, aby zwi\u0119kszy\u0107 trwa\u0142o\u015b\u0107 i wydajno\u015b\u0107.<\/p>\n<p>Korpus cylindra i gwintowane powierzchnie ko\u0144cowe poddawane s\u0105 precyzyjnej obr\u00f3bce w celu zwi\u0119kszenia odporno\u015bci na zu\u017cycie, co jest niezb\u0119dne dla d\u0142ugotrwa\u0142ego dzia\u0142ania. Regularne smarowanie olejem hydraulicznym zapewnia p\u0142ynn\u0105 prac\u0119 cz\u0119\u015bci ruchomych, zmniejszaj\u0105c tarcie i zu\u017cycie, a jednocze\u015bnie wyd\u0142u\u017caj\u0105c og\u00f3ln\u0105 \u017cywotno\u015b\u0107 cylindra.<\/p>\n<h2>\u015arodki konserwacji zapobiegawczej<\/h2>\n<ul>\n<li><strong>Regularne kontrole:<\/strong> Przeprowad\u017a dok\u0142adne kontrole, aby zidentyfikowa\u0107 wszelkie oznaki zu\u017cycia lub wyciek\u00f3w. Wczesne wykrycie problem\u00f3w mo\u017ce zapobiec powa\u017cnym awariom i kosztownym naprawom.<\/li>\n<li><strong>Prawid\u0142owe smarowanie:<\/strong> Upewnij si\u0119, \u017ce poziom oleju hydraulicznego jest odpowiedni i wymieniaj go w razie potrzeby. Zapobiega to przegrzaniu i zmniejsza zu\u017cycie element\u00f3w wewn\u0119trznych.<\/li>\n<li><strong>Wymiana uszczelki:<\/strong> Regularnie sprawdzaj uszczelki pod k\u0105tem uszkodze\u0144 lub zu\u017cycia. Terminowa wymiana uszczelek mo\u017ce zapobiec wyciekom i utrzyma\u0107 ci\u015bnienie hydrauliczne zapewniaj\u0105ce optymaln\u0105 wydajno\u015b\u0107.<\/li>\n<\/ul>\n<h2>Wytyczne dotycz\u0105ce instalacji<\/h2>\n<p>Prawid\u0142owy monta\u017c si\u0142ownika wysi\u0119gnika ma kluczowe znaczenie dla jego wydajno\u015bci i trwa\u0142o\u015bci. Na pocz\u0105tek nale\u017cy upewni\u0107 si\u0119, \u017ce miejsce pracy jest czyste i wolne od zanieczyszcze\u0144, kt\u00f3re mog\u0142yby wp\u0142yn\u0105\u0107 na monta\u017c. U\u017cyj odpowiednich wspornik\u00f3w monta\u017cowych, aby zabezpieczy\u0107 si\u0142ownik, upewniaj\u0105c si\u0119, \u017ce jest on prawid\u0142owo ustawiony wzgl\u0119dem maszyny.<\/p>\n<p>Podczas monta\u017cu nale\u017cy przestrzega\u0107 zalece\u0144 producenta dotycz\u0105cych momentu obrotowego i ustawienia. Zapewni to p\u0142ynn\u0105 i bezpieczn\u0105 prac\u0119 si\u0142ownika. Po monta\u017cu nale\u017cy sprawdzi\u0107, czy nie ma wyciek\u00f3w hydraulicznych i upewni\u0107 si\u0119, \u017ce si\u0142ownik porusza si\u0119 swobodnie i bez przeszk\u00f3d. Regularna kontrola monta\u017cu mo\u017ce pom\u00f3c w utrzymaniu optymalnej wydajno\u015bci i bezpiecze\u0144stwa.<\/p>\n<h2>Typowe zadania konserwacyjne<\/h2>\n<h3>Regularne kontrole<\/h3>\n<p>Regularne kontrole si\u0142ownika wysi\u0119gnika pomagaj\u0105 zidentyfikowa\u0107 potencjalne problemy, zanim stan\u0105 si\u0119 one powa\u017cne. Obejmuje to sprawdzenie szczelno\u015bci, nietypowych d\u017awi\u0119k\u00f3w oraz zapewnienie prawid\u0142owego poziomu p\u0142ynu hydraulicznego. Regularny monitoring mo\u017ce skutecznie zapobiega\u0107 powa\u017cnym awariom.<\/p>\n<h3>Prawid\u0142owe smarowanie<\/h3>\n<p>Zapewnienie prawid\u0142owego smarowania jest niezb\u0119dne do utrzymania sprawno\u015bci si\u0142ownika wysi\u0119gnika. Nale\u017cy stosowa\u0107 zalecany p\u0142yn hydrauliczny i przestrzega\u0107 zalece\u0144 producenta dotycz\u0105cych cz\u0119stotliwo\u015bci wymiany p\u0142ynu. Prawid\u0142owe smarowanie zmniejsza tarcie i zu\u017cycie, wyd\u0142u\u017caj\u0105c \u017cywotno\u015b\u0107 si\u0142ownika.<\/p>\n<h3>Wymiana uszczelek i kontrola kalibracji<\/h3>\n<p>Wymiana uszczelnie\u0144 jest kluczowa dla zachowania integralno\u015bci uk\u0142adu hydraulicznego. Regularnie sprawdzaj uszczelnienia i wymieniaj je w przypadku wykrycia zu\u017cycia lub uszkodzenia. Kontrole kalibracji s\u0105 r\u00f3wnie\u017c wa\u017cne, aby zapewni\u0107, \u017ce si\u0142ownik dzia\u0142a zgodnie z okre\u015blonymi parametrami, zwi\u0119kszaj\u0105c bezpiecze\u0144stwo i wydajno\u015b\u0107.<\/p>\n<p><img decoding=\"async\" src=\"https:\/\/www.hydraulic-cylinders.net\/wp-content\/uploads\/2025\/04\/songte-chushion-collar.webp\" alt=\"Ko\u0142nierz poduszkowy\"><\/p>\n<h2>Zagadnienia bezpiecze\u0144stwa i czynniki \u015brodowiskowe<\/h2>\n<p>Podczas obs\u0142ugi cylindr\u00f3w hydraulicznych \u015brodki bezpiecze\u0144stwa maj\u0105 kluczowe znaczenie. Operatorzy musz\u0105 by\u0107 przeszkoleni w zakresie potencjalnych zagro\u017ce\u0144 zwi\u0105zanych z systemami hydraulicznymi. Odpowiednie protoko\u0142y bezpiecze\u0144stwa, w tym stosowanie \u015brodk\u00f3w ochrony indywidualnej i przestrzeganie wytycznych operacyjnych, s\u0105 niezb\u0119dne do minimalizacji ryzyka w miejscu pracy.<\/p>\n<h2>Diagnostyka usterek i typowe problemy<\/h2>\n<ul>\n<li><strong>Utrata ci\u015bnienia hydraulicznego:<\/strong> Mo\u017ce to by\u0107 spowodowane nieszczelno\u015bciami w uk\u0142adzie, wadliwymi uszczelnieniami lub niewystarczaj\u0105c\u0105 ilo\u015bci\u0105 p\u0142ynu hydraulicznego. Sprawd\u017a, czy nie ma widocznych wyciek\u00f3w i upewnij si\u0119, \u017ce poziom p\u0142ynu hydraulicznego jest prawid\u0142owy.<\/li>\n<li><strong>Powolna praca:<\/strong> Oci\u0119\u017ca\u0142y si\u0142ownik wysi\u0119gnika mo\u017ce wskazywa\u0107 na niski poziom p\u0142ynu hydraulicznego lub jego zanieczyszczenie. Regularna konserwacja i wymiana p\u0142ynu mog\u0105 pom\u00f3c zapobiec temu problemowi.<\/li>\n<li><strong>Nieoczekiwane d\u017awi\u0119ki:<\/strong> Nietypowe odg\u0142osy podczas pracy mog\u0105 sygnalizowa\u0107 zu\u017cycie wewn\u0119trzne, lu\u017ane elementy lub brak smarowania. Przeprowad\u017a dok\u0142adne kontrole, aby zidentyfikowa\u0107 i usun\u0105\u0107 przyczyn\u0119 ha\u0142asu.<\/li>\n<\/ul>\n<h2>Wskaz\u00f3wki dotycz\u0105ce rozwi\u0105zywania problem\u00f3w<\/h2>\n<p>Aby skutecznie rozwi\u0105zywa\u0107 problemy z si\u0142ownikami hydraulicznymi, nale\u017cy zacz\u0105\u0107 od systematycznej kontroli ca\u0142ego uk\u0142adu hydraulicznego. Nale\u017cy zidentyfikowa\u0107 wszelkie widoczne problemy, takie jak wycieki, i nas\u0142uchiwa\u0107 nietypowych d\u017awi\u0119k\u00f3w podczas pracy. Nale\u017cy upewni\u0107 si\u0119, \u017ce p\u0142yn hydrauliczny jest czysty i ma odpowiedni poziom, a w razie potrzeby wymieni\u0107 go.<\/p>\n<p>Wdra\u017canie \u015brodk\u00f3w zapobiegawczych, takich jak regularna konserwacja i przegl\u0105dy, mo\u017ce znacznie zmniejszy\u0107 prawdopodobie\u0144stwo wyst\u0105pienia problem\u00f3w. Edukacja operator\u00f3w w zakresie prawid\u0142owego u\u017cytkowania i konserwacji uk\u0142ad\u00f3w hydraulicznych r\u00f3wnie\u017c przyczynia si\u0119 do minimalizacji potencjalnych problem\u00f3w.<\/p>\n<p><img decoding=\"async\" src=\"https:\/\/www.hydraulic-cylinders.net\/wp-content\/uploads\/2025\/04\/songte-bushings-with-all-kinds-of-excavator-models.webp\" alt=\"Tuleje do modeli koparek\"><\/p>\n<h2>O naszej firmie<\/h2>\n<p>Jeste\u015bmy wiod\u0105cym producentem i hurtowym dystrybutorem zamiennych si\u0142ownik\u00f3w hydraulicznych, oferuj\u0105cym szerok\u0105 gam\u0119 produkt\u00f3w, dzi\u0119ki kt\u00f3rej stali\u015bmy si\u0119 liderem na rynku krajowym i mi\u0119dzynarodowym. Nasze zaanga\u017cowanie w d\u0105\u017cenie do doskona\u0142o\u015bci jako\u015bci jest wspierane przez udoskonalon\u0105 strategi\u0119 zarz\u0105dzania produkcj\u0105, wykorzystuj\u0105c\u0105 zaawansowane zak\u0142ady produkcyjne.<\/p>\n<p>Koncentruj\u0105c si\u0119 na wykwalifikowanym personelu, wysokiej klasy cyfrowym sprz\u0119cie produkcyjnym i profesjonalnych systemach testowych, stale udoskonalamy nasz\u0105 platform\u0119 produkcyjn\u0105. Nasze wysokie kompetencje innowacyjne w po\u0142\u0105czeniu z zasadami wysokiej wydajno\u015bci, precyzji i jako\u015bci pozwalaj\u0105 nam sprosta\u0107 zr\u00f3\u017cnicowanym potrzebom klient\u00f3w.<\/p>\n<p><img decoding=\"async\" src=\"https:\/\/www.hydraulic-cylinders.net\/wp-content\/uploads\/2025\/04\/songte-company-4.webp\" alt=\"Przegl\u0105d firmy\"><br \/>\n<img decoding=\"async\" src=\"https:\/\/www.hydraulic-cylinders.net\/wp-content\/uploads\/2025\/04\/songte-company-3.webp\" alt=\"Najwa\u017cniejsze informacje o firmie\"><\/p>\n<p>Autor: lyl<\/p>","protected":false},"excerpt":{"rendered":"<p>Boom Cylinder For Yigong CY210 Introduction to Boom Cylinder A boom cylinder is a crucial component in hydraulic systems, specifically designed to control the movement of buckets in various heavy machinery, such as excavators, backhoe loaders, and front-end loaders. This hydraulic cylinder enables the bucket to lift, lower, and tilt, facilitating efficient material handling tasks. [&hellip;]<\/p>","protected":false},"featured_media":17878,"comment_status":"open","ping_status":"closed","template":"","meta":{"_et_pb_use_builder":"","_et_pb_old_content":"","_et_gb_content_width":""},"product_brand":[],"product_cat":[1546],"product_tag":[1547,1496],"class_list":{"0":"post-19720","1":"product","2":"type-product","3":"status-publish","4":"has-post-thumbnail","6":"product_cat-boom-cylinders","7":"product_tag-boom-cylinders","8":"product_tag-hydraulic-cylinders","10":"first","11":"instock","12":"shipping-taxable","13":"product-type-simple"},"amp_enabled":true,"_links":{"self":[{"href":"https:\/\/www.hydraulic-cylinders.net\/pl\/wp-json\/wp\/v2\/product\/19720","targetHints":{"allow":["GET"]}}],"collection":[{"href":"https:\/\/www.hydraulic-cylinders.net\/pl\/wp-json\/wp\/v2\/product"}],"about":[{"href":"https:\/\/www.hydraulic-cylinders.net\/pl\/wp-json\/wp\/v2\/types\/product"}],"replies":[{"embeddable":true,"href":"https:\/\/www.hydraulic-cylinders.net\/pl\/wp-json\/wp\/v2\/comments?post=19720"}],"wp:featuredmedia":[{"embeddable":true,"href":"https:\/\/www.hydraulic-cylinders.net\/pl\/wp-json\/wp\/v2\/media\/17878"}],"wp:attachment":[{"href":"https:\/\/www.hydraulic-cylinders.net\/pl\/wp-json\/wp\/v2\/media?parent=19720"}],"wp:term":[{"taxonomy":"product_brand","embeddable":true,"href":"https:\/\/www.hydraulic-cylinders.net\/pl\/wp-json\/wp\/v2\/product_brand?post=19720"},{"taxonomy":"product_cat","embeddable":true,"href":"https:\/\/www.hydraulic-cylinders.net\/pl\/wp-json\/wp\/v2\/product_cat?post=19720"},{"taxonomy":"product_tag","embeddable":true,"href":"https:\/\/www.hydraulic-cylinders.net\/pl\/wp-json\/wp\/v2\/product_tag?post=19720"}],"curies":[{"name":"wp","href":"https:\/\/api.w.org\/{rel}","templated":true}]}}