{"id":19724,"date":"2025-04-07T07:04:02","date_gmt":"2025-04-07T07:04:02","guid":{"rendered":"https:\/\/www.hydraulic-cylinders.net\/product\/boom-cylinder-for-xiniu-xn63180\/"},"modified":"2025-04-07T07:04:05","modified_gmt":"2025-04-07T07:04:05","slug":"boom-cylinder-for-xiniu-xn63180","status":"publish","type":"product","link":"https:\/\/www.hydraulic-cylinders.net\/pl\/produkt\/boom-cylinder-for-xiniu-xn63180\/","title":{"rendered":"Si\u0142ownik wysi\u0119gnika do Xiniu XN63180"},"content":{"rendered":"<h1>Si\u0142ownik wysi\u0119gnika do Xiniu XN63180<\/h1>\n<h2>Przegl\u0105d produktu<\/h2>\n<p>Si\u0142ownik wysi\u0119gnika Xiniu XN63180 to specjalistyczny si\u0142ownik hydrauliczny przeznaczony do sterowania ruchem \u0142y\u017cek r\u00f3\u017cnych maszyn ci\u0119\u017ckich, takich jak koparki, koparko-\u0142adowarki i \u0142adowarki czo\u0142owe. Ten si\u0142ownik hydrauliczny umo\u017cliwia podnoszenie, opuszczanie i przechylanie \u0142y\u017cki, u\u0142atwiaj\u0105c wydajne przenoszenie materia\u0142\u00f3w. Si\u0142ownik \u0142y\u017cki odgrywa kluczow\u0105 rol\u0119 w uk\u0142adach hydraulicznych, zapewniaj\u0105c niezb\u0119dn\u0105 si\u0142\u0119 i ruch do wykonywania wymagaj\u0105cych prac w budownictwie i rolnictwie. Jego konstrukcja gwarantuje optymaln\u0105 wydajno\u015b\u0107 i niezawodno\u015b\u0107, co czyni go niezb\u0119dnym elementem dla operator\u00f3w w r\u00f3\u017cnych bran\u017cach.<\/p>\n<p><img decoding=\"async\" src=\"https:\/\/www.hydraulic-cylinders.net\/wp-content\/uploads\/2025\/04\/songte-company-1.webp\" alt=\"Si\u0142ownik wysi\u0119gnika\" \/><\/p>\n<h2>Cechy cylindra wysi\u0119gnika<\/h2>\n<ul>\n<li><strong>Wysoka wytrzyma\u0142o\u015b\u0107 i trwa\u0142o\u015b\u0107:<\/strong> Wykonany zazwyczaj z wysokowytrzyma\u0142ej stali lub aluminium, ten cylinder wytrzymuje wysokie ci\u015bnienia i du\u017ce obci\u0105\u017cenia, dzi\u0119ki czemu nadaje si\u0119 do pracy w trudnych warunkach. Jego konstrukcja zapewnia odporno\u015b\u0107 na zu\u017cycie i korozj\u0119, co wyd\u0142u\u017ca jego \u017cywotno\u015b\u0107.<\/li>\n<li><strong>Wydajna praca uk\u0142adu hydraulicznego:<\/strong> Wykorzystanie ci\u015bnienia oleju hydraulicznego pozwala na p\u0142ynne wysuwanie i wsuwanie, szybk\u0105 reakcj\u0119 na polecenia steruj\u0105ce i jednoczesne zapewnienie du\u017cych si\u0142 pchania i ci\u0105gni\u0119cia, co jest idealne przy podnoszeniu ci\u0119\u017ckich przedmiot\u00f3w i wykonywaniu skomplikowanych zada\u0144.<\/li>\n<li><strong>R\u00f3\u017cne typy:<\/strong> Dost\u0119pne w konfiguracjach, takich jak dzia\u0142anie pojedyncze (wykorzystuj\u0105ce si\u0142\u0119 hydrauliczn\u0105 w jednym kierunku) lub dzia\u0142anie podw\u00f3jne (wykorzystuj\u0105ce si\u0142\u0119 hydrauliczn\u0105 w obu kierunkach), przy czym niekt\u00f3re modele s\u0105 teleskopowe, co pozwala na wi\u0119ksze wysuni\u0119cie bez zwi\u0119kszania wymiar\u00f3w zewn\u0119trznych, nadaj\u0105c si\u0119 do ograniczonych przestrzeni.<\/li>\n<li><strong>Mo\u017cliwo\u015bci produkcji niestandardowej:<\/strong> Nasz zak\u0142ad jest w stanie wyprodukowa\u0107 ten produkt, idealnie zast\u0119puj\u0105c istniej\u0105ce si\u0142owniki hydrauliczne rozwi\u0105zaniami dostosowanymi do konkretnych wymaga\u0144.<\/li>\n<li><strong>Szeroki zakres zastosowa\u0144:<\/strong> Zaprojektowane dla r\u00f3\u017cnych ga\u0142\u0119zi przemys\u0142u, si\u0142owniki te mo\u017cna dostosowa\u0107 do r\u00f3\u017cnych typ\u00f3w maszyn i zastosowa\u0144.<\/li>\n<\/ul>\n<p><img decoding=\"async\" src=\"https:\/\/www.hydraulic-cylinders.net\/wp-content\/uploads\/2025\/04\/songte-cylinder-head-with-all-kinds-excavator-models.webp\" alt=\"Model koparki\" \/><\/p>\n<h2>Scenariusze zastosowa\u0144<\/h2>\n<h3>Sprz\u0119t budowlany<\/h3>\n<p>W koparkach si\u0142owniki wysi\u0119gnika s\u0105 niezb\u0119dne do kopania, za\u0142adunku i przemieszczania ziemi lub gruzu. U\u0142atwiaj\u0105 kopanie, umo\u017cliwiaj\u0105c \u0142y\u017cce penetracj\u0119 gruntu, co zwi\u0119ksza wydajno\u015b\u0107 prac ziemnych. W koparko-\u0142adowarkach si\u0142ownik \u0142y\u017cki nie tylko wspomaga kopanie, ale tak\u017ce podnosi materia\u0142y, znacznie zwi\u0119kszaj\u0105c wydajno\u015b\u0107 na placach budowy.<\/p>\n<h3>Maszyny rolnicze<\/h3>\n<p>W przypadku \u0142adowarek czo\u0142owych si\u0142owniki wysi\u0119gnika odgrywaj\u0105 kluczow\u0105 rol\u0119 w nabieraniu, podnoszeniu i transporcie gleby, siana i innych materia\u0142\u00f3w. Ich zdolno\u015b\u0107 do obs\u0142ugi zr\u00f3\u017cnicowanych obci\u0105\u017ce\u0144 pozwala rolnikom zwi\u0119kszy\u0107 wydajno\u015b\u0107 pracy, gwarantuj\u0105c terminowe wykonanie zada\u0144, od przygotowania pola po zbi\u00f3r.<\/p>\n<h3>Koparki<\/h3>\n<p>W koparkach si\u0142ownik wysi\u0119gnika umo\u017cliwia skuteczne zag\u0142\u0119bianie si\u0119 \u0142y\u017cki w grunt, u\u0142atwiaj\u0105c kopanie. Ta funkcja jest kluczowa w przypadku r\u00f3\u017cnych zada\u0144, takich jak kopanie row\u00f3w i przygotowanie terenu, gdzie do wykonania skomplikowanych prac kopania wymagana jest precyzja i moc.<\/p>\n<h3>\u0141adowarki<\/h3>\n<p>W \u0142adowarkach czo\u0142owych si\u0142owniki wysi\u0119gnika odgrywaj\u0105 kluczow\u0105 rol\u0119 w efektywnym podnoszeniu i zrzucaniu materia\u0142\u00f3w. Ich hydrauliczne mo\u017cliwo\u015bci pozwalaj\u0105 operatorom z \u0142atwo\u015bci\u0105 obs\u0142ugiwa\u0107 ci\u0119\u017ckie \u0142adunki, zwi\u0119kszaj\u0105c og\u00f3ln\u0105 wydajno\u015b\u0107 \u0142adowarki w r\u00f3\u017cnych sytuacjach zwi\u0105zanych z prze\u0142adunkiem materia\u0142\u00f3w.<\/p>\n<h2>Zagadnienia projektowe i kryteria wyboru<\/h2>\n<ul>\n<li><strong>No\u015bno\u015b\u0107:<\/strong> Wyb\u00f3r si\u0142ownika hydraulicznego o odpowiedniej no\u015bno\u015bci jest kluczowy, aby zapewni\u0107 jego ud\u017awig do oczekiwanego ci\u0119\u017caru bez uszczerbku dla bezpiecze\u0144stwa i wydajno\u015bci. Wymaga to zrozumienia specyficznych wymaga\u0144 danego zastosowania i doboru si\u0142ownika, kt\u00f3ry niezawodnie je wytrzyma.<\/li>\n<li><strong>Rozwi\u0105zania uszczelniaj\u0105ce:<\/strong> Skuteczne uszczelnienie ma kluczowe znaczenie dla zachowania integralno\u015bci hydraulicznej. Wysokiej jako\u015bci uszczelki zapobiegaj\u0105 wyciekom, kt\u00f3re mog\u0105 negatywnie wp\u0142yn\u0105\u0107 na wydajno\u015b\u0107 systemu. Kluczowe jest, aby wybiera\u0107 uszczelki wykonane z materia\u0142\u00f3w takich jak poliuretan lub kauczuk nitrylowy, kt\u00f3re zapewniaj\u0105 d\u0142ugotrwa\u0142\u0105 wydajno\u015b\u0107 w zmiennych warunkach ci\u015bnienia i temperatury.<\/li>\n<li><strong>Trwa\u0142o\u015b\u0107:<\/strong> Materia\u0142y i konstrukcja cylindra musz\u0105 by\u0107 odporne na trudne warunki, cz\u0119sto wyst\u0119puj\u0105ce w budownictwie i rolnictwie. Oznacza to odporno\u015b\u0107 na zu\u017cycie i korozj\u0119, co gwarantuje, \u017ce cylinder b\u0119dzie dzia\u0142a\u0142 przez d\u0142ugi czas.<\/li>\n<li><strong>Funkcje bezpiecze\u0144stwa:<\/strong> Bezpiecze\u0144stwo jest najwa\u017cniejsze w uk\u0142adach hydraulicznych. Cylindry powinny by\u0107 zaprojektowane z uwzgl\u0119dnieniem funkcji zapobiegaj\u0105cych przeci\u0105\u017ceniom i zapewniaj\u0105cych bezpieczn\u0105 prac\u0119 w ka\u017cdych warunkach. Obejmuje to zastosowanie zawor\u00f3w bezpiecze\u0144stwa i mechanizm\u00f3w zabezpieczaj\u0105cych przed rozerwaniem w celu ograniczenia ryzyka.<\/li>\n<li><strong>Dost\u0119pno\u015b\u0107 konserwacyjna:<\/strong> Projekt powinien r\u00f3wnie\u017c uwzgl\u0119dnia\u0107 \u0142atwo\u015b\u0107 konserwacji. Funkcje umo\u017cliwiaj\u0105ce szybkie przegl\u0105dy, rutynowe smarowanie i wymian\u0119 zu\u017cytych podzespo\u0142\u00f3w mog\u0105 znacznie skr\u00f3ci\u0107 przestoje i wyd\u0142u\u017cy\u0107 \u017cywotno\u015b\u0107 cylindra.<\/li>\n<\/ul>\n<p><img decoding=\"async\" src=\"https:\/\/www.hydraulic-cylinders.net\/wp-content\/uploads\/2025\/04\/songte-oil-pipes-and-spare-parts.webp\" alt=\"Elementy hydrauliczne\" \/><\/p>\n<h2>Uszczelnianie i smarowanie<\/h2>\n<p>Skuteczne uszczelnienie jest kluczowe w cylindrach hydraulicznych, aby zapewni\u0107 optymaln\u0105 wydajno\u015b\u0107 i niezawodno\u015b\u0107. R\u00f3\u017cne elementy uszczelniaj\u0105ce, takie jak uszczelnienia t\u0142ok\u00f3w i t\u0142oczysk, s\u0142u\u017c\u0105 do utrzymania ci\u015bnienia i zapobiegania wyciekom p\u0142ynu. Uszczelnienia wykonane z trwa\u0142ych materia\u0142\u00f3w, takich jak poliuretan i kauczuk nitrylowy, s\u0105 dobierane ze wzgl\u0119du na ich odporno\u015b\u0107 na zu\u017cycie, co gwarantuje d\u0142ugowieczno\u015b\u0107 w warunkach wysokiego ci\u015bnienia.<\/p>\n<p>Korpus cylindra i gwintowane ko\u0144c\u00f3wki s\u0105 precyzyjnie obrobione, aby zwi\u0119kszy\u0107 trwa\u0142o\u015b\u0107 i odporno\u015b\u0107 na zu\u017cycie. Regularne smarowanie olejem hydraulicznym jest niezb\u0119dne, aby zminimalizowa\u0107 tarcie i zu\u017cycie cz\u0119\u015bci ruchomych, wyd\u0142u\u017caj\u0105c \u017cywotno\u015b\u0107 cylindra.<\/p>\n<h2>Regularne kontrole i konserwacja zapobiegawcza<\/h2>\n<ul>\n<li><strong>Inspekcje wizualne:<\/strong> Regularnie sprawdzaj cylinder pod k\u0105tem oznak zu\u017cycia, nieszczelno\u015bci lub uszkodze\u0144. Wczesne wykrycie problem\u00f3w mo\u017ce zapobiec powa\u017cniejszym awariom i zapewni\u0107 ci\u0105g\u0142o\u015b\u0107 pracy.<\/li>\n<li><strong>Kontrola smarowania:<\/strong> Upewnij si\u0119, \u017ce poziom oleju hydraulicznego jest odpowiedni, a punkty smarowania s\u0105 regularnie serwisowane. Brak smarowania mo\u017ce prowadzi\u0107 do zwi\u0119kszonego zu\u017cycia i ewentualnej awarii cylindra.<\/li>\n<li><strong>Wymiana uszczelki:<\/strong> Monitoruj stan uszczelek i wymieniaj je w razie potrzeby, aby zapobiega\u0107 wyciekom i utrzyma\u0107 wydajno\u015b\u0107 hydrauliczn\u0105. Regularna wymiana mo\u017ce obni\u017cy\u0107 koszty zwi\u0105zane z potencjalnymi naprawami i przestojami.<\/li>\n<\/ul>\n<h2>Prawid\u0142owe wytyczne dotycz\u0105ce instalacji<\/h2>\n<p>Prawid\u0142owy monta\u017c si\u0142ownik\u00f3w hydraulicznych ma kluczowe znaczenie dla zapewnienia trwa\u0142o\u015bci i wydajno\u015bci. Zacznij od starannego wyr\u00f3wnania si\u0142ownika z punktami mocowania, aby unikn\u0105\u0107 niewsp\u00f3\u0142osiowo\u015bci, kt\u00f3ra mo\u017ce prowadzi\u0107 do przedwczesnego zu\u017cycia. U\u017cyj odpowiednich wspornik\u00f3w monta\u017cowych, aby pewnie zamocowa\u0107 si\u0142ownik na miejscu.<\/p>\n<p>Przed uruchomieniem maszyny nale\u017cy sprawdzi\u0107, czy wszystkie po\u0142\u0105czenia hydrauliczne s\u0105 szczelne i szczelne. Przestrzeganie instrukcji producenta dotycz\u0105cych procedur instalacji pomo\u017ce zachowa\u0107 integralno\u015b\u0107 uk\u0142adu hydraulicznego.<\/p>\n<p>Upewnij si\u0119, \u017ce cylinder dzia\u0142a w okre\u015blonych zakresach ci\u015bnienia i obci\u0105\u017cenia, aby zapobiec przeci\u0105\u017ceniu, kt\u00f3re mo\u017ce prowadzi\u0107 do powa\u017cnych awarii. Po monta\u017cu przeprowad\u017a test dzia\u0142ania, aby potwierdzi\u0107 prawid\u0142owe dzia\u0142anie.<\/p>\n<h2>Typowe zadania konserwacyjne<\/h2>\n<ul>\n<li><strong>Regularne kontrole:<\/strong> Przeprowadzaj rutynowe kontrole, aby wcze\u015bnie zidentyfikowa\u0107 potencjalne problemy. Obejmuje to sprawdzenie szczelno\u015bci, p\u0119kni\u0119\u0107 i oznak zu\u017cycia.<\/li>\n<li><strong>Prawid\u0142owe smarowanie:<\/strong> Regularnie smaruj ruchome cz\u0119\u015bci olejem hydraulicznym, aby zmniejszy\u0107 tarcie i zu\u017cycie. Ma to kluczowe znaczenie dla trwa\u0142o\u015bci cylindra.<\/li>\n<li><strong>Wymiana uszczelki:<\/strong> Regularnie sprawdzaj stan uszczelek i wymieniaj je na czas, aby zapobiec wyciekom. Prawid\u0142owa konserwacja uszczelek jest niezb\u0119dna do utrzymania ci\u015bnienia hydraulicznego.<\/li>\n<\/ul>\n<p>Prawid\u0142owy monta\u017c wymaga zapewnienia prawid\u0142owego ustawienia cylindra, poniewa\u017c niewsp\u00f3\u0142osiowo\u015b\u0107 mo\u017ce prowadzi\u0107 do nadmiernego zu\u017cycia i przedwczesnej awarii. Nale\u017cy stosowa\u0107 odpowiednie podpory monta\u017cowe, aby ustabilizowa\u0107 cylinder. Regularne kontrole zu\u017cycia mog\u0105 pom\u00f3c zapobiec awariom, a terminowe naprawy i wymiana uszkodzonych cz\u0119\u015bci mog\u0105 zwi\u0119kszy\u0107 trwa\u0142o\u015b\u0107 i wydajno\u015b\u0107 uk\u0142adu hydraulicznego.<\/p>\n<p><img decoding=\"async\" src=\"https:\/\/www.hydraulic-cylinders.net\/wp-content\/uploads\/2025\/04\/songte-chushion-collar.webp\" alt=\"Ko\u0142nierz poduszkowy\" \/><\/p>\n<h2>Zagadnienia bezpiecze\u0144stwa i czynniki \u015brodowiskowe<\/h2>\n<p>Podczas u\u017cytkowania cylindr\u00f3w hydraulicznych przestrzeganie zasad bezpiecze\u0144stwa jest niezwykle wa\u017cne. Operatorzy powinni by\u0107 przeszkoleni w zakresie bezpiecznej obs\u0142ugi i rozumie\u0107 potencjalne zagro\u017cenia zwi\u0105zane z uk\u0142adami hydraulicznymi. Regularne audyty bezpiecze\u0144stwa mog\u0105 pom\u00f3c w identyfikacji zagro\u017ce\u0144 i wdro\u017ceniu niezb\u0119dnych \u015brodk\u00f3w ostro\u017cno\u015bci, aby zapewni\u0107 bezpieczne \u015brodowisko pracy.<\/p>\n<h2>Rozwi\u0105zywanie problem\u00f3w i typowe problemy<\/h2>\n<ul>\n<li><strong>Przeciek:<\/strong> Wycieki p\u0142ynu hydraulicznego mog\u0105 wskazywa\u0107 na uszkodzenie uszczelnie\u0144 lub nieprawid\u0142owe po\u0142\u0105czenia. Regularnie sprawdzaj uszczelnienia i po\u0142\u0105czenia, aby zapobiec utracie p\u0142ynu.<\/li>\n<li><strong>Niesp\u00f3jne dzia\u0142anie:<\/strong> Je\u015bli cylinder pracuje nieregularnie, przyczyn\u0105 mo\u017ce by\u0107 powietrze w uk\u0142adzie hydraulicznym lub niedob\u00f3r p\u0142ynu hydraulicznego. Regularnie odpowietrzaj uk\u0142ad i sprawdzaj poziom p\u0142ynu.<\/li>\n<li><strong>Przegrzanie:<\/strong> Przegrzanie cylindra mo\u017ce oznacza\u0107 nadmierne obci\u0105\u017cenie lub niedostateczne smarowanie. Monitoruj warunki pracy i zadbaj o prawid\u0142owe smarowanie, aby zminimalizowa\u0107 ten problem.<\/li>\n<\/ul>\n<h2>Wskaz\u00f3wki dotycz\u0105ce rozwi\u0105zywania problem\u00f3w<\/h2>\n<p>Aby skutecznie diagnozowa\u0107 i rozwi\u0105zywa\u0107 problemy, operatorzy powinni stosowa\u0107 podej\u015bcie systemowe. Zacznij od identyfikacji objaw\u00f3w, takich jak wycieki lub nieregularne ruchy. Nast\u0119pnie sprawd\u017a potencjalne przyczyny, takie jak zu\u017cyte uszczelki, powietrze w uk\u0142adzie lub niedostateczne smarowanie. Wdra\u017caj \u015brodki zapobiegawcze, takie jak regularna konserwacja i przegl\u0105dy, aby zminimalizowa\u0107 ryzyko ponownego wyst\u0105pienia problem\u00f3w.<\/p>\n<p><img decoding=\"async\" src=\"https:\/\/www.hydraulic-cylinders.net\/wp-content\/uploads\/2025\/04\/songte-bushings-with-all-kinds-of-excavator-models.webp\" alt=\"Tuleje do koparek\" \/><\/p>\n<h2>Przegl\u0105d firmy<\/h2>\n<p>Jeste\u015bmy wiod\u0105cym producentem zamiennych si\u0142ownik\u00f3w hydraulicznych, oferuj\u0105cym szerok\u0105 gam\u0119 produkt\u00f3w, dzi\u0119ki kt\u00f3rej stali\u015bmy si\u0119 jednym z czo\u0142owych hurtownik\u00f3w na rynku krajowym i mi\u0119dzynarodowym. D\u0105\u017c\u0105c do najwy\u017cszej jako\u015bci, stosujemy udoskonalon\u0105 strategi\u0119 zarz\u0105dzania produkcj\u0105, wykorzystuj\u0105c talent techniczny, zaawansowany sprz\u0119t do produkcji cyfrowej oraz kompleksowy system testowania, aby zwi\u0119kszy\u0107 nasze mo\u017cliwo\u015bci produkcyjne. Skupienie si\u0119 na wysokiej wydajno\u015bci, precyzji i jako\u015bci pozwala nam sprosta\u0107 zr\u00f3\u017cnicowanym potrzebom naszych klient\u00f3w.<\/p>\n<p>Nasze do\u015bwiadczenie obejmuje specjalistyczne us\u0142ugi, w tym rozwi\u0105zania niestandardowe, dostosowane do konkretnych zastosowa\u0144, gwarantuj\u0105c klientom optymalne cylindry hydrauliczne, dostosowane do ich potrzeb. Jeste\u015bmy dumni z posiadania mi\u0119dzynarodowych certyfikat\u00f3w, kt\u00f3re potwierdzaj\u0105 nasze zaanga\u017cowanie w jako\u015b\u0107 i bezpiecze\u0144stwo.<\/p>\n<p><img decoding=\"async\" src=\"https:\/\/www.hydraulic-cylinders.net\/wp-content\/uploads\/2025\/04\/songte-company-4.webp\" alt=\"Infrastruktura firmy\" \/><br \/>\n<img decoding=\"async\" src=\"https:\/\/www.hydraulic-cylinders.net\/wp-content\/uploads\/2025\/04\/songte-company-3.webp\" alt=\"Zak\u0142ad produkcyjny\" \/><\/p>\n<p>Autor: lyl<\/p>","protected":false},"excerpt":{"rendered":"<p>Boom Cylinder For Xiniu XN63180 Product Overview The Boom Cylinder for Xiniu XN63180 is a specialized hydraulic cylinder designed to control the movement of various heavy machinery buckets, such as excavators, backhoe loaders, and front loaders. This hydraulic cylinder enables the bucket to lift, lower, and tilt, facilitating efficient material handling tasks. The bucket cylinder [&hellip;]<\/p>","protected":false},"featured_media":17867,"comment_status":"open","ping_status":"closed","template":"","meta":{"_et_pb_use_builder":"","_et_pb_old_content":"","_et_gb_content_width":""},"product_brand":[],"product_cat":[1546],"product_tag":[1547,1496],"class_list":{"0":"post-19724","1":"product","2":"type-product","3":"status-publish","4":"has-post-thumbnail","6":"product_cat-boom-cylinders","7":"product_tag-boom-cylinders","8":"product_tag-hydraulic-cylinders","10":"first","11":"instock","12":"shipping-taxable","13":"product-type-simple"},"amp_enabled":true,"_links":{"self":[{"href":"https:\/\/www.hydraulic-cylinders.net\/pl\/wp-json\/wp\/v2\/product\/19724","targetHints":{"allow":["GET"]}}],"collection":[{"href":"https:\/\/www.hydraulic-cylinders.net\/pl\/wp-json\/wp\/v2\/product"}],"about":[{"href":"https:\/\/www.hydraulic-cylinders.net\/pl\/wp-json\/wp\/v2\/types\/product"}],"replies":[{"embeddable":true,"href":"https:\/\/www.hydraulic-cylinders.net\/pl\/wp-json\/wp\/v2\/comments?post=19724"}],"wp:featuredmedia":[{"embeddable":true,"href":"https:\/\/www.hydraulic-cylinders.net\/pl\/wp-json\/wp\/v2\/media\/17867"}],"wp:attachment":[{"href":"https:\/\/www.hydraulic-cylinders.net\/pl\/wp-json\/wp\/v2\/media?parent=19724"}],"wp:term":[{"taxonomy":"product_brand","embeddable":true,"href":"https:\/\/www.hydraulic-cylinders.net\/pl\/wp-json\/wp\/v2\/product_brand?post=19724"},{"taxonomy":"product_cat","embeddable":true,"href":"https:\/\/www.hydraulic-cylinders.net\/pl\/wp-json\/wp\/v2\/product_cat?post=19724"},{"taxonomy":"product_tag","embeddable":true,"href":"https:\/\/www.hydraulic-cylinders.net\/pl\/wp-json\/wp\/v2\/product_tag?post=19724"}],"curies":[{"name":"wp","href":"https:\/\/api.w.org\/{rel}","templated":true}]}}