{"id":19727,"date":"2025-04-07T07:04:20","date_gmt":"2025-04-07T07:04:20","guid":{"rendered":"https:\/\/www.hydraulic-cylinders.net\/product\/boom-cylinder-for-xiniu-xn65-4l\/"},"modified":"2025-04-07T07:04:23","modified_gmt":"2025-04-07T07:04:23","slug":"boom-cylinder-for-xiniu-xn65-4l","status":"publish","type":"product","link":"https:\/\/www.hydraulic-cylinders.net\/pl\/produkt\/boom-cylinder-for-xiniu-xn65-4l\/","title":{"rendered":"Si\u0142ownik wysi\u0119gnika do Xiniu XN65-4L"},"content":{"rendered":"<h1>Si\u0142ownik wysi\u0119gnika do Xiniu XN65-4L<\/h1>\n<h2>Przegl\u0105d produktu<\/h2>\n<p>Si\u0142ownik wysi\u0119gnika Xiniu XN65-4L to niezb\u0119dny element uk\u0142ad\u00f3w hydraulicznych, odgrywaj\u0105cy kluczow\u0105 rol\u0119 w obs\u0142udze ci\u0119\u017ckich maszyn. Ten si\u0142ownik hydrauliczny zosta\u0142 zaprojektowany specjalnie do sterowania ruchem \u0142y\u017cki w r\u00f3\u017cnych ci\u0119\u017ckich maszynach, takich jak koparki, koparko-\u0142adowarki i \u0142adowarki czo\u0142owe. Umo\u017cliwia on podnoszenie, opuszczanie i przechylanie \u0142y\u017cki, co usprawnia zadania zwi\u0105zane z prze\u0142adunkiem materia\u0142\u00f3w.<\/p>\n<p>Jako rodzaj si\u0142ownika hydraulicznego, si\u0142ownik \u0142y\u017cki wykorzystuje p\u0142yn hydrauliczny do wytworzenia si\u0142y wystarczaj\u0105cej do przenoszenia du\u017cych ci\u0119\u017car\u00f3w. Mechanizm ten zapewnia p\u0142ynn\u0105 prac\u0119, gwarantuj\u0105c precyzj\u0119 kopania, podnoszenia i przemieszczania materia\u0142\u00f3w. Jego solidna konstrukcja i wydajna praca sprawiaj\u0105, \u017ce jest on niezast\u0105piony w zastosowaniach budowlanych i rolniczych.<\/p>\n<p><img decoding=\"async\" src=\"https:\/\/www.hydraulic-cylinders.net\/wp-content\/uploads\/2025\/04\/songte-company-1.webp\" alt=\"Si\u0142ownik wysi\u0119gnika do Xiniu XN65-4L\" \/><\/p>\n<h2>G\u0142\u00f3wne cechy<\/h2>\n<ul>\n<li>\n<h3>Wysoka wytrzyma\u0142o\u015b\u0107 i trwa\u0142o\u015b\u0107<\/h3>\n<p>Wykonany z wysokowytrzyma\u0142ej stali lub aluminium, ten cylinder wytrzymuje wysokie ci\u015bnienie i du\u017ce obci\u0105\u017cenia, dostosowuj\u0105c si\u0119 do trudnych warunk\u00f3w pracy. Zosta\u0142 zaprojektowany z my\u015bl\u0105 o odporno\u015bci na zu\u017cycie i korozj\u0119, co zapewnia d\u0142u\u017csz\u0105 \u017cywotno\u015b\u0107.<\/p>\n<\/li>\n<li>\n<h3>Wydajna praca hydrauliczna<\/h3>\n<p>Si\u0142ownik wykorzystuje ci\u015bnienie oleju hydraulicznego do p\u0142ynnego wysuwania i wsuwania, co pozwala na szybk\u0105 reakcj\u0119 na polecenia steruj\u0105ce i zapewnia znaczn\u0105 si\u0142\u0119 ci\u0105gni\u0119cia i pchania, idealn\u0105 do wykonywania ci\u0119\u017ckich i skomplikowanych zada\u0144.<\/p>\n<\/li>\n<li>\n<h3>Dost\u0119pne r\u00f3\u017cne typy<\/h3>\n<p>W zale\u017cno\u015bci od potrzeb eksploatacyjnych, klienci mog\u0105 wybiera\u0107 mi\u0119dzy si\u0142ownikami jednostronnego dzia\u0142ania (wykorzystuj\u0105cymi si\u0142\u0119 hydrauliczn\u0105 w jednym kierunku) lub dwustronnego dzia\u0142ania (wykorzystuj\u0105cymi si\u0142\u0119 hydrauliczn\u0105 w obu kierunkach). Niekt\u00f3re modele s\u0105 teleskopowe, co pozwala na wi\u0119ksze wyd\u0142u\u017cenie bez zwi\u0119kszania wymiar\u00f3w zewn\u0119trznych, co sprawdza si\u0119 w zastosowaniach o ograniczonej przestrzeni.<\/p>\n<\/li>\n<li>\n<h3>Produkcja dostosowywana do potrzeb klienta<\/h3>\n<p>Mamy mo\u017cliwo\u015bci wytworzenia tego produktu, dostarczaj\u0105c idealne zamienniki dla istniej\u0105cych cylindr\u00f3w hydraulicznych, gwarantuj\u0105c kompatybilno\u015b\u0107 i niezawodno\u015b\u0107 w Pa\u0144stwa maszynach.<\/p>\n<\/li>\n<li>\n<h3>R\u00f3\u017cnorodno\u015b\u0107 zastosowa\u0144<\/h3>\n<p>Produkt ten ma szerokie zastosowanie w ci\u0119\u017ckim sprz\u0119cie, optymalizuj\u0105c wydajno\u015b\u0107 i zwi\u0119kszaj\u0105c efektywno\u015b\u0107 operacyjn\u0105.<\/p>\n<\/li>\n<\/ul>\n<p><img decoding=\"async\" src=\"https:\/\/www.hydraulic-cylinders.net\/wp-content\/uploads\/2025\/04\/songte-cylinder-head-with-all-kinds-excavator-models.webp\" alt=\"Modele koparek\" \/><\/p>\n<h2>Scenariusze zastosowa\u0144<\/h2>\n<ul>\n<li>\n<h3>Sprz\u0119t budowlany<\/h3>\n<p>W koparkach si\u0142ownik wysi\u0119gnika odgrywa kluczow\u0105 rol\u0119 podczas kopania, za\u0142adunku i przemieszczania gleby lub gruzu. Jest on niezb\u0119dny zar\u00f3wno do zada\u0144 kopania, jak i podnoszenia w koparko-\u0142adowarkach, umo\u017cliwiaj\u0105c wszechstronne zastosowanie w projektach budowlanych.<\/p>\n<\/li>\n<li>\n<h3>Maszyny rolnicze<\/h3>\n<p>W \u0142adowarkach czo\u0142owych si\u0142ownik ten jest niezb\u0119dny do nabierania, podnoszenia i transportu ziemi, siana i innych materia\u0142\u00f3w. Jego funkcjonalno\u015b\u0107 zwi\u0119ksza wydajno\u015b\u0107 prac rolniczych, umo\u017cliwiaj\u0105c sprawne przemieszczanie materia\u0142\u00f3w.<\/p>\n<\/li>\n<li>\n<h3>Koparki<\/h3>\n<p>Si\u0142ownik \u0142y\u017cki umo\u017cliwia jej skuteczn\u0105 penetracj\u0119 w glebie, u\u0142atwiaj\u0105c kopanie. Jego wydajno\u015b\u0107 ma kluczowe znaczenie dla uzyskania optymalnej g\u0142\u0119boko\u015bci wykopu i wydajno\u015bci.<\/p>\n<\/li>\n<li>\n<h3>\u0141adowarki<\/h3>\n<p>W \u0142adowarkach czo\u0142owych si\u0142ownik wysi\u0119gnika pomaga w efektywnym podnoszeniu i zrzucaniu \u0142adunk\u00f3w, przyczyniaj\u0105c si\u0119 do wydajno\u015bci operacyjnej podczas zada\u0144 zwi\u0105zanych z prze\u0142adunkiem materia\u0142\u00f3w.<\/p>\n<\/li>\n<\/ul>\n<h2>Zagadnienia projektowe i kryteria wyboru<\/h2>\n<ul>\n<li>\n<h3>No\u015bno\u015b\u0107<\/h3>\n<p>Si\u0142ownik wysi\u0119gnika musi by\u0107 zaprojektowany tak, aby wytrzyma\u0107 maksymalne obci\u0105\u017cenie spodziewane podczas pracy. Wyb\u00f3r si\u0142ownika o odpowiednim ud\u017awigu zapewnia bezpiecze\u0144stwo i wydajno\u015b\u0107 w zastosowaniach wymagaj\u0105cych du\u017cej wytrzyma\u0142o\u015bci.<\/p>\n<\/li>\n<li>\n<h3>Skuteczno\u015b\u0107 uszczelniania<\/h3>\n<p>Skuteczne uszczelnienie jest kluczowe dla zapobiegania wyciekom p\u0142ynu hydraulicznego i utrzymania ci\u015bnienia. Nale\u017cy dobra\u0107 odpowiednie materia\u0142y uszczelniaj\u0105ce, aby zapewni\u0107 odporno\u015b\u0107 na r\u00f3\u017cne warunki pracy i niezawodno\u015b\u0107.<\/p>\n<\/li>\n<li>\n<h3>Trwa\u0142o\u015b\u0107<\/h3>\n<p>Materia\u0142y u\u017cyte do budowy si\u0142ownika wysi\u0119gnika musz\u0105 charakteryzowa\u0107 si\u0119 wysok\u0105 odporno\u015bci\u0105 na zu\u017cycie i korozj\u0119, aby zapewni\u0107 d\u0142ugowieczno\u015b\u0107, szczeg\u00f3lnie w trudnych warunkach.<\/p>\n<\/li>\n<li>\n<h3>Funkcje bezpiecze\u0144stwa<\/h3>\n<p>W celu zapobiegania przeci\u0105\u017ceniom i zagwarantowania bezpiecznej pracy uk\u0142adu hydraulicznego konieczne jest zastosowanie zabezpiecze\u0144, takich jak zawory bezpiecze\u0144stwa.<\/p>\n<\/li>\n<li>\n<h3>Utrzymywalno\u015b\u0107<\/h3>\n<p>Zaprojektowanie cylindra w spos\u00f3b umo\u017cliwiaj\u0105cy \u0142atw\u0105 konserwacj\u0119, obejmuj\u0105cy dost\u0119pno\u015b\u0107 punkt\u00f3w smarowania i wymienne uszczelki, ma kluczowe znaczenie dla zminimalizowania przestoj\u00f3w i wyd\u0142u\u017cenia \u017cywotno\u015bci produktu.<\/p>\n<\/li>\n<\/ul>\n<p><img decoding=\"async\" src=\"https:\/\/www.hydraulic-cylinders.net\/wp-content\/uploads\/2025\/04\/songte-oil-pipes-and-spare-parts.webp\" alt=\"Oleje hydrauliczne i cz\u0119\u015bci zamienne\" \/><\/p>\n<h2>Uszczelnianie i smarowanie<\/h2>\n<p>Prawid\u0142owe uszczelnienie i smarowanie s\u0105 kluczowe dla prawid\u0142owego dzia\u0142ania si\u0142ownika wysi\u0119gnika. R\u00f3\u017cne elementy uszczelniaj\u0105ce, takie jak uszczelnienia t\u0142oka i t\u0142oczyska, zapewniaj\u0105 utrzymanie p\u0142ynu hydraulicznego w si\u0142owniku. Preferowane s\u0105 uszczelnienia wykonane z trwa\u0142ych materia\u0142\u00f3w, takich jak poliuretan i kauczuk nitrylowy, ze wzgl\u0119du na ich odporno\u015b\u0107 na zu\u017cycie.<\/p>\n<p>Korpus cylindra i gwintowane ko\u0144c\u00f3wki s\u0105 poddawane precyzyjnej obr\u00f3bce mechanicznej, co zwi\u0119ksza ich trwa\u0142o\u015b\u0107 i odporno\u015b\u0107 na zu\u017cycie. Regularne smarowanie jest konieczne, a okresowe uzupe\u0142nianie odpowiedniej ilo\u015bci oleju hydraulicznego zapewnia p\u0142ynn\u0105 prac\u0119 i zapobiega zu\u017cyciu.<\/p>\n<h2>Regularne kontrole i konserwacja zapobiegawcza<\/h2>\n<ul>\n<li>\n<h3>Regularne kontrole<\/h3>\n<p>Regularne kontrole si\u0142ownika wysi\u0119gnika s\u0105 niezwykle istotne, aby wykry\u0107 wszelkie oznaki zu\u017cycia, wyciek\u00f3w lub uszkodze\u0144. Wczesne wykrycie problem\u00f3w mo\u017ce zapobiec powa\u017cniejszym awariom i kosztownym naprawom.<\/p>\n<\/li>\n<li>\n<h3>Odpowiednie smarowanie<\/h3>\n<p>Upewnij si\u0119, \u017ce olej hydrauliczny jest prawid\u0142owo uzupe\u0142niany i utrzymywany na w\u0142a\u015bciwym poziomie. Regularne smarowanie pomaga zminimalizowa\u0107 tarcie, zmniejszaj\u0105c zu\u017cycie i wyd\u0142u\u017caj\u0105c \u017cywotno\u015b\u0107 cylindra.<\/p>\n<\/li>\n<li>\n<h3>Wymiana uszczelek i kontrola kalibracji<\/h3>\n<p>Rutynowa wymiana uszczelek jest niezb\u0119dna dla utrzymania wydajno\u015bci i zapobiegania wyciekom. Kontrole kalibracyjne zapewniaj\u0105, \u017ce butla pracuje w okre\u015blonych parametrach, przyczyniaj\u0105c si\u0119 do bezpiecznej i efektywnej pracy.<\/p>\n<\/li>\n<\/ul>\n<h2>Wytyczne dotycz\u0105ce instalacji<\/h2>\n<p>Podczas monta\u017cu si\u0142ownika wysi\u0119gnika nale\u017cy bezwzgl\u0119dnie zadba\u0107 o jego prawid\u0142owe ustawienie. Niew\u0142a\u015bciwe ustawienie mo\u017ce spowodowa\u0107 przedwczesne zu\u017cycie i awari\u0119. Aby prawid\u0142owo zamontowa\u0107 si\u0142ownik, nale\u017cy wykona\u0107 nast\u0119puj\u0105ce czynno\u015bci:<\/p>\n<ul>\n<li>Za pomoc\u0105 odpowiednich wspornik\u00f3w monta\u017cowych nale\u017cy zamocowa\u0107 cylinder na miejscu.<\/li>\n<li>Wyr\u00f3wnaj cylinder z punktami obrotowymi i upewnij si\u0119, \u017ce dzia\u0142a p\u0142ynnie i bez przeszk\u00f3d.<\/li>\n<li>Przed uruchomieniem maszyny nale\u017cy sprawdzi\u0107 szczelno\u015b\u0107 wszystkich po\u0142\u0105cze\u0144 hydraulicznych i ich prawid\u0142owe dopasowanie.<\/li>\n<li>Aby unikn\u0105\u0107 uszkodze\u0144, nale\u017cy przestrzega\u0107 zalece\u0144 producenta dotycz\u0105cych momentu dokr\u0119cania \u015brub i element\u00f3w z\u0142\u0105cznych.<\/li>\n<\/ul>\n<p>Prawid\u0142owa instalacja ma kluczowe znaczenie dla optymalnej wydajno\u015bci i bezpiecze\u0144stwa podczas eksploatacji. Regularnie weryfikuj procedury instalacyjne, aby dostosowa\u0107 je do wszelkich zmian w najlepszych praktykach lub specyfikacjach maszyn.<\/p>\n<p><img decoding=\"async\" src=\"https:\/\/www.hydraulic-cylinders.net\/wp-content\/uploads\/2025\/04\/songte-chushion-collar.webp\" alt=\"Ko\u0142nierz poduszkowy\" \/><\/p>\n<h2>Zagadnienia bezpiecze\u0144stwa i czynniki \u015brodowiskowe<\/h2>\n<p>Podczas korzystania z si\u0142ownika wysi\u0119gnika wa\u017cne jest wdro\u017cenie \u015brodk\u00f3w bezpiecze\u0144stwa w celu ochrony operator\u00f3w i os\u00f3b w pobli\u017cu. Niezb\u0119dne jest odpowiednie przeszkolenie w zakresie obs\u0142ugi uk\u0142ad\u00f3w hydraulicznych. Ponadto nale\u017cy upewni\u0107 si\u0119, \u017ce maszyna jest wyposa\u017cona w zabezpieczenia, takie jak przyciski zatrzymania awaryjnego i odpowiednie oznakowanie ostrzegaj\u0105ce o potencjalnych zagro\u017ceniach.<\/p>\n<p>Nale\u017cy r\u00f3wnie\u017c uwzgl\u0119dni\u0107 czynniki \u015brodowiskowe, takie jak potencjalne wycieki p\u0142ynu hydraulicznego. Regularna konserwacja i przegl\u0105dy mog\u0105 zapobiec wyciekom, a stosowanie biodegradowalnych p\u0142yn\u00f3w hydraulicznych mo\u017ce zminimalizowa\u0107 wp\u0142yw na \u015brodowisko.<\/p>\n<h2>Diagnostyka usterek i typowe problemy<\/h2>\n<ul>\n<li>\n<h3>Przeciek<\/h3>\n<p>Wycieki mog\u0105 by\u0107 spowodowane zu\u017cytymi uszczelkami lub uszkodzonymi w\u0119\u017cami. Regularnie sprawdzaj elementy uszczelniaj\u0105ce i wymieniaj je w razie potrzeby, aby zapobiec znacznej utracie p\u0142ynu.<\/p>\n<\/li>\n<li>\n<h3>Niesp\u00f3jna wydajno\u015b\u0107<\/h3>\n<p>Je\u015bli cylinder nie wysuwa si\u0119 ani nie chowa p\u0142ynnie, sprawd\u017a, czy przewody hydrauliczne nie s\u0105 zablokowane lub czy poziom p\u0142ynu nie jest niski. Rozwi\u0105\u017c te problemy, aby przywr\u00f3ci\u0107 optymaln\u0105 wydajno\u015b\u0107.<\/p>\n<\/li>\n<li>\n<h3>Przegrzanie<\/h3>\n<p>Nadmierne ciep\u0142o mo\u017ce wskazywa\u0107 na przeci\u0105\u017cenie lub niedostateczne smarowanie. Monitoruj temperatur\u0119 robocz\u0105 i upewnij si\u0119, \u017ce olej hydrauliczny jest odpowiednio rozprowadzany i ch\u0142odzony.<\/p>\n<\/li>\n<\/ul>\n<h2>Wskaz\u00f3wki dotycz\u0105ce rozwi\u0105zywania problem\u00f3w<\/h2>\n<p>Aby skutecznie zdiagnozowa\u0107 i rozwi\u0105za\u0107 problemy z si\u0142ownikiem wysi\u0119gnika, post\u0119puj zgodnie z poni\u017cszymi wskaz\u00f3wkami dotycz\u0105cymi rozwi\u0105zywania problem\u00f3w:<\/p>\n<ul>\n<li>Regularnie sprawdzaj przewody i po\u0142\u0105czenia hydrauliczne pod k\u0105tem oznak zu\u017cycia lub uszkodze\u0144.<\/li>\n<li>Utrzymuj odpowiedni poziom i jako\u015b\u0107 p\u0142yn\u00f3w, aby zapewni\u0107 wydajn\u0105 prac\u0119.<\/li>\n<li>Aby unikn\u0105\u0107 problem\u00f3w ze zgodno\u015bci\u0105, nale\u017cy stosowa\u0107 odpowiednie uszczelki i komponenty zalecane przez producenta.<\/li>\n<\/ul>\n<p>Wdro\u017cenie \u015brodk\u00f3w zapobiegawczych, takich jak rutynowa konserwacja i szkolenia operator\u00f3w, mo\u017ce znacznie zmniejszy\u0107 prawdopodobie\u0144stwo wyst\u0105pienia potencjalnych problem\u00f3w w trakcie eksploatacji.<\/p>\n<p><img decoding=\"async\" src=\"https:\/\/www.hydraulic-cylinders.net\/wp-content\/uploads\/2025\/04\/songte-bushings-with-all-kinds-of-excavator-models.webp\" alt=\"Tuleje do modeli koparek\" \/><\/p>\n<h2>O naszej firmie<\/h2>\n<p>Jeste\u015bmy wiod\u0105cym producentem i hurtowym dystrybutorem si\u0142ownik\u00f3w hydraulicznych, specjalizuj\u0105cym si\u0119 w dostarczaniu wysokiej jako\u015bci cz\u0119\u015bci zamiennych. Nasza szeroka gama produkt\u00f3w zapewni\u0142a nam pozycj\u0119 jednego z czo\u0142owych producent\u00f3w na rynku krajowym i mi\u0119dzynarodowym. Przestrzegamy zasad doskona\u0142o\u015bci i wykorzystujemy zaawansowane strategie produkcyjne, aby usprawni\u0107 zarz\u0105dzanie produkcj\u0105.<\/p>\n<p>Nasz zesp\u00f3\u0142 sk\u0142ada si\u0119 z utalentowanych specjalist\u00f3w technicznych, kt\u00f3rzy wykorzystuj\u0105 zaawansowany sprz\u0119t do produkcji cyfrowej oraz profesjonalne systemy testowe, aby stale ulepsza\u0107 nasz\u0105 platform\u0119 produkcyjn\u0105. Koncentrujemy si\u0119 na zapewnianiu wysokiej wydajno\u015bci, precyzji i jako\u015bci, dbaj\u0105c o to, aby sprosta\u0107 zr\u00f3\u017cnicowanym potrzebom klient\u00f3w poprzez us\u0142ugi dostosowane do indywidualnych potrzeb.<\/p>\n<p><img decoding=\"async\" src=\"https:\/\/www.hydraulic-cylinders.net\/wp-content\/uploads\/2025\/04\/songte-company-4.webp\" alt=\"Przegl\u0105d firmy\" \/><br \/>\n<img decoding=\"async\" src=\"https:\/\/www.hydraulic-cylinders.net\/wp-content\/uploads\/2025\/04\/songte-company-3.webp\" alt=\"Proces produkcyjny\" \/><\/p>\n<p>Autor: lyl<\/p>","protected":false},"excerpt":{"rendered":"<p>Boom Cylinder For Xiniu XN65-4L Product Overview The Boom Cylinder for Xiniu XN65-4L is an essential component in hydraulic systems, serving a crucial role in the operation of heavy machinery. This hydraulic cylinder is specifically designed to control the movement of the bucket in various heavy equipment such as excavators, backhoe loaders, and front loaders. [&hellip;]<\/p>","protected":false},"featured_media":17870,"comment_status":"open","ping_status":"closed","template":"","meta":{"_et_pb_use_builder":"","_et_pb_old_content":"","_et_gb_content_width":""},"product_brand":[],"product_cat":[1546],"product_tag":[1547,1496],"class_list":{"0":"post-19727","1":"product","2":"type-product","3":"status-publish","4":"has-post-thumbnail","6":"product_cat-boom-cylinders","7":"product_tag-boom-cylinders","8":"product_tag-hydraulic-cylinders","10":"first","11":"instock","12":"shipping-taxable","13":"product-type-simple"},"amp_enabled":true,"_links":{"self":[{"href":"https:\/\/www.hydraulic-cylinders.net\/pl\/wp-json\/wp\/v2\/product\/19727","targetHints":{"allow":["GET"]}}],"collection":[{"href":"https:\/\/www.hydraulic-cylinders.net\/pl\/wp-json\/wp\/v2\/product"}],"about":[{"href":"https:\/\/www.hydraulic-cylinders.net\/pl\/wp-json\/wp\/v2\/types\/product"}],"replies":[{"embeddable":true,"href":"https:\/\/www.hydraulic-cylinders.net\/pl\/wp-json\/wp\/v2\/comments?post=19727"}],"wp:featuredmedia":[{"embeddable":true,"href":"https:\/\/www.hydraulic-cylinders.net\/pl\/wp-json\/wp\/v2\/media\/17870"}],"wp:attachment":[{"href":"https:\/\/www.hydraulic-cylinders.net\/pl\/wp-json\/wp\/v2\/media?parent=19727"}],"wp:term":[{"taxonomy":"product_brand","embeddable":true,"href":"https:\/\/www.hydraulic-cylinders.net\/pl\/wp-json\/wp\/v2\/product_brand?post=19727"},{"taxonomy":"product_cat","embeddable":true,"href":"https:\/\/www.hydraulic-cylinders.net\/pl\/wp-json\/wp\/v2\/product_cat?post=19727"},{"taxonomy":"product_tag","embeddable":true,"href":"https:\/\/www.hydraulic-cylinders.net\/pl\/wp-json\/wp\/v2\/product_tag?post=19727"}],"curies":[{"name":"wp","href":"https:\/\/api.w.org\/{rel}","templated":true}]}}