{"id":19729,"date":"2025-04-07T07:04:25","date_gmt":"2025-04-07T07:04:25","guid":{"rendered":"https:\/\/www.hydraulic-cylinders.net\/product\/boom-cylinder-for-xiniu-xnx8\/"},"modified":"2025-04-07T07:04:27","modified_gmt":"2025-04-07T07:04:27","slug":"boom-cylinder-for-xiniu-xnx8","status":"publish","type":"product","link":"https:\/\/www.hydraulic-cylinders.net\/pl\/produkt\/boom-cylinder-for-xiniu-xnx8\/","title":{"rendered":"Si\u0142ownik wysi\u0119gnika do Xiniu XNX8"},"content":{"rendered":"<h1>Si\u0142ownik wysi\u0119gnika do Xiniu XNX8<\/h1>\n<h2>Zrozumienie cylindra wysi\u0119gnika<\/h2>\n<p>Si\u0142ownik wysi\u0119gnika, zaprojektowany specjalnie do ci\u0119\u017ckich maszyn, odgrywa kluczow\u0105 rol\u0119 w obs\u0142udze r\u00f3\u017cnego sprz\u0119tu, takiego jak koparki i \u0142adowarki. Ten si\u0142ownik hydrauliczny odpowiada za sterowanie ruchem \u0142y\u017cki, umo\u017cliwiaj\u0105c jej podnoszenie, opuszczanie i przechylanie. Jako kluczowy element uk\u0142ad\u00f3w hydraulicznych, si\u0142ownik wysi\u0119gnika umo\u017cliwia wydajne przenoszenie materia\u0142u, co czyni go niezb\u0119dnym elementem maszyn budowlanych i rolniczych.<\/p>\n<p><img decoding=\"async\" src=\"https:\/\/www.hydraulic-cylinders.net\/wp-content\/uploads\/2025\/04\/songte-company-1.webp\" alt=\"Obraz cylindra wysi\u0119gnika\"><\/p>\n<h3>Definicja i przegl\u0105d<\/h3>\n<p>Si\u0142ownik wysi\u0119gnika to rodzaj si\u0142ownika hydraulicznego, kt\u00f3ry jest specjalnie stosowany w ci\u0119\u017ckich maszynach do sterowania ruchem \u0142y\u017cki. Dzia\u0142a on poprzez wykorzystanie p\u0142ynu hydraulicznego do wytworzenia si\u0142y, umo\u017cliwiaj\u0105c maszynie precyzyjne wykonywanie zada\u0144, takich jak kopanie, podnoszenie i przechylanie. Mechanizm ten jest niezb\u0119dny w zastosowaniach wymagaj\u0105cych podnoszenia ci\u0119\u017ckich \u0142adunk\u00f3w i przenoszenia materia\u0142\u00f3w, poniewa\u017c zapewnia niezb\u0119dn\u0105 moc i kontrol\u0119 dla wydajnej pracy.<\/p>\n<h2>Cechy cylindra wysi\u0119gnika<\/h2>\n<ul>\n<li><strong>Wysoka wytrzyma\u0142o\u015b\u0107 i trwa\u0142o\u015b\u0107:<\/strong> Zazwyczaj wykonane z wysokowytrzyma\u0142ej stali lub aluminium, zaprojektowane tak, aby wytrzyma\u0107 wysokie ci\u015bnienie i du\u017ce obci\u0105\u017cenia. Zaprojektowane z my\u015bl\u0105 o pracy w trudnych warunkach, z odporno\u015bci\u0105 na zu\u017cycie i korozj\u0119, wyd\u0142u\u017caj\u0105c\u0105 ich \u017cywotno\u015b\u0107.<\/li>\n<li><strong>Wydajna praca uk\u0142adu hydraulicznego:<\/strong> Si\u0142ownik wykorzystuje ci\u015bnienie p\u0142ynu hydraulicznego do p\u0142ynnego wysuwania i wsuwania, szybko reaguje na polecenia operatora i zapewnia znaczn\u0105 si\u0142\u0119 pchania i ci\u0105gni\u0119cia, odpowiedni\u0105 do wykonywania ci\u0119\u017ckich i skomplikowanych zada\u0144.<\/li>\n<li><strong>R\u00f3\u017cne typy:<\/strong> Dost\u0119pne w modelach jednostronnego dzia\u0142ania (hydrauliczne dzia\u0142anie w jednym kierunku) lub dwustronnego dzia\u0142ania (hydrauliczne dzia\u0142anie w obu kierunkach), przy czym niekt\u00f3re wersje s\u0105 teleskopowe, co pozwala na wi\u0119ksze wysuni\u0119cie bez zwi\u0119kszania wymiar\u00f3w zewn\u0119trznych, dzi\u0119ki czemu idealnie nadaj\u0105 si\u0119 do zastosowa\u0144 w miejscach o ograniczonej przestrzeni.<\/li>\n<li><strong>Produkcja niestandardowa:<\/strong> Nasze produkty mog\u0105 doskonale zast\u0105pi\u0107 istniej\u0105ce si\u0142owniki hydrauliczne, zapewniaj\u0105c kompatybilno\u015b\u0107 i wydajno\u015b\u0107.<\/li>\n<li><strong>Niezawodna wydajno\u015b\u0107:<\/strong> Zaprojektowane do sta\u0142ej pracy przy zmiennych obci\u0105\u017ceniach, gwarantuj\u0105c niezawodno\u015b\u0107 podczas wymagaj\u0105cych zada\u0144.<\/li>\n<\/ul>\n<p><img decoding=\"async\" src=\"https:\/\/www.hydraulic-cylinders.net\/wp-content\/uploads\/2025\/04\/songte-cylinder-head-with-all-kinds-excavator-models.webp\" alt=\"Specyfikacje si\u0142ownika wysi\u0119gnika\"><\/p>\n<h2>Zastosowania cylindra wysi\u0119gnika<\/h2>\n<h3>Sprz\u0119t budowlany<\/h3>\n<p>W koparkach cylindry wysi\u0119gnika odgrywaj\u0105 kluczow\u0105 rol\u0119 w kopaniu, \u0142adowaniu i przemieszczaniu gleby lub gruzu. Umo\u017cliwiaj\u0105 one skuteczne zag\u0142\u0119bianie si\u0119 \u0142y\u017cki w grunt, co przek\u0142ada si\u0119 na sprawne prowadzenie prac ziemnych. Podobnie, w koparko-\u0142adowarkach cylindry te wspomagaj\u0105 zar\u00f3wno kopanie, jak i podnoszenie, co czyni je wszechstronnymi w r\u00f3\u017cnych pracach budowlanych.<\/p>\n<h3>Maszyny rolnicze<\/h3>\n<p>W \u0142adowarkach czo\u0142owych si\u0142owniki wysi\u0119gnika u\u0142atwiaj\u0105 nabieranie, podnoszenie i transport ziemi, siana i innych materia\u0142\u00f3w. Uk\u0142ad hydrauliczny zapewnia niezb\u0119dn\u0105 moc do tych zada\u0144, zwi\u0119kszaj\u0105c wydajno\u015b\u0107 i efektywno\u015b\u0107 prac rolniczych.<\/p>\n<h3>Koparki<\/h3>\n<p>Koparki wykorzystuj\u0105 si\u0142owniki wysi\u0119gnika do wykonywania czynno\u015bci kopania, umo\u017cliwiaj\u0105c \u0142y\u017cce wydajne zag\u0142\u0119bianie si\u0119 w gleb\u0119. Ta funkcja jest niezb\u0119dna w takich zadaniach jak kszta\u0142towanie krajobrazu, kopanie row\u00f3w i przygotowywanie terenu, gdzie wymagana jest precyzja i moc.<\/p>\n<h3>\u0141adowarki<\/h3>\n<p>W \u0142adowarkach czo\u0142owych si\u0142owniki wysi\u0119gnika odgrywaj\u0105 kluczow\u0105 rol\u0119 w efektywnym podnoszeniu i zrzucaniu \u0142adunk\u00f3w. Umo\u017cliwiaj\u0105 operatorom szybkie i precyzyjne przenoszenie materia\u0142\u00f3w, znacz\u0105co poprawiaj\u0105c wydajno\u015b\u0107 operacyjn\u0105 na placach budowy.<\/p>\n<h2>Zagadnienia projektowe i kryteria wyboru<\/h2>\n<h3>No\u015bno\u015b\u0107<\/h3>\n<p>Ud\u017awig si\u0142ownika wysi\u0119gnika jest kluczowym czynnikiem, kt\u00f3ry nale\u017cy wzi\u0105\u0107 pod uwag\u0119 przy wyborze si\u0142ownika hydraulicznego. Musi on by\u0107 w stanie utrzyma\u0107 maksymalny ci\u0119\u017car, jaki maszyna b\u0119dzie podnosi\u0107 lub przenosi\u0107. Prawid\u0142owa ocena ud\u017awigu zapewnia bezpieczn\u0105 i efektywn\u0105 prac\u0119, zmniejszaj\u0105c ryzyko awarii mechanicznych.<\/p>\n<h3>Opiecz\u0119towanie<\/h3>\n<p>Skuteczne uszczelnienie jest niezb\u0119dne do utrzymania ci\u015bnienia hydraulicznego i zapobiegania wyciekom p\u0142ynu. Wysokiej jako\u015bci uszczelki s\u0105 niezb\u0119dne, aby zapewni\u0107 trwa\u0142o\u015b\u0107 cylindra i zapobiec zanieczyszczeniu p\u0142ynu hydraulicznego, kt\u00f3re mog\u0142oby negatywnie wp\u0142yn\u0105\u0107 na wydajno\u015b\u0107.<\/p>\n<h3>Trwa\u0142o\u015b\u0107<\/h3>\n<p>Trwa\u0142o\u015b\u0107 si\u0142ownika wysi\u0119gnika zale\u017cy od u\u017cytych materia\u0142\u00f3w i zastosowanych rozwi\u0105za\u0144 konstrukcyjnych. Dobrze zaprojektowany si\u0142ownik powinien by\u0107 odporny na zu\u017cycie wynikaj\u0105ce z ci\u0105g\u0142ego ruchu i nara\u017cenia na trudne warunki \u015brodowiskowe, gwarantuj\u0105c d\u0142u\u017csz\u0105 \u017cywotno\u015b\u0107.<\/p>\n<h3>Bezpiecze\u0144stwo<\/h3>\n<p>Przy wyborze si\u0142ownika wysi\u0119gnika priorytetem powinny by\u0107 zawsze zabezpieczenia. Obejmuje to ocen\u0119 zdolno\u015bci si\u0142ownika do radzenia sobie z przeci\u0105\u017ceniem oraz upewnienie si\u0119, \u017ce zawory bezpiecze\u0144stwa s\u0105 zamontowane, aby zapobiec katastrofalnej awarii podczas pracy.<\/p>\n<h3>Utrzymywalno\u015b\u0107<\/h3>\n<p>\u0141atwo\u015b\u0107 konserwacji ma kluczowe znaczenie dla minimalizacji przestoj\u00f3w. Wyb\u00f3r si\u0142ownika wysi\u0119gnika, kt\u00f3ry umo\u017cliwia \u0142atwy dost\u0119p do kluczowych podzespo\u0142\u00f3w w celu ich kontroli i konserwacji, zwi\u0119kszy wydajno\u015b\u0107 operacyjn\u0105 i wyd\u0142u\u017cy \u017cywotno\u015b\u0107 sprz\u0119tu.<\/p>\n<p><img decoding=\"async\" src=\"https:\/\/www.hydraulic-cylinders.net\/wp-content\/uploads\/2025\/04\/songte-oil-pipes-and-spare-parts.webp\" alt=\"Komponenty cylindr\u00f3w hydraulicznych\"><\/p>\n<h2>Uszczelnianie i smarowanie<\/h2>\n<p>Prawid\u0142owe uszczelnienie i smarowanie s\u0105 niezb\u0119dne dla wydajno\u015bci i trwa\u0142o\u015bci si\u0142ownik\u00f3w wysi\u0119gnika. R\u00f3\u017cne elementy uszczelniaj\u0105ce, takie jak uszczelnienia t\u0142oczysk i t\u0142oczysk, zapobiegaj\u0105 wyciekom cieczy i zanieczyszczeniom. Materia\u0142y takie jak poliuretan i kauczuk nitrylowy s\u0105 powszechnie stosowane ze wzgl\u0119du na ich odporno\u015b\u0107 na zu\u017cycie. Ponadto korpus si\u0142ownika i gwintowane powierzchnie ko\u0144cowe wymagaj\u0105 precyzyjnej obr\u00f3bki w celu zwi\u0119kszenia odporno\u015bci na zu\u017cycie. Regularne smarowanie olejem hydraulicznym jest niezb\u0119dne dla utrzymania optymalnej wydajno\u015bci i zapobiegania zu\u017cyciu spowodowanemu tarciem.<\/p>\n<h2>Regularne kontrole i konserwacja zapobiegawcza<\/h2>\n<ul>\n<li><strong>Regularne kontrole:<\/strong> Przeprowad\u017a dok\u0142adne kontrole pod k\u0105tem oznak zu\u017cycia, wyciek\u00f3w lub uszkodze\u0144. Wczesne wykrycie problem\u00f3w mo\u017ce zapobiec powa\u017cniejszym problemom w przysz\u0142o\u015bci.<\/li>\n<li><strong>Prawid\u0142owe smarowanie:<\/strong> Upewnij si\u0119, \u017ce olej hydrauliczny jest odpowiednio uzupe\u0142niony i regularnie go wymieniaj zgodnie z zaleceniami producenta, aby zapewni\u0107 p\u0142ynn\u0105 prac\u0119 urz\u0105dzenia.<\/li>\n<li><strong>Wymiana uszczelki:<\/strong> Regularnie sprawdzaj uszczelki i w razie potrzeby wymieniaj je, aby zapobiega\u0107 wyciekom i zachowa\u0107 wydajno\u015b\u0107.<\/li>\n<\/ul>\n<h2>Wytyczne dotycz\u0105ce instalacji<\/h2>\n<p>Aby prawid\u0142owo zamontowa\u0107 si\u0142ownik wysi\u0119gnika, nale\u017cy wykona\u0107 nast\u0119puj\u0105ce czynno\u015bci:<\/p>\n<ol>\n<li>Przed monta\u017cem nale\u017cy upewni\u0107 si\u0119, \u017ce wszystkie elementy s\u0105 czyste i wolne od zanieczyszcze\u0144.<\/li>\n<li>Dok\u0142adnie wyr\u00f3wnaj cylinder z punktami mocowania, aby zapobiec napr\u0119\u017ceniom i rozbie\u017cno\u015bciom podczas pracy.<\/li>\n<li>Za pomoc\u0105 odpowiednich uchwyt\u00f3w monta\u017cowych zabezpiecz cylinder na miejscu, upewniaj\u0105c si\u0119, \u017ce jest on mocno zamocowany.<\/li>\n<li>Przed uruchomieniem maszyny nale\u017cy sprawdzi\u0107 szczelno\u015b\u0107 wszystkich po\u0142\u0105cze\u0144 hydraulicznych.<\/li>\n<li>Przed pe\u0142nym uruchomieniem nale\u017cy przetestowa\u0107 uk\u0142ad przy niskim ci\u015bnieniu, aby upewni\u0107 si\u0119, \u017ce wszystko dzia\u0142a prawid\u0142owo.<\/li>\n<\/ol>\n<h2>Typowe zadania konserwacyjne<\/h2>\n<ul>\n<li><strong>Regularne kontrole:<\/strong> Zaplanuj rutynowe kontrole, aby wcze\u015bnie wykry\u0107 wszelkie oznaki zu\u017cycia lub uszkodzenia.<\/li>\n<li><strong>W\u0142a\u015bciwe smarowanie:<\/strong> Regularnie smaruj cylinder zgodnie ze specyfikacj\u0105, aby zapobiec zu\u017cyciu i zachowa\u0107 wydajno\u015b\u0107.<\/li>\n<li><strong>Wymiana uszczelek i kontrola kalibracji:<\/strong> Okresowo sprawdzaj stan uszczelek i wymieniaj je w razie potrzeby, aby zapewni\u0107 szczelno\u015b\u0107 i wydajno\u015b\u0107 uk\u0142adu.<\/li>\n<\/ul>\n<p>Podczas monta\u017cu wa\u017cne jest prawid\u0142owe ustawienie si\u0142ownika, z wykorzystaniem odpowiednich wspornik\u00f3w monta\u017cowych, aby go zabezpieczy\u0107. Regularne czynno\u015bci konserwacyjne, takie jak przegl\u0105dy i smarowanie, s\u0105 niezb\u0119dne dla wyd\u0142u\u017cenia \u017cywotno\u015bci si\u0142ownika wysi\u0119gnika i zapewnienia bezpiecznej pracy.<\/p>\n<p><img decoding=\"async\" src=\"https:\/\/www.hydraulic-cylinders.net\/wp-content\/uploads\/2025\/04\/songte-chushion-collar.webp\" alt=\"Ko\u0142nierz poduszkowy\"><\/p>\n<h2>Zagadnienia bezpiecze\u0144stwa i czynniki \u015brodowiskowe<\/h2>\n<p>Podczas pracy z uk\u0142adami hydraulicznymi \u015brodki bezpiecze\u0144stwa s\u0105 najwa\u017cniejsze. Operatorzy powinni nosi\u0107 odpowiedni sprz\u0119t ochrony osobistej (PPE) i dba\u0107 o przestrzeganie wszystkich protoko\u0142\u00f3w bezpiecze\u0144stwa podczas obs\u0142ugi i konserwacji. Regularne szkolenia z zakresu bezpiecze\u0144stwa hydraulicznego mog\u0105 zapobiec wypadkom i zwi\u0119kszy\u0107 wydajno\u015b\u0107 operacyjn\u0105.<\/p>\n<h2>Rozwi\u0105zywanie problem\u00f3w i typowe problemy<\/h2>\n<ul>\n<li><strong>Wycieki p\u0142ynu hydraulicznego:<\/strong> Sprawd\u017a uszczelki i po\u0142\u0105czenia pod k\u0105tem zu\u017cycia lub uszkodze\u0144. Natychmiast wymie\u0144 uszkodzone uszczelki, aby zapobiec wyciekom.<\/li>\n<li><strong>Niewystarczaj\u0105ca moc:<\/strong> Mo\u017ce to wskazywa\u0107 na niski poziom p\u0142ynu hydraulicznego lub wewn\u0119trzne uszkodzenie cylindra. Sprawd\u017a uk\u0142ad i w razie potrzeby uzupe\u0142nij lub napraw.<\/li>\n<li><strong>Nietypowe d\u017awi\u0119ki:<\/strong> Wszelkie odg\u0142osy zgrzytania lub stukania mog\u0105 wskazywa\u0107 na zu\u017cycie mechaniczne lub niewsp\u00f3\u0142osiowo\u015b\u0107. Nale\u017cy natychmiast zbada\u0107 spraw\u0119, aby zapobiec dalszym uszkodzeniom.<\/li>\n<\/ul>\n<h2>Wskaz\u00f3wki i rozwi\u0105zania dotycz\u0105ce rozwi\u0105zywania problem\u00f3w<\/h2>\n<p>Aby skutecznie rozwi\u0105zywa\u0107 problemy:<\/p>\n<ul>\n<li>Regularnie sprawdzaj wszystkie elementy hydrauliczne pod k\u0105tem zu\u017cycia lub uszkodze\u0144 i rozwi\u0105zuj problemy w miar\u0119 ich pojawiania si\u0119.<\/li>\n<li>Utrzymuj odpowiedni poziom p\u0142ynu hydraulicznego i wymieniaj go zgodnie z zaleceniami, aby zapobiec problemom z wydajno\u015bci\u0105.<\/li>\n<li>Wdra\u017caj \u015brodki zapobiegawcze, takie jak regularna konserwacja i kontrole, aby zminimalizowa\u0107 potencjalne problemy i wyd\u0142u\u017cy\u0107 \u017cywotno\u015b\u0107 si\u0142ownika wysi\u0119gnika.<\/li>\n<\/ul>\n<p><img decoding=\"async\" src=\"https:\/\/www.hydraulic-cylinders.net\/wp-content\/uploads\/2025\/04\/songte-bushings-with-all-kinds-of-excavator-models.webp\" alt=\"Tuleje cylindr\u00f3w hydraulicznych\"><\/p>\n<h2>Przegl\u0105d firmy<\/h2>\n<p>Jeste\u015bmy wiod\u0105cym producentem zamiennych si\u0142ownik\u00f3w hydraulicznych, oferuj\u0105cym szerok\u0105 gam\u0119 produkt\u00f3w zar\u00f3wno na rynek krajowy, jak i mi\u0119dzynarodowy. Nasze zaanga\u017cowanie w d\u0105\u017cenie do doskona\u0142o\u015bci jako\u015bci opiera si\u0119 na dopracowanej strategii produkcyjnej, kt\u00f3ra obejmuje zaawansowan\u0105 technologi\u0119, wykwalifikowany personel i wydajny proces produkcji. Nasze najnowocze\u015bniejsze zak\u0142ady produkcyjne s\u0105 wyposa\u017cone w wysokiej klasy sprz\u0119t cyfrowy i rygorystyczny system testowania, aby zapewni\u0107 najwy\u017csze standardy jako\u015bci. Jeste\u015bmy dumni z naszej zdolno\u015bci do zaspokajania zr\u00f3\u017cnicowanych potrzeb klient\u00f3w, zapewniaj\u0105c wysok\u0105 wydajno\u015b\u0107, precyzj\u0119 i jako\u015b\u0107.<\/p>\n<p>Nasza specjalizacja obejmuje:<\/p>\n<ul>\n<li><strong>Profesjonalizm:<\/strong> Dzi\u0119ki zespo\u0142owi do\u015bwiadczonych specjalist\u00f3w gwarantujemy, \u017ce nasze produkty spe\u0142niaj\u0105 najwy\u017csze standardy bran\u017cowe.<\/li>\n<li><strong>Certyfikaty mi\u0119dzynarodowe:<\/strong> Nasze produkty posiadaj\u0105 certyfikaty potwierdzaj\u0105ce zgodno\u015b\u0107 z mi\u0119dzynarodowymi normami jako\u015bci, co zwi\u0119ksza zaufanie klient\u00f3w.<\/li>\n<li><strong>Us\u0142ugi niestandardowe:<\/strong> Oferujemy rozwi\u0105zania dostosowane do indywidualnych potrzeb klienta, gwarantuj\u0105c jego satysfakcj\u0119.<\/li>\n<li><strong>Zaawansowany sprz\u0119t produkcyjny:<\/strong> W naszych procesach produkcyjnych stosujemy najnowocze\u015bniejsze technologie, kt\u00f3re zwi\u0119kszaj\u0105 wydajno\u015b\u0107 i precyzj\u0119.<\/li>\n<li><strong>Serwis posprzeda\u017cowy:<\/strong> Zapewniamy kompleksowe wsparcie posprzeda\u017cowe, aby pom\u00f3c klientom w przypadku jakichkolwiek pyta\u0144 lub problem\u00f3w.<\/li>\n<\/ul>\n<p><img decoding=\"async\" src=\"https:\/\/www.hydraulic-cylinders.net\/wp-content\/uploads\/2025\/04\/songte-company-4.webp\" alt=\"Przegl\u0105d firmy 1\"><img decoding=\"async\" src=\"https:\/\/www.hydraulic-cylinders.net\/wp-content\/uploads\/2025\/04\/songte-company-3.webp\" alt=\"Przegl\u0105d firmy 2\"><\/p>\n<p>Autor: lyl<\/p>","protected":false},"excerpt":{"rendered":"<p>Boom Cylinder For Xiniu XNX8 Understanding the Boom Cylinder The boom cylinder, specifically designed for heavy machinery, plays a crucial role in the operation of various equipment such as excavators and loaders. This hydraulic cylinder is responsible for controlling the movement of the bucket, enabling it to lift, lower, and tilt. As a vital component [&hellip;]<\/p>","protected":false},"featured_media":17872,"comment_status":"open","ping_status":"closed","template":"","meta":{"_et_pb_use_builder":"","_et_pb_old_content":"","_et_gb_content_width":""},"product_brand":[],"product_cat":[1546],"product_tag":[1547,1496],"class_list":{"0":"post-19729","1":"product","2":"type-product","3":"status-publish","4":"has-post-thumbnail","6":"product_cat-boom-cylinders","7":"product_tag-boom-cylinders","8":"product_tag-hydraulic-cylinders","10":"first","11":"instock","12":"shipping-taxable","13":"product-type-simple"},"amp_enabled":true,"_links":{"self":[{"href":"https:\/\/www.hydraulic-cylinders.net\/pl\/wp-json\/wp\/v2\/product\/19729","targetHints":{"allow":["GET"]}}],"collection":[{"href":"https:\/\/www.hydraulic-cylinders.net\/pl\/wp-json\/wp\/v2\/product"}],"about":[{"href":"https:\/\/www.hydraulic-cylinders.net\/pl\/wp-json\/wp\/v2\/types\/product"}],"replies":[{"embeddable":true,"href":"https:\/\/www.hydraulic-cylinders.net\/pl\/wp-json\/wp\/v2\/comments?post=19729"}],"wp:featuredmedia":[{"embeddable":true,"href":"https:\/\/www.hydraulic-cylinders.net\/pl\/wp-json\/wp\/v2\/media\/17872"}],"wp:attachment":[{"href":"https:\/\/www.hydraulic-cylinders.net\/pl\/wp-json\/wp\/v2\/media?parent=19729"}],"wp:term":[{"taxonomy":"product_brand","embeddable":true,"href":"https:\/\/www.hydraulic-cylinders.net\/pl\/wp-json\/wp\/v2\/product_brand?post=19729"},{"taxonomy":"product_cat","embeddable":true,"href":"https:\/\/www.hydraulic-cylinders.net\/pl\/wp-json\/wp\/v2\/product_cat?post=19729"},{"taxonomy":"product_tag","embeddable":true,"href":"https:\/\/www.hydraulic-cylinders.net\/pl\/wp-json\/wp\/v2\/product_tag?post=19729"}],"curies":[{"name":"wp","href":"https:\/\/api.w.org\/{rel}","templated":true}]}}