{"id":19744,"date":"2025-04-07T07:05:04","date_gmt":"2025-04-07T07:05:04","guid":{"rendered":"https:\/\/www.hydraulic-cylinders.net\/product\/boom-cylinder-for-kato-small-excavator-hd512-3\/"},"modified":"2025-04-07T07:05:07","modified_gmt":"2025-04-07T07:05:07","slug":"boom-cylinder-for-kato-small-excavator-hd512-3","status":"publish","type":"product","link":"https:\/\/www.hydraulic-cylinders.net\/pl\/produkt\/boom-cylinder-for-kato-small-excavator-hd512-3\/","title":{"rendered":"Si\u0142ownik wysi\u0119gnika do ma\u0142ej koparki Kato HD512-3"},"content":{"rendered":"<h1>Si\u0142ownik wysi\u0119gnika do ma\u0142ej koparki Kato HD512-3<\/h1>\n<h2>Przegl\u0105d cylindra wysi\u0119gnika<\/h2>\n<p>Si\u0142ownik wysi\u0119gnika jest niezb\u0119dnym elementem uk\u0142ad\u00f3w hydraulicznych, zaprojektowanym przede wszystkim do sterowania ruchem \u0142y\u017cek w r\u00f3\u017cnych maszynach ci\u0119\u017ckich, takich jak koparki, koparko-\u0142adowarki i \u0142adowarki czo\u0142owe. Ten si\u0142ownik hydrauliczny umo\u017cliwia podnoszenie, opuszczanie i przechylanie \u0142y\u017cki, u\u0142atwiaj\u0105c wydajne przenoszenie materia\u0142\u00f3w. Si\u0142ownik wysi\u0119gnika odgrywa kluczow\u0105 rol\u0119 w wydajno\u015bci i wszechstronno\u015bci sprz\u0119tu budowlanego, umo\u017cliwiaj\u0105c precyzyjne sterowanie i przemieszczanie ci\u0119\u017ckich \u0142adunk\u00f3w, co czyni go niezast\u0105pionym w pracach budowlanych i wykopach.<\/p>\n<p><img decoding=\"async\" src=\"https:\/\/www.hydraulic-cylinders.net\/wp-content\/uploads\/2025\/04\/songte-company-1.webp\" alt=\"Si\u0142ownik wysi\u0119gnika do koparki\" \/><\/p>\n<h2>Cechy naszego cylindra wysi\u0119gnika<\/h2>\n<ul>\n<li>\n<h3>Wysoka wytrzyma\u0142o\u015b\u0107 i trwa\u0142o\u015b\u0107<\/h3>\n<p>Wykonane z wysokowytrzyma\u0142ej stali lub aluminium, nasze si\u0142owniki wysi\u0119gnika s\u0105 zaprojektowane tak, aby wytrzymywa\u0107 wysokie ci\u015bnienie i du\u017ce obci\u0105\u017cenia, a jednocze\u015bnie dostosowywa\u0107 si\u0119 do trudnych warunk\u00f3w pracy. Konstrukcja uwzgl\u0119dnia odporno\u015b\u0107 na zu\u017cycie i korozj\u0119, co wyd\u0142u\u017ca \u017cywotno\u015b\u0107 produktu.<\/p>\n<\/li>\n<li>\n<h3>Wydajna praca hydrauliczna<\/h3>\n<p>Wykorzystuj\u0105c ci\u015bnienie p\u0142ynu hydraulicznego, nasze si\u0142owniki zapewniaj\u0105 p\u0142ynne wysuwanie i wsuwanie, co przek\u0142ada si\u0119 na szybk\u0105 reakcj\u0119 na polecenia operatora i du\u017c\u0105 si\u0142\u0119 pchania i ci\u0105gni\u0119cia, idealn\u0105 do obs\u0142ugi ci\u0119\u017ckich i skomplikowanych zada\u0144 operacyjnych.<\/p>\n<\/li>\n<li>\n<h3>R\u00f3\u017cnorodno\u015b\u0107 typ\u00f3w<\/h3>\n<p>Nasze si\u0142owniki wysi\u0119gnika s\u0105 dost\u0119pne w r\u00f3\u017cnych modelach, w tym jednostronnego dzia\u0142ania (dzia\u0142aj\u0105ce w jednym kierunku) i dwustronnego dzia\u0142ania (dzia\u0142aj\u0105ce w obu kierunkach). Niekt\u00f3re modele s\u0105 teleskopowe, co pozwala na wi\u0119kszy zasi\u0119g bez zwi\u0119kszania wymiar\u00f3w zewn\u0119trznych, dzi\u0119ki czemu nadaj\u0105 si\u0119 do zastosowa\u0144 w ograniczonej przestrzeni.<\/p>\n<\/li>\n<li>\n<h3>In\u017cynieria precyzyjna<\/h3>\n<p>Ka\u017cdy cylinder przechodzi rygorystyczne testy i kontrol\u0119 jako\u015bci, aby zagwarantowa\u0107 niezawodn\u0105 wydajno\u015b\u0107 i d\u0142ugowieczno\u015b\u0107 w wymagaj\u0105cych warunkach.<\/p>\n<\/li>\n<li>\n<h3>Wszechstronne zastosowania<\/h3>\n<p>Nasze cylindry zosta\u0142y zaprojektowane tak, aby by\u0142y kompatybilne z r\u00f3\u017cnymi modelami koparek. Bez problemu zast\u0119puj\u0105 cz\u0119\u015bci OEM, zapewniaj\u0105c optymaln\u0105 wydajno\u015b\u0107.<\/p>\n<\/li>\n<\/ul>\n<p><img decoding=\"async\" src=\"https:\/\/www.hydraulic-cylinders.net\/wp-content\/uploads\/2025\/04\/songte-cylinder-head-with-all-kinds-excavator-models.webp\" alt=\"Zgodno\u015b\u0107 modeli koparek\" \/><\/p>\n<h2>Scenariusze zastosowa\u0144<\/h2>\n<ul>\n<li>\n<h3>Sprz\u0119t budowlany<\/h3>\n<p>W koparkach si\u0142owniki wysi\u0119gnika odgrywaj\u0105 kluczow\u0105 rol\u0119 w kopaniu, za\u0142adunku i przemieszczaniu ziemi lub gruzu. Ich funkcjonalno\u015b\u0107 jest kluczowa na placach budowy, gdzie wymagane jest podnoszenie ci\u0119\u017ckich \u0142adunk\u00f3w i precyzyjne uk\u0142adanie materia\u0142\u00f3w.<\/p>\n<\/li>\n<li>\n<h3>Maszyny rolnicze<\/h3>\n<p>U\u017cywane w \u0142adowarkach czo\u0142owych, si\u0142owniki te s\u0105 niezb\u0119dne do nabierania, podnoszenia i transportu gleby, siana i innych materia\u0142\u00f3w. Ich wydajna praca zwi\u0119ksza wydajno\u015b\u0107 w rolnictwie.<\/p>\n<\/li>\n<li>\n<h3>Koparki<\/h3>\n<p>Cylindry wysi\u0119gnika umo\u017cliwiaj\u0105 skuteczn\u0105 penetracj\u0119 gruntu przez \u0142y\u017ck\u0119, co gwarantuje efektywne kopanie, kt\u00f3re jest niezb\u0119dne podczas prac wykopaliskowych.<\/p>\n<\/li>\n<li>\n<h3>\u0141adowarki<\/h3>\n<p>W \u0142adowarkach czo\u0142owych si\u0142owniki wysi\u0119gnika pomagaj\u0105 w wydajnym podnoszeniu i zrzucaniu \u0142adunk\u00f3w, co sprawia, \u017ce \u200b\u200bs\u0105 niezb\u0119dnymi narz\u0119dziami w transporcie materia\u0142\u00f3w i procesach budowlanych.<\/p>\n<\/li>\n<\/ul>\n<h2>Zagadnienia projektowe i kryteria wyboru<\/h2>\n<ul>\n<li>\n<h3>No\u015bno\u015b\u0107<\/h3>\n<p>Ud\u017awig ma kluczowe znaczenie przy wyborze si\u0142ownika wysi\u0119gnika. Musi on by\u0107 w stanie unie\u015b\u0107 oczekiwane obci\u0105\u017cenia bez awarii. Wymaga to uwzgl\u0119dnienia zar\u00f3wno obci\u0105\u017ce\u0144 statycznych, jak i dynamicznych podczas pracy.<\/p>\n<\/li>\n<li>\n<h3>Opiecz\u0119towanie<\/h3>\n<p>Skuteczne uszczelnienie jest kluczowe, aby zapobiec wyciekom p\u0142ynu hydraulicznego, kt\u00f3re mog\u0105 prowadzi\u0107 do pogorszenia wydajno\u015bci i zagro\u017ce\u0144 dla \u015brodowiska. Wysokiej jako\u015bci uszczelnienia zapewniaj\u0105 d\u0142ugotrwa\u0142\u0105 niezawodno\u015b\u0107 i minimaln\u0105 konserwacj\u0119.<\/p>\n<\/li>\n<li>\n<h3>Trwa\u0142o\u015b\u0107<\/h3>\n<p>Materia\u0142 i konstrukcja cylindra wp\u0142ywaj\u0105 na jego trwa\u0142o\u015b\u0107. Wyb\u00f3r materia\u0142\u00f3w odpornych na zu\u017cycie i korozj\u0119 wyd\u0142u\u017ca \u017cywotno\u015b\u0107 produktu i zmniejsza cz\u0119stotliwo\u015b\u0107 wymiany.<\/p>\n<\/li>\n<li>\n<h3>Bezpiecze\u0144stwo<\/h3>\n<p>Wprowadzenie funkcji bezpiecze\u0144stwa, takich jak zawory bezpiecze\u0144stwa, gwarantuje bezpieczn\u0105 prac\u0119 w r\u00f3\u017cnych warunkach, co jest niezb\u0119dne w miejscach o du\u017cym ryzyku, takich jak place budowy.<\/p>\n<\/li>\n<li>\n<h3>Utrzymywalno\u015b\u0107<\/h3>\n<p>Projektowanie cylindr\u00f3w z my\u015bl\u0105 o \u0142atwo\u015bci konserwacji jest kluczowe. Zapewnienie dost\u0119pu do kluczowych podzespo\u0142\u00f3w w celu ich kontroli i serwisowania mo\u017ce znacznie skr\u00f3ci\u0107 przestoje.<\/p>\n<\/li>\n<\/ul>\n<p><img decoding=\"async\" src=\"https:\/\/www.hydraulic-cylinders.net\/wp-content\/uploads\/2025\/04\/songte-oil-pipes-and-spare-parts.webp\" alt=\"Cz\u0119\u015bci hydrauliczne i konserwacja\" \/><\/p>\n<h2>Uszczelnianie i smarowanie<\/h2>\n<p>Prawid\u0142owe uszczelnienie i smarowanie s\u0105 niezb\u0119dne dla zapewnienia d\u0142ugiej \u017cywotno\u015bci cylindr\u00f3w hydraulicznych. R\u00f3\u017cne uszczelnienia, takie jak uszczelnienia t\u0142ok\u00f3w i t\u0142oczysk, wykonane s\u0105 z trwa\u0142ych materia\u0142\u00f3w, takich jak poliuretan i kauczuk nitrylowy, kt\u00f3re zapewniaj\u0105 doskona\u0142\u0105 odporno\u015b\u0107 na zu\u017cycie. Precyzyjnie obrobione powierzchnie korpusu cylindra i gwintowanych ko\u0144c\u00f3wek zwi\u0119kszaj\u0105 trwa\u0142o\u015b\u0107 i zmniejszaj\u0105 zu\u017cycie. Regularne smarowanie poprzez dodawanie odpowiedniej ilo\u015bci oleju hydraulicznego jest niezb\u0119dne do utrzymania optymalnej wydajno\u015bci i zapobiegania pracy na sucho, kt\u00f3ra mo\u017ce prowadzi\u0107 do przedwczesnej awarii.<\/p>\n<h2>\u015arodki konserwacji zapobiegawczej<\/h2>\n<ul>\n<li>\n<h3>Regularne kontrole<\/h3>\n<p>Rutynowe kontrole cylindr\u00f3w hydraulicznych pod k\u0105tem wyciek\u00f3w, zu\u017cycia i innych oznak pogorszenia stanu mog\u0105 pom\u00f3c w identyfikacji problem\u00f3w zanim stan\u0105 si\u0119 powa\u017cne.<\/p>\n<\/li>\n<li>\n<h3>Odpowiednie smarowanie<\/h3>\n<p>Utrzymywanie prawid\u0142owego poziomu smarowania i stosowanie w\u0142a\u015bciwego rodzaju oleju hydraulicznego ma kluczowe znaczenie dla p\u0142ynnej pracy urz\u0105dzenia i minimalizacji tarcia pomi\u0119dzy ruchomymi cz\u0119\u015bciami.<\/p>\n<\/li>\n<li>\n<h3>Wymiana uszczelki<\/h3>\n<p>Regularne sprawdzanie i wymiana uszczelek w razie potrzeby pomaga utrzyma\u0107 ci\u015bnienie hydrauliczne i zapobiega wyciekom, zapewniaj\u0105c wydajn\u0105 prac\u0119 uk\u0142adu.<\/p>\n<\/li>\n<\/ul>\n<h2>Wytyczne dotycz\u0105ce instalacji<\/h2>\n<p>Prawid\u0142owy monta\u017c si\u0142ownika wysi\u0119gnika ma kluczowe znaczenie dla jego wydajno\u015bci i trwa\u0142o\u015bci. Na pocz\u0105tek nale\u017cy upewni\u0107 si\u0119, \u017ce si\u0142ownik jest prawid\u0142owo ustawiony wzgl\u0119dem punkt\u00f3w mocowania koparki. Zaleca si\u0119 u\u017cycie odpowiednich wspornik\u00f3w monta\u017cowych, aby pewnie zamocowa\u0107 si\u0142ownik. Nale\u017cy upewni\u0107 si\u0119, \u017ce wszystkie elementy s\u0105 dokr\u0119cone zgodnie ze specyfikacj\u0105 producenta, aby unikn\u0105\u0107 poluzowania podczas pracy. Ponadto, przed sprawdzeniem dzia\u0142ania si\u0142ownika, nale\u017cy sprawdzi\u0107 szczelno\u015b\u0107 po\u0142\u0105cze\u0144 hydraulicznych i upewni\u0107 si\u0119, \u017ce olej hydrauliczny jest nape\u0142niony do prawid\u0142owego poziomu. Zawsze nale\u017cy \u015bci\u015ble przestrzega\u0107 instrukcji monta\u017cu producenta, aby zapewni\u0107 optymaln\u0105 wydajno\u015b\u0107.<\/p>\n<h2>Typowe zadania konserwacyjne<\/h2>\n<ul>\n<li>\n<h3>Regularne kontrole<\/h3>\n<p>Regularnie sprawdzaj ci\u015bnienie i wydajno\u015b\u0107 uk\u0142adu hydraulicznego. Monitorowanie wszelkich nieprawid\u0142owo\u015bci gwarantuje szybkie rozwi\u0105zanie drobnych problem\u00f3w, zanim doprowadz\u0105 do powa\u017cnych awarii.<\/p>\n<\/li>\n<li>\n<h3>Prawid\u0142owe smarowanie<\/h3>\n<p>Aby zminimalizowa\u0107 zu\u017cycie element\u00f3w cylindra, nale\u017cy zapewni\u0107 odpowiednie smarowanie, stosuj\u0105c wysokiej jako\u015bci olej hydrauliczny i nak\u0142adaj\u0105c go w zalecanych odst\u0119pach czasu.<\/p>\n<\/li>\n<li>\n<h3>Wymiana i kalibracja uszczelek<\/h3>\n<p>Regularnie wymieniaj zu\u017cyte uszczelki i wykonuj kontrole kalibracji, aby utrzyma\u0107 dok\u0142adno\u015b\u0107 dzia\u0142ania uk\u0142adu hydraulicznego. Zwi\u0119kszy to niezawodno\u015b\u0107 i wydajno\u015b\u0107 systemu.<\/p>\n<\/li>\n<\/ul>\n<p><img decoding=\"async\" src=\"https:\/\/www.hydraulic-cylinders.net\/wp-content\/uploads\/2025\/04\/songte-chushion-collar.webp\" alt=\"Amortyzacja cylindra\" \/><\/p>\n<h2>Zagadnienia bezpiecze\u0144stwa i czynniki \u015brodowiskowe<\/h2>\n<p>Podczas obs\u0142ugi cylindr\u00f3w hydraulicznych \u015brodki bezpiecze\u0144stwa maj\u0105 kluczowe znaczenie dla ochrony personelu i sprz\u0119tu. Zawsze nale\u017cy upewni\u0107 si\u0119, \u017ce os\u0142ony bezpiecze\u0144stwa s\u0105 na miejscu, a operatorzy s\u0105 przeszkoleni w zakresie prawid\u0142owych technik obs\u0142ugi. Nale\u017cy r\u00f3wnie\u017c uwzgl\u0119dni\u0107 czynniki \u015brodowiskowe, takie jak ekstremalne temperatury i nara\u017cenie na dzia\u0142anie substancji \u017cr\u0105cych, poniewa\u017c mog\u0105 one wp\u0142ywa\u0107 na wydajno\u015b\u0107 i \u017cywotno\u015b\u0107 cylindr\u00f3w. Regularne szkolenia z zakresu protoko\u0142\u00f3w bezpiecze\u0144stwa i \u015bwiadomo\u015bci ekologicznej mog\u0105 znacznie zmniejszy\u0107 ryzyko wypadk\u00f3w i awarii sprz\u0119tu.<\/p>\n<h2>Diagnostyka usterek i typowe problemy<\/h2>\n<ul>\n<li>\n<h3>Wycieki hydrauliczne<\/h3>\n<p>Wycieki cz\u0119sto wskazuj\u0105 na zu\u017cycie uszczelek lub uszkodzenie podzespo\u0142\u00f3w. Regularnie sprawdzaj uk\u0142ad pod k\u0105tem oznak utraty p\u0142ynu i niezw\u0142ocznie rozwi\u0105zuj problem, aby zapobiec awariom.<\/p>\n<\/li>\n<li>\n<h3>Nieregularny ruch<\/h3>\n<p>Je\u015bli cylinder porusza si\u0119 nieregularnie lub nie reaguje, przyczyn\u0105 mo\u017ce by\u0107 niski poziom p\u0142ynu hydraulicznego lub zapowietrzenie uk\u0142adu. Sprawd\u017a poziom p\u0142ynu i odpowietrz przewody, aby przywr\u00f3ci\u0107 prawid\u0142owe dzia\u0142anie.<\/p>\n<\/li>\n<li>\n<h3>Przegrzanie<\/h3>\n<p>Nadmierne ciep\u0142o mo\u017ce by\u0107 oznak\u0105 przeci\u0105\u017cenia lub niewystarczaj\u0105cego smarowania. Upewnij si\u0119, \u017ce cylinder nie jest poddawany obci\u0105\u017ceniom przekraczaj\u0105cym jego mo\u017cliwo\u015bci i \u017ce zapewnione jest prawid\u0142owe smarowanie.<\/p>\n<\/li>\n<\/ul>\n<h2>Wskaz\u00f3wki dotycz\u0105ce rozwi\u0105zywania problem\u00f3w i \u015brodk\u00f3w zapobiegawczych<\/h2>\n<p>Aby skutecznie diagnozowa\u0107 usterki, nale\u017cy prowadzi\u0107 rejestr wszystkich usterek i napraw wykonanych w uk\u0142adzie hydraulicznym. Regularne kontrole konserwacyjne i natychmiastowa reakcja na wszelkie oznaki zu\u017cycia mog\u0105 znacznie zmniejszy\u0107 prawdopodobie\u0144stwo wyst\u0105pienia powa\u017cnych usterek. Wdro\u017cenie harmonogramu konserwacji zapobiegawczej, obejmuj\u0105cego rutynowe przegl\u0105dy i serwisowanie, zwi\u0119kszy niezawodno\u015b\u0107 i wyd\u0142u\u017cy \u017cywotno\u015b\u0107 si\u0142ownika wysi\u0119gnika.<\/p>\n<p><img decoding=\"async\" src=\"https:\/\/www.hydraulic-cylinders.net\/wp-content\/uploads\/2025\/04\/songte-bushings-with-all-kinds-of-excavator-models.webp\" alt=\"Tuleje do koparek\" \/><\/p>\n<h2>Wprowadzenie do firmy<\/h2>\n<p>Jeste\u015bmy wiod\u0105cym producentem alternatywnych si\u0142ownik\u00f3w hydraulicznych, oferuj\u0105cym kompleksow\u0105 gam\u0119 produkt\u00f3w, co plasuje nas w czo\u0142\u00f3wce hurtownik\u00f3w na rynku krajowym i mi\u0119dzynarodowym. Kierujemy si\u0119 zasadami doskona\u0142o\u015bci jako\u015bci, wykorzystuj\u0105c strategi\u0119 zarz\u0105dzania produkcj\u0105 przemys\u0142ow\u0105, kt\u00f3ra k\u0142adzie nacisk na udoskonalone procesy produkcyjne. Nasza firma inwestuje w wykwalifikowany personel techniczny, najnowocze\u015bniejszy sprz\u0119t do produkcji cyfrowej oraz specjalistyczne systemy testowe, aby stale rozwija\u0107 nasze mo\u017cliwo\u015bci produkcyjne. K\u0142ad\u0105c nacisk na wydajno\u015b\u0107, precyzj\u0119 i jako\u015b\u0107, dok\u0142adamy wszelkich stara\u0144, aby sprosta\u0107 zr\u00f3\u017cnicowanym potrzebom klient\u00f3w poprzez zindywidualizowane rozwi\u0105zania i solidne wsparcie posprzeda\u017cowe.<\/p>\n<p><img decoding=\"async\" src=\"https:\/\/www.hydraulic-cylinders.net\/wp-content\/uploads\/2025\/04\/songte-company-4.webp\" alt=\"Przegl\u0105d firmy\" \/><br \/>\n<img decoding=\"async\" src=\"https:\/\/www.hydraulic-cylinders.net\/wp-content\/uploads\/2025\/04\/songte-company-3.webp\" alt=\"Zak\u0142ad produkcyjny\" \/><\/p>\n<p>Autor: lyl<\/p>","protected":false},"excerpt":{"rendered":"<p>Boom Cylinder For Kato Small Excavator HD512-3 Overview of Boom Cylinder The boom cylinder is an essential component in hydraulic systems, primarily designed to control the movement of buckets in various heavy machinery, such as excavators, backhoe loaders, and front loaders. This hydraulic cylinder enables the bucket to lift, lower, and tilt, facilitating material handling [&hellip;]<\/p>","protected":false},"featured_media":17872,"comment_status":"open","ping_status":"closed","template":"","meta":{"_et_pb_use_builder":"","_et_pb_old_content":"","_et_gb_content_width":""},"product_brand":[],"product_cat":[1546],"product_tag":[1547,1496],"class_list":{"0":"post-19744","1":"product","2":"type-product","3":"status-publish","4":"has-post-thumbnail","6":"product_cat-boom-cylinders","7":"product_tag-boom-cylinders","8":"product_tag-hydraulic-cylinders","10":"first","11":"instock","12":"shipping-taxable","13":"product-type-simple"},"amp_enabled":true,"_links":{"self":[{"href":"https:\/\/www.hydraulic-cylinders.net\/pl\/wp-json\/wp\/v2\/product\/19744","targetHints":{"allow":["GET"]}}],"collection":[{"href":"https:\/\/www.hydraulic-cylinders.net\/pl\/wp-json\/wp\/v2\/product"}],"about":[{"href":"https:\/\/www.hydraulic-cylinders.net\/pl\/wp-json\/wp\/v2\/types\/product"}],"replies":[{"embeddable":true,"href":"https:\/\/www.hydraulic-cylinders.net\/pl\/wp-json\/wp\/v2\/comments?post=19744"}],"wp:featuredmedia":[{"embeddable":true,"href":"https:\/\/www.hydraulic-cylinders.net\/pl\/wp-json\/wp\/v2\/media\/17872"}],"wp:attachment":[{"href":"https:\/\/www.hydraulic-cylinders.net\/pl\/wp-json\/wp\/v2\/media?parent=19744"}],"wp:term":[{"taxonomy":"product_brand","embeddable":true,"href":"https:\/\/www.hydraulic-cylinders.net\/pl\/wp-json\/wp\/v2\/product_brand?post=19744"},{"taxonomy":"product_cat","embeddable":true,"href":"https:\/\/www.hydraulic-cylinders.net\/pl\/wp-json\/wp\/v2\/product_cat?post=19744"},{"taxonomy":"product_tag","embeddable":true,"href":"https:\/\/www.hydraulic-cylinders.net\/pl\/wp-json\/wp\/v2\/product_tag?post=19744"}],"curies":[{"name":"wp","href":"https:\/\/api.w.org\/{rel}","templated":true}]}}