{"id":19750,"date":"2025-04-07T07:05:31","date_gmt":"2025-04-07T07:05:31","guid":{"rendered":"https:\/\/www.hydraulic-cylinders.net\/product\/boom-cylinder-for-kato-small-excavator-hd512r\/"},"modified":"2025-04-07T07:05:33","modified_gmt":"2025-04-07T07:05:33","slug":"boom-cylinder-for-kato-small-excavator-hd512r","status":"publish","type":"product","link":"https:\/\/www.hydraulic-cylinders.net\/pl\/produkt\/boom-cylinder-for-kato-small-excavator-hd512r\/","title":{"rendered":"Si\u0142ownik wysi\u0119gnika do ma\u0142ej koparki Kato HD512R"},"content":{"rendered":"<h1>Si\u0142ownik wysi\u0119gnika do ma\u0142ej koparki Kato HD512R<\/h1>\n<h2>Przegl\u0105d cylindra wysi\u0119gnika<\/h2>\n<p>Si\u0142ownik wysi\u0119gnika odgrywa kluczow\u0105 rol\u0119 w uk\u0142adzie hydraulicznym maszyn budowlanych, a zw\u0142aszcza koparek. Zosta\u0142 zaprojektowany specjalnie do sterowania ruchem \u0142y\u017cki i jest niezb\u0119dny w r\u00f3\u017cnych zastosowaniach wymagaj\u0105cych du\u017cej wytrzyma\u0142o\u015bci. Si\u0142ownik wysi\u0119gnika umo\u017cliwia podnoszenie, opuszczanie i przechylanie \u0142y\u017cki, u\u0142atwiaj\u0105c wydajne przenoszenie materia\u0142\u00f3w. Ten si\u0142ownik hydrauliczny jest stosowany w maszynach takich jak koparki, koparko-\u0142adowarki i \u0142adowarki czo\u0142owe, zapewniaj\u0105c optymaln\u0105 wydajno\u015b\u0107 i produktywno\u015b\u0107 w trudnych warunkach pracy.<\/p>\n<p><img decoding=\"async\" src=\"https:\/\/www.hydraulic-cylinders.net\/wp-content\/uploads\/2025\/04\/songte-company-1.webp\" alt=\"Si\u0142ownik wysi\u0119gnika\" \/><\/p>\n<h2>Cechy cylindra wysi\u0119gnika<\/h2>\n<ul>\n<li><strong>Wysoka wytrzyma\u0142o\u015b\u0107 i trwa\u0142o\u015b\u0107:<\/strong> Wykonany z wytrzyma\u0142ej stali lub aluminium cylinder wytrzymuje wysokie ci\u015bnienia i du\u017ce obci\u0105\u017cenia, dzi\u0119ki czemu nadaje si\u0119 do pracy w trudnych warunkach.<\/li>\n<li><strong>Wydajna praca uk\u0142adu hydraulicznego:<\/strong> Wykorzystuje ci\u015bnienie oleju hydraulicznego do p\u0142ynnego wysuwania i wsuwania, zapewniaj\u0105c szybk\u0105 reakcj\u0119 na polecenia steruj\u0105ce i dostarczaj\u0105c mocnych mo\u017cliwo\u015bci pchania i ci\u0105gni\u0119cia.<\/li>\n<li><strong>R\u00f3\u017cne typy:<\/strong> Dost\u0119pne w konfiguracji jednostronnego dzia\u0142ania (wykorzystuj\u0105cej si\u0142\u0119 hydrauliczn\u0105 w jednym kierunku) lub dwustronnego dzia\u0142ania (wykorzystuj\u0105cej si\u0142\u0119 hydrauliczn\u0105 w obu kierunkach), aby sprosta\u0107 r\u00f3\u017cnym potrzebom operacyjnym.<\/li>\n<li><strong>Kompaktowa konstrukcja:<\/strong> Niekt\u00f3re modele posiadaj\u0105 konstrukcj\u0119 teleskopow\u0105, kt\u00f3ra umo\u017cliwia wi\u0119ksze wysuni\u0119cie urz\u0105dzenia bez zwi\u0119kszania jego wymiar\u00f3w zewn\u0119trznych. Jest to idealne rozwi\u0105zanie do zastosowa\u0144 w ograniczonej przestrzeni.<\/li>\n<li><strong>\u0141atwe w utrzymaniu:<\/strong> Zaprojektowane z my\u015bl\u0105 o \u0142atwej konserwacji i wymianie, co zapewnia minimalny czas przestoju w trakcie eksploatacji.<\/li>\n<\/ul>\n<h2>Mo\u017cliwo\u015bci produkcyjne<\/h2>\n<p>Dysponujemy zdolno\u015bci\u0105 produkcyjn\u0105 pozwalaj\u0105c\u0105 na produkcj\u0119 tego produktu, co gwarantuje, \u017ce nasze cylindry hydrauliczne b\u0119d\u0105 mog\u0142y doskonale zast\u0105pi\u0107 istniej\u0105ce modele na rynku.<\/p>\n<p><img decoding=\"async\" src=\"https:\/\/www.hydraulic-cylinders.net\/wp-content\/uploads\/2025\/04\/songte-cylinder-head-with-all-kinds-excavator-models.webp\" alt=\"Produkcja cylindr\u00f3w\" \/><\/p>\n<h2>Scenariusze zastosowa\u0144<\/h2>\n<h3>Sprz\u0119t budowlany<\/h3>\n<p>W koparkach si\u0142owniki wysi\u0119gnika odgrywaj\u0105 kluczow\u0105 rol\u0119 w kopaniu, \u0142adowaniu i przemieszczaniu gleby lub gruzu. Umo\u017cliwiaj\u0105 one skuteczne zag\u0142\u0119bianie si\u0119 \u0142y\u017cki w grunt, umo\u017cliwiaj\u0105c operatorom sprawne wykonywanie zada\u0144. W koparko-\u0142adowarkach si\u0142ownik wysi\u0119gnika wspomaga zar\u00f3wno kopanie, jak i podnoszenie, zapewniaj\u0105c wszechstronno\u015b\u0107 w terenie.<\/p>\n<h3>Maszyny rolnicze<\/h3>\n<p>Stosowane w \u0142adowarkach czo\u0142owych si\u0142owniki wysi\u0119gnika wspomagaj\u0105 nabieranie, podnoszenie i transport ziemi, siana i innych materia\u0142\u00f3w, co czyni je niezast\u0105pionymi w rolnictwie. Ich wytrzyma\u0142o\u015b\u0107 i niezawodno\u015b\u0107 gwarantuj\u0105 rolnikom mo\u017cliwo\u015b\u0107 nieprzerwanego wykonywania zada\u0144.<\/p>\n<h3>Koparki<\/h3>\n<p>Si\u0142owniki wysi\u0119gnika u\u0142atwiaj\u0105 kopanie, umo\u017cliwiaj\u0105c \u0142y\u017cce zag\u0142\u0119bianie si\u0119 w gleb\u0119. Ta funkcja jest niezb\u0119dna do efektywnego dzia\u0142ania koparek w pracach budowlanych i ogrodniczych, zapewniaj\u0105c optymaln\u0105 prac\u0119 w zr\u00f3\u017cnicowanym terenie.<\/p>\n<h3>\u0141adowarki<\/h3>\n<p>W \u0142adowarkach czo\u0142owych si\u0142owniki wysi\u0119gnika odpowiadaj\u0105 za efektywne podnoszenie i zrzucanie \u0142adunk\u00f3w. Ich wydajno\u015b\u0107 podczas podnoszenia ma kluczowe znaczenie dla transportu materia\u0142\u00f3w, zapewniaj\u0105c efektywny transport i sk\u0142adowanie towar\u00f3w.<\/p>\n<h2>Zagadnienia projektowe i kryteria wyboru<\/h2>\n<ul>\n<li><strong>No\u015bno\u015b\u0107:<\/strong> Projekt musi uwzgl\u0119dnia\u0107 maksymalne obci\u0105\u017cenie, jakie wytrzyma cylinder. Wi\u0105\u017ce si\u0119 to z wyborem materia\u0142\u00f3w, kt\u00f3re wytrzymaj\u0105 obci\u0105\u017cenia eksploatacyjne bez uszczerbku dla bezpiecze\u0144stwa.<\/li>\n<li><strong>Integralno\u015b\u0107 uszczelnienia:<\/strong> Skuteczne uszczelnienie jest kluczowe dla zapobiegania wyciekom p\u0142ynu hydraulicznego. Aby utrzyma\u0107 ci\u015bnienie i zapewni\u0107 wydajno\u015b\u0107 operacyjn\u0105, nale\u017cy stosowa\u0107 wysokiej jako\u015bci uszczelki.<\/li>\n<li><strong>Trwa\u0142o\u015b\u0107:<\/strong> Wybrane materia\u0142y musz\u0105 by\u0107 odporne na zu\u017cycie i zu\u017cycie, zapewniaj\u0105c d\u0142ug\u0105 \u017cywotno\u015b\u0107 nawet w trudnych warunkach. Nale\u017cy wzi\u0105\u0107 pod uwag\u0119 r\u00f3wnie\u017c zabezpieczenia antykorozyjne.<\/li>\n<li><strong>Funkcje bezpiecze\u0144stwa:<\/strong> Zastosowanie \u015brodk\u00f3w bezpiecze\u0144stwa, takich jak zawory bezpiecze\u0144stwa, mo\u017ce zapobiec wypadkom i zwi\u0119kszy\u0107 bezpiecze\u0144stwo operatora podczas ci\u0119\u017ckich operacji.<\/li>\n<li><strong>Dost\u0119pno\u015b\u0107 konserwacyjna:<\/strong> Projekt powinien umo\u017cliwia\u0107 \u0142atwy dost\u0119p do kluczowych podzespo\u0142\u00f3w w celu przeprowadzenia kontroli i konserwacji, co skr\u00f3ci przestoje i zak\u0142\u00f3cenia w dzia\u0142aniu.<\/li>\n<\/ul>\n<p><img decoding=\"async\" src=\"https:\/\/www.hydraulic-cylinders.net\/wp-content\/uploads\/2025\/04\/songte-oil-pipes-and-spare-parts.webp\" alt=\"Cz\u0119\u015bci zapasowe\" \/><\/p>\n<h2>Uszczelnianie i smarowanie<\/h2>\n<p>Zastosowanie r\u00f3\u017cnorodnych element\u00f3w uszczelniaj\u0105cych, takich jak uszczelnienia t\u0142oczysk i t\u0142oczysk, jest niezb\u0119dne do utrzymania integralno\u015bci cylindr\u00f3w hydraulicznych. Uszczelnienia wykonane z trwa\u0142ych materia\u0142\u00f3w, takich jak poliuretan i kauczuk nitrylowy, zapewniaj\u0105 odporno\u015b\u0107 na zu\u017cycie i d\u0142ug\u0105 \u017cywotno\u015b\u0107. Korpus cylindra i gwintowane powierzchnie ko\u0144cowe s\u0105 precyzyjnie obrobione, aby zwi\u0119kszy\u0107 odporno\u015b\u0107 na zu\u017cycie. Regularne smarowanie odpowiedni\u0105 ilo\u015bci\u0105 oleju hydraulicznego jest niezb\u0119dne, aby zapewni\u0107 p\u0142ynn\u0105 prac\u0119 i zapobiec zu\u017cyciu cz\u0119\u015bci ruchomych.<\/p>\n<h2>Regularne kontrole i \u015brodki konserwacji zapobiegawczej<\/h2>\n<ul>\n<li><strong>Zaplanuj rutynowe kontrole:<\/strong> Regularne kontrole pozwalaj\u0105 wykry\u0107 zu\u017cycie, zanim doprowadzi ono do powa\u017cnych problem\u00f3w. Szukaj oznak wyciek\u00f3w, nietypowych d\u017awi\u0119k\u00f3w i spadk\u00f3w wydajno\u015bci.<\/li>\n<li><strong>Wdro\u017cenie protoko\u0142\u00f3w smarowania:<\/strong> Ustal harmonogram smarowania wszystkich ruchomych cz\u0119\u015bci. Pomo\u017ce to utrzyma\u0107 p\u0142ynn\u0105 prac\u0119 i zmniejszy\u0107 zu\u017cycie spowodowane tarciem.<\/li>\n<li><strong>Wymiana uszczelek i kontrola kalibracji:<\/strong> Regularnie sprawdzaj stan uszczelek i wymieniaj je w razie potrzeby. Kontrole kalibracji zapewniaj\u0105, \u017ce uk\u0142ady hydrauliczne dzia\u0142aj\u0105 przy optymalnym ci\u015bnieniu, co zwi\u0119ksza wydajno\u015b\u0107 i bezpiecze\u0144stwo.<\/li>\n<\/ul>\n<h2>Prawid\u0142owe wytyczne dotycz\u0105ce instalacji produktu<\/h2>\n<p>Prawid\u0142owy monta\u017c si\u0142ownika wysi\u0119gnika ma kluczowe znaczenie dla jego wydajno\u015bci i trwa\u0142o\u015bci. Na pocz\u0105tek nale\u017cy upewni\u0107 si\u0119, \u017ce powierzchnie monta\u017cowe s\u0105 czyste i wolne od zanieczyszcze\u0144. Podczas monta\u017cu nale\u017cy zachowa\u0107 odpowiednie wyr\u00f3wnanie; brak wyr\u00f3wnania mo\u017ce spowodowa\u0107 przedwczesne zu\u017cycie lub awari\u0119. Nale\u017cy u\u017cy\u0107 odpowiednich wspornik\u00f3w monta\u017cowych, aby bezpiecznie ustabilizowa\u0107 si\u0142ownik. Po monta\u017cu nale\u017cy przeprowadzi\u0107 dok\u0142adny test funkcjonalny, aby upewni\u0107 si\u0119, \u017ce si\u0142ownik dzia\u0142a prawid\u0142owo przed pe\u0142nym u\u017cyciem. Ponadto, nale\u017cy zapozna\u0107 si\u0119 z zaleceniami producenta dotycz\u0105cymi ustawie\u0144 momentu obrotowego podczas monta\u017cu, aby unikn\u0105\u0107 problem\u00f3w w przysz\u0142o\u015bci.<\/p>\n<h2>Typowe zadania konserwacyjne<\/h2>\n<ul>\n<li><strong>Regularne kontrole:<\/strong> Cz\u0119ste kontrole pozwalaj\u0105 na wczesn\u0105 identyfikacj\u0119 problem\u00f3w, umo\u017cliwiaj\u0105c szybk\u0105 interwencj\u0119 i napraw\u0119. To proaktywne podej\u015bcie minimalizuje przestoje i wyd\u0142u\u017ca \u017cywotno\u015b\u0107 cylindr\u00f3w.<\/li>\n<li><strong>Prawid\u0142owe smarowanie:<\/strong> Regularne smarowanie jest niezb\u0119dne dla p\u0142ynnej pracy cylindra. Upewnij si\u0119, \u017ce u\u017cywasz oleju hydraulicznego zalecanego przez producenta i \u015bci\u015ble przestrzegaj harmonogramu smarowania.<\/li>\n<li><strong>Wymiana uszczelek i kontrola kalibracji:<\/strong> Z biegiem czasu uszczelki ulegaj\u0105 zu\u017cyciu i musz\u0105 by\u0107 wymieniane, aby zapobiec wyciekom. Kontrole kalibracji zapewniaj\u0105, \u017ce si\u0142owniki hydrauliczne pracuj\u0105 pod wymaganym ci\u015bnieniem, utrzymuj\u0105c wydajno\u015b\u0107.<\/li>\n<\/ul>\n<h2>Zagadnienia bezpiecze\u0144stwa i czynniki \u015brodowiskowe<\/h2>\n<p>Podczas obs\u0142ugi cylindr\u00f3w hydraulicznych priorytetem jest zapewnienie bezpiecze\u0144stwa. Obejmuje to przeszkolenie operator\u00f3w w zakresie procedur bezpiecznej obs\u0142ugi oraz zapewnienie regularnych przegl\u0105d\u00f3w i konserwacji ca\u0142ego sprz\u0119tu. Kwestie \u015brodowiskowe r\u00f3wnie\u017c odgrywaj\u0105 istotn\u0105 rol\u0119; stosowanie przyjaznych dla \u015brodowiska p\u0142yn\u00f3w hydraulicznych mo\u017ce ograniczy\u0107 negatywny wp\u0142yw na otaczaj\u0105cy ekosystem, co \u015bwiadczy o zaanga\u017cowaniu w zr\u00f3wnowa\u017cony rozw\u00f3j w dzia\u0142alno\u015bci operacyjnej.<\/p>\n<h2>Rozwi\u0105zywanie problem\u00f3w i typowe problemy<\/h2>\n<ul>\n<li><strong>Przeciek:<\/strong> Cz\u0119sto spowodowane zu\u017cytymi uszczelkami lub uszkodzonymi korpusami cylindr\u00f3w. Regularne kontrole mog\u0105 pom\u00f3c we wczesnym wykryciu wyciek\u00f3w i zapobiec utracie p\u0142ynu.<\/li>\n<li><strong>Powolna praca:<\/strong> Mo\u017ce to wskazywa\u0107 na niski poziom p\u0142ynu hydraulicznego lub konieczno\u015b\u0107 odpowietrzenia uk\u0142adu w celu usuni\u0119cia uwi\u0119zionego powietrza. Nale\u017cy niezw\u0142ocznie rozwi\u0105za\u0107 te problemy, aby przywr\u00f3ci\u0107 dzia\u0142anie uk\u0142adu.<\/li>\n<li><strong>Nietypowe d\u017awi\u0119ki:<\/strong> Zgrzytanie lub stukanie mo\u017ce wskazywa\u0107 na awari\u0119 mechaniczn\u0105 lub zanieczyszczenia w systemie. Nale\u017cy natychmiast zbada\u0107 przyczyn\u0119, aby zapobiec dalszym uszkodzeniom.<\/li>\n<\/ul>\n<p>Wdra\u017canie \u015brodk\u00f3w zapobiegawczych, takich jak rutynowe kontrole konserwacyjne i zapewnienie, \u017ce operatorzy s\u0105 przeszkoleni w zakresie prawid\u0142owego u\u017cytkowania, mo\u017ce zminimalizowa\u0107 potencjalne problemy i wyd\u0142u\u017cy\u0107 \u017cywotno\u015b\u0107 si\u0142ownika wysi\u0119gnika.<\/p>\n<p><img decoding=\"async\" src=\"https:\/\/www.hydraulic-cylinders.net\/wp-content\/uploads\/2025\/04\/songte-bushings-with-all-kinds-of-excavator-models.webp\" alt=\"Modele koparek\" \/><\/p>\n<h2>O naszej firmie<\/h2>\n<p>Jeste\u015bmy wiod\u0105cym producentem i hurtowym dystrybutorem zamiennych si\u0142ownik\u00f3w hydraulicznych, oferuj\u0105c szerok\u0105 gam\u0119 produkt\u00f3w, zar\u00f3wno na rynku krajowym, jak i mi\u0119dzynarodowym. Nasze zaanga\u017cowanie w d\u0105\u017cenie do doskona\u0142o\u015bci znajduje odzwierciedlenie w naszych dopracowanych strategiach produkcyjnych, kt\u00f3re wykorzystuj\u0105 talent techniczny, zaawansowany sprz\u0119t do produkcji cyfrowej oraz profesjonalne systemy testowe. Ci\u0105g\u0142e doskonalenie naszej platformy produkcyjnej gwarantuje wysok\u0105 jako\u015b\u0107 produkcji, pozwalaj\u0105c nam sprosta\u0107 zr\u00f3\u017cnicowanym potrzebom klient\u00f3w, zapewniaj\u0105c wysok\u0105 wydajno\u015b\u0107, precyzj\u0119 i jako\u015b\u0107.<\/p>\n<h3>Nasza profesjonalna przewaga<\/h3>\n<ul>\n<li><strong>Ekspertyza:<\/strong> Nasz zesp\u00f3\u0142 sk\u0142ada si\u0119 z wykwalifikowanych specjalist\u00f3w z du\u017cym do\u015bwiadczeniem w produkcji cylindr\u00f3w hydraulicznych, co gwarantuje najwy\u017csz\u0105 jako\u015b\u0107 i wydajno\u015b\u0107.<\/li>\n<li><strong>Certyfikaty mi\u0119dzynarodowe:<\/strong> Spe\u0142niamy wymogi wielu norm mi\u0119dzynarodowych, co daje gwarancj\u0119 jako\u015bci i niezawodno\u015bci naszych produkt\u00f3w.<\/li>\n<li><strong>Rozwi\u0105zania niestandardowe:<\/strong> Oferujemy us\u0142ugi dostosowane do indywidualnych potrzeb klient\u00f3w, zapewniaj\u0105c, \u017ce nasze produkty idealnie odpowiadaj\u0105 ich potrzebom operacyjnym.<\/li>\n<li><strong>Zaawansowany sprz\u0119t produkcyjny:<\/strong> Nasze najnowocze\u015bniejsze zak\u0142ady produkcyjne s\u0105 wyposa\u017cone w najnowocze\u015bniejsze technologie, co pozwala nam na wydajn\u0105 produkcj\u0119 wysokiej jako\u015bci cylindr\u00f3w hydraulicznych.<\/li>\n<li><strong>Wsparcie posprzeda\u017cowe:<\/strong> Oferujemy kompleksow\u0105 obs\u0142ug\u0119 posprzeda\u017cow\u0105, gwarantuj\u0105c zadowolenie klienta i wsparcie przez ca\u0142y cykl \u017cycia produktu.<\/li>\n<\/ul>\n<p><img decoding=\"async\" src=\"https:\/\/www.hydraulic-cylinders.net\/wp-content\/uploads\/2025\/04\/songte-company-4.webp\" alt=\"Przegl\u0105d firmy\" \/><br \/>\n<img decoding=\"async\" src=\"https:\/\/www.hydraulic-cylinders.net\/wp-content\/uploads\/2025\/04\/songte-company-3.webp\" alt=\"Obiekty firmy\" \/><\/p>\n<p>Autor: lyl<\/p>","protected":false},"excerpt":{"rendered":"<p>Boom Cylinder For Kato Small Excavator HD512R Overview of the Boom Cylinder The boom cylinder plays a crucial role in the hydraulic system of construction machinery, particularly in excavators. It is specifically designed to control the movement of the bucket and is essential for various heavy-duty applications. The boom cylinder allows the bucket to lift, [&hellip;]<\/p>","protected":false},"featured_media":17878,"comment_status":"open","ping_status":"closed","template":"","meta":{"_et_pb_use_builder":"","_et_pb_old_content":"","_et_gb_content_width":""},"product_brand":[],"product_cat":[1546],"product_tag":[1547,1496],"class_list":{"0":"post-19750","1":"product","2":"type-product","3":"status-publish","4":"has-post-thumbnail","6":"product_cat-boom-cylinders","7":"product_tag-boom-cylinders","8":"product_tag-hydraulic-cylinders","10":"first","11":"instock","12":"shipping-taxable","13":"product-type-simple"},"amp_enabled":true,"_links":{"self":[{"href":"https:\/\/www.hydraulic-cylinders.net\/pl\/wp-json\/wp\/v2\/product\/19750","targetHints":{"allow":["GET"]}}],"collection":[{"href":"https:\/\/www.hydraulic-cylinders.net\/pl\/wp-json\/wp\/v2\/product"}],"about":[{"href":"https:\/\/www.hydraulic-cylinders.net\/pl\/wp-json\/wp\/v2\/types\/product"}],"replies":[{"embeddable":true,"href":"https:\/\/www.hydraulic-cylinders.net\/pl\/wp-json\/wp\/v2\/comments?post=19750"}],"wp:featuredmedia":[{"embeddable":true,"href":"https:\/\/www.hydraulic-cylinders.net\/pl\/wp-json\/wp\/v2\/media\/17878"}],"wp:attachment":[{"href":"https:\/\/www.hydraulic-cylinders.net\/pl\/wp-json\/wp\/v2\/media?parent=19750"}],"wp:term":[{"taxonomy":"product_brand","embeddable":true,"href":"https:\/\/www.hydraulic-cylinders.net\/pl\/wp-json\/wp\/v2\/product_brand?post=19750"},{"taxonomy":"product_cat","embeddable":true,"href":"https:\/\/www.hydraulic-cylinders.net\/pl\/wp-json\/wp\/v2\/product_cat?post=19750"},{"taxonomy":"product_tag","embeddable":true,"href":"https:\/\/www.hydraulic-cylinders.net\/pl\/wp-json\/wp\/v2\/product_tag?post=19750"}],"curies":[{"name":"wp","href":"https:\/\/api.w.org\/{rel}","templated":true}]}}