{"id":19751,"date":"2025-04-07T07:05:33","date_gmt":"2025-04-07T07:05:33","guid":{"rendered":"https:\/\/www.hydraulic-cylinders.net\/product\/boom-cylinder-for-kato-small-excavator-hd800-7\/"},"modified":"2025-04-07T07:05:36","modified_gmt":"2025-04-07T07:05:36","slug":"boom-cylinder-for-kato-small-excavator-hd800-7","status":"publish","type":"product","link":"https:\/\/www.hydraulic-cylinders.net\/pl\/produkt\/boom-cylinder-for-kato-small-excavator-hd800-7\/","title":{"rendered":"Si\u0142ownik wysi\u0119gnika do ma\u0142ej koparki Kato HD800-7"},"content":{"rendered":"<h1>Si\u0142ownik wysi\u0119gnika do ma\u0142ej koparki Kato HD800-7<\/h1>\n<h2>Przegl\u0105d produktu<\/h2>\n<p>Si\u0142ownik wysi\u0119gnika do ma\u0142ej koparki Kato HD800-7 to niezb\u0119dny element hydrauliczny, zaprojektowany specjalnie do sterowania ruchem wysi\u0119gnika koparki. Ten si\u0142ownik hydrauliczny odgrywa kluczow\u0105 rol\u0119 w r\u00f3\u017cnorodnych operacjach ci\u0119\u017ckiego sprz\u0119tu, umo\u017cliwiaj\u0105c precyzyjne podnoszenie, opuszczanie i przechylanie wysi\u0119gnika. Zwi\u0119ksza wydajno\u015b\u0107 zada\u0144 zwi\u0105zanych z prze\u0142adunkiem materia\u0142\u00f3w, co czyni go niezast\u0105pionym na placach budowy i wykopach.<\/p>\n<p>Jako specjalistyczny si\u0142ownik hydrauliczny, si\u0142ownik wysi\u0119gnika u\u0142atwia wykonywanie r\u00f3\u017cnorodnych operacji w ci\u0119\u017ckich maszynach, takich jak koparki, koparko-\u0142adowarki i \u0142adowarki czo\u0142owe. Umo\u017cliwia p\u0142ynne wykonywanie zada\u0144, takich jak kopanie, za\u0142adunek i przemieszczanie materia\u0142\u00f3w, znacz\u0105co zwi\u0119kszaj\u0105c wydajno\u015b\u0107. Mechanizm hydrauliczny si\u0142ownika wysi\u0119gnika dzia\u0142a pod wp\u0142ywem ci\u015bnienia p\u0142ynu hydraulicznego, zapewniaj\u0105c si\u0142\u0119 niezb\u0119dn\u0105 do podnoszenia i manewrowania ci\u0119\u017ckimi \u0142adunkami.<\/p>\n<p><img decoding=\"async\" src=\"https:\/\/www.hydraulic-cylinders.net\/wp-content\/uploads\/2025\/04\/songte-company-1.webp\" alt=\"Si\u0142ownik wysi\u0119gnika do ma\u0142ej koparki Kato HD800-7\"><\/p>\n<h2>Cechy cylindra wysi\u0119gnika<\/h2>\n<ul>\n<li>\n<h3>Wysoka wytrzyma\u0142o\u015b\u0107 i trwa\u0142o\u015b\u0107<\/h3>\n<p>Wykonany z wysokowytrzyma\u0142ej stali lub aluminium si\u0142ownik wysi\u0119gnika zosta\u0142 zaprojektowany tak, aby wytrzymywa\u0107 wysokie ci\u015bnienie i du\u017ce obci\u0105\u017cenia, dzi\u0119ki czemu nadaje si\u0119 do pracy w trudnych warunkach. Materia\u0142 zosta\u0142 dobrany ze wzgl\u0119du na odporno\u015b\u0107 na zu\u017cycie i korozj\u0119, co zapewnia d\u0142u\u017csz\u0105 \u017cywotno\u015b\u0107.<\/p>\n<\/li>\n<li>\n<h3>Wydajna praca hydrauliczna<\/h3>\n<p>Si\u0142ownik wykorzystuje ci\u015bnienie oleju hydraulicznego do p\u0142ynnego wysuwania i wsuwania. Pozwala to na szybk\u0105 reakcj\u0119 na polecenia steruj\u0105ce, zapewniaj\u0105c du\u017c\u0105 si\u0142\u0119 pchania i ci\u0105gni\u0119cia, idealn\u0105 do przenoszenia ci\u0119\u017ckich przedmiot\u00f3w i skomplikowanych zada\u0144.<\/p>\n<\/li>\n<li>\n<h3>R\u00f3\u017cnorodne opcje<\/h3>\n<p>Dost\u0119pny w wersji jednostronnego dzia\u0142ania (dzia\u0142aj\u0105cej w jednym kierunku) i dwustronnego dzia\u0142ania (dzia\u0142aj\u0105cej w dw\u00f3ch kierunkach), si\u0142ownik wysi\u0119gnika mo\u017cna dostosowa\u0107 do r\u00f3\u017cnych potrzeb operacyjnych. Niekt\u00f3re modele s\u0105 teleskopowe, co pozwala na wi\u0119ksze wysuni\u0119cie bez zwi\u0119kszania wymiar\u00f3w zewn\u0119trznych, co sprawdza si\u0119 w zastosowaniach o ograniczonej przestrzeni.<\/p>\n<\/li>\n<li>\n<h3>Zgodno\u015b\u0107<\/h3>\n<p>Produkujemy produkty, kt\u00f3re doskonale zast\u0119puj\u0105 istniej\u0105ce si\u0142owniki hydrauliczne, zapewniaj\u0105c bezproblemow\u0105 integracj\u0119 z maszynami bez uszczerbku dla wydajno\u015bci.<\/p>\n<\/li>\n<\/ul>\n<p><img decoding=\"async\" src=\"https:\/\/www.hydraulic-cylinders.net\/wp-content\/uploads\/2025\/04\/songte-cylinder-head-with-all-kinds-excavator-models.webp\" alt=\"G\u0142owica cylindra wysi\u0119gnika z modelami koparki\"><\/p>\n<h2>Zastosowania cylindra wysi\u0119gnika<\/h2>\n<ul>\n<li>\n<h3>Sprz\u0119t budowlany<\/h3>\n<p>W koparkach si\u0142ownik wysi\u0119gnika ma kluczowe znaczenie podczas kopania, za\u0142adunku i przemieszczania ziemi lub gruzu. Zapewnia on si\u0142\u0119 niezb\u0119dn\u0105 do penetracji gruntu i u\u0142atwia usuwanie materia\u0142\u00f3w, zwi\u0119kszaj\u0105c og\u00f3ln\u0105 wydajno\u015b\u0107 projekt\u00f3w budowlanych. Konstrukcja si\u0142ownika zapewnia p\u0142ynny ruch, co jest niezb\u0119dne do precyzyjnego manewrowania w ciasnych przestrzeniach.<\/p>\n<\/li>\n<li>\n<h3>Maszyny rolnicze<\/h3>\n<p>Si\u0142owniki wysi\u0119gnika s\u0105 powszechnie stosowane w \u0142adowarkach czo\u0142owych do nabierania, podnoszenia i transportu gleby, siana i innych materia\u0142\u00f3w. Ich solidna konstrukcja gwarantuje, \u017ce poradz\u0105 sobie z trudami prac rolniczych, zapewniaj\u0105c niezawodn\u0105 wydajno\u015b\u0107 nawet w trudnych warunkach.<\/p>\n<\/li>\n<li>\n<h3>Koparki<\/h3>\n<p>W koparkach si\u0142ownik wysi\u0119gnika umo\u017cliwia skuteczne zag\u0142\u0119bianie si\u0119 \u0142y\u017cki w gleb\u0119, umo\u017cliwiaj\u0105c sprawne kopanie. Mechanizm ten jest niezb\u0119dny do wykonywania zada\u0144 od przygotowania terenu po kopanie row\u00f3w, gdzie wymagana jest precyzyjna kontrola nad ruchem \u0142y\u017cki.<\/p>\n<\/li>\n<li>\n<h3>\u0141adowarki<\/h3>\n<p>W \u0142adowarkach czo\u0142owych si\u0142ownik wysi\u0119gnika wspomaga efektywne podnoszenie i zrzucanie \u0142adunk\u00f3w. Jego hydrauliczne mo\u017cliwo\u015bci zapewniaj\u0105 \u0142atwe operowanie ci\u0119\u017ckimi materia\u0142ami, zmniejszaj\u0105c zm\u0119czenie operatora i zwi\u0119kszaj\u0105c wydajno\u015b\u0107 pracy.<\/p>\n<\/li>\n<\/ul>\n<h2>Zagadnienia projektowe i kryteria wyboru<\/h2>\n<ul>\n<li>\n<h3>No\u015bno\u015b\u0107<\/h3>\n<p>Przy wyborze si\u0142ownika wysi\u0119gnika kluczowe znaczenie ma zrozumienie jego ud\u017awigu. Si\u0142ownik musi by\u0107 w stanie wytrzyma\u0107 maksymalne obci\u0105\u017cenie, jakiemu b\u0119dzie poddawana maszyna. Wi\u0119kszy ud\u017awig nie tylko gwarantuje sprawne dzia\u0142anie sprz\u0119tu w trudnych warunkach, ale tak\u017ce przyczynia si\u0119 do bezpiecze\u0144stwa i trwa\u0142o\u015bci. Dob\u00f3r materia\u0142\u00f3w i konstrukcji musi by\u0107 zgodny z przewidywanymi wymaganiami eksploatacyjnymi, aby zapobiec awariom i wypadkom.<\/p>\n<\/li>\n<li>\n<h3>Opiecz\u0119towanie<\/h3>\n<p>Skuteczne uszczelnienie jest kluczowe dla utrzymania ci\u015bnienia hydraulicznego i zapobiegania wyciekom. Nale\u017cy stosowa\u0107 wysokiej jako\u015bci uszczelki wykonane z trwa\u0142ych materia\u0142\u00f3w, takich jak poliuretan i kauczuk nitrylowy. Uszczelki te musz\u0105 by\u0107 odporne na trudne warunki \u015brodowiskowe i dzia\u0142anie p\u0142ynu hydraulicznego, zapewniaj\u0105c szczelne dopasowanie, kt\u00f3re minimalizuje zu\u017cycie i wyd\u0142u\u017ca \u017cywotno\u015b\u0107 cylindra.<\/p>\n<\/li>\n<li>\n<h3>Trwa\u0142o\u015b\u0107<\/h3>\n<p>Trwa\u0142o\u015b\u0107 si\u0142ownika wysi\u0119gnika zale\u017cy od doboru materia\u0142\u00f3w i jako\u015bci wykonania. Powinien by\u0107 on zaprojektowany tak, aby by\u0142 odporny na zu\u017cycie i korozj\u0119, zw\u0142aszcza w trudnych warunkach. Regularne kontrole konserwacyjne mog\u0105 pom\u00f3c w identyfikacji potencjalnych problem\u00f3w, zanim doprowadz\u0105 do powa\u017cnych awarii, zapewniaj\u0105c sprawne i bezpieczne dzia\u0142anie maszyn.<\/p>\n<\/li>\n<li>\n<h3>Funkcje bezpiecze\u0144stwa<\/h3>\n<p>Bezpiecze\u0144stwo jest najwa\u017cniejsze podczas obs\u0142ugi maszyn hydraulicznych. Si\u0142ownik wysi\u0119gnika powinien by\u0107 wyposa\u017cony w zabezpieczenia zapobiegaj\u0105ce przypadkowemu uruchomieniu lub awarii. Nale\u017c\u0105 do nich zawory bezpiecze\u0144stwa i blokady bezpiecze\u0144stwa, kt\u00f3re zapobiegaj\u0105 przekroczeniu przez si\u0142ownik jego dopuszczalnego obci\u0105\u017cenia, chroni\u0105c w ten spos\u00f3b operatora i sprz\u0119t przed urazami.<\/p>\n<\/li>\n<li>\n<h3>Utrzymywalno\u015b\u0107<\/h3>\n<p>Projektowanie si\u0142ownika wysi\u0119gnika z uwzgl\u0119dnieniem konserwacji ma kluczowe znaczenie dla jego d\u0142ugotrwa\u0142ej wydajno\u015bci. \u0141atwo dost\u0119pne smarowniczki, \u0142atwe do wymiany uszczelki i czytelne oznaczenia punkt\u00f3w kontrolnych pomagaj\u0105 operatorom w efektywnej konserwacji si\u0142ownika. Regularne przegl\u0105dy i konserwacje mog\u0105 znacznie wyd\u0142u\u017cy\u0107 \u017cywotno\u015b\u0107 si\u0142ownika hydraulicznego, zapewniaj\u0105c jego p\u0142ynn\u0105 i wydajn\u0105 prac\u0119 przez d\u0142ugi czas.<\/p>\n<\/li>\n<\/ul>\n<p><img decoding=\"async\" src=\"https:\/\/www.hydraulic-cylinders.net\/wp-content\/uploads\/2025\/04\/songte-oil-pipes-and-spare-parts.webp\" alt=\"Rury olejowe i cz\u0119\u015bci zamienne\"><\/p>\n<h2>Uszczelnienie i smarowanie cylindra<\/h2>\n<p>Skuteczne uszczelnienie i smarowanie to kluczowe aspekty utrzymania wydajno\u015bci si\u0142ownika wysi\u0119gnika. R\u00f3\u017cne elementy uszczelniaj\u0105ce, takie jak uszczelnienia t\u0142oka i t\u0142oczyska, odgrywaj\u0105 kluczow\u0105 rol\u0119 w zapobieganiu wyciekom i utrzymywaniu ci\u015bnienia hydraulicznego. Dob\u00f3r materia\u0142\u00f3w uszczelniaj\u0105cych, takich jak poliuretan i kauczuk nitrylowy, zapewnia trwa\u0142o\u015b\u0107 i odporno\u015b\u0107 na zu\u017cycie, co jest niezb\u0119dne do d\u0142ugotrwa\u0142ej eksploatacji.<\/p>\n<p>Korpus cylindra i powierzchnie gwintowane powinny zosta\u0107 poddane precyzyjnemu wyko\u0144czeniu w celu zwi\u0119kszenia odporno\u015bci na zu\u017cycie i zmniejszenia ryzyka przedwczesnej awarii. Regularne smarowanie olejem hydraulicznym jest niezb\u0119dne, aby zminimalizowa\u0107 tarcie mi\u0119dzy ruchomymi cz\u0119\u015bciami, zapewniaj\u0105c p\u0142ynn\u0105 prac\u0119. Operatorzy powinni cz\u0119sto sprawdza\u0107 poziom oleju i uzupe\u0142nia\u0107 odpowiedni\u0105 ilo\u015b\u0107 p\u0142ynu hydraulicznego, aby utrzyma\u0107 optymalne smarowanie, poniewa\u017c niedostateczne smarowanie mo\u017ce prowadzi\u0107 do zwi\u0119kszonego zu\u017cycia element\u00f3w cylindra.<\/p>\n<h2>Regularne kontrole i \u015brodki konserwacji zapobiegawczej<\/h2>\n<ul>\n<li>\n<h3>Cz\u0119ste inspekcje<\/h3>\n<p>Regularne kontrole si\u0142ownika wysi\u0119gnika s\u0105 niezb\u0119dne do wczesnego wykrycia oznak zu\u017cycia lub uszkodzenia. Operatorzy powinni przeprowadza\u0107 kontrole wizualne pod k\u0105tem wyciek\u00f3w, p\u0119kni\u0119\u0107 i korozji. Wszelkie nieprawid\u0142owo\u015bci nale\u017cy niezw\u0142ocznie naprawia\u0107, aby zapobiec dalszym problemom i zapewni\u0107 bezpieczn\u0105 prac\u0119 maszyny.<\/p>\n<\/li>\n<li>\n<h3>Prawid\u0142owe smarowanie<\/h3>\n<p>Utrzymanie odpowiedniego poziomu smarowania w uk\u0142adzie hydraulicznym jest kluczowe. Operatorzy powinni przestrzega\u0107 zalece\u0144 producenta dotycz\u0105cych cz\u0119stotliwo\u015bci i ilo\u015bci smarowania. Prawid\u0142owe smarowanie zapobiega tarciu i przegrzaniu, wyd\u0142u\u017caj\u0105c \u017cywotno\u015b\u0107 cylindra i poprawiaj\u0105c jego wydajno\u015b\u0107.<\/p>\n<\/li>\n<li>\n<h3>Wymiana uszczelki<\/h3>\n<p>Uszczelki nale\u017cy okresowo wymienia\u0107, zw\u0142aszcza je\u015bli wykazuj\u0105 oznaki zu\u017cycia lub nieszczelno\u015bci. Regularne procedury konserwacyjne powinny obejmowa\u0107 sprawdzanie szczelno\u015bci uszczelek i ich wymian\u0119 w razie potrzeby, aby utrzyma\u0107 ci\u015bnienie hydrauliczne i zapobiec utracie p\u0142ynu. Zapewnienie dobrego stanu uszczelek ma kluczowe znaczenie dla og\u00f3lnej sprawno\u015bci uk\u0142adu hydraulicznego.<\/p>\n<\/li>\n<\/ul>\n<h2>Wytyczne dotycz\u0105ce instalacji<\/h2>\n<p>Prawid\u0142owy monta\u017c si\u0142ownika wysi\u0119gnika ma kluczowe znaczenie dla jego wydajno\u015bci i trwa\u0142o\u015bci. Na pocz\u0105tek nale\u017cy upewni\u0107 si\u0119, \u017ce wszystkie powierzchnie monta\u017cowe s\u0105 czyste i wolne od zanieczyszcze\u0144. Dok\u0142adnie wyr\u00f3wnaj si\u0142ownik ze wspornikami monta\u017cowymi, u\u017cywaj\u0105c odpowiednich narz\u0119dzi, aby unikn\u0105\u0107 rozbie\u017cno\u015bci, kt\u00f3re mog\u0105 prowadzi\u0107 do przedwczesnego zu\u017cycia lub awarii.<\/p>\n<p>Zabezpiecz cylinder odpowiednimi elementami mocuj\u0105cymi, upewniaj\u0105c si\u0119, \u017ce s\u0105 one dokr\u0119cone zgodnie ze specyfikacj\u0105 producenta. Konieczne jest zastosowanie odpowiednich wspornik\u00f3w monta\u017cowych, aby zapewni\u0107 stabilne podparcie cylindra podczas pracy. Po monta\u017cu, przed pe\u0142nym uruchomieniem, sprawd\u017a ewentualne wycieki hydrauliczne, testuj\u0105c system pod niskim ci\u015bnieniem.<\/p>\n<p>Na koniec nale\u017cy sprawdzi\u0107, czy wszystkie po\u0142\u0105czenia hydrauliczne s\u0105 bezpieczne i przeprowadzi\u0107 ostateczn\u0105 kontrol\u0119, aby potwierdzi\u0107, \u017ce instalacja spe\u0142nia normy bezpiecze\u0144stwa i eksploatacji.<\/p>\n<h2>Zadania konserwacyjne<\/h2>\n<ul>\n<li>\n<h3>Regularne kontrole<\/h3>\n<p>Regularne kontrole si\u0142ownika wysi\u0119gnika s\u0105 kluczowe dla wczesnego wykrywania potencjalnych problem\u00f3w. Operatorzy powinni zwraca\u0107 uwag\u0119 na oznaki zu\u017cycia, wycieki lub nietypowe d\u017awi\u0119ki podczas pracy. Szybkie zaj\u0119cie si\u0119 tymi problemami mo\u017ce zapobiec powa\u017cniejszym problemom i przestojom.<\/p>\n<\/li>\n<li>\n<h3>Odpowiednie smarowanie<\/h3>\n<p>Utrzymanie prawid\u0142owego poziomu smarowania jest niezb\u0119dne dla p\u0142ynnej pracy. Operatorzy powinni przestrzega\u0107 zalece\u0144 producenta dotycz\u0105cych rodzaju oleju hydraulicznego i harmonogram\u00f3w smarowania, aby zapewni\u0107 optymaln\u0105 wydajno\u015b\u0107 i wyd\u0142u\u017cy\u0107 \u017cywotno\u015b\u0107 cylindra.<\/p>\n<\/li>\n<li>\n<h3>Wymiana uszczelek i kontrola kalibracji<\/h3>\n<p>Regularna wymiana uszczelek w ramach rutynowej konserwacji jest kluczowa dla zapobiegania wyciekom i utrzymania ci\u015bnienia hydraulicznego. Dodatkowo nale\u017cy przeprowadza\u0107 kontrole kalibracji, aby upewni\u0107 si\u0119, \u017ce si\u0142ownik dzia\u0142a zgodnie ze specyfikacj\u0105 producenta, zapewniaj\u0105c bezpiecze\u0144stwo i wydajno\u015b\u0107 pracy.<\/p>\n<\/li>\n<\/ul>\n<p><img decoding=\"async\" src=\"https:\/\/www.hydraulic-cylinders.net\/wp-content\/uploads\/2025\/04\/songte-chushion-collar.webp\" alt=\"Ko\u0142nierz poduszkowy\"><\/p>\n<h2>Zagadnienia bezpiecze\u0144stwa i czynniki \u015brodowiskowe<\/h2>\n<p>Podczas u\u017cytkowania cylindr\u00f3w hydraulicznych przestrzeganie zasad bezpiecze\u0144stwa jest niezwykle wa\u017cne. Operatorzy powinni by\u0107 przeszkoleni w zakresie potencjalnych zagro\u017ce\u0144 zwi\u0105zanych z uk\u0142adami hydraulicznymi, w tym ryzyka wycieku p\u0142ynu hydraulicznego oraz zagro\u017ce\u0144 mechanicznych zwi\u0105zanych z ruchomymi cz\u0119\u015bciami. Wdro\u017cenie protoko\u0142\u00f3w bezpiecze\u0144stwa, takich jak stosowanie \u015brodk\u00f3w ochrony indywidualnej (PPE) i przestrzeganie w\u0142a\u015bciwych procedur operacyjnych, minimalizuje ryzyko podczas konserwacji i eksploatacji.<\/p>\n<p>Ponadto, aby zapobiec zanieczyszczeniom, nale\u017cy wzi\u0105\u0107 pod uwag\u0119 kwestie \u015brodowiskowe. Kluczowe jest odpowiedzialne zarz\u0105dzanie p\u0142ynami hydraulicznymi, zapewniaj\u0105ce natychmiastowe usuwanie wszelkich wyciek\u00f3w i rozla\u0144 w celu ochrony \u015brodowiska. Stosowanie ekologicznych p\u0142yn\u00f3w hydraulicznych mo\u017ce r\u00f3wnie\u017c przyczyni\u0107 si\u0119 do zmniejszenia negatywnego wp\u0142ywu na \u015brodowisko.<\/p>\n<h2>Rozwi\u0105zywanie problem\u00f3w i typowe problemy<\/h2>\n<ul>\n<li>\n<h3>Wycieki hydrauliczne<\/h3>\n<p>Wycieki hydrauliczne cz\u0119sto wskazuj\u0105 na uszkodzone uszczelnienia lub podzespo\u0142y. Operatorzy powinni sprawdzi\u0107 uszczelnienia i z\u0142\u0105cza pod k\u0105tem \u015blad\u00f3w zu\u017cycia lub uszkodze\u0144 i w razie potrzeby wymieni\u0107 je. Szybkie usuni\u0119cie wyciek\u00f3w mo\u017ce zapobiec utracie p\u0142ynu hydraulicznego i utrzyma\u0107 ci\u015bnienie w uk\u0142adzie.<\/p>\n<\/li>\n<li>\n<h3>Niesp\u00f3jny ruch cylindra<\/h3>\n<p>Nier\u00f3wnomierny lub szarpany ruch si\u0142ownika wysi\u0119gnika mo\u017ce by\u0107 spowodowany uwi\u0119zieniem powietrza w uk\u0142adzie hydraulicznym lub niskim poziomem p\u0142ynu. Odpowietrzenie uk\u0142adu hydraulicznego w celu usuni\u0119cia powietrza i upewnienie si\u0119, \u017ce poziom p\u0142ynu jest odpowiedni, mo\u017ce rozwi\u0105za\u0107 ten problem i przywr\u00f3ci\u0107 p\u0142ynn\u0105 prac\u0119.<\/p>\n<\/li>\n<li>\n<h3>Przegrzanie<\/h3>\n<p>Przegrzanie mo\u017ce wyst\u0105pi\u0107 z powodu nadmiernego obci\u0105\u017cenia lub niedostatecznego smarowania. Operatorzy powinni monitorowa\u0107 limity obci\u0105\u017cenia i stosowa\u0107 prawid\u0142owe metody smarowania. Je\u015bli przegrzanie nie ust\u0119puje, konieczne jest sprawdzenie uk\u0142adu hydraulicznego pod k\u0105tem zator\u00f3w lub innych problem\u00f3w, aby zapewni\u0107 jego wydajn\u0105 prac\u0119.<\/p>\n<\/li>\n<\/ul>\n<p><img decoding=\"async\" src=\"https:\/\/www.hydraulic-cylinders.net\/wp-content\/uploads\/2025\/04\/songte-bushings-with-all-kinds-of-excavator-models.webp\" alt=\"Tuleje z modelami koparek\"><\/p>\n<h2>\u015arodki zapobiegawcze<\/h2>\n<p>Aby ograniczy\u0107 potencjalne problemy z si\u0142ownikiem wysi\u0119gnika, operatorzy powinni wdro\u017cy\u0107 szereg \u015brodk\u00f3w zapobiegawczych. Regularne przegl\u0105dy i konserwacja pozwalaj\u0105 na wczesne wykrycie problem\u00f3w, zapewniaj\u0105c wydajn\u0105 prac\u0119 uk\u0142adu hydraulicznego. Odpowiednie szkolenie operator\u00f3w w zakresie bezpiecznej obs\u0142ugi i eksploatacji mo\u017ce pom\u00f3c w ograniczeniu ryzyka zwi\u0105zanego z maszynami hydraulicznymi.<\/p>\n<p>Co wi\u0119cej, utrzymanie czystego \u015brodowiska pracy i szybkie reagowanie na wszelkie wycieki p\u0142ynu hydraulicznego chroni zar\u00f3wno sprz\u0119t, jak i otoczenie. Wprowadzenie rutynowej kontroli i uzupe\u0142niania poziomu p\u0142ynu hydraulicznego zapobiegnie r\u00f3wnie\u017c problemom z wydajno\u015bci\u0105 spowodowanym niskim poziomem p\u0142ynu.<\/p>\n<h2>Przegl\u0105d firmy<\/h2>\n<p>Jeste\u015bmy wiod\u0105cym producentem alternatywnych cylindr\u00f3w hydraulicznych, oferuj\u0105cym szerok\u0105 gam\u0119 produkt\u00f3w zar\u00f3wno na rynku krajowym, jak i mi\u0119dzynarodowym. Nasze zaanga\u017cowanie w d\u0105\u017cenie do doskona\u0142o\u015bci jako\u015bci oraz dopracowane strategie zarz\u0105dzania produkcj\u0105 pozwalaj\u0105 nam efektywnie produkowa\u0107 wysokiej jako\u015bci cylindry hydrauliczne.<\/p>\n<p>Koncentruj\u0105c si\u0119 na innowacjach, stale udoskonalamy nasze procesy produkcyjne, wykorzystuj\u0105c zaawansowane technologie, wykwalifikowany personel i solidne systemy kontroli jako\u015bci. Nasze mo\u017cliwo\u015bci produkcyjne gwarantuj\u0105 spe\u0142nienie zr\u00f3\u017cnicowanych wymaga\u0144 klient\u00f3w, przy jednoczesnym zachowaniu mi\u0119dzynarodowych certyfikat\u00f3w jako\u015bci i bezpiecze\u0144stwa.<\/p>\n<p>Oferujemy r\u00f3wnie\u017c us\u0142ugi dostosowane do indywidualnych potrzeb klient\u00f3w, gwarantuj\u0105c, \u017ce nasze rozwi\u0105zania idealnie odpowiadaj\u0105 ich wyzwaniom operacyjnym. Nasze wsparcie posprzeda\u017cowe koncentruje si\u0119 na zapewnieniu satysfakcji klienta, zapewniaj\u0105c szybk\u0105 reakcj\u0119 i pomoc techniczn\u0105 w razie potrzeby.<\/p>\n<p><img decoding=\"async\" src=\"https:\/\/www.hydraulic-cylinders.net\/wp-content\/uploads\/2025\/04\/songte-company-4.webp\" alt=\"Obraz firmy 1\"><br \/>\n<img decoding=\"async\" src=\"https:\/\/www.hydraulic-cylinders.net\/wp-content\/uploads\/2025\/04\/songte-company-3.webp\" alt=\"Obraz firmy 2\"><\/p>\n<p>Autor: lyl<\/p>","protected":false},"excerpt":{"rendered":"<p>Boom Cylinder For Kato Small Excavator HD800-7 Product Overview The Boom Cylinder for Kato Small Excavator HD800-7 is an essential hydraulic component designed specifically for controlling the movement of the excavator&#8217;s boom. This hydraulic cylinder plays a crucial role in various heavy machinery operations, enabling the boom to lift, lower, and tilt with precision. It [&hellip;]<\/p>","protected":false},"featured_media":17879,"comment_status":"open","ping_status":"closed","template":"","meta":{"_et_pb_use_builder":"","_et_pb_old_content":"","_et_gb_content_width":""},"product_brand":[],"product_cat":[1546],"product_tag":[1547,1496],"class_list":{"0":"post-19751","1":"product","2":"type-product","3":"status-publish","4":"has-post-thumbnail","6":"product_cat-boom-cylinders","7":"product_tag-boom-cylinders","8":"product_tag-hydraulic-cylinders","10":"first","11":"instock","12":"shipping-taxable","13":"product-type-simple"},"amp_enabled":true,"_links":{"self":[{"href":"https:\/\/www.hydraulic-cylinders.net\/pl\/wp-json\/wp\/v2\/product\/19751","targetHints":{"allow":["GET"]}}],"collection":[{"href":"https:\/\/www.hydraulic-cylinders.net\/pl\/wp-json\/wp\/v2\/product"}],"about":[{"href":"https:\/\/www.hydraulic-cylinders.net\/pl\/wp-json\/wp\/v2\/types\/product"}],"replies":[{"embeddable":true,"href":"https:\/\/www.hydraulic-cylinders.net\/pl\/wp-json\/wp\/v2\/comments?post=19751"}],"wp:featuredmedia":[{"embeddable":true,"href":"https:\/\/www.hydraulic-cylinders.net\/pl\/wp-json\/wp\/v2\/media\/17879"}],"wp:attachment":[{"href":"https:\/\/www.hydraulic-cylinders.net\/pl\/wp-json\/wp\/v2\/media?parent=19751"}],"wp:term":[{"taxonomy":"product_brand","embeddable":true,"href":"https:\/\/www.hydraulic-cylinders.net\/pl\/wp-json\/wp\/v2\/product_brand?post=19751"},{"taxonomy":"product_cat","embeddable":true,"href":"https:\/\/www.hydraulic-cylinders.net\/pl\/wp-json\/wp\/v2\/product_cat?post=19751"},{"taxonomy":"product_tag","embeddable":true,"href":"https:\/\/www.hydraulic-cylinders.net\/pl\/wp-json\/wp\/v2\/product_tag?post=19751"}],"curies":[{"name":"wp","href":"https:\/\/api.w.org\/{rel}","templated":true}]}}