{"id":20124,"date":"2025-05-09T08:14:18","date_gmt":"2025-05-09T08:14:18","guid":{"rendered":"https:\/\/www.hydraulic-cylinders.net\/?post_type=product&#038;p=20124"},"modified":"2025-05-12T05:29:49","modified_gmt":"2025-05-12T05:29:49","slug":"pin-shaft-hydraulic-cylinders-for-crawler-crane","status":"publish","type":"product","link":"https:\/\/www.hydraulic-cylinders.net\/pl\/produkt\/pin-shaft-hydraulic-cylinders-for-crawler-crane\/","title":{"rendered":"Si\u0142owniki hydrauliczne z wa\u0142em sworzniowym do d\u017awig\u00f3w g\u0105sienicowych"},"content":{"rendered":"<h1 style=\"text-align: center;\"><strong>Si\u0142owniki hydrauliczne z wa\u0142em sworzniowym do d\u017awig\u00f3w g\u0105sienicowych<\/strong><\/h1>\n<p><img loading=\"lazy\" decoding=\"async\" class=\"wp-image-20125 aligncenter\" src=\"https:\/\/www.hydraulic-cylinders.net\/wp-content\/uploads\/2025\/05\/pin-shaft-hydraulic-cylinders-for-crawler-crane-scaled.webp\" alt=\"Si\u0142owniki hydrauliczne z wa\u0142em sworzniowym do d\u017awig\u00f3w g\u0105sienicowych\" width=\"500\" height=\"500\" \/><\/p>\n<section id=\"introduction\">Si\u0142owniki hydrauliczne z wa\u0142em sworzniowym do \u017curawi g\u0105sienicowych to wytrzyma\u0142e si\u0142owniki hydrauliczne o du\u017cej wytrzyma\u0142o\u015bci, przeznaczone do \u017curawi g\u0105sienicowych, kompatybilne z wiod\u0105cymi modelami. Zaprojektowane z my\u015bl\u0105 o trwa\u0142o\u015bci i precyzji, te si\u0142owniki z wa\u0142em sworzniowym usprawniaj\u0105 prac\u0119 \u017curawia, zapewniaj\u0105c niezawodne podnoszenie i przemieszczanie ci\u0119\u017ckich \u0142adunk\u00f3w w wymagaj\u0105cych warunkach, takich jak place budowy, kopalnie i projekty infrastrukturalne. Ten si\u0142ownik hydrauliczny idealnie nadaje si\u0119 do podnoszenia du\u017cych ci\u0119\u017car\u00f3w, oferuj\u0105c niezr\u00f3wnan\u0105 wytrzyma\u0142o\u015b\u0107 i stabilno\u015b\u0107, spe\u0142niaj\u0105c potrzeby zwi\u0105zane z si\u0142ownikami do \u017curawi g\u0105sienicowych.<\/section>\n<section id=\"specifications\">\n<h2><strong>Dane techniczne si\u0142ownik\u00f3w hydraulicznych z wa\u0142em sworzniowym do d\u017awig\u00f3w g\u0105sienicowych:<\/strong><\/h2>\n<p><img loading=\"lazy\" decoding=\"async\" class=\"aligncenter wp-image-20129 size-full\" src=\"https:\/\/www.hydraulic-cylinders.net\/wp-content\/uploads\/2025\/05\/truss-arm-crawler-crane-hydraulic-cylinders.webp\" alt=\"Si\u0142ownik hydrauliczny \u017curawia g\u0105sienicowego\" width=\"640\" height=\"358\" srcset=\"https:\/\/www.hydraulic-cylinders.net\/wp-content\/uploads\/2025\/05\/truss-arm-crawler-crane-hydraulic-cylinders.webp 640w, https:\/\/www.hydraulic-cylinders.net\/wp-content\/uploads\/2025\/05\/truss-arm-crawler-crane-hydraulic-cylinders-480x269.webp 480w\" sizes=\"(min-width: 0px) and (max-width: 480px) 480px, (min-width: 481px) 640px, 100vw\" \/><\/p>\n<ul>\n<li>\n<p class=\"ds-markdown-paragraph\"><strong>Funkcjonowa\u0107<\/strong>:Efekt buforowania<\/p>\n<\/li>\n<li>\n<p class=\"ds-markdown-paragraph\"><strong>\u015arednica cylindra<\/strong>: 80 mm<\/p>\n<\/li>\n<li>\n<p class=\"ds-markdown-paragraph\"><strong>\u015arednica pr\u0119ta<\/strong>: 40 mm<\/p>\n<\/li>\n<li>\n<p class=\"ds-markdown-paragraph\"><strong>Podr\u00f3\u017c<\/strong>: 200 mm \u2013 530 mm<\/p>\n<\/li>\n<li>\n<p class=\"ds-markdown-paragraph\"><strong>Maksymalne ci\u015bnienie<\/strong>: 25 MPa<\/p>\n<\/li>\n<li>\n<p class=\"ds-markdown-paragraph\"><strong>Maksymalny ci\u0105g<\/strong>: 125 kN<\/p>\n<\/li>\n<\/ul>\n<\/section>\n<section id=\"features\">\n<h2><strong>G\u0142\u00f3wne cechy si\u0142ownik\u00f3w hydraulicznych z wa\u0142em sworzniowym do d\u017awig\u00f3w g\u0105sienicowych:<\/strong><\/h2>\n<ul>\n<li><strong>Lepsze podnoszenie dzi\u0119ki konstrukcji wa\u0142u sworzniowego:<\/strong> Si\u0142owniki hydrauliczne z wa\u0142em sworzniowym do \u017curawi g\u0105sienicowych charakteryzuj\u0105 si\u0119 solidn\u0105 konstrukcj\u0105, zapewniaj\u0105c\u0105 doskona\u0142\u0105 no\u015bno\u015b\u0107 i precyzj\u0119 ruchu przy podnoszeniu du\u017cych ci\u0119\u017car\u00f3w. Ten wytrzyma\u0142y si\u0142ownik hydrauliczny gwarantuje stabilno\u015b\u0107 i bezpiecze\u0144stwo podczas pracy d\u017awigu w budownictwie i g\u00f3rnictwie.<\/li>\n<li><strong>Trwa\u0142a konstrukcja do ekstremalnych warunk\u00f3w:<\/strong>\u00a0Wykonany z wysokowytrzyma\u0142ej stali stopowej z pow\u0142ok\u0105 antykorozyjn\u0105, ten hydrauliczny si\u0142ownik d\u017awigowy sprawdza si\u0119 w trudnych warunkach, takich jak zapylone place budowy, wilgotne obszary nadmorskie i projekty realizowane na du\u017cych wysoko\u015bciach. Zapewnia d\u0142ugotrwa\u0142\u0105 wydajno\u015b\u0107, dzi\u0119ki czemu jest niezawodnym si\u0142ownikiem hydraulicznym z wa\u0142em sworzniowym do zastosowa\u0144 w d\u017awigach g\u0105sienicowych.<\/li>\n<li><strong>Bezproblemowa kompatybilno\u015b\u0107 z d\u017awigami g\u0105sienicowymi:<\/strong> Zaprojektowany do \u017curawi g\u0105sienicowych Liebherr LR 1300, Manitowoc 14000 i Kobelco CKE2500, ten si\u0142ownik sworzniowy zapewnia idealne dopasowanie i optymaln\u0105 wydajno\u015b\u0107 podczas pracy d\u017awigu. Ten si\u0142ownik do \u017curawia g\u0105sienicowego, wyposa\u017cony w wytrzyma\u0142y si\u0142ownik hydrauliczny, zwi\u0119ksza wydajno\u015b\u0107 i niezawodno\u015b\u0107 podnoszenia \u017curawia.<\/li>\n<li><strong>Wydajna praca przy minimalnej konserwacji:<\/strong>\u00a0Dzi\u0119ki zaawansowanej technologii uszczelnienia i zoptymalizowanym kana\u0142om smarowania, ten hydrauliczny si\u0142ownik z wa\u0142em sworzniowym zapewnia p\u0142ynniejsz\u0105 prac\u0119 i zmniejsza zu\u017cycie kluczowych podzespo\u0142\u00f3w. Obni\u017ca koszty konserwacji i wyd\u0142u\u017ca \u017cywotno\u015b\u0107 \u017curawia g\u0105sienicowego, oferuj\u0105c doskona\u0142y zamiennik si\u0142ownika hydraulicznego do wymagaj\u0105cych zastosowa\u0144.<\/li>\n<\/ul>\n<\/section>\n<section id=\"applications\">\n<h2><strong>Zastosowania si\u0142ownik\u00f3w hydraulicznych z wa\u0142em sworzniowym w d\u017awigach g\u0105sienicowych:<\/strong><\/h2>\n<p><img loading=\"lazy\" decoding=\"async\" class=\"alignnone size-full wp-image-20131\" src=\"https:\/\/www.hydraulic-cylinders.net\/wp-content\/uploads\/2025\/05\/hydraulic-cylinder-application.webp\" alt=\"Zastosowanie si\u0142ownika hydraulicznego \u017curawia g\u0105sienicowego\" width=\"2048\" height=\"1152\" srcset=\"https:\/\/www.hydraulic-cylinders.net\/wp-content\/uploads\/2025\/05\/hydraulic-cylinder-application.webp 2048w, https:\/\/www.hydraulic-cylinders.net\/wp-content\/uploads\/2025\/05\/hydraulic-cylinder-application-1280x720.webp 1280w, https:\/\/www.hydraulic-cylinders.net\/wp-content\/uploads\/2025\/05\/hydraulic-cylinder-application-980x551.webp 980w, https:\/\/www.hydraulic-cylinders.net\/wp-content\/uploads\/2025\/05\/hydraulic-cylinder-application-480x270.webp 480w\" sizes=\"(min-width: 0px) and (max-width: 480px) 480px, (min-width: 481px) and (max-width: 980px) 980px, (min-width: 981px) and (max-width: 1280px) 1280px, (min-width: 1281px) 2048px, 100vw\" \/><\/p>\n<ul>\n<li><strong>Projekty budowlane i infrastrukturalne:<\/strong> Si\u0142owniki hydrauliczne z wa\u0142em sworzniowym do \u017curawi g\u0105sienicowych zapewniaj\u0105 niezawodn\u0105 prac\u0119 w zastosowaniach budowlanych, umo\u017cliwiaj\u0105c precyzyjne przenoszenie ci\u0119\u017ckich materia\u0142\u00f3w, takich jak belki stalowe i p\u0142yty betonowe. Wytrzyma\u0142y si\u0142ownik hydrauliczny do \u017curawi g\u0105sienicowych zwi\u0119ksza bezpiecze\u0144stwo i wydajno\u015b\u0107 na du\u017cych budowach infrastrukturalnych.<\/li>\n<li><strong>G\u00f3rnictwo i prze\u0142adunek materia\u0142\u00f3w:<\/strong>\u00a0Zaprojektowany do d\u017awig\u00f3w g\u0105sienicowych w g\u00f3rnictwie, ten hydrauliczny si\u0142ownik d\u017awigowy wspomaga wydajne podnoszenie i przemieszczanie ci\u0119\u017ckich \u0142adunk\u00f3w, takich jak ruda i sprz\u0119t. Zapewnia p\u0142ynn\u0105 prac\u0119 w trudnych warunkach, co czyni go wysokowydajnym si\u0142ownikiem do d\u017awig\u00f3w g\u0105sienicowych.<\/li>\n<li><strong>Ci\u0119\u017cki przemys\u0142 i operacje offshore:<\/strong>\u00a0Idealny do d\u017awig\u00f3w g\u0105sienicowych wykorzystywanych w przemy\u015ble ci\u0119\u017ckim i projektach offshore, ten si\u0142ownik hydrauliczny z wa\u0142em sworzniowym u\u0142atwia bezpieczne podnoszenie \u0142adunk\u00f3w o du\u017cych gabarytach w trudnych warunkach, takich jak platformy wiertnicze. Jego trwa\u0142o\u015b\u0107 sprawia, \u017ce \u200b\u200bjest to niezawodny si\u0142ownik hydrauliczny z wa\u0142em sworzniowym do obs\u0142ugi d\u017awig\u00f3w w wymagaj\u0105cych zastosowaniach.<\/li>\n<\/ul>\n<h2><strong>Poznaj wi\u0119cej cylindr\u00f3w hydraulicznych do d\u017awig\u00f3w:<\/strong><\/h2>\n<p>Oferujemy r\u00f3wnie\u017c szerok\u0105 gam\u0119 innych si\u0142ownik\u00f3w hydraulicznych do d\u017awig\u00f3w, aby sprosta\u0107 zr\u00f3\u017cnicowanym potrzebom w zakresie podnoszenia. Niezale\u017cnie od tego, czy potrzebujesz zamiennika si\u0142ownika hydraulicznego do \u017curawi wie\u017cowych, mobilnych, czy specjalistycznego sprz\u0119tu ci\u0119\u017ckiego, Ever-Power Huachang Hydraulic ma rozwi\u0105zanie. Zapoznaj si\u0119 z nasz\u0105 pe\u0142n\u0105 ofert\u0105. <a href=\"https:\/\/www.hydraulic-cylinders.net\/pl\/mobile-crane-hydraulic-cylinders\/\">si\u0142owniki hydrauliczne d\u017awig\u00f3w<\/a> aby znale\u017a\u0107 idealne rozwi\u0105zanie dla Twoich operacji d\u017awigowych.<\/p>\n<h2><strong>W jaki spos\u00f3b konstrukcja wa\u0142u sworzniowego w cylindrach hydraulicznych poprawia wydajno\u015b\u0107 w zastosowaniach wymagaj\u0105cych du\u017cej wytrzyma\u0142o\u015bci?<\/strong><\/h2>\n<p dir=\"auto\">Konstrukcja wa\u0142u sworzniowego w si\u0142ownikach hydraulicznych z wa\u0142em sworzniowym znacz\u0105co poprawia wydajno\u015b\u0107 w zastosowaniach wymagaj\u0105cych du\u017cej wytrzyma\u0142o\u015bci, zapewniaj\u0105c wyj\u0105tkow\u0105 no\u015bno\u015b\u0107 i precyzyjn\u0105 kontrol\u0119 ruchu, co jest kluczowe w wymagaj\u0105cych warunkach, takich jak place budowy, kopalnie i projekty offshore. W szczeg\u00f3lno\u015bci, konfiguracja cylindra z wa\u0142em sworzniowym zapewnia optymalny rozk\u0142ad si\u0142y w si\u0142owniku hydraulicznym \u017curawia, minimalizuj\u0105c koncentracj\u0119 napr\u0119\u017ce\u0144 i zmniejszaj\u0105c ryzyko awarii mechanicznej podczas podnoszenia ci\u0119\u017ckich \u0142adunk\u00f3w za pomoc\u0105 \u017curawi g\u0105sienicowych.<\/p>\n<p dir=\"auto\">Taka konstrukcja poprawia r\u00f3wnie\u017c wyr\u00f3wnanie i stabilno\u015b\u0107, umo\u017cliwiaj\u0105c wytrzyma\u0142emu si\u0142ownikowi hydraulicznemu utrzymanie sta\u0142ej wydajno\u015bci w warunkach wysokiego ci\u015bnienia \u2013 do 350 bar\u00f3w, zgodnie z danymi technicznymi. Co wi\u0119cej, si\u0142ownik hydrauliczny z wa\u0142em sworzniowym u\u0142atwia p\u0142ynniejsze przenoszenie obci\u0105\u017cenia, zmniejszaj\u0105c zu\u017cycie kluczowych podzespo\u0142\u00f3w i wyd\u0142u\u017caj\u0105c \u017cywotno\u015b\u0107 si\u0142ownika \u017curawia g\u0105sienicowego, nawet w ekstremalnych warunkach, takich jak zapylenie lub wilgo\u0107.<\/p>\n<p dir=\"auto\">Dzi\u0119ki zaawansowanej technologii uszczelnienia i zoptymalizowanym kana\u0142om smarowania, si\u0142owniki hydrauliczne z wa\u0142em sworzniowym do d\u017awig\u00f3w g\u0105sienicowych zapewniaj\u0105 minimalne tarcie i nagrzewanie, zwi\u0119kszaj\u0105c wydajno\u015b\u0107 operacyjn\u0105 i redukuj\u0105c potrzeby konserwacyjne. To sprawia, \u017ce \u200b\u200bsi\u0142ownik hydrauliczny z wa\u0142em sworzniowym do d\u017awig\u00f3w to idealny wyb\u00f3r dla u\u017cytkownik\u00f3w poszukuj\u0105cych niezawodnego zamiennika si\u0142ownika hydraulicznego do d\u017awig\u00f3w, kt\u00f3ry wytrzyma trudy podnoszenia ci\u0119\u017ckich \u0142adunk\u00f3w, zachowuj\u0105c jednocze\u015bnie precyzj\u0119 i bezpiecze\u0144stwo.<\/p>\n<\/section>\n<section id=\"company-introduction\">\n<h2><strong>O Ever-Power Huachang Hydraulic:<\/strong><\/h2>\n<h2><img loading=\"lazy\" decoding=\"async\" class=\"alignnone size-full wp-image-16972\" src=\"https:\/\/www.hydraulic-cylinders.net\/wp-content\/uploads\/2025\/01\/hydraulic-cylinder-factory-1-scaled.webp\" alt=\"\" width=\"2016\" height=\"2560\" srcset=\"https:\/\/www.hydraulic-cylinders.net\/wp-content\/uploads\/2025\/01\/hydraulic-cylinder-factory-1-scaled.webp 2016w, https:\/\/www.hydraulic-cylinders.net\/wp-content\/uploads\/2025\/01\/hydraulic-cylinder-factory-1-1280x1625.webp 1280w, https:\/\/www.hydraulic-cylinders.net\/wp-content\/uploads\/2025\/01\/hydraulic-cylinder-factory-1-980x1244.webp 980w, https:\/\/www.hydraulic-cylinders.net\/wp-content\/uploads\/2025\/01\/hydraulic-cylinder-factory-1-480x610.webp 480w\" sizes=\"(min-width: 0px) and (max-width: 480px) 480px, (min-width: 481px) and (max-width: 980px) 980px, (min-width: 981px) and (max-width: 1280px) 1280px, (min-width: 1281px) 2016px, 100vw\" \/><\/h2>\n<p>Dysponujemy najnowocze\u015bniejsz\u0105, niezale\u017cn\u0105 platform\u0105 badawczo-rozwojow\u0105 dedykowan\u0105 monta\u017cowi, co gwarantuje najwy\u017csz\u0105 innowacyjno\u015b\u0107 i jako\u015b\u0107 w naszych procesach produkcyjnych. Nasz zak\u0142ad produkcyjny cylindr\u00f3w do w\u00f3zk\u00f3w wid\u0142owych dysponuje czterema p\u00f3\u0142automatycznymi liniami monta\u017cowymi cylindr\u00f3w podnosz\u0105cych oraz w pe\u0142ni zautomatyzowan\u0105 lini\u0105 monta\u017cow\u0105 cylindr\u00f3w przechylnych, zaprojektowanymi \u0142\u0105cznie z my\u015bl\u0105 o produkcji do miliona sztuk rocznie.<\/p>\n<p>Nasz zak\u0142ad obr\u00f3bki skrawaniem dysponuje niestandardowymi centrami tokarskimi z prowadnicami uchylnymi, centrami obr\u00f3bczymi, szybkoobrotowymi honownicami, robotami spawalniczymi i innymi niezb\u0119dnymi urz\u0105dzeniami. Taka konfiguracja pozwala nam na obr\u00f3bk\u0119 rur cylindrycznych o maksymalnej \u015brednicy wewn\u0119trznej 400 mm i d\u0142ugo\u015bci do 6 metr\u00f3w, co dodatkowo zwi\u0119ksza nasze mo\u017cliwo\u015bci produkcyjne.<\/p>\n<p>Dysponujemy w pe\u0142ni zautomatyzowan\u0105 lini\u0105 do powlekania farbami wodorozcie\u0144czalnymi, zaprojektowan\u0105 specjalnie do ma\u0142ych i \u015brednich butli, wyposa\u017con\u0105 w zautomatyzowane roboty za\u0142adowcze, roz\u0142adowcze i natryskowe. Ten najnowocze\u015bniejszy system mo\u017ce pochwali\u0107 si\u0119 wydajno\u015bci\u0105 4000 sztuk na zmian\u0119. Dodatkowo, posiadamy p\u00f3\u0142automatyczn\u0105 lini\u0119 do powlekania butli wielkogabarytowych, nap\u0119dzan\u0105 nap\u0119dem \u0142a\u0144cuchowym, o wydajno\u015bci projektowej 60 skrzy\u0144 na zmian\u0119.<\/p>\n<h2><img loading=\"lazy\" decoding=\"async\" class=\"alignnone size-full wp-image-16973\" src=\"https:\/\/www.hydraulic-cylinders.net\/wp-content\/uploads\/2025\/01\/hydraulic-cylinder-factory-2-scaled.webp\" alt=\"\" width=\"2011\" height=\"2560\" srcset=\"https:\/\/www.hydraulic-cylinders.net\/wp-content\/uploads\/2025\/01\/hydraulic-cylinder-factory-2-scaled.webp 2011w, https:\/\/www.hydraulic-cylinders.net\/wp-content\/uploads\/2025\/01\/hydraulic-cylinder-factory-2-1280x1629.webp 1280w, https:\/\/www.hydraulic-cylinders.net\/wp-content\/uploads\/2025\/01\/hydraulic-cylinder-factory-2-980x1248.webp 980w, https:\/\/www.hydraulic-cylinders.net\/wp-content\/uploads\/2025\/01\/hydraulic-cylinder-factory-2-480x611.webp 480w\" sizes=\"(min-width: 0px) and (max-width: 480px) 480px, (min-width: 481px) and (max-width: 980px) 980px, (min-width: 981px) and (max-width: 1280px) 1280px, (min-width: 1281px) 2011px, 100vw\" \/><\/h2>\n<p>Aby poprawi\u0107 wydajno\u015b\u0107 produkt\u00f3w i umocni\u0107 nasz\u0105 pozycj\u0119 lidera w bran\u017cy cylindr\u00f3w hydraulicznych, nawi\u0105zali\u015bmy wsp\u00f3\u0142prac\u0119 z firm\u0105 Zjimee w celu utworzenia kompleksowego laboratorium badawczego, dedykowanego cylindrom hydraulicznym, zaworom i pompom. To zaawansowane laboratorium wykorzystuje wspomagane komputerowo testy z wykorzystaniem technologii elektrohydraulicznej, co pozwala na uzyskanie wst\u0119pnie zdefiniowanych warunk\u00f3w testowych, kt\u00f3re poprawiaj\u0105 dok\u0142adno\u015b\u0107 i wszechstronno\u015b\u0107 systemu. Zautomatyzowany proces gromadzenia danych wykorzystuje czujniki do zbierania danych wyj\u015bciowych, takich jak przeciek wewn\u0119trzny i wydajno\u015b\u0107 obci\u0105\u017cenia, kt\u00f3re s\u0105 nast\u0119pnie przetwarzane przez komputer i konwertowane na jednostki standardowe (ml\/min\u207b ...<\/p>\n<p>Si\u0142owniki hydrauliczne z wa\u0142em sworzniowym do \u017curawi g\u0105sienicowych odzwierciedlaj\u0105 nasze zaanga\u017cowanie w jako\u015b\u0107 i wydajno\u015b\u0107. Zaprojektowane jako wytrzyma\u0142e si\u0142owniki hydrauliczne do \u017curawi g\u0105sienicowych, w szczeg\u00f3lno\u015bci do modeli Liebherr, Manitowoc i Kobelco, zapewniaj\u0105 optymaln\u0105 stabilno\u015b\u0107 podnoszenia i trwa\u0142o\u015b\u0107 w wymagaj\u0105cych zastosowaniach, takich jak budownictwo, g\u00f3rnictwo i operacje d\u017awigowe na morzu. Nasze produkty ciesz\u0105 si\u0119 zaufaniem czo\u0142owych \u015bwiatowych producent\u00f3w sprz\u0119tu i zyska\u0142y ugruntowan\u0105 reputacj\u0119 pod wzgl\u0119dem niezawodno\u015bci, a firma Ever-Power Huachang Hydraulic jest uznawana za lidera w produkcji si\u0142ownik\u00f3w hydraulicznych.<\/p>\n<\/section>","protected":false},"excerpt":{"rendered":"<p>Pin Shaft Hydraulic Cylinders for Crawler Crane The pin shaft hydraulic cylinders for crawler crane are robust heavy-duty hydraulic cylinders designed for crawler cranes, compatible with leading models. Engineered for durability and precision, this pin shaft cylinder enhances crane operations, ensuring reliable lifting and movement of heavy loads in demanding environments like construction sites, mining [&hellip;]<\/p>","protected":false},"featured_media":20126,"comment_status":"open","ping_status":"closed","template":"","meta":{"_et_pb_use_builder":"","_et_pb_old_content":"","_et_gb_content_width":""},"product_brand":[],"product_cat":[1514],"product_tag":[],"class_list":{"0":"post-20124","1":"product","2":"type-product","3":"status-publish","4":"has-post-thumbnail","6":"product_cat-mobile-crane-hydraulic-cylinders","8":"first","9":"instock","10":"shipping-taxable","11":"product-type-simple"},"amp_enabled":true,"_links":{"self":[{"href":"https:\/\/www.hydraulic-cylinders.net\/pl\/wp-json\/wp\/v2\/product\/20124","targetHints":{"allow":["GET"]}}],"collection":[{"href":"https:\/\/www.hydraulic-cylinders.net\/pl\/wp-json\/wp\/v2\/product"}],"about":[{"href":"https:\/\/www.hydraulic-cylinders.net\/pl\/wp-json\/wp\/v2\/types\/product"}],"replies":[{"embeddable":true,"href":"https:\/\/www.hydraulic-cylinders.net\/pl\/wp-json\/wp\/v2\/comments?post=20124"}],"wp:featuredmedia":[{"embeddable":true,"href":"https:\/\/www.hydraulic-cylinders.net\/pl\/wp-json\/wp\/v2\/media\/20126"}],"wp:attachment":[{"href":"https:\/\/www.hydraulic-cylinders.net\/pl\/wp-json\/wp\/v2\/media?parent=20124"}],"wp:term":[{"taxonomy":"product_brand","embeddable":true,"href":"https:\/\/www.hydraulic-cylinders.net\/pl\/wp-json\/wp\/v2\/product_brand?post=20124"},{"taxonomy":"product_cat","embeddable":true,"href":"https:\/\/www.hydraulic-cylinders.net\/pl\/wp-json\/wp\/v2\/product_cat?post=20124"},{"taxonomy":"product_tag","embeddable":true,"href":"https:\/\/www.hydraulic-cylinders.net\/pl\/wp-json\/wp\/v2\/product_tag?post=20124"}],"curies":[{"name":"wp","href":"https:\/\/api.w.org\/{rel}","templated":true}]}}