{"id":20173,"date":"2025-05-12T02:57:12","date_gmt":"2025-05-12T02:57:12","guid":{"rendered":"https:\/\/www.hydraulic-cylinders.net\/?post_type=product&#038;p=20173"},"modified":"2025-05-12T05:09:56","modified_gmt":"2025-05-12T05:09:56","slug":"luffing-hydraulic-cylinders-for-telescopic-crawler-crane","status":"publish","type":"product","link":"https:\/\/www.hydraulic-cylinders.net\/pl\/produkt\/luffing-hydraulic-cylinders-for-telescopic-crawler-crane\/","title":{"rendered":"Si\u0142owniki hydrauliczne wychylne do teleskopowych \u017curawi g\u0105sienicowych"},"content":{"rendered":"<h1 style=\"text-align: center;\"><strong>Si\u0142owniki hydrauliczne wychylne do teleskopowych \u017curawi g\u0105sienicowych<\/strong><\/h1>\n<p><img loading=\"lazy\" decoding=\"async\" class=\"wp-image-20174 aligncenter\" src=\"https:\/\/www.hydraulic-cylinders.net\/wp-content\/uploads\/2025\/05\/luffing-hydraulic-cylinder-for-telescopic.webp\" alt=\"Si\u0142ownik hydrauliczny wychylny do d\u017awigu g\u0105sienicowego teleskopowego\" width=\"500\" height=\"500\" srcset=\"https:\/\/www.hydraulic-cylinders.net\/wp-content\/uploads\/2025\/05\/luffing-hydraulic-cylinder-for-telescopic.webp 500w, https:\/\/www.hydraulic-cylinders.net\/wp-content\/uploads\/2025\/05\/luffing-hydraulic-cylinder-for-telescopic-480x480.webp 480w\" sizes=\"(min-width: 0px) and (max-width: 480px) 480px, (min-width: 481px) 500px, 100vw\" \/><\/p>\n<section id=\"introduction\">Si\u0142owniki hydrauliczne z wychylnym ramieniem do teleskopowych \u017curawi g\u0105sienicowych firmy Ever-Power Huachang Hydraulic to zaawansowane si\u0142owniki hydrauliczne do teleskopowych \u017curawi g\u0105sienicowych, zaprojektowane z my\u015bl\u0105 o precyzyjnej regulacji k\u0105ta wysi\u0119gnika. Kompatybilne z modelami, te si\u0142owniki hydrauliczne z wychylnym ramieniem usprawniaj\u0105 podnoszenie \u017curawi teleskopowych w budownictwie, g\u00f3rnictwie i przemy\u015ble. Zaprojektowane z my\u015bl\u0105 o trwa\u0142o\u015bci, si\u0142owniki hydrauliczne do \u017curawi g\u0105sienicowych to wytrzyma\u0142e si\u0142owniki hydrauliczne, kt\u00f3re z \u0142atwo\u015bci\u0105 radz\u0105 sobie z trudnymi zadaniami.<\/section>\n<section id=\"specifications\">\n<h2><strong>Dane techniczne:<\/strong><\/h2>\n<p><img loading=\"lazy\" decoding=\"async\" class=\"aligncenter wp-image-20176 size-full\" src=\"https:\/\/www.hydraulic-cylinders.net\/wp-content\/uploads\/2025\/05\/telescopic-crawler-crane.webp\" alt=\"Budowa d\u017awigu g\u0105sienicowego teleskopowego\" width=\"640\" height=\"358\" srcset=\"https:\/\/www.hydraulic-cylinders.net\/wp-content\/uploads\/2025\/05\/telescopic-crawler-crane.webp 640w, https:\/\/www.hydraulic-cylinders.net\/wp-content\/uploads\/2025\/05\/telescopic-crawler-crane-480x269.webp 480w\" sizes=\"(min-width: 0px) and (max-width: 480px) 480px, (min-width: 481px) 640px, 100vw\" \/><\/p>\n<p><strong>Funkcjonowa\u0107:<\/strong> Kontroluj ruch g\u0142\u00f3wnego ramienia<br \/>\n<strong>\u015arednica cylindra:<\/strong> 220 mm-320 mm<br \/>\n<strong>\u015arednica pr\u0119ta:<\/strong> 180 mm-280 mm<br \/>\n<strong>Podr\u00f3\u017c:<\/strong> 2000 mm-4000 mm<br \/>\n<strong>Maksymalne ci\u015bnienie:<\/strong> 32 MPa<br \/>\n<strong>Maksymalny ci\u0105g:<\/strong> 2574 kN<\/p>\n<\/section>\n<section id=\"features\">\n<h2><strong>G\u0142\u00f3wne cechy si\u0142ownik\u00f3w hydraulicznych wysuwanych do \u017curawi g\u0105sienicowych teleskopowych:<\/strong><\/h2>\n<ul>\n<li><strong>Precyzyjna kontrola luffingu:<\/strong> Hydrauliczne si\u0142owniki wychylne do teleskopowych d\u017awig\u00f3w g\u0105sienicowych umo\u017cliwiaj\u0105 precyzyjn\u0105 regulacj\u0119 k\u0105ta wysi\u0119gnika, dzi\u0119ki czemu ten teleskopowy si\u0142ownik \u017curawia idealnie nadaje si\u0119 do podnoszenia w ciasnych przestrzeniach i trudnym terenie.<\/li>\n<li><strong>Solidna konstrukcja:<\/strong>\u00a0Wykonany z wytrzyma\u0142ej stali stopowej i pokryty pow\u0142ok\u0105 odporn\u0105 na korozj\u0119, ten si\u0142ownik hydrauliczny do teleskopowych d\u017awig\u00f3w g\u0105sienicowych jest odporny na trudne warunki otoczenia i gwarantuje d\u0142ugotrwa\u0142\u0105 wydajno\u015b\u0107 jako wytrzyma\u0142y si\u0142ownik wychylny do d\u017awig\u00f3w.<\/li>\n<li><strong>Mo\u017cliwo\u015b\u0107 dostosowania projektu:<\/strong>\u00a0Dzi\u0119ki regulowanej d\u0142ugo\u015bci skoku i \u015brednicy otworu si\u0142ownik hydrauliczny \u017curawia g\u0105sienicowego ze sterowaniem pochyleniem dostosowuje si\u0119 do r\u00f3\u017cnych potrzeb podnoszenia \u017curawi teleskopowych, zwi\u0119kszaj\u0105c elastyczno\u015b\u0107 operacyjn\u0105.<\/li>\n<li><strong>Wydajno\u015b\u0107 wysokoci\u015bnieniowa:<\/strong>\u00a0Zaprojektowany do pracy przy ci\u015bnieniu do 400 bar\u00f3w, ten wychylny si\u0142ownik hydrauliczny zapewnia niezawodn\u0105 moc w zastosowaniach wymagaj\u0105cych u\u017cycia ci\u0119\u017ckich si\u0142ownik\u00f3w hydraulicznych, minimalizuj\u0105c przestoje podczas pracy d\u017awigu.<\/li>\n<\/ul>\n<\/section>\n<section id=\"applications\">\n<h2><strong>Zastosowania si\u0142ownik\u00f3w hydraulicznych wysuwanych w teleskopowych \u017curawiach g\u0105sienicowych:<\/strong><\/h2>\n<p><img loading=\"lazy\" decoding=\"async\" class=\"alignnone size-full wp-image-20177\" src=\"https:\/\/www.hydraulic-cylinders.net\/wp-content\/uploads\/2025\/05\/luffing-hydraulic-cylinders-for-telescopic-crawler-crane-application.webp\" alt=\"Si\u0142owniki hydrauliczne wychylne do zastosowa\u0144 w d\u017awigach g\u0105sienicowych teleskopowych\" width=\"1077\" height=\"616\" srcset=\"https:\/\/www.hydraulic-cylinders.net\/wp-content\/uploads\/2025\/05\/luffing-hydraulic-cylinders-for-telescopic-crawler-crane-application.webp 1077w, https:\/\/www.hydraulic-cylinders.net\/wp-content\/uploads\/2025\/05\/luffing-hydraulic-cylinders-for-telescopic-crawler-crane-application-980x561.webp 980w, https:\/\/www.hydraulic-cylinders.net\/wp-content\/uploads\/2025\/05\/luffing-hydraulic-cylinders-for-telescopic-crawler-crane-application-480x275.webp 480w\" sizes=\"(min-width: 0px) and (max-width: 480px) 480px, (min-width: 481px) and (max-width: 980px) 980px, (min-width: 981px) 1077px, 100vw\" \/><\/p>\n<ul>\n<li><strong>Projekty budownictwa wysoko\u015bciowego:<\/strong> Si\u0142owniki hydrauliczne z wychylnym wysi\u0119gnikiem do teleskopowych \u017curawi g\u0105sienicowych doskonale sprawdzaj\u0105 si\u0119 w budownictwie wysoko\u015bciowym, takim jak wie\u017cowce i mosty, oferuj\u0105c zamiennik si\u0142ownika teleskopowego \u017curawia g\u0105sienicowego, umo\u017cliwiaj\u0105c precyzyjne pozycjonowanie \u0142adunku. Dzi\u0119ki si\u0142ownikowi hydraulicznemu z regulacj\u0105 wychylenia, \u017curaw zapewnia precyzyjn\u0105 regulacj\u0119 wysi\u0119gnika w ciasnych przestrzeniach miejskich, zwi\u0119kszaj\u0105c bezpiecze\u0144stwo i wydajno\u015b\u0107 operator\u00f3w obs\u0142uguj\u0105cych ci\u0119\u017ckie materia\u0142y, takie jak belki stalowe i prefabrykowane panele betonowe.<\/li>\n<li><strong>Dzia\u0142alno\u015b\u0107 g\u00f3rnicza na trudnych terenach:<\/strong>\u00a0Zaprojektowany do najtrudniejszych warunk\u00f3w g\u00f3rniczych, ten si\u0142ownik hydrauliczny do podnoszenia \u017curawi teleskopowych zapewnia stabiln\u0105 i kontrolowan\u0105 regulacj\u0119 wysi\u0119gnika podczas transportu ci\u0119\u017ckich \u0142adunk\u00f3w, takich jak ruda czy du\u017cy sprz\u0119t, w nier\u00f3wnym terenie. Wytrzyma\u0142y si\u0142ownik wychylny do \u017curawi jest odporny na agresywne warunki, takie jak kurz i wilgo\u0107, zapewniaj\u0105c niezawodne rozwi\u0105zanie w postaci si\u0142ownika hydraulicznego do \u017curawi g\u0105sienicowych, kt\u00f3re zwi\u0119ksza wydajno\u015b\u0107 operacyjn\u0105 i minimalizuje przestoje w odleg\u0142ych kopalniach.<\/li>\n<li><strong>Podnoszenie przemys\u0142owe w przemy\u015ble ci\u0119\u017ckim:<\/strong>\u00a0Idealny do zastosowa\u0144 przemys\u0142owych, takich jak konserwacja elektrowni i prace stoczniowe, teleskopowy si\u0142ownik d\u017awigowy u\u0142atwia bezpieczne i wydajne podnoszenie \u0142adunk\u00f3w ponadgabarytowych, takich jak turbiny czy kontenery transportowe. Wychylny si\u0142ownik hydrauliczny zapewnia p\u0142ynn\u0105 kontrol\u0119 podczas skomplikowanych zada\u0144 podnoszenia, a wytrzyma\u0142a konstrukcja si\u0142ownika gwarantuje trwa\u0142o\u015b\u0107 i precyzj\u0119 w trudnych warunkach, usprawniaj\u0105c przep\u0142yw pracy w wymagaj\u0105cych \u015brodowiskach przemys\u0142owych.<\/li>\n<\/ul>\n<\/section>\n<section id=\"explore-more\">\n<h2><strong>Poznaj wi\u0119cej cylindr\u00f3w do d\u017awig\u00f3w g\u0105sienicowych:<\/strong><\/h2>\n<p dir=\"auto\">Oferujemy szeroki wyb\u00f3r si\u0142ownik\u00f3w do d\u017awig\u00f3w g\u0105sienicowych, kt\u00f3re spe\u0142niaj\u0105 szeroki zakres wymaga\u0144 dotycz\u0105cych podnoszenia. Od si\u0142ownik\u00f3w hydraulicznych do podnoszenia d\u017awig\u00f3w teleskopowych po wytrzyma\u0142e si\u0142owniki wychylne do d\u017awig\u00f3w, Ever-Power Huachang Hydraulic zapewnia rozwi\u0105zania dopasowane do Twoich potrzeb. Poznaj nasz\u0105 pe\u0142n\u0105 ofert\u0119 <a href=\"https:\/\/www.hydraulic-cylinders.net\/pl\/mobile-crane-hydraulic-cylinders\/\">cylindry d\u017awig\u00f3w g\u0105sienicowych<\/a> aby znale\u017a\u0107 idealne rozwi\u0105zanie dla Twoich operacji d\u017awigowych.<\/p>\n<h2 class=\"header-jfw95c auto-hide-last-sibling-br\"><strong>Jakie s\u0105 typowe czynno\u015bci konserwacyjne dotycz\u0105ce si\u0142ownik\u00f3w hydraulicznych wysi\u0119gnika w teleskopowych d\u017awigach g\u0105sienicowych?<\/strong><\/h2>\n<ul class=\"auto-hide-last-sibling-br\">\n<li><strong>Regularne kontrole<\/strong>: Sprawd\u017a wizualnie si\u0142owniki hydrauliczne pod k\u0105tem uszkodze\u0144, wyciek\u00f3w lub nadmiernego zu\u017cycia. Sprawd\u017a uszczelki olejowe wok\u00f3\u0142 cylindra, sprawd\u017a, czy nie s\u0105 uszkodzone, wygi\u0119te t\u0142oczyska lub inne widoczne problemy. Sprawd\u017a r\u00f3wnie\u017c w\u0119\u017ce hydrauliczne i po\u0142\u0105czenia pod k\u0105tem zu\u017cycia, p\u0119kni\u0119\u0107 lub wyciek\u00f3w.<\/li>\n<li><strong>Kontrola poziomu p\u0142ynu<\/strong>Regularnie monitoruj poziom p\u0142ynu hydraulicznego w uk\u0142adzie, aby upewni\u0107 si\u0119, \u017ce jest on prawid\u0142owy, zgodnie z zaleceniami producenta. Je\u015bli poziom p\u0142ynu jest niski, dolej odpowiedniego p\u0142ynu hydraulicznego zgodnie ze specyfikacj\u0105.<\/li>\n<li><strong>Jako\u015b\u0107 p\u0142ynu<\/strong>: Sprawd\u017a jako\u015b\u0107 i stan p\u0142ynu hydraulicznego. Poszukaj oznak zanieczyszczenia, takich jak brud, woda lub zanieczyszczenia. Je\u015bli p\u0142yn wydaje si\u0119 m\u0119tny lub zanieczyszczony, mo\u017ce by\u0107 konieczne jego spuszczenie i wymiana.<\/li>\n<li><strong>Smarowanie komponent\u00f3w<\/strong>: Nasmaruj ruchome elementy hydraulicznego si\u0142ownika wychylnego zgodnie z zaleceniami producenta. Mo\u017ce to obejmowa\u0107 na\u0142o\u017cenie smaru na okre\u015blone punkty, takie jak przeguby obrotowe lub ko\u0144c\u00f3wki dr\u0105\u017ck\u00f3w, aby zapewni\u0107 p\u0142ynn\u0105 prac\u0119 i zmniejszy\u0107 tarcie.<\/li>\n<li><strong>Kontrola i wymiana uszczelek<\/strong>:Hydrauliczne si\u0142owniki wychylne wykorzystuj\u0105 uszczelnienia, aby zapobiec wyciekom p\u0142ynu i utrzyma\u0107 integralno\u015b\u0107 uk\u0142adu. Regularnie sprawdzaj uszczelnienia pod k\u0105tem zu\u017cycia, uszkodze\u0144 lub \u015blad\u00f3w wycieku. Je\u015bli uszczelnienia s\u0105 uszkodzone, nale\u017cy je niezw\u0142ocznie wymieni\u0107, aby zapobiec utracie p\u0142ynu i potencjalnej awarii si\u0142ownika.<\/li>\n<\/ul>\n<\/section>\n<section id=\"company-introduction\">\n<h2><strong>O Ever-Power Huachang Hydraulic:<\/strong><\/h2>\n<h2><img loading=\"lazy\" decoding=\"async\" class=\"alignnone size-full wp-image-16972\" src=\"https:\/\/www.hydraulic-cylinders.net\/wp-content\/uploads\/2025\/01\/hydraulic-cylinder-factory-1-scaled.webp\" alt=\"\" width=\"2016\" height=\"2560\" srcset=\"https:\/\/www.hydraulic-cylinders.net\/wp-content\/uploads\/2025\/01\/hydraulic-cylinder-factory-1-scaled.webp 2016w, https:\/\/www.hydraulic-cylinders.net\/wp-content\/uploads\/2025\/01\/hydraulic-cylinder-factory-1-1280x1625.webp 1280w, https:\/\/www.hydraulic-cylinders.net\/wp-content\/uploads\/2025\/01\/hydraulic-cylinder-factory-1-980x1244.webp 980w, https:\/\/www.hydraulic-cylinders.net\/wp-content\/uploads\/2025\/01\/hydraulic-cylinder-factory-1-480x610.webp 480w\" sizes=\"(min-width: 0px) and (max-width: 480px) 480px, (min-width: 481px) and (max-width: 980px) 980px, (min-width: 981px) and (max-width: 1280px) 1280px, (min-width: 1281px) 2016px, 100vw\" \/><\/h2>\n<p dir=\"auto\">Ever-Power Huachang Hydraulic jest liderem w bran\u017cy dzi\u0119ki zaawansowanej platformie badawczo-rozwojowej, skoncentrowanej na innowacyjnych rozwi\u0105zaniach w zakresie si\u0142ownik\u00f3w hydraulicznych. Nasi do\u015bwiadczeni in\u017cynierowie opracowuj\u0105 wysokowydajne komponenty, gwarantuj\u0105c najwy\u017csz\u0105 jako\u015b\u0107 w zastosowaniach takich jak d\u017awigi samochodowe i teleskopowe \u017curawie g\u0105sienicowe.<\/p>\n<p dir=\"auto\">Nasz nowoczesny zak\u0142ad produkcyjny integruje zautomatyzowane linie monta\u017cowe i precyzyjn\u0105 obr\u00f3bk\u0119, produkuj\u0105c do 1 miliona butli rocznie. Dzi\u0119ki specjalistycznym warsztatom do czyszczenia, monta\u017cu i powlekania, dostarczamy trwa\u0142e butle dostosowane do r\u00f3\u017cnorodnych specyfikacji, zwi\u0119kszaj\u0105c wydajno\u015b\u0107 operacyjn\u0105.<\/p>\n<h2><img loading=\"lazy\" decoding=\"async\" class=\"alignnone size-full wp-image-16973\" src=\"https:\/\/www.hydraulic-cylinders.net\/wp-content\/uploads\/2025\/01\/hydraulic-cylinder-factory-2-scaled.webp\" alt=\"\" width=\"2011\" height=\"2560\" srcset=\"https:\/\/www.hydraulic-cylinders.net\/wp-content\/uploads\/2025\/01\/hydraulic-cylinder-factory-2-scaled.webp 2011w, https:\/\/www.hydraulic-cylinders.net\/wp-content\/uploads\/2025\/01\/hydraulic-cylinder-factory-2-1280x1629.webp 1280w, https:\/\/www.hydraulic-cylinders.net\/wp-content\/uploads\/2025\/01\/hydraulic-cylinder-factory-2-980x1248.webp 980w, https:\/\/www.hydraulic-cylinders.net\/wp-content\/uploads\/2025\/01\/hydraulic-cylinder-factory-2-480x611.webp 480w\" sizes=\"(min-width: 0px) and (max-width: 480px) 480px, (min-width: 481px) and (max-width: 980px) 980px, (min-width: 981px) and (max-width: 1280px) 1280px, (min-width: 1281px) 2011px, 100vw\" \/><\/h2>\n<p dir=\"auto\">Priorytetem jest dla nas jako\u015b\u0107, dlatego we wsp\u00f3\u0142pracy z firm\u0105 ZJIMEE, w naszym specjalistycznym laboratorium testowym, wykorzystujemy wspomagane komputerowo testy elektrohydrauliczne do pomiaru parametr\u00f3w wydajno\u015bci, takich jak wydajno\u015b\u0107 obci\u0105\u017cenia i przecieki wewn\u0119trzne. Dzi\u0119ki temu nasze produkty spe\u0142niaj\u0105 rygorystyczne mi\u0119dzynarodowe standardy bezpiecze\u0144stwa i niezawodno\u015bci.<\/p>\n<p dir=\"auto\">Si\u0142owniki hydrauliczne przeciwwagi do d\u017awig\u00f3w samochodowych s\u0105 przyk\u0142adem naszego zaanga\u017cowania w d\u0105\u017cenie do doskona\u0142o\u015bci. Zaprojektowane jako wytrzyma\u0142e si\u0142owniki hydrauliczne do modeli takich jak Terex i Grove. Ever-Power Huachang Hydraulic, ciesz\u0105cy si\u0119 zaufaniem na ca\u0142ym \u015bwiecie, jest uznanym liderem w produkcji si\u0142ownik\u00f3w hydraulicznych.<\/p>\n<\/section>","protected":false},"excerpt":{"rendered":"<p>Luffing Hydraulic Cylinders for Telescopic Crawler Crane The luffing hydraulic cylinders for telescopic crawler crane from ever-power huachang hydraulic are advanced hydraulic cylinder for telescopic crawler crane solutions, designed to control boom angle with precision. Compatible with models, this luffing hydraulic cylinder enhances telescopic crane lifting operations in construction, mining, and industrial settings. Engineered for [&hellip;]<\/p>","protected":false},"featured_media":20175,"comment_status":"open","ping_status":"closed","template":"","meta":{"_et_pb_use_builder":"","_et_pb_old_content":"","_et_gb_content_width":""},"product_brand":[],"product_cat":[1514],"product_tag":[],"class_list":{"0":"post-20173","1":"product","2":"type-product","3":"status-publish","4":"has-post-thumbnail","6":"product_cat-mobile-crane-hydraulic-cylinders","8":"first","9":"instock","10":"shipping-taxable","11":"product-type-simple"},"amp_enabled":true,"_links":{"self":[{"href":"https:\/\/www.hydraulic-cylinders.net\/pl\/wp-json\/wp\/v2\/product\/20173","targetHints":{"allow":["GET"]}}],"collection":[{"href":"https:\/\/www.hydraulic-cylinders.net\/pl\/wp-json\/wp\/v2\/product"}],"about":[{"href":"https:\/\/www.hydraulic-cylinders.net\/pl\/wp-json\/wp\/v2\/types\/product"}],"replies":[{"embeddable":true,"href":"https:\/\/www.hydraulic-cylinders.net\/pl\/wp-json\/wp\/v2\/comments?post=20173"}],"wp:featuredmedia":[{"embeddable":true,"href":"https:\/\/www.hydraulic-cylinders.net\/pl\/wp-json\/wp\/v2\/media\/20175"}],"wp:attachment":[{"href":"https:\/\/www.hydraulic-cylinders.net\/pl\/wp-json\/wp\/v2\/media?parent=20173"}],"wp:term":[{"taxonomy":"product_brand","embeddable":true,"href":"https:\/\/www.hydraulic-cylinders.net\/pl\/wp-json\/wp\/v2\/product_brand?post=20173"},{"taxonomy":"product_cat","embeddable":true,"href":"https:\/\/www.hydraulic-cylinders.net\/pl\/wp-json\/wp\/v2\/product_cat?post=20173"},{"taxonomy":"product_tag","embeddable":true,"href":"https:\/\/www.hydraulic-cylinders.net\/pl\/wp-json\/wp\/v2\/product_tag?post=20173"}],"curies":[{"name":"wp","href":"https:\/\/api.w.org\/{rel}","templated":true}]}}