{"id":20186,"date":"2025-05-12T05:40:16","date_gmt":"2025-05-12T05:40:16","guid":{"rendered":"https:\/\/www.hydraulic-cylinders.net\/?post_type=product&#038;p=20186"},"modified":"2025-05-13T02:00:59","modified_gmt":"2025-05-13T02:00:59","slug":"luffing-hydraulic-cylinders-for-car-crane","status":"publish","type":"product","link":"https:\/\/www.hydraulic-cylinders.net\/pl\/produkt\/luffing-hydraulic-cylinders-for-car-crane\/","title":{"rendered":"Si\u0142owniki hydrauliczne wychylne do d\u017awig\u00f3w samochodowych"},"content":{"rendered":"<h1 style=\"text-align: center;\"><strong>Si\u0142owniki hydrauliczne wychylne do d\u017awig\u00f3w samochodowych<\/strong><\/h1>\n<p><img loading=\"lazy\" decoding=\"async\" class=\"wp-image-20187 aligncenter\" src=\"https:\/\/www.hydraulic-cylinders.net\/wp-content\/uploads\/2025\/05\/luffing-hydraulic-cylinder-for-car-crane.webp\" alt=\"\" width=\"500\" height=\"500\" srcset=\"https:\/\/www.hydraulic-cylinders.net\/wp-content\/uploads\/2025\/05\/luffing-hydraulic-cylinder-for-car-crane.webp 500w, https:\/\/www.hydraulic-cylinders.net\/wp-content\/uploads\/2025\/05\/luffing-hydraulic-cylinder-for-car-crane-480x480.webp 480w\" sizes=\"(min-width: 0px) and (max-width: 480px) 480px, (min-width: 481px) 500px, 100vw\" \/><\/p>\n<section id=\"introduction\">Si\u0142owniki hydrauliczne do \u017curawi samochodowych, opracowane przez Ever-Power Huachang Hydraulic, to zaawansowane si\u0142owniki k\u0105towe wysi\u0119gnika, zaprojektowane z my\u015bl\u0105 o precyzyjnej kontroli ruch\u00f3w wysi\u0119gnika podczas podnoszenia pojazd\u00f3w. Dostosowane do wsp\u00f3\u0142pracy z innymi modelami, te si\u0142owniki hydrauliczne do \u017curawi samochodowych doskonale sprawdzaj\u0105 si\u0119 w budownictwie miejskim, transporcie materia\u0142\u00f3w i projektach przemys\u0142owych. Jako wytrzyma\u0142y si\u0142ownik hydrauliczny, obs\u0142uguje ci\u015bnienia do 350 bar\u00f3w, oferuj\u0105c solidn\u0105 wydajno\u015b\u0107 i precyzyjn\u0105 regulacj\u0119 k\u0105t\u00f3w wysi\u0119gnika, gwarantuj\u0105c bezpiecze\u0144stwo i wydajno\u015b\u0107 podczas podnoszenia r\u00f3\u017cnorodnych \u0142adunk\u00f3w, takich jak belki stalowe czy ci\u0119\u017cki sprz\u0119t.<\/section>\n<section id=\"specifications\">\n<h2><strong>Dane techniczne:<\/strong><\/h2>\n<p><strong>Funkcjonowa\u0107:<\/strong> Kontroluj ruch g\u0142\u00f3wnego ramienia<br \/>\n<strong>\u015arednica cylindra:<\/strong> 180 mm-220 mm<br \/>\n<strong>\u015arednica pr\u0119ta:<\/strong> 110 mm-180 mm<br \/>\n<strong>Podr\u00f3\u017c:<\/strong> 1000 mm- 200 mm<br \/>\n<strong>Maksymalne ci\u015bnienie:<\/strong> 25 MPa<br \/>\n<strong>Maksymalny ci\u0105g:<\/strong> 950 kN<\/p>\n<\/section>\n<section id=\"features\">\n<h2><strong>G\u0142\u00f3wne cechy cylindr\u00f3w hydraulicznych wysuwanych do d\u017awig\u00f3w samochodowych:<\/strong><\/h2>\n<ul>\n<li><strong>Dok\u0142adna regulacja k\u0105ta wysi\u0119gnika:<\/strong>\u00a0Si\u0142owniki hydrauliczne do d\u017awig\u00f3w samochodowych umo\u017cliwiaj\u0105 precyzyjn\u0105 kontrol\u0119 k\u0105ta wysi\u0119gnika, dzi\u0119ki czemu ten si\u0142ownik do regulacji wysi\u0119gnika d\u017awigu samochodowego idealnie nadaje si\u0119 do \u0142atwego i pewnego poruszania si\u0119 w ciasnych przestrzeniach roboczych.<\/li>\n<li><strong>Niezawodna praca pod wysokim ci\u015bnieniem:<\/strong>\u00a0Ten hydrauliczny si\u0142ownik do precyzyjnych d\u017awig\u00f3w samochodowych, wykonany z wytrzyma\u0142ej stali stopowej, pracuje bez zarzutu przy ci\u015bnieniu 350 bar\u00f3w, gwarantuj\u0105c stabiln\u0105 moc podczas wymagaj\u0105cych zada\u0144 podnoszenia w zr\u00f3\u017cnicowanych warunkach.<\/li>\n<li><strong>Mo\u017cliwo\u015bci adaptacji projektu:<\/strong>\u00a0Ten si\u0142ownik k\u0105towy wysi\u0119gnika do podnoszenia za pomoc\u0105 d\u017awigu samochodowego, charakteryzuj\u0105cy si\u0119 regulowan\u0105 d\u0142ugo\u015bci\u0105 \u015brednicy i skoku, dostosowuje si\u0119 do konkretnych potrzeb projektu, zwi\u0119kszaj\u0105c wszechstronno\u015b\u0107 r\u00f3\u017cnych modeli d\u017awig\u00f3w samochodowych.<\/li>\n<li><strong>Zwi\u0119kszona trwa\u0142o\u015b\u0107 i odporno\u015b\u0107 na korozj\u0119:<\/strong>\u00a0Wyposa\u017cony w pow\u0142ok\u0119 odporn\u0105 na korozj\u0119, ten wytrzyma\u0142y si\u0142ownik wychylny do d\u017awig\u00f3w samochodowych jest odporny na trudne warunki, takie jak deszcz lub kurz, co wyd\u0142u\u017ca jego \u017cywotno\u015b\u0107.<\/li>\n<li><strong>Wydajno\u015b\u0107 energooszcz\u0119dna:<\/strong>\u00a0Zaprojektowany z wykorzystaniem zaawansowanej technologii uszczelniania, ten hydrauliczny si\u0142ownik wychylny minimalizuje straty ci\u015bnienia, zmniejszaj\u0105c zu\u017cycie energii i koszty konserwacji podczas d\u0142ugotrwa\u0142ego u\u017cytkowania.<\/li>\n<\/ul>\n<\/section>\n<section id=\"applications\">\n<h2><strong>Zastosowania si\u0142ownik\u00f3w hydraulicznych wysuwanych w d\u017awigach samochodowych:<\/strong><\/h2>\n<h3><strong><img loading=\"lazy\" decoding=\"async\" class=\"alignnone size-full wp-image-20196\" src=\"https:\/\/www.hydraulic-cylinders.net\/wp-content\/uploads\/2025\/05\/luffing-hydraulic-cylinder-for-car-crane-application.webp\" alt=\"\" width=\"1077\" height=\"616\" srcset=\"https:\/\/www.hydraulic-cylinders.net\/wp-content\/uploads\/2025\/05\/luffing-hydraulic-cylinder-for-car-crane-application.webp 1077w, https:\/\/www.hydraulic-cylinders.net\/wp-content\/uploads\/2025\/05\/luffing-hydraulic-cylinder-for-car-crane-application-980x561.webp 980w, https:\/\/www.hydraulic-cylinders.net\/wp-content\/uploads\/2025\/05\/luffing-hydraulic-cylinder-for-car-crane-application-480x275.webp 480w\" sizes=\"(min-width: 0px) and (max-width: 480px) 480px, (min-width: 481px) and (max-width: 980px) 980px, (min-width: 981px) 1077px, 100vw\" \/><\/strong><\/h3>\n<ul>\n<li><strong>Rozw\u00f3j infrastruktury miejskiej:<\/strong>\u00a0Si\u0142owniki hydrauliczne wysuwane do d\u017awig\u00f3w samochodowych sprawdzaj\u0105 si\u0119 doskonale w projektach infrastruktury miejskiej, takich jak instalacja sekcji most\u00f3w lub wznoszenie konstrukcji budynk\u00f3w, gdzie si\u0142ownik k\u0105towy wysi\u0119gnika do podnoszenia za pomoc\u0105 d\u017awigu samochodowego zapewnia precyzyjne rozmieszczenie \u0142adunku w miejscach o ograniczonej przestrzeni.<\/li>\n<li><strong>Transport materia\u0142\u00f3w w portach:<\/strong>\u00a0Idealny do operacji portowych, ten hydrauliczny si\u0142ownik do precyzyjnego podnoszenia samochod\u00f3w ci\u0119\u017carowych u\u0142atwia bezpieczne przenoszenie \u0142adunk\u00f3w ponadgabarytowych, takich jak kontenery transportowe, zwi\u0119kszaj\u0105c wydajno\u015b\u0107 dzi\u0119ki si\u0142ownikowi do regulacji wysi\u0119gnika.<\/li>\n<li><strong>Monta\u017c ci\u0119\u017ckiego sprz\u0119tu w fabrykach:<\/strong>\u00a0Ten wytrzyma\u0142y si\u0142ownik wychylny do d\u017awig\u00f3w samochodowych, idealny do zastosowa\u0144 fabrycznych, wspomaga precyzyjne pozycjonowanie du\u017cych maszyn, takich jak prasy przemys\u0142owe, zwi\u0119kszaj\u0105c wydajno\u015b\u0107 na skomplikowanych liniach monta\u017cowych.<\/li>\n<\/ul>\n<\/section>\n<section id=\"explore-more\">\n<h2><strong>Poznaj wi\u0119cej cylindr\u00f3w do d\u017awig\u00f3w samochodowych:<\/strong><\/h2>\n<p>Oferujemy szerok\u0105 gam\u0119 si\u0142ownik\u00f3w do d\u017awig\u00f3w samochodowych, dostosowanych do zr\u00f3\u017cnicowanych potrzeb w zakresie podnoszenia. Niezale\u017cnie od tego, czy potrzebujesz precyzyjnego si\u0142ownika hydraulicznego do d\u017awig\u00f3w samochodowych, czy wytrzyma\u0142ego si\u0142ownika do podnoszenia, Ever-Power Huachang Hydraulic dostarcza rozwi\u0105zania dostosowane do indywidualnych potrzeb. Odkryj nasz\u0105 pe\u0142n\u0105 ofert\u0119 <a href=\"https:\/\/www.hydraulic-cylinders.net\/pl\/mobile-crane-hydraulic-cylinders\/\">cylindry d\u017awig\u00f3w samochodowych<\/a>.<\/p>\n<h2><strong>W jaki spos\u00f3b hydrauliczne si\u0142owniki wychylne do d\u017awig\u00f3w samochodowych zwi\u0119kszaj\u0105 wydajno\u015b\u0107 operacji podnoszenia?<\/strong><\/h2>\n<div class=\"container-hfX5E8 flow-markdown-body theme-samantha-yJEgBp\" dir=\"ltr\" data-testid=\"message_text_content\" data-show-indicator=\"false\">\n<div class=\"auto-hide-last-sibling-br paragraph-qzbcQC paragraph-element br-paragraph-space\">Si\u0142owniki hydrauliczne do podnoszenia \u0142adunk\u00f3w odgrywaj\u0105 kluczow\u0105 rol\u0119 w zwi\u0119kszaniu efektywno\u015bci operacji podnoszenia za pomoc\u0105 d\u017awig\u00f3w samochodowych w nast\u0119puj\u0105cy spos\u00f3b:<\/div>\n<h3><strong>Elastyczna regulacja k\u0105ta<\/strong><\/h3>\n<p>Wychylne si\u0142owniki hydrauliczne umo\u017cliwiaj\u0105 szybk\u0105 i precyzyjn\u0105 regulacj\u0119 k\u0105ta wysi\u0119gnika d\u017awigu samochodowego. Ta elastyczno\u015b\u0107 pozwala \u017curawiowi osi\u0105ga\u0107 r\u00f3\u017cne wysoko\u015bci i odleg\u0142o\u015bci bez konieczno\u015bci przestawiania ca\u0142ego pojazdu. Na przyk\u0142ad, na placu budowy, gdzie prace obejmuj\u0105 wiele poziom\u00f3w, na przyk\u0142ad monta\u017c okien na r\u00f3\u017cnych pi\u0119trach budynku, wychylny si\u0142ownik hydrauliczny mo\u017ce regulowa\u0107 k\u0105t wysi\u0119gnika, aby sprawnie dotrze\u0107 do ka\u017cdego pi\u0119tra.<\/p>\n<\/div>\n<div class=\"container-hfX5E8 flow-markdown-body theme-samantha-yJEgBp\" dir=\"ltr\" data-testid=\"message_text_content\" data-show-indicator=\"false\">\n<h3><strong>Szybsze cykle operacyjne<\/strong><\/h3>\n<h3><strong><img loading=\"lazy\" decoding=\"async\" class=\"size-full wp-image-20194 aligncenter\" src=\"https:\/\/www.hydraulic-cylinders.net\/wp-content\/uploads\/2025\/05\/luffing-hydraulic-cylinder-for-car-crane-1-1.webp\" alt=\"\" width=\"580\" height=\"326\" srcset=\"https:\/\/www.hydraulic-cylinders.net\/wp-content\/uploads\/2025\/05\/luffing-hydraulic-cylinder-for-car-crane-1-1.webp 580w, https:\/\/www.hydraulic-cylinders.net\/wp-content\/uploads\/2025\/05\/luffing-hydraulic-cylinder-for-car-crane-1-1-480x270.webp 480w\" sizes=\"(min-width: 0px) and (max-width: 480px) 480px, (min-width: 481px) 580px, 100vw\" \/><br \/>\n<\/strong><\/h3>\n<p>Dzi\u0119ki mo\u017cliwo\u015bci szybkiej regulacji k\u0105ta wysi\u0119gnika, czas ka\u017cdego cyklu podnoszenia ulega skr\u00f3ceniu. \u017buraw mo\u017ce szybko przemieszcza\u0107 si\u0119 z jednej pozycji podnoszenia do drugiej, minimalizuj\u0105c przestoje. Na placu logistycznym, gdzie zachodzi konieczno\u015b\u0107 za\u0142adunku i roz\u0142adunku kontener\u00f3w transportowych, hydrauliczny si\u0142ownik wychylny pozwala d\u017awigowi samochodowemu pracowa\u0107 szybciej, zwi\u0119kszaj\u0105c og\u00f3ln\u0105 przepustowo\u015b\u0107 placu.<\/p>\n<\/div>\n<div>\n<div class=\"image-box-grid-DI7Zd9\" data-finished=\"true\" data-testid=\"message_image_content\">\n<div class=\"image-box-grid-item-hjZBGw\">\n<div class=\"relative w-fit inline-flex\">\n<div class=\"container-pveQEn\">\n<div class=\"hover-mask-AwJNGQ\">\n<div class=\"hover-show-tag-ZNLjXj show-tag-bottom-IAU9YR\">\n<div class=\"hover-idTWjm has-text-uHYwW1\" data-testid=\"edit_image_hover_tag_regenerate_btn\">\n<div class=\"flex items-center\">\n<p><strong style=\"color: #333333; font-size: 22px;\"><strong style=\"color: #333333; font-size: 22px;\">Zdolno\u015b\u0107 adaptacji do r\u00f3\u017cnych \u015brodowisk<\/strong><\/strong><\/p>\n<h3><strong><img loading=\"lazy\" decoding=\"async\" class=\"size-full wp-image-20195 aligncenter\" src=\"https:\/\/www.hydraulic-cylinders.net\/wp-content\/uploads\/2025\/05\/luffing-hydraulic-cylinder-for-car-crane-2.webp\" alt=\"Si\u0142ownik hydrauliczny z wychylnym ramieniem do zastosowa\u0144 w d\u017awigach samochodowych\" width=\"580\" height=\"326\" srcset=\"https:\/\/www.hydraulic-cylinders.net\/wp-content\/uploads\/2025\/05\/luffing-hydraulic-cylinder-for-car-crane-2.webp 580w, https:\/\/www.hydraulic-cylinders.net\/wp-content\/uploads\/2025\/05\/luffing-hydraulic-cylinder-for-car-crane-2-480x270.webp 480w\" sizes=\"(min-width: 0px) and (max-width: 480px) 480px, (min-width: 481px) 580px, 100vw\" \/><\/strong><\/h3>\n<\/div>\n<\/div>\n<\/div>\n<\/div>\n<\/div>\n<\/div>\n<\/div>\n<\/div>\n<\/div>\n<div class=\"container-hfX5E8 flow-markdown-body theme-samantha-yJEgBp\" dir=\"ltr\" data-testid=\"message_text_content\" data-show-indicator=\"false\">\n<p>\u017burawie samochodowe cz\u0119sto pracuj\u0105 w r\u00f3\u017cnych \u015brodowiskach o ograniczonej przestrzeni lub ze z\u0142o\u017conymi przeszkodami. Hydrauliczne si\u0142owniki wychylne pozwalaj\u0105 \u017curawiowi dostosowa\u0107 si\u0119 do tych trudnych warunk\u00f3w. Na przyk\u0142ad, w obszarach miejskich z w\u0105skimi ulicami lub w zak\u0142adach produkcyjnych, gdzie maszyny utrudniaj\u0105 prac\u0119, funkcja wychylna pozwala \u017curawiowi manewrowa\u0107 i podnosi\u0107 \u0142adunki bez blokowania si\u0119.<\/p>\n<\/div>\n<div>\n<div class=\"image-box-grid-DI7Zd9\" data-finished=\"true\" data-testid=\"message_image_content\">\n<div class=\"image-box-grid-item-hjZBGw\">\n<div class=\"relative w-fit inline-flex\">\n<div class=\"container-pveQEn\">\n<div class=\"container-lBN8DN\">\n<div class=\"image-wrapper-g0eL_T clickable-ELDCj2\" data-testid=\"mdbox_image\"><img alt=\"\" aria-hidden=\"true\" \/><strong style=\"color: #333333; font-size: 22px;\">Zwi\u0119kszona dok\u0142adno\u015b\u0107 rozmieszczenia \u0142adunku<\/strong><\/div>\n<\/div>\n<\/div>\n<\/div>\n<\/div>\n<\/div>\n<\/div>\n<div class=\"container-hfX5E8 flow-markdown-body theme-samantha-yJEgBp\" dir=\"ltr\" data-testid=\"message_text_content\" data-show-indicator=\"false\">\n<p>Precyzyjna kontrola zapewniana przez hydrauliczne si\u0142owniki z funkcj\u0105 pochylania pozwala na umieszczenie \u0142adunku dok\u0142adnie tam, gdzie jest potrzebny. Jest to szczeg\u00f3lnie wa\u017cne w przypadku monta\u017cu przemys\u0142owego lub projekt\u00f3w budowlanych, gdzie elementy musz\u0105 by\u0107 instalowane z du\u017c\u0105 precyzj\u0105. W zak\u0142adzie produkcji samochod\u00f3w, d\u017awig mo\u017ce wykorzysta\u0107 funkcj\u0119 pochylania do precyzyjnego pozycjonowania cz\u0119\u015bci silnika na linii monta\u017cowej.<\/p>\n<\/div>\n<div class=\"container-hfX5E8 flow-markdown-body theme-samantha-yJEgBp\" dir=\"ltr\" data-testid=\"message_text_content\" data-show-indicator=\"false\">\n<div class=\"auto-hide-last-sibling-br paragraph-qzbcQC paragraph-element br-paragraph-space\">Podsumowuj\u0105c, wychylne si\u0142owniki hydrauliczne do d\u017awig\u00f3w samochodowych znacz\u0105co zwi\u0119kszaj\u0105 wydajno\u015b\u0107 operacji podnoszenia dzi\u0119ki elastycznej regulacji k\u0105ta, szybszym cyklom operacyjnym, mo\u017cliwo\u015bci dostosowania do r\u00f3\u017cnych warunk\u00f3w otoczenia i zwi\u0119kszonej dok\u0142adno\u015bci rozmieszczenia \u0142adunku.<\/div>\n<\/div>\n<\/section>\n<section id=\"company-introduction\">\n<h2><strong>O Ever-Power Huachang Hydraulic:<\/strong><\/h2>\n<h2><img loading=\"lazy\" decoding=\"async\" class=\"alignnone size-full wp-image-16972\" src=\"https:\/\/www.hydraulic-cylinders.net\/wp-content\/uploads\/2025\/01\/hydraulic-cylinder-factory-1-scaled.webp\" alt=\"\" width=\"2016\" height=\"2560\" srcset=\"https:\/\/www.hydraulic-cylinders.net\/wp-content\/uploads\/2025\/01\/hydraulic-cylinder-factory-1-scaled.webp 2016w, https:\/\/www.hydraulic-cylinders.net\/wp-content\/uploads\/2025\/01\/hydraulic-cylinder-factory-1-1280x1625.webp 1280w, https:\/\/www.hydraulic-cylinders.net\/wp-content\/uploads\/2025\/01\/hydraulic-cylinder-factory-1-980x1244.webp 980w, https:\/\/www.hydraulic-cylinders.net\/wp-content\/uploads\/2025\/01\/hydraulic-cylinder-factory-1-480x610.webp 480w\" sizes=\"(min-width: 0px) and (max-width: 480px) 480px, (min-width: 481px) and (max-width: 980px) 980px, (min-width: 981px) and (max-width: 1280px) 1280px, (min-width: 1281px) 2016px, 100vw\" \/><\/h2>\n<p>Ever-Power Huachang Hydraulic jest pionierem innowacji hydraulicznych w dynamicznym centrum badawczo-rozwojowym, w kt\u00f3rym wykwalifikowani in\u017cynierowie tworz\u0105 zaawansowane rozwi\u0105zania dla d\u017awig\u00f3w samochodowych i maszyn przemys\u0142owych, przesuwaj\u0105c granice wydajno\u015bci i wzornictwa.<\/p>\n<p>Nasz najnowocze\u015bniejszy zak\u0142ad produkcyjny wykorzystuje zautomatyzowane systemy precyzyjne i inteligentne techniki produkcji, wytwarzaj\u0105c wysokiej jako\u015bci cylindry, kt\u00f3re spe\u0142niaj\u0105 zr\u00f3\u017cnicowane potrzeby przemys\u0142u, charakteryzuj\u0105c si\u0119 niezr\u00f3wnan\u0105 wydajno\u015bci\u0105 i niezawodno\u015bci\u0105.<\/p>\n<h2><img loading=\"lazy\" decoding=\"async\" class=\"alignnone size-full wp-image-16973\" src=\"https:\/\/www.hydraulic-cylinders.net\/wp-content\/uploads\/2025\/01\/hydraulic-cylinder-factory-2-scaled.webp\" alt=\"\" width=\"2011\" height=\"2560\" srcset=\"https:\/\/www.hydraulic-cylinders.net\/wp-content\/uploads\/2025\/01\/hydraulic-cylinder-factory-2-scaled.webp 2011w, https:\/\/www.hydraulic-cylinders.net\/wp-content\/uploads\/2025\/01\/hydraulic-cylinder-factory-2-1280x1629.webp 1280w, https:\/\/www.hydraulic-cylinders.net\/wp-content\/uploads\/2025\/01\/hydraulic-cylinder-factory-2-980x1248.webp 980w, https:\/\/www.hydraulic-cylinders.net\/wp-content\/uploads\/2025\/01\/hydraulic-cylinder-factory-2-480x611.webp 480w\" sizes=\"(min-width: 0px) and (max-width: 480px) 480px, (min-width: 481px) and (max-width: 980px) 980px, (min-width: 981px) and (max-width: 1280px) 1280px, (min-width: 1281px) 2011px, 100vw\" \/><\/h2>\n<p>Gwarantujemy doskona\u0142o\u015b\u0107 dzi\u0119ki zaawansowanemu centrum testowemu, wykorzystuj\u0105cemu najnowocze\u015bniejsz\u0105 diagnostyk\u0119 do weryfikacji wydajno\u015bci cylindr\u00f3w, uzupe\u0142nion\u0105 o trwa\u0142e pow\u0142oki, kt\u00f3re zwi\u0119kszaj\u0105 trwa\u0142o\u015b\u0107 produkt\u00f3w, takich jak hydrauliczne cylindry wysuwane do d\u017awig\u00f3w samochodowych.<\/p>\n<\/section>","protected":false},"excerpt":{"rendered":"<p>Luffing Hydraulic Cylinders for Car Crane The luffing hydraulic cylinders for car crane, developed by Ever-Power Huachang Hydraulic, are advanced boom angle cylinders engineered to deliver precise control over boom movements in automotive lifting operations. Tailored for compatibility with models, this hydraulic cylinder for car crane excels in urban construction, material handling, and industrial projects. [&hellip;]<\/p>","protected":false},"featured_media":20188,"comment_status":"open","ping_status":"closed","template":"","meta":{"_et_pb_use_builder":"","_et_pb_old_content":"","_et_gb_content_width":""},"product_brand":[],"product_cat":[1514],"product_tag":[],"class_list":{"0":"post-20186","1":"product","2":"type-product","3":"status-publish","4":"has-post-thumbnail","6":"product_cat-mobile-crane-hydraulic-cylinders","8":"first","9":"instock","10":"shipping-taxable","11":"product-type-simple"},"amp_enabled":true,"_links":{"self":[{"href":"https:\/\/www.hydraulic-cylinders.net\/pl\/wp-json\/wp\/v2\/product\/20186","targetHints":{"allow":["GET"]}}],"collection":[{"href":"https:\/\/www.hydraulic-cylinders.net\/pl\/wp-json\/wp\/v2\/product"}],"about":[{"href":"https:\/\/www.hydraulic-cylinders.net\/pl\/wp-json\/wp\/v2\/types\/product"}],"replies":[{"embeddable":true,"href":"https:\/\/www.hydraulic-cylinders.net\/pl\/wp-json\/wp\/v2\/comments?post=20186"}],"wp:featuredmedia":[{"embeddable":true,"href":"https:\/\/www.hydraulic-cylinders.net\/pl\/wp-json\/wp\/v2\/media\/20188"}],"wp:attachment":[{"href":"https:\/\/www.hydraulic-cylinders.net\/pl\/wp-json\/wp\/v2\/media?parent=20186"}],"wp:term":[{"taxonomy":"product_brand","embeddable":true,"href":"https:\/\/www.hydraulic-cylinders.net\/pl\/wp-json\/wp\/v2\/product_brand?post=20186"},{"taxonomy":"product_cat","embeddable":true,"href":"https:\/\/www.hydraulic-cylinders.net\/pl\/wp-json\/wp\/v2\/product_cat?post=20186"},{"taxonomy":"product_tag","embeddable":true,"href":"https:\/\/www.hydraulic-cylinders.net\/pl\/wp-json\/wp\/v2\/product_tag?post=20186"}],"curies":[{"name":"wp","href":"https:\/\/api.w.org\/{rel}","templated":true}]}}