{"id":20199,"date":"2025-05-12T06:33:11","date_gmt":"2025-05-12T06:33:11","guid":{"rendered":"https:\/\/www.hydraulic-cylinders.net\/?post_type=product&#038;p=20199"},"modified":"2025-05-13T02:01:55","modified_gmt":"2025-05-13T02:01:55","slug":"horizontal-hydraulic-cylinders-for-car-crane","status":"publish","type":"product","link":"https:\/\/www.hydraulic-cylinders.net\/pl\/produkt\/horizontal-hydraulic-cylinders-for-car-crane\/","title":{"rendered":"Poziome si\u0142owniki hydrauliczne do d\u017awig\u00f3w samochodowych"},"content":{"rendered":"<h1 style=\"text-align: center;\"><strong>Poziome si\u0142owniki hydrauliczne do d\u017awig\u00f3w samochodowych<\/strong><\/h1>\n<p><img loading=\"lazy\" decoding=\"async\" class=\"wp-image-20200 aligncenter\" src=\"https:\/\/www.hydraulic-cylinders.net\/wp-content\/uploads\/2025\/05\/horizontal-hydraulic-cylinder-for-car-crane.webp\" alt=\"Poziomy si\u0142ownik hydrauliczny do d\u017awigu samochodowego \" width=\"500\" height=\"500\" srcset=\"https:\/\/www.hydraulic-cylinders.net\/wp-content\/uploads\/2025\/05\/horizontal-hydraulic-cylinder-for-car-crane.webp 500w, https:\/\/www.hydraulic-cylinders.net\/wp-content\/uploads\/2025\/05\/horizontal-hydraulic-cylinder-for-car-crane-480x480.webp 480w\" sizes=\"(min-width: 0px) and (max-width: 480px) 480px, (min-width: 481px) 500px, 100vw\" \/><\/p>\n<section id=\"introduction\">Poziome si\u0142owniki hydrauliczne do d\u017awig\u00f3w samochodowych, opracowane przez Ever-Power Huachang Hydraulic, to wytrzyma\u0142e si\u0142owniki stabilizuj\u0105ce, zaprojektowane z my\u015bl\u0105 o zapewnieniu wyj\u0105tkowego wsparcia bocznego podczas podnoszenia. Kompatybilny z modelami, ten si\u0142ownik hydrauliczny do d\u017awig\u00f3w samochodowych zapewnia zwi\u0119kszon\u0105 stabilno\u015b\u0107 na nier\u00f3wnym terenie, dzi\u0119ki czemu idealnie sprawdza si\u0119 na placach budowy, w portach i w zastosowaniach przemys\u0142owych. Ten wytrzyma\u0142y si\u0142ownik hydrauliczny obs\u0142uguje ci\u015bnienia do 340 bar\u00f3w, zapewniaj\u0105c niezawodn\u0105 prac\u0119 przy poziomym r\u00f3wnowa\u017ceniu obci\u0105\u017cenia, gwarantuj\u0105c bezpiecze\u0144stwo i precyzj\u0119 podczas ka\u017cdego podnoszenia.<\/section>\n<section id=\"specifications\">\n<h2><strong>Dane techniczne:<\/strong><\/h2>\n<p><strong>Funkcjonowa\u0107:<\/strong> Kontroluj ruch g\u0142\u00f3wnego ramienia<br \/>\n<strong>Specyfikacja (\u015brednica cylindra) mm:<\/strong> \u03c6 63 mm - \u03c6 70 mm<br \/>\n<strong>Specyfikacja (\u015brednica pr\u0119ta) mm:<\/strong> \u03c6 45mm- \u03c6 50mm<br \/>\n<strong>Specyfikacja (skok) mm:<\/strong> 1200 mm- 2000 mm<br \/>\n<strong>Maksymalne ci\u015bnienie MPa:<\/strong> 20 MPa<br \/>\n<strong>Maksymalny ci\u0105g KN:<\/strong> 77 kN<\/p>\n<\/section>\n<section id=\"features\">\n<h2><strong>G\u0142\u00f3wne cechy poziomych cylindr\u00f3w hydraulicznych do d\u017awig\u00f3w samochodowych:<\/strong><\/h2>\n<ul>\n<li><strong>Optymalna stabilno\u015b\u0107 boczna:<\/strong> Hydrauliczne si\u0142owniki wychylne do d\u017awig\u00f3w samochodowych umo\u017cliwiaj\u0105 precyzyjn\u0105 kontrol\u0119 k\u0105ta wysi\u0119gnika, dzi\u0119ki czemu ten si\u0142ownik do regulacji wysi\u0119gnika idealnie nadaje si\u0119 do \u0142atwego i pewnego poruszania si\u0119 w ciasnych przestrzeniach roboczych.<\/li>\n<li><strong>Wytrzyma\u0142a praca przy wysokim ci\u015bnieniu:<\/strong>\u00a0Zaprojektowany do pracy przy ci\u015bnieniu 340 bar\u00f3w, ten si\u0142ownik hydrauliczny zapewniaj\u0105cy stabilno\u015b\u0107 d\u017awig\u00f3w samochodowych zapewnia sta\u0142\u0105 moc, umo\u017cliwiaj\u0105c niezawodn\u0105 prac\u0119 w wymagaj\u0105cych warunkach podnoszenia.<\/li>\n<li><strong>Mo\u017cliwo\u015b\u0107 dostosowania pod k\u0105tem wszechstronno\u015bci:<\/strong>\u00a0Dzi\u0119ki regulowanym opcjom \u015brednicy i skoku si\u0142ownik d\u017awigu samochodowego do poziomego podparcia dostosowuje si\u0119 do r\u00f3\u017cnych konfiguracji d\u017awig\u00f3w, zwi\u0119kszaj\u0105c elastyczno\u015b\u0107 w przypadku r\u00f3\u017cnych wymaga\u0144 projektu.<\/li>\n<li><strong>Zaprojektowane do pracy w trudnych warunkach:<\/strong>\u00a0Ten wytrzyma\u0142y poziomy cylinder do d\u017awig\u00f3w samochodowych, wyposa\u017cony w korpus ze stali o wysokiej wytrzyma\u0142o\u015bci z pow\u0142ok\u0105 antykorozyjn\u0105, jest odporny na dzia\u0142anie takich czynnik\u00f3w jak wilgo\u0107 i kurz, co gwarantuje d\u0142ugotrwa\u0142\u0105 trwa\u0142o\u015b\u0107.<\/li>\n<li><strong>Zmniejszone potrzeby konserwacyjne:<\/strong>\u00a0Wyposa\u017cony w precyzyjne uszczelki, ten poziomy si\u0142ownik hydrauliczny minimalizuje wycieki i zu\u017cycie, obni\u017caj\u0105c koszty konserwacji i wyd\u0142u\u017caj\u0105c \u017cywotno\u015b\u0107 d\u017awigu samochodowego.<\/li>\n<\/ul>\n<\/section>\n<section id=\"applications\">\n<h2><strong>Zastosowania poziomych si\u0142ownik\u00f3w hydraulicznych w d\u017awigach samochodowych:<img loading=\"lazy\" decoding=\"async\" class=\"alignnone size-full wp-image-20202\" src=\"https:\/\/www.hydraulic-cylinders.net\/wp-content\/uploads\/2025\/05\/horizontal-hydraulic-cylinder-for-car-crane-application.webp\" alt=\"Poziomy si\u0142ownik hydrauliczny do zastosowa\u0144 w d\u017awigach samochodowych\" width=\"1080\" height=\"617\" srcset=\"https:\/\/www.hydraulic-cylinders.net\/wp-content\/uploads\/2025\/05\/horizontal-hydraulic-cylinder-for-car-crane-application.webp 1080w, https:\/\/www.hydraulic-cylinders.net\/wp-content\/uploads\/2025\/05\/horizontal-hydraulic-cylinder-for-car-crane-application-980x560.webp 980w, https:\/\/www.hydraulic-cylinders.net\/wp-content\/uploads\/2025\/05\/horizontal-hydraulic-cylinder-for-car-crane-application-480x274.webp 480w\" sizes=\"(min-width: 0px) and (max-width: 480px) 480px, (min-width: 481px) and (max-width: 980px) 980px, (min-width: 981px) 1080px, 100vw\" \/><\/strong><\/h2>\n<ul>\n<li><strong>Place budowy o nier\u00f3wnym terenie:<\/strong>\u00a0Poziome si\u0142owniki hydrauliczne do d\u017awig\u00f3w samochodowych sprawdzaj\u0105 si\u0119 znakomicie w projektach budowlanych realizowanych w nier\u00f3wnym terenie, np. przy budowie dr\u00f3g lub pracach fundamentowych. W takich pracach ten stabilizuj\u0105cy si\u0142ownik do d\u017awig\u00f3w samochodowych gwarantuje bezpieczne podnoszenie \u0142adunku i zapobiega ryzyku przewr\u00f3cenia.<\/li>\n<li><strong>Operacje portowe w zakresie obs\u0142ugi kontener\u00f3w:<\/strong>\u00a0Ten hydrauliczny si\u0142ownik, idealny do pracy w portach, zapewnia stabilno\u015b\u0107 d\u017awigu samochodowego i wspomaga efektywne podnoszenie ci\u0119\u017ckich kontener\u00f3w. Zapewnia poziome wsparcie d\u017awigu samochodowego, pozwalaj\u0105c zachowa\u0107 r\u00f3wnowag\u0119 podczas powtarzalnych zada\u0144 za\u0142adunkowych.<\/li>\n<li><strong>Instalacja urz\u0105dze\u0144 przemys\u0142owych w fabrykach:<\/strong>\u00a0Idealny do zastosowa\u0144 przemys\u0142owych, np. monta\u017cu du\u017cych maszyn w fabrykach, ten wytrzyma\u0142y poziomy si\u0142ownik do d\u017awig\u00f3w samochodowych zapewnia stabilne ustawienie sprz\u0119tu, zwi\u0119kszaj\u0105c bezpiecze\u0144stwo i wydajno\u015b\u0107 pracy.<\/li>\n<\/ul>\n<\/section>\n<section id=\"explore-more\">\n<h2><strong>Poznaj wi\u0119cej cylindr\u00f3w do d\u017awig\u00f3w samochodowych:<\/strong><\/h2>\n<p>Oferujemy szerok\u0105 gam\u0119 si\u0142ownik\u00f3w do d\u017awig\u00f3w samochodowych, dostosowanych do zr\u00f3\u017cnicowanych potrzeb w zakresie podnoszenia. Niezale\u017cnie od tego, czy potrzebujesz si\u0142ownika hydraulicznego zapewniaj\u0105cego stabilno\u015b\u0107 d\u017awigu samochodowego, czy wytrzyma\u0142ego si\u0142ownika poziomego do d\u017awig\u00f3w samochodowych, Ever-Power Huachang Hydraulic dostarcza rozwi\u0105zania dostosowane do indywidualnych potrzeb. Odkryj nasz\u0105 pe\u0142n\u0105 ofert\u0119 <a href=\"https:\/\/www.hydraulic-cylinders.net\/pl\/mobile-crane-hydraulic-cylinders\/\">cylindry d\u017awig\u00f3w samochodowych<\/a>.<\/p>\n<h2><strong>Jakie najwa\u017cniejsze czynniki nale\u017cy wzi\u0105\u0107 pod uwag\u0119 podczas konserwacji poziomych cylindr\u00f3w hydraulicznych w d\u017awigach samochodowych?<\/strong><\/h2>\n<div class=\"inter-wlTS5w\">\n<div class=\"container-QE4ayg\">\n<div class=\"item-jU10IN\">\n<div class=\"container-jODEnh chrome70-container\">\n<div class=\"inner-eE95c9 inner-item-aPP257\" data-target-id=\"message-box-target-id\" data-testid=\"union_message\">\n<div class=\"message-block-container-cloZOG\" data-testid=\"message-block-container\">\n<div class=\"message-box-ZWbBdF\" data-testid=\"receive_message\" data-message-id=\"4803605988838914\">\n<div class=\"message-box-content-wrapper-srHdUj\">\n<div class=\"message-content message-box-content-otxGGw receive-message-block-box-UHACQi samantha-message-box-content-aDu1aK\" data-testid=\"message_content\">\n<div class=\"container-hfX5E8 flow-markdown-body theme-samantha-yJEgBp\" dir=\"ltr\" data-testid=\"message_text_content\" data-show-indicator=\"false\">\n<div class=\"auto-hide-last-sibling-br paragraph-qzbcQC paragraph-element br-paragraph-space\">Konserwacja poziomych si\u0142ownik\u00f3w hydraulicznych w d\u017awigach samochodowych jest kluczowa dla zapewnienia ich bezpiecznej i wydajnej pracy. Oto kilka kluczowych czynnik\u00f3w, kt\u00f3re nale\u017cy wzi\u0105\u0107 pod uwag\u0119:<\/div>\n<h3 class=\"header-jfw95c auto-hide-last-sibling-br\"><strong>1. Regularna kontrola<\/strong><\/h3>\n<div class=\"auto-hide-last-sibling-br paragraph-qzbcQC paragraph-element br-paragraph-space\">Regularne kontrole wizualne s\u0105 niezb\u0119dne do wczesnego wykrycia wszelkich oznak uszkodze\u0144 lub zu\u017cycia. Sprawd\u017a, czy nie wyst\u0119puj\u0105 zewn\u0119trzne wycieki, takie jak wyciek oleju wok\u00f3\u0142 uszczelek cylindra. Uszkodzone uszczelki mog\u0105 prowadzi\u0107 do spadku ci\u015bnienia hydraulicznego, co negatywnie wp\u0142ywa na wydajno\u015b\u0107 cylindra. Sprawd\u017a r\u00f3wnie\u017c, czy na korpusie cylindra nie ma \u015blad\u00f3w korozji, kt\u00f3ra z czasem mo\u017ce os\u0142abi\u0107 jego konstrukcj\u0119. Na przyk\u0142ad, w trudnych warunkach budowlanych na zewn\u0105trz, cylindry mog\u0105 by\u0107 nara\u017cone na dzia\u0142anie wilgoci i chemikali\u00f3w, co zwi\u0119ksza ryzyko korozji.<\/div>\n<\/div>\n<div>\n<div class=\"image-box-grid-DI7Zd9\" data-finished=\"true\" data-testid=\"message_image_content\">\n<div class=\"image-box-grid-item-hjZBGw\">\n<div class=\"relative w-fit inline-flex\">\n<div class=\"container-pveQEn\">\n<div class=\"container-lBN8DN\">\n<div class=\"image-wrapper-g0eL_T clickable-ELDCj2\" data-testid=\"mdbox_image\"><\/div>\n<\/div>\n<\/div>\n<\/div>\n<\/div>\n<\/div>\n<h3 tabindex=\"0\" aria-haspopup=\"true\" aria-expanded=\"false\" aria-describedby=\"dsytchi\" data-popupid=\"dsytchi\"><strong style=\"color: #333333; font-size: 22px;\">2. Jako\u015b\u0107 i poziom p\u0142ynu<\/strong><\/h3>\n<div tabindex=\"0\" aria-haspopup=\"true\" aria-expanded=\"false\" aria-describedby=\"dsytchi\" data-popupid=\"dsytchi\">P\u0142yn hydrauliczny w cylindrach to \u017cycie \u2013 krew uk\u0142adu. Wa\u017cne jest regularne sprawdzanie poziomu p\u0142ynu i jego jako\u015bci. Niski poziom p\u0142ynu mo\u017ce powodowa\u0107 kawitacj\u0119, kt\u00f3ra mo\u017ce uszkodzi\u0107 elementy cylindra. Zanieczyszczony p\u0142yn, na przyk\u0142ad z zanieczyszczeniami, zanieczyszczeniami lub wod\u0105, mo\u017ce r\u00f3wnie\u017c prowadzi\u0107 do przedwczesnego zu\u017cycia uszczelnie\u0144 i element\u00f3w wewn\u0119trznych. P\u0142yn hydrauliczny nale\u017cy wymienia\u0107 w odst\u0119pach czasu zalecanych przez producenta. Na przyk\u0142ad w zakurzonym \u015brodowisku portu p\u0142yn mo\u017ce ulec szybszemu zanieczyszczeniu.<\/div>\n<div tabindex=\"0\" aria-haspopup=\"true\" aria-expanded=\"false\" aria-describedby=\"dsytchi\" data-popupid=\"dsytchi\">\n<h3 tabindex=\"0\" aria-haspopup=\"true\" aria-expanded=\"false\" aria-describedby=\"dsytchi\" data-popupid=\"dsytchi\"><strong><span style=\"color: #333333; font-size: 18px;\">3. Konserwacja uszczelek<\/span><\/strong><\/h3>\n<\/div>\n<\/div>\n<div class=\"container-hfX5E8 flow-markdown-body theme-samantha-yJEgBp\" dir=\"ltr\" data-testid=\"message_text_content\" data-show-indicator=\"false\">\n<div class=\"auto-hide-last-sibling-br paragraph-qzbcQC paragraph-element br-paragraph-space\">Uszczelnienia w poziomych si\u0142ownikach hydraulicznych zapobiegaj\u0105 wyciekom p\u0142ynu i utrzymuj\u0105 ci\u015bnienie w uk\u0142adzie. Z czasem uszczelnienia mog\u0105 si\u0119 zu\u017cywa\u0107 z powodu tarcia, ciep\u0142a i kontaktu z p\u0142ynem hydraulicznym. Regularnie sprawdzaj uszczelnienia pod k\u0105tem oznak zu\u017cycia, takich jak p\u0119kni\u0119cia lub rozdarcia. W przypadku wykrycia uszkodze\u0144 uszczelnie\u0144, nale\u017cy je natychmiast wymieni\u0107, aby unikn\u0105\u0107 dalszych problem\u00f3w. W \u015brodowisku fabrycznym, gdzie d\u017awig pracuje cz\u0119sto, uszczelnienia mog\u0105 ulega\u0107 wi\u0119kszemu zu\u017cyciu.<\/div>\n<\/div>\n<div><img loading=\"lazy\" decoding=\"async\" class=\"size-full wp-image-20203 aligncenter\" src=\"https:\/\/www.hydraulic-cylinders.net\/wp-content\/uploads\/2025\/05\/horizontal-hydraulic-cylinder-for-car-crane-1-1.webp\" alt=\"\" width=\"580\" height=\"326\" srcset=\"https:\/\/www.hydraulic-cylinders.net\/wp-content\/uploads\/2025\/05\/horizontal-hydraulic-cylinder-for-car-crane-1-1.webp 580w, https:\/\/www.hydraulic-cylinders.net\/wp-content\/uploads\/2025\/05\/horizontal-hydraulic-cylinder-for-car-crane-1-1-480x270.webp 480w\" sizes=\"(min-width: 0px) and (max-width: 480px) 480px, (min-width: 481px) 580px, 100vw\" \/><\/div>\n<div class=\"container-hfX5E8 flow-markdown-body theme-samantha-yJEgBp\" dir=\"ltr\" data-testid=\"message_text_content\" data-show-indicator=\"false\">\n<h3 class=\"header-jfw95c auto-hide-last-sibling-br\"><strong>4. Wyr\u00f3wnanie i monta\u017c<\/strong><\/h3>\n<div class=\"auto-hide-last-sibling-br paragraph-qzbcQC paragraph-element br-paragraph-space\">Prawid\u0142owe ustawienie i monta\u017c poziomych si\u0142ownik\u00f3w hydraulicznych ma kluczowe znaczenie dla ich p\u0142ynnej pracy. Niew\u0142a\u015bciwe ustawienie si\u0142ownik\u00f3w mo\u017ce powodowa\u0107 nier\u00f3wnomierne obci\u0105\u017cenie podzespo\u0142\u00f3w, co prowadzi do przedwczesnego zu\u017cycia i awarii. Regularnie sprawdzaj \u015bruby mocuj\u0105ce, aby upewni\u0107 si\u0119, \u017ce s\u0105 dokr\u0119cone z odpowiednim momentem obrotowym. Na placu budowy, gdzie \u017curaw mo\u017ce by\u0107 nara\u017cony na drgania podczas pracy, \u015bruby mocuj\u0105ce mog\u0105 z czasem ulec poluzowaniu.<\/div>\n<\/div>\n<div>\n<div class=\"image-box-grid-DI7Zd9\" data-finished=\"true\" data-testid=\"message_image_content\">\n<div class=\"image-box-grid-item-hjZBGw\">\n<div class=\"relative w-fit inline-flex\">\n<div class=\"container-pveQEn\">\n<div class=\"container-lBN8DN\">\n<div data-testid=\"mdbox_image\"><\/div>\n<div class=\"image-wrapper-g0eL_T clickable-ELDCj2\" data-testid=\"mdbox_image\"><img alt=\"\" aria-hidden=\"true\" \/><img loading=\"lazy\" decoding=\"async\" class=\"size-full wp-image-20204 aligncenter\" src=\"https:\/\/www.hydraulic-cylinders.net\/wp-content\/uploads\/2025\/05\/horizontal-hydraulic-cylinder-for-car-crane-2.webp\" alt=\"\" width=\"580\" height=\"326\" srcset=\"https:\/\/www.hydraulic-cylinders.net\/wp-content\/uploads\/2025\/05\/horizontal-hydraulic-cylinder-for-car-crane-2.webp 580w, https:\/\/www.hydraulic-cylinders.net\/wp-content\/uploads\/2025\/05\/horizontal-hydraulic-cylinder-for-car-crane-2-480x270.webp 480w\" sizes=\"(min-width: 0px) and (max-width: 480px) 480px, (min-width: 481px) 580px, 100vw\" \/><\/div>\n<\/div>\n<\/div>\n<div class=\"canvas_wrapper-IbcQnK exited-oWXOb6\" data-testid=\"canvas-wrapper\">\n<div class=\"container-outer-pOam6U\" data-testid=\"canvas_panel_container\" data-visible=\"false\" data-state=\"2\">\n<div class=\"container-xIE85U\">\n<div class=\"container-footer-GjfStV\"><\/div>\n<\/div>\n<\/div>\n<\/div>\n<\/div>\n<\/div>\n<\/div>\n<div class=\"\" tabindex=\"0\" aria-haspopup=\"true\" aria-expanded=\"false\" aria-describedby=\"it2wxvq\" data-popupid=\"it2wxvq\"><\/div>\n<\/div>\n<div class=\"container-hfX5E8 flow-markdown-body theme-samantha-yJEgBp\" dir=\"ltr\" data-testid=\"message_text_content\" data-show-indicator=\"false\">\n<div class=\"auto-hide-last-sibling-br paragraph-qzbcQC paragraph-element br-paragraph-space\">Podsumowuj\u0105c, zwracaj\u0105c uwag\u0119 na te kluczowe czynniki, operatorzy mog\u0105 zapewni\u0107 niezawodn\u0105 i d\u0142ugotrwa\u0142\u0105 prac\u0119 poziomych si\u0142ownik\u00f3w hydraulicznych do d\u017awig\u00f3w samochodowych.<\/div>\n<\/div>\n<\/div>\n<\/div>\n<\/div>\n<\/div>\n<\/div>\n<\/div>\n<\/div>\n<\/div>\n<\/div>\n<div class=\"top-bcSEDJ\">\n<div class=\"container-jODEnh chrome70-container\"><\/div>\n<\/div>\n<\/section>\n<section id=\"company-introduction\">\n<h2><strong>O Ever-Power Huachang Hydraulic:<\/strong><\/h2>\n<h2><img loading=\"lazy\" decoding=\"async\" class=\"alignnone size-full wp-image-16972\" src=\"https:\/\/www.hydraulic-cylinders.net\/wp-content\/uploads\/2025\/01\/hydraulic-cylinder-factory-1-scaled.webp\" alt=\"\" width=\"2016\" height=\"2560\" srcset=\"https:\/\/www.hydraulic-cylinders.net\/wp-content\/uploads\/2025\/01\/hydraulic-cylinder-factory-1-scaled.webp 2016w, https:\/\/www.hydraulic-cylinders.net\/wp-content\/uploads\/2025\/01\/hydraulic-cylinder-factory-1-1280x1625.webp 1280w, https:\/\/www.hydraulic-cylinders.net\/wp-content\/uploads\/2025\/01\/hydraulic-cylinder-factory-1-980x1244.webp 980w, https:\/\/www.hydraulic-cylinders.net\/wp-content\/uploads\/2025\/01\/hydraulic-cylinder-factory-1-480x610.webp 480w\" sizes=\"(min-width: 0px) and (max-width: 480px) 480px, (min-width: 481px) and (max-width: 980px) 980px, (min-width: 981px) and (max-width: 1280px) 1280px, (min-width: 1281px) 2016px, 100vw\" \/><\/h2>\n<p>Ever-Power Huachang Hydraulic wyr\u00f3\u017cnia si\u0119 innowacjami hydraulicznymi. Zesp\u00f3\u0142 specjalist\u00f3w ds. bada\u0144 i rozwoju projektuje niezawodne rozwi\u0105zania dla d\u017awig\u00f3w samochodowych i zastosowa\u0144 ci\u0119\u017ckich, gwarantuj\u0105c najwy\u017csz\u0105 wydajno\u015b\u0107 i bezpiecze\u0144stwo.<\/p>\n<p>Nasz zaawansowany zak\u0142ad produkcyjny wykorzystuje automatyzacj\u0119 i precyzyjn\u0105 technologi\u0119, aby tworzy\u0107 wysokiej jako\u015bci cylindry dostosowane do \u015bwiatowych standard\u00f3w przemys\u0142owych, charakteryzuj\u0105ce si\u0119 wydajno\u015bci\u0105 i trwa\u0142o\u015bci\u0105 ka\u017cdego egzemplarza.<\/p>\n<p>Gwarantujemy doskona\u0142o\u015b\u0107 poprzez rygorystyczne testy i przyjazne dla \u015brodowiska pow\u0142oki, zwi\u0119kszaj\u0105ce trwa\u0142o\u015b\u0107 produkt\u00f3w, takich jak poziome si\u0142owniki hydrauliczne do d\u017awig\u00f3w samochodowych, i umacniaj\u0105ce nasz\u0105 reputacj\u0119 zaufanego \u015bwiatowego lidera.<\/p>\n<\/section>","protected":false},"excerpt":{"rendered":"<p>Horizontal Hydraulic Cylinders for Car Crane The horizontal hydraulic cylinders for car crane, engineered by ever-power huachang hydraulic, are robust stabilizing cylinders designed to provide exceptional lateral support during lifting operations. Compatible with models, this hydraulic cylinder for car crane ensures enhanced stability on uneven terrains, making it ideal for construction sites, port operations, and [&hellip;]<\/p>","protected":false},"featured_media":20201,"comment_status":"open","ping_status":"closed","template":"","meta":{"_et_pb_use_builder":"","_et_pb_old_content":"","_et_gb_content_width":""},"product_brand":[],"product_cat":[1376],"product_tag":[],"class_list":{"0":"post-20199","1":"product","2":"type-product","3":"status-publish","4":"has-post-thumbnail","6":"product_cat-hydraulic-cylinder","8":"first","9":"instock","10":"shipping-taxable","11":"product-type-simple"},"amp_enabled":true,"_links":{"self":[{"href":"https:\/\/www.hydraulic-cylinders.net\/pl\/wp-json\/wp\/v2\/product\/20199","targetHints":{"allow":["GET"]}}],"collection":[{"href":"https:\/\/www.hydraulic-cylinders.net\/pl\/wp-json\/wp\/v2\/product"}],"about":[{"href":"https:\/\/www.hydraulic-cylinders.net\/pl\/wp-json\/wp\/v2\/types\/product"}],"replies":[{"embeddable":true,"href":"https:\/\/www.hydraulic-cylinders.net\/pl\/wp-json\/wp\/v2\/comments?post=20199"}],"wp:featuredmedia":[{"embeddable":true,"href":"https:\/\/www.hydraulic-cylinders.net\/pl\/wp-json\/wp\/v2\/media\/20201"}],"wp:attachment":[{"href":"https:\/\/www.hydraulic-cylinders.net\/pl\/wp-json\/wp\/v2\/media?parent=20199"}],"wp:term":[{"taxonomy":"product_brand","embeddable":true,"href":"https:\/\/www.hydraulic-cylinders.net\/pl\/wp-json\/wp\/v2\/product_brand?post=20199"},{"taxonomy":"product_cat","embeddable":true,"href":"https:\/\/www.hydraulic-cylinders.net\/pl\/wp-json\/wp\/v2\/product_cat?post=20199"},{"taxonomy":"product_tag","embeddable":true,"href":"https:\/\/www.hydraulic-cylinders.net\/pl\/wp-json\/wp\/v2\/product_tag?post=20199"}],"curies":[{"name":"wp","href":"https:\/\/api.w.org\/{rel}","templated":true}]}}