{"id":20699,"date":"2025-05-27T06:21:17","date_gmt":"2025-05-27T06:21:17","guid":{"rendered":"https:\/\/www.hydraulic-cylinders.net\/product\/20176b-02000-forklift-truck-support-hydraulic-cylinder\/"},"modified":"2025-05-27T06:21:20","modified_gmt":"2025-05-27T06:21:20","slug":"20176b-02000-forklift-truck-support-hydraulic-cylinder","status":"publish","type":"product","link":"https:\/\/www.hydraulic-cylinders.net\/pl\/produkt\/20176b-02000-forklift-truck-support-hydraulic-cylinder\/","title":{"rendered":"20176B-02000 Si\u0142ownik hydrauliczny do w\u00f3zka wid\u0142owego"},"content":{"rendered":"<h1>20176B-02000 Si\u0142ownik hydrauliczny do w\u00f3zka wid\u0142owego<\/h1>\n<h2>Wprowadzenie do produktu<\/h2>\n<p>Si\u0142ownik hydrauliczny do w\u00f3zk\u00f3w wid\u0142owych 20176B-02000 to kluczowy element zaprojektowany w celu zwi\u0119kszenia wydajno\u015bci operacyjnej i bezpiecze\u0144stwa w\u00f3zk\u00f3w wid\u0142owych. Ten si\u0142ownik hydrauliczny pe\u0142ni kluczow\u0105 funkcj\u0119 podnoszenia i opuszczania \u0142adunk\u00f3w, zapewniaj\u0105c niezb\u0119dn\u0105 si\u0142\u0119 do podtrzymywania ci\u0119\u017ckich przedmiot\u00f3w. Mechanizm hydrauliczny zapewnia p\u0142ynn\u0105 prac\u0119, co czyni go niezb\u0119dnym elementem w wielu zastosowaniach przemys\u0142owych. Dzi\u0119ki precyzyjnej konstrukcji si\u0142ownik ten gwarantuje niezawodn\u0105 prac\u0119 w zmiennych warunkach obci\u0105\u017cenia, przyczyniaj\u0105c si\u0119 do og\u00f3lnej wydajno\u015bci operacji podnoszenia. Odgrywa on kluczow\u0105 rol\u0119 w transporcie materia\u0142\u00f3w, przyspieszaj\u0105c i zwi\u0119kszaj\u0105c bezpiecze\u0144stwo zada\u0144, co jest niezwykle istotne w \u015brodowiskach o du\u017cym nat\u0119\u017ceniu ruchu.<\/p>\n<h2>Specyfikacja produktu<\/h2>\n<h3>Parametry cylindra<\/h3>\n<ul>\n<li>\u015arednica cylindra: 50 mm<\/li>\n<li>\u015arednica pr\u0119ta: 45 mm<\/li>\n<li>Skok: 125 mm<\/li>\n<li>Odleg\u0142o\u015b\u0107 monta\u017cu: 364 mm<\/li>\n<\/ul>\n<p>Ka\u017cdy parametr si\u0142ownika hydraulicznego 20176B-02000 zosta\u0142 starannie zaprojektowany, aby sprosta\u0107 rygorystycznym wymaganiom zastosowa\u0144 przemys\u0142owych. \u015arednica si\u0142ownika wynosz\u0105ca 50 mm zapewnia solidn\u0105 konstrukcj\u0119, odporn\u0105 na znaczne obci\u0105\u017cenia, a \u015brednica t\u0142oczyska wynosz\u0105ca 45 mm gwarantuje trwa\u0142o\u015b\u0107 i wytrzyma\u0142o\u015b\u0107 podczas pracy. Zakres ruchu wynosz\u0105cy 125 mm umo\u017cliwia wszechstronne podnoszenie, dzi\u0119ki czemu si\u0142ownik nadaje si\u0119 do r\u00f3\u017cnych zada\u0144. Odleg\u0142o\u015b\u0107 monta\u017cowa wynosz\u0105ca 364 mm zosta\u0142a zoptymalizowana pod k\u0105tem \u0142atwej integracji z istniej\u0105cymi systemami w\u00f3zk\u00f3w wid\u0142owych, zapewniaj\u0105c bezproblemow\u0105 funkcjonalno\u015b\u0107.<\/p>\n<h2>Cechy produktu<\/h2>\n<ul>\n<li>Materia\u0142y wysokiej jako\u015bci: Wykonane z materia\u0142\u00f3w najwy\u017cszej jako\u015bci, co zapewnia wi\u0119ksz\u0105 trwa\u0142o\u015b\u0107.<\/li>\n<li>Wydajna praca: Zoptymalizowana konstrukcja zapewniaj\u0105ca p\u0142ynn\u0105 prac\u0119 uk\u0142adu hydraulicznego.<\/li>\n<li>Opcje dostosowywania: Dost\u0119pne w r\u00f3\u017cnych specyfikacjach, aby sprosta\u0107 konkretnym potrzebom.<\/li>\n<li>Kompatybilno\u015b\u0107: Z \u0142atwo\u015bci\u0105 zast\u0119puje istniej\u0105ce cylindry hydrauliczne.<\/li>\n<li>Normy bezpiecze\u0144stwa: Zaprojektowano z uwzgl\u0119dnieniem funkcji bezpiecze\u0144stwa zapobiegaj\u0105cych awariom.<\/li>\n<\/ul>\n<p>Nasze mo\u017cliwo\u015bci produkcyjne pozwalaj\u0105 na wytworzenie tego cylindra hydraulicznego zgodnie z dok\u0142adnymi specyfikacjami, co gwarantuje, \u017ce nasze produkty mog\u0105 bez problemu zast\u0105pi\u0107 istniej\u0105ce uk\u0142ady hydrauliczne, zwi\u0119kszaj\u0105c wydajno\u015b\u0107 i trwa\u0142o\u015b\u0107.<\/p>\n<h2>Scenariusze zastosowa\u0144<\/h2>\n<ul>\n<li><strong>Obs\u0142uga materia\u0142\u00f3w:<\/strong> W magazynach i centrach dystrybucyjnych si\u0142ownik hydrauliczny jest niezb\u0119dny do podnoszenia ci\u0119\u017ckich palet, zapewniaj\u0105c sprawny za\u0142adunek i roz\u0142adunek. Jego wytrzyma\u0142o\u015b\u0107 i niezawodno\u015b\u0107 znacz\u0105co przyczyniaj\u0105 si\u0119 do wydajno\u015bci operacyjnej, minimalizuj\u0105c przestoje i zwi\u0119kszaj\u0105c bezpiecze\u0144stwo podczas transportu materia\u0142\u00f3w.<\/li>\n<li><strong>Place budowy:<\/strong> W bran\u017cy budowlanej cylindry te s\u0105 stosowane w w\u00f3zkach wid\u0142owych do transportu materia\u0142\u00f3w budowlanych. Mo\u017cliwo\u015b\u0107 bezpiecznego i pewnego podnoszenia znacznych ci\u0119\u017car\u00f3w ma kluczowe znaczenie dla utrzymania efektywno\u015bci pracy i zapewnienia bezpiecze\u0144stwa pracownik\u00f3w na placu budowy.<\/li>\n<li><strong>Zastosowania rolnicze:<\/strong> W rolnictwie si\u0142owniki hydrauliczne s\u0105 stosowane w w\u00f3zkach wid\u0142owych do transportu bel, skrzy\u0144 i innych ci\u0119\u017ckich \u0142adunk\u00f3w. Ich niezawodno\u015b\u0107 w podnoszeniu i opuszczaniu ci\u0119\u017ckich przedmiot\u00f3w usprawnia prac\u0119, umo\u017cliwiaj\u0105c szybk\u0105 i wydajn\u0105 obs\u0142ug\u0119 towar\u00f3w.<\/li>\n<li><strong>Procesy produkcyjne:<\/strong> Si\u0142owniki hydrauliczne s\u0105 integraln\u0105 cz\u0119\u015bci\u0105 zak\u0142ad\u00f3w produkcyjnych do podnoszenia i pozycjonowania ci\u0119\u017ckich element\u00f3w. Ich precyzja i moc usprawniaj\u0105 proces produkcyjny, co przek\u0142ada si\u0119 na wzrost wydajno\u015bci i obni\u017cenie koszt\u00f3w pracy.<\/li>\n<li><strong>Operacje logistyczne:<\/strong> W logistyce si\u0142owniki hydrauliczne wspomagaj\u0105 przemieszczanie towar\u00f3w w magazynach i podczas transportu. Wydajno\u015b\u0107 tych si\u0142ownik\u00f3w odgrywa kluczow\u0105 rol\u0119 w utrzymaniu przep\u0142ywu towar\u00f3w, zapewnieniu terminowych dostaw i optymalizacji zarz\u0105dzania zapasami.<\/li>\n<\/ul>\n<h2>Zagadnienia projektowe i kryteria wyboru<\/h2>\n<h3>No\u015bno\u015b\u0107<\/h3>\n<p>Przy wyborze si\u0142ownika hydraulicznego, ud\u017awig ma kluczowe znaczenie. Si\u0142ownik 20176B-02000 zosta\u0142 zaprojektowany z my\u015bl\u0105 o bezpiecznym podnoszeniu du\u017cych ci\u0119\u017car\u00f3w, co gwarantuje spe\u0142nienie wymaga\u0144 r\u00f3\u017cnych zastosowa\u0144 d\u017awigowych. Znajomo\u015b\u0107 wymaga\u0144 dotycz\u0105cych maksymalnego ud\u017awigu gwarantuje, \u017ce si\u0142ownik b\u0119dzie pracowa\u0142 w bezpiecznych granicach, zapobiegaj\u0105c awariom i wypadkom podczas pracy. Wyb\u00f3r si\u0142ownika o odpowiedniej ud\u017awigu nie tylko zwi\u0119ksza wydajno\u015b\u0107, ale tak\u017ce wyd\u0142u\u017ca \u017cywotno\u015b\u0107 sprz\u0119tu.<\/p>\n<h3>Integralno\u015b\u0107 uszczelnienia<\/h3>\n<p>Uszczelnienie ma kluczowe znaczenie w uk\u0142adach hydraulicznych, poniewa\u017c zapobiega wyciekom p\u0142ynu i utrzymuje ci\u015bnienie. Si\u0142ownik hydrauliczny 20176B-02000 wykorzystuje zaawansowane technologie uszczelniania, aby zapewni\u0107 optymaln\u0105 wydajno\u015b\u0107. Skuteczne uszczelnienia minimalizuj\u0105 ryzyko zanieczyszczenia i utraty p\u0142ynu, kt\u00f3re mog\u0105 prowadzi\u0107 do nieefektywnego dzia\u0142ania uk\u0142adu. Konstrukcja zawiera materia\u0142y odporne na zu\u017cycie i degradacj\u0119, zapewniaj\u0105c d\u0142ugotrwa\u0142\u0105 integralno\u015b\u0107 w r\u00f3\u017cnych warunkach pracy. Jest to kluczowe dla utrzymania sprawno\u015bci uk\u0142adu hydraulicznego i niezawodno\u015bci uk\u0142adu.<\/p>\n<h3>Trwa\u0142o\u015b\u0107<\/h3>\n<p>Trwa\u0142o\u015b\u0107 si\u0142ownika hydraulicznego ma kluczowe znaczenie dla jego \u017cywotno\u015bci i niezawodno\u015bci. Si\u0142ownik 20176B-02000 zosta\u0142 wykonany z materia\u0142\u00f3w o wysokiej wytrzyma\u0142o\u015bci, zaprojektowanych tak, aby sprosta\u0107 trudnym warunkom pracy w trudnych warunkach. Ta trwa\u0142o\u015b\u0107 jest kluczowa w \u015brodowiskach o wysokich wymaganiach eksploatacyjnych, poniewa\u017c zmniejsza potrzeb\u0119 cz\u0119stych wymian i konserwacji, co przek\u0142ada si\u0119 na oszcz\u0119dno\u015bci w d\u0142u\u017cszej perspektywie. Wytrzyma\u0142y si\u0142ownik zapewnia p\u0142ynn\u0105 prac\u0119 i minimalizuje zak\u0142\u00f3cenia.<\/p>\n<h3>Funkcje bezpiecze\u0144stwa<\/h3>\n<p>Bezpiecze\u0144stwo jest priorytetem w uk\u0142adach hydraulicznych. Si\u0142ownik hydrauliczny 20176B-02000 zosta\u0142 zaprojektowany z wieloma zabezpieczeniami, aby zapewni\u0107 bezpieczn\u0105 prac\u0119. Nale\u017c\u0105 do nich zawory bezpiecze\u0144stwa i mechanizmy zabezpieczaj\u0105ce przed nadmiernym wzrostem ci\u015bnienia, kt\u00f3ry mo\u017ce prowadzi\u0107 do katastrofalnych awarii. Wdro\u017cenie solidnych \u015brodk\u00f3w bezpiecze\u0144stwa nie tylko chroni sprz\u0119t, ale tak\u017ce zabezpiecza operator\u00f3w i personel przed potencjalnymi zagro\u017ceniami podczas pracy.<\/p>\n<h3>Utrzymywalno\u015b\u0107<\/h3>\n<p>\u0141atwo\u015b\u0107 konserwacji jest kluczowym czynnikiem w konstrukcji cylindr\u00f3w hydraulicznych. Model 20176B-02000 zosta\u0142 zaprojektowany z my\u015bl\u0105 o prostych procedurach konserwacji, umo\u017cliwiaj\u0105c u\u017cytkownikom regularne przegl\u0105dy i serwisowanie bez d\u0142u\u017cszych przestoj\u00f3w. Konstrukcja zapewnia \u0142atwy dost\u0119p do kluczowych podzespo\u0142\u00f3w, umo\u017cliwiaj\u0105c szybk\u0105 napraw\u0119 i wymian\u0119 w razie potrzeby. Nacisk na \u0142atwo\u015b\u0107 konserwacji wyd\u0142u\u017ca \u017cywotno\u015b\u0107 cylindra i poprawia og\u00f3ln\u0105 wydajno\u015b\u0107 systemu.<\/p>\n<h2>Uszczelnianie i smarowanie<\/h2>\n<p>Prawid\u0142owe uszczelnienie i smarowanie s\u0105 kluczowe dla optymalnej pracy si\u0142ownik\u00f3w hydraulicznych. W si\u0142owniku 20176B-02000 zastosowano r\u00f3\u017cnorodne elementy uszczelniaj\u0105ce, takie jak uszczelnienia t\u0142oka i t\u0142oczyska, wykonane z trwa\u0142ych materia\u0142\u00f3w, takich jak poliuretan i kauczuk nitrylowy. Materia\u0142y te zosta\u0142y dobrane ze wzgl\u0119du na odporno\u015b\u0107 na zu\u017cycie i zdolno\u015b\u0107 do zachowania szczelno\u015bci pod ci\u015bnieniem. Dodatkowo korpus si\u0142ownika i gwintowane ko\u0144c\u00f3wki poddawane s\u0105 precyzyjnej obr\u00f3bce mechanicznej w celu zwi\u0119kszenia odporno\u015bci na zu\u017cycie, co zapewnia d\u0142ug\u0105 \u017cywotno\u015b\u0107.<\/p>\n<p>Regularne smarowanie jest r\u00f3wnie\u017c niezb\u0119dne do utrzymania sprawno\u015bci cylindra hydraulicznego. U\u017cytkownikom zaleca si\u0119 okresowe sprawdzanie i uzupe\u0142nianie oleju hydraulicznego, aby zapewni\u0107 p\u0142ynn\u0105 prac\u0119 i zapobiec zu\u017cyciu cz\u0119\u015bci ruchomych. Odpowiednie smarowanie pomaga zmniejszy\u0107 tarcie, zwi\u0119kszaj\u0105c tym samym wydajno\u015b\u0107 uk\u0142adu hydraulicznego i wyd\u0142u\u017caj\u0105c \u017cywotno\u015b\u0107 cylindra.<\/p>\n<h2>Regularne kontrole i konserwacja zapobiegawcza<\/h2>\n<ul>\n<li><strong>Rutynowe kontrole:<\/strong> Przeprowadzaj rutynowe kontrole si\u0142ownika hydraulicznego pod k\u0105tem oznak zu\u017cycia, wyciek\u00f3w lub uszkodze\u0144. Wczesne wykrycie problem\u00f3w mo\u017ce zapobiec powa\u017cniejszym problemom i zapewni\u0107 bezpiecze\u0144stwo eksploatacji.<\/li>\n<li><strong>Kontrola smarowania:<\/strong> Regularnie sprawdzaj poziom smarowania i uzupe\u0142niaj olej hydrauliczny w razie potrzeby, aby utrzyma\u0107 optymaln\u0105 wydajno\u015b\u0107. Prawid\u0142owe smarowanie zmniejsza zu\u017cycie i zwi\u0119ksza wydajno\u015b\u0107.<\/li>\n<li><strong>Wymiana uszczelki:<\/strong> Monitoruj stan uszczelek i wymieniaj je w razie potrzeby, aby zapobiec wyciekom i utrzyma\u0107 szczelno\u015b\u0107. Wymiana zu\u017cytych uszczelek mo\u017ce znacznie wyd\u0142u\u017cy\u0107 \u017cywotno\u015b\u0107 cylindra.<\/li>\n<\/ul>\n<h2>Wytyczne dotycz\u0105ce instalacji<\/h2>\n<p>Prawid\u0142owy monta\u017c ma kluczowe znaczenie dla efektywnego dzia\u0142ania si\u0142ownika hydraulicznego 20176B-02000. Na pocz\u0105tek nale\u017cy upewni\u0107 si\u0119, \u017ce miejsce monta\u017cu jest czyste i wolne od zanieczyszcze\u0144. Prawid\u0142owe ustawienie jest kluczowe; si\u0142ownik musi by\u0107 dok\u0142adnie ustawiony wzgl\u0119dem punkt\u00f3w mocowania, aby unikn\u0105\u0107 napr\u0119\u017ce\u0144 i przedwczesnego zu\u017cycia. Nale\u017cy u\u017cy\u0107 odpowiednich wspornik\u00f3w monta\u017cowych, aby zabezpieczy\u0107 si\u0142ownik na miejscu, zapewniaj\u0105c jego stabilne zamocowanie i brak ruchu podczas pracy. Podczas pod\u0142\u0105czania przewod\u00f3w hydraulicznych nale\u017cy upewni\u0107 si\u0119, \u017ce wszystkie przy\u0142\u0105cza s\u0105 szczelne i szczelne.<\/p>\n<p>Zaleca si\u0119 r\u00f3wnie\u017c zapoznanie si\u0119 ze specyfikacj\u0105 producenta dotycz\u0105c\u0105 ustawie\u0144 momentu obrotowego podczas monta\u017cu cylindra. Po monta\u017cu nale\u017cy przeprowadzi\u0107 dok\u0142adn\u0105 kontrol\u0119 pod k\u0105tem ewentualnych problem\u00f3w z ustawieniem i wyciek\u00f3w. Na koniec nale\u017cy wykona\u0107 jazd\u0119 pr\u00f3bn\u0105, aby upewni\u0107 si\u0119, \u017ce cylinder dzia\u0142a p\u0142ynnie, bez nietypowych d\u017awi\u0119k\u00f3w i usterek. Prawid\u0142owy monta\u017c nie tylko poprawia wydajno\u015b\u0107, ale tak\u017ce zapewnia bezpiecze\u0144stwo podczas eksploatacji.<\/p>\n<h2>Typowe zadania konserwacyjne<\/h2>\n<ul>\n<li><strong>Regularne kontrole:<\/strong> Cz\u0119ste kontrole s\u0105 niezb\u0119dne, aby zidentyfikowa\u0107 potencjalne problemy, zanim si\u0119 nasil\u0105. Upewnij si\u0119, \u017ce wszystkie komponenty s\u0105 nienaruszone i dzia\u0142aj\u0105 prawid\u0142owo, a wszelkie oznaki zu\u017cycia lub uszkodzenia nale\u017cy natychmiast usun\u0105\u0107.<\/li>\n<li><strong>Prawid\u0142owe smarowanie:<\/strong> Utrzymanie odpowiedniego poziomu smarowania jest kluczowe dla p\u0142ynnej pracy. Regularnie sprawdzaj i uzupe\u0142niaj olej hydrauliczny, poniewa\u017c niedostateczne smarowanie mo\u017ce prowadzi\u0107 do zwi\u0119kszonego tarcia i zu\u017cycia, co mo\u017ce prowadzi\u0107 do awarii.<\/li>\n<li><strong>Wymiana uszczelki:<\/strong> Nale\u017cy monitorowa\u0107 stan uszczelnie\u0144 i wymienia\u0107 je, gdy wykazuj\u0105 oznaki zu\u017cycia. Regularna wymiana uszczelnie\u0144 zapobiega wyciekom i utrzymuje ci\u015bnienie w uk\u0142adzie, zapewniaj\u0105c optymaln\u0105 wydajno\u015b\u0107.<\/li>\n<\/ul>\n<p>Opr\u00f3cz tych czynno\u015bci konserwacyjnych, kluczowe jest zapewnienie prawid\u0142owego monta\u017cu i ustawienia podczas pocz\u0105tkowej konfiguracji. Niew\u0142a\u015bciwe ustawienie mo\u017ce prowadzi\u0107 do nier\u00f3wnomiernego zu\u017cycia i nieefektywnej pracy. U\u017cytkownicy powinni r\u00f3wnie\u017c przestrzega\u0107 zalecanych procedur napraw i wymian, w razie potrzeby zasi\u0119gaj\u0105c porady specjalisty. Przestrzeganie tych praktyk konserwacyjnych mo\u017ce znacznie wyd\u0142u\u017cy\u0107 \u017cywotno\u015b\u0107 i wydajno\u015b\u0107 si\u0142ownika hydraulicznego.<\/p>\n<h2>Zagadnienia bezpiecze\u0144stwa i czynniki \u015brodowiskowe<\/h2>\n<p>\u015arodki bezpiecze\u0144stwa s\u0105 niezwykle istotne podczas obs\u0142ugi uk\u0142ad\u00f3w hydraulicznych. Si\u0142ownik hydrauliczny 20176B-02000 zosta\u0142 zaprojektowany z my\u015bl\u0105 o bezpiecze\u0144stwie u\u017cytkownika i wyposa\u017cony w funkcje minimalizuj\u0105ce ryzyko zwi\u0105zane z obs\u0142ug\u0105 uk\u0142ad\u00f3w hydraulicznych. Operatorzy powinni zosta\u0107 przeszkoleni w zakresie prawid\u0142owego u\u017cytkowania sprz\u0119tu hydraulicznego, w tym w zakresie ogranicze\u0144 eksploatacyjnych si\u0142ownika. Stosowanie \u015brodk\u00f3w ochrony indywidualnej (PPE) jest r\u00f3wnie\u017c niezb\u0119dne do ochrony przed potencjalnymi zagro\u017ceniami.<\/p>\n<p>Kwestie \u015brodowiskowe odgrywaj\u0105 istotn\u0105 rol\u0119 w eksploatacji cylindr\u00f3w hydraulicznych. U\u017cytkownicy powinni by\u0107 \u015bwiadomi ryzyka wyciek\u00f3w p\u0142ynu hydraulicznego, kt\u00f3re mog\u0105 mie\u0107 negatywny wp\u0142yw na \u015brodowisko. Regularna konserwacja i przegl\u0105dy pomagaj\u0105 ograniczy\u0107 takie ryzyko, zapewniaj\u0105c, \u017ce uk\u0142ad hydrauliczny pozostaje przyjazny dla \u015brodowiska. Stosowanie najlepszych praktyk w zakresie utylizacji p\u0142yn\u00f3w hydraulicznych i podzespo\u0142\u00f3w mo\u017ce dodatkowo zwi\u0119kszy\u0107 zr\u00f3wnowa\u017cony rozw\u00f3j \u015brodowiskowy system\u00f3w hydraulicznych.<\/p>\n<h2>Rozwi\u0105zywanie problem\u00f3w i typowe problemy<\/h2>\n<ul>\n<li><strong>Przeciek:<\/strong> W przypadku wykrycia wycieku nale\u017cy sprawdzi\u0107 uszczelki i z\u0142\u0105czki pod k\u0105tem zu\u017cycia lub uszkodze\u0144. Wymiana uszkodzonych uszczelek cz\u0119sto rozwi\u0105zuje problem.<\/li>\n<li><strong>Niewystarczaj\u0105ca si\u0142a podnoszenia:<\/strong> Je\u017celi cylinder nie podnosi si\u0119 prawid\u0142owo, nale\u017cy sprawdzi\u0107, czy uk\u0142ad hydrauliczny jest prawid\u0142owo pod ci\u015bnieniem i czy nie ma w nim \u017cadnych blokad.<\/li>\n<li><strong>Nietypowe d\u017awi\u0119ki:<\/strong> Je\u015bli podczas pracy s\u0142ycha\u0107 nietypowe d\u017awi\u0119ki, nale\u017cy sprawdzi\u0107, czy nie dosz\u0142o do nieprawid\u0142owego ustawienia lub uszkodzenia podzespo\u0142\u00f3w. Szybkie rozwi\u0105zanie tych problem\u00f3w mo\u017ce zapobiec dalszym uszkodzeniom.<\/li>\n<\/ul>\n<p>Aby skutecznie rozwi\u0105zywa\u0107 problemy, operatorzy powinni zapozna\u0107 si\u0119 z wytycznymi producenta dotycz\u0105cymi konkretnych objaw\u00f3w i rozwi\u0105za\u0144. Regularne szkolenia w zakresie identyfikacji i rozwi\u0105zywania typowych problem\u00f3w mog\u0105 zwi\u0119kszy\u0107 wydajno\u015b\u0107 pracy uk\u0142adu hydraulicznego. Zrozumienie zachowania uk\u0142adu hydraulicznego i terminowa konserwacja mog\u0105 znacznie zmniejszy\u0107 prawdopodobie\u0144stwo wyst\u0105pienia problem\u00f3w.<\/p>\n<p>Dla efektywnego dzia\u0142ania niezb\u0119dne jest wdro\u017cenie \u015brodk\u00f3w zapobiegawczych, kt\u00f3re minimalizuj\u0105 potencjalne problemy. Regularne praktyki konserwacyjne, takie jak terminowe przegl\u0105dy i smarowanie, pomagaj\u0105 utrzyma\u0107 wydajno\u015b\u0107 uk\u0142adu hydraulicznego, zmniejszaj\u0105c prawdopodobie\u0144stwo nieoczekiwanych awarii. Szkolenie personelu w zakresie prawid\u0142owego u\u017cytkowania i procedur awaryjnych ma kluczowe znaczenie dla zapewnienia bezpiecze\u0144stwa i ci\u0105g\u0142o\u015bci dzia\u0142ania.<\/p>\n<p><img decoding=\"async\" src=\"https:\/\/www.hydraulic-cylinders.net\/wp-content\/uploads\/2025\/05\/hydraulic-cylinder-all-2.webp\" alt=\"Si\u0142ownik hydrauliczny\" \/><\/p>\n<h2>O naszej firmie<\/h2>\n<p>Jeste\u015bmy wiod\u0105cym producentem si\u0142ownik\u00f3w hydraulicznych, znanym z bogatej oferty produkt\u00f3w i dba\u0142o\u015bci o jako\u015b\u0107. Nasze do\u015bwiadczenie i wiedza pozycjonuj\u0105 nas jako kluczowego gracza na rynku krajowym i mi\u0119dzynarodowym, oferuj\u0105c innowacyjne rozwi\u0105zania, kt\u00f3re spe\u0142niaj\u0105 zr\u00f3\u017cnicowane potrzeby przemys\u0142u. Nasze d\u0105\u017cenie do doskona\u0142o\u015bci znajduje odzwierciedlenie w profesjonalnych procesach produkcyjnych i przestrzeganiu mi\u0119dzynarodowych certyfikat\u00f3w.<\/p>\n<p>Nasze zak\u0142ady produkcyjne wyposa\u017cone s\u0105 w najnowocze\u015bniejsze technologie, co pozwala nam oferowa\u0107 us\u0142ugi dostosowane do indywidualnych potrzeb klient\u00f3w. Jeste\u015bmy dumni z dostarczania wysokiej jako\u015bci produkt\u00f3w, kt\u00f3re przetrwaj\u0105 pr\u00f3b\u0119 czasu. Ponadto, nasz dedykowany serwis posprzeda\u017cowy gwarantuje, \u017ce klienci otrzymuj\u0105 wsparcie r\u00f3wnie\u017c po zakupie, zwi\u0119kszaj\u0105c ich og\u00f3lne zadowolenie i satysfakcj\u0119.<\/p>\n<p><img decoding=\"async\" src=\"https:\/\/www.hydraulic-cylinders.net\/wp-content\/uploads\/2025\/05\/xinxin-hydraulic-cylinder-factory-1.webp\" alt=\"Fabryka cylindr\u00f3w hydraulicznych\" \/><\/p>\n<p>Autor: lyl<\/p>","protected":false},"excerpt":{"rendered":"<p>20176B-02000 Forklift Truck Support Hydraulic Cylinder Product Introduction The 20176B-02000 Forklift Truck Support Hydraulic Cylinder is a crucial component designed to enhance the operational efficiency and safety of forklift trucks. This hydraulic cylinder serves the essential function of lifting and lowering loads, providing the necessary force to support heavy objects. The hydraulic mechanism allows for [&hellip;]<\/p>","protected":false},"featured_media":20597,"comment_status":"open","ping_status":"closed","template":"","meta":{"_et_pb_use_builder":"","_et_pb_old_content":"","_et_gb_content_width":""},"product_brand":[],"product_cat":[1483,1556],"product_tag":[],"class_list":{"0":"post-20699","1":"product","2":"type-product","3":"status-publish","4":"has-post-thumbnail","6":"product_cat-construction-machinery-hydraulic-cylinders","7":"product_cat-forklift-hydraulic-cylinders-2","9":"first","10":"instock","11":"shipping-taxable","12":"product-type-simple"},"amp_enabled":true,"_links":{"self":[{"href":"https:\/\/www.hydraulic-cylinders.net\/pl\/wp-json\/wp\/v2\/product\/20699","targetHints":{"allow":["GET"]}}],"collection":[{"href":"https:\/\/www.hydraulic-cylinders.net\/pl\/wp-json\/wp\/v2\/product"}],"about":[{"href":"https:\/\/www.hydraulic-cylinders.net\/pl\/wp-json\/wp\/v2\/types\/product"}],"replies":[{"embeddable":true,"href":"https:\/\/www.hydraulic-cylinders.net\/pl\/wp-json\/wp\/v2\/comments?post=20699"}],"wp:featuredmedia":[{"embeddable":true,"href":"https:\/\/www.hydraulic-cylinders.net\/pl\/wp-json\/wp\/v2\/media\/20597"}],"wp:attachment":[{"href":"https:\/\/www.hydraulic-cylinders.net\/pl\/wp-json\/wp\/v2\/media?parent=20699"}],"wp:term":[{"taxonomy":"product_brand","embeddable":true,"href":"https:\/\/www.hydraulic-cylinders.net\/pl\/wp-json\/wp\/v2\/product_brand?post=20699"},{"taxonomy":"product_cat","embeddable":true,"href":"https:\/\/www.hydraulic-cylinders.net\/pl\/wp-json\/wp\/v2\/product_cat?post=20699"},{"taxonomy":"product_tag","embeddable":true,"href":"https:\/\/www.hydraulic-cylinders.net\/pl\/wp-json\/wp\/v2\/product_tag?post=20699"}],"curies":[{"name":"wp","href":"https:\/\/api.w.org\/{rel}","templated":true}]}}