{"id":20706,"date":"2025-05-27T06:21:49","date_gmt":"2025-05-27T06:21:49","guid":{"rendered":"https:\/\/www.hydraulic-cylinders.net\/product\/csyg2076-micro-digging-bucket-cylinder\/"},"modified":"2025-05-27T06:21:51","modified_gmt":"2025-05-27T06:21:51","slug":"csyg2076-micro-digging-bucket-cylinder","status":"publish","type":"product","link":"https:\/\/www.hydraulic-cylinders.net\/pl\/produkt\/csyg2076-micro-digging-bucket-cylinder\/","title":{"rendered":"CSYG2076 Cylinder do mikro\u0142y\u017cek do kopania"},"content":{"rendered":"<h1>CSYG2076 Cylinder do mikro\u0142y\u017cek do kopania<\/h1>\n<h2>Przegl\u0105d produktu<\/h2>\n<p>Si\u0142ownik \u0142y\u017cki kopi\u0105cej CSYG2076 Micro Digging to kluczowy element zaprojektowany do r\u00f3\u017cnych zastosowa\u0144 hydraulicznych, szczeg\u00f3lnie w budownictwie i wykopach. Ten si\u0142ownik hydrauliczny odgrywa kluczow\u0105 rol\u0119 w przekszta\u0142caniu energii hydraulicznej w si\u0142\u0119 mechaniczn\u0105, umo\u017cliwiaj\u0105c efektywny ruch i sterowanie \u0142y\u017ckami kopi\u0105cymi w maszynach. Dzi\u0119ki \u015brednicy 50 mm i \u015brednicy t\u0142oczyska 30 mm, si\u0142ownik ten zosta\u0142 zaprojektowany z my\u015bl\u0105 o trwa\u0142o\u015bci i precyzji. Skok 230 mm zapewnia lepsz\u0105 wydajno\u015b\u0107 w kompaktowych przestrzeniach, dzi\u0119ki czemu idealnie nadaje si\u0119 do minikoparek i podobnego sprz\u0119tu. Odleg\u0142o\u015b\u0107 monta\u017cowa 475 mm zapewnia wszechstronno\u015b\u0107 integracji z r\u00f3\u017cnymi maszynami, gwarantuj\u0105c operatorom optymaln\u0105 funkcjonalno\u015b\u0107 uk\u0142ad\u00f3w hydraulicznych.<\/p>\n<h2>Specyfikacje<\/h2>\n<h3>Kluczowe parametry<\/h3>\n<ul>\n<li>\u015arednica cylindra: 50 mm<\/li>\n<li>\u015arednica pr\u0119ta: 30 mm<\/li>\n<li>Skok: 230 mm<\/li>\n<li>Odleg\u0142o\u015b\u0107 monta\u017cu: 475 mm<\/li>\n<\/ul>\n<p>Te parametry odzwierciedlaj\u0105 zdolno\u015b\u0107 si\u0142ownika do wydajnej pracy w r\u00f3\u017cnych zastosowaniach. \u015arednica si\u0142ownika i \u015brednica t\u0142oczyska maj\u0105 kluczowe znaczenie dla okre\u015blenia no\u015bno\u015bci i og\u00f3lnej wytrzyma\u0142o\u015bci si\u0142ownika, natomiast odleg\u0142o\u015b\u0107 przesuwu bezpo\u015brednio wp\u0142ywa na zasi\u0119g i dzia\u0142anie maszyn, do kt\u00f3rych jest pod\u0142\u0105czony. Odleg\u0142o\u015b\u0107 monta\u017cowa ma kluczowe znaczenie dla zapewnienia kompatybilno\u015bci z istniej\u0105cymi systemami, co czyni si\u0142ownik CSYG2076 wszechstronnym wyborem dla operator\u00f3w chc\u0105cych zwi\u0119kszy\u0107 swoje mo\u017cliwo\u015bci hydrauliczne.<\/p>\n<h2>Cechy<\/h2>\n<ul>\n<li>Wysokiej jako\u015bci konstrukcja zapewniaj\u0105ca d\u0142u\u017csz\u0105 \u017cywotno\u015b\u0107.<\/li>\n<li>Kompaktowa konstrukcja odpowiednia do ma\u0142ych przestrzeni.<\/li>\n<li>Wydajna praca uk\u0142adu hydraulicznego z minimalnymi wyciekami.<\/li>\n<li>\u0141atwa instalacja i kompatybilno\u015b\u0107 z r\u00f3\u017cnymi maszynami.<\/li>\n<li>Dost\u0119pne s\u0105 opcje dostosowywania do konkretnych zastosowa\u0144.<\/li>\n<\/ul>\n<p>Nasza firma specjalizuje si\u0119 w produkcji tego produktu, co gwarantuje, \u017ce nasze cylindry mog\u0105 doskonale zast\u0105pi\u0107 istniej\u0105ce uk\u0142ady hydrauliczne bez uszczerbku dla jako\u015bci i wydajno\u015bci.<\/p>\n<h2>Scenariusze zastosowa\u0144<\/h2>\n<h3>Place budowy<\/h3>\n<p>Na placach budowy si\u0142ownik \u0142y\u017cki koparkowej CSYG2076 Micro Digging jest niezb\u0119dny do takich zada\u0144, jak kopanie, podnoszenie i przemieszczanie ziemi. Jego solidna konstrukcja pozwala mu przenosi\u0107 du\u017ce obci\u0105\u017cenia, zapewniaj\u0105c jednocze\u015bnie precyzyjn\u0105 kontrol\u0119, niezb\u0119dn\u0105 do wykonywania skomplikowanych zada\u0144 w ograniczonej przestrzeni. Wydajno\u015b\u0107 si\u0142ownika zwi\u0119ksza wydajno\u015b\u0107, umo\u017cliwiaj\u0105c szybsze uko\u0144czenie projektu bez uszczerbku dla bezpiecze\u0144stwa i wydajno\u015bci.<\/p>\n<h3>Sprz\u0119t rolniczy<\/h3>\n<p>Ten si\u0142ownik hydrauliczny jest r\u00f3wnie\u017c szeroko stosowany w maszynach rolniczych, takich jak ci\u0105gniki kompaktowe i \u0142adowarki. Mo\u017cliwo\u015b\u0107 obs\u0142ugi r\u00f3\u017cnych osprz\u0119t\u00f3w, takich jak p\u0142ugi czy \u0142y\u017cki, czyni go niezwykle wszechstronnym. Rolnicy polegaj\u0105 na tym produkcie, aby zwi\u0119kszy\u0107 funkcjonalno\u015b\u0107 swojego sprz\u0119tu, zapewniaj\u0105c wydajniejsze wykonywanie zada\u0144, niezale\u017cnie od tego, czy chodzi o upraw\u0119 gleby, czy transport materia\u0142\u00f3w.<\/p>\n<h3>Maszyny do kszta\u0142towania krajobrazu<\/h3>\n<p>W pracach zwi\u0105zanych z kszta\u0142towaniem krajobrazu, si\u0142ownik CSYG2076 u\u0142atwia przemieszczanie maszyn u\u017cywanych do sadzenia, niwelowania terenu i innych prac ogrodniczych. Jego kompaktowe rozmiary pozwalaj\u0105 na zastosowanie w ogrodach przydomowych, gdzie wi\u0119kszy sprz\u0119t nie mo\u017ce dzia\u0142a\u0107, zapewniaj\u0105c projektantom krajobrazu moc niezb\u0119dn\u0105 do wykonywania precyzyjnych prac bez naruszania integralno\u015bci gleby.<\/p>\n<h3>Sprz\u0119t g\u00f3rniczy<\/h3>\n<p>Koparki g\u00f3rnicze korzystaj\u0105 z solidnych mo\u017cliwo\u015bci koparki CSYG2076, gdzie uk\u0142ady hydrauliczne odgrywaj\u0105 kluczow\u0105 rol\u0119 w pracach ziemnych i transporcie materia\u0142\u00f3w. Wytrzyma\u0142a konstrukcja koparki gwarantuje niezawodno\u015b\u0107 nawet w trudnych warunkach, pomagaj\u0105c utrzyma\u0107 ci\u0105g\u0142o\u015b\u0107 pracy i minimalizuj\u0105c przestoje zwi\u0105zane z awariami sprz\u0119tu.<\/p>\n<h3>Sprz\u0119t do transportu materia\u0142\u00f3w<\/h3>\n<p>Wydajno\u015b\u0107 si\u0142ownika CSYG2076 obejmuje r\u00f3wnie\u017c prze\u0142adunek materia\u0142\u00f3w, gdzie wspomaga podnoszenie i transport ci\u0119\u017ckich towar\u00f3w w magazynach i na placach budowy. Zapewniaj\u0105c niezawodn\u0105 prac\u0119, si\u0142ownik ten usprawnia og\u00f3lny przep\u0142yw pracy, gwarantuj\u0105c prawid\u0142owe i bezpieczne przenoszenie towar\u00f3w.<\/p>\n<h2>Zagadnienia projektowe i kryteria wyboru<\/h2>\n<h3>No\u015bno\u015b\u0107<\/h3>\n<p>Przy wyborze si\u0142ownika hydraulicznego, no\u015bno\u015b\u0107 ma kluczowe znaczenie. Model CSYG2076 zosta\u0142 zaprojektowany do obs\u0142ugi znacznych obci\u0105\u017ce\u0144, dzi\u0119ki czemu nadaje si\u0119 do r\u00f3\u017cnych wymagaj\u0105cych zastosowa\u0144. Ta w\u0142a\u015bciwo\u015b\u0107 ma kluczowe znaczenie, poniewa\u017c decyduje o wydajno\u015bci i bezpiecze\u0144stwie pracy si\u0142ownika. In\u017cynierowie musz\u0105 upewni\u0107 si\u0119, \u017ce si\u0142ownik wytrzyma maksymalne przewidywane obci\u0105\u017cenia bez awarii, co mo\u017ce prowadzi\u0107 do przestoj\u00f3w w pracy i wzrostu koszt\u00f3w.<\/p>\n<h3>Wydajno\u015b\u0107 uszczelnienia<\/h3>\n<p>Uszczelnienie to kolejny kluczowy aspekt konstrukcji cylindra hydraulicznego. W cylindrze CSYG2076 zastosowano zaawansowane technologie uszczelniania, kt\u00f3re zapobiegaj\u0105 wyciekom p\u0142ynu, zapewniaj\u0105c sta\u0142\u0105 wydajno\u015b\u0107. Skuteczne uszczelnienia s\u0105 niezb\u0119dne do utrzymania ci\u015bnienia w cylindrze i zmniejszenia zu\u017cycia element\u00f3w wewn\u0119trznych. Wyb\u00f3r materia\u0142\u00f3w uszczelniaj\u0105cych jest r\u00f3wnie\u017c istotny, poniewa\u017c wp\u0142ywa na trwa\u0142o\u015b\u0107 i wydajno\u015b\u0107 cylindra, szczeg\u00f3lnie w \u015brodowiskach nara\u017conych na zanieczyszczenia.<\/p>\n<h3>Trwa\u0142o\u015b\u0107<\/h3>\n<p>Trwa\u0142o\u015b\u0107 jest kluczowym czynnikiem przy projektowaniu si\u0142ownika hydraulicznego. Si\u0142ownik CSYG2076 jest wykonany z materia\u0142\u00f3w o wysokiej wytrzyma\u0142o\u015bci, odpornych na trudne warunki i intensywne u\u017cytkowanie. Ta trwa\u0142o\u015b\u0107 minimalizuje konieczno\u015b\u0107 cz\u0119stych wymian i napraw, przyczyniaj\u0105c si\u0119 do obni\u017cenia koszt\u00f3w eksploatacji w d\u0142u\u017cszej perspektywie. Konstrukcja musi r\u00f3wnie\u017c uwzgl\u0119dnia\u0107 odporno\u015b\u0107 na korozj\u0119 i zu\u017cycie, zapewniaj\u0105c d\u0142ugotrwa\u0142\u0105 funkcjonalno\u015b\u0107 si\u0142ownika.<\/p>\n<h3>Funkcje bezpiecze\u0144stwa<\/h3>\n<p>Bezpiecze\u0144stwo jest priorytetem w uk\u0142adach hydraulicznych. Model CSYG2076 posiada funkcje bezpiecze\u0144stwa, takie jak zawory bezpiecze\u0144stwa, zapobiegaj\u0105ce przeci\u0105\u017ceniom i zapewniaj\u0105ce bezpieczn\u0105 prac\u0119. Funkcje te s\u0105 kluczowe dla ochrony zar\u00f3wno sprz\u0119tu, jak i operator\u00f3w, zmniejszaj\u0105c ryzyko wypadk\u00f3w, kt\u00f3re mog\u0142yby prowadzi\u0107 do obra\u017ce\u0144 cia\u0142a lub uszkodzenia sprz\u0119tu.<\/p>\n<h3>Dost\u0119pno\u015b\u0107 konserwacyjna<\/h3>\n<p>Projektowanie z my\u015bl\u0105 o dost\u0119pno\u015bci serwisowej jest wa\u017cne, poniewa\u017c umo\u017cliwia \u0142atwe inspekcje i naprawy. CSYG2076 zosta\u0142 zaprojektowany z my\u015bl\u0105 o uproszczeniu zada\u0144 konserwacyjnych, zapewniaj\u0105c \u0142atwy dost\u0119p do kluczowych podzespo\u0142\u00f3w. Skupienie si\u0119 na konserwacji skraca przestoje i zwi\u0119ksza og\u00f3ln\u0105 wydajno\u015b\u0107, poniewa\u017c operatorzy mog\u0105 szybko rozwi\u0105zywa\u0107 problemy w miar\u0119 ich pojawiania si\u0119.<\/p>\n<h2>Uszczelnianie i smarowanie<\/h2>\n<p>Skuteczne uszczelnienie i smarowanie s\u0105 niezb\u0119dne dla prawid\u0142owego dzia\u0142ania si\u0142ownika \u0142y\u017cki koparki CSYG2076 Micro Digging. Zastosowano w nim r\u00f3\u017cnorodne elementy uszczelniaj\u0105ce, w tym uszczelnienia t\u0142oka i t\u0142oczyska, aby zapewni\u0107 optymaln\u0105 prac\u0119. Dob\u00f3r materia\u0142\u00f3w, takich jak poliuretan i kauczuk nitrylowy, zwi\u0119ksza trwa\u0142o\u015b\u0107 i odporno\u015b\u0107 na zu\u017cycie, co jest kluczowe dla zachowania integralno\u015bci si\u0142ownika przez d\u0142ugi czas. Korpus si\u0142ownika i gwintowane ko\u0144c\u00f3wki s\u0105 precyzyjnie obrabiane, aby zwi\u0119kszy\u0107 odporno\u015b\u0107 na zu\u017cycie, zapewniaj\u0105c optymaln\u0105 prac\u0119 si\u0142ownika w wymagaj\u0105cych warunkach.<\/p>\n<p>Regularne smarowanie olejem hydraulicznym jest niezb\u0119dne, aby zapobiec zu\u017cyciu i wyd\u0142u\u017cy\u0107 \u017cywotno\u015b\u0107 cylindra. Operatorzy powinni zadba\u0107 o stosowanie odpowiedniej ilo\u015bci oleju, aby utrzyma\u0107 prawid\u0142owe ci\u015bnienie hydrauliczne i unikn\u0105\u0107 potencjalnych uszkodze\u0144 spowodowanych niedostatecznym smarowaniem. Taka praktyka nie tylko poprawia wydajno\u015b\u0107, ale tak\u017ce minimalizuje ryzyko kosztownych napraw.<\/p>\n<h2>Konserwacja i \u015brodki zapobiegawcze<\/h2>\n<ul>\n<li>Regularne kontrole<\/li>\n<li>Prawid\u0142owe smarowanie<\/li>\n<li>Wymiana uszczelki<\/li>\n<\/ul>\n<p>Regularne kontrole mog\u0105 pom\u00f3c zidentyfikowa\u0107 oznaki zu\u017cycia, zanim doprowadz\u0105 do powa\u017cnych problem\u00f3w. Operatorzy powinni sprawdza\u0107, czy podczas pracy nie wyst\u0119puj\u0105 \u017cadne oznaki wyciek\u00f3w, korozji lub nietypowe d\u017awi\u0119ki.<\/p>\n<p>Prawid\u0142owe smarowanie jest kluczowe dla zapewnienia p\u0142ynnej pracy. Operatorzy powinni przestrzega\u0107 zalece\u0144 producenta dotycz\u0105cych rodzaju oleju hydraulicznego i cz\u0119stotliwo\u015bci smarowania, aby utrzyma\u0107 wydajno\u015b\u0107 i zapobiec uszkodzeniom.<\/p>\n<p>Wymian\u0119 uszczelek nale\u017cy przeprowadza\u0107 w ramach rutynowej konserwacji. Z biegiem czasu uszczelki mog\u0105 si\u0119 zu\u017cywa\u0107 i traci\u0107 skuteczno\u015b\u0107, co prowadzi do wyciek\u00f3w i obni\u017cenia wydajno\u015bci. Regularna kontrola i wymiana uszczelek w razie potrzeby zapewni prawid\u0142owe dzia\u0142anie si\u0142ownika.<\/p>\n<h2>Wytyczne dotycz\u0105ce instalacji<\/h2>\n<p>Prawid\u0142owy monta\u017c si\u0142ownika \u0142y\u017cki koparkowej CSYG2076 Micro Digging ma kluczowe znaczenie dla optymalnej wydajno\u015bci. Najpierw nale\u017cy upewni\u0107 si\u0119, \u017ce powierzchnia monta\u017cowa jest czysta i wolna od zanieczyszcze\u0144. U\u017cyj odpowiednich narz\u0119dzi do ustawiania po\u0142o\u017cenia, aby upewni\u0107 si\u0119, \u017ce si\u0142ownik jest prawid\u0142owo ustawiony wzgl\u0119dem maszyny, do kt\u00f3rej jest przymocowany. Ten krok jest niezb\u0119dny, aby zapobiec nadmiernemu obci\u0105\u017ceniu i zu\u017cyciu si\u0142ownika podczas pracy.<\/p>\n<p>Podczas mocowania cylindra nale\u017cy u\u017cy\u0107 zalecanych wspornik\u00f3w monta\u017cowych i element\u00f3w mocuj\u0105cych, aby zapewni\u0107 bezpieczne mocowanie. Nieprawid\u0142owo zamontowane cylindry mog\u0105 prowadzi\u0107 do braku wsp\u00f3\u0142osiowo\u015bci, co z kolei mo\u017ce prowadzi\u0107 do obni\u017cenia wydajno\u015bci i potencjalnych uszkodze\u0144. Po monta\u017cu nale\u017cy sprawdzi\u0107 wszystkie po\u0142\u0105czenia i elementy mocuj\u0105ce, aby upewni\u0107 si\u0119, \u017ce s\u0105 dobrze dokr\u0119cone i prawid\u0142owo osadzone.<\/p>\n<p>Po zainstalowaniu nale\u017cy przeprowadzi\u0107 dok\u0142adn\u0105 kontrol\u0119 systemu, aby upewni\u0107 si\u0119, \u017ce nie ma wyciek\u00f3w i \u017ce cylinder dzia\u0142a p\u0142ynnie. Zaleca si\u0119, aby pocz\u0105tkowo uruchomi\u0107 maszyn\u0119 przy niskim ci\u015bnieniu, aby upewni\u0107 si\u0119, \u017ce instalacja przebieg\u0142a pomy\u015blnie, przed pe\u0142nym uruchomieniem systemu.<\/p>\n<h2>Zadania konserwacyjne<\/h2>\n<h3>Regularne kontrole<\/h3>\n<p>Regularne kontrole s\u0105 kluczowe dla zapewnienia ci\u0105g\u0142ej, bezpiecznej pracy si\u0142ownika hydraulicznego. Operatorzy powinni zwraca\u0107 uwag\u0119 na oznaki zu\u017cycia lub uszkodze\u0144, w tym p\u0119kni\u0119cia korpusu si\u0142ownika i oznaki wyciek\u00f3w. Ustalenie harmonogramu regularnych kontroli mo\u017ce pom\u00f3c we wczesnym wykryciu problem\u00f3w, zapobiegaj\u0105c kosztownym naprawom i przestojom.<\/p>\n<h3>Prawid\u0142owe smarowanie<\/h3>\n<p>Prawid\u0142owe smarowanie jest niezb\u0119dne do utrzymania wydajno\u015bci maszyny CSYG2076. Operatorzy powinni regularnie sprawdza\u0107 poziom p\u0142ynu hydraulicznego i upewnia\u0107 si\u0119, \u017ce u\u017cywany jest w\u0142a\u015bciwy rodzaj oleju. Niew\u0142a\u015bciwe smarowanie mo\u017ce prowadzi\u0107 do zwi\u0119kszonego tarcia, zu\u017cycia i potencjalnej awarii podzespo\u0142\u00f3w, dlatego niezwykle wa\u017cne jest przestrzeganie zalece\u0144 producenta dotycz\u0105cych cz\u0119stotliwo\u015bci i ilo\u015bci smarowania.<\/p>\n<h3>Wymiana uszczelek i kontrola kalibracji<\/h3>\n<p>Wymiana uszczelek powinna by\u0107 cz\u0119\u015bci\u0105 rutynowej konserwacji, aby zapobiec wyciekom i zapewni\u0107 wydajn\u0105 prac\u0119. Regularne kontrole kalibracji s\u0105 r\u00f3wnie\u017c niezb\u0119dne dla utrzymania prawid\u0142owego dzia\u0142ania si\u0142ownika hydraulicznego. Prawid\u0142owo skalibrowane systemy zapewniaj\u0105 optymaln\u0105 wydajno\u015b\u0107 si\u0142ownika, maksymalizuj\u0105c wydajno\u015b\u0107 i bezpiecze\u0144stwo.<\/p>\n<h2>Zagadnienia bezpiecze\u0144stwa i czynniki \u015brodowiskowe<\/h2>\n<p>\u015arodki bezpiecze\u0144stwa s\u0105 kluczowe podczas pracy z cylindrami hydraulicznymi, w tym z CSYG2076. Operatorzy powinni przestrzega\u0107 wszystkich protoko\u0142\u00f3w bezpiecze\u0144stwa, aby zapobiec wypadkom, w tym nosi\u0107 odpowiedni sprz\u0119t ochronny i dba\u0107 o to, aby miejsce pracy by\u0142o wolne od zagro\u017ce\u0144. Zrozumienie potencjalnych zagro\u017ce\u0144 zwi\u0105zanych z uk\u0142adami hydraulicznymi, takich jak wycieki cieczy pod ci\u015bnieniem, jest kluczowe dla zachowania bezpiecze\u0144stwa podczas pracy.<\/p>\n<h2>Diagnostyka usterek i typowe problemy<\/h2>\n<ul>\n<li>Wyciek wok\u00f3\u0142 uszczelek<\/li>\n<li>Nietypowe d\u017awi\u0119ki podczas pracy<\/li>\n<li>Utrata ci\u015bnienia<\/li>\n<\/ul>\n<p>Wycieki wok\u00f3\u0142 uszczelek mog\u0105 wskazywa\u0107 na zu\u017cycie lub uszkodzenie, kt\u00f3re wymaga natychmiastowej interwencji. Operatorzy powinni regularnie sprawdza\u0107 uszczelki i wymienia\u0107 je w razie potrzeby, aby zapobiec utracie p\u0142ynu i utrzyma\u0107 wydajno\u015b\u0107.<\/p>\n<p>Nietypowe odg\u0142osy podczas pracy mog\u0105 sygnalizowa\u0107 problem, prawdopodobnie zwi\u0105zany z niew\u0142a\u015bciwym smarowaniem lub zu\u017cyciem podzespo\u0142\u00f3w wewn\u0119trznych. Nale\u017cy podj\u0105\u0107 odpowiednie dzia\u0142ania w celu szybkiej diagnozy i rozwi\u0105zania problemu, aby unikn\u0105\u0107 dalszych uszkodze\u0144.<\/p>\n<p>Spadek ci\u015bnienia mo\u017ce wp\u0142yn\u0105\u0107 na wydajno\u015b\u0107 uk\u0142adu hydraulicznego i wskazywa\u0107 na nieszczelno\u015bci lub zatory w uk\u0142adzie. Dok\u0142adna inspekcja ca\u0142ego uk\u0142adu jest konieczna, aby zidentyfikowa\u0107 i usun\u0105\u0107 przyczyn\u0119 problemu.<\/p>\n<h2>Wskaz\u00f3wki i rozwi\u0105zania dotycz\u0105ce rozwi\u0105zywania problem\u00f3w<\/h2>\n<p>Aby skutecznie diagnozowa\u0107 i rozwi\u0105zywa\u0107 problemy z CSYG2076, operatorzy powinni najpierw przeprowadzi\u0107 ogl\u0119dziny pod k\u0105tem oznak zu\u017cycia lub uszkodze\u0144. Szybkie zaj\u0119cie si\u0119 drobnymi problemami mo\u017ce zapobiec ich przerodzeniu si\u0119 w powa\u017cniejsze problemy.<\/p>\n<p>Prowadzenie rejestru wszystkich czynno\u015bci konserwacyjnych, w tym przegl\u0105d\u00f3w i napraw, jest niezb\u0119dne. Taka dokumentacja mo\u017ce pom\u00f3c w identyfikacji powtarzaj\u0105cych si\u0119 problem\u00f3w i opracowaniu przysz\u0142ych strategii konserwacji. \u015arodki zapobiegawcze, takie jak regularne smarowanie i wymiana uszczelnie\u0144, mog\u0105 znacznie zmniejszy\u0107 ryzyko wyst\u0105pienia potencjalnych problem\u00f3w, zapewniaj\u0105c d\u0142ugowieczno\u015b\u0107 i wydajno\u015b\u0107 si\u0142ownika hydraulicznego.<\/p>\n<p><img decoding=\"async\" src=\"https:\/\/www.hydraulic-cylinders.net\/wp-content\/uploads\/2025\/05\/hydraulic-cylinder-all-2.webp\" alt=\"Si\u0142ownik hydrauliczny\"><\/p>\n<h2>O naszej firmie<\/h2>\n<p>Jeste\u015bmy wiod\u0105cym producentem si\u0142ownik\u00f3w hydraulicznych, oferuj\u0105cym kompleksow\u0105 gam\u0119 produkt\u00f3w, spe\u0142niaj\u0105cych potrzeby rynku krajowego i mi\u0119dzynarodowego. Nasze do\u015bwiadczenie w zakresie uk\u0142ad\u00f3w hydraulicznych ugruntowa\u0142o nasz\u0105 pozycj\u0119 zaufanej marki w zakresie produkcji i dystrybucji hurtowej. Jeste\u015bmy dumni z jako\u015bci naszych produkt\u00f3w, potwierdzonej mi\u0119dzynarodowymi certyfikatami, kt\u00f3re gwarantuj\u0105 zgodno\u015b\u0107 z bran\u017cowymi standardami.<\/p>\n<p>Nasze us\u0142ugi personalizacji pozwalaj\u0105 klientom dostosowa\u0107 nasze produkty do ich specyficznych wymaga\u0144, zapewniaj\u0105c optymaln\u0105 wydajno\u015b\u0107 w ich zastosowaniach. Dzi\u0119ki zaawansowanemu sprz\u0119towi produkcyjnemu i zaanga\u017cowanemu zespo\u0142owi specjalist\u00f3w, gwarantujemy, \u017ce ka\u017cdy cylinder jest produkowany zgodnie z najwy\u017cszymi standardami. Nasz serwis posprzeda\u017cowy zosta\u0142 zaprojektowany tak, aby wspiera\u0107 naszych klient\u00f3w d\u0142ugo po zakupie, zapewniaj\u0105c pomoc w przypadku wszelkich pyta\u0144 lub problem\u00f3w, kt\u00f3re mog\u0105 si\u0119 pojawi\u0107.<\/p>\n<p><img decoding=\"async\" src=\"https:\/\/www.hydraulic-cylinders.net\/wp-content\/uploads\/2025\/05\/xinxin-hydraulic-cylinder-factory-1.webp\" alt=\"Fabryka cylindr\u00f3w hydraulicznych\"><\/p>\n<p>Autor: lyl<\/p>","protected":false},"excerpt":{"rendered":"<p>CSYG2076 Micro Digging Bucket Cylinder Product Overview The CSYG2076 Micro Digging Bucket Cylinder is a key component designed for various hydraulic applications, particularly in construction and excavation. This hydraulic cylinder plays a crucial role in converting hydraulic energy into mechanical force, allowing for efficient movement and control of digging buckets in machinery. With a diameter [&hellip;]<\/p>","protected":false},"featured_media":20604,"comment_status":"open","ping_status":"closed","template":"","meta":{"_et_pb_use_builder":"","_et_pb_old_content":"","_et_gb_content_width":""},"product_brand":[],"product_cat":[1483,1557],"product_tag":[],"class_list":{"0":"post-20706","1":"product","2":"type-product","3":"status-publish","4":"has-post-thumbnail","6":"product_cat-construction-machinery-hydraulic-cylinders","7":"product_cat-micro-digging-side-hydraulic-cylinders","9":"first","10":"instock","11":"shipping-taxable","12":"product-type-simple"},"amp_enabled":true,"_links":{"self":[{"href":"https:\/\/www.hydraulic-cylinders.net\/pl\/wp-json\/wp\/v2\/product\/20706","targetHints":{"allow":["GET"]}}],"collection":[{"href":"https:\/\/www.hydraulic-cylinders.net\/pl\/wp-json\/wp\/v2\/product"}],"about":[{"href":"https:\/\/www.hydraulic-cylinders.net\/pl\/wp-json\/wp\/v2\/types\/product"}],"replies":[{"embeddable":true,"href":"https:\/\/www.hydraulic-cylinders.net\/pl\/wp-json\/wp\/v2\/comments?post=20706"}],"wp:featuredmedia":[{"embeddable":true,"href":"https:\/\/www.hydraulic-cylinders.net\/pl\/wp-json\/wp\/v2\/media\/20604"}],"wp:attachment":[{"href":"https:\/\/www.hydraulic-cylinders.net\/pl\/wp-json\/wp\/v2\/media?parent=20706"}],"wp:term":[{"taxonomy":"product_brand","embeddable":true,"href":"https:\/\/www.hydraulic-cylinders.net\/pl\/wp-json\/wp\/v2\/product_brand?post=20706"},{"taxonomy":"product_cat","embeddable":true,"href":"https:\/\/www.hydraulic-cylinders.net\/pl\/wp-json\/wp\/v2\/product_cat?post=20706"},{"taxonomy":"product_tag","embeddable":true,"href":"https:\/\/www.hydraulic-cylinders.net\/pl\/wp-json\/wp\/v2\/product_tag?post=20706"}],"curies":[{"name":"wp","href":"https:\/\/api.w.org\/{rel}","templated":true}]}}