{"id":20707,"date":"2025-05-27T06:21:51","date_gmt":"2025-05-27T06:21:51","guid":{"rendered":"https:\/\/www.hydraulic-cylinders.net\/product\/csyg2074-micro-digging-boom-cylinder\/"},"modified":"2025-05-27T06:21:53","modified_gmt":"2025-05-27T06:21:53","slug":"csyg2074-micro-digging-boom-cylinder","status":"publish","type":"product","link":"https:\/\/www.hydraulic-cylinders.net\/pl\/produkt\/csyg2074-micro-digging-boom-cylinder\/","title":{"rendered":"CSYG2074 Mikrosi\u0142ownik wysi\u0119gnika do kopania"},"content":{"rendered":"<h1>CSYG2074 Mikrosi\u0142ownik wysi\u0119gnika do kopania<\/h1>\n<h2>Wprowadzenie do mikrocylindra wysi\u0119gnika kopi\u0105cego CSYG2074<\/h2>\n<p>Si\u0142ownik wysi\u0119gnika CSYG2074 Micro Digging Boom to kluczowy element uk\u0142ad\u00f3w hydraulicznych, szczeg\u00f3lnie w zastosowaniach wymagaj\u0105cych precyzyjnego kopania i podnoszenia. Ten si\u0142ownik hydrauliczny zosta\u0142 zaprojektowany do mikrokoparek i podobnych maszyn, zapewniaj\u0105c p\u0142ynn\u0105 i wydajn\u0105 prac\u0119. Si\u0142owniki hydrauliczne przekszta\u0142caj\u0105 si\u0142\u0119 p\u0142yn\u00f3w w liniowy ruch mechaniczny, umo\u017cliwiaj\u0105c operatorom wykonywanie zada\u0144 takich jak kopanie, podnoszenie i przenoszenie ci\u0119\u017ckich \u0142adunk\u00f3w przy minimalnym wysi\u0142ku. Si\u0142ownik CSYG2074 charakteryzuje si\u0119 imponuj\u0105cymi parametrami technicznymi, kt\u00f3re zwi\u0119kszaj\u0105 jego wydajno\u015b\u0107, czyni\u0105c go niezb\u0119dnym elementem nowoczesnego sprz\u0119tu do rob\u00f3t ziemnych.<\/p>\n<h2>Specyfikacja produktu<\/h2>\n<h3>Kluczowe parametry<\/h3>\n<ul>\n<li>\u015arednica cylindra: 63 mm<\/li>\n<li>\u015arednica pr\u0119ta: 35 mm<\/li>\n<li>Skok: 280 mm<\/li>\n<li>Odleg\u0142o\u015b\u0107 monta\u017cu: 595 mm<\/li>\n<\/ul>\n<h3>Rozszerzone specyfikacje<\/h3>\n<p>\u015arednica cylindra 63 mm zapewnia solidn\u0105 konstrukcj\u0119, odpowiedni\u0105 do ci\u0119\u017ckich zada\u0144, gwarantuj\u0105c stabilno\u015b\u0107 pod obci\u0105\u017ceniem. \u015arednica t\u0142oczyska 35 mm zwi\u0119ksza wytrzyma\u0142o\u015b\u0107 cylindra, pozwalaj\u0105c mu wytrzyma\u0107 znaczne si\u0142y podczas pracy. Zakres ruchu 280 mm umo\u017cliwia wszechstronne zastosowanie, niezb\u0119dne w r\u00f3\u017cnych zastosowaniach kopania. Dzi\u0119ki odleg\u0142o\u015bci monta\u017cowej 595 mm, koparka CSYG2074 zosta\u0142a zaprojektowana z my\u015bl\u0105 o \u0142atwej integracji z istniej\u0105cymi maszynami, co czyni j\u0105 praktycznym wyborem zar\u00f3wno dla producent\u00f3w, jak i operator\u00f3w.<\/p>\n<h2>Cechy CSYG2074<\/h2>\n<ul>\n<li>Wysoka trwa\u0142o\u015b\u0107 i wytrzyma\u0142o\u015b\u0107 w trudnych warunkach.<\/li>\n<li>Precyzyjna in\u017cynieria dla dok\u0142adnego dzia\u0142ania.<\/li>\n<li>\u0141atwy proces instalacji umo\u017cliwiaj\u0105cy szybk\u0105 integracj\u0119.<\/li>\n<li>Kompatybilny z r\u00f3\u017cnymi uk\u0142adami hydraulicznymi.<\/li>\n<li>Dost\u0119pne s\u0105 opcje dostosowywania w celu spe\u0142nienia konkretnych potrzeb.<\/li>\n<\/ul>\n<p>Potrafimy wyprodukowa\u0107 ten produkt z najwy\u017csz\u0105 precyzj\u0105, co gwarantuje, \u017ce nasze cylindry doskonale zast\u0105pi\u0105 istniej\u0105ce cylindry hydrauliczne bez uszczerbku dla wydajno\u015bci lub bezpiecze\u0144stwa.<\/p>\n<h2>Zastosowania CSYG2074<\/h2>\n<h3>1. Place budowy<\/h3>\n<p>Model CSYG2074 jest szeroko stosowany na placach budowy do zada\u0144 takich jak kopanie fundament\u00f3w, podnoszenie materia\u0142\u00f3w i prace ziemne. Jego zdolno\u015b\u0107 do zapewnienia znacznej si\u0142y ud\u017awigu przy jednoczesnym zachowaniu precyzji sprawia, \u017ce \u200b\u200bjest on niezast\u0105piony dla ekip budowlanych. Niezale\u017cnie od tego, czy chodzi o wykopywanie gruntu pod nowe konstrukcje, czy pomoc w kszta\u0142towaniu krajobrazu, si\u0142ownik mikrowysi\u0119gnika odgrywa kluczow\u0105 rol\u0119 w zwi\u0119kszaniu og\u00f3lnej wydajno\u015bci.<\/p>\n<h3>2. Rolnictwo<\/h3>\n<p>Maszyny rolnicze wykorzystuj\u0105 silnik CSYG2074 do r\u00f3\u017cnych zada\u0144, takich jak orka, uprawa roli i sadzenie. Wydajna praca si\u0142ownika pozwala rolnikom wykonywa\u0107 te zadania bardziej efektywnie, przyczyniaj\u0105c si\u0119 do zwi\u0119kszenia plon\u00f3w i wydajno\u015bci. Integruj\u0105c ten element hydrauliczny ze swoim sprz\u0119tem, rolnicy mog\u0105 zoptymalizowa\u0107 sw\u00f3j przep\u0142yw pracy, u\u0142atwiaj\u0105c zarz\u0105dzanie uprawami i gruntami.<\/p>\n<h3>3. Architektura krajobrazu<\/h3>\n<p>W projektach ogrodniczych, CSYG2074 jest wykorzystywany do zada\u0144 takich jak kopanie row\u00f3w, przemieszczanie ziemi i kszta\u0142towanie terenu. Kompaktowe rozmiary pozwalaj\u0105 mu porusza\u0107 si\u0119 w ciasnych przestrzeniach, zapewniaj\u0105c jednocze\u015bnie wysok\u0105 wydajno\u015b\u0107. Projektanci krajobrazu doceniaj\u0105 precyzj\u0119 i niezawodno\u015b\u0107 cylindra, co gwarantuje sprawn\u0105 realizacj\u0119 projekt\u00f3w na wysokim poziomie.<\/p>\n<h2>Zagadnienia projektowe i kryteria wyboru<\/h2>\n<h3>No\u015bno\u015b\u0107<\/h3>\n<p>No\u015bno\u015b\u0107 si\u0142ownika CSYG2074 jest kluczowym czynnikiem projektowym, poniewa\u017c okre\u015bla maksymaln\u0105 mas\u0119, jak\u0105 si\u0142ownik mo\u017ce ud\u017awign\u0105\u0107 podczas pracy. Zapewnienie, \u017ce si\u0142ownik mo\u017ce bezpiecznie podnosi\u0107 i przenosi\u0107 du\u017ce \u0142adunki bez awarii, jest kluczowe zar\u00f3wno dla bezpiecze\u0144stwa, jak i wydajno\u015bci. Producenci zazwyczaj przeprowadzaj\u0105 obszerne testy w celu weryfikacji tych no\u015bno\u015bci, kt\u00f3re musz\u0105 by\u0107 zgodne z wymaganiami danego zastosowania.<\/p>\n<h3>Wydajno\u015b\u0107 uszczelnienia<\/h3>\n<p>Uszczelnienie to kolejny istotny aspekt konstrukcji si\u0142ownika hydraulicznego. Uszczelnienia musz\u0105 zapobiega\u0107 wyciekom p\u0142ynu hydraulicznego, kt\u00f3re mog\u0142yby negatywnie wp\u0142yn\u0105\u0107 na wydajno\u015b\u0107 i bezpiecze\u0144stwo. W si\u0142owniku CSYG2074 zastosowano wysokiej jako\u015bci materia\u0142y uszczelniaj\u0105ce, zaprojektowane tak, aby wytrzymywa\u0142y ekstremalne warunki, zapewniaj\u0105c jednocze\u015bnie optymaln\u0105 wydajno\u015b\u0107. Dobrze uszczelniony si\u0142ownik minimalizuje ryzyko zanieczyszczenia i zmniejsza potrzeby konserwacyjne, zwi\u0119kszaj\u0105c og\u00f3ln\u0105 niezawodno\u015b\u0107.<\/p>\n<h3>Trwa\u0142o\u015b\u0107<\/h3>\n<p>Trwa\u0142o\u015b\u0107 ma kluczowe znaczenie dla ka\u017cdego elementu hydraulicznego, szczeg\u00f3lnie w wymagaj\u0105cych warunkach. Materia\u0142y u\u017cyte w CSYG2074 zosta\u0142y dobrane pod k\u0105tem wytrzyma\u0142o\u015bci i odporno\u015bci na zu\u017cycie. Ta trwa\u0142o\u015b\u0107 zapewnia d\u0142u\u017csz\u0105 \u017cywotno\u015b\u0107 i ni\u017csze koszty konserwacji, zapewniaj\u0105c u\u017cytkownikom doskona\u0142\u0105 warto\u015b\u0107 w d\u0142u\u017cszej perspektywie. Regularna ocena integralno\u015bci materia\u0142\u00f3w jest niezb\u0119dna dla zapewnienia sta\u0142ej wydajno\u015bci.<\/p>\n<h3>Funkcje bezpiecze\u0144stwa<\/h3>\n<p>Bezpiecze\u0144stwo ma kluczowe znaczenie w projektowaniu cylindr\u00f3w hydraulicznych. Model CSYG2074 wyposa\u017cono w szereg zabezpiecze\u0144, kt\u00f3re zapobiegaj\u0105 awariom mog\u0105cym prowadzi\u0107 do wypadk\u00f3w. Nale\u017c\u0105 do nich zawory bezpiecze\u0144stwa i bezpieczne opcje monta\u017cu, zapewniaj\u0105ce stabilno\u015b\u0107 podczas pracy. Priorytetem jest bezpiecze\u0144stwo, co pozwala producentom chroni\u0107 zar\u00f3wno operator\u00f3w, jak i sprz\u0119t przed potencjalnymi zagro\u017ceniami.<\/p>\n<h3>Dost\u0119pno\u015b\u0107 konserwacyjna<\/h3>\n<p>Projektowanie z my\u015bl\u0105 o \u0142atwej konserwacji jest kluczowe dla zapewnienia d\u0142ugotrwa\u0142ej funkcjonalno\u015bci. CSYG2074 zosta\u0142 zaprojektowany z my\u015bl\u0105 o konserwacji, umo\u017cliwiaj\u0105c \u0142atwy dost\u0119p do uszczelnie\u0144 i innych podzespo\u0142\u00f3w, kt\u00f3re mog\u0105 wymaga\u0107 regularnej konserwacji. U\u0142atwia to szybkie przegl\u0105dy i naprawy, minimalizuj\u0105c przestoje i poprawiaj\u0105c og\u00f3ln\u0105 wydajno\u015b\u0107 operacyjn\u0105.<\/p>\n<h2>Uszczelnianie i smarowanie<\/h2>\n<p>Prawid\u0142owe uszczelnienie i smarowanie s\u0105 kluczowe dla efektywnego dzia\u0142ania si\u0142ownika CSYG2074. W si\u0142owniku zastosowano r\u00f3\u017cnorodne elementy uszczelniaj\u0105ce, w tym uszczelki t\u0142oka i t\u0142oczyska, aby zapewni\u0107 integralno\u015b\u0107 p\u0142ynu. Dob\u00f3r trwa\u0142ych materia\u0142\u00f3w, takich jak poliuretan i kauczuk nitrylowy, zwi\u0119ksza odporno\u015b\u0107 na zu\u017cycie, wyd\u0142u\u017caj\u0105c \u017cywotno\u015b\u0107 uszczelnie\u0144. Dodatkowo, korpus si\u0142ownika i gwintowane ko\u0144c\u00f3wki poddawane s\u0105 precyzyjnej obr\u00f3bce powierzchni, co zwi\u0119ksza trwa\u0142o\u015b\u0107 i odporno\u015b\u0107 na zu\u017cycie.<\/p>\n<p>Regularne smarowanie olejem hydraulicznym jest niezb\u0119dne dla utrzymania optymalnej wydajno\u015bci. Operatorzy powinni zadba\u0107 o odpowiednie smarowanie cylindra, aby zmniejszy\u0107 tarcie i zu\u017cycie cz\u0119\u015bci ruchomych. Aby wyd\u0142u\u017cy\u0107 \u017cywotno\u015b\u0107 cylindra, zaleca si\u0119 harmonogram konserwacji obejmuj\u0105cy sprawdzanie i uzupe\u0142nianie oleju hydraulicznego.<\/p>\n<h2>\u015arodki konserwacji zapobiegawczej<\/h2>\n<ul>\n<li>Regularne kontrole maj\u0105ce na celu wykrycie \u015blad\u00f3w zu\u017cycia lub uszkodze\u0144.<\/li>\n<li>Jednolite smarowanie zapewniaj\u0105ce p\u0142ynn\u0105 prac\u0119.<\/li>\n<li>Planowana wymiana uszczelek w celu zapobiegania przeciekom.<\/li>\n<\/ul>\n<p>Wdro\u017cenie planu konserwacji zapobiegawczej pomaga zidentyfikowa\u0107 problemy, zanim si\u0119 nasil\u0105, zapewniaj\u0105c doskona\u0142y stan techniczny si\u0142ownika CSYG2074. Regularne kontrole i terminowe interwencje mog\u0105 znacznie obni\u017cy\u0107 koszty napraw i wyd\u0142u\u017cy\u0107 \u017cywotno\u015b\u0107 si\u0142ownika hydraulicznego.<\/p>\n<h2>Wytyczne dotycz\u0105ce instalacji<\/h2>\n<p>Prawid\u0142owa instalacja CSYG2074 jest kluczowa dla optymalnej wydajno\u015bci. Najpierw zapoznaj si\u0119 z wytycznymi producenta dotycz\u0105cymi konkretnego procesu instalacji, dostosowanego do Twojej maszyny. Przed rozpocz\u0119ciem instalacji upewnij si\u0119, \u017ce wszystkie komponenty s\u0105 czyste i wolne od zanieczyszcze\u0144. U\u017cyj odpowiednich wspornik\u00f3w monta\u017cowych, aby zabezpieczy\u0107 cylinder na miejscu i zapewni\u0107 stabilno\u015b\u0107 podczas pracy. Prawid\u0142owe ustawienie jest niezb\u0119dne; niewsp\u00f3\u0142osiowo\u015b\u0107 mo\u017ce prowadzi\u0107 do przedwczesnego zu\u017cycia lub awarii. Ostro\u017cnie wyreguluj po\u0142o\u017cenie cylindra, aby zachowa\u0107 prostoliniowo\u015b\u0107 i unikn\u0105\u0107 nadmiernego obci\u0105\u017cenia uszczelek i t\u0142oczysk. Po zainstalowaniu przeprowad\u017a pr\u00f3b\u0119 ci\u015bnieniow\u0105 przy niskim ci\u015bnieniu, aby potwierdzi\u0107 poprawno\u015b\u0107 instalacji. Przed przyst\u0105pieniem do pracy z pe\u0142nym ci\u015bnieniem sprawd\u017a szczelno\u015b\u0107 i upewnij si\u0119, \u017ce dzia\u0142a p\u0142ynnie. Regularna kontrola integralno\u015bci instalacji w ramach konserwacji gwarantuje bezpieczne zamocowanie cylindra.<\/p>\n<h2>Typowe zadania konserwacyjne<\/h2>\n<h3>Regularne kontrole<\/h3>\n<p>Cz\u0119ste kontrole pomagaj\u0105 wcze\u015bnie zidentyfikowa\u0107 potencjalne problemy. Szukaj \u015blad\u00f3w wyciek\u00f3w, korozji lub uszkodze\u0144 fizycznych. Szybkie rozwi\u0105zanie tych problem\u00f3w mo\u017ce zapobiec kosztownym naprawom i przestojom w pracy.<\/p>\n<h3>Prawid\u0142owe smarowanie<\/h3>\n<p>Smarowanie ma kluczowe znaczenie dla p\u0142ynnego dzia\u0142ania CSYG2074. Nale\u017cy zadba\u0107 o utrzymanie odpowiedniego poziomu oleju hydraulicznego i smarowa\u0107 wszystkie ruchome cz\u0119\u015bci zgodnie z zaleceniami producenta. Prawid\u0142owe smarowanie zmniejsza tarcie i zu\u017cycie, co ostatecznie wyd\u0142u\u017ca \u017cywotno\u015b\u0107 cylindra.<\/p>\n<h3>Wymiana uszczelek i kontrola kalibracji<\/h3>\n<p>Regularna wymiana uszczelek jest niezb\u0119dna, aby zapobiec wyciekom i utrzyma\u0107 wydajno\u015b\u0107. Podczas przegl\u0105d\u00f3w konserwacyjnych nale\u017cy ocenia\u0107 stan uszczelek i w razie potrzeby je wymienia\u0107. Nale\u017cy r\u00f3wnie\u017c okresowo przeprowadza\u0107 kontrole kalibracji, aby upewni\u0107 si\u0119, \u017ce si\u0142ownik pracuje w okre\u015blonych parametrach, zwi\u0119kszaj\u0105c precyzj\u0119 i wydajno\u015b\u0107.<\/p>\n<h2>Zagadnienia bezpiecze\u0144stwa i czynniki \u015brodowiskowe<\/h2>\n<p>\u015arodki bezpiecze\u0144stwa s\u0105 kluczowe podczas u\u017cytkowania si\u0142ownika wysi\u0119gnika CSYG2074 Micro Digging. Operatorzy powinni zawsze nosi\u0107 odpowiedni sprz\u0119t ochrony osobistej (PPE) i przestrzega\u0107 protoko\u0142\u00f3w bezpiecze\u0144stwa, aby zminimalizowa\u0107 ryzyko. Zapewnienie szczelno\u015bci uk\u0142adu hydraulicznego nie tylko zwi\u0119ksza bezpiecze\u0144stwo, ale tak\u017ce minimalizuje wp\u0142yw na \u015brodowisko. Prawid\u0142owa utylizacja p\u0142yn\u00f3w hydraulicznych i wszelkich wymienionych podzespo\u0142\u00f3w jest niezb\u0119dna dla ochrony \u015brodowiska, co podkre\u015bla znaczenie odpowiedzialnych praktyk w operacjach hydraulicznych.<\/p>\n<h2>Diagnostyka usterek i typowe problemy<\/h2>\n<ul>\n<li>Wycieki p\u0142ynu hydraulicznego: Sprawd\u017a uszczelki i po\u0142\u0105czenia pod k\u0105tem zu\u017cycia.<\/li>\n<li>S\u0142aba wydajno\u015b\u0107: Sprawd\u017a, czy nie ma blokad lub niskiego poziomu p\u0142yn\u00f3w.<\/li>\n<li>Nietypowe ha\u0142asy: Sprawd\u017a, czy nie ma lu\u017anych element\u00f3w lub uszkodze\u0144 wewn\u0119trznych.<\/li>\n<\/ul>\n<p>Diagnozowanie usterek w urz\u0105dzeniu CSYG2074 wymaga podej\u015bcia systemowego. W przypadku wyciek\u00f3w p\u0142ynu hydraulicznego nale\u017cy sprawdzi\u0107 uszczelki i z\u0142\u0105cza pod k\u0105tem oznak zu\u017cycia. W przypadku problem\u00f3w z wydajno\u015bci\u0105 nale\u017cy upewni\u0107 si\u0119, \u017ce poziom p\u0142ynu hydraulicznego jest odpowiedni i wolny od zanieczyszcze\u0144. Nietypowe odg\u0142osy podczas pracy mog\u0105 wskazywa\u0107 na lu\u017ane podzespo\u0142y lub uszkodzenia wewn\u0119trzne, co uzasadnia natychmiastow\u0105 kontrol\u0119 w celu zapobie\u017cenia dalszym komplikacjom.<\/p>\n<h2>Wskaz\u00f3wki dotycz\u0105ce rozwi\u0105zywania problem\u00f3w<\/h2>\n<p>W przypadku zidentyfikowania problem\u00f3w, konieczne jest ich szybkie rozwi\u0105zanie. W przypadku wyciek\u00f3w nale\u017cy wymieni\u0107 zu\u017cyte uszczelki i upewni\u0107 si\u0119, \u017ce wszystkie przy\u0142\u0105cza s\u0105 dobrze zamocowane. W przypadku s\u0142abej wydajno\u015bci nale\u017cy sprawdzi\u0107, czy p\u0142yn hydrauliczny jest nape\u0142niony do prawid\u0142owego poziomu i czy w uk\u0142adzie nie wyst\u0119puj\u0105 \u017cadne blokady. Regularna konserwacja to najlepszy spos\u00f3b zapobiegania tym cz\u0119stym problemom, zapewniaj\u0105cy ci\u0105g\u0142\u0105 sprawno\u015b\u0107 i wydajno\u015b\u0107 urz\u0105dzenia CSYG2074.<\/p>\n<p><img decoding=\"async\" src=\"https:\/\/www.hydraulic-cylinders.net\/wp-content\/uploads\/2025\/05\/hydraulic-cylinder-all-2.webp\" alt=\"Obraz cylindra hydraulicznego\"><\/p>\n<h2>O naszej firmie<\/h2>\n<p>Jeste\u015bmy wiod\u0105cym producentem si\u0142ownik\u00f3w hydraulicznych, znanym zar\u00f3wno w kraju, jak i za granic\u0105 z szerokiej gamy produkt\u00f3w. Nasze do\u015bwiadczenie w technologii hydraulicznej ugruntowa\u0142o nasz\u0105 pozycj\u0119 lidera na rynku. Jeste\u015bmy dumni z naszych profesjonalnych praktyk produkcyjnych i posiadamy mi\u0119dzynarodowe certyfikaty, co gwarantuje jako\u015b\u0107 i niezawodno\u015b\u0107 ka\u017cdego dostarczanego przez nas produktu.<\/p>\n<p>Nasz najnowocze\u015bniejszy sprz\u0119t produkcyjny pozwala nam oferowa\u0107 rozwi\u0105zania dostosowane do indywidualnych potrzeb naszych klient\u00f3w. K\u0142adziemy r\u00f3wnie\u017c nacisk na wyj\u0105tkow\u0105 obs\u0142ug\u0119 posprzeda\u017cow\u0105, zapewniaj\u0105c naszym klientom niezb\u0119dne wsparcie przez ca\u0142y cykl \u017cycia naszych produkt\u00f3w.<\/p>\n<p><img decoding=\"async\" src=\"https:\/\/www.hydraulic-cylinders.net\/wp-content\/uploads\/2025\/05\/xinxin-hydraulic-cylinder-factory-1.webp\" alt=\"Fabryka cylindr\u00f3w hydraulicznych\"><\/p>\n<p>Autor: lyl<\/p>","protected":false},"excerpt":{"rendered":"<p>CSYG2074 Micro Digging Boom Cylinder Introduction to the CSYG2074 Micro Digging Boom Cylinder The CSYG2074 Micro Digging Boom Cylinder is a vital component in hydraulic systems, particularly in applications requiring precise digging and lifting capabilities. This hydraulic cylinder is designed for micro excavators and similar machinery, facilitating smooth and efficient operation. Hydraulic cylinders convert fluid [&hellip;]<\/p>","protected":false},"featured_media":20602,"comment_status":"open","ping_status":"closed","template":"","meta":{"_et_pb_use_builder":"","_et_pb_old_content":"","_et_gb_content_width":""},"product_brand":[],"product_cat":[1483,1557],"product_tag":[],"class_list":{"0":"post-20707","1":"product","2":"type-product","3":"status-publish","4":"has-post-thumbnail","6":"product_cat-construction-machinery-hydraulic-cylinders","7":"product_cat-micro-digging-side-hydraulic-cylinders","9":"first","10":"instock","11":"shipping-taxable","12":"product-type-simple"},"amp_enabled":true,"_links":{"self":[{"href":"https:\/\/www.hydraulic-cylinders.net\/pl\/wp-json\/wp\/v2\/product\/20707","targetHints":{"allow":["GET"]}}],"collection":[{"href":"https:\/\/www.hydraulic-cylinders.net\/pl\/wp-json\/wp\/v2\/product"}],"about":[{"href":"https:\/\/www.hydraulic-cylinders.net\/pl\/wp-json\/wp\/v2\/types\/product"}],"replies":[{"embeddable":true,"href":"https:\/\/www.hydraulic-cylinders.net\/pl\/wp-json\/wp\/v2\/comments?post=20707"}],"wp:featuredmedia":[{"embeddable":true,"href":"https:\/\/www.hydraulic-cylinders.net\/pl\/wp-json\/wp\/v2\/media\/20602"}],"wp:attachment":[{"href":"https:\/\/www.hydraulic-cylinders.net\/pl\/wp-json\/wp\/v2\/media?parent=20707"}],"wp:term":[{"taxonomy":"product_brand","embeddable":true,"href":"https:\/\/www.hydraulic-cylinders.net\/pl\/wp-json\/wp\/v2\/product_brand?post=20707"},{"taxonomy":"product_cat","embeddable":true,"href":"https:\/\/www.hydraulic-cylinders.net\/pl\/wp-json\/wp\/v2\/product_cat?post=20707"},{"taxonomy":"product_tag","embeddable":true,"href":"https:\/\/www.hydraulic-cylinders.net\/pl\/wp-json\/wp\/v2\/product_tag?post=20707"}],"curies":[{"name":"wp","href":"https:\/\/api.w.org\/{rel}","templated":true}]}}