{"id":20708,"date":"2025-05-27T06:21:53","date_gmt":"2025-05-27T06:21:53","guid":{"rendered":"https:\/\/www.hydraulic-cylinders.net\/product\/csyg2077-micro-digging-bulldozer-hydraulic-cylinder\/"},"modified":"2025-05-27T06:21:55","modified_gmt":"2025-05-27T06:21:55","slug":"csyg2077-micro-digging-bulldozer-hydraulic-cylinder","status":"publish","type":"product","link":"https:\/\/www.hydraulic-cylinders.net\/pl\/produkt\/csyg2077-micro-digging-bulldozer-hydraulic-cylinder\/","title":{"rendered":"CSYG2077 Si\u0142ownik hydrauliczny do mikrospychacza"},"content":{"rendered":"<h1>CSYG2077 Si\u0142ownik hydrauliczny do mikrospychacza<\/h1>\n<h2>Wprowadzenie do produktu<\/h2>\n<p>Si\u0142ownik hydrauliczny do spycharek CSYG2077 Micro Digging to wysokowydajny komponent przeznaczony do ci\u0119\u017ckich maszyn budowlanych i ziemnych. Ten si\u0142ownik hydrauliczny odgrywa kluczow\u0105 rol\u0119 w przekszta\u0142caniu energii hydraulicznej w ruch mechaniczny, umo\u017cliwiaj\u0105c maszynom wykonywanie r\u00f3\u017cnych zada\u0144, takich jak podnoszenie, pchanie i kopanie, z wydajno\u015bci\u0105 i precyzj\u0105. Dzi\u0119ki solidnej konstrukcji i zaawansowanej technologii zapewnia niezawodn\u0105 prac\u0119 w wymagaj\u0105cych warunkach. Si\u0142ownik hydrauliczny odgrywa kluczow\u0105 rol\u0119 w zapewnieniu p\u0142ynnej pracy spychacza, co przek\u0142ada si\u0119 na lepsz\u0105 wydajno\u015b\u0107 i skr\u00f3cenie przestoj\u00f3w. Jego dzia\u0142anie charakteryzuje si\u0119 po\u0142\u0105czeniem wytrzyma\u0142o\u015bci, trwa\u0142o\u015bci i wydajno\u015bci operacyjnej, co czyni go niezb\u0119dnym elementem spycharek do mikrowykop\u00f3w.<\/p>\n<h2>Specyfikacja produktu<\/h2>\n<ul>\n<li>\u015arednica cylindra: 50 mm<\/li>\n<li>\u015arednica pr\u0119ta: 3 mm<\/li>\n<li>Skok: 75 mm<\/li>\n<li>Odleg\u0142o\u015b\u0107 monta\u017cu: 315 mm<\/li>\n<\/ul>\n<h3>Rozszerzenie parametr\u00f3w<\/h3>\n<p>Specyfikacja si\u0142ownika hydraulicznego CSYG2077 odzwierciedla jego konstrukcj\u0119 do konkretnych zastosowa\u0144. \u015arednica si\u0142ownika wynosz\u0105ca 50 mm \u015bwiadczy o jego wytrzyma\u0142o\u015bci, umo\u017cliwiaj\u0105cej przenoszenie znacznych obci\u0105\u017ce\u0144 podczas pracy. \u015arednica t\u0142oczyska wynosz\u0105ca 3 mm zapewnia r\u00f3wnowag\u0119 mi\u0119dzy wytrzyma\u0142o\u015bci\u0105 a mas\u0105, gwarantuj\u0105c efektywny ruch przy jednoczesnym zachowaniu trwa\u0142o\u015bci. Dzi\u0119ki skokowi 75 mm si\u0142ownik ten zapewnia precyzyjn\u0105 kontrol\u0119 i ruch, co jest niezb\u0119dne w przypadku zada\u0144 wymagaj\u0105cych wysokiej dok\u0142adno\u015bci. Odleg\u0142o\u015b\u0107 monta\u017cowa wynosz\u0105ca 315 mm gwarantuje kompatybilno\u015b\u0107 z r\u00f3\u017cnymi konfiguracjami maszyn, umo\u017cliwiaj\u0105c \u0142atw\u0105 instalacj\u0119 i integracj\u0119 z istniej\u0105cymi systemami.<\/p>\n<h2>Cechy produktu<\/h2>\n<ul>\n<li><strong>Wysoka wydajno\u015b\u0107:<\/strong> Zaprojektowane dla uzyskania optymalnej wydajno\u015bci, gwarantuj\u0105ce minimaln\u0105 utrat\u0119 energii podczas pracy.<\/li>\n<li><strong>Solidna konstrukcja:<\/strong> Zaprojektowane tak, aby wytrzyma\u0107 du\u017ce obci\u0105\u017cenia i trudne warunki, zapewniaj\u0105c d\u0142ugotrwa\u0142\u0105 niezawodno\u015b\u0107.<\/li>\n<li><strong>Kompaktowy rozmiar:<\/strong> Doskonale nadaje si\u0119 do mikrowykop\u00f3w w miejscach o ograniczonej przestrzeni, bez utraty wytrzyma\u0142o\u015bci.<\/li>\n<li><strong>\u0141atwa instalacja:<\/strong> Zaprojektowane z my\u015bl\u0105 o \u0142atwej integracji z r\u00f3\u017cnymi urz\u0105dzeniami.<\/li>\n<li><strong>Produkcja niestandardowa:<\/strong> Umiej\u0119tno\u015b\u0107 tworzenia rozwi\u0105za\u0144 dostosowanych do konkretnych potrzeb klient\u00f3w.<\/li>\n<\/ul>\n<h2>Scenariusze zastosowa\u0144<\/h2>\n<h3>Place budowy<\/h3>\n<p>Si\u0142ownik hydrauliczny CSYG2077 jest szeroko stosowany na placach budowy, gdzie wymagane s\u0105 mikrowykopy. Kompaktowy rozmiar si\u0142ownika pozwala na precyzyjne kopanie w trudno dost\u0119pnych miejscach, dzi\u0119ki czemu idealnie nadaje si\u0119 do wykop\u00f3w, fundament\u00f3w i innych prac budowlanych. Jego wytrzyma\u0142o\u015b\u0107 gwarantuje, \u017ce poradzi sobie z si\u0142ami generowanymi podczas wykop\u00f3w, przyczyniaj\u0105c si\u0119 do efektywnego uko\u0144czenia projektu. Dodatkowo, jego niezawodno\u015b\u0107 minimalizuje przestoje, co jest kluczowe w przypadku prac budowlanych o napi\u0119tym harmonogramie. Mo\u017cliwo\u015b\u0107 wydajnego wykonywania skomplikowanych zada\u0144 zwi\u0119ksza og\u00f3ln\u0105 wydajno\u015b\u0107 na placu budowy.<\/p>\n<h3>Projekty zagospodarowania terenu<\/h3>\n<p>W ogrodnictwie si\u0142ownik hydrauliczny CSYG2077 odgrywa kluczow\u0105 rol\u0119, umo\u017cliwiaj\u0105c precyzyjne poruszanie si\u0119 podczas takich zada\u0144, jak sadzenie, niwelowanie terenu oraz instalowanie element\u00f3w, takich jak stawy czy murki oporowe. Precyzyjne sterowanie si\u0142ownikiem pozwala operatorom tworzy\u0107 precyzyjne krajobrazy z minimaln\u0105 ingerencj\u0105 w gleb\u0119. Jego trwa\u0142o\u015b\u0107 oznacza, \u017ce \u200b\u200bwytrzymuje trudy prac na zewn\u0105trz, co czyni go preferowanym wyborem dla profesjonalist\u00f3w z bran\u017cy ogrodniczej. Co wi\u0119cej, wydajno\u015b\u0107 uk\u0142adu hydraulicznego pomaga obni\u017cy\u0107 koszty operacyjne, umo\u017cliwiaj\u0105c bardziej konkurencyjne ceny us\u0142ug ogrodniczych.<\/p>\n<h3>Operacje g\u00f3rnicze<\/h3>\n<p>W g\u00f3rnictwie, szczeg\u00f3lnie w projektach na ma\u0142\u0105 skal\u0119 lub mikrowydobywczych, si\u0142ownik hydrauliczny CSYG2077 jest niezb\u0119dny do zada\u0144 takich jak kopanie i podnoszenie materia\u0142\u00f3w. Jego solidna konstrukcja gwarantuje, \u017ce poradzi sobie w trudnych warunkach, cz\u0119sto wyst\u0119puj\u0105cych w g\u00f3rnictwie, daj\u0105c operatorom pewno\u015b\u0107 niezawodnej pracy. Zdolno\u015b\u0107 si\u0142ownika do wydajnej pracy przy znacznym obci\u0105\u017ceniu zwi\u0119ksza produktywno\u015b\u0107, czyni\u0105c go cennym atutem w ka\u017cdym g\u00f3rnictwie. Wszechstronno\u015b\u0107 tego si\u0142ownika hydraulicznego pozwala na jego adaptacj\u0119 do r\u00f3\u017cnych maszyn g\u00f3rniczych, co dodatkowo zwi\u0119ksza jego u\u017cyteczno\u015b\u0107.<\/p>\n<h3>Maszyny le\u015bne i rolnicze<\/h3>\n<p>W le\u015bnictwie i rolnictwie si\u0142ownik hydrauliczny CSYG2077 jest stosowany w maszynach takich jak ci\u0105gniki kompaktowe i kombajny do zbioru drzew. Jego kompaktowa konstrukcja pozwala na monta\u017c w mniejszych maszynach, zapewniaj\u0105c jednocze\u015bnie moc niezb\u0119dn\u0105 do wykonywania zada\u0144, takich jak podnoszenie i przenoszenie ci\u0119\u017ckich \u0142adunk\u00f3w. Niezawodno\u015b\u0107 si\u0142ownika hydraulicznego przyczynia si\u0119 do p\u0142ynniejszej pracy, niezale\u017cnie od tego, czy chodzi o karczowanie terenu, pomoc w sadzeniu, czy zbieranie surowc\u00f3w. Ta wszechstronno\u015b\u0107 sprawia, \u017ce \u200b\u200bjest on niezb\u0119dnym elementem zar\u00f3wno w rolnictwie, jak i le\u015bnictwie.<\/p>\n<h3>Prace komunalne<\/h3>\n<p>Prace w sieciach elektroenergetycznych cz\u0119sto wi\u0105\u017c\u0105 si\u0119 z u\u017cyciem specjalistycznego sprz\u0119tu do kopania row\u00f3w pod kable lub ruroci\u0105gi. Precyzyjne sterowanie i kompaktowa konstrukcja si\u0142ownika hydraulicznego CSYG2077 sprawiaj\u0105, \u017ce doskonale nadaje si\u0119 on do tego typu zada\u0144. Pozwala on pracownikom sieci elektroenergetycznych na sprawne wykonywanie swoich obowi\u0105zk\u00f3w, minimalizuj\u0105c zak\u0142\u00f3cenia w otoczeniu. Co wi\u0119cej, trwa\u0142o\u015b\u0107 si\u0142ownika gwarantuje, \u017ce sprosta on wyzwaniom zwi\u0105zanym z pracami w sieciach elektroenergetycznych, zapewniaj\u0105c d\u0142ugotrwa\u0142\u0105 niezawodno\u015b\u0107 i wydajno\u015b\u0107 niezb\u0119dn\u0105 do utrzymania integralno\u015bci us\u0142ug w infrastrukturze publicznej.<\/p>\n<h2>Zagadnienia projektowe i kryteria wyboru<\/h2>\n<h3>No\u015bno\u015b\u0107<\/h3>\n<p>Przy wyborze si\u0142ownika hydraulicznego, takiego jak CSYG2077, jednym z g\u0142\u00f3wnych kryteri\u00f3w jest jego ud\u017awig. Odnosi si\u0119 on do maksymalnego ci\u0119\u017caru, jaki si\u0142ownik mo\u017ce bezpiecznie unie\u015b\u0107 lub przemie\u015bci\u0107 bez ryzyka awarii. Projektowanie pod k\u0105tem odpowiedniej no\u015bno\u015bci obejmuje u\u017cycie materia\u0142\u00f3w o wysokiej wytrzyma\u0142o\u015bci oraz upewnienie si\u0119, \u017ce komponenty si\u0142ownika s\u0105 zaprojektowane tak, aby wytrzyma\u0107 przewidywane si\u0142y obci\u0105\u017cenia. Producenci musz\u0105 testowa\u0107 swoje produkty w r\u00f3\u017cnych warunkach, aby zagwarantowa\u0107 niezawodno\u015b\u0107, poniewa\u017c niedoszacowanie no\u015bno\u015bci mo\u017ce prowadzi\u0107 do katastrofalnej awarii podczas eksploatacji. Dobrze zaprojektowany si\u0142ownik hydrauliczny b\u0119dzie mia\u0142 wbudowan\u0105 warto\u015b\u0107 wsp\u00f3\u0142czynnika bezpiecze\u0144stwa, co zapewni, \u017ce b\u0119dzie w stanie ud\u017awign\u0105\u0107 obci\u0105\u017cenia przekraczaj\u0105ce jego ud\u017awig znamionowy bez ryzyka awarii.<\/p>\n<h3>Mechanizmy uszczelniaj\u0105ce<\/h3>\n<p>Mechanizmy uszczelniaj\u0105ce w cylindrze hydraulicznym maj\u0105 kluczowe znaczenie dla utrzymania ci\u015bnienia i zapobiegania wyciekom p\u0142ynu. Konstrukcja musi obejmowa\u0107 wysokiej jako\u015bci uszczelnienia, takie jak uszczelnienia t\u0142oka i t\u0142oczyska, odporne na ekstremalne ci\u015bnienia i warunki \u015brodowiskowe. Typowe materia\u0142y stosowane do produkcji tych uszczelnie\u0144 to poliuretan i kauczuk nitrylowy, dobrane ze wzgl\u0119du na ich trwa\u0142o\u015b\u0107 i odporno\u015b\u0107 na zu\u017cycie. Prawid\u0142owe uszczelnienie zapewnia wydajn\u0105 prac\u0119 uk\u0142adu hydraulicznego, poniewa\u017c ka\u017cdy wyciek mo\u017ce prowadzi\u0107 do powa\u017cnych problem\u00f3w z wydajno\u015bci\u0105 i wzrostu koszt\u00f3w konserwacji. Regularne przegl\u0105dy element\u00f3w uszczelniaj\u0105cych s\u0105 niezb\u0119dne, aby zapewni\u0107 ich skuteczno\u015b\u0107, poniewa\u017c zu\u017cyte uszczelnienia mog\u0105 negatywnie wp\u0142yn\u0105\u0107 na ca\u0142y uk\u0142ad hydrauliczny.<\/p>\n<h3>Trwa\u0142o\u015b\u0107<\/h3>\n<p>Trwa\u0142o\u015b\u0107 to kluczowy atrybut ka\u017cdego si\u0142ownika hydraulicznego. Si\u0142ownik CSYG2077 zosta\u0142 zaprojektowany z my\u015bl\u0105 o pracy w trudnych warunkach, co jest niezb\u0119dne do jego stosowania w wymagaj\u0105cych \u015brodowiskach. Dob\u00f3r materia\u0142\u00f3w odgrywa istotn\u0105 rol\u0119 w trwa\u0142o\u015bci, poniewa\u017c komponenty musz\u0105 by\u0107 odporne na zu\u017cycie, korozj\u0119 i zm\u0119czenie materia\u0142u z up\u0142ywem czasu. Zaawansowane techniki produkcji, w tym obr\u00f3bka powierzchni i pow\u0142oki, mog\u0105 zwi\u0119kszy\u0107 trwa\u0142o\u015b\u0107 si\u0142ownik\u00f3w hydraulicznych. Regularna konserwacja i przegl\u0105dy mog\u0105 dodatkowo wyd\u0142u\u017cy\u0107 \u017cywotno\u015b\u0107 si\u0142ownika hydraulicznego, zapewniaj\u0105c jego optymaln\u0105 prac\u0119 bez nieoczekiwanych awarii.<\/p>\n<h3>Funkcje bezpiecze\u0144stwa<\/h3>\n<p>Bezpiecze\u0144stwo jest priorytetem przy projektowaniu cylindr\u00f3w hydraulicznych. Model CSYG2077 posiada funkcje zwi\u0119kszaj\u0105ce bezpiecze\u0144stwo eksploatacji, takie jak zawory bezpiecze\u0144stwa i solidn\u0105 konstrukcj\u0119 odporn\u0105 na nieoczekiwane obci\u0105\u017cenia. Operatorzy musz\u0105 zosta\u0107 przeszkoleni w zakresie bezpiecznej obs\u0142ugi uk\u0142adu hydraulicznego, w tym zrozumienia ogranicze\u0144 sprz\u0119tu. Regularne audyty bezpiecze\u0144stwa i szkolenia mog\u0105 pom\u00f3c w identyfikacji potencjalnych zagro\u017ce\u0144 i ich ograniczeniu, zapewniaj\u0105c bezpieczniejsze \u015brodowisko pracy. Wdro\u017cenie tych funkcji bezpiecze\u0144stwa nie tylko chroni operatora, ale tak\u017ce zwi\u0119ksza og\u00f3ln\u0105 niezawodno\u015b\u0107 uk\u0142adu hydraulicznego.<\/p>\n<h3>Konserwacja i serwisowanie<\/h3>\n<p>Projektanci musz\u0105 r\u00f3wnie\u017c uwzgl\u0119dni\u0107 kwestie konserwacji i \u0142atwo\u015bci serwisowania. Si\u0142ownik hydrauliczny, taki jak CSYG2077, powinien by\u0107 \u0142atwy w serwisowaniu w przypadku napraw lub wymiany. Dost\u0119p do kluczowych podzespo\u0142\u00f3w jest istotny dla efektywnej konserwacji, co mo\u017ce znacznie skr\u00f3ci\u0107 czas przestoj\u00f3w. Ponadto producenci powinni zapewni\u0107 jasne wytyczne dotycz\u0105ce harmonogram\u00f3w konserwacji, aby operatorzy wiedzieli, kiedy nale\u017cy przeprowadza\u0107 rutynowe kontrole. Dobrze zaprojektowane si\u0142owniki hydrauliczne powinny posiada\u0107 funkcje u\u0142atwiaj\u0105ce demonta\u017c i ponowny monta\u017c, co umo\u017cliwia szybkie naprawy i minimalizuje zak\u0142\u00f3cenia w pracy.<\/p>\n<h2>Uszczelnianie i smarowanie<\/h2>\n<p>Skuteczne uszczelnienie i smarowanie s\u0105 niezb\u0119dne dla optymalnej pracy cylindr\u00f3w hydraulicznych. R\u00f3\u017cne elementy uszczelniaj\u0105ce, w tym uszczelnienia t\u0142ok\u00f3w i t\u0142oczysk, maj\u0105 kluczowe znaczenie dla utrzymania ci\u015bnienia hydraulicznego i zapobiegania wyciekom. Uszczelnienia wykonane z wysokiej jako\u015bci materia\u0142\u00f3w, takich jak poliuretan i kauczuk nitrylowy, zapewniaj\u0105 odporno\u015b\u0107 na zu\u017cycie i czynniki \u015brodowiskowe, gwarantuj\u0105c d\u0142ugowieczno\u015b\u0107. Korpus cylindra i gwintowane powierzchnie ko\u0144cowe poddawane s\u0105 precyzyjnej obr\u00f3bce w celu zwi\u0119kszenia odporno\u015bci na zu\u017cycie, co przek\u0142ada si\u0119 na og\u00f3ln\u0105 wydajno\u015b\u0107. Ponadto, regularne smarowanie olejem hydraulicznym jest niezb\u0119dne dla zapewnienia p\u0142ynnej pracy i zapobiegania kontaktowi metalu z metalem, kt\u00f3ry m\u00f3g\u0142by prowadzi\u0107 do przedwczesnego zu\u017cycia. Prawid\u0142owa konserwacja uszczelnie\u0144 i uk\u0142ad\u00f3w smarowania ma kluczowe znaczenie dla utrzymania funkcjonalno\u015bci cylindra i wyd\u0142u\u017cenia jego \u017cywotno\u015bci.<\/p>\n<h2>Regularne kontrole i konserwacja zapobiegawcza<\/h2>\n<h3>Procedury inspekcyjne<\/h3>\n<p>Nale\u017cy regularnie przeprowadza\u0107 kontrole si\u0142ownika hydraulicznego, aby zidentyfikowa\u0107 potencjalne problemy, zanim si\u0119 nasil\u0105. Obejmuje to sprawdzenie szczelno\u015bci, sprawdzenie uszczelnie\u0144 i upewnienie si\u0119, \u017ce krytyczne elementy nie wykazuj\u0105 widocznego zu\u017cycia. Operatorzy powinni by\u0107 przeszkoleni w zakresie przeprowadzania tych kontroli i dokumentowania ustale\u0144 w celu podj\u0119cia odpowiednich dzia\u0142a\u0144 nast\u0119pczych. Systematyczne podej\u015bcie do kontroli mo\u017ce zapobiec kosztownym naprawom i wyd\u0142u\u017cy\u0107 \u017cywotno\u015b\u0107 si\u0142ownika hydraulicznego.<\/p>\n<h3>\u015arodki konserwacji zapobiegawczej<\/h3>\n<p>Wdro\u017cenie \u015brodk\u00f3w konserwacji zapobiegawczej mo\u017ce znacznie zmniejszy\u0107 ryzyko awarii. Obejmuje to regularne smarowanie, aby zapewni\u0107 prawid\u0142owe naoliwienie i p\u0142ynne dzia\u0142anie cz\u0119\u015bci ruchomych. Ponadto operatorzy powinni regularnie sprawdza\u0107 i wymienia\u0107 uszczelki w razie potrzeby, aby zapobiega\u0107 wyciekom i utrzymywa\u0107 ci\u015bnienie w uk\u0142adzie. Prowadzenie dokumentacji prac konserwacyjnych pomaga w monitorowaniu wydajno\u015bci i niezawodno\u015bci si\u0142ownik\u00f3w hydraulicznych.<\/p>\n<h3>Wymiana zu\u017cytych podzespo\u0142\u00f3w<\/h3>\n<p>Wymiana zu\u017cytych podzespo\u0142\u00f3w jest kluczowym elementem konserwacji. Podczas regularnych przegl\u0105d\u00f3w operatorzy powinni zwraca\u0107 uwag\u0119 na identyfikacj\u0119 cz\u0119\u015bci, kt\u00f3re wykazuj\u0105 oznaki zu\u017cycia lub uszkodzenia. Terminowa wymiana tych podzespo\u0142\u00f3w mo\u017ce zapobiec powa\u017cniejszym awariom i zapewni\u0107 ci\u0105g\u0142o\u015b\u0107 pracy. Zaleca si\u0119 posiadanie zapasu cz\u0119sto wymienianych cz\u0119\u015bci, aby zminimalizowa\u0107 przestoje. Szkolenie technik\u00f3w w zakresie rozpoznawania oznak zu\u017cycia mo\u017ce zwi\u0119kszy\u0107 og\u00f3ln\u0105 niezawodno\u015b\u0107 uk\u0142adu hydraulicznego.<\/p>\n<h2>Wytyczne dotycz\u0105ce instalacji<\/h2>\n<p>Prawid\u0142owy monta\u017c si\u0142ownika hydraulicznego CSYG2077 jest niezb\u0119dny dla optymalnej wydajno\u015bci. Zacznij od upewnienia si\u0119, \u017ce \u015brodowisko pracy jest czyste i wolne od zanieczyszcze\u0144. Dok\u0142adnie ustaw si\u0142ownik wzgl\u0119dem wspornik\u00f3w monta\u017cowych, aby zapobiec nadmiernemu napr\u0119\u017ceniu uszczelek i t\u0142oczyska. Kluczowe jest u\u017cycie odpowiednich podp\u00f3r monta\u017cowych, aby zabezpieczy\u0107 si\u0142ownik na miejscu i unikn\u0105\u0107 niewsp\u00f3\u0142osiowo\u015bci. Po monta\u017cu sprawd\u017a szczelno\u015b\u0107 po\u0142\u0105cze\u0144 i szczelno\u015b\u0107. Po monta\u017cu nape\u0142nij uk\u0142ad hydrauliczny zalecanym p\u0142ynem hydraulicznym i odpowietrz uk\u0142ad, aby usun\u0105\u0107 wszelkie p\u0119cherzyki powietrza. Sprawdzenie dzia\u0142ania si\u0142ownika przed jego pe\u0142nym uruchomieniem jest r\u00f3wnie\u017c kluczowe dla zapewnienia prawid\u0142owego dzia\u0142ania.<\/p>\n<h2>Typowe zadania konserwacyjne<\/h2>\n<h3>Regularne kontrole<\/h3>\n<p>Regularne kontrole s\u0105 kluczowe dla utrzymania integralno\u015bci cylindra hydraulicznego. Operatorzy powinni regularnie sprawdza\u0107 cylinder pod k\u0105tem wyciek\u00f3w, upewniaj\u0105c si\u0119, \u017ce nie wycieka z niego p\u0142yn hydrauliczny, kt\u00f3ry m\u00f3g\u0142by negatywnie wp\u0142yn\u0105\u0107 na wydajno\u015b\u0107. Obejmuje to sprawdzanie zar\u00f3wno powierzchni zewn\u0119trznych, jak i uszczelnie\u0144, aby wcze\u015bnie wykry\u0107 potencjalne usterki. Regularne kontrole nie tylko pomagaj\u0105 w utrzymaniu systemu, ale tak\u017ce zapewniaj\u0105 bezpiecze\u0144stwo, zapobiegaj\u0105c nieoczekiwanym awariom podczas pracy.<\/p>\n<h3>Prawid\u0142owe smarowanie<\/h3>\n<p>Prawid\u0142owe smarowanie jest niezb\u0119dne dla prawid\u0142owego dzia\u0142ania si\u0142ownika hydraulicznego. Operatorzy powinni upewni\u0107 si\u0119, \u017ce si\u0142ownik jest nape\u0142niony odpowiednim olejem hydraulicznym i \u017ce punkty smarowania s\u0105 odpowiednio serwisowane. Regularne smarowanie minimalizuje zu\u017cycie cz\u0119\u015bci ruchomych i poprawia og\u00f3ln\u0105 wydajno\u015b\u0107 uk\u0142adu hydraulicznego. Operatorzy musz\u0105 by\u0107 przeszkoleni w zakresie prawid\u0142owych odst\u0119p\u00f3w mi\u0119dzy smarowaniami oraz rozpoznawania konieczno\u015bci dodatkowego smarowania w zale\u017cno\u015bci od warunk\u00f3w pracy.<\/p>\n<h3>Wymiana uszczelek i kontrola kalibracji<\/h3>\n<p>Wymiana uszczelnie\u0144 to cz\u0119sta czynno\u015b\u0107 konserwacyjna, kt\u00f3ra zapewnia szczelno\u015b\u0107 uk\u0142adu hydraulicznego. Operatorzy powinni zwraca\u0107 uwag\u0119 na wszelkie oznaki zu\u017cycia uszczelnie\u0144 i wymienia\u0107 je w razie potrzeby, aby utrzyma\u0107 optymalne ci\u015bnienie w uk\u0142adzie. Kontrole kalibracji s\u0105 r\u00f3wnie\u017c niezb\u0119dne, aby upewni\u0107 si\u0119, \u017ce si\u0142ownik pracuje zgodnie z zamierzonymi parametrami. Obejmuje to testowanie wydajno\u015bci si\u0142ownika w celu potwierdzenia, \u017ce \u200b\u200bspe\u0142nia on okre\u015blone wymagania dotycz\u0105ce obci\u0105\u017cenia i skoku. Personel konserwacyjny powinien zna\u0107 procedury wymiany uszczelnie\u0144 i kalibracji, aby zapewni\u0107 sprawne dzia\u0142anie.<\/p>\n<h2>Zagadnienia bezpiecze\u0144stwa i czynniki \u015brodowiskowe<\/h2>\n<p>\u015arodki bezpiecze\u0144stwa maj\u0105 kluczowe znaczenie podczas pracy z uk\u0142adami hydraulicznymi. Operatorzy musz\u0105 by\u0107 przeszkoleni w zakresie rozpoznawania potencjalnych zagro\u017ce\u0144 zwi\u0105zanych z cylindrami hydraulicznymi, w tym ryzyka wysokiego ci\u015bnienia, oraz znaczenia prawid\u0142owej obs\u0142ugi podczas instalacji i konserwacji. Zapewnienie odpowiednich os\u0142on i barier bezpiecze\u0144stwa mo\u017ce zapobiec wypadkom podczas pracy. Ponadto czynniki \u015brodowiskowe, takie jak temperatura i wilgotno\u015b\u0107, mog\u0105 wp\u0142ywa\u0107 na wydajno\u015b\u0107 p\u0142ynu hydraulicznego, dlatego kluczowe jest monitorowanie tych warunk\u00f3w w celu utrzymania sprawno\u015bci uk\u0142adu. Nale\u017cy r\u00f3wnie\u017c rozwa\u017cy\u0107 prawid\u0142ow\u0105 utylizacj\u0119 p\u0142yn\u00f3w hydraulicznych i zu\u017cytych podzespo\u0142\u00f3w, aby zminimalizowa\u0107 wp\u0142yw na \u015brodowisko.<\/p>\n<h2>Rozwi\u0105zywanie problem\u00f3w i typowe problemy<\/h2>\n<h3>Problemy z wyciekami<\/h3>\n<p>Wyciek to jeden z najcz\u0119stszych problem\u00f3w spotykanych w si\u0142ownikach hydraulicznych. Mo\u017ce on wyst\u0105pi\u0107 z powodu zu\u017cytych uszczelnie\u0144, uszkodzonych gwint\u00f3w lub nieprawid\u0142owego monta\u017cu podzespo\u0142\u00f3w. W przypadku wycieku, operatorzy powinni najpierw zidentyfikowa\u0107 \u017ar\u00f3d\u0142o wycieku i natychmiast wymieni\u0107 zu\u017cyte uszczelnienia. Upewnienie si\u0119, \u017ce si\u0142ownik jest prawid\u0142owo wyosiowany podczas monta\u017cu, mo\u017ce r\u00f3wnie\u017c zapobiec przysz\u0142ym wyciekom spowodowanym niewsp\u00f3\u0142osiowo\u015bci\u0105.<\/p>\n<h3>Obni\u017cona wydajno\u015b\u0107<\/h3>\n<p>Obni\u017cona wydajno\u015b\u0107 mo\u017ce objawia\u0107 si\u0119 spadkiem pr\u0119dko\u015bci roboczych lub zmniejszeniem ud\u017awigu. Mo\u017ce to by\u0107 spowodowane niewystarczaj\u0105cym poziomem p\u0142ynu hydraulicznego, uwi\u0119zionym powietrzem w uk\u0142adzie lub zatorami w przewodach hydraulicznych. Operatorzy powinni sprawdza\u0107 poziom p\u0142ynu, odpowietrza\u0107 uk\u0142ad z uwi\u0119zionego powietrza i sprawdza\u0107 wszystkie przewody pod k\u0105tem zator\u00f3w, aby zdiagnozowa\u0107 i usun\u0105\u0107 problemy z wydajno\u015bci\u0105.<\/p>\n<h3>Nienormalne d\u017awi\u0119ki<\/h3>\n<p>Nietypowe odg\u0142osy podczas pracy, takie jak zgrzytanie lub syczenie, mog\u0105 wskazywa\u0107 na problemy. Zgrzytanie mo\u017ce sugerowa\u0107 zu\u017cycie mechaniczne, a syczenie cz\u0119sto wskazuje na nieszczelno\u015b\u0107 uszczelek. W przypadku wyst\u0105pienia nietypowych odg\u0142os\u00f3w, konieczne jest przeprowadzenie dok\u0142adnej kontroli cylindra i otaczaj\u0105cych go element\u00f3w, a tak\u017ce natychmiastowe rozwi\u0105zanie wszelkich problem\u00f3w, aby zapobiec dalszym uszkodzeniom.<\/p>\n<h2>Wskaz\u00f3wki i rozwi\u0105zania dotycz\u0105ce rozwi\u0105zywania problem\u00f3w<\/h2>\n<p>Aby skutecznie rozwi\u0105zywa\u0107 problemy z si\u0142ownikiem hydraulicznym CSYG2077, operatorzy powinni przestrzega\u0107 okre\u015blonych wytycznych. Po pierwsze, regularne przegl\u0105dy powinny by\u0107 priorytetem, aby wcze\u015bnie wykry\u0107 potencjalne problemy. Prowadzenie szczeg\u00f3\u0142owych rejestr\u00f3w czynno\u015bci konserwacyjnych mo\u017ce pom\u00f3c w identyfikacji powtarzaj\u0105cych si\u0119 problem\u00f3w i podejmowaniu lepszych decyzji. W przypadku wyst\u0105pienia problemu nale\u017cy podj\u0105\u0107 systematyczne dzia\u0142ania naprawcze, zaczynaj\u0105c od najprostszych rozwi\u0105za\u0144, takich jak sprawdzenie poziomu p\u0142yn\u00f3w i uszczelnie\u0144, a nast\u0119pnie przechodz\u0105c do bardziej z\u0142o\u017conej diagnostyki. Operatorzy powinni r\u00f3wnie\u017c zosta\u0107 przeszkoleni w zakresie najlepszych praktyk zapobiegania wyst\u0105pieniu problem\u00f3w, takich jak przestrzeganie harmonogram\u00f3w konserwacji i stosowanie w\u0142a\u015bciwych p\u0142yn\u00f3w hydraulicznych.<\/p>\n<p><img decoding=\"async\" src=\"https:\/\/www.hydraulic-cylinders.net\/wp-content\/uploads\/2025\/05\/hydraulic-cylinder-all-2.webp\" alt=\"Si\u0142ownik hydrauliczny\" \/><\/p>\n<h2>O naszej firmie<\/h2>\n<p>Jeste\u015bmy wiod\u0105cym producentem si\u0142ownik\u00f3w hydraulicznych, oferuj\u0105cym szerok\u0105 gam\u0119 produkt\u00f3w dostosowanych do zr\u00f3\u017cnicowanych potrzeb przemys\u0142u. Nasze zaanga\u017cowanie w jako\u015b\u0107 zapewni\u0142o nam pozycj\u0119 jednego z czo\u0142owych producent\u00f3w i hurtownik\u00f3w si\u0142ownik\u00f3w hydraulicznych na rynku krajowym i mi\u0119dzynarodowym. Stawiamy na profesjonalizm, dbaj\u0105c o to, aby wszystkie nasze produkty spe\u0142nia\u0142y rygorystyczne mi\u0119dzynarodowe certyfikaty. Nasz najnowocze\u015bniejszy park maszynowy pozwala nam wytwarza\u0107 si\u0142owniki, kt\u00f3re s\u0105 nie tylko wysoce wydajne, ale tak\u017ce dostosowane do indywidualnych potrzeb klienta. W po\u0142\u0105czeniu z doskona\u0142\u0105 obs\u0142ug\u0105 posprzeda\u017cow\u0105, gwarantujemy satysfakcj\u0119 klienta i wsparcie przez ca\u0142y cykl \u017cycia produktu.<\/p>\n<p><img decoding=\"async\" src=\"https:\/\/www.hydraulic-cylinders.net\/wp-content\/uploads\/2025\/05\/xinxin-hydraulic-cylinder-factory-1.webp\" alt=\"Fabryka cylindr\u00f3w hydraulicznych\" \/><\/p>\n<p>Autor: lyl<\/p>\n<p><img decoding=\"async\" src=\"https:\/\/hzpt.com\/wp-content\/uploads\/2024\/11\/songte-company-1.webp\" alt=\"Wizerunek firmy\" \/><\/p>","protected":false},"excerpt":{"rendered":"<p>CSYG2077 Micro Digging Bulldozer Hydraulic Cylinder Product Introduction The CSYG2077 Micro Digging Bulldozer Hydraulic Cylinder is a high-performance component designed for heavy machinery in construction and excavation. This hydraulic cylinder is crucial for converting hydraulic energy into mechanical motion, enabling machines to perform various tasks, such as lifting, pushing, and digging with efficiency and precision. [&hellip;]<\/p>","protected":false},"featured_media":20605,"comment_status":"open","ping_status":"closed","template":"","meta":{"_et_pb_use_builder":"","_et_pb_old_content":"","_et_gb_content_width":""},"product_brand":[],"product_cat":[1483,1557],"product_tag":[],"class_list":{"0":"post-20708","1":"product","2":"type-product","3":"status-publish","4":"has-post-thumbnail","6":"product_cat-construction-machinery-hydraulic-cylinders","7":"product_cat-micro-digging-side-hydraulic-cylinders","9":"first","10":"instock","11":"shipping-taxable","12":"product-type-simple"},"amp_enabled":true,"_links":{"self":[{"href":"https:\/\/www.hydraulic-cylinders.net\/pl\/wp-json\/wp\/v2\/product\/20708","targetHints":{"allow":["GET"]}}],"collection":[{"href":"https:\/\/www.hydraulic-cylinders.net\/pl\/wp-json\/wp\/v2\/product"}],"about":[{"href":"https:\/\/www.hydraulic-cylinders.net\/pl\/wp-json\/wp\/v2\/types\/product"}],"replies":[{"embeddable":true,"href":"https:\/\/www.hydraulic-cylinders.net\/pl\/wp-json\/wp\/v2\/comments?post=20708"}],"wp:featuredmedia":[{"embeddable":true,"href":"https:\/\/www.hydraulic-cylinders.net\/pl\/wp-json\/wp\/v2\/media\/20605"}],"wp:attachment":[{"href":"https:\/\/www.hydraulic-cylinders.net\/pl\/wp-json\/wp\/v2\/media?parent=20708"}],"wp:term":[{"taxonomy":"product_brand","embeddable":true,"href":"https:\/\/www.hydraulic-cylinders.net\/pl\/wp-json\/wp\/v2\/product_brand?post=20708"},{"taxonomy":"product_cat","embeddable":true,"href":"https:\/\/www.hydraulic-cylinders.net\/pl\/wp-json\/wp\/v2\/product_cat?post=20708"},{"taxonomy":"product_tag","embeddable":true,"href":"https:\/\/www.hydraulic-cylinders.net\/pl\/wp-json\/wp\/v2\/product_tag?post=20708"}],"curies":[{"name":"wp","href":"https:\/\/api.w.org\/{rel}","templated":true}]}}