{"id":20712,"date":"2025-05-27T06:22:02","date_gmt":"2025-05-27T06:22:02","guid":{"rendered":"https:\/\/www.hydraulic-cylinders.net\/product\/sanitation-vehicle-front-sweep-disc-hydraulic-cylinder\/"},"modified":"2025-05-27T06:22:05","modified_gmt":"2025-05-27T06:22:05","slug":"sanitation-vehicle-front-sweep-disc-hydraulic-cylinder","status":"publish","type":"product","link":"https:\/\/www.hydraulic-cylinders.net\/pl\/produkt\/sanitation-vehicle-front-sweep-disc-hydraulic-cylinder\/","title":{"rendered":"Si\u0142ownik hydrauliczny przedniej tarczy zamiataj\u0105cej pojazdu sanitarnego"},"content":{"rendered":"<h1>Si\u0142ownik hydrauliczny przedniej tarczy zamiataj\u0105cej pojazdu sanitarnego<\/h1>\n<h2>Wprowadzenie do cylindra hydraulicznego<\/h2>\n<p>Si\u0142ownik hydrauliczny przedniej tarczy zamiataj\u0105cej pojazdu sanitarnego to niezb\u0119dny element zaprojektowany specjalnie dla pojazd\u00f3w sanitarnych, u\u0142atwiaj\u0105cy efektywne dzia\u0142anie system\u00f3w zamiataj\u0105cych z przodu. Ten si\u0142ownik hydrauliczny odgrywa kluczow\u0105 rol\u0119 w sterowaniu mechanizmem zamiataj\u0105cym, umo\u017cliwiaj\u0105c p\u0142ynne i precyzyjne ruchy niezb\u0119dne do optymalnego czyszczenia ulic. Dzi\u0119ki solidnej konstrukcji i wydajnej pracy, si\u0142ownik hydrauliczny zapewnia efektywn\u0105 prac\u0119 pojazd\u00f3w sanitarnych, utrzymuj\u0105c czysto\u015b\u0107 i bezpiecze\u0144stwo w \u015brodowisku miejskim. Uk\u0142ad hydrauliczny przekszta\u0142ca energi\u0119 hydrauliczn\u0105 w energi\u0119 mechaniczn\u0105, zapewniaj\u0105c si\u0142\u0119 niezb\u0119dn\u0105 do podnoszenia, opuszczania i manewrowania tarcz\u0105 zamiataj\u0105c\u0105, co czyni j\u0105 kluczowym elementem procesu sprz\u0105tania.<\/p>\n<h2>Przegl\u0105d specyfikacji<\/h2>\n<p>Zrozumienie specyfikacji si\u0142ownika hydraulicznego tarczy zgarniaj\u0105cej do pojazd\u00f3w sanitarnych jest kluczowe dla docenienia jego funkcjonalno\u015bci. Poni\u017cej przedstawiono szczeg\u00f3\u0142owe specyfikacje:<\/p>\n<ul>\n<li><strong>\u015arednica cylindra:<\/strong> 40 mm<\/li>\n<li><strong>\u015arednica pr\u0119ta:<\/strong> 22 mm<\/li>\n<li><strong>Podr\u00f3\u017c:<\/strong> 60 mm<\/li>\n<li><strong>Odleg\u0142o\u015b\u0107 instalacji:<\/strong> 260 mm<\/li>\n<\/ul>\n<h3>Rozszerzone specyfikacje<\/h3>\n<p>\u015arednica cylindra wynosz\u0105ca 40 mm zapewnia r\u00f3wnowag\u0119 mi\u0119dzy wytrzyma\u0142o\u015bci\u0105 a rozmiarem, umo\u017cliwiaj\u0105c przy\u0142o\u017cenie znacznej si\u0142y bez nadmiernej masy. \u015arednica t\u0142oczyska wynosz\u0105ca 22 mm gwarantuje trwa\u0142o\u015b\u0107 i odporno\u015b\u0107 na zginanie pod obci\u0105\u017ceniem. Dzi\u0119ki skokowi 60 mm si\u0142ownik zapewnia wystarczaj\u0105c\u0105 swobod\u0119 ruchu, aby sprosta\u0107 r\u00f3\u017cnorodnym wymaganiom operacyjnym. Wreszcie, odleg\u0142o\u015b\u0107 monta\u017cowa wynosz\u0105ca 260 mm zapewnia elastyczno\u015b\u0107 monta\u017cu, gwarantuj\u0105c kompatybilno\u015b\u0107 z r\u00f3\u017cnymi modelami pojazd\u00f3w.<\/p>\n<h2>Cechy cylindra hydraulicznego<\/h2>\n<p>Si\u0142ownik hydrauliczny tarczy zgarniaj\u0105cej z przodu pojazdu sanitarnego wyr\u00f3\u017cnia si\u0119 kilkoma wyj\u0105tkowymi cechami:<\/p>\n<ul>\n<li>Wysoka trwa\u0142o\u015b\u0107 dzi\u0119ki zastosowaniu w konstrukcji materia\u0142\u00f3w najwy\u017cszej jako\u015bci.<\/li>\n<li>Wydajna praca przy minimalnym zu\u017cyciu energii.<\/li>\n<li>Mo\u017cliwo\u015b\u0107 dostosowania konstrukcji do r\u00f3\u017cnych modeli pojazd\u00f3w sanitarnych.<\/li>\n<li>\u0141atwe procedury instalacji i konserwacji.<\/li>\n<li>Solidna technologia uszczelnienia zapobiegaj\u0105ca przeciekaniu i gwarantuj\u0105ca trwa\u0142o\u015b\u0107.<\/li>\n<\/ul>\n<h2>Scenariusze zastosowa\u0144<\/h2>\n<p>Zastosowania si\u0142ownika hydraulicznego tarczy zgarniaj\u0105cej z przodu pojazdu sanitarnego s\u0105 r\u00f3\u017cnorodne:<\/p>\n<ul>\n<li><strong>Sprz\u0105tanie ulic miejskich:<\/strong> Ten si\u0142ownik hydrauliczny jest integraln\u0105 cz\u0119\u015bci\u0105 procesu sprz\u0105tania ulic, umo\u017cliwiaj\u0105c sprawne dzia\u0142anie mechanizmu zamiataj\u0105cego. W \u015brodowiskach miejskich utrzymanie czysto\u015bci ma kluczowe znaczenie dla zdrowia publicznego. Si\u0142ownik hydrauliczny zapewnia niezb\u0119dn\u0105 moc, aby zapewni\u0107 dok\u0142adne sprz\u0105tanie, skutecznie usuwaj\u0105c zanieczyszczenia i gruz z dr\u00f3g.<\/li>\n<li><strong>Utrzymanie parkingu:<\/strong> W obiektach parkingowych si\u0142ownik hydrauliczny umo\u017cliwia czyszczenie du\u017cych powierzchni, zapewniaj\u0105c skuteczne usuwanie \u015bmieci i li\u015bci. Regularna konserwacja parking\u00f3w poprawia og\u00f3ln\u0105 estetyk\u0119 i bezpiecze\u0144stwo, co czyni si\u0142ownik hydrauliczny niezb\u0119dnym narz\u0119dziem w zarz\u0105dzaniu obiektami.<\/li>\n<li><strong>Czyszczenie zdarze\u0144:<\/strong> W przypadku wydarze\u0144, w kt\u00f3rych gromadzi si\u0119 du\u017ca liczba os\u00f3b, pojazdy sanitarne wyposa\u017cone w te cylindry mog\u0105 szybko posprz\u0105ta\u0107 po imprezie, zapewniaj\u0105c nieskaziteln\u0105 czysto\u015b\u0107 obiekt\u00f3w. Szybka reakcja i skuteczne sprz\u0105tanie s\u0105 kluczowe dla utrzymania standard\u00f3w spo\u0142eczno\u015bci i bezpiecze\u0144stwa.<\/li>\n<li><strong>Sprz\u0105tanie placu budowy:<\/strong> Si\u0142ownik hydrauliczny u\u0142atwia usuwanie gruzu z plac\u00f3w budowy, pomagaj\u0105c utrzyma\u0107 bezpiecze\u0144stwo i porz\u0105dek na placu budowy. To rozwi\u0105zanie jest niezb\u0119dne, aby zapewni\u0107 bezproblemowy przebieg prac budowlanych.<\/li>\n<li><strong>Operacje od\u015bnie\u017cania:<\/strong> W zimowych pracach utrzymania ruchu cylinder mo\u017cna r\u00f3wnie\u017c dostosowa\u0107 do od\u015bnie\u017cania, zapewniaj\u0105c przejezdno\u015b\u0107 i bezpiecze\u0144stwo na drogach. Ta wszechstronno\u015b\u0107 jest kluczowa w regionach, w kt\u00f3rych wyst\u0119puj\u0105 obfite opady \u015bniegu.<\/li>\n<\/ul>\n<h2>Zagadnienia projektowe i kryteria wyboru<\/h2>\n<p>Przy wyborze si\u0142ownika hydraulicznego nale\u017cy wzi\u0105\u0107 pod uwag\u0119 kilka kwestii konstrukcyjnych:<\/p>\n<ul>\n<li><strong>No\u015bno\u015b\u0107:<\/strong> No\u015bno\u015b\u0107 si\u0142ownika hydraulicznego musi by\u0107 dostosowana do wymaga\u0144 eksploatacyjnych obs\u0142ugiwanego pojazdu. Aby zapewni\u0107 bezpieczn\u0105 i wydajn\u0105 prac\u0119, kluczowe jest oszacowanie masy i rodzaju przenoszonych materia\u0142\u00f3w. Si\u0142ownik, kt\u00f3ry mo\u017ce przenosi\u0107 wi\u0119ksze obci\u0105\u017cenia, wyd\u0142u\u017cy swoj\u0105 \u017cywotno\u015b\u0107 i zmniejszy ryzyko awarii, co czyni go niezb\u0119dnym w wymagaj\u0105cych warunkach.<\/li>\n<li><strong>Skuteczno\u015b\u0107 uszczelnienia:<\/strong> Skuteczne uszczelnienie jest kluczowe, aby zapobiec wyciekom p\u0142ynu hydraulicznego, kt\u00f3re mog\u0105 obni\u017cy\u0107 wydajno\u015b\u0107 i uszkodzi\u0107 podzespo\u0142y. Nale\u017cy wybiera\u0107 wysokiej jako\u015bci uszczelnienia wykonane z trwa\u0142ych materia\u0142\u00f3w, aby by\u0142y odporne na trudne warunki i zapewnia\u0142y wydajno\u015b\u0107 przez d\u0142ugi czas. Konstrukcja uszczelnie\u0144 musi zapewnia\u0107 \u0142atw\u0105 wymian\u0119, co u\u0142atwia konserwacj\u0119.<\/li>\n<li><strong>Trwa\u0142o\u015b\u0107:<\/strong> Materia\u0142y u\u017cyte do budowy si\u0142ownika hydraulicznego powinny by\u0107 odporne na zu\u017cycie i korozj\u0119. Ta trwa\u0142o\u015b\u0107 jest niezb\u0119dna do pracy w r\u00f3\u017cnych warunkach, od ulic miejskich po place budowy. Nacisk na stosowanie materia\u0142\u00f3w o wysokiej wytrzyma\u0142o\u015bci prze\u0142o\u017cy si\u0119 na d\u0142u\u017csz\u0105 \u017cywotno\u015b\u0107 i zmniejszy potrzeb\u0119 cz\u0119stej wymiany.<\/li>\n<li><strong>Funkcje bezpiecze\u0144stwa:<\/strong> Bezpiecze\u0144stwo jest priorytetem w uk\u0142adach hydraulicznych. Konstrukcja powinna zawiera\u0107 zabezpieczenia zapobiegaj\u0105ce przypadkowemu uruchomieniu i umo\u017cliwiaj\u0105ce kontrolowane wy\u0142\u0105czenie w sytuacjach awaryjnych. Mog\u0105 to by\u0107 zawory bezpiecze\u0144stwa i solidne systemy monta\u017cowe, kt\u00f3re zabezpieczaj\u0105 cylinder podczas pracy.<\/li>\n<li><strong>Dost\u0119pno\u015b\u0107 konserwacyjna:<\/strong> Dobrze zaprojektowany si\u0142ownik hydrauliczny powinien umo\u017cliwia\u0107 \u0142atw\u0105 konserwacj\u0119 i naprawy. Obejmuje to dost\u0119p do uszczelnie\u0144 i punkt\u00f3w smarowania, kt\u00f3re nie tylko poprawiaj\u0105 wydajno\u015b\u0107, ale tak\u017ce zwi\u0119kszaj\u0105 bezpiecze\u0144stwo i niezawodno\u015b\u0107 uk\u0142adu hydraulicznego.<\/li>\n<\/ul>\n<h2>Uszczelnianie i smarowanie<\/h2>\n<p>Uszczelnienie i smarowanie odgrywaj\u0105 kluczow\u0105 rol\u0119 w wydajno\u015bci i trwa\u0142o\u015bci cylindr\u00f3w hydraulicznych:<\/p>\n<ul>\n<li>Zastosowanie r\u00f3\u017cnych element\u00f3w uszczelniaj\u0105cych, takich jak uszczelnienia t\u0142ok\u00f3w i t\u0142oczysk, jest niezb\u0119dne do utrzymania ci\u015bnienia hydraulicznego i zapobiegania wyciekom p\u0142ynu. Wyb\u00f3r uszczelnie\u0144 wykonanych z materia\u0142\u00f3w takich jak poliuretan i kauczuk nitrylowy zapewnia odporno\u015b\u0107 na zu\u017cycie i degradacj\u0119 pod wp\u0142ywem \u015brodowiska.<\/li>\n<li>Wyko\u0144czenie powierzchni korpusu cylindra i gwintowanych ko\u0144c\u00f3wek ma istotny wp\u0142yw na interakcj\u0119 uszczelnie\u0144 z powierzchniami. Precyzyjna obr\u00f3bka i polerowanie zmniejszaj\u0105 tarcie, zwi\u0119kszaj\u0105c skuteczno\u015b\u0107 uszczelnienia i wyd\u0142u\u017caj\u0105c \u017cywotno\u015b\u0107 cylindra.<\/li>\n<li>Regularne smarowanie odpowiednim olejem hydraulicznym jest niezb\u0119dne dla zapewnienia p\u0142ynnej pracy i zapobiegania zu\u017cyciu. Operatorzy powinni ustali\u0107 rutyn\u0119 sprawdzania i uzupe\u0142niania poziomu oleju hydraulicznego, aby zapewni\u0107 optymalne dzia\u0142anie si\u0142ownika.<\/li>\n<\/ul>\n<h2>Regularne kontrole i konserwacja zapobiegawcza<\/h2>\n<p>Aby zachowa\u0107 funkcjonalno\u015b\u0107 si\u0142ownika hydraulicznego, konieczne jest przeprowadzanie regularnych kontroli i konserwacji zapobiegawczej:<\/p>\n<ul>\n<li>Przeprowadzaj rutynowe kontrole wizualne cylindra pod k\u0105tem oznak zu\u017cycia lub uszkodze\u0144. Wszelkie nieszczelno\u015bci lub nietypowe d\u017awi\u0119ki nale\u017cy natychmiast naprawia\u0107, aby zapobiec dalszym uszkodzeniom. Regularne kontrole mog\u0105 pom\u00f3c zidentyfikowa\u0107 problemy, zanim stan\u0105 si\u0119 powa\u017cne, zapewniaj\u0105c integralno\u015b\u0107 dzia\u0142ania.<\/li>\n<li>Upewnij si\u0119, \u017ce smarowanie jest stosowane zgodnie ze specyfikacj\u0105 producenta. Nadmierne lub niedostateczne smarowanie mo\u017ce prowadzi\u0107 do problem\u00f3w z wydajno\u015bci\u0105 cylindra. Ustalenie jasnego harmonogramu smarowania pomo\u017ce utrzyma\u0107 skuteczno\u015b\u0107 i \u017cywotno\u015b\u0107 cylindra.<\/li>\n<li>Regularnie sprawdzaj stan uszczelek pod k\u0105tem zu\u017cycia lub degradacji. Regularna wymiana uszczelek zapobiega wyciekom i utrzymuje ci\u015bnienie hydrauliczne, co jest kluczowe dla optymalnej wydajno\u015bci. Opracowanie harmonogramu wymiany uszczelek w oparciu o cz\u0119stotliwo\u015b\u0107 u\u017cytkowania mo\u017ce ograniczy\u0107 potencjalne awarie.<\/li>\n<\/ul>\n<h2>Wytyczne dotycz\u0105ce instalacji<\/h2>\n<p>Prawid\u0142owy monta\u017c si\u0142ownika hydraulicznego ma kluczowe znaczenie dla optymalnej wydajno\u015bci:<\/p>\n<ul>\n<li>Na pocz\u0105tek upewnij si\u0119, \u017ce wszystkie elementy s\u0105 czyste i wolne od zanieczyszcze\u0144. Zanieczyszczenia mog\u0105 spowodowa\u0107 uszkodzenia podczas monta\u017cu i wp\u0142yn\u0105\u0107 na dzia\u0142anie cylindra.<\/li>\n<li>Prawid\u0142owo ustaw cylinder wzgl\u0119dem wspornik\u00f3w monta\u017cowych, aby zapewni\u0107 p\u0142ynn\u0105 prac\u0119. Niew\u0142a\u015bciwe ustawienie mo\u017ce prowadzi\u0107 do przedwczesnego zu\u017cycia i awarii. W razie potrzeby u\u017cyj narz\u0119dzi do ustawiania po\u0142o\u017cenia, aby uzyska\u0107 precyzyjne pozycjonowanie.<\/li>\n<li>Zabezpiecz si\u0142ownik hydrauliczny za pomoc\u0105 odpowiednich wspornik\u00f3w monta\u017cowych. Zaleca si\u0119 stosowanie wspornik\u00f3w dopasowanych do wymiar\u00f3w si\u0142ownika i zapewniaj\u0105cych odpowiednie podparcie podczas pracy. Upewnij si\u0119, \u017ce wszystkie elementy mocuj\u0105ce s\u0105 dokr\u0119cone zgodnie ze specyfikacj\u0105 producenta.<\/li>\n<li>Pod\u0142\u0105cz przewody hydrauliczne zgodnie ze schematem dostarczonym przez producenta. Upewnij si\u0119, \u017ce przy\u0142\u0105cza s\u0105 szczelne i szczelne, poniewa\u017c nieprawid\u0142owe po\u0142\u0105czenia mog\u0105 prowadzi\u0107 do utraty p\u0142ynu hydraulicznego i potencjalnej awarii uk\u0142adu.<\/li>\n<li>Po monta\u017cu nale\u017cy przeprowadzi\u0107 jazd\u0119 pr\u00f3bn\u0105, aby sprawdzi\u0107, czy cylinder dzia\u0142a p\u0142ynnie, bez nietypowych d\u017awi\u0119k\u00f3w i wibracji. Nale\u017cy monitorowa\u0107 system pod k\u0105tem wyciek\u00f3w i upewni\u0107 si\u0119, \u017ce wszystkie urz\u0105dzenia zabezpieczaj\u0105ce dzia\u0142aj\u0105 prawid\u0142owo.<\/li>\n<\/ul>\n<h2>Typowe zadania konserwacyjne<\/h2>\n<p>Aby utrzyma\u0107 si\u0142ownik hydrauliczny w dobrym stanie, konieczne jest wykonywanie nast\u0119puj\u0105cych czynno\u015bci konserwacyjnych:<\/p>\n<ul>\n<li><strong>Regularne kontrole:<\/strong> Nale\u017cy przeprowadza\u0107 rutynowe kontrole w celu oceny stanu si\u0142ownika hydraulicznego, w tym ogl\u0119dziny wizualne pod k\u0105tem wyciek\u00f3w, zu\u017cycia lub uszkodze\u0144. Wczesne wykrycie problem\u00f3w mo\u017ce znacznie obni\u017cy\u0107 koszty napraw i skr\u00f3ci\u0107 przestoje.<\/li>\n<li><strong>W\u0142a\u015bciwe smarowanie:<\/strong> Przestrzeganie zalece\u0144 producenta dotycz\u0105cych smarowania jest niezwykle istotne. Regularnie sprawdzaj poziom i jako\u015b\u0107 oleju oraz wymieniaj go w razie potrzeby, aby zapewni\u0107 optymaln\u0105 wydajno\u015b\u0107. Prawid\u0142owe smarowanie minimalizuje tarcie i zu\u017cycie cz\u0119\u015bci ruchomych.<\/li>\n<li><strong>Wymiana uszczelki:<\/strong> Zaplanuj okresow\u0105 wymian\u0119 uszczelnie\u0144, aby zapobiec wyciekom i utrzyma\u0107 ci\u015bnienie hydrauliczne. Sprawd\u017a uszczelnienia pod k\u0105tem \u015blad\u00f3w zu\u017cycia i wymie\u0144 je w zale\u017cno\u015bci od \u015brodowiska pracy i cz\u0119stotliwo\u015bci u\u017cytkowania.<\/li>\n<\/ul>\n<p>Podczas monta\u017cu niezwykle wa\u017cne jest zapewnienie prawid\u0142owego ustawienia cylindra. Nale\u017cy stosowa\u0107 wsporniki monta\u017cowe zapewniaj\u0105ce stabilno\u015b\u0107 i podparcie oraz zawsze przestrzega\u0107 zalece\u0144 producenta dotycz\u0105cych bezpiecznego mocowania. Regularne kontrole, naprawy i wymiany znacznie wyd\u0142u\u017caj\u0105 \u017cywotno\u015b\u0107 cylindra hydraulicznego.<\/p>\n<h2>Zagadnienia bezpiecze\u0144stwa i czynniki \u015brodowiskowe<\/h2>\n<p>Podczas obs\u0142ugi cylindr\u00f3w hydraulicznych niezwykle istotne jest zachowanie \u015brodk\u00f3w bezpiecze\u0144stwa:<\/p>\n<ul>\n<li>Wdro\u017cy\u0107 protoko\u0142y bezpiecze\u0144stwa, kt\u00f3re chroni\u0105 operator\u00f3w podczas instalacji i konserwacji. Obejmuje to przeszkolenie personelu w zakresie bezpiecznego obchodzenia si\u0119 z dokumentami i procedur awaryjnych.<\/li>\n<li>Upewnij si\u0119, \u017ce zamontowano os\u0142ony i bariery bezpiecze\u0144stwa, aby zapobiec wypadkom podczas pracy. Odpowiednie oznakowanie i podnoszenie \u015bwiadomo\u015bci mog\u0105 pom\u00f3c w ograniczeniu ryzyka zwi\u0105zanego z uk\u0142adami hydraulicznymi.<\/li>\n<li>Regularnie oceniaj wp\u0142yw p\u0142yn\u00f3w hydraulicznych na \u015brodowisko i dbaj o stosowanie odpowiednich metod utylizacji. Stosowanie biodegradowalnych p\u0142yn\u00f3w hydraulicznych mo\u017ce zminimalizowa\u0107 szkody ekologiczne przy jednoczesnym zachowaniu wydajno\u015bci.<\/li>\n<\/ul>\n<h2>Rozwi\u0105zywanie problem\u00f3w i typowe problemy<\/h2>\n<p>Skuteczne rozwi\u0105zywanie problem\u00f3w ma kluczowe znaczenie dla konserwacji cylindra hydraulicznego:<\/p>\n<ul>\n<li>Zidentyfikuj objawy awarii, takie jak nietypowe d\u017awi\u0119ki, wycieki lub niesp\u00f3jne dzia\u0142anie. Udokumentowanie tych objaw\u00f3w mo\u017ce pom\u00f3c w ustaleniu przyczyny problemu.<\/li>\n<li>Do typowych problem\u00f3w nale\u017c\u0105 awarie uszczelnie\u0144, kt\u00f3re mog\u0105 prowadzi\u0107 do wyciek\u00f3w. Kontrola uszczelnie\u0144 podczas rutynowej konserwacji mo\u017ce pom\u00f3c wykry\u0107 zu\u017cycie, zanim stanie si\u0119 ono powa\u017cnym problemem.<\/li>\n<li>Regularnie sprawdzaj poziom i jako\u015b\u0107 p\u0142ynu hydraulicznego. Niski lub zanieczyszczony p\u0142yn mo\u017ce powodowa\u0107 problemy z wydajno\u015bci\u0105 i nale\u017cy go niezw\u0142ocznie usun\u0105\u0107.<\/li>\n<\/ul>\n<p>Aby skutecznie rozwi\u0105zywa\u0107 problemy, nale\u017cy wdro\u017cy\u0107 systematyczne podej\u015bcie do diagnostyki. Analizuj objawy, zapoznaj si\u0119 z poradnikami rozwi\u0105zywania problem\u00f3w i post\u0119puj zgodnie z ustalonymi procedurami napraw. \u015arodki zapobiegawcze, takie jak regularne przegl\u0105dy i konserwacja, mog\u0105 znacznie ograniczy\u0107 wyst\u0119powanie problem\u00f3w i wyd\u0142u\u017cy\u0107 \u017cywotno\u015b\u0107 si\u0142ownika hydraulicznego.<\/p>\n<p><img decoding=\"async\" src=\"https:\/\/www.hydraulic-cylinders.net\/wp-content\/uploads\/2025\/05\/hydraulic-cylinder-all-2.webp\" alt=\"Obraz cylindra hydraulicznego\"><\/p>\n<h2>O naszej firmie<\/h2>\n<p>Jeste\u015bmy wiod\u0105cym producentem si\u0142ownik\u00f3w hydraulicznych, oferuj\u0105cym szerok\u0105 gam\u0119 produkt\u00f3w zar\u00f3wno na rynku krajowym, jak i mi\u0119dzynarodowym. Nasze do\u015bwiadczenie w technologii hydraulicznej zapewni\u0142o nam pozycj\u0119 czo\u0142owego gracza w bran\u017cy, znanego z wysokich standard\u00f3w produkcji i innowacyjnych projekt\u00f3w. Specjalizujemy si\u0119 w niestandardowych rozwi\u0105zaniach w zakresie si\u0142ownik\u00f3w hydraulicznych, dostarczaj\u0105c produkty dostosowane do indywidualnych potrzeb klient\u00f3w.<\/p>\n<p>Nasze zak\u0142ady produkcyjne wyposa\u017cone s\u0105 w najnowocze\u015bniejszy sprz\u0119t, gwarantuj\u0105cy precyzj\u0119 i wydajno\u015b\u0107 ka\u017cdego produkowanego przez nas cylindra. Przestrzegamy mi\u0119dzynarodowych certyfikat\u00f3w jako\u015bci, co odzwierciedla nasze zaanga\u017cowanie w d\u0105\u017cenie do doskona\u0142o\u015bci i bezpiecze\u0144stwa. Nasz dedykowany zesp\u00f3\u0142 obs\u0142ugi klienta jest zawsze gotowy do pomocy w przypadku pyta\u0144 i zapewnia wsparcie, gwarantuj\u0105c p\u0142ynny przebieg procesu od zam\u00f3wienia do dostawy.<\/p>\n<p><img decoding=\"async\" src=\"https:\/\/www.hydraulic-cylinders.net\/wp-content\/uploads\/2025\/05\/xinxin-hydraulic-cylinder-factory-1.webp\" alt=\"Obraz fabryczny cylindra hydraulicznego\"><\/p>\n<p>Autor: lyl<\/p>","protected":false},"excerpt":{"rendered":"<p>Sanitation Vehicle Front Sweep Disc Hydraulic Cylinder Introduction to the Hydraulic Cylinder The Sanitation Vehicle Front Sweep Disc Hydraulic Cylinder is an essential component designed specifically for sanitation vehicles, facilitating the effective operation of front sweeping systems. This hydraulic cylinder plays a pivotal role in controlling the sweeping mechanism, allowing for smooth and precise movements [&hellip;]<\/p>","protected":false},"featured_media":20612,"comment_status":"open","ping_status":"closed","template":"","meta":{"_et_pb_use_builder":"","_et_pb_old_content":"","_et_gb_content_width":""},"product_brand":[],"product_cat":[1483,1558],"product_tag":[],"class_list":{"0":"post-20712","1":"product","2":"type-product","3":"status-publish","4":"has-post-thumbnail","6":"product_cat-construction-machinery-hydraulic-cylinders","7":"product_cat-sanitation-machinery-hydraulic-cylinders-2","9":"first","10":"instock","11":"shipping-taxable","12":"product-type-simple"},"amp_enabled":true,"_links":{"self":[{"href":"https:\/\/www.hydraulic-cylinders.net\/pl\/wp-json\/wp\/v2\/product\/20712","targetHints":{"allow":["GET"]}}],"collection":[{"href":"https:\/\/www.hydraulic-cylinders.net\/pl\/wp-json\/wp\/v2\/product"}],"about":[{"href":"https:\/\/www.hydraulic-cylinders.net\/pl\/wp-json\/wp\/v2\/types\/product"}],"replies":[{"embeddable":true,"href":"https:\/\/www.hydraulic-cylinders.net\/pl\/wp-json\/wp\/v2\/comments?post=20712"}],"wp:featuredmedia":[{"embeddable":true,"href":"https:\/\/www.hydraulic-cylinders.net\/pl\/wp-json\/wp\/v2\/media\/20612"}],"wp:attachment":[{"href":"https:\/\/www.hydraulic-cylinders.net\/pl\/wp-json\/wp\/v2\/media?parent=20712"}],"wp:term":[{"taxonomy":"product_brand","embeddable":true,"href":"https:\/\/www.hydraulic-cylinders.net\/pl\/wp-json\/wp\/v2\/product_brand?post=20712"},{"taxonomy":"product_cat","embeddable":true,"href":"https:\/\/www.hydraulic-cylinders.net\/pl\/wp-json\/wp\/v2\/product_cat?post=20712"},{"taxonomy":"product_tag","embeddable":true,"href":"https:\/\/www.hydraulic-cylinders.net\/pl\/wp-json\/wp\/v2\/product_tag?post=20712"}],"curies":[{"name":"wp","href":"https:\/\/api.w.org\/{rel}","templated":true}]}}