{"id":20782,"date":"2025-05-28T06:32:23","date_gmt":"2025-05-28T06:32:23","guid":{"rendered":"https:\/\/www.hydraulic-cylinders.net\/?post_type=product&#038;p=20782"},"modified":"2025-05-28T06:39:15","modified_gmt":"2025-05-28T06:39:15","slug":"steering-cylinder-with-position-sensor","status":"publish","type":"product","link":"https:\/\/www.hydraulic-cylinders.net\/pl\/produkt\/steering-cylinder-with-position-sensor\/","title":{"rendered":"Si\u0142ownik kierowniczy z czujnikiem po\u0142o\u017cenia"},"content":{"rendered":"<h1 style=\"text-align: center;\"><strong>Si\u0142ownik kierowniczy z czujnikiem po\u0142o\u017cenia<img loading=\"lazy\" decoding=\"async\" class=\"wp-image-20783 aligncenter\" src=\"https:\/\/www.hydraulic-cylinders.net\/wp-content\/uploads\/2025\/05\/sensor-steering-cylinder-1-1.webp\" alt=\"\" width=\"400\" height=\"400\" \/><\/strong><\/h1>\n<p>Nasz si\u0142ownik uk\u0142adu kierowniczego z czujnikiem po\u0142o\u017cenia zosta\u0142 zaprojektowany z my\u015bl\u0105 o precyzji i trwa\u0142o\u015bci, oferuj\u0105c zaawansowan\u0105 kontrol\u0119 w pojazdach o wysokich osi\u0105gach. Wyposa\u017cony w zintegrowany czujnik po\u0142o\u017cenia, ten hydrauliczny si\u0142ownik uk\u0142adu kierowniczego dostarcza dane o k\u0105cie skr\u0119tu w czasie rzeczywistym, zwi\u0119kszaj\u0105c bezpiecze\u0144stwo i wydajno\u015b\u0107 w wymagaj\u0105cych zastosowaniach. Niezale\u017cnie od tego, czy modernizujesz sprz\u0119t rolniczy, czy naprawiasz ci\u0119\u017cki sprz\u0119t, nasz si\u0142ownik uk\u0142adu kierowniczego z czujnikiem po\u0142o\u017cenia spe\u0142nia najwy\u017csze standardy bran\u017cowe. Wykonany z materia\u0142\u00f3w o wysokiej wytrzyma\u0142o\u015bci, wytrzymuje wysokie ci\u015bnienie, dzi\u0119ki czemu idealnie nadaje si\u0119 do ci\u0105gnik\u00f3w, ci\u0119\u017car\u00f3wek i pojazd\u00f3w przemys\u0142owych. Nasz zamiennik si\u0142ownika uk\u0142adu kierowniczego OEM z czujnikiem zapewnia bezproblemow\u0105 kompatybilno\u015b\u0107 z wiod\u0105cymi markami pojazd\u00f3w.<\/p>\n<h2><strong>Dane techniczne cylindra kierowniczego z czujnikiem po\u0142o\u017cenia:<\/strong><\/h2>\n<p><strong>\u015arednica cylindra:<\/strong> 75 mm<\/p>\n<p><strong>\u015arednica pr\u0119ta:<\/strong> 45 mm<\/p>\n<p><strong>Podr\u00f3\u017c:<\/strong> 215 mm<\/p>\n<p><strong>Odleg\u0142o\u015b\u0107 instalacji:<\/strong> 569 mm<\/p>\n<h1 style=\"text-align: center;\"><strong><img loading=\"lazy\" decoding=\"async\" class=\"wp-image-20784 aligncenter\" src=\"https:\/\/www.hydraulic-cylinders.net\/wp-content\/uploads\/2025\/05\/sensor-steering-cylinder-2-1.webp\" alt=\"\" width=\"400\" height=\"401\" \/><\/strong><\/h1>\n<p><strong>\u015arednica cylindra:<\/strong> 80 mm<\/p>\n<p><strong>\u015arednica pr\u0119ta:<\/strong> 580 mm<\/p>\n<p><strong>Podr\u00f3\u017c:<\/strong> 126 mm<\/p>\n<p><strong>Odleg\u0142o\u015b\u0107 instalacji:<\/strong> 690 mm<\/p>\n<h1 style=\"text-align: center;\"><strong><img loading=\"lazy\" decoding=\"async\" class=\"wp-image-20785 aligncenter\" src=\"https:\/\/www.hydraulic-cylinders.net\/wp-content\/uploads\/2025\/05\/sensor-steering-cylinder-3-1.webp\" alt=\"\" width=\"400\" height=\"400\" \/><\/strong><\/h1>\n<p><strong>\u015arednica cylindra:<\/strong> 80 mm<\/p>\n<p><strong>\u015arednica pr\u0119ta:<\/strong> 50 mm<\/p>\n<p><strong>Podr\u00f3\u017c:<\/strong> 166 mm<\/p>\n<p><strong>Odleg\u0142o\u015b\u0107 instalacji:<\/strong> 885 mm<\/p>\n<h1 style=\"text-align: center;\"><strong><img loading=\"lazy\" decoding=\"async\" class=\"wp-image-20786 alignnone\" src=\"https:\/\/www.hydraulic-cylinders.net\/wp-content\/uploads\/2025\/05\/sensor-steering-cylinder-4-1.webp\" alt=\"\" width=\"400\" height=\"400\" \/><\/strong><\/h1>\n<p><strong>\u015arednica cylindra:<\/strong> 90 mm<\/p>\n<p><strong>\u015arednica pr\u0119ta:<\/strong> 45 mm<\/p>\n<p><strong>Podr\u00f3\u017c:<\/strong> 232 mm<\/p>\n<p><strong>Odleg\u0142o\u015b\u0107 instalacji:<\/strong> 635 mm<\/p>\n<h2><strong>G\u0142\u00f3wne cechy naszego cylindra kierowniczego z czujnikiem po\u0142o\u017cenia:<\/strong><\/h2>\n<ul>\n<li><strong>Precyzyjny si\u0142ownik kierowniczy do ci\u0119\u017ckich maszyn<\/strong>Zintegrowany czujnik po\u0142o\u017cenia dostarcza dok\u0142adnych danych o k\u0105cie skr\u0119tu, zapewniaj\u0105c lepsz\u0105 kontrol\u0119.<\/li>\n<li><strong>Trwa\u0142y czujnik po\u0142o\u017cenia si\u0142ownika uk\u0142adu kierowniczego do ci\u0119\u017car\u00f3wek<\/strong>Wykonane ze stali o wysokiej wytrzyma\u0142o\u015bci, aby sprosta\u0107 ekstremalnym warunkom.<\/li>\n<li><strong>Wymiana cylindra kierowniczego OEM z czujnikiem<\/strong>:Kompatybilny z wi\u0119kszo\u015bci\u0105 marek pojazd\u00f3w, \u0142atwy w monta\u017cu.<\/li>\n<li><strong>Si\u0142ownik uk\u0142adu kierowniczego z czujnikiem po\u0142o\u017cenia<\/strong>:Optymalizuje dzia\u0142anie uk\u0142adu kierowniczego w pojazdach osobowych i ci\u0119\u017carowych.<\/li>\n<li>Pow\u0142oka odporna na korozj\u0119 zapewniaj\u0105ca d\u0142u\u017csz\u0105 \u017cywotno\u015b\u0107.<\/li>\n<li>Zaawansowana technologia czujnik\u00f3w zapewniaj\u0105ca informacje zwrotne w czasie rzeczywistym, obs\u0142uguj\u0105ca systemy ADAS i ESC.<\/li>\n<\/ul>\n<h2><strong>Zastosowania cylindr\u00f3w kierowniczych z czujnikami po\u0142o\u017cenia:<\/strong><\/h2>\n<p><img loading=\"lazy\" decoding=\"async\" class=\"alignnone size-full wp-image-20787\" src=\"https:\/\/www.hydraulic-cylinders.net\/wp-content\/uploads\/2025\/05\/steering-cylinders-with-position-sensors-application.webp\" alt=\"Zastosowania cylindr\u00f3w kierowniczych z czujnikami po\u0142o\u017cenia:\" width=\"1073\" height=\"501\" srcset=\"https:\/\/www.hydraulic-cylinders.net\/wp-content\/uploads\/2025\/05\/steering-cylinders-with-position-sensors-application.webp 1073w, https:\/\/www.hydraulic-cylinders.net\/wp-content\/uploads\/2025\/05\/steering-cylinders-with-position-sensors-application-980x458.webp 980w, https:\/\/www.hydraulic-cylinders.net\/wp-content\/uploads\/2025\/05\/steering-cylinders-with-position-sensors-application-480x224.webp 480w\" sizes=\"(min-width: 0px) and (max-width: 480px) 480px, (min-width: 481px) and (max-width: 980px) 980px, (min-width: 981px) 1073px, 100vw\" \/><\/p>\n<p>Nasz\u00a0<strong>cylindry kierownicze z czujnikami po\u0142o\u017cenia<\/strong>\u00a0s\u0105 wszechstronne i zapewniaj\u0105 niezawodn\u0105 wydajno\u015b\u0107 w wielu bran\u017cach:<\/p>\n<h3><strong>Rolnictwo<\/strong><\/h3>\n<p>W \u015brodowisku rolniczym nasze\u00a0<strong>si\u0142ownik hydrauliczny uk\u0142adu kierowniczego do ci\u0105gnik\u00f3w z czujnikiem po\u0142o\u017cenia<\/strong>\u00a0zapewnia precyzyjn\u0105 nawigacj\u0119 dla maszyn takich jak traktory i kombajny, zwi\u0119kszaj\u0105c wydajno\u015b\u0107 pracy na nier\u00f3wnym terenie.<\/p>\n<h3><strong>Budowa<\/strong><\/h3>\n<p>Do budowy nasze\u00a0<strong>precyzyjny si\u0142ownik kierowniczy do ci\u0119\u017ckich maszyn<\/strong>\u00a0zapewnia solidn\u0105 wydajno\u015b\u0107, gwarantuj\u0105c bezpiecze\u0144stwo i kontrol\u0119 w wymagaj\u0105cych \u015brodowiskach, takich jak place budowy.<\/p>\n<h3><strong>Przemys\u0142 motoryzacyjny<\/strong><\/h3>\n<p>Nasz\u00a0<strong>si\u0142ownik uk\u0142adu kierowniczego samochodu z czujnikiem po\u0142o\u017cenia<\/strong>\u00a0jest dostosowany do samochod\u00f3w ci\u0119\u017carowych i osobowych, zwi\u0119ksza precyzj\u0119 kierowania i obs\u0142uguje zaawansowane systemy wspomagania kierowcy (ADAS).<\/p>\n<h2><strong>Rozwi\u0105zania konserwacyjne dla cylindr\u00f3w uk\u0142adu kierowniczego z czujnikami po\u0142o\u017cenia:<\/strong><\/h2>\n<p>Aby zapewni\u0107 d\u0142ugotrwa\u0142\u0105 sprawno\u015b\u0107 si\u0142ownika kierowniczego z czujnikiem po\u0142o\u017cenia, nale\u017cy przestrzega\u0107 poni\u017cszych wskaz\u00f3wek dotycz\u0105cych konserwacji:<\/p>\n<ul>\n<li style=\"list-style-type: none;\">\n<ul>\n<li><strong>Regularne kontrole<\/strong>: Aby zachowa\u0107 optymaln\u0105 wydajno\u015b\u0107, co 6 miesi\u0119cy nale\u017cy sprawdza\u0107, czy w cylindrze uk\u0142adu kierowniczego hydraulicznego nie ma wyciek\u00f3w, \u015blad\u00f3w zu\u017cycia lub korozji.<\/li>\n<li><strong>Kalibracja czujnika<\/strong>:Po naprawach lub ustawieniu k\u00f3\u0142 nale\u017cy ponownie skalibrowa\u0107 czujnik po\u0142o\u017cenia za pomoc\u0105 narz\u0119dzi diagnostycznych, aby zapewni\u0107 dok\u0142adno\u015b\u0107 danych dotycz\u0105cych uk\u0142adu kierowniczego.<\/li>\n<\/ul>\n<\/li>\n<\/ul>\n<p>[](https:\/\/www.johnbean.com\/us\/product-articles\/steering-angle-sensors\/)<\/p>\n<ul>\n<li><strong>Konserwacja p\u0142yn\u00f3w<\/strong>:Wymie\u0144 p\u0142yn hydrauliczny zgodnie z wytycznymi producenta, aby zapobiec zanieczyszczeniu i zapewni\u0107 p\u0142ynn\u0105 prac\u0119 cylindra uk\u0142adu kierowniczego ze zintegrowanym czujnikiem.<\/li>\n<li><strong>Czyszczenie<\/strong>:Utrzymuj cylinder i czujnik w czysto\u015bci, aby unikn\u0105\u0107 zak\u0142\u00f3ce\u0144 w dzia\u0142aniu czujnika.<\/li>\n<li><strong>Profesjonalny serwis<\/strong>:W przypadku skomplikowanych problem\u00f3w nale\u017cy skonsultowa\u0107 si\u0119 z certyfikowanym technikiem, kt\u00f3ry zdiagnozuje i naprawi czujnik po\u0142o\u017cenia cylindra kierowniczego za pomoc\u0105 skaner\u00f3w OBD lub specjalistycznych narz\u0119dzi.<\/li>\n<\/ul>\n<h2 dir=\"auto\"><strong>W jaki spos\u00f3b czujnik po\u0142o\u017cenia w cylindrze kierowniczym z czujnikiem po\u0142o\u017cenia poprawia dok\u0142adno\u015b\u0107 kierowania?<\/strong><\/h2>\n<p><img loading=\"lazy\" decoding=\"async\" class=\"alignnone size-full wp-image-20788\" src=\"https:\/\/www.hydraulic-cylinders.net\/wp-content\/uploads\/2025\/05\/steering-cylinder-with-position-sensor-advantage.png\" alt=\"Zaleta cylindra kierowniczego z czujnikiem po\u0142o\u017cenia\" width=\"1079\" height=\"610\" srcset=\"https:\/\/www.hydraulic-cylinders.net\/wp-content\/uploads\/2025\/05\/steering-cylinder-with-position-sensor-advantage.png 1079w, https:\/\/www.hydraulic-cylinders.net\/wp-content\/uploads\/2025\/05\/steering-cylinder-with-position-sensor-advantage-980x554.png 980w, https:\/\/www.hydraulic-cylinders.net\/wp-content\/uploads\/2025\/05\/steering-cylinder-with-position-sensor-advantage-480x271.png 480w\" sizes=\"(min-width: 0px) and (max-width: 480px) 480px, (min-width: 481px) and (max-width: 980px) 980px, (min-width: 981px) 1079px, 100vw\" \/><\/p>\n<p dir=\"auto\">Czujnik po\u0142o\u017cenia w si\u0142owniku uk\u0142adu kierowniczego z czujnikiem po\u0142o\u017cenia znacznie zwi\u0119ksza precyzj\u0119 kierowania, dostarczaj\u0105c dane w czasie rzeczywistym o k\u0105cie skr\u0119tu i po\u0142o\u017ceniu ko\u0142a. Zintegrowany z hydraulicznym si\u0142ownikiem uk\u0142adu kierowniczego czujnik po\u0142o\u017cenia (zazwyczaj magnetyczny lub indukcyjny) monitoruje ruch t\u0142oka w si\u0142owniku, przetwarzaj\u0105c go na precyzyjne informacje zwrotne dotycz\u0105ce k\u0105ta skr\u0119tu. Dane te s\u0105 przekazywane do elektronicznej jednostki steruj\u0105cej (ECU) pojazdu, umo\u017cliwiaj\u0105c p\u0142ynn\u0105 regulacj\u0119 uk\u0142adu kierowniczego w celu uzyskania optymalnej wydajno\u015bci. W zastosowaniach takich jak ci\u0105gniki, ci\u0119\u017car\u00f3wki i ci\u0119\u017cki sprz\u0119t, zapewnia to precyzyjne i responsywne sterowanie si\u0142ownikiem uk\u0142adu kierowniczego, nawet w trudnych warunkach.<\/p>\n<p dir=\"auto\">W pojazdach wyposa\u017conych w si\u0142ownik uk\u0142adu kierowniczego z czujnikiem po\u0142o\u017cenia, czujnik obs\u0142uguje zaawansowane systemy wspomagania kierowcy (ADAS), takie jak asystent utrzymania pasa ruchu i kontrola stabilno\u015bci, dostarczaj\u0105c precyzyjne dane z uk\u0142adu kierowniczego. Podobnie, precyzyjny si\u0142ownik uk\u0142adu kierowniczego w ci\u0119\u017ckim sprz\u0119cie opiera si\u0119 na czujniku, aby zachowa\u0107 precyzj\u0119 podczas pracy pod wysokim ci\u015bnieniem, redukuj\u0105c znoszenie i poprawiaj\u0105c zwrotno\u015b\u0107. Si\u0142ownik uk\u0142adu kierowniczego ze zintegrowanym czujnikiem zwi\u0119ksza r\u00f3wnie\u017c bezpiecze\u0144stwo, wykrywaj\u0105c niewsp\u00f3\u0142osiowo\u015b\u0107, zapewniaj\u0105c sp\u00f3jn\u0105 wydajno\u015b\u0107 w wymagaj\u0105cych warunkach, takich jak rolnictwo czy budownictwo.<\/p>\n<h3 dir=\"auto\"><strong>Kluczowe korzy\u015bci dla dok\u0142adno\u015bci kierowania<\/strong><\/h3>\n<ul dir=\"auto\">\n<li><strong>Informacje zwrotne w czasie rzeczywistym<\/strong>Czujnik po\u0142o\u017cenia si\u0142ownika kierowniczego natychmiast dostarcza danych o k\u0105cie skr\u0119tu, umo\u017cliwiaj\u0105c precyzyjne ustawienie k\u00f3\u0142.<\/li>\n<li><strong>Ulepszona kontrola<\/strong>:W hydraulicznym si\u0142owniku kierowniczym do ci\u0105gnik\u00f3w z czujnikiem po\u0142o\u017cenia czujnik zapewnia dok\u0142adn\u0105 nawigacj\u0119 na nier\u00f3wnym terenie.<\/li>\n<li><strong>Zgodno\u015b\u0107 z ADAS<\/strong>:Cylinder uk\u0142adu kierowniczego samochodu z czujnikiem po\u0142o\u017cenia integruje si\u0119 z nowoczesnymi systemami pojazdu, zapewniaj\u0105c lepsz\u0105 reakcj\u0119.<\/li>\n<li><strong>Trwa\u0142o\u015b\u0107 i precyzja<\/strong>:Trwa\u0142y czujnik po\u0142o\u017cenia si\u0142ownika kierowniczego dla ci\u0119\u017car\u00f3wek utrzymuje dok\u0142adno\u015b\u0107 w warunkach wysokiego ci\u015bnienia.<\/li>\n<\/ul>\n<p dir=\"auto\">Dzi\u0119ki wbudowanemu czujnikowi po\u0142o\u017cenia, si\u0142ownik uk\u0142adu kierowniczego z czujnikiem po\u0142o\u017cenia optymalizuje kontrol\u0119 nad pojazdem, co czyni go niezb\u0119dnym elementem dla bran\u017c wymagaj\u0105cych si\u0142ownika uk\u0142adu kierowniczego ze zintegrowanym czujnikiem. Aby uzyska\u0107 wi\u0119cej informacji na temat wymiany si\u0142ownika uk\u0142adu kierowniczego OEM z czujnikiem, skontaktuj si\u0119 z nami ju\u017c dzi\u015b!<\/p>\n<h2><strong>Obszar produkcji cylindr\u00f3w hydraulicznych:<\/strong><\/h2>\n<h2><img loading=\"lazy\" decoding=\"async\" class=\"alignnone size-full wp-image-16972\" src=\"https:\/\/www.hydraulic-cylinders.net\/wp-content\/uploads\/2025\/01\/hydraulic-cylinder-factory-1-scaled.webp\" sizes=\"(min-width: 0px) and (max-width: 480px) 480px, (min-width: 481px) and (max-width: 980px) 980px, (min-width: 981px) and (max-width: 1280px) 1280px, (min-width: 1281px) 2016px, 100vw\" srcset=\"https:\/\/www.hydraulic-cylinders.net\/wp-content\/uploads\/2025\/01\/hydraulic-cylinder-factory-1-scaled.webp 2016w, https:\/\/www.hydraulic-cylinders.net\/wp-content\/uploads\/2025\/01\/hydraulic-cylinder-factory-1-1280x1625.webp 1280w, https:\/\/www.hydraulic-cylinders.net\/wp-content\/uploads\/2025\/01\/hydraulic-cylinder-factory-1-980x1244.webp 980w, https:\/\/www.hydraulic-cylinders.net\/wp-content\/uploads\/2025\/01\/hydraulic-cylinder-factory-1-480x610.webp 480w\" alt=\"\" width=\"2016\" height=\"2560\" \/><\/h2>\n<p>Jako wiod\u0105cy dostawca hydraulicznych si\u0142ownik\u00f3w uk\u0142adu kierowniczego, dysponujemy najwy\u017cszej klasy, niezale\u017cn\u0105 platform\u0105 badawczo-rozwojow\u0105, dedykowan\u0105 innowacjom i jako\u015bci. Nasz zak\u0142ad produkcyjny si\u0142ownik\u00f3w do w\u00f3zk\u00f3w wid\u0142owych dysponuje czterema p\u00f3\u0142automatycznymi liniami monta\u017cowymi si\u0142ownik\u00f3w podnosz\u0105cych oraz w pe\u0142ni zautomatyzowan\u0105 lini\u0105 monta\u017cow\u0105 si\u0142ownik\u00f3w przechylnych, o planowanej rocznej zdolno\u015bci produkcyjnej wynosz\u0105cej <strong>milion sztuk<\/strong>.<\/p>\n<h3><strong>Specjalistyczny warsztat cylindr\u00f3w<\/strong><\/h3>\n<p>Nasz specjalistyczny warsztat cylindr\u00f3w wyposa\u017cony jest w p\u00f3\u0142automatyczne systemy czyszczenia i monta\u017cu dostosowane do r\u00f3\u017cnych specyfikacji, osi\u0105gaj\u0105c roczn\u0105 zdolno\u015b\u0107 produkcyjn\u0105 <strong>200 000 sztuk<\/strong>Wykorzystujemy najwy\u017cszej klasy sprz\u0119t do obr\u00f3bki CNC, zaawansowane centra obr\u00f3bcze i specjalistyczne, precyzyjne narz\u0119dzia. Nasz zak\u0142ad obejmuje r\u00f3wnie\u017c zrobotyzowane spawarki, automatyczne systemy czyszcz\u0105ce, maszyny monta\u017cowe oraz linie produkcyjne do lakierowania. Z ponad <strong>300 zestaw\u00f3w wyposa\u017cenia kluczowego<\/strong> W trakcie eksploatacji dbamy o optymaln\u0105 alokacj\u0119 zasob\u00f3w i ich efektywne wykorzystanie.<\/p>\n<h3><strong>Mo\u017cliwo\u015bci obr\u00f3bki precyzyjnej<\/strong><\/h3>\n<p>Nasz zak\u0142ad obr\u00f3bki skrawaniem jest wyposa\u017cony w niestandardowe centra tokarskie z prowadnicami uchylnymi, centra obr\u00f3bcze, szybkoobrotowe honownice i roboty spawalnicze. Taka konfiguracja pozwala nam na obr\u00f3bk\u0119 rur cylindrycznych o maksymalnej \u015brednicy wewn\u0119trznej <strong>400 mm<\/strong> i d\u0142ugo\u015bci do <strong>6 metr\u00f3w<\/strong>Nasze zaanga\u017cowanie w precyzj\u0119 gwarantuje, \u017ce wszystkie produkty spe\u0142niaj\u0105 najwy\u017csze standardy jako\u015bci.<\/p>\n<h2><img loading=\"lazy\" decoding=\"async\" class=\"alignnone size-full wp-image-16973\" src=\"https:\/\/www.hydraulic-cylinders.net\/wp-content\/uploads\/2025\/01\/hydraulic-cylinder-factory-2-scaled.webp\" sizes=\"(min-width: 0px) and (max-width: 480px) 480px, (min-width: 481px) and (max-width: 980px) 980px, (min-width: 981px) and (max-width: 1280px) 1280px, (min-width: 1281px) 2011px, 100vw\" srcset=\"https:\/\/www.hydraulic-cylinders.net\/wp-content\/uploads\/2025\/01\/hydraulic-cylinder-factory-2-scaled.webp 2011w, https:\/\/www.hydraulic-cylinders.net\/wp-content\/uploads\/2025\/01\/hydraulic-cylinder-factory-2-1280x1629.webp 1280w, https:\/\/www.hydraulic-cylinders.net\/wp-content\/uploads\/2025\/01\/hydraulic-cylinder-factory-2-980x1248.webp 980w, https:\/\/www.hydraulic-cylinders.net\/wp-content\/uploads\/2025\/01\/hydraulic-cylinder-factory-2-480x611.webp 480w\" alt=\"\" width=\"2011\" height=\"2560\" \/><\/h2>\n<p>&nbsp;<\/p>","protected":false},"excerpt":{"rendered":"<p>Steering Cylinder With Position Sensor Our\u00a0steering cylinder with position sensor\u00a0is engineered for precision and durability, offering advanced control for high-performance vehicles. Equipped with an integrated position sensor, this\u00a0hydraulic steering cylinder\u00a0provides real-time steering angle data, enhancing safety and performance in demanding applications. Whether you\u2019re upgrading agricultural equipment or repairing heavy machinery, our\u00a0position sensor steering cylinder\u00a0meets the [&hellip;]<\/p>","protected":false},"featured_media":20641,"comment_status":"open","ping_status":"closed","template":"","meta":{"_et_pb_use_builder":"","_et_pb_old_content":"","_et_gb_content_width":""},"product_brand":[],"product_cat":[1561],"product_tag":[],"class_list":{"0":"post-20782","1":"product","2":"type-product","3":"status-publish","4":"has-post-thumbnail","6":"product_cat-steering-hydraulic-cylinders","8":"first","9":"instock","10":"shipping-taxable","11":"product-type-simple"},"amp_enabled":true,"_links":{"self":[{"href":"https:\/\/www.hydraulic-cylinders.net\/pl\/wp-json\/wp\/v2\/product\/20782","targetHints":{"allow":["GET"]}}],"collection":[{"href":"https:\/\/www.hydraulic-cylinders.net\/pl\/wp-json\/wp\/v2\/product"}],"about":[{"href":"https:\/\/www.hydraulic-cylinders.net\/pl\/wp-json\/wp\/v2\/types\/product"}],"replies":[{"embeddable":true,"href":"https:\/\/www.hydraulic-cylinders.net\/pl\/wp-json\/wp\/v2\/comments?post=20782"}],"wp:featuredmedia":[{"embeddable":true,"href":"https:\/\/www.hydraulic-cylinders.net\/pl\/wp-json\/wp\/v2\/media\/20641"}],"wp:attachment":[{"href":"https:\/\/www.hydraulic-cylinders.net\/pl\/wp-json\/wp\/v2\/media?parent=20782"}],"wp:term":[{"taxonomy":"product_brand","embeddable":true,"href":"https:\/\/www.hydraulic-cylinders.net\/pl\/wp-json\/wp\/v2\/product_brand?post=20782"},{"taxonomy":"product_cat","embeddable":true,"href":"https:\/\/www.hydraulic-cylinders.net\/pl\/wp-json\/wp\/v2\/product_cat?post=20782"},{"taxonomy":"product_tag","embeddable":true,"href":"https:\/\/www.hydraulic-cylinders.net\/pl\/wp-json\/wp\/v2\/product_tag?post=20782"}],"curies":[{"name":"wp","href":"https:\/\/api.w.org\/{rel}","templated":true}]}}